{"id":73732,"date":"2026-05-14T12:27:41","date_gmt":"2026-05-14T16:27:41","guid":{"rendered":"https:\/\/xactskateshop.com\/?post_type=product&#038;p=73732"},"modified":"2026-05-14T13:37:52","modified_gmt":"2026-05-14T17:37:52","slug":"potences-de-remplacement-kromkamp","status":"publish","type":"product","link":"https:\/\/xactskateshop.com\/fr\/produit\/potences-de-remplacement-kromkamp\/","title":{"rendered":"Potences de remplacement Kromkamp"},"content":{"rendered":"<h6>Potences de remplacement Kromkamp<\/h6>\n<p>Con\u00e7ues pour les mod\u00e8les de lames Kromkamp, les &#8220;potences Kromkamp&#8221; sont un \u00e9quipement sp\u00e9cialis\u00e9&#8230; Voici un aper\u00e7u des caract\u00e9ristiques et des sp\u00e9cifications :<\/p>\n<h6>Sp\u00e9cifications :<\/h6>\n<p><strong>Mat\u00e9riau:<\/strong> Ces potences sont fabriqu\u00e9es \u00e0 partir d&#8217;aluminium de haute qualit\u00e9. Cela signifie qu&#8217;ils sont probablement durables et r\u00e9sistants \u00e0 l&#8217;usure.<br \/>\n<strong>Mat\u00e9riel de montage:<\/strong> Les potences sont livr\u00e9es avec du mat\u00e9riel de montage. Ce mat\u00e9riel est indispensable pour les fixer solidement \u00e0 l&#8217;\u00e9quipement.<br \/>\n<strong>L\u00e9ger:<\/strong> Vous pouvez qualifier les potences de l\u00e9g\u00e8res. Il s&#8217;agit souvent d&#8217;une caract\u00e9ristique importante dans diverses applications, car elle permet de r\u00e9duire le poids total et de rendre l&#8217;\u00e9quipement plus maniable.<br \/>\n<strong>Anodisation:<\/strong> potences anodis\u00e9es. L&#8217;anodisation est un proc\u00e9d\u00e9 \u00e9lectrochimique qui ajoute une couche protectrice et d\u00e9corative \u00e0 l&#8217;aluminium. La couleur peut \u00eatre esth\u00e9tique ou avoir une fonction, comme la r\u00e9sistance \u00e0 la corrosion.<br \/>\nPilier de potences filet\u00e9 avec un seul boulon\/rondelle: Ceci indique comment fixer les coupes \u00e0 l&#8217;\u00e9quipement. Ils sont dot\u00e9s d&#8217;un pilier de potences filet\u00e9 et vous pouvez donc les fixer \u00e0 l&#8217;aide d&#8217;un seul boulon et d&#8217;une seule rondelle. Il s&#8217;agit d&#8217;une m\u00e9thode courante pour fixer les composants en toute s\u00e9curit\u00e9.<br \/>\n<strong>Compatibilit\u00e9:<\/strong> Les potences sont compatibles avec tous les mod\u00e8les de lames Kromkamp. Il s&#8217;agit d&#8217;une caract\u00e9ristique importante pour que les patineurs puissent les utiliser avec toute une gamme de lames.<br \/>\n<strong>Jeu de 4 potences:<\/strong> Les potences se pr\u00e9sentent sous la forme d&#8217;un jeu de quatre.<br \/>\n<strong>Dimensions (mm) :<\/strong> -1, 0 (standard), +1, +2, +3, +4, +5, +6, +7, +8, +9, +10<\/p>\n<p>Pour en savoir plus sur Kromkamp <a href=\"https:\/\/www.facebook.com\/jacco.kromkamp.7\">, cliquez ici<\/a><\/p>\n","protected":false},"excerpt":{"rendered":"<p>&nbsp;<\/p>\n<hr \/>\n<p style=\"text-align: center;\">Con\u00e7ues pour les mod\u00e8les de lames Kromkamp, les &#8220;potences Kromkamp&#8221; sont un \u00e9quipement sp\u00e9cialis\u00e9<\/p>\n<hr \/>\n<p>&nbsp;<\/p>\n","protected":false},"featured_media":73746,"comment_status":"open","ping_status":"closed","template":"","meta":{"site-sidebar-layout":"default","site-content-layout":"default","ast-site-content-layout":"default","site-content-style":"default","site-sidebar-style":"default","ast-global-header-display":"","ast-banner-title-visibility":"","ast-main-header-display":"","ast-hfb-above-header-display":"","ast-hfb-below-header-display":"","ast-hfb-mobile-header-display":"","site-post-title":"","ast-breadcrumbs-content":"","ast-featured-img":"","footer-sml-layout":"","ast-disable-related-posts":"","theme-transparent-header-meta":"default","adv-header-id-meta":"","stick-header-meta":"","header-above-stick-meta":"","header-main-stick-meta":"","header-below-stick-meta":"","astra-migrate-meta-layouts":"set","ast-page-background-enabled":"default","ast-page-background-meta":{"desktop":{"background-color":"","background-image":"","background-repeat":"repeat","background-position":"center center","background-size":"auto","background-attachment":"scroll","background-type":"","background-media":"","overlay-type":"","overlay-color":"","overlay-opacity":"","overlay-gradient":""},"tablet":{"background-color":"","background-image":"","background-repeat":"repeat","background-position":"center center","background-size":"auto","background-attachment":"scroll","background-type":"","background-media":"","overlay-type":"","overlay-color":"","overlay-opacity":"","overlay-gradient":""},"mobile":{"background-color":"","background-image":"","background-repeat":"repeat","background-position":"center center","background-size":"auto","background-attachment":"scroll","background-type":"","background-media":"","overlay-type":"","overlay-color":"","overlay-opacity":"","overlay-gradient":""}},"ast-content-background-meta":{"desktop":{"background-color":"var(--ast-global-color-5)","background-image":"","background-repeat":"repeat","background-position":"center center","background-size":"auto","background-attachment":"scroll","background-type":"","background-media":"","overlay-type":"","overlay-color":"","overlay-opacity":"","overlay-gradient":""},"tablet":{"background-color":"var(--ast-global-color-5)","background-image":"","background-repeat":"repeat","background-position":"center center","background-size":"auto","background-attachment":"scroll","background-type":"","background-media":"","overlay-type":"","overlay-color":"","overlay-opacity":"","overlay-gradient":""},"mobile":{"background-color":"var(--ast-global-color-5)","background-image":"","background-repeat":"repeat","background-position":"center center","background-size":"auto","background-attachment":"scroll","background-type":"","background-media":"","overlay-type":"","overlay-color":"","overlay-opacity":"","overlay-gradient":""}}},"product_brand":[],"product_cat":[1354,1457,1353],"product_tag":[1356,2418,2702],"class_list":{"0":"post-73732","1":"product","2":"type-product","3":"status-publish","4":"has-post-thumbnail","6":"product_cat-courte-piste","7":"product_cat-lames-et-pieces-patinage-de-vitesse-courte-piste","8":"product_cat-patinage-de-vitesse","9":"product_tag-courte-piste-fr","10":"product_tag-gobelets-de-remplacement","11":"product_tag-kromkamp-fr","12":"desktop-align-center","13":"tablet-align-center","14":"mobile-align-center","15":"ast-product-gallery-layout-horizontal","16":"ast-product-gallery-with-no-image","17":"ast-product-single-variable","18":"ast-product-tabs-layout-horizontal","19":"ast-qv-on-image","21":"first","22":"instock","23":"taxable","24":"shipping-taxable","25":"purchasable","26":"product-type-variable"},"bundled_by":[],"bundle_stock_status":"instock","bundle_stock_quantity":null,"bundle_virtual":false,"bundle_layout":"","bundle_add_to_cart_form_location":"","bundle_editable_in_cart":false,"bundle_sold_individually_context":"","bundle_item_grouping":"","bundle_min_size":"","bundle_max_size":"","bundle_price":[],"bundled_items":[],"bundle_sell_ids":[],"yoast_head":"<!-- This site is optimized with the Yoast SEO plugin v27.6 - https:\/\/yoast.com\/product\/yoast-seo-wordpress\/ -->\n<title>Potences de remplacement Kromkamp- Xact Skate Shop.<\/title>\n<meta name=\"description\" content=\"Potences de remplacement Kromkamp. Con\u00e7ues pour les mod\u00e8les de lames Kromkamp, les &quot;potences Kromkamp&quot; sont un \u00e9quipement sp\u00e9cialis\u00e9.\" \/>\n<meta name=\"robots\" content=\"index, follow, max-snippet:-1, max-image-preview:large, max-video-preview:-1\" \/>\n<link rel=\"canonical\" href=\"https:\/\/xactskateshop.com\/fr\/produit\/potences-de-remplacement-kromkamp\/\" \/>\n<meta property=\"og:locale\" content=\"fr_FR\" \/>\n<meta property=\"og:type\" content=\"article\" \/>\n<meta property=\"og:title\" content=\"Potences de remplacement Kromkamp- Xact Skate Shop.\" \/>\n<meta property=\"og:description\" content=\"Potences de remplacement Kromkamp. Con\u00e7ues pour les mod\u00e8les de lames Kromkamp, les &quot;potences Kromkamp&quot; sont un \u00e9quipement sp\u00e9cialis\u00e9.\" \/>\n<meta property=\"og:url\" content=\"https:\/\/xactskateshop.com\/fr\/produit\/potences-de-remplacement-kromkamp\/\" \/>\n<meta property=\"og:site_name\" content=\"Xact Skate Shop\" \/>\n<meta property=\"article:publisher\" content=\"https:\/\/www.facebook.com\/JeanLouiskateshop\" \/>\n<meta property=\"article:modified_time\" content=\"2026-05-14T17:37:52+00:00\" \/>\n<meta property=\"og:image\" content=\"https:\/\/xactskateshop.com\/wp-content\/uploads\/2026\/05\/cups.jpg\" \/>\n\t<meta property=\"og:image:width\" content=\"1000\" \/>\n\t<meta property=\"og:image:height\" content=\"1000\" \/>\n\t<meta property=\"og:image:type\" content=\"image\/jpeg\" \/>\n<meta name=\"twitter:card\" content=\"summary_large_image\" \/>\n<meta name=\"twitter:label1\" content=\"Dur\u00e9e de lecture estim\u00e9e\" \/>\n\t<meta name=\"twitter:data1\" content=\"2 minutes\" \/>\n<script type=\"application\/ld+json\" class=\"yoast-schema-graph\">{\"@context\":\"https:\\\/\\\/schema.org\",\"@graph\":[{\"@type\":\"WebPage\",\"@id\":\"https:\\\/\\\/xactskateshop.com\\\/fr\\\/produit\\\/potences-de-remplacement-kromkamp\\\/\",\"url\":\"https:\\\/\\\/xactskateshop.com\\\/fr\\\/produit\\\/potences-de-remplacement-kromkamp\\\/\",\"name\":\"Potences de remplacement Kromkamp- Xact Skate Shop.\",\"isPartOf\":{\"@id\":\"http:\\\/\\\/xactskateshop.com\\\/fr\\\/#website\"},\"primaryImageOfPage\":{\"@id\":\"https:\\\/\\\/xactskateshop.com\\\/fr\\\/produit\\\/potences-de-remplacement-kromkamp\\\/#primaryimage\"},\"image\":{\"@id\":\"https:\\\/\\\/xactskateshop.com\\\/fr\\\/produit\\\/potences-de-remplacement-kromkamp\\\/#primaryimage\"},\"thumbnailUrl\":\"https:\\\/\\\/xactskateshop.com\\\/wp-content\\\/uploads\\\/2026\\\/05\\\/cups.jpg\",\"datePublished\":\"2026-05-14T16:27:41+00:00\",\"dateModified\":\"2026-05-14T17:37:52+00:00\",\"description\":\"Potences de remplacement Kromkamp. Con\u00e7ues pour les mod\u00e8les de lames Kromkamp, les \\\"potences Kromkamp\\\" sont un \u00e9quipement sp\u00e9cialis\u00e9.\",\"breadcrumb\":{\"@id\":\"https:\\\/\\\/xactskateshop.com\\\/fr\\\/produit\\\/potences-de-remplacement-kromkamp\\\/#breadcrumb\"},\"inLanguage\":\"fr-FR\",\"potentialAction\":[{\"@type\":\"ReadAction\",\"target\":[\"https:\\\/\\\/xactskateshop.com\\\/fr\\\/produit\\\/potences-de-remplacement-kromkamp\\\/\"]}]},{\"@type\":\"ImageObject\",\"inLanguage\":\"fr-FR\",\"@id\":\"https:\\\/\\\/xactskateshop.com\\\/fr\\\/produit\\\/potences-de-remplacement-kromkamp\\\/#primaryimage\",\"url\":\"https:\\\/\\\/xactskateshop.com\\\/wp-content\\\/uploads\\\/2026\\\/05\\\/cups.jpg\",\"contentUrl\":\"https:\\\/\\\/xactskateshop.com\\\/wp-content\\\/uploads\\\/2026\\\/05\\\/cups.jpg\",\"width\":1000,\"height\":1000,\"caption\":\"Potences de remplacement Kromkamp\"},{\"@type\":\"BreadcrumbList\",\"@id\":\"https:\\\/\\\/xactskateshop.com\\\/fr\\\/produit\\\/potences-de-remplacement-kromkamp\\\/#breadcrumb\",\"itemListElement\":[{\"@type\":\"ListItem\",\"position\":1,\"name\":\"Home\",\"item\":\"https:\\\/\\\/xactskateshop.com\\\/fr\\\/accueil\\\/\"},{\"@type\":\"ListItem\",\"position\":2,\"name\":\"Boutique\",\"item\":\"https:\\\/\\\/xactskateshop.com\\\/shop\\\/\"},{\"@type\":\"ListItem\",\"position\":3,\"name\":\"Potences de remplacement Kromkamp\"}]},{\"@type\":\"WebSite\",\"@id\":\"http:\\\/\\\/xactskateshop.com\\\/fr\\\/#website\",\"url\":\"http:\\\/\\\/xactskateshop.com\\\/fr\\\/\",\"name\":\"Xact Skate Shop\",\"description\":\"Un site utilisant WordPress\",\"publisher\":{\"@id\":\"http:\\\/\\\/xactskateshop.com\\\/fr\\\/#organization\"},\"potentialAction\":[{\"@type\":\"SearchAction\",\"target\":{\"@type\":\"EntryPoint\",\"urlTemplate\":\"http:\\\/\\\/xactskateshop.com\\\/fr\\\/?s={search_term_string}\"},\"query-input\":{\"@type\":\"PropertyValueSpecification\",\"valueRequired\":true,\"valueName\":\"search_term_string\"}}],\"inLanguage\":\"fr-FR\"},{\"@type\":\"Organization\",\"@id\":\"http:\\\/\\\/xactskateshop.com\\\/fr\\\/#organization\",\"name\":\"XACT Skate Shop\",\"url\":\"http:\\\/\\\/xactskateshop.com\\\/fr\\\/\",\"logo\":{\"@type\":\"ImageObject\",\"inLanguage\":\"fr-FR\",\"@id\":\"http:\\\/\\\/xactskateshop.com\\\/fr\\\/#\\\/schema\\\/logo\\\/image\\\/\",\"url\":\"http:\\\/\\\/xactskateshop.com\\\/wp-content\\\/uploads\\\/2024\\\/04\\\/xactskateshop-dot-com-avec-contour-noir-sans-fond-675x.jpg\",\"contentUrl\":\"http:\\\/\\\/xactskateshop.com\\\/wp-content\\\/uploads\\\/2024\\\/04\\\/xactskateshop-dot-com-avec-contour-noir-sans-fond-675x.jpg\",\"width\":675,\"height\":247,\"caption\":\"XACT Skate Shop\"},\"image\":{\"@id\":\"http:\\\/\\\/xactskateshop.com\\\/fr\\\/#\\\/schema\\\/logo\\\/image\\\/\"},\"sameAs\":[\"https:\\\/\\\/www.facebook.com\\\/JeanLouiskateshop\"]}]}<\/script>\n<!-- \/ Yoast SEO plugin. -->","yoast_head_json":{"title":"Potences de remplacement Kromkamp- Xact Skate Shop.","description":"Potences de remplacement Kromkamp. Con\u00e7ues pour les mod\u00e8les de lames Kromkamp, les \"potences Kromkamp\" sont un \u00e9quipement sp\u00e9cialis\u00e9.","robots":{"index":"index","follow":"follow","max-snippet":"max-snippet:-1","max-image-preview":"max-image-preview:large","max-video-preview":"max-video-preview:-1"},"canonical":"https:\/\/xactskateshop.com\/fr\/produit\/potences-de-remplacement-kromkamp\/","og_locale":"fr_FR","og_type":"article","og_title":"Potences de remplacement Kromkamp- Xact Skate Shop.","og_description":"Potences de remplacement Kromkamp. Con\u00e7ues pour les mod\u00e8les de lames Kromkamp, les \"potences Kromkamp\" sont un \u00e9quipement sp\u00e9cialis\u00e9.","og_url":"https:\/\/xactskateshop.com\/fr\/produit\/potences-de-remplacement-kromkamp\/","og_site_name":"Xact Skate Shop","article_publisher":"https:\/\/www.facebook.com\/JeanLouiskateshop","article_modified_time":"2026-05-14T17:37:52+00:00","og_image":[{"width":1000,"height":1000,"url":"https:\/\/xactskateshop.com\/wp-content\/uploads\/2026\/05\/cups.jpg","type":"image\/jpeg"}],"twitter_card":"summary_large_image","twitter_misc":{"Dur\u00e9e de lecture estim\u00e9e":"2 minutes"},"schema":{"@context":"https:\/\/schema.org","@graph":[{"@type":"WebPage","@id":"https:\/\/xactskateshop.com\/fr\/produit\/potences-de-remplacement-kromkamp\/","url":"https:\/\/xactskateshop.com\/fr\/produit\/potences-de-remplacement-kromkamp\/","name":"Potences de remplacement Kromkamp- Xact Skate Shop.","isPartOf":{"@id":"http:\/\/xactskateshop.com\/fr\/#website"},"primaryImageOfPage":{"@id":"https:\/\/xactskateshop.com\/fr\/produit\/potences-de-remplacement-kromkamp\/#primaryimage"},"image":{"@id":"https:\/\/xactskateshop.com\/fr\/produit\/potences-de-remplacement-kromkamp\/#primaryimage"},"thumbnailUrl":"https:\/\/xactskateshop.com\/wp-content\/uploads\/2026\/05\/cups.jpg","datePublished":"2026-05-14T16:27:41+00:00","dateModified":"2026-05-14T17:37:52+00:00","description":"Potences de remplacement Kromkamp. Con\u00e7ues pour les mod\u00e8les de lames Kromkamp, les \"potences Kromkamp\" sont un \u00e9quipement sp\u00e9cialis\u00e9.","breadcrumb":{"@id":"https:\/\/xactskateshop.com\/fr\/produit\/potences-de-remplacement-kromkamp\/#breadcrumb"},"inLanguage":"fr-FR","potentialAction":[{"@type":"ReadAction","target":["https:\/\/xactskateshop.com\/fr\/produit\/potences-de-remplacement-kromkamp\/"]}]},{"@type":"ImageObject","inLanguage":"fr-FR","@id":"https:\/\/xactskateshop.com\/fr\/produit\/potences-de-remplacement-kromkamp\/#primaryimage","url":"https:\/\/xactskateshop.com\/wp-content\/uploads\/2026\/05\/cups.jpg","contentUrl":"https:\/\/xactskateshop.com\/wp-content\/uploads\/2026\/05\/cups.jpg","width":1000,"height":1000,"caption":"Potences de remplacement Kromkamp"},{"@type":"BreadcrumbList","@id":"https:\/\/xactskateshop.com\/fr\/produit\/potences-de-remplacement-kromkamp\/#breadcrumb","itemListElement":[{"@type":"ListItem","position":1,"name":"Home","item":"https:\/\/xactskateshop.com\/fr\/accueil\/"},{"@type":"ListItem","position":2,"name":"Boutique","item":"https:\/\/xactskateshop.com\/shop\/"},{"@type":"ListItem","position":3,"name":"Potences de remplacement Kromkamp"}]},{"@type":"WebSite","@id":"http:\/\/xactskateshop.com\/fr\/#website","url":"http:\/\/xactskateshop.com\/fr\/","name":"Xact Skate Shop","description":"Un site utilisant WordPress","publisher":{"@id":"http:\/\/xactskateshop.com\/fr\/#organization"},"potentialAction":[{"@type":"SearchAction","target":{"@type":"EntryPoint","urlTemplate":"http:\/\/xactskateshop.com\/fr\/?s={search_term_string}"},"query-input":{"@type":"PropertyValueSpecification","valueRequired":true,"valueName":"search_term_string"}}],"inLanguage":"fr-FR"},{"@type":"Organization","@id":"http:\/\/xactskateshop.com\/fr\/#organization","name":"XACT Skate Shop","url":"http:\/\/xactskateshop.com\/fr\/","logo":{"@type":"ImageObject","inLanguage":"fr-FR","@id":"http:\/\/xactskateshop.com\/fr\/#\/schema\/logo\/image\/","url":"http:\/\/xactskateshop.com\/wp-content\/uploads\/2024\/04\/xactskateshop-dot-com-avec-contour-noir-sans-fond-675x.jpg","contentUrl":"http:\/\/xactskateshop.com\/wp-content\/uploads\/2024\/04\/xactskateshop-dot-com-avec-contour-noir-sans-fond-675x.jpg","width":675,"height":247,"caption":"XACT Skate Shop"},"image":{"@id":"http:\/\/xactskateshop.com\/fr\/#\/schema\/logo\/image\/"},"sameAs":["https:\/\/www.facebook.com\/JeanLouiskateshop"]}]}},"_links":{"self":[{"href":"https:\/\/xactskateshop.com\/fr\/wp-json\/wp\/v2\/product\/73732","targetHints":{"allow":["GET"]}}],"collection":[{"href":"https:\/\/xactskateshop.com\/fr\/wp-json\/wp\/v2\/product"}],"about":[{"href":"https:\/\/xactskateshop.com\/fr\/wp-json\/wp\/v2\/types\/product"}],"replies":[{"embeddable":true,"href":"https:\/\/xactskateshop.com\/fr\/wp-json\/wp\/v2\/comments?post=73732"}],"wp:featuredmedia":[{"embeddable":true,"href":"https:\/\/xactskateshop.com\/fr\/wp-json\/wp\/v2\/media\/73746"}],"wp:attachment":[{"href":"https:\/\/xactskateshop.com\/fr\/wp-json\/wp\/v2\/media?parent=73732"}],"wp:term":[{"taxonomy":"product_brand","embeddable":true,"href":"https:\/\/xactskateshop.com\/fr\/wp-json\/wp\/v2\/product_brand?post=73732"},{"taxonomy":"product_cat","embeddable":true,"href":"https:\/\/xactskateshop.com\/fr\/wp-json\/wp\/v2\/product_cat?post=73732"},{"taxonomy":"product_tag","embeddable":true,"href":"https:\/\/xactskateshop.com\/fr\/wp-json\/wp\/v2\/product_tag?post=73732"}],"curies":[{"name":"wp","href":"https:\/\/api.w.org\/{rel}","templated":true}]}}