{"id":73300,"date":"2026-05-08T11:37:23","date_gmt":"2026-05-08T15:37:23","guid":{"rendered":"https:\/\/xactskateshop.com\/?post_type=product&#038;p=73300"},"modified":"2026-05-08T16:19:55","modified_gmt":"2026-05-08T20:19:55","slug":"ensemble-pennington-level-1-bont-ultrasprint","status":"publish","type":"product","link":"https:\/\/xactskateshop.com\/fr\/produit\/ensemble-pennington-level-1-bont-ultrasprint\/","title":{"rendered":"Ensemble Pennington Level-1\/BONT Ultrasprint"},"content":{"rendered":"<p>Con\u00e7ue pour la performance et la durabilit\u00e9, cette botte est dot\u00e9e d&#8217;une semelle moul\u00e9e en fibre de verre haute r\u00e9sistance qui offre une excellente rigidit\u00e9 en torsion tout en restant l\u00e9g\u00e8re. La tige est fabriqu\u00e9e en cuir synth\u00e9tique de 1,2 mm d&#8217;\u00e9paisseur, offrant une r\u00e9sistance sup\u00e9rieure aux basses temp\u00e9ratures, \u00e0 l&#8217;eau et \u00e0 la d\u00e9formation, garantissant ainsi une forme durable et une protection optimale m\u00eame dans des conditions exigeantes.<\/p>\n<p>\u00c0 l&#8217;int\u00e9rieur, une doublure sans coutures en fibre synth\u00e9tique \u00e9limine les coutures internes pour un confort accru et une friction r\u00e9duite. Des \u0153illets souples et renforc\u00e9s assurent un maintien s\u00fbr et confortable de la cheville, am\u00e9liorant ainsi l&#8217;ajustement et la stabilit\u00e9.<\/p>\n<p>Con\u00e7ue pour la polyvalence, cette botte est compatible avec tous les syst\u00e8mes de montage de patins standard internationaux. Elle dispose d&#8217;un espacement pr\u00e9cis des trous (16,5 cm pour les pointures 35 \u00e0 45 et 14 cm pour les pointures 30 \u00e0 34), permettant une installation facile et fiable des lames de patins \u00e0 glace.<\/p>\n<p>Disponible des pointures 30 \u00e0 45, cette botte est id\u00e9ale pour les athl\u00e8tes recherchant un \u00e9quilibre entre r\u00e9sistance, confort et adaptabilit\u00e9 pour une grande vari\u00e9t\u00e9 de pratiques de patinage.<\/p>\n<p>Semelle : Construction moul\u00e9e en fibre de verre pour une rigidit\u00e9 torsionnelle \u00e9lev\u00e9e, une durabilit\u00e9 accrue et un poids r\u00e9duit.<\/p>\n<p>Tige : Cuir synth\u00e9tique de 1,2 mm ; imperm\u00e9able, r\u00e9sistant au froid et ind\u00e9formable.<\/p>\n<p>Doublure : Int\u00e9rieur en fibre synth\u00e9tique sans coutures pour un confort optimal.<\/p>\n<p>\u0152illets : Renforc\u00e9s et souples pour un meilleur maintien et un ajustement parfait de la cheville.<\/p>\n<p>Compatibilit\u00e9 : Compatible avec tous les patins aux normes internationales.<\/p>\n<p>Entraxe des trous :<\/p>\n<p>6,5&#8243; (pointures 35 \u00e0 45)<\/p>\n<p>5.5&#8243; (pointures 30 \u00e0 34)<br \/>\nPointures : 30 \u00e0 45<\/p>\n<p><strong><em>LA LONGUEUR DE LA LAME PEUT \u00caTRE MODIFI\u00c9E, VEUILLEZ SP\u00c9CIFIER LA MODIFICATION DANS LA CASE COMMENTAIRE LORS DE VOTRE COMMANDE.<\/em><\/strong><\/p>\n<h2>Lames Bont Ultrasprint<\/h2>\n<p>La lame ULTRASPRINT a pour objectif de s\u2019attaquer \u00e0 la concurrence et de la surpasser \u00e0 tous points de vue. Cela comprend l\u2019utilisation d\u2019un acier de meilleure qualit\u00e9, un polissage brillant, une courbure parfaite, une meilleure r\u00e9tention de la courbure et des graphiques impressionnants pour compl\u00e9ter le look. Le tout \u00e0 un prix incroyable.<\/p>\n<h3>Sp\u00e9cifications des lames<\/h3>\n<ul>\n<li><strong>Monture :\u00a0<\/strong>165mm<\/li>\n<li><strong>Mat\u00e9riau du tube :<\/strong>\u00a0Aluminium 6061 T6<\/li>\n<li><strong>Mat\u00e9riau de la coupelle :<\/strong>\u00a0Aluminium 7075 T6<\/li>\n<li><strong>Rayon :<\/strong>\u00a08m<\/li>\n<li><strong>Longueur :<\/strong>\u00a012\u2033, 13\u2033, 14\u2033, 14.5\u2033, 15\u2033, 15.5\u2033, 16\u2033, 16.5\u2033, 17\u2033.<\/li>\n<li><strong>\u00c9paisseur de la lame :<\/strong>\u00a01,1 mm<\/li>\n<li><strong>Duret\u00e9 :<\/strong>\u00a058 Rockwell<\/li>\n<li><strong>Cintrage :<\/strong>\u00a0Cintrage \u00e0 la machine<\/li>\n<li><strong>Niveau du patineur :<\/strong>\u00a0D\u00e9butant<\/li>\n<\/ul>\n<p>La lame Ultrasprint a pour but d\u2019affronter la concurrence et de la surpasser dans tous les domaines. Cela inclut l\u2019utilisation d\u2019un meilleur acier, un polissage brillant, une courbure parfaite, une meilleure r\u00e9tention de la courbure et des graphismes impressionnants pour compl\u00e9ter le look. Le tout \u00e0 un prix incroyable.<\/p>\n<h3>Technologie \u2013 Souci du d\u00e9tail<\/h3>\n<p>En g\u00e9n\u00e9ral, pour r\u00e9duire les co\u00fbts, les fabricants de lames de glace pour pistes courtes aff\u00fbtent l\u2019acier par lots et rapidement. La chaleur d\u00e9gag\u00e9e par ce processus d\u00e9forme l\u2019acier et rend le pliage des lames difficile. L\u2019Ultrasprint est meul\u00e9 lentement \u00e0 l\u2019aide de meules hautement sp\u00e9cialis\u00e9es afin d\u2019\u00e9viter toute chaleur excessive. Ce lent processus permet d\u2019obtenir une pi\u00e8ce d\u2019acier parfaitement droite, sans d\u00e9formation.<\/p>\n<p>Apr\u00e8s l\u2019aff\u00fbtage, une lame normale \u00e0 voie courte est ins\u00e9r\u00e9e dans le tube pour le collage. Avant d\u2019\u00eatre coll\u00e9, l\u2019Ultrasprint est soumis \u00e0 un processus de polissage sp\u00e9cialis\u00e9 appel\u00e9 \u201cpolissage de brillance\u201d. Cela donne \u00e0 l\u2019acier une finition tr\u00e8s polie pour une meilleure glisse.<\/p>\n<p>Lorsque l\u2019acier est coll\u00e9 dans la fente du tube, il y a un espace entre l\u2019acier et le tube pour laisser de la place \u00e0 la colle. Cet \u00e9cart permet \u00e0 l\u2019acier de se d\u00e9former. Coll\u00e9 dans un gabarit qui maintient la lame dans le tube, l\u2019Ultrasprint s\u00e8che en place. Il faut 8 heures pour que la colle prenne sur chaque lame. C\u2019est donc un processus extr\u00eamement lent, mais le r\u00e9sultat final est une lame parfaite.<\/p>\n<p>Vous pouvez \u00e9galement les obtenir\u00a0<a href=\"https:\/\/canada.bont.com\/collections\/short-track-ice-skating-blades\/products\/short-track-ultrasprint-ice-blade\">ici !<\/a><\/p>\n<h6>Pr\u00e9paration des lames : Nous r\u00e9alisons un berceau progressif ST-3 sur ces lames.\u00a0<a href=\"https:\/\/xactskateshop.com\/fr\/produit\/berceau-sur-lame-de-courte-piste\/\">(voir les num\u00e9ros ici)<\/a>\u00a0ainsi que la courbure correspondante<\/h6>\n","protected":false},"excerpt":{"rendered":"<hr \/>\n<p style=\"text-align: center;\"><strong>****** veuillez nous contacter \u00e0 l\u2019adresse info@xactskateshop.com pour conna\u00eetre la disponibilit\u00e9 des tailles\/couleurs avant de passer commande******<\/strong><\/p>\n<hr \/>\n<p>&nbsp;<\/p>\n","protected":false},"featured_media":73364,"comment_status":"open","ping_status":"closed","template":"","meta":{"site-sidebar-layout":"default","site-content-layout":"default","ast-site-content-layout":"default","site-content-style":"default","site-sidebar-style":"default","ast-global-header-display":"","ast-banner-title-visibility":"","ast-main-header-display":"","ast-hfb-above-header-display":"","ast-hfb-below-header-display":"","ast-hfb-mobile-header-display":"","site-post-title":"","ast-breadcrumbs-content":"","ast-featured-img":"","footer-sml-layout":"","ast-disable-related-posts":"","theme-transparent-header-meta":"default","adv-header-id-meta":"","stick-header-meta":"","header-above-stick-meta":"","header-main-stick-meta":"","header-below-stick-meta":"","astra-migrate-meta-layouts":"set","ast-page-background-enabled":"default","ast-page-background-meta":{"desktop":{"background-color":"","background-image":"","background-repeat":"repeat","background-position":"center center","background-size":"auto","background-attachment":"scroll","background-type":"","background-media":"","overlay-type":"","overlay-color":"","overlay-opacity":"","overlay-gradient":""},"tablet":{"background-color":"","background-image":"","background-repeat":"repeat","background-position":"center center","background-size":"auto","background-attachment":"scroll","background-type":"","background-media":"","overlay-type":"","overlay-color":"","overlay-opacity":"","overlay-gradient":""},"mobile":{"background-color":"","background-image":"","background-repeat":"repeat","background-position":"center center","background-size":"auto","background-attachment":"scroll","background-type":"","background-media":"","overlay-type":"","overlay-color":"","overlay-opacity":"","overlay-gradient":""}},"ast-content-background-meta":{"desktop":{"background-color":"var(--ast-global-color-5)","background-image":"","background-repeat":"repeat","background-position":"center center","background-size":"auto","background-attachment":"scroll","background-type":"","background-media":"","overlay-type":"","overlay-color":"","overlay-opacity":"","overlay-gradient":""},"tablet":{"background-color":"var(--ast-global-color-5)","background-image":"","background-repeat":"repeat","background-position":"center center","background-size":"auto","background-attachment":"scroll","background-type":"","background-media":"","overlay-type":"","overlay-color":"","overlay-opacity":"","overlay-gradient":""},"mobile":{"background-color":"var(--ast-global-color-5)","background-image":"","background-repeat":"repeat","background-position":"center center","background-size":"auto","background-attachment":"scroll","background-type":"","background-media":"","overlay-type":"","overlay-color":"","overlay-opacity":"","overlay-gradient":""}}},"product_brand":[],"product_cat":[1354,1355,1353],"product_tag":[1356,1389,2009],"class_list":{"0":"post-73300","1":"product","2":"type-product","3":"status-publish","4":"has-post-thumbnail","6":"product_cat-courte-piste","7":"product_cat-ensembles-bottines-et-lames-courte-piste","8":"product_cat-patinage-de-vitesse","9":"product_tag-courte-piste-fr","10":"product_tag-lames-bont-fr","11":"product_tag-paquet-de-st","12":"desktop-align-center","13":"tablet-align-center","14":"mobile-align-center","15":"ast-product-gallery-layout-horizontal","16":"ast-product-single-variable","17":"ast-product-tabs-layout-horizontal","18":"ast-qv-on-image","20":"first","21":"instock","22":"sale","23":"taxable","24":"shipping-taxable","25":"purchasable","26":"product-type-variable"},"bundled_by":[],"bundle_stock_status":"instock","bundle_stock_quantity":null,"bundle_virtual":false,"bundle_layout":"","bundle_add_to_cart_form_location":"","bundle_editable_in_cart":false,"bundle_sold_individually_context":"","bundle_item_grouping":"","bundle_min_size":"","bundle_max_size":"","bundle_price":[],"bundled_items":[],"bundle_sell_ids":[],"yoast_head":"<!-- This site is optimized with the Yoast SEO plugin v27.5 - https:\/\/yoast.com\/product\/yoast-seo-wordpress\/ -->\n<title>Ensemble Pennington Level-1\/BONT Ultrasprint - Xact Skate Shop<\/title>\n<meta name=\"description\" content=\"Ensemble Pennington Level-1\/BONT Ultrasprint. Con\u00e7ue pour la performance et la durabilit\u00e9, cette botte est dot\u00e9e d&#039;une semelle moul\u00e9e en fibre de verre.\" \/>\n<meta name=\"robots\" content=\"index, follow, max-snippet:-1, max-image-preview:large, max-video-preview:-1\" \/>\n<link rel=\"canonical\" href=\"https:\/\/xactskateshop.com\/fr\/produit\/ensemble-pennington-level-1-bont-ultrasprint\/\" \/>\n<meta property=\"og:locale\" content=\"fr_FR\" \/>\n<meta property=\"og:type\" content=\"article\" \/>\n<meta property=\"og:title\" content=\"Ensemble Pennington Level-1\/BONT Ultrasprint - Xact Skate Shop\" \/>\n<meta property=\"og:description\" content=\"Ensemble Pennington Level-1\/BONT Ultrasprint. Con\u00e7ue pour la performance et la durabilit\u00e9, cette botte est dot\u00e9e d&#039;une semelle moul\u00e9e en fibre de verre.\" \/>\n<meta property=\"og:url\" content=\"https:\/\/xactskateshop.com\/fr\/produit\/ensemble-pennington-level-1-bont-ultrasprint\/\" \/>\n<meta property=\"og:site_name\" content=\"Xact Skate Shop\" \/>\n<meta property=\"article:publisher\" content=\"https:\/\/www.facebook.com\/JeanLouiskateshop\" \/>\n<meta property=\"article:modified_time\" content=\"2026-05-08T20:19:55+00:00\" \/>\n<meta property=\"og:image\" content=\"https:\/\/xactskateshop.com\/wp-content\/uploads\/2026\/05\/level-1-ultrasprint-package.jpg\" \/>\n\t<meta property=\"og:image:width\" content=\"1000\" \/>\n\t<meta property=\"og:image:height\" content=\"1000\" \/>\n\t<meta property=\"og:image:type\" content=\"image\/jpeg\" \/>\n<meta name=\"twitter:card\" content=\"summary_large_image\" \/>\n<meta name=\"twitter:label1\" content=\"Dur\u00e9e de lecture estim\u00e9e\" \/>\n\t<meta name=\"twitter:data1\" content=\"4 minutes\" \/>\n<script type=\"application\/ld+json\" class=\"yoast-schema-graph\">{\"@context\":\"https:\\\/\\\/schema.org\",\"@graph\":[{\"@type\":\"WebPage\",\"@id\":\"https:\\\/\\\/xactskateshop.com\\\/fr\\\/produit\\\/ensemble-pennington-level-1-bont-ultrasprint\\\/\",\"url\":\"https:\\\/\\\/xactskateshop.com\\\/fr\\\/produit\\\/ensemble-pennington-level-1-bont-ultrasprint\\\/\",\"name\":\"Ensemble Pennington Level-1\\\/BONT Ultrasprint - Xact Skate Shop\",\"isPartOf\":{\"@id\":\"http:\\\/\\\/xactskateshop.com\\\/fr\\\/#website\"},\"primaryImageOfPage\":{\"@id\":\"https:\\\/\\\/xactskateshop.com\\\/fr\\\/produit\\\/ensemble-pennington-level-1-bont-ultrasprint\\\/#primaryimage\"},\"image\":{\"@id\":\"https:\\\/\\\/xactskateshop.com\\\/fr\\\/produit\\\/ensemble-pennington-level-1-bont-ultrasprint\\\/#primaryimage\"},\"thumbnailUrl\":\"https:\\\/\\\/xactskateshop.com\\\/wp-content\\\/uploads\\\/2026\\\/05\\\/level-1-ultrasprint-package.jpg\",\"datePublished\":\"2026-05-08T15:37:23+00:00\",\"dateModified\":\"2026-05-08T20:19:55+00:00\",\"description\":\"Ensemble Pennington Level-1\\\/BONT Ultrasprint. Con\u00e7ue pour la performance et la durabilit\u00e9, cette botte est dot\u00e9e d'une semelle moul\u00e9e en fibre de verre.\",\"breadcrumb\":{\"@id\":\"https:\\\/\\\/xactskateshop.com\\\/fr\\\/produit\\\/ensemble-pennington-level-1-bont-ultrasprint\\\/#breadcrumb\"},\"inLanguage\":\"fr-FR\",\"potentialAction\":[{\"@type\":\"ReadAction\",\"target\":[\"https:\\\/\\\/xactskateshop.com\\\/fr\\\/produit\\\/ensemble-pennington-level-1-bont-ultrasprint\\\/\"]}]},{\"@type\":\"ImageObject\",\"inLanguage\":\"fr-FR\",\"@id\":\"https:\\\/\\\/xactskateshop.com\\\/fr\\\/produit\\\/ensemble-pennington-level-1-bont-ultrasprint\\\/#primaryimage\",\"url\":\"https:\\\/\\\/xactskateshop.com\\\/wp-content\\\/uploads\\\/2026\\\/05\\\/level-1-ultrasprint-package.jpg\",\"contentUrl\":\"https:\\\/\\\/xactskateshop.com\\\/wp-content\\\/uploads\\\/2026\\\/05\\\/level-1-ultrasprint-package.jpg\",\"width\":1000,\"height\":1000,\"caption\":\"Ensemble Pennington Level-1\\\/BONT Ultrasprint\"},{\"@type\":\"BreadcrumbList\",\"@id\":\"https:\\\/\\\/xactskateshop.com\\\/fr\\\/produit\\\/ensemble-pennington-level-1-bont-ultrasprint\\\/#breadcrumb\",\"itemListElement\":[{\"@type\":\"ListItem\",\"position\":1,\"name\":\"Home\",\"item\":\"https:\\\/\\\/xactskateshop.com\\\/fr\\\/accueil\\\/\"},{\"@type\":\"ListItem\",\"position\":2,\"name\":\"Boutique\",\"item\":\"https:\\\/\\\/xactskateshop.com\\\/shop\\\/\"},{\"@type\":\"ListItem\",\"position\":3,\"name\":\"Ensemble Pennington Level-1\\\/BONT Ultrasprint\"}]},{\"@type\":\"WebSite\",\"@id\":\"http:\\\/\\\/xactskateshop.com\\\/fr\\\/#website\",\"url\":\"http:\\\/\\\/xactskateshop.com\\\/fr\\\/\",\"name\":\"Xact Skate Shop\",\"description\":\"Un site utilisant WordPress\",\"publisher\":{\"@id\":\"http:\\\/\\\/xactskateshop.com\\\/fr\\\/#organization\"},\"potentialAction\":[{\"@type\":\"SearchAction\",\"target\":{\"@type\":\"EntryPoint\",\"urlTemplate\":\"http:\\\/\\\/xactskateshop.com\\\/fr\\\/?s={search_term_string}\"},\"query-input\":{\"@type\":\"PropertyValueSpecification\",\"valueRequired\":true,\"valueName\":\"search_term_string\"}}],\"inLanguage\":\"fr-FR\"},{\"@type\":\"Organization\",\"@id\":\"http:\\\/\\\/xactskateshop.com\\\/fr\\\/#organization\",\"name\":\"XACT Skate Shop\",\"url\":\"http:\\\/\\\/xactskateshop.com\\\/fr\\\/\",\"logo\":{\"@type\":\"ImageObject\",\"inLanguage\":\"fr-FR\",\"@id\":\"http:\\\/\\\/xactskateshop.com\\\/fr\\\/#\\\/schema\\\/logo\\\/image\\\/\",\"url\":\"http:\\\/\\\/xactskateshop.com\\\/wp-content\\\/uploads\\\/2024\\\/04\\\/xactskateshop-dot-com-avec-contour-noir-sans-fond-675x.jpg\",\"contentUrl\":\"http:\\\/\\\/xactskateshop.com\\\/wp-content\\\/uploads\\\/2024\\\/04\\\/xactskateshop-dot-com-avec-contour-noir-sans-fond-675x.jpg\",\"width\":675,\"height\":247,\"caption\":\"XACT Skate Shop\"},\"image\":{\"@id\":\"http:\\\/\\\/xactskateshop.com\\\/fr\\\/#\\\/schema\\\/logo\\\/image\\\/\"},\"sameAs\":[\"https:\\\/\\\/www.facebook.com\\\/JeanLouiskateshop\"]}]}<\/script>\n<!-- \/ Yoast SEO plugin. -->","yoast_head_json":{"title":"Ensemble Pennington Level-1\/BONT Ultrasprint - Xact Skate Shop","description":"Ensemble Pennington Level-1\/BONT Ultrasprint. Con\u00e7ue pour la performance et la durabilit\u00e9, cette botte est dot\u00e9e d'une semelle moul\u00e9e en fibre de verre.","robots":{"index":"index","follow":"follow","max-snippet":"max-snippet:-1","max-image-preview":"max-image-preview:large","max-video-preview":"max-video-preview:-1"},"canonical":"https:\/\/xactskateshop.com\/fr\/produit\/ensemble-pennington-level-1-bont-ultrasprint\/","og_locale":"fr_FR","og_type":"article","og_title":"Ensemble Pennington Level-1\/BONT Ultrasprint - Xact Skate Shop","og_description":"Ensemble Pennington Level-1\/BONT Ultrasprint. Con\u00e7ue pour la performance et la durabilit\u00e9, cette botte est dot\u00e9e d'une semelle moul\u00e9e en fibre de verre.","og_url":"https:\/\/xactskateshop.com\/fr\/produit\/ensemble-pennington-level-1-bont-ultrasprint\/","og_site_name":"Xact Skate Shop","article_publisher":"https:\/\/www.facebook.com\/JeanLouiskateshop","article_modified_time":"2026-05-08T20:19:55+00:00","og_image":[{"width":1000,"height":1000,"url":"https:\/\/xactskateshop.com\/wp-content\/uploads\/2026\/05\/level-1-ultrasprint-package.jpg","type":"image\/jpeg"}],"twitter_card":"summary_large_image","twitter_misc":{"Dur\u00e9e de lecture estim\u00e9e":"4 minutes"},"schema":{"@context":"https:\/\/schema.org","@graph":[{"@type":"WebPage","@id":"https:\/\/xactskateshop.com\/fr\/produit\/ensemble-pennington-level-1-bont-ultrasprint\/","url":"https:\/\/xactskateshop.com\/fr\/produit\/ensemble-pennington-level-1-bont-ultrasprint\/","name":"Ensemble Pennington Level-1\/BONT Ultrasprint - Xact Skate Shop","isPartOf":{"@id":"http:\/\/xactskateshop.com\/fr\/#website"},"primaryImageOfPage":{"@id":"https:\/\/xactskateshop.com\/fr\/produit\/ensemble-pennington-level-1-bont-ultrasprint\/#primaryimage"},"image":{"@id":"https:\/\/xactskateshop.com\/fr\/produit\/ensemble-pennington-level-1-bont-ultrasprint\/#primaryimage"},"thumbnailUrl":"https:\/\/xactskateshop.com\/wp-content\/uploads\/2026\/05\/level-1-ultrasprint-package.jpg","datePublished":"2026-05-08T15:37:23+00:00","dateModified":"2026-05-08T20:19:55+00:00","description":"Ensemble Pennington Level-1\/BONT Ultrasprint. Con\u00e7ue pour la performance et la durabilit\u00e9, cette botte est dot\u00e9e d'une semelle moul\u00e9e en fibre de verre.","breadcrumb":{"@id":"https:\/\/xactskateshop.com\/fr\/produit\/ensemble-pennington-level-1-bont-ultrasprint\/#breadcrumb"},"inLanguage":"fr-FR","potentialAction":[{"@type":"ReadAction","target":["https:\/\/xactskateshop.com\/fr\/produit\/ensemble-pennington-level-1-bont-ultrasprint\/"]}]},{"@type":"ImageObject","inLanguage":"fr-FR","@id":"https:\/\/xactskateshop.com\/fr\/produit\/ensemble-pennington-level-1-bont-ultrasprint\/#primaryimage","url":"https:\/\/xactskateshop.com\/wp-content\/uploads\/2026\/05\/level-1-ultrasprint-package.jpg","contentUrl":"https:\/\/xactskateshop.com\/wp-content\/uploads\/2026\/05\/level-1-ultrasprint-package.jpg","width":1000,"height":1000,"caption":"Ensemble Pennington Level-1\/BONT Ultrasprint"},{"@type":"BreadcrumbList","@id":"https:\/\/xactskateshop.com\/fr\/produit\/ensemble-pennington-level-1-bont-ultrasprint\/#breadcrumb","itemListElement":[{"@type":"ListItem","position":1,"name":"Home","item":"https:\/\/xactskateshop.com\/fr\/accueil\/"},{"@type":"ListItem","position":2,"name":"Boutique","item":"https:\/\/xactskateshop.com\/shop\/"},{"@type":"ListItem","position":3,"name":"Ensemble Pennington Level-1\/BONT Ultrasprint"}]},{"@type":"WebSite","@id":"http:\/\/xactskateshop.com\/fr\/#website","url":"http:\/\/xactskateshop.com\/fr\/","name":"Xact Skate Shop","description":"Un site utilisant WordPress","publisher":{"@id":"http:\/\/xactskateshop.com\/fr\/#organization"},"potentialAction":[{"@type":"SearchAction","target":{"@type":"EntryPoint","urlTemplate":"http:\/\/xactskateshop.com\/fr\/?s={search_term_string}"},"query-input":{"@type":"PropertyValueSpecification","valueRequired":true,"valueName":"search_term_string"}}],"inLanguage":"fr-FR"},{"@type":"Organization","@id":"http:\/\/xactskateshop.com\/fr\/#organization","name":"XACT Skate Shop","url":"http:\/\/xactskateshop.com\/fr\/","logo":{"@type":"ImageObject","inLanguage":"fr-FR","@id":"http:\/\/xactskateshop.com\/fr\/#\/schema\/logo\/image\/","url":"http:\/\/xactskateshop.com\/wp-content\/uploads\/2024\/04\/xactskateshop-dot-com-avec-contour-noir-sans-fond-675x.jpg","contentUrl":"http:\/\/xactskateshop.com\/wp-content\/uploads\/2024\/04\/xactskateshop-dot-com-avec-contour-noir-sans-fond-675x.jpg","width":675,"height":247,"caption":"XACT Skate Shop"},"image":{"@id":"http:\/\/xactskateshop.com\/fr\/#\/schema\/logo\/image\/"},"sameAs":["https:\/\/www.facebook.com\/JeanLouiskateshop"]}]}},"_links":{"self":[{"href":"https:\/\/xactskateshop.com\/fr\/wp-json\/wp\/v2\/product\/73300","targetHints":{"allow":["GET"]}}],"collection":[{"href":"https:\/\/xactskateshop.com\/fr\/wp-json\/wp\/v2\/product"}],"about":[{"href":"https:\/\/xactskateshop.com\/fr\/wp-json\/wp\/v2\/types\/product"}],"replies":[{"embeddable":true,"href":"https:\/\/xactskateshop.com\/fr\/wp-json\/wp\/v2\/comments?post=73300"}],"wp:featuredmedia":[{"embeddable":true,"href":"https:\/\/xactskateshop.com\/fr\/wp-json\/wp\/v2\/media\/73364"}],"wp:attachment":[{"href":"https:\/\/xactskateshop.com\/fr\/wp-json\/wp\/v2\/media?parent=73300"}],"wp:term":[{"taxonomy":"product_brand","embeddable":true,"href":"https:\/\/xactskateshop.com\/fr\/wp-json\/wp\/v2\/product_brand?post=73300"},{"taxonomy":"product_cat","embeddable":true,"href":"https:\/\/xactskateshop.com\/fr\/wp-json\/wp\/v2\/product_cat?post=73300"},{"taxonomy":"product_tag","embeddable":true,"href":"https:\/\/xactskateshop.com\/fr\/wp-json\/wp\/v2\/product_tag?post=73300"}],"curies":[{"name":"wp","href":"https:\/\/api.w.org\/{rel}","templated":true}]}}