{"id":72510,"date":"2026-05-05T15:59:13","date_gmt":"2026-05-05T19:59:13","guid":{"rendered":"https:\/\/xactskateshop.com\/?post_type=product&#038;p=72510"},"modified":"2026-05-05T16:21:31","modified_gmt":"2026-05-05T20:21:31","slug":"ensemble-bont-st-one-kromkamp-lr3","status":"publish","type":"product","link":"https:\/\/xactskateshop.com\/fr\/produit\/ensemble-bont-st-one-kromkamp-lr3\/","title":{"rendered":"Ensemble BONT ST-ONE\/Kromkamp LR3"},"content":{"rendered":"<h6>Ensemble BONT ST-ONE\/Kromkamp LR3<\/h6>\n<p>Les patineurs de short-track sont faits pour repousser les limites. C&#8217;est cette audace qui inspire chaque d\u00e9tail des nouvelles bottes Bont ST-One. En y regardant de plus pr\u00e8s, vous d\u00e9couvrirez des lignes \u00e9pur\u00e9es, un style affirm\u00e9 et une conception sans compromis qui perp\u00e9tuent la riche tradition de Bont tout en red\u00e9finissant les standards.<\/p>\n<p>La bottine ST-One est con\u00e7ue pour offrir des performances de niveau professionnel \u00e0 un prix accessible. Fabriqu\u00e9e en composite de carbone pos\u00e9 \u00e0 la main et selon les m\u00e9thodes de construction \u00e9prouv\u00e9es de Bont, cette botte offre un \u00e9quilibre parfait entre transfert de puissance, confort et contr\u00f4le. Avec une forme revisit\u00e9e, un angle de tige plus prononc\u00e9 et un rembourrage am\u00e9lior\u00e9, la Short Track One offre aux patineurs le maintien et l&#8217;ajustement n\u00e9cessaires pour aborder chaque virage avec confiance.<\/p>\n<h6>Caract\u00e9ristiques<\/h6>\n<ul>\n<li><strong>Semelle :<\/strong> Semelle composite en carbone fabriqu\u00e9e \u00e0 la main avec une teneur en carbone accrue pour un meilleur transfert de puissance<\/li>\n<li><strong style=\"font-size: 20px;\">Rev\u00eatement ext\u00e9rieur :<\/strong><span style=\"font-size: 20px;\"> Durolite pour une durabilit\u00e9 et une l\u00e9g\u00e8ret\u00e9 optimales<\/span><\/li>\n<li><strong style=\"font-size: 20px;\">Doublure :<\/strong><span style=\"font-size: 20px;\"> Suede-L avec une couche de n\u00e9opr\u00e8ne de 1 mm pour un confort accru<\/span><\/li>\n<li><strong style=\"font-size: 20px;\">Semelle int\u00e9rieure :<\/strong><span style=\"font-size: 20px;\"> Cuir<\/span><\/li>\n<li><strong style=\"font-size: 20px;\">Semelle thermoformable :<\/strong><span style=\"font-size: 20px;\"> Semelle enti\u00e8rement thermoformable gr\u00e2ce \u00e0 une r\u00e9sine \u00e9poxy thermodurcissable<\/span><\/li>\n<li><strong style=\"font-size: 20px;\">Rembourrage :<\/strong><span style=\"font-size: 20px;\"> Mousse \u00e0 m\u00e9moire de forme haute densit\u00e9 avec un renfort au niveau du col plus \u00e9pais<\/span><\/li>\n<li><strong style=\"font-size: 20px;\">Options de fermeture :<\/strong><span style=\"font-size: 20px;\"> Lacets cir\u00e9s, cache-lacets et deux sangles velcro<\/span><\/li>\n<li><strong>Options d\u2019ajustement :<\/strong> Standard, \u00e9troit (+80$), large (+80$), double large (+80$) (les options \u00e9troit, large ou double large peuvent prendre jusqu\u2019\u00e0 4-6 semaines pour \u00eatre livr\u00e9es). Sera factur\u00e9 s\u00e9par\u00e9ment.<\/li>\n<li><strong style=\"font-size: 20px;\">Monture :<\/strong><span style=\"font-size: 20px;\"> Pointures 9C\u201313,5C : 140 mm ; Pointures 1\u201313,5 : 165 mm<\/span><\/li>\n<li><strong style=\"font-size: 20px;\">Collier :<\/strong><span style=\"font-size: 20px;\"> Collier plus haut avec un angle modifi\u00e9 pour une meilleure agilit\u00e9 et un meilleur contr\u00f4le<\/span><\/li>\n<li><strong style=\"font-size: 20px;\">Forme :<\/strong><span style=\"font-size: 20px;\"> Forme am\u00e9lior\u00e9e pour un ajustement plus pr\u00e9cis<\/span><\/li>\n<\/ul>\n<h3>Sp\u00e9cifications de la LR3 12C27 :<\/h3>\n<ul>\n<li>Tube de patin en aluminium s\u00e9rie 7000<\/li>\n<li>Fraisage tr\u00e8s l\u00e9ger pour que les jeunes patineurs aient l\u2019impression d\u2019\u00eatre sur une glace de pro.<\/li>\n<li>Potences l\u00e9g\u00e8res en aluminium de la s\u00e9rie 6000 (0mm Potence)<\/li>\n<li>12c27 acier chrom\u00e9<\/li>\n<li>Pr\u00e9bende de 25 m de rayon<\/li>\n<li>Rocker 9m radius<\/li>\n<li>Machine \u00e0 rectifier les surfaces, acier rectifi\u00e9 avec pr\u00e9cision<\/li>\n<li>Tailles disponibles 14.5\u2033-15\u2033-15,5\u2033-16\u2033-16,5\u2033<\/li>\n<\/ul>\n<p>Notre mat\u00e9riau anti-\u00e9tirement exclusif pr\u00e9sente des caract\u00e9ristiques de r\u00e9sistance similaires \u00e0 celles du Kevlar. Nous ajoutons ce mat\u00e9riau entre la couche ext\u00e9rieure et la peau, ce qui emp\u00eache la botte de s&#8217;\u00e9tirer.<\/p>\n<p>Pour que le mat\u00e9riau ne bouge pas, nous le cousons \u00e0 la couche ext\u00e9rieure et le collons au chausson. En bref, ce mat\u00e9riau Anti-Stretch fait partie int\u00e9grante de la structure de la botte. Par cons\u00e9quent, les bottes Bont ne s&#8217;\u00e9tirent pas autant que les bottes concurrentes.<\/p>\n<p>Voir les autres couleurs <a href=\"http:\/\/xactskateshop.com\/product\/bont-patriot-carbon-ultrasprint-package-2\/\">ici !<\/a><\/p>\n<p>Trouvez votre taille de bont <a href=\"https:\/\/canada.bont.com\/pages\/sizing\">ici !<\/a><\/p>\n<h6><span style=\"color: #ff0000;\">Pr\u00e9paration des lames : Nous r\u00e9alisons un berceau progressif ST-3 sur ces lames.<\/span><span style=\"color: #0000ff;\"> <a style=\"color: #0000ff;\" href=\"https:\/\/xactskateshop.com\/fr\/produit\/berceau-sur-lame-de-courte-piste\/\">(voir les num\u00e9ros ici)<\/a> <\/span><span style=\"color: #ff0000;\">ainsi que la courbure correspondante.<\/span><\/h6>\n","protected":false},"excerpt":{"rendered":"<p>&nbsp;<\/p>\n<hr \/>\n<p style=\"text-align: center;\"><strong>****** veuillez nous contacter \u00e0 l\u2019adresse info@xactskateshop.com pour conna\u00eetre la disponibilit\u00e9 des tailles\/couleurs avant de passer commande******<\/strong><\/p>\n<hr \/>\n<p>&nbsp;<\/p>\n","protected":false},"featured_media":72559,"comment_status":"open","ping_status":"closed","template":"","meta":{"site-sidebar-layout":"default","site-content-layout":"default","ast-site-content-layout":"default","site-content-style":"default","site-sidebar-style":"default","ast-global-header-display":"","ast-banner-title-visibility":"","ast-main-header-display":"","ast-hfb-above-header-display":"","ast-hfb-below-header-display":"","ast-hfb-mobile-header-display":"","site-post-title":"","ast-breadcrumbs-content":"","ast-featured-img":"","footer-sml-layout":"","ast-disable-related-posts":"","theme-transparent-header-meta":"default","adv-header-id-meta":"","stick-header-meta":"","header-above-stick-meta":"","header-main-stick-meta":"","header-below-stick-meta":"","astra-migrate-meta-layouts":"set","ast-page-background-enabled":"default","ast-page-background-meta":{"desktop":{"background-color":"","background-image":"","background-repeat":"repeat","background-position":"center center","background-size":"auto","background-attachment":"scroll","background-type":"","background-media":"","overlay-type":"","overlay-color":"","overlay-opacity":"","overlay-gradient":""},"tablet":{"background-color":"","background-image":"","background-repeat":"repeat","background-position":"center center","background-size":"auto","background-attachment":"scroll","background-type":"","background-media":"","overlay-type":"","overlay-color":"","overlay-opacity":"","overlay-gradient":""},"mobile":{"background-color":"","background-image":"","background-repeat":"repeat","background-position":"center center","background-size":"auto","background-attachment":"scroll","background-type":"","background-media":"","overlay-type":"","overlay-color":"","overlay-opacity":"","overlay-gradient":""}},"ast-content-background-meta":{"desktop":{"background-color":"var(--ast-global-color-5)","background-image":"","background-repeat":"repeat","background-position":"center center","background-size":"auto","background-attachment":"scroll","background-type":"","background-media":"","overlay-type":"","overlay-color":"","overlay-opacity":"","overlay-gradient":""},"tablet":{"background-color":"var(--ast-global-color-5)","background-image":"","background-repeat":"repeat","background-position":"center center","background-size":"auto","background-attachment":"scroll","background-type":"","background-media":"","overlay-type":"","overlay-color":"","overlay-opacity":"","overlay-gradient":""},"mobile":{"background-color":"var(--ast-global-color-5)","background-image":"","background-repeat":"repeat","background-position":"center center","background-size":"auto","background-attachment":"scroll","background-type":"","background-media":"","overlay-type":"","overlay-color":"","overlay-opacity":"","overlay-gradient":""}}},"product_brand":[],"product_cat":[1354,1355,1353],"product_tag":[1390,1356,1389,1446,1388],"class_list":{"0":"post-72510","1":"product","2":"type-product","3":"status-publish","4":"has-post-thumbnail","6":"product_cat-courte-piste","7":"product_cat-ensembles-bottines-et-lames-courte-piste","8":"product_cat-patinage-de-vitesse","9":"product_tag-bottes-bont","10":"product_tag-courte-piste-fr","11":"product_tag-lames-bont-fr","12":"product_tag-paquet-bont-st","13":"product_tag-paquet-court-circuit","14":"desktop-align-center","15":"tablet-align-center","16":"mobile-align-center","17":"ast-product-gallery-layout-horizontal","18":"ast-product-single-variable","19":"ast-product-tabs-layout-horizontal","20":"ast-qv-on-image","22":"first","23":"instock","24":"sale","25":"taxable","26":"shipping-taxable","27":"purchasable","28":"product-type-variable"},"bundled_by":[],"bundle_stock_status":"instock","bundle_stock_quantity":null,"bundle_virtual":false,"bundle_layout":"","bundle_add_to_cart_form_location":"","bundle_editable_in_cart":false,"bundle_sold_individually_context":"","bundle_item_grouping":"","bundle_min_size":"","bundle_max_size":"","bundle_price":[],"bundled_items":[],"bundle_sell_ids":[],"yoast_head":"<!-- This site is optimized with the Yoast SEO plugin v27.5 - https:\/\/yoast.com\/product\/yoast-seo-wordpress\/ -->\n<title>Ensemble BONT ST-ONE\/Kromkamp LR3 - Xact Skate Shop.<\/title>\n<meta name=\"description\" content=\"Ensemble BONT ST-ONE\/Kromkamp LR3. La bottine ST-One est con\u00e7ue pour offrir des performances de niveau professionnel \u00e0 un prix accessible.\" \/>\n<meta name=\"robots\" content=\"index, follow, max-snippet:-1, max-image-preview:large, max-video-preview:-1\" \/>\n<link rel=\"canonical\" href=\"https:\/\/xactskateshop.com\/fr\/produit\/ensemble-bont-st-one-kromkamp-lr3\/\" \/>\n<meta property=\"og:locale\" content=\"fr_FR\" \/>\n<meta property=\"og:type\" content=\"article\" \/>\n<meta property=\"og:title\" content=\"Ensemble BONT ST-ONE\/Kromkamp LR3 - Xact Skate Shop.\" \/>\n<meta property=\"og:description\" content=\"Ensemble BONT ST-ONE\/Kromkamp LR3. La bottine ST-One est con\u00e7ue pour offrir des performances de niveau professionnel \u00e0 un prix accessible.\" \/>\n<meta property=\"og:url\" content=\"https:\/\/xactskateshop.com\/fr\/produit\/ensemble-bont-st-one-kromkamp-lr3\/\" \/>\n<meta property=\"og:site_name\" content=\"Xact Skate Shop\" \/>\n<meta property=\"article:publisher\" content=\"https:\/\/www.facebook.com\/JeanLouiskateshop\" \/>\n<meta property=\"article:modified_time\" content=\"2026-05-05T20:21:31+00:00\" \/>\n<meta property=\"og:image\" content=\"https:\/\/xactskateshop.com\/wp-content\/uploads\/2026\/05\/ST-one-Blade-blue_LR3.jpg\" \/>\n\t<meta property=\"og:image:width\" content=\"1000\" \/>\n\t<meta property=\"og:image:height\" content=\"1000\" \/>\n\t<meta property=\"og:image:type\" content=\"image\/jpeg\" \/>\n<meta name=\"twitter:card\" content=\"summary_large_image\" \/>\n<meta name=\"twitter:label1\" content=\"Dur\u00e9e de lecture estim\u00e9e\" \/>\n\t<meta name=\"twitter:data1\" content=\"3 minutes\" \/>\n<script type=\"application\/ld+json\" class=\"yoast-schema-graph\">{\"@context\":\"https:\\\/\\\/schema.org\",\"@graph\":[{\"@type\":\"WebPage\",\"@id\":\"https:\\\/\\\/xactskateshop.com\\\/fr\\\/produit\\\/ensemble-bont-st-one-kromkamp-lr3\\\/\",\"url\":\"https:\\\/\\\/xactskateshop.com\\\/fr\\\/produit\\\/ensemble-bont-st-one-kromkamp-lr3\\\/\",\"name\":\"Ensemble BONT ST-ONE\\\/Kromkamp LR3 - Xact Skate Shop.\",\"isPartOf\":{\"@id\":\"http:\\\/\\\/xactskateshop.com\\\/fr\\\/#website\"},\"primaryImageOfPage\":{\"@id\":\"https:\\\/\\\/xactskateshop.com\\\/fr\\\/produit\\\/ensemble-bont-st-one-kromkamp-lr3\\\/#primaryimage\"},\"image\":{\"@id\":\"https:\\\/\\\/xactskateshop.com\\\/fr\\\/produit\\\/ensemble-bont-st-one-kromkamp-lr3\\\/#primaryimage\"},\"thumbnailUrl\":\"https:\\\/\\\/xactskateshop.com\\\/wp-content\\\/uploads\\\/2026\\\/05\\\/ST-one-Blade-blue_LR3.jpg\",\"datePublished\":\"2026-05-05T19:59:13+00:00\",\"dateModified\":\"2026-05-05T20:21:31+00:00\",\"description\":\"Ensemble BONT ST-ONE\\\/Kromkamp LR3. La bottine ST-One est con\u00e7ue pour offrir des performances de niveau professionnel \u00e0 un prix accessible.\",\"breadcrumb\":{\"@id\":\"https:\\\/\\\/xactskateshop.com\\\/fr\\\/produit\\\/ensemble-bont-st-one-kromkamp-lr3\\\/#breadcrumb\"},\"inLanguage\":\"fr-FR\",\"potentialAction\":[{\"@type\":\"ReadAction\",\"target\":[\"https:\\\/\\\/xactskateshop.com\\\/fr\\\/produit\\\/ensemble-bont-st-one-kromkamp-lr3\\\/\"]}]},{\"@type\":\"ImageObject\",\"inLanguage\":\"fr-FR\",\"@id\":\"https:\\\/\\\/xactskateshop.com\\\/fr\\\/produit\\\/ensemble-bont-st-one-kromkamp-lr3\\\/#primaryimage\",\"url\":\"https:\\\/\\\/xactskateshop.com\\\/wp-content\\\/uploads\\\/2026\\\/05\\\/ST-one-Blade-blue_LR3.jpg\",\"contentUrl\":\"https:\\\/\\\/xactskateshop.com\\\/wp-content\\\/uploads\\\/2026\\\/05\\\/ST-one-Blade-blue_LR3.jpg\",\"width\":1000,\"height\":1000,\"caption\":\"Ensemble BONT ST-ONE\\\/Kromkamp LR3\"},{\"@type\":\"BreadcrumbList\",\"@id\":\"https:\\\/\\\/xactskateshop.com\\\/fr\\\/produit\\\/ensemble-bont-st-one-kromkamp-lr3\\\/#breadcrumb\",\"itemListElement\":[{\"@type\":\"ListItem\",\"position\":1,\"name\":\"Home\",\"item\":\"https:\\\/\\\/xactskateshop.com\\\/fr\\\/accueil\\\/\"},{\"@type\":\"ListItem\",\"position\":2,\"name\":\"Boutique\",\"item\":\"https:\\\/\\\/xactskateshop.com\\\/shop\\\/\"},{\"@type\":\"ListItem\",\"position\":3,\"name\":\"Ensemble BONT ST-ONE\\\/Kromkamp LR3\"}]},{\"@type\":\"WebSite\",\"@id\":\"http:\\\/\\\/xactskateshop.com\\\/fr\\\/#website\",\"url\":\"http:\\\/\\\/xactskateshop.com\\\/fr\\\/\",\"name\":\"Xact Skate Shop\",\"description\":\"Un site utilisant WordPress\",\"publisher\":{\"@id\":\"http:\\\/\\\/xactskateshop.com\\\/fr\\\/#organization\"},\"potentialAction\":[{\"@type\":\"SearchAction\",\"target\":{\"@type\":\"EntryPoint\",\"urlTemplate\":\"http:\\\/\\\/xactskateshop.com\\\/fr\\\/?s={search_term_string}\"},\"query-input\":{\"@type\":\"PropertyValueSpecification\",\"valueRequired\":true,\"valueName\":\"search_term_string\"}}],\"inLanguage\":\"fr-FR\"},{\"@type\":\"Organization\",\"@id\":\"http:\\\/\\\/xactskateshop.com\\\/fr\\\/#organization\",\"name\":\"XACT Skate Shop\",\"url\":\"http:\\\/\\\/xactskateshop.com\\\/fr\\\/\",\"logo\":{\"@type\":\"ImageObject\",\"inLanguage\":\"fr-FR\",\"@id\":\"http:\\\/\\\/xactskateshop.com\\\/fr\\\/#\\\/schema\\\/logo\\\/image\\\/\",\"url\":\"http:\\\/\\\/xactskateshop.com\\\/wp-content\\\/uploads\\\/2024\\\/04\\\/xactskateshop-dot-com-avec-contour-noir-sans-fond-675x.jpg\",\"contentUrl\":\"http:\\\/\\\/xactskateshop.com\\\/wp-content\\\/uploads\\\/2024\\\/04\\\/xactskateshop-dot-com-avec-contour-noir-sans-fond-675x.jpg\",\"width\":675,\"height\":247,\"caption\":\"XACT Skate Shop\"},\"image\":{\"@id\":\"http:\\\/\\\/xactskateshop.com\\\/fr\\\/#\\\/schema\\\/logo\\\/image\\\/\"},\"sameAs\":[\"https:\\\/\\\/www.facebook.com\\\/JeanLouiskateshop\"]}]}<\/script>\n<!-- \/ Yoast SEO plugin. -->","yoast_head_json":{"title":"Ensemble BONT ST-ONE\/Kromkamp LR3 - Xact Skate Shop.","description":"Ensemble BONT ST-ONE\/Kromkamp LR3. La bottine ST-One est con\u00e7ue pour offrir des performances de niveau professionnel \u00e0 un prix accessible.","robots":{"index":"index","follow":"follow","max-snippet":"max-snippet:-1","max-image-preview":"max-image-preview:large","max-video-preview":"max-video-preview:-1"},"canonical":"https:\/\/xactskateshop.com\/fr\/produit\/ensemble-bont-st-one-kromkamp-lr3\/","og_locale":"fr_FR","og_type":"article","og_title":"Ensemble BONT ST-ONE\/Kromkamp LR3 - Xact Skate Shop.","og_description":"Ensemble BONT ST-ONE\/Kromkamp LR3. La bottine ST-One est con\u00e7ue pour offrir des performances de niveau professionnel \u00e0 un prix accessible.","og_url":"https:\/\/xactskateshop.com\/fr\/produit\/ensemble-bont-st-one-kromkamp-lr3\/","og_site_name":"Xact Skate Shop","article_publisher":"https:\/\/www.facebook.com\/JeanLouiskateshop","article_modified_time":"2026-05-05T20:21:31+00:00","og_image":[{"width":1000,"height":1000,"url":"https:\/\/xactskateshop.com\/wp-content\/uploads\/2026\/05\/ST-one-Blade-blue_LR3.jpg","type":"image\/jpeg"}],"twitter_card":"summary_large_image","twitter_misc":{"Dur\u00e9e de lecture estim\u00e9e":"3 minutes"},"schema":{"@context":"https:\/\/schema.org","@graph":[{"@type":"WebPage","@id":"https:\/\/xactskateshop.com\/fr\/produit\/ensemble-bont-st-one-kromkamp-lr3\/","url":"https:\/\/xactskateshop.com\/fr\/produit\/ensemble-bont-st-one-kromkamp-lr3\/","name":"Ensemble BONT ST-ONE\/Kromkamp LR3 - Xact Skate Shop.","isPartOf":{"@id":"http:\/\/xactskateshop.com\/fr\/#website"},"primaryImageOfPage":{"@id":"https:\/\/xactskateshop.com\/fr\/produit\/ensemble-bont-st-one-kromkamp-lr3\/#primaryimage"},"image":{"@id":"https:\/\/xactskateshop.com\/fr\/produit\/ensemble-bont-st-one-kromkamp-lr3\/#primaryimage"},"thumbnailUrl":"https:\/\/xactskateshop.com\/wp-content\/uploads\/2026\/05\/ST-one-Blade-blue_LR3.jpg","datePublished":"2026-05-05T19:59:13+00:00","dateModified":"2026-05-05T20:21:31+00:00","description":"Ensemble BONT ST-ONE\/Kromkamp LR3. La bottine ST-One est con\u00e7ue pour offrir des performances de niveau professionnel \u00e0 un prix accessible.","breadcrumb":{"@id":"https:\/\/xactskateshop.com\/fr\/produit\/ensemble-bont-st-one-kromkamp-lr3\/#breadcrumb"},"inLanguage":"fr-FR","potentialAction":[{"@type":"ReadAction","target":["https:\/\/xactskateshop.com\/fr\/produit\/ensemble-bont-st-one-kromkamp-lr3\/"]}]},{"@type":"ImageObject","inLanguage":"fr-FR","@id":"https:\/\/xactskateshop.com\/fr\/produit\/ensemble-bont-st-one-kromkamp-lr3\/#primaryimage","url":"https:\/\/xactskateshop.com\/wp-content\/uploads\/2026\/05\/ST-one-Blade-blue_LR3.jpg","contentUrl":"https:\/\/xactskateshop.com\/wp-content\/uploads\/2026\/05\/ST-one-Blade-blue_LR3.jpg","width":1000,"height":1000,"caption":"Ensemble BONT ST-ONE\/Kromkamp LR3"},{"@type":"BreadcrumbList","@id":"https:\/\/xactskateshop.com\/fr\/produit\/ensemble-bont-st-one-kromkamp-lr3\/#breadcrumb","itemListElement":[{"@type":"ListItem","position":1,"name":"Home","item":"https:\/\/xactskateshop.com\/fr\/accueil\/"},{"@type":"ListItem","position":2,"name":"Boutique","item":"https:\/\/xactskateshop.com\/shop\/"},{"@type":"ListItem","position":3,"name":"Ensemble BONT ST-ONE\/Kromkamp LR3"}]},{"@type":"WebSite","@id":"http:\/\/xactskateshop.com\/fr\/#website","url":"http:\/\/xactskateshop.com\/fr\/","name":"Xact Skate Shop","description":"Un site utilisant WordPress","publisher":{"@id":"http:\/\/xactskateshop.com\/fr\/#organization"},"potentialAction":[{"@type":"SearchAction","target":{"@type":"EntryPoint","urlTemplate":"http:\/\/xactskateshop.com\/fr\/?s={search_term_string}"},"query-input":{"@type":"PropertyValueSpecification","valueRequired":true,"valueName":"search_term_string"}}],"inLanguage":"fr-FR"},{"@type":"Organization","@id":"http:\/\/xactskateshop.com\/fr\/#organization","name":"XACT Skate Shop","url":"http:\/\/xactskateshop.com\/fr\/","logo":{"@type":"ImageObject","inLanguage":"fr-FR","@id":"http:\/\/xactskateshop.com\/fr\/#\/schema\/logo\/image\/","url":"http:\/\/xactskateshop.com\/wp-content\/uploads\/2024\/04\/xactskateshop-dot-com-avec-contour-noir-sans-fond-675x.jpg","contentUrl":"http:\/\/xactskateshop.com\/wp-content\/uploads\/2024\/04\/xactskateshop-dot-com-avec-contour-noir-sans-fond-675x.jpg","width":675,"height":247,"caption":"XACT Skate Shop"},"image":{"@id":"http:\/\/xactskateshop.com\/fr\/#\/schema\/logo\/image\/"},"sameAs":["https:\/\/www.facebook.com\/JeanLouiskateshop"]}]}},"_links":{"self":[{"href":"https:\/\/xactskateshop.com\/fr\/wp-json\/wp\/v2\/product\/72510","targetHints":{"allow":["GET"]}}],"collection":[{"href":"https:\/\/xactskateshop.com\/fr\/wp-json\/wp\/v2\/product"}],"about":[{"href":"https:\/\/xactskateshop.com\/fr\/wp-json\/wp\/v2\/types\/product"}],"replies":[{"embeddable":true,"href":"https:\/\/xactskateshop.com\/fr\/wp-json\/wp\/v2\/comments?post=72510"}],"wp:featuredmedia":[{"embeddable":true,"href":"https:\/\/xactskateshop.com\/fr\/wp-json\/wp\/v2\/media\/72559"}],"wp:attachment":[{"href":"https:\/\/xactskateshop.com\/fr\/wp-json\/wp\/v2\/media?parent=72510"}],"wp:term":[{"taxonomy":"product_brand","embeddable":true,"href":"https:\/\/xactskateshop.com\/fr\/wp-json\/wp\/v2\/product_brand?post=72510"},{"taxonomy":"product_cat","embeddable":true,"href":"https:\/\/xactskateshop.com\/fr\/wp-json\/wp\/v2\/product_cat?post=72510"},{"taxonomy":"product_tag","embeddable":true,"href":"https:\/\/xactskateshop.com\/fr\/wp-json\/wp\/v2\/product_tag?post=72510"}],"curies":[{"name":"wp","href":"https:\/\/api.w.org\/{rel}","templated":true}]}}