{"id":72090,"date":"2026-05-01T14:53:16","date_gmt":"2026-05-01T18:53:16","guid":{"rendered":"https:\/\/xactskateshop.com\/?post_type=product&#038;p=72090"},"modified":"2026-05-01T15:21:36","modified_gmt":"2026-05-01T19:21:36","slug":"ensemble-bont-patriot-carbon-mauve-boa-kromkamp-lr3","status":"publish","type":"product","link":"https:\/\/xactskateshop.com\/fr\/produit\/ensemble-bont-patriot-carbon-mauve-boa-kromkamp-lr3\/","title":{"rendered":"Ensemble BONT Patriot Carbon Mauve BOA\/Kromkamp LR3"},"content":{"rendered":"<h2>Ensemble BONT R\/W Patriot Carbon BOA\/Kromkamp LR3<\/h2>\n<h4><strong>Un prolongement naturel de votre corps<\/strong><\/h4>\n<p>Plus rigide que la Patriot, la Patriot Carbon de BONT offre plus de soutien aux patineurs qui cherchent \u00e0 atteindre des vitesses plus \u00e9lev\u00e9es. Ajoutez un cadran Boa pour ajuster le serrage de votre chaussure entre les s\u00e9ries.<\/p>\n<h3><strong>Caract\u00e9ristiques des bottes<\/strong><\/h3>\n<ul>\n<li>R\u00e9sine \u00e9poxy<\/li>\n<li>Construction monocoque faite \u00e0 la main<\/li>\n<li>Languette thermoformable<\/li>\n<\/ul>\n<div>\n<h3><strong>Caract\u00e9ristiques des bottes<\/strong><\/h3>\n<div>\n<ul>\n<li><strong>Base :<\/strong>\u00a0Base en composite de carbone pos\u00e9e \u00e0 la main<\/li>\n<li><strong>Rev\u00eatement ext\u00e9rieur :<\/strong>\u00a0Microfibre \/ microfibre mate<\/li>\n<li><strong>Doublure :<\/strong>\u00a0Microfibre<\/li>\n<li><strong>Semelle int\u00e9rieure :<\/strong>\u00a0Cuir<\/li>\n<li><strong>Thermoformable :<\/strong>\u00a0Base enti\u00e8rement thermoformable utilisant une r\u00e9sine \u00e9poxy thermodurcissable.<\/li>\n<li><strong>Rembourrage :<\/strong>\u00a0Mousse \u00e0 m\u00e9moire de forme haute densit\u00e9<\/li>\n<li><strong>Options de fermeture<\/strong>: Cadran BOA, cache-lacet et deux sangles velcro<\/li>\n<li><strong>Options d\u2019ajustement :<\/strong>\u00a0Standard, \u00c9troit (+80$), Large (+80$)<strong>\u00a0(les options \u00c9troit ou Large peuvent prendre jusqu\u2019\u00e0 4-6 semaines pour \u00eatre livr\u00e9es. Factur\u00e9 s\u00e9par\u00e9ment)<\/strong><\/li>\n<li><strong>Monture :\u00a0<\/strong>165mm<\/li>\n<\/ul>\n<div>\n<h3>Sp\u00e9cifications de la LR3 12C27 :<\/h3>\n<ul>\n<li>Tube de patin en aluminium s\u00e9rie 7000<\/li>\n<li>Fraisage tr\u00e8s l\u00e9ger pour que les jeunes patineurs aient l\u2019impression d\u2019\u00eatre sur une glace de pro.<\/li>\n<li>Potences l\u00e9g\u00e8res en aluminium de la s\u00e9rie 6000 (0mm Potence)<\/li>\n<li>12c27 acier chrom\u00e9<\/li>\n<li>Pr\u00e9bende de 25 m de rayon<\/li>\n<li>Rocker 9m radius<\/li>\n<li>Machine \u00e0 rectifier les surfaces, acier rectifi\u00e9 avec pr\u00e9cision<\/li>\n<li>Tailles disponibles 14.5\u2033-15\u2033-15,5\u2033-16\u2033-16,5\u2033<\/li>\n<\/ul>\n<\/div>\n<\/div>\n<\/div>\n<p><strong><em>LA LONGUEUR DE LA LAME PEUT \u00caTRE MODIFI\u00c9E, VEUILLEZ PR\u00c9CISER LA MODIFICATION DANS LA CASE COMMENTAIRE LORSQUE VOUS PASSEZ VOTRE COMMANDE.<\/em><\/strong><\/p>\n<h3><strong>L&#8217;avantage Boa<\/strong><\/h3>\n<ul>\n<li>Ajustement semblable \u00e0 celui d&#8217;un gant,<\/li>\n<li>Le syst\u00e8me de fermeture Boa offre un confort personnalis\u00e9 avec une fermeture r\u00e9guli\u00e8re et sans points de pression,<\/li>\n<li>\u00c0 la vol\u00e9e,<\/li>\n<li>R\u00e9glez-le facilement d&#8217;une seule main en tournant rapidement la molette Boa. Plus besoin de s&#8217;agenouiller sur la glace mouill\u00e9e,<\/li>\n<li>Fermeture puissante,<\/li>\n<li>Une fois verrouill\u00e9s, les enrouleurs et les lacets Boa restent en place. Les lacets de skate normaux s&#8217;\u00e9tirent de 7 \u00e0 10 %, ce qui explique pourquoi vous devez resserrer vos lacets,<\/li>\n<li>Durable,<\/li>\n<li>Fabriqu\u00e9s en acier inoxydable de qualit\u00e9 a\u00e9ronautique, les lacets Boa sont plus r\u00e9sistants au gramme qu&#8217;un blindage de char d&#8217;assaut,<\/li>\n<li>Micro-ajustement,<\/li>\n<li>Les moulinets Boa offrent des possibilit\u00e9s de r\u00e9glage infinies,<\/li>\n<li>L\u00e9ger,<\/li>\n<li>Les fermetures Boa \u00e9vacuent l&#8217;eau et la glace, ce qui permet de gagner un poids pr\u00e9cieux,<\/li>\n<li>Rapide,<\/li>\n<li>Rapidement en marche. Enlever rapidement. Le Boa vous permet de gagner du temps pour chausser vos patins,<\/li>\n<li>Rempla\u00e7able,<\/li>\n<li>Garantie \u00e0 vie si, dans de rares cas, il est endommag\u00e9.<\/li>\n<\/ul>\n<h6><span style=\"color: #ff0000;\">Pr\u00e9paration des lames : Nous r\u00e9alisons un berceau progressif ST-3 sur ces lames.<\/span><span style=\"color: #0000ff;\"> <a style=\"color: #0000ff;\" href=\"https:\/\/xactskateshop.com\/fr\/produit\/berceau-sur-lame-de-courte-piste\/\">(voir les num\u00e9ros ici)<\/a> <\/span><span style=\"color: #ff0000;\">ainsi que la courbure correspondante.<\/span><\/h6>\n<p>TROUVEZ VOTRE TAILLE <a href=\"https:\/\/canada.bont.com\/pages\/sizing\">ici<\/a><\/p>\n","protected":false},"excerpt":{"rendered":"<h4 style=\"text-align: center;\"><\/h4>\n<hr \/>\n<p style=\"text-align: center;\"><strong>****** veuillez nous contacter \u00e0 info@xactskateshop.com pour conna\u00eetre la disponibilit\u00e9 de la taille avant de passer commande******<\/strong><\/p>\n<hr \/>\n<p>&nbsp;<\/p>\n","protected":false},"featured_media":72055,"comment_status":"open","ping_status":"closed","template":"","meta":{"site-sidebar-layout":"default","site-content-layout":"default","ast-site-content-layout":"default","site-content-style":"default","site-sidebar-style":"default","ast-global-header-display":"","ast-banner-title-visibility":"","ast-main-header-display":"","ast-hfb-above-header-display":"","ast-hfb-below-header-display":"","ast-hfb-mobile-header-display":"","site-post-title":"","ast-breadcrumbs-content":"","ast-featured-img":"","footer-sml-layout":"","ast-disable-related-posts":"","theme-transparent-header-meta":"default","adv-header-id-meta":"","stick-header-meta":"","header-above-stick-meta":"","header-main-stick-meta":"","header-below-stick-meta":"","astra-migrate-meta-layouts":"set","ast-page-background-enabled":"default","ast-page-background-meta":{"desktop":{"background-color":"","background-image":"","background-repeat":"repeat","background-position":"center center","background-size":"auto","background-attachment":"scroll","background-type":"","background-media":"","overlay-type":"","overlay-color":"","overlay-opacity":"","overlay-gradient":""},"tablet":{"background-color":"","background-image":"","background-repeat":"repeat","background-position":"center center","background-size":"auto","background-attachment":"scroll","background-type":"","background-media":"","overlay-type":"","overlay-color":"","overlay-opacity":"","overlay-gradient":""},"mobile":{"background-color":"","background-image":"","background-repeat":"repeat","background-position":"center center","background-size":"auto","background-attachment":"scroll","background-type":"","background-media":"","overlay-type":"","overlay-color":"","overlay-opacity":"","overlay-gradient":""}},"ast-content-background-meta":{"desktop":{"background-color":"var(--ast-global-color-5)","background-image":"","background-repeat":"repeat","background-position":"center center","background-size":"auto","background-attachment":"scroll","background-type":"","background-media":"","overlay-type":"","overlay-color":"","overlay-opacity":"","overlay-gradient":""},"tablet":{"background-color":"var(--ast-global-color-5)","background-image":"","background-repeat":"repeat","background-position":"center center","background-size":"auto","background-attachment":"scroll","background-type":"","background-media":"","overlay-type":"","overlay-color":"","overlay-opacity":"","overlay-gradient":""},"mobile":{"background-color":"var(--ast-global-color-5)","background-image":"","background-repeat":"repeat","background-position":"center center","background-size":"auto","background-attachment":"scroll","background-type":"","background-media":"","overlay-type":"","overlay-color":"","overlay-opacity":"","overlay-gradient":""}}},"product_brand":[],"product_cat":[1354,1355,1353],"product_tag":[1356],"class_list":{"0":"post-72090","1":"product","2":"type-product","3":"status-publish","4":"has-post-thumbnail","6":"product_cat-courte-piste","7":"product_cat-ensembles-bottines-et-lames-courte-piste","8":"product_cat-patinage-de-vitesse","9":"product_tag-courte-piste-fr","10":"desktop-align-center","11":"tablet-align-center","12":"mobile-align-center","13":"ast-product-gallery-layout-horizontal","14":"ast-product-single-variable","15":"ast-product-tabs-layout-horizontal","16":"ast-qv-on-image","18":"first","19":"instock","20":"sale","21":"taxable","22":"shipping-taxable","23":"purchasable","24":"product-type-variable"},"bundled_by":[],"bundle_stock_status":"instock","bundle_stock_quantity":null,"bundle_virtual":false,"bundle_layout":"","bundle_add_to_cart_form_location":"","bundle_editable_in_cart":false,"bundle_sold_individually_context":"","bundle_item_grouping":"","bundle_min_size":"","bundle_max_size":"","bundle_price":[],"bundled_items":[],"bundle_sell_ids":[],"yoast_head":"<!-- This site is optimized with the Yoast SEO plugin v27.5 - https:\/\/yoast.com\/product\/yoast-seo-wordpress\/ -->\n<title>Ensemble BONT Patriot Carbon Mauve BOA\/Kromkamp LR3 - Xact Skate Shop<\/title>\n<meta name=\"description\" content=\"BONT Mauve Patriot Carbon BOA\/Kromkamp LR3. Plus rigide que le Patriot, le Patriot Carbon Boa offre plus de soutien. Boa l&#039;ajustement \u00e0 la vol\u00e9e !\" \/>\n<meta name=\"robots\" content=\"index, follow, max-snippet:-1, max-image-preview:large, max-video-preview:-1\" \/>\n<link rel=\"canonical\" href=\"https:\/\/xactskateshop.com\/fr\/produit\/ensemble-bont-patriot-carbon-mauve-boa-kromkamp-lr3\/\" \/>\n<meta property=\"og:locale\" content=\"fr_FR\" \/>\n<meta property=\"og:type\" content=\"article\" \/>\n<meta property=\"og:title\" content=\"Ensemble BONT Patriot Carbon Mauve BOA\/Kromkamp LR3 - Xact Skate Shop\" \/>\n<meta property=\"og:description\" content=\"BONT Mauve Patriot Carbon BOA\/Kromkamp LR3. Plus rigide que le Patriot, le Patriot Carbon Boa offre plus de soutien. Boa l&#039;ajustement \u00e0 la vol\u00e9e !\" \/>\n<meta property=\"og:url\" content=\"https:\/\/xactskateshop.com\/fr\/produit\/ensemble-bont-patriot-carbon-mauve-boa-kromkamp-lr3\/\" \/>\n<meta property=\"og:site_name\" content=\"Xact Skate Shop\" \/>\n<meta property=\"article:publisher\" content=\"https:\/\/www.facebook.com\/JeanLouiskateshop\" \/>\n<meta property=\"article:modified_time\" content=\"2026-05-01T19:21:36+00:00\" \/>\n<meta property=\"og:image\" content=\"https:\/\/xactskateshop.com\/wp-content\/uploads\/2023\/05\/ST-Patriot-C-BOA-purple-V2-LR3.jpg\" \/>\n\t<meta property=\"og:image:width\" content=\"1000\" \/>\n\t<meta property=\"og:image:height\" content=\"1000\" \/>\n\t<meta property=\"og:image:type\" content=\"image\/jpeg\" \/>\n<meta name=\"twitter:card\" content=\"summary_large_image\" \/>\n<meta name=\"twitter:label1\" content=\"Dur\u00e9e de lecture estim\u00e9e\" \/>\n\t<meta name=\"twitter:data1\" content=\"2 minutes\" \/>\n<script type=\"application\/ld+json\" class=\"yoast-schema-graph\">{\"@context\":\"https:\\\/\\\/schema.org\",\"@graph\":[{\"@type\":\"WebPage\",\"@id\":\"https:\\\/\\\/xactskateshop.com\\\/fr\\\/produit\\\/ensemble-bont-patriot-carbon-mauve-boa-kromkamp-lr3\\\/\",\"url\":\"https:\\\/\\\/xactskateshop.com\\\/fr\\\/produit\\\/ensemble-bont-patriot-carbon-mauve-boa-kromkamp-lr3\\\/\",\"name\":\"Ensemble BONT Patriot Carbon Mauve BOA\\\/Kromkamp LR3 - Xact Skate Shop\",\"isPartOf\":{\"@id\":\"http:\\\/\\\/xactskateshop.com\\\/fr\\\/#website\"},\"primaryImageOfPage\":{\"@id\":\"https:\\\/\\\/xactskateshop.com\\\/fr\\\/produit\\\/ensemble-bont-patriot-carbon-mauve-boa-kromkamp-lr3\\\/#primaryimage\"},\"image\":{\"@id\":\"https:\\\/\\\/xactskateshop.com\\\/fr\\\/produit\\\/ensemble-bont-patriot-carbon-mauve-boa-kromkamp-lr3\\\/#primaryimage\"},\"thumbnailUrl\":\"https:\\\/\\\/xactskateshop.com\\\/wp-content\\\/uploads\\\/2023\\\/05\\\/ST-Patriot-C-BOA-purple-V2-LR3.jpg\",\"datePublished\":\"2026-05-01T18:53:16+00:00\",\"dateModified\":\"2026-05-01T19:21:36+00:00\",\"description\":\"BONT Mauve Patriot Carbon BOA\\\/Kromkamp LR3. Plus rigide que le Patriot, le Patriot Carbon Boa offre plus de soutien. Boa l'ajustement \u00e0 la vol\u00e9e !\",\"breadcrumb\":{\"@id\":\"https:\\\/\\\/xactskateshop.com\\\/fr\\\/produit\\\/ensemble-bont-patriot-carbon-mauve-boa-kromkamp-lr3\\\/#breadcrumb\"},\"inLanguage\":\"fr-FR\",\"potentialAction\":[{\"@type\":\"ReadAction\",\"target\":[\"https:\\\/\\\/xactskateshop.com\\\/fr\\\/produit\\\/ensemble-bont-patriot-carbon-mauve-boa-kromkamp-lr3\\\/\"]}]},{\"@type\":\"ImageObject\",\"inLanguage\":\"fr-FR\",\"@id\":\"https:\\\/\\\/xactskateshop.com\\\/fr\\\/produit\\\/ensemble-bont-patriot-carbon-mauve-boa-kromkamp-lr3\\\/#primaryimage\",\"url\":\"https:\\\/\\\/xactskateshop.com\\\/wp-content\\\/uploads\\\/2023\\\/05\\\/ST-Patriot-C-BOA-purple-V2-LR3.jpg\",\"contentUrl\":\"https:\\\/\\\/xactskateshop.com\\\/wp-content\\\/uploads\\\/2023\\\/05\\\/ST-Patriot-C-BOA-purple-V2-LR3.jpg\",\"width\":1000,\"height\":1000},{\"@type\":\"BreadcrumbList\",\"@id\":\"https:\\\/\\\/xactskateshop.com\\\/fr\\\/produit\\\/ensemble-bont-patriot-carbon-mauve-boa-kromkamp-lr3\\\/#breadcrumb\",\"itemListElement\":[{\"@type\":\"ListItem\",\"position\":1,\"name\":\"Home\",\"item\":\"https:\\\/\\\/xactskateshop.com\\\/fr\\\/accueil\\\/\"},{\"@type\":\"ListItem\",\"position\":2,\"name\":\"Boutique\",\"item\":\"https:\\\/\\\/xactskateshop.com\\\/shop\\\/\"},{\"@type\":\"ListItem\",\"position\":3,\"name\":\"Ensemble BONT Patriot Carbon Mauve BOA\\\/Kromkamp LR3\"}]},{\"@type\":\"WebSite\",\"@id\":\"http:\\\/\\\/xactskateshop.com\\\/fr\\\/#website\",\"url\":\"http:\\\/\\\/xactskateshop.com\\\/fr\\\/\",\"name\":\"Xact Skate Shop\",\"description\":\"Un site utilisant WordPress\",\"publisher\":{\"@id\":\"http:\\\/\\\/xactskateshop.com\\\/fr\\\/#organization\"},\"potentialAction\":[{\"@type\":\"SearchAction\",\"target\":{\"@type\":\"EntryPoint\",\"urlTemplate\":\"http:\\\/\\\/xactskateshop.com\\\/fr\\\/?s={search_term_string}\"},\"query-input\":{\"@type\":\"PropertyValueSpecification\",\"valueRequired\":true,\"valueName\":\"search_term_string\"}}],\"inLanguage\":\"fr-FR\"},{\"@type\":\"Organization\",\"@id\":\"http:\\\/\\\/xactskateshop.com\\\/fr\\\/#organization\",\"name\":\"XACT Skate Shop\",\"url\":\"http:\\\/\\\/xactskateshop.com\\\/fr\\\/\",\"logo\":{\"@type\":\"ImageObject\",\"inLanguage\":\"fr-FR\",\"@id\":\"http:\\\/\\\/xactskateshop.com\\\/fr\\\/#\\\/schema\\\/logo\\\/image\\\/\",\"url\":\"http:\\\/\\\/xactskateshop.com\\\/wp-content\\\/uploads\\\/2024\\\/04\\\/xactskateshop-dot-com-avec-contour-noir-sans-fond-675x.jpg\",\"contentUrl\":\"http:\\\/\\\/xactskateshop.com\\\/wp-content\\\/uploads\\\/2024\\\/04\\\/xactskateshop-dot-com-avec-contour-noir-sans-fond-675x.jpg\",\"width\":675,\"height\":247,\"caption\":\"XACT Skate Shop\"},\"image\":{\"@id\":\"http:\\\/\\\/xactskateshop.com\\\/fr\\\/#\\\/schema\\\/logo\\\/image\\\/\"},\"sameAs\":[\"https:\\\/\\\/www.facebook.com\\\/JeanLouiskateshop\"]}]}<\/script>\n<!-- \/ Yoast SEO plugin. -->","yoast_head_json":{"title":"Ensemble BONT Patriot Carbon Mauve BOA\/Kromkamp LR3 - Xact Skate Shop","description":"BONT Mauve Patriot Carbon BOA\/Kromkamp LR3. Plus rigide que le Patriot, le Patriot Carbon Boa offre plus de soutien. Boa l'ajustement \u00e0 la vol\u00e9e !","robots":{"index":"index","follow":"follow","max-snippet":"max-snippet:-1","max-image-preview":"max-image-preview:large","max-video-preview":"max-video-preview:-1"},"canonical":"https:\/\/xactskateshop.com\/fr\/produit\/ensemble-bont-patriot-carbon-mauve-boa-kromkamp-lr3\/","og_locale":"fr_FR","og_type":"article","og_title":"Ensemble BONT Patriot Carbon Mauve BOA\/Kromkamp LR3 - Xact Skate Shop","og_description":"BONT Mauve Patriot Carbon BOA\/Kromkamp LR3. Plus rigide que le Patriot, le Patriot Carbon Boa offre plus de soutien. Boa l'ajustement \u00e0 la vol\u00e9e !","og_url":"https:\/\/xactskateshop.com\/fr\/produit\/ensemble-bont-patriot-carbon-mauve-boa-kromkamp-lr3\/","og_site_name":"Xact Skate Shop","article_publisher":"https:\/\/www.facebook.com\/JeanLouiskateshop","article_modified_time":"2026-05-01T19:21:36+00:00","og_image":[{"width":1000,"height":1000,"url":"https:\/\/xactskateshop.com\/wp-content\/uploads\/2023\/05\/ST-Patriot-C-BOA-purple-V2-LR3.jpg","type":"image\/jpeg"}],"twitter_card":"summary_large_image","twitter_misc":{"Dur\u00e9e de lecture estim\u00e9e":"2 minutes"},"schema":{"@context":"https:\/\/schema.org","@graph":[{"@type":"WebPage","@id":"https:\/\/xactskateshop.com\/fr\/produit\/ensemble-bont-patriot-carbon-mauve-boa-kromkamp-lr3\/","url":"https:\/\/xactskateshop.com\/fr\/produit\/ensemble-bont-patriot-carbon-mauve-boa-kromkamp-lr3\/","name":"Ensemble BONT Patriot Carbon Mauve BOA\/Kromkamp LR3 - Xact Skate Shop","isPartOf":{"@id":"http:\/\/xactskateshop.com\/fr\/#website"},"primaryImageOfPage":{"@id":"https:\/\/xactskateshop.com\/fr\/produit\/ensemble-bont-patriot-carbon-mauve-boa-kromkamp-lr3\/#primaryimage"},"image":{"@id":"https:\/\/xactskateshop.com\/fr\/produit\/ensemble-bont-patriot-carbon-mauve-boa-kromkamp-lr3\/#primaryimage"},"thumbnailUrl":"https:\/\/xactskateshop.com\/wp-content\/uploads\/2023\/05\/ST-Patriot-C-BOA-purple-V2-LR3.jpg","datePublished":"2026-05-01T18:53:16+00:00","dateModified":"2026-05-01T19:21:36+00:00","description":"BONT Mauve Patriot Carbon BOA\/Kromkamp LR3. Plus rigide que le Patriot, le Patriot Carbon Boa offre plus de soutien. Boa l'ajustement \u00e0 la vol\u00e9e !","breadcrumb":{"@id":"https:\/\/xactskateshop.com\/fr\/produit\/ensemble-bont-patriot-carbon-mauve-boa-kromkamp-lr3\/#breadcrumb"},"inLanguage":"fr-FR","potentialAction":[{"@type":"ReadAction","target":["https:\/\/xactskateshop.com\/fr\/produit\/ensemble-bont-patriot-carbon-mauve-boa-kromkamp-lr3\/"]}]},{"@type":"ImageObject","inLanguage":"fr-FR","@id":"https:\/\/xactskateshop.com\/fr\/produit\/ensemble-bont-patriot-carbon-mauve-boa-kromkamp-lr3\/#primaryimage","url":"https:\/\/xactskateshop.com\/wp-content\/uploads\/2023\/05\/ST-Patriot-C-BOA-purple-V2-LR3.jpg","contentUrl":"https:\/\/xactskateshop.com\/wp-content\/uploads\/2023\/05\/ST-Patriot-C-BOA-purple-V2-LR3.jpg","width":1000,"height":1000},{"@type":"BreadcrumbList","@id":"https:\/\/xactskateshop.com\/fr\/produit\/ensemble-bont-patriot-carbon-mauve-boa-kromkamp-lr3\/#breadcrumb","itemListElement":[{"@type":"ListItem","position":1,"name":"Home","item":"https:\/\/xactskateshop.com\/fr\/accueil\/"},{"@type":"ListItem","position":2,"name":"Boutique","item":"https:\/\/xactskateshop.com\/shop\/"},{"@type":"ListItem","position":3,"name":"Ensemble BONT Patriot Carbon Mauve BOA\/Kromkamp LR3"}]},{"@type":"WebSite","@id":"http:\/\/xactskateshop.com\/fr\/#website","url":"http:\/\/xactskateshop.com\/fr\/","name":"Xact Skate Shop","description":"Un site utilisant WordPress","publisher":{"@id":"http:\/\/xactskateshop.com\/fr\/#organization"},"potentialAction":[{"@type":"SearchAction","target":{"@type":"EntryPoint","urlTemplate":"http:\/\/xactskateshop.com\/fr\/?s={search_term_string}"},"query-input":{"@type":"PropertyValueSpecification","valueRequired":true,"valueName":"search_term_string"}}],"inLanguage":"fr-FR"},{"@type":"Organization","@id":"http:\/\/xactskateshop.com\/fr\/#organization","name":"XACT Skate Shop","url":"http:\/\/xactskateshop.com\/fr\/","logo":{"@type":"ImageObject","inLanguage":"fr-FR","@id":"http:\/\/xactskateshop.com\/fr\/#\/schema\/logo\/image\/","url":"http:\/\/xactskateshop.com\/wp-content\/uploads\/2024\/04\/xactskateshop-dot-com-avec-contour-noir-sans-fond-675x.jpg","contentUrl":"http:\/\/xactskateshop.com\/wp-content\/uploads\/2024\/04\/xactskateshop-dot-com-avec-contour-noir-sans-fond-675x.jpg","width":675,"height":247,"caption":"XACT Skate Shop"},"image":{"@id":"http:\/\/xactskateshop.com\/fr\/#\/schema\/logo\/image\/"},"sameAs":["https:\/\/www.facebook.com\/JeanLouiskateshop"]}]}},"_links":{"self":[{"href":"https:\/\/xactskateshop.com\/fr\/wp-json\/wp\/v2\/product\/72090","targetHints":{"allow":["GET"]}}],"collection":[{"href":"https:\/\/xactskateshop.com\/fr\/wp-json\/wp\/v2\/product"}],"about":[{"href":"https:\/\/xactskateshop.com\/fr\/wp-json\/wp\/v2\/types\/product"}],"replies":[{"embeddable":true,"href":"https:\/\/xactskateshop.com\/fr\/wp-json\/wp\/v2\/comments?post=72090"}],"wp:featuredmedia":[{"embeddable":true,"href":"https:\/\/xactskateshop.com\/fr\/wp-json\/wp\/v2\/media\/72055"}],"wp:attachment":[{"href":"https:\/\/xactskateshop.com\/fr\/wp-json\/wp\/v2\/media?parent=72090"}],"wp:term":[{"taxonomy":"product_brand","embeddable":true,"href":"https:\/\/xactskateshop.com\/fr\/wp-json\/wp\/v2\/product_brand?post=72090"},{"taxonomy":"product_cat","embeddable":true,"href":"https:\/\/xactskateshop.com\/fr\/wp-json\/wp\/v2\/product_cat?post=72090"},{"taxonomy":"product_tag","embeddable":true,"href":"https:\/\/xactskateshop.com\/fr\/wp-json\/wp\/v2\/product_tag?post=72090"}],"curies":[{"name":"wp","href":"https:\/\/api.w.org\/{rel}","templated":true}]}}