{"id":72038,"date":"2026-04-25T14:16:53","date_gmt":"2026-04-25T18:16:53","guid":{"rendered":"https:\/\/xactskateshop.com\/?post_type=product&#038;p=72038"},"modified":"2026-04-25T14:32:48","modified_gmt":"2026-04-25T18:32:48","slug":"roulements-bont-pro-ensemble-de-16","status":"publish","type":"product","link":"https:\/\/xactskateshop.com\/fr\/produit\/roulements-bont-pro-ensemble-de-16\/","title":{"rendered":"Roulements BONT PRO ensemble de 16"},"content":{"rendered":"<p>D\u00e9couvrez le roulement Bont Pro Racing\u00a0: le summum de la pr\u00e9cision pour les patineurs les plus exigeants. Con\u00e7u par Bont Skates, une marque de r\u00e9f\u00e9rence dans le monde du patinage de vitesse en ligne, ce roulement est le fruit d&#8217;ann\u00e9es de recherche et d\u00e9veloppement et r\u00e9volutionnera votre exp\u00e9rience de patinage.<\/p>\n<p>Con\u00e7u pour les champions, test\u00e9 par les professionnels\u00a0: le roulement Bont Pro Racing a \u00e9t\u00e9 mis \u00e0 rude \u00e9preuve par les meilleurs patineurs de vitesse, de roller derby et de park au monde. Leurs retours et leur expertise nous ont permis de cr\u00e9er un roulement offrant des performances, une vitesse et une durabilit\u00e9 in\u00e9gal\u00e9es.<\/p>\n<p>Des sp\u00e9cifications exceptionnelles\u00a0: le roulement Bont Pro Racing est disponible en taille standard 608, ce qui le rend compatible avec la plupart des patins en ligne et \u00e0 roulettes. Sa particularit\u00e9\u00a0? Des caract\u00e9ristiques con\u00e7ues avec soin\u00a0:<\/p>\n<p>1. Double protection pour une s\u00e9curit\u00e9 optimale\u00a0: ce roulement est dot\u00e9 de deux protections\u00a0: une protection en caoutchouc robuste d&#8217;un c\u00f4t\u00e9 et une protection en nylon haute r\u00e9sistance de l&#8217;autre. Ces protections sont con\u00e7ues pour emp\u00eacher la salet\u00e9 et les d\u00e9bris de p\u00e9n\u00e9trer, garantissant ainsi la propret\u00e9 et le fonctionnement optimal de vos roulements.<\/p>\n<p>2. Entretien facile : Nous savons combien il est important pour les patineurs d&#8217;un entretien facile. C&#8217;est pourquoi le roulement Bont Pro Racing est \u00e9quip\u00e9 de flasques amovibles. Nettoyer et lubrifier vos roulements devient un jeu d&#8217;enfant, vous permettant ainsi de passer plus de temps sur la piste et moins de temps \u00e0 l&#8217;atelier.<\/p>\n<p>3. Huile de comp\u00e9tition allemande : Chaque roulement Bont Pro Racing contient une huile de comp\u00e9tition allemande de la plus haute qualit\u00e9. Cette lubrification haut de gamme garantit des performances fluides, constantes et fiables, que vous soyez sur piste ou au skatepark.<\/p>\n<p>4. Conception de pr\u00e9cision \u00e0 7 billes : Le roulement Bont Pro Racing b\u00e9n\u00e9ficie d&#8217;une configuration \u00e0 7 billes, optimisant la r\u00e9partition de la charge et r\u00e9duisant la friction. Vous profiterez ainsi d&#8217;une r\u00e9sistance au roulement r\u00e9duite, d&#8217;une vitesse accrue et d&#8217;une dur\u00e9e de vie prolong\u00e9e.<\/p>\n<p>Pr\u00eat \u00e0 rouler : D\u00e8s sa sortie de l&#8217;emballage, le roulement Bont Pro Racing est pr\u00eat \u00e0 l&#8217;emploi. Que vous soyez un comp\u00e9titeur chevronn\u00e9 ou un adepte du skatepark, vous constaterez la diff\u00e9rence d\u00e8s que vous chausserez vos patins.<\/p>\n<p>Avec plus de 22 millions de roulements vendus, Bont Skates a fait ses preuves en fournissant des produits haut de gamme \u00e0 la communaut\u00e9 des patineurs. Rejoignez les champions et repoussez vos limites avec le roulement Bont Pro Racing. Bien plus qu&#8217;un simple roulement, c&#8217;est la cl\u00e9 de l&#8217;excellence. Passez \u00e0 la vitesse sup\u00e9rieure d\u00e8s aujourd&#8217;hui et d\u00e9couvrez le summum en mati\u00e8re de vitesse, de performance et de fiabilit\u00e9.<\/p>\n<p>Entretien optimal de vos roulements avec la qualit\u00e9 Bont\u00a0: Pour que vos roulements Bont Pro Racing conservent des performances optimales, utilisez l&#8217;huile pour roulements Bont Crank et le nettoyant pour roulements Bont pour un entretien facile. Gardez vos roulements en parfait \u00e9tat pour patiner en toute confiance.<\/p>\n<p>Type de roulement\u00a0: 608 8\u00a0mm<\/p>\n<p>Dimensions\u00a0: Noyau de 8\u00a0mm, diam\u00e8tre ext\u00e9rieur de 22\u00a0mm, largeur de 7\u00a0mm<\/p>\n<p>Protection\u00a0: 1-Z shield<\/p>\n<p>Cage\u00a0: Cage en plastique TN9<br \/>\nNombre de billes\u00a0: 7<br \/>\nMat\u00e9riau des billes\u00a0: Acier haute qualit\u00e9<br \/>\n<strong>Lot de 16\u00a0pi\u00e8ces.<\/strong><\/p>\n<p><strong>Entretoises non incluses.<\/strong><\/p>\n<p><strong><img decoding=\"async\" src=\"https:\/\/cdn.shopify.com\/s\/files\/1\/0048\/6242\/files\/DSC00165.jpg?v=1711340644\" \/><\/strong><\/p>\n<p><strong><img decoding=\"async\" src=\"https:\/\/cdn.shopify.com\/s\/files\/1\/0048\/6242\/files\/DSC00162.jpg?v=1711340644\" \/><\/strong><\/p>\n<p><strong><img decoding=\"async\" src=\"https:\/\/cdn.shopify.com\/s\/files\/1\/0048\/6242\/files\/DSC00171.jpg?v=1711340644\" \/><\/strong><\/p>\n<p>Trouvez d&#8217;autres mod\u00e8les <a href=\"https:\/\/xactskateshop.com\/fr\/categorie-de-produits\/patinage-de-vitesse-a-roues-alignees\/roulements-et-outils-dentretien-2\/\">ici<\/a><\/p>\n<p>Vous pouvez \u00e9galement les acheter <a href=\"https:\/\/bont.ca\/collections\/inline-skate-bearings\">ici<\/a><\/p>\n","protected":false},"excerpt":{"rendered":"<hr \/>\n<p style=\"text-align: center;\">D\u00e9couvrez le roulement Bont Pro Racing\u00a0: le summum de la pr\u00e9cision pour les patineurs les plus exigeants.<\/p>\n<hr \/>\n<p>&nbsp;<\/p>\n","protected":false},"featured_media":72040,"comment_status":"closed","ping_status":"closed","template":"","meta":{"site-sidebar-layout":"default","site-content-layout":"default","ast-site-content-layout":"default","site-content-style":"default","site-sidebar-style":"default","ast-global-header-display":"","ast-banner-title-visibility":"","ast-main-header-display":"","ast-hfb-above-header-display":"","ast-hfb-below-header-display":"","ast-hfb-mobile-header-display":"","site-post-title":"","ast-breadcrumbs-content":"","ast-featured-img":"","footer-sml-layout":"","ast-disable-related-posts":"","theme-transparent-header-meta":"default","adv-header-id-meta":"","stick-header-meta":"","header-above-stick-meta":"","header-main-stick-meta":"","header-below-stick-meta":"","astra-migrate-meta-layouts":"set","ast-page-background-enabled":"default","ast-page-background-meta":{"desktop":{"background-color":"","background-image":"","background-repeat":"repeat","background-position":"center center","background-size":"auto","background-attachment":"scroll","background-type":"","background-media":"","overlay-type":"","overlay-color":"","overlay-opacity":"","overlay-gradient":""},"tablet":{"background-color":"","background-image":"","background-repeat":"repeat","background-position":"center center","background-size":"auto","background-attachment":"scroll","background-type":"","background-media":"","overlay-type":"","overlay-color":"","overlay-opacity":"","overlay-gradient":""},"mobile":{"background-color":"","background-image":"","background-repeat":"repeat","background-position":"center center","background-size":"auto","background-attachment":"scroll","background-type":"","background-media":"","overlay-type":"","overlay-color":"","overlay-opacity":"","overlay-gradient":""}},"ast-content-background-meta":{"desktop":{"background-color":"var(--ast-global-color-5)","background-image":"","background-repeat":"repeat","background-position":"center center","background-size":"auto","background-attachment":"scroll","background-type":"","background-media":"","overlay-type":"","overlay-color":"","overlay-opacity":"","overlay-gradient":""},"tablet":{"background-color":"var(--ast-global-color-5)","background-image":"","background-repeat":"repeat","background-position":"center center","background-size":"auto","background-attachment":"scroll","background-type":"","background-media":"","overlay-type":"","overlay-color":"","overlay-opacity":"","overlay-gradient":""},"mobile":{"background-color":"var(--ast-global-color-5)","background-image":"","background-repeat":"repeat","background-position":"center center","background-size":"auto","background-attachment":"scroll","background-type":"","background-media":"","overlay-type":"","overlay-color":"","overlay-opacity":"","overlay-gradient":""}}},"product_brand":[],"product_cat":[1736,1739],"product_tag":[],"class_list":{"0":"post-72038","1":"product","2":"type-product","3":"status-publish","4":"has-post-thumbnail","6":"product_cat-roulements-et-outils-dentretien-2","7":"product_cat-roulements-et-outils-dentretien-fr-3","8":"desktop-align-center","9":"tablet-align-center","10":"mobile-align-center","11":"ast-product-gallery-layout-horizontal","12":"ast-product-tabs-layout-horizontal","13":"ast-qv-on-image","15":"first","16":"instock","17":"taxable","18":"shipping-taxable","19":"purchasable","20":"product-type-simple"},"bundled_by":[],"bundle_stock_status":"instock","bundle_stock_quantity":371,"bundle_virtual":false,"bundle_layout":"","bundle_add_to_cart_form_location":"","bundle_editable_in_cart":false,"bundle_sold_individually_context":"","bundle_item_grouping":"","bundle_min_size":"","bundle_max_size":"","bundle_price":[],"bundled_items":[],"bundle_sell_ids":[],"yoast_head":"<!-- This site is optimized with the Yoast SEO plugin v27.4 - https:\/\/yoast.com\/product\/yoast-seo-wordpress\/ -->\n<title>Roulements BONT PRO ensemble de 16 - Xact Skate Shop<\/title>\n<meta name=\"description\" content=\"Roulements BONT PRO. D\u00e9couvrez le roulement Bont Pro Racing\u00a0: le summum de la pr\u00e9cision pour les patineurs les plus exigeants.\" \/>\n<meta name=\"robots\" content=\"index, follow, max-snippet:-1, max-image-preview:large, max-video-preview:-1\" \/>\n<link rel=\"canonical\" href=\"https:\/\/xactskateshop.com\/fr\/produit\/roulements-bont-pro-ensemble-de-16\/\" \/>\n<meta property=\"og:locale\" content=\"fr_FR\" \/>\n<meta property=\"og:type\" content=\"article\" \/>\n<meta property=\"og:title\" content=\"Roulements BONT PRO ensemble de 16 - Xact Skate Shop\" \/>\n<meta property=\"og:description\" content=\"Roulements BONT PRO. D\u00e9couvrez le roulement Bont Pro Racing\u00a0: le summum de la pr\u00e9cision pour les patineurs les plus exigeants.\" \/>\n<meta property=\"og:url\" content=\"https:\/\/xactskateshop.com\/fr\/produit\/roulements-bont-pro-ensemble-de-16\/\" \/>\n<meta property=\"og:site_name\" content=\"Xact Skate Shop\" \/>\n<meta property=\"article:publisher\" content=\"https:\/\/www.facebook.com\/JeanLouiskateshop\" \/>\n<meta property=\"article:modified_time\" content=\"2026-04-25T18:32:48+00:00\" \/>\n<meta property=\"og:image\" content=\"https:\/\/xactskateshop.com\/wp-content\/uploads\/2026\/04\/pro-bearings-1.jpg\" \/>\n\t<meta property=\"og:image:width\" content=\"1000\" \/>\n\t<meta property=\"og:image:height\" content=\"1000\" \/>\n\t<meta property=\"og:image:type\" content=\"image\/jpeg\" \/>\n<meta name=\"twitter:card\" content=\"summary_large_image\" \/>\n<meta name=\"twitter:label1\" content=\"Dur\u00e9e de lecture estim\u00e9e\" \/>\n\t<meta name=\"twitter:data1\" content=\"4 minutes\" \/>\n<script type=\"application\/ld+json\" class=\"yoast-schema-graph\">{\"@context\":\"https:\\\/\\\/schema.org\",\"@graph\":[{\"@type\":\"WebPage\",\"@id\":\"https:\\\/\\\/xactskateshop.com\\\/fr\\\/produit\\\/roulements-bont-pro-ensemble-de-16\\\/\",\"url\":\"https:\\\/\\\/xactskateshop.com\\\/fr\\\/produit\\\/roulements-bont-pro-ensemble-de-16\\\/\",\"name\":\"Roulements BONT PRO ensemble de 16 - Xact Skate Shop\",\"isPartOf\":{\"@id\":\"http:\\\/\\\/xactskateshop.com\\\/fr\\\/#website\"},\"primaryImageOfPage\":{\"@id\":\"https:\\\/\\\/xactskateshop.com\\\/fr\\\/produit\\\/roulements-bont-pro-ensemble-de-16\\\/#primaryimage\"},\"image\":{\"@id\":\"https:\\\/\\\/xactskateshop.com\\\/fr\\\/produit\\\/roulements-bont-pro-ensemble-de-16\\\/#primaryimage\"},\"thumbnailUrl\":\"https:\\\/\\\/xactskateshop.com\\\/wp-content\\\/uploads\\\/2026\\\/04\\\/pro-bearings-1.jpg\",\"datePublished\":\"2026-04-25T18:16:53+00:00\",\"dateModified\":\"2026-04-25T18:32:48+00:00\",\"description\":\"Roulements BONT PRO. D\u00e9couvrez le roulement Bont Pro Racing\u00a0: le summum de la pr\u00e9cision pour les patineurs les plus exigeants.\",\"breadcrumb\":{\"@id\":\"https:\\\/\\\/xactskateshop.com\\\/fr\\\/produit\\\/roulements-bont-pro-ensemble-de-16\\\/#breadcrumb\"},\"inLanguage\":\"fr-FR\",\"potentialAction\":[{\"@type\":\"ReadAction\",\"target\":[\"https:\\\/\\\/xactskateshop.com\\\/fr\\\/produit\\\/roulements-bont-pro-ensemble-de-16\\\/\"]}]},{\"@type\":\"ImageObject\",\"inLanguage\":\"fr-FR\",\"@id\":\"https:\\\/\\\/xactskateshop.com\\\/fr\\\/produit\\\/roulements-bont-pro-ensemble-de-16\\\/#primaryimage\",\"url\":\"https:\\\/\\\/xactskateshop.com\\\/wp-content\\\/uploads\\\/2026\\\/04\\\/pro-bearings-1.jpg\",\"contentUrl\":\"https:\\\/\\\/xactskateshop.com\\\/wp-content\\\/uploads\\\/2026\\\/04\\\/pro-bearings-1.jpg\",\"width\":1000,\"height\":1000},{\"@type\":\"BreadcrumbList\",\"@id\":\"https:\\\/\\\/xactskateshop.com\\\/fr\\\/produit\\\/roulements-bont-pro-ensemble-de-16\\\/#breadcrumb\",\"itemListElement\":[{\"@type\":\"ListItem\",\"position\":1,\"name\":\"Home\",\"item\":\"https:\\\/\\\/xactskateshop.com\\\/fr\\\/accueil\\\/\"},{\"@type\":\"ListItem\",\"position\":2,\"name\":\"Boutique\",\"item\":\"https:\\\/\\\/xactskateshop.com\\\/shop\\\/\"},{\"@type\":\"ListItem\",\"position\":3,\"name\":\"Roulements BONT PRO ensemble de 16\"}]},{\"@type\":\"WebSite\",\"@id\":\"http:\\\/\\\/xactskateshop.com\\\/fr\\\/#website\",\"url\":\"http:\\\/\\\/xactskateshop.com\\\/fr\\\/\",\"name\":\"Xact Skate Shop\",\"description\":\"Un site utilisant WordPress\",\"publisher\":{\"@id\":\"http:\\\/\\\/xactskateshop.com\\\/fr\\\/#organization\"},\"potentialAction\":[{\"@type\":\"SearchAction\",\"target\":{\"@type\":\"EntryPoint\",\"urlTemplate\":\"http:\\\/\\\/xactskateshop.com\\\/fr\\\/?s={search_term_string}\"},\"query-input\":{\"@type\":\"PropertyValueSpecification\",\"valueRequired\":true,\"valueName\":\"search_term_string\"}}],\"inLanguage\":\"fr-FR\"},{\"@type\":\"Organization\",\"@id\":\"http:\\\/\\\/xactskateshop.com\\\/fr\\\/#organization\",\"name\":\"XACT Skate Shop\",\"url\":\"http:\\\/\\\/xactskateshop.com\\\/fr\\\/\",\"logo\":{\"@type\":\"ImageObject\",\"inLanguage\":\"fr-FR\",\"@id\":\"http:\\\/\\\/xactskateshop.com\\\/fr\\\/#\\\/schema\\\/logo\\\/image\\\/\",\"url\":\"http:\\\/\\\/xactskateshop.com\\\/wp-content\\\/uploads\\\/2024\\\/04\\\/xactskateshop-dot-com-avec-contour-noir-sans-fond-675x.jpg\",\"contentUrl\":\"http:\\\/\\\/xactskateshop.com\\\/wp-content\\\/uploads\\\/2024\\\/04\\\/xactskateshop-dot-com-avec-contour-noir-sans-fond-675x.jpg\",\"width\":675,\"height\":247,\"caption\":\"XACT Skate Shop\"},\"image\":{\"@id\":\"http:\\\/\\\/xactskateshop.com\\\/fr\\\/#\\\/schema\\\/logo\\\/image\\\/\"},\"sameAs\":[\"https:\\\/\\\/www.facebook.com\\\/JeanLouiskateshop\"]}]}<\/script>\n<!-- \/ Yoast SEO plugin. -->","yoast_head_json":{"title":"Roulements BONT PRO ensemble de 16 - Xact Skate Shop","description":"Roulements BONT PRO. D\u00e9couvrez le roulement Bont Pro Racing\u00a0: le summum de la pr\u00e9cision pour les patineurs les plus exigeants.","robots":{"index":"index","follow":"follow","max-snippet":"max-snippet:-1","max-image-preview":"max-image-preview:large","max-video-preview":"max-video-preview:-1"},"canonical":"https:\/\/xactskateshop.com\/fr\/produit\/roulements-bont-pro-ensemble-de-16\/","og_locale":"fr_FR","og_type":"article","og_title":"Roulements BONT PRO ensemble de 16 - Xact Skate Shop","og_description":"Roulements BONT PRO. D\u00e9couvrez le roulement Bont Pro Racing\u00a0: le summum de la pr\u00e9cision pour les patineurs les plus exigeants.","og_url":"https:\/\/xactskateshop.com\/fr\/produit\/roulements-bont-pro-ensemble-de-16\/","og_site_name":"Xact Skate Shop","article_publisher":"https:\/\/www.facebook.com\/JeanLouiskateshop","article_modified_time":"2026-04-25T18:32:48+00:00","og_image":[{"width":1000,"height":1000,"url":"https:\/\/xactskateshop.com\/wp-content\/uploads\/2026\/04\/pro-bearings-1.jpg","type":"image\/jpeg"}],"twitter_card":"summary_large_image","twitter_misc":{"Dur\u00e9e de lecture estim\u00e9e":"4 minutes"},"schema":{"@context":"https:\/\/schema.org","@graph":[{"@type":"WebPage","@id":"https:\/\/xactskateshop.com\/fr\/produit\/roulements-bont-pro-ensemble-de-16\/","url":"https:\/\/xactskateshop.com\/fr\/produit\/roulements-bont-pro-ensemble-de-16\/","name":"Roulements BONT PRO ensemble de 16 - Xact Skate Shop","isPartOf":{"@id":"http:\/\/xactskateshop.com\/fr\/#website"},"primaryImageOfPage":{"@id":"https:\/\/xactskateshop.com\/fr\/produit\/roulements-bont-pro-ensemble-de-16\/#primaryimage"},"image":{"@id":"https:\/\/xactskateshop.com\/fr\/produit\/roulements-bont-pro-ensemble-de-16\/#primaryimage"},"thumbnailUrl":"https:\/\/xactskateshop.com\/wp-content\/uploads\/2026\/04\/pro-bearings-1.jpg","datePublished":"2026-04-25T18:16:53+00:00","dateModified":"2026-04-25T18:32:48+00:00","description":"Roulements BONT PRO. D\u00e9couvrez le roulement Bont Pro Racing\u00a0: le summum de la pr\u00e9cision pour les patineurs les plus exigeants.","breadcrumb":{"@id":"https:\/\/xactskateshop.com\/fr\/produit\/roulements-bont-pro-ensemble-de-16\/#breadcrumb"},"inLanguage":"fr-FR","potentialAction":[{"@type":"ReadAction","target":["https:\/\/xactskateshop.com\/fr\/produit\/roulements-bont-pro-ensemble-de-16\/"]}]},{"@type":"ImageObject","inLanguage":"fr-FR","@id":"https:\/\/xactskateshop.com\/fr\/produit\/roulements-bont-pro-ensemble-de-16\/#primaryimage","url":"https:\/\/xactskateshop.com\/wp-content\/uploads\/2026\/04\/pro-bearings-1.jpg","contentUrl":"https:\/\/xactskateshop.com\/wp-content\/uploads\/2026\/04\/pro-bearings-1.jpg","width":1000,"height":1000},{"@type":"BreadcrumbList","@id":"https:\/\/xactskateshop.com\/fr\/produit\/roulements-bont-pro-ensemble-de-16\/#breadcrumb","itemListElement":[{"@type":"ListItem","position":1,"name":"Home","item":"https:\/\/xactskateshop.com\/fr\/accueil\/"},{"@type":"ListItem","position":2,"name":"Boutique","item":"https:\/\/xactskateshop.com\/shop\/"},{"@type":"ListItem","position":3,"name":"Roulements BONT PRO ensemble de 16"}]},{"@type":"WebSite","@id":"http:\/\/xactskateshop.com\/fr\/#website","url":"http:\/\/xactskateshop.com\/fr\/","name":"Xact Skate Shop","description":"Un site utilisant WordPress","publisher":{"@id":"http:\/\/xactskateshop.com\/fr\/#organization"},"potentialAction":[{"@type":"SearchAction","target":{"@type":"EntryPoint","urlTemplate":"http:\/\/xactskateshop.com\/fr\/?s={search_term_string}"},"query-input":{"@type":"PropertyValueSpecification","valueRequired":true,"valueName":"search_term_string"}}],"inLanguage":"fr-FR"},{"@type":"Organization","@id":"http:\/\/xactskateshop.com\/fr\/#organization","name":"XACT Skate Shop","url":"http:\/\/xactskateshop.com\/fr\/","logo":{"@type":"ImageObject","inLanguage":"fr-FR","@id":"http:\/\/xactskateshop.com\/fr\/#\/schema\/logo\/image\/","url":"http:\/\/xactskateshop.com\/wp-content\/uploads\/2024\/04\/xactskateshop-dot-com-avec-contour-noir-sans-fond-675x.jpg","contentUrl":"http:\/\/xactskateshop.com\/wp-content\/uploads\/2024\/04\/xactskateshop-dot-com-avec-contour-noir-sans-fond-675x.jpg","width":675,"height":247,"caption":"XACT Skate Shop"},"image":{"@id":"http:\/\/xactskateshop.com\/fr\/#\/schema\/logo\/image\/"},"sameAs":["https:\/\/www.facebook.com\/JeanLouiskateshop"]}]}},"_links":{"self":[{"href":"https:\/\/xactskateshop.com\/fr\/wp-json\/wp\/v2\/product\/72038","targetHints":{"allow":["GET"]}}],"collection":[{"href":"https:\/\/xactskateshop.com\/fr\/wp-json\/wp\/v2\/product"}],"about":[{"href":"https:\/\/xactskateshop.com\/fr\/wp-json\/wp\/v2\/types\/product"}],"replies":[{"embeddable":true,"href":"https:\/\/xactskateshop.com\/fr\/wp-json\/wp\/v2\/comments?post=72038"}],"wp:featuredmedia":[{"embeddable":true,"href":"https:\/\/xactskateshop.com\/fr\/wp-json\/wp\/v2\/media\/72040"}],"wp:attachment":[{"href":"https:\/\/xactskateshop.com\/fr\/wp-json\/wp\/v2\/media?parent=72038"}],"wp:term":[{"taxonomy":"product_brand","embeddable":true,"href":"https:\/\/xactskateshop.com\/fr\/wp-json\/wp\/v2\/product_brand?post=72038"},{"taxonomy":"product_cat","embeddable":true,"href":"https:\/\/xactskateshop.com\/fr\/wp-json\/wp\/v2\/product_cat?post=72038"},{"taxonomy":"product_tag","embeddable":true,"href":"https:\/\/xactskateshop.com\/fr\/wp-json\/wp\/v2\/product_tag?post=72038"}],"curies":[{"name":"wp","href":"https:\/\/api.w.org\/{rel}","templated":true}]}}