{"id":71801,"date":"2026-04-14T14:25:07","date_gmt":"2026-04-14T18:25:07","guid":{"rendered":"https:\/\/xactskateshop.com\/?post_type=product&#038;p=71801"},"modified":"2026-04-14T15:41:44","modified_gmt":"2026-04-14T19:41:44","slug":"ensemble-chassis-cadomotus-argon-tr4-compatible-bottine-courte-piste","status":"publish","type":"product","link":"https:\/\/xactskateshop.com\/fr\/produit\/ensemble-chassis-cadomotus-argon-tr4-compatible-bottine-courte-piste\/","title":{"rendered":"Ensemble chassis CADOMOTUS ARGON TR4 (compatible bottine courte piste)"},"content":{"rendered":"<div class=\"title-small title-font\">\n<div class=\"title-small title-font\">Description<\/div>\n<p>D\u00e9couvrez l&#8217;innovation C\u00e1domotus, la marque de patins \u00e0 roues align\u00e9es pour enfants r\u00e9put\u00e9e pour ses platines de pointe con\u00e7ues pour la comp\u00e9tition. Avec la platine Argon TR4, version aluminium de la Neo TR2 en magn\u00e9sium, votre enfant prendra la t\u00eate du classement ! La platine Argon fait partie du pack de patins C\u00e1domotus Rookie, et surtout, elle est compatible avec les configurations \u00e0 3 et 4 roues, s&#8217;adaptant ainsi \u00e0 la croissance de votre enfant en un clin d&#8217;\u0153il !<\/p>\n<h2><strong>Pourquoi choisir entre 3 ou 4 roues ?<\/strong><\/h2>\n<p>Avec le C\u00e1domotus Transformer, le chassis \u00e9volue avec les ambitions de son jeune propri\u00e9taire. Commencez avec 3 petites roues pour apprendre plus rapidement votre technique de double pouss\u00e9e. Devenez plus fort et poussez plus fort avec 4 roues pour augmenter vos performances. Et si vous voulez encore plus de vitesse, passez \u00e0 3 grandes roues pour faire les premiers pas vers le sommet de votre jeu.<\/p>\n<ol>\n<li>Apprenez votre technique de double pouss\u00e9e plus rapidement sur trois roues<\/li>\n<li>Devenez plus fort et poussez plus loin sur quatre roues<\/li>\n<\/ol>\n<h2><strong>Mais quelles sont les meilleures roues pour votre enfant ?<\/strong><\/h2>\n<p>Exp\u00e9rimentez les diam\u00e8tres de roues et d\u00e9couvrez les possibilit\u00e9s. Avec une configuration 3&#215;90, vous \u00eates ultra-l\u00e9ger et agile, parfait pour apprendre les bases. Avec une configuration 4&#215;90, vous \u00eates plus stable et pouvez commencer \u00e0 patiner plus rapidement. Et avec une configuration 3&#215;110, vous \u00eates l\u00e9ger et rapide, id\u00e9al pour am\u00e9liorer votre agilit\u00e9 \u00e0 des vitesses plus \u00e9lev\u00e9es.<\/p>\n<ol>\n<li>Sur 3 petites roues, vous \u00eates ultra-l\u00e9ger et agile, ce qui est bon pour les techniques de base.<\/li>\n<li>Sur 4 petites roues, vous \u00eates plus stable et vous apprenez \u00e0 patiner plus rapidement.<\/li>\n<li>Sur 3 roues plus grandes, vous \u00eates plus l\u00e9ger et plus rapide, pour optimiser votre agilit\u00e9 \u00e0 des vitesses plus \u00e9lev\u00e9es.<\/li>\n<\/ol>\n<p>L&#8217;Argon TR4 est disponible en 3 longueurs de chassis. Choisissez le 10&#8243; pour un montage de roues 4&#215;84, qui s&#8217;adaptera \u00e0 la plupart des petites chaussures, avec un espace de 150 ou 165 entre les trous de montage avant et arri\u00e8re ; le 11&#8243; pour un montage de roues 4&#215;90 avec une distance de montage de 165 mm ; ou le 12&#8243; pour un montage de roues 4x100mm, qui s&#8217;adaptera \u00e0 des chaussures avec des options de montage de 165 ou 195.<\/p>\n<p>Avec C\u00e1domotus, vous avez la possibilit\u00e9 de choisir la meilleure configuration pour le d\u00e9veloppement de votre enfant, \u00e0 la fois physiquement et techniquement. Tirez le meilleur parti de l&#8217;exp\u00e9rience du roller de votre enfant avec C\u00e1domotus, la marque synonyme d&#8217;innovation et de qualit\u00e9.<\/p>\n<p>INSTALLATION :<\/p>\n<p>PS : Les bottes Courte Piste ont un espacement de 165mm entre les points d&#8217;attache.<\/p>\n<p>10&#8243; = 4x84mm\/3x90mm (espacement des points de fixation : 150 ou 165mm)<\/p>\n<p>11&#8243;= 4x90mm\/3x100mm (espacement des points de fixation : 165mm)<\/p>\n<p>12&#8243;= 4x100mm\/3x110mm (espacement des points de fixation : 165m ou 195mm)<\/p>\n<\/div>\n<p><img fetchpriority=\"high\" decoding=\"async\" class=\"alignnone size-medium wp-image-71806\" src=\"https:\/\/xactskateshop.com\/wp-content\/uploads\/2026\/04\/size-chart-300x300.jpg\" alt=\"\" width=\"300\" height=\"300\" srcset=\"https:\/\/xactskateshop.com\/wp-content\/uploads\/2026\/04\/size-chart-300x300.jpg 300w, https:\/\/xactskateshop.com\/wp-content\/uploads\/2026\/04\/size-chart-150x150.jpg 150w, https:\/\/xactskateshop.com\/wp-content\/uploads\/2026\/04\/size-chart-768x768.jpg 768w, https:\/\/xactskateshop.com\/wp-content\/uploads\/2026\/04\/size-chart-100x100.jpg 100w, https:\/\/xactskateshop.com\/wp-content\/uploads\/2026\/04\/size-chart-50x50.jpg 50w, https:\/\/xactskateshop.com\/wp-content\/uploads\/2026\/04\/size-chart.jpg 1000w\" sizes=\"(max-width: 300px) 100vw, 300px\" \/><\/p>\n","protected":false},"excerpt":{"rendered":"<hr \/>\n<p style=\"text-align: center;\">D\u00e9couvrez l&#8217;innovation C\u00e1domotus, la marque de patins \u00e0 roues align\u00e9es pour enfants r\u00e9put\u00e9e pour ses platines de pointe con\u00e7ues pour la comp\u00e9tition.<\/p>\n<hr \/>\n<p>&nbsp;<\/p>\n","protected":false},"featured_media":71824,"comment_status":"closed","ping_status":"closed","template":"","meta":{"site-sidebar-layout":"default","site-content-layout":"default","ast-site-content-layout":"default","site-content-style":"default","site-sidebar-style":"default","ast-global-header-display":"","ast-banner-title-visibility":"","ast-main-header-display":"","ast-hfb-above-header-display":"","ast-hfb-below-header-display":"","ast-hfb-mobile-header-display":"","site-post-title":"","ast-breadcrumbs-content":"","ast-featured-img":"","footer-sml-layout":"","theme-transparent-header-meta":"default","adv-header-id-meta":"","stick-header-meta":"","header-above-stick-meta":"","header-main-stick-meta":"","header-below-stick-meta":"","astra-migrate-meta-layouts":"set","ast-page-background-enabled":"default","ast-page-background-meta":{"desktop":{"background-color":"","background-image":"","background-repeat":"repeat","background-position":"center center","background-size":"auto","background-attachment":"scroll","background-type":"","background-media":"","overlay-type":"","overlay-color":"","overlay-opacity":"","overlay-gradient":""},"tablet":{"background-color":"","background-image":"","background-repeat":"repeat","background-position":"center center","background-size":"auto","background-attachment":"scroll","background-type":"","background-media":"","overlay-type":"","overlay-color":"","overlay-opacity":"","overlay-gradient":""},"mobile":{"background-color":"","background-image":"","background-repeat":"repeat","background-position":"center center","background-size":"auto","background-attachment":"scroll","background-type":"","background-media":"","overlay-type":"","overlay-color":"","overlay-opacity":"","overlay-gradient":""}},"ast-content-background-meta":{"desktop":{"background-color":"var(--ast-global-color-5)","background-image":"","background-repeat":"repeat","background-position":"center center","background-size":"auto","background-attachment":"scroll","background-type":"","background-media":"","overlay-type":"","overlay-color":"","overlay-opacity":"","overlay-gradient":""},"tablet":{"background-color":"var(--ast-global-color-5)","background-image":"","background-repeat":"repeat","background-position":"center center","background-size":"auto","background-attachment":"scroll","background-type":"","background-media":"","overlay-type":"","overlay-color":"","overlay-opacity":"","overlay-gradient":""},"mobile":{"background-color":"var(--ast-global-color-5)","background-image":"","background-repeat":"repeat","background-position":"center center","background-size":"auto","background-attachment":"scroll","background-type":"","background-media":"","overlay-type":"","overlay-color":"","overlay-opacity":"","overlay-gradient":""}}},"product_brand":[],"product_cat":[1766,1589],"product_tag":[2510,2511,2513,2512,1867],"class_list":{"0":"post-71801","1":"product","2":"type-product","3":"status-publish","4":"has-post-thumbnail","6":"product_cat-chassis","7":"product_cat-patinage-de-vitesse-a-roues-alignees","8":"product_tag-cadre-en-ligne","9":"product_tag-cadre-transformable","10":"product_tag-chassis-transformables-fr","11":"product_tag-patins-a-roues-alignees-fr","12":"product_tag-patins-en-ligne","13":"desktop-align-center","14":"tablet-align-center","15":"mobile-align-center","16":"ast-product-gallery-layout-horizontal","17":"ast-product-single-variable","18":"ast-product-tabs-layout-horizontal","19":"ast-qv-on-image","21":"first","22":"instock","23":"taxable","24":"shipping-taxable","25":"purchasable","26":"product-type-variable"},"bundled_by":[],"bundle_stock_status":"instock","bundle_stock_quantity":null,"bundle_virtual":false,"bundle_layout":"","bundle_add_to_cart_form_location":"","bundle_editable_in_cart":false,"bundle_sold_individually_context":"","bundle_item_grouping":"","bundle_min_size":"","bundle_max_size":"","bundle_price":[],"bundled_items":[],"bundle_sell_ids":[],"yoast_head":"<!-- This site is optimized with the Yoast SEO plugin v27.4 - https:\/\/yoast.com\/product\/yoast-seo-wordpress\/ -->\n<title>Chassis Cadomotus Argon TR4 - Xact Skate Shop<\/title>\n<meta name=\"description\" content=\"Chassis Cadomotus Argon TR4. D\u00e9couvrez l&#039;innovation de C\u00e1domotus, la marque de patins \u00e0 roues align\u00e9es de qualit\u00e9 r\u00e9put\u00e9e pour le design de ses cadres.\" \/>\n<meta name=\"robots\" content=\"index, follow, max-snippet:-1, max-image-preview:large, max-video-preview:-1\" \/>\n<link rel=\"canonical\" href=\"https:\/\/xactskateshop.com\/fr\/produit\/ensemble-chassis-cadomotus-argon-tr4-compatible-bottine-courte-piste\/\" \/>\n<meta property=\"og:locale\" content=\"fr_FR\" \/>\n<meta property=\"og:type\" content=\"article\" \/>\n<meta property=\"og:title\" content=\"Chassis Cadomotus Argon TR4 - Xact Skate Shop\" \/>\n<meta property=\"og:description\" content=\"Chassis Cadomotus Argon TR4. D\u00e9couvrez l&#039;innovation de C\u00e1domotus, la marque de patins \u00e0 roues align\u00e9es de qualit\u00e9 r\u00e9put\u00e9e pour le design de ses cadres.\" \/>\n<meta property=\"og:url\" content=\"https:\/\/xactskateshop.com\/fr\/produit\/ensemble-chassis-cadomotus-argon-tr4-compatible-bottine-courte-piste\/\" \/>\n<meta property=\"og:site_name\" content=\"Xact Skate Shop\" \/>\n<meta property=\"article:publisher\" content=\"https:\/\/www.facebook.com\/JeanLouiskateshop\" \/>\n<meta property=\"article:modified_time\" content=\"2026-04-14T19:41:44+00:00\" \/>\n<meta property=\"og:image\" content=\"https:\/\/xactskateshop.com\/wp-content\/uploads\/2026\/04\/cadomotus-tr4-10-4x84-1.jpg\" \/>\n\t<meta property=\"og:image:width\" content=\"1000\" \/>\n\t<meta property=\"og:image:height\" content=\"1000\" \/>\n\t<meta property=\"og:image:type\" content=\"image\/jpeg\" \/>\n<meta name=\"twitter:card\" content=\"summary_large_image\" \/>\n<meta name=\"twitter:label1\" content=\"Dur\u00e9e de lecture estim\u00e9e\" \/>\n\t<meta name=\"twitter:data1\" content=\"3 minutes\" \/>\n<script type=\"application\/ld+json\" class=\"yoast-schema-graph\">{\"@context\":\"https:\\\/\\\/schema.org\",\"@graph\":[{\"@type\":\"WebPage\",\"@id\":\"https:\\\/\\\/xactskateshop.com\\\/fr\\\/produit\\\/ensemble-chassis-cadomotus-argon-tr4-compatible-bottine-courte-piste\\\/\",\"url\":\"https:\\\/\\\/xactskateshop.com\\\/fr\\\/produit\\\/ensemble-chassis-cadomotus-argon-tr4-compatible-bottine-courte-piste\\\/\",\"name\":\"Chassis Cadomotus Argon TR4 - Xact Skate Shop\",\"isPartOf\":{\"@id\":\"http:\\\/\\\/xactskateshop.com\\\/fr\\\/#website\"},\"primaryImageOfPage\":{\"@id\":\"https:\\\/\\\/xactskateshop.com\\\/fr\\\/produit\\\/ensemble-chassis-cadomotus-argon-tr4-compatible-bottine-courte-piste\\\/#primaryimage\"},\"image\":{\"@id\":\"https:\\\/\\\/xactskateshop.com\\\/fr\\\/produit\\\/ensemble-chassis-cadomotus-argon-tr4-compatible-bottine-courte-piste\\\/#primaryimage\"},\"thumbnailUrl\":\"https:\\\/\\\/xactskateshop.com\\\/wp-content\\\/uploads\\\/2026\\\/04\\\/cadomotus-tr4-10-4x84-1.jpg\",\"datePublished\":\"2026-04-14T18:25:07+00:00\",\"dateModified\":\"2026-04-14T19:41:44+00:00\",\"description\":\"Chassis Cadomotus Argon TR4. D\u00e9couvrez l'innovation de C\u00e1domotus, la marque de patins \u00e0 roues align\u00e9es de qualit\u00e9 r\u00e9put\u00e9e pour le design de ses cadres.\",\"breadcrumb\":{\"@id\":\"https:\\\/\\\/xactskateshop.com\\\/fr\\\/produit\\\/ensemble-chassis-cadomotus-argon-tr4-compatible-bottine-courte-piste\\\/#breadcrumb\"},\"inLanguage\":\"fr-FR\",\"potentialAction\":[{\"@type\":\"ReadAction\",\"target\":[\"https:\\\/\\\/xactskateshop.com\\\/fr\\\/produit\\\/ensemble-chassis-cadomotus-argon-tr4-compatible-bottine-courte-piste\\\/\"]}]},{\"@type\":\"ImageObject\",\"inLanguage\":\"fr-FR\",\"@id\":\"https:\\\/\\\/xactskateshop.com\\\/fr\\\/produit\\\/ensemble-chassis-cadomotus-argon-tr4-compatible-bottine-courte-piste\\\/#primaryimage\",\"url\":\"https:\\\/\\\/xactskateshop.com\\\/wp-content\\\/uploads\\\/2026\\\/04\\\/cadomotus-tr4-10-4x84-1.jpg\",\"contentUrl\":\"https:\\\/\\\/xactskateshop.com\\\/wp-content\\\/uploads\\\/2026\\\/04\\\/cadomotus-tr4-10-4x84-1.jpg\",\"width\":1000,\"height\":1000,\"caption\":\"Chassis Cadomotus Argon TR4\"},{\"@type\":\"BreadcrumbList\",\"@id\":\"https:\\\/\\\/xactskateshop.com\\\/fr\\\/produit\\\/ensemble-chassis-cadomotus-argon-tr4-compatible-bottine-courte-piste\\\/#breadcrumb\",\"itemListElement\":[{\"@type\":\"ListItem\",\"position\":1,\"name\":\"Home\",\"item\":\"https:\\\/\\\/xactskateshop.com\\\/fr\\\/accueil\\\/\"},{\"@type\":\"ListItem\",\"position\":2,\"name\":\"Boutique\",\"item\":\"https:\\\/\\\/xactskateshop.com\\\/shop\\\/\"},{\"@type\":\"ListItem\",\"position\":3,\"name\":\"Ensemble chassis CADOMOTUS ARGON TR4 (compatible bottine courte piste)\"}]},{\"@type\":\"WebSite\",\"@id\":\"http:\\\/\\\/xactskateshop.com\\\/fr\\\/#website\",\"url\":\"http:\\\/\\\/xactskateshop.com\\\/fr\\\/\",\"name\":\"Xact Skate Shop\",\"description\":\"Un site utilisant WordPress\",\"publisher\":{\"@id\":\"http:\\\/\\\/xactskateshop.com\\\/fr\\\/#organization\"},\"potentialAction\":[{\"@type\":\"SearchAction\",\"target\":{\"@type\":\"EntryPoint\",\"urlTemplate\":\"http:\\\/\\\/xactskateshop.com\\\/fr\\\/?s={search_term_string}\"},\"query-input\":{\"@type\":\"PropertyValueSpecification\",\"valueRequired\":true,\"valueName\":\"search_term_string\"}}],\"inLanguage\":\"fr-FR\"},{\"@type\":\"Organization\",\"@id\":\"http:\\\/\\\/xactskateshop.com\\\/fr\\\/#organization\",\"name\":\"XACT Skate Shop\",\"url\":\"http:\\\/\\\/xactskateshop.com\\\/fr\\\/\",\"logo\":{\"@type\":\"ImageObject\",\"inLanguage\":\"fr-FR\",\"@id\":\"http:\\\/\\\/xactskateshop.com\\\/fr\\\/#\\\/schema\\\/logo\\\/image\\\/\",\"url\":\"http:\\\/\\\/xactskateshop.com\\\/wp-content\\\/uploads\\\/2024\\\/04\\\/xactskateshop-dot-com-avec-contour-noir-sans-fond-675x.jpg\",\"contentUrl\":\"http:\\\/\\\/xactskateshop.com\\\/wp-content\\\/uploads\\\/2024\\\/04\\\/xactskateshop-dot-com-avec-contour-noir-sans-fond-675x.jpg\",\"width\":675,\"height\":247,\"caption\":\"XACT Skate Shop\"},\"image\":{\"@id\":\"http:\\\/\\\/xactskateshop.com\\\/fr\\\/#\\\/schema\\\/logo\\\/image\\\/\"},\"sameAs\":[\"https:\\\/\\\/www.facebook.com\\\/JeanLouiskateshop\"]}]}<\/script>\n<!-- \/ Yoast SEO plugin. -->","yoast_head_json":{"title":"Chassis Cadomotus Argon TR4 - Xact Skate Shop","description":"Chassis Cadomotus Argon TR4. D\u00e9couvrez l'innovation de C\u00e1domotus, la marque de patins \u00e0 roues align\u00e9es de qualit\u00e9 r\u00e9put\u00e9e pour le design de ses cadres.","robots":{"index":"index","follow":"follow","max-snippet":"max-snippet:-1","max-image-preview":"max-image-preview:large","max-video-preview":"max-video-preview:-1"},"canonical":"https:\/\/xactskateshop.com\/fr\/produit\/ensemble-chassis-cadomotus-argon-tr4-compatible-bottine-courte-piste\/","og_locale":"fr_FR","og_type":"article","og_title":"Chassis Cadomotus Argon TR4 - Xact Skate Shop","og_description":"Chassis Cadomotus Argon TR4. D\u00e9couvrez l'innovation de C\u00e1domotus, la marque de patins \u00e0 roues align\u00e9es de qualit\u00e9 r\u00e9put\u00e9e pour le design de ses cadres.","og_url":"https:\/\/xactskateshop.com\/fr\/produit\/ensemble-chassis-cadomotus-argon-tr4-compatible-bottine-courte-piste\/","og_site_name":"Xact Skate Shop","article_publisher":"https:\/\/www.facebook.com\/JeanLouiskateshop","article_modified_time":"2026-04-14T19:41:44+00:00","og_image":[{"width":1000,"height":1000,"url":"https:\/\/xactskateshop.com\/wp-content\/uploads\/2026\/04\/cadomotus-tr4-10-4x84-1.jpg","type":"image\/jpeg"}],"twitter_card":"summary_large_image","twitter_misc":{"Dur\u00e9e de lecture estim\u00e9e":"3 minutes"},"schema":{"@context":"https:\/\/schema.org","@graph":[{"@type":"WebPage","@id":"https:\/\/xactskateshop.com\/fr\/produit\/ensemble-chassis-cadomotus-argon-tr4-compatible-bottine-courte-piste\/","url":"https:\/\/xactskateshop.com\/fr\/produit\/ensemble-chassis-cadomotus-argon-tr4-compatible-bottine-courte-piste\/","name":"Chassis Cadomotus Argon TR4 - Xact Skate Shop","isPartOf":{"@id":"http:\/\/xactskateshop.com\/fr\/#website"},"primaryImageOfPage":{"@id":"https:\/\/xactskateshop.com\/fr\/produit\/ensemble-chassis-cadomotus-argon-tr4-compatible-bottine-courte-piste\/#primaryimage"},"image":{"@id":"https:\/\/xactskateshop.com\/fr\/produit\/ensemble-chassis-cadomotus-argon-tr4-compatible-bottine-courte-piste\/#primaryimage"},"thumbnailUrl":"https:\/\/xactskateshop.com\/wp-content\/uploads\/2026\/04\/cadomotus-tr4-10-4x84-1.jpg","datePublished":"2026-04-14T18:25:07+00:00","dateModified":"2026-04-14T19:41:44+00:00","description":"Chassis Cadomotus Argon TR4. D\u00e9couvrez l'innovation de C\u00e1domotus, la marque de patins \u00e0 roues align\u00e9es de qualit\u00e9 r\u00e9put\u00e9e pour le design de ses cadres.","breadcrumb":{"@id":"https:\/\/xactskateshop.com\/fr\/produit\/ensemble-chassis-cadomotus-argon-tr4-compatible-bottine-courte-piste\/#breadcrumb"},"inLanguage":"fr-FR","potentialAction":[{"@type":"ReadAction","target":["https:\/\/xactskateshop.com\/fr\/produit\/ensemble-chassis-cadomotus-argon-tr4-compatible-bottine-courte-piste\/"]}]},{"@type":"ImageObject","inLanguage":"fr-FR","@id":"https:\/\/xactskateshop.com\/fr\/produit\/ensemble-chassis-cadomotus-argon-tr4-compatible-bottine-courte-piste\/#primaryimage","url":"https:\/\/xactskateshop.com\/wp-content\/uploads\/2026\/04\/cadomotus-tr4-10-4x84-1.jpg","contentUrl":"https:\/\/xactskateshop.com\/wp-content\/uploads\/2026\/04\/cadomotus-tr4-10-4x84-1.jpg","width":1000,"height":1000,"caption":"Chassis Cadomotus Argon TR4"},{"@type":"BreadcrumbList","@id":"https:\/\/xactskateshop.com\/fr\/produit\/ensemble-chassis-cadomotus-argon-tr4-compatible-bottine-courte-piste\/#breadcrumb","itemListElement":[{"@type":"ListItem","position":1,"name":"Home","item":"https:\/\/xactskateshop.com\/fr\/accueil\/"},{"@type":"ListItem","position":2,"name":"Boutique","item":"https:\/\/xactskateshop.com\/shop\/"},{"@type":"ListItem","position":3,"name":"Ensemble chassis CADOMOTUS ARGON TR4 (compatible bottine courte piste)"}]},{"@type":"WebSite","@id":"http:\/\/xactskateshop.com\/fr\/#website","url":"http:\/\/xactskateshop.com\/fr\/","name":"Xact Skate Shop","description":"Un site utilisant WordPress","publisher":{"@id":"http:\/\/xactskateshop.com\/fr\/#organization"},"potentialAction":[{"@type":"SearchAction","target":{"@type":"EntryPoint","urlTemplate":"http:\/\/xactskateshop.com\/fr\/?s={search_term_string}"},"query-input":{"@type":"PropertyValueSpecification","valueRequired":true,"valueName":"search_term_string"}}],"inLanguage":"fr-FR"},{"@type":"Organization","@id":"http:\/\/xactskateshop.com\/fr\/#organization","name":"XACT Skate Shop","url":"http:\/\/xactskateshop.com\/fr\/","logo":{"@type":"ImageObject","inLanguage":"fr-FR","@id":"http:\/\/xactskateshop.com\/fr\/#\/schema\/logo\/image\/","url":"http:\/\/xactskateshop.com\/wp-content\/uploads\/2024\/04\/xactskateshop-dot-com-avec-contour-noir-sans-fond-675x.jpg","contentUrl":"http:\/\/xactskateshop.com\/wp-content\/uploads\/2024\/04\/xactskateshop-dot-com-avec-contour-noir-sans-fond-675x.jpg","width":675,"height":247,"caption":"XACT Skate Shop"},"image":{"@id":"http:\/\/xactskateshop.com\/fr\/#\/schema\/logo\/image\/"},"sameAs":["https:\/\/www.facebook.com\/JeanLouiskateshop"]}]}},"_links":{"self":[{"href":"https:\/\/xactskateshop.com\/fr\/wp-json\/wp\/v2\/product\/71801","targetHints":{"allow":["GET"]}}],"collection":[{"href":"https:\/\/xactskateshop.com\/fr\/wp-json\/wp\/v2\/product"}],"about":[{"href":"https:\/\/xactskateshop.com\/fr\/wp-json\/wp\/v2\/types\/product"}],"replies":[{"embeddable":true,"href":"https:\/\/xactskateshop.com\/fr\/wp-json\/wp\/v2\/comments?post=71801"}],"wp:featuredmedia":[{"embeddable":true,"href":"https:\/\/xactskateshop.com\/fr\/wp-json\/wp\/v2\/media\/71824"}],"wp:attachment":[{"href":"https:\/\/xactskateshop.com\/fr\/wp-json\/wp\/v2\/media?parent=71801"}],"wp:term":[{"taxonomy":"product_brand","embeddable":true,"href":"https:\/\/xactskateshop.com\/fr\/wp-json\/wp\/v2\/product_brand?post=71801"},{"taxonomy":"product_cat","embeddable":true,"href":"https:\/\/xactskateshop.com\/fr\/wp-json\/wp\/v2\/product_cat?post=71801"},{"taxonomy":"product_tag","embeddable":true,"href":"https:\/\/xactskateshop.com\/fr\/wp-json\/wp\/v2\/product_tag?post=71801"}],"curies":[{"name":"wp","href":"https:\/\/api.w.org\/{rel}","templated":true}]}}