{"id":71771,"date":"2026-04-14T11:17:48","date_gmt":"2026-04-14T15:17:48","guid":{"rendered":"https:\/\/xactskateshop.com\/?post_type=product&#038;p=71771"},"modified":"2026-04-14T11:26:35","modified_gmt":"2026-04-14T15:26:35","slug":"lames-bont-platinum-x-copy","status":"publish","type":"product","link":"https:\/\/xactskateshop.com\/fr\/produit\/lames-bont-platinum-x-copy\/","title":{"rendered":"Lames BONT Platinum X (Copy)"},"content":{"rendered":"<h1>Lames Bont Platinum X<\/h1>\n<p><span style=\"color: #ff0000;\"><strong>***Le d\u00e9lai de livraison peut aller jusqu&#8217;\u00e0 6 semaines pour une longueur qui n&#8217;est pas en stock***.<\/strong><\/span><\/p>\n<p>La lame l\u00e9gendaire Bont Platinum est maintenant 15% plus rigide. Fabriqu\u00e9 avec de l&#8217;acier \u00e0 outils \u00e0 poudre B\u00f6hler K390 lentement rectifi\u00e9 pour produire une pi\u00e8ce d&#8217;acier parfaitement droite. La structure de la poudre m\u00e9tallique est tr\u00e8s fine, ce qui lui conf\u00e8re des propri\u00e9t\u00e9s de glissement exceptionnelles. Capable de conserver son tranchant jusqu&#8217;\u00e0 8 fois plus longtemps que les lames d&#8217;acier normales. La nouvelle structure interne tubulaire pr\u00e9sente la meilleure r\u00e9tention de courbure de toutes les lames du march\u00e9.<\/p>\n<h2><strong>Sp\u00e9cifications Lames Bont Platinum X<\/strong><\/h2>\n<ul>\n<li><strong>Mat\u00e9riau de la coupelle :<\/strong> Aluminium 7075 T6<\/li>\n<li><strong>Rayon :<\/strong> 9m<\/li>\n<li><strong>Longueur :<\/strong> 17&#8243; (standard et 1\/2 KR) 17,5&#8243; (standard, KR et 1\/2 KR) 18&#8243; (standard), 19&#8243; (standard)<\/li>\n<li><strong>\u00c9paisseur de la lame :<\/strong> 1,1 mm<\/li>\n<li><strong>Duret\u00e9 :<\/strong> 64 Rockwell<\/li>\n<li><strong>Cintrage :<\/strong> Cintrage \u00e0 la machine<\/li>\n<li><strong>Hauteur de la coupelle :<\/strong> 30 mm (+5 mm)<\/li>\n<li><strong>Con\u00e7u pour le patineur fort : 145lbs &#8211; +<\/strong><\/li>\n<\/ul>\n<p>De nombreux patineurs de short track consid\u00e8rent les lames Bont Platinum X K390 comme les meilleures lames de short track jamais fabriqu\u00e9es.<\/p>\n<p>Autrefois, les patineurs de l&#8217;\u00e9quipe nationale contactaient les fabricants de lames de courte piste et passaient en revue un grand nombre de lames pour trouver celles qui \u00e9taient droites, les autres \u00e9tant vendues aux magasins qui les revendaient aux patineurs. Nous pensions que ce syst\u00e8me n&#8217;\u00e9tait pas \u00e9quitable et nous voulions que tout le monde ait acc\u00e8s aux meilleures lames en permanence. Avec la lame Platinum courte piste de Bont, toutes les lames sont bonnes et personne n&#8217;a besoin de v\u00e9rifier pour trouver la meilleure lame d&#8217;un lot.<\/p>\n<h3><\/h3>\n<h3>Voici les \u00e9tapes que nous avons suivies pour cr\u00e9er la lame de Courte Piste la plus rapide :<\/h3>\n<p>&nbsp;<\/p>\n<ol>\n<li>Normalement, lorsque vous achetez de l&#8217;acier \u00e0 lame, il est livr\u00e9 en rouleau. Lors de la fabrication de la lame, nous prenons l&#8217;acier et l&#8217;ins\u00e9rons dans la fente dans le m\u00eame sens que l&#8217;acier est courb\u00e9 sur le rouleau. Mais ce n&#8217;est pas id\u00e9al car il est beaucoup trop courb\u00e9 et ondul\u00e9. Pour la lame Platinum courte piste, nous avons pay\u00e9 un co\u00fbt suppl\u00e9mentaire pour recevoir des feuilles d&#8217;acier plates plut\u00f4t que de l&#8217;acheter en rouleau. L&#8217;acier est plat au d\u00e9part, avant m\u00eame d&#8217;\u00eatre meul\u00e9. M\u00eame apr\u00e8s le meulage, l&#8217;acier garde la m\u00e9moire du pliage.<\/li>\n<li>Nous achetons de l&#8217;acier de 1,3 mm d&#8217;\u00e9paisseur, nous le d\u00e9coupons \u00e0 la forme voulue, puis nous le fixons \u00e0 une plaque sur laquelle la meule ponce 0,1 mm, avant de la retourner et de poncer 0,1 mm de l&#8217;autre c\u00f4t\u00e9. Cela n&#8217;a l&#8217;air de rien, mais avec un acier aussi dur, il faut beaucoup de temps pour le rectifier parfaitement \u00e0 plat. Dans la fabrication des lames Courte Piste, il est courant de mettre 10 lames sur la plaque et de les aff\u00fbter rapidement \u00e0 l&#8217;aide de pierres bon march\u00e9 pour r\u00e9duire les co\u00fbts. Lorsque vous aff\u00fbtez l&#8217;acier rapidement, le m\u00e9tal chauffe et se d\u00e9forme. Le temps d&#8217;usinage est co\u00fbteux, ce qui permet de r\u00e9duire les co\u00fbts. Pour la lame courte Bont Platinum, nous avons import\u00e9 d&#8217;Allemagne des pierres d&#8217;aff\u00fbtage sp\u00e9ciales haut de gamme et nous n&#8217;aff\u00fbtons lentement que deux lames \u00e0 la fois. Nous payons un certain nombre de frais suppl\u00e9mentaires pour ce projet afin de cr\u00e9er la m\u00eame lame haut de gamme pour tous les patineurs. Si ce n&#8217;est pas d\u00e9j\u00e0 clair, notre mandat pour cette lame est de cr\u00e9er la meilleure lame \u00e0 tout prix. Il ne devrait pas y avoir de bonnes et de mauvaises lames, seulement les meilleures lames de Courte Piste.<\/li>\n<li>La fente qui accueille la lame pr\u00e9sente un espace de chaque c\u00f4t\u00e9 pour laisser passer la colle. Cet espace permet \u00e0 la lame de se d\u00e9former. Nous avons test\u00e9 de nombreux types de colle pour en trouver une qui adh\u00e8re mieux que sur les lames pr\u00e9c\u00e9dentes et lorsque nous avons trouv\u00e9 une nouvelle colle am\u00e9lior\u00e9e, nous avons pu r\u00e9duire la taille de la fente de 0,1 mm. Cela ne semble pas beaucoup, mais cela signifie moins de d\u00e9formation car il y a moins d&#8217;espace pour que l&#8217;acier se d\u00e9forme.<\/li>\n<li>Pendant que la colle s\u00e8che, la lame risque de se d\u00e9former. La colle que nous utilisons met plusieurs heures \u00e0 s\u00e9cher. En fonction de la longueur de la lame, nous maintenons la lame enti\u00e8re en neuf points diff\u00e9rents au minimum afin de maintenir parfaitement la courbure de la lame pendant qu&#8217;elle durcit pendant 14 heures. Ces gabarits sont incroyablement co\u00fbteux et nous en avons un certain nombre pour compl\u00e9ter une s\u00e9rie de production.<\/li>\n<li>Nous avons appliqu\u00e9 un &#8220;polissage brillant&#8221; sur le c\u00f4t\u00e9 de la lame, de sorte que lorsque vous vous penchez et que le c\u00f4t\u00e9 de la lame touche la glace, il y a le moins de frottement possible.<\/li>\n<li>Pour la rigidit\u00e9 du tube, nous avons travaill\u00e9 avec un certain nombre des meilleures \u00e9quipes nationales du monde. Si le tube est trop rigide, les patineurs risquent de chuter. S&#8217;il est trop souple, il absorbe la puissance du patineur. Nous avons utilis\u00e9 un logiciel de CFAO et des tests en conditions r\u00e9elles pour trouver la rigidit\u00e9 optimale du tube.<\/li>\n<li>Le tube est en aluminium 7075 T6. C&#8217;est pourquoi le Bont Platinum est de couleur argent\u00e9e, car il est tr\u00e8s difficile d&#8217;anodiser l&#8217;aluminium 7075.<\/li>\n<\/ol>\n<p>Le r\u00e9sultat de tout ce travail est la meilleure et la plus rapide des lames pour piste courte jamais produite. Nous sommes s\u00fbrs que vous appr\u00e9cierez l&#8217;effort que nous avons fait pour que cette lame vous permette de donner le meilleur de vous-m\u00eame.<\/p>\n<div>\n<div>\n<p><strong><em>VOUS POUVEZ CHANGER LA LONGUEUR DE LA LAME DE L&#8217;EMBALLAGE. VEUILLEZ SP\u00c9CIFIER LE CHANGEMENT DANS LA CASE COMMENTAIRE LORS DE VOTRE COMMANDE. <\/em><\/strong><\/p>\n<\/div>\n<\/div>\n<div class=\"woocommerce-tabs wc-tabs-wrapper\">\n<div id=\"tab-description\" class=\"woocommerce-Tabs-panel woocommerce-Tabs-panel--description panel entry-content wc-tab\" role=\"tabpanel\" aria-labelledby=\"tab-title-description\">\n<h3><span style=\"font-size: 16px; font-style: normal; font-weight: 400;\">Vous pouvez \u00e9galement les obtenir <\/span><a style=\"font-size: 16px; font-style: normal; font-weight: 400; background-color: #ffffff;\" href=\"https:\/\/bont.ca\/collections\/short-track-ice-skating-blades\/products\/platinum-x-k390-ice-short-track-blade\">ici<\/a><\/h3>\n<h6><\/h6>\n<h6><span style=\"color: #ff0000;\">Pr\u00e9paration des lames : Nous faisons un rocker progressif ST-9 sur ces lames. <span style=\"color: #0000ff;\"><a style=\"color: #0000ff;\" href=\"https:\/\/xactskateshop.com\/fr\/produit\/berceau-sur-lame-de-courte-piste\/\">(voir les num\u00e9ros ici)<\/a><\/span> ainsi que le bend correspondant<\/span><\/h6>\n<h3 style=\"text-align: center;\"><\/h3>\n<\/div>\n<\/div>\n<p>&nbsp;<\/p>\n<p><iframe title=\"Bont Platinum X Short Track Ice Speedskating blade\" width=\"500\" height=\"281\" src=\"https:\/\/www.youtube.com\/embed\/g5tSpTtSfCE?feature=oembed\" frameborder=\"0\" allow=\"accelerometer; autoplay; clipboard-write; encrypted-media; gyroscope; picture-in-picture; web-share\" referrerpolicy=\"strict-origin-when-cross-origin\" allowfullscreen><\/iframe><\/p>\n","protected":false},"excerpt":{"rendered":"<p>&nbsp;<\/p>\n<hr \/>\n<p style=\"text-align: center;\">La lame l\u00e9gendaire Bont Platinum est maintenant 15% plus rigide. La lame est fabriqu\u00e9e en acier \u00e0 outils B\u00f6hler K390 \u00e0 base de poudre m\u00e9tallique, qui est aff\u00fbt\u00e9 lentement pour produire une pi\u00e8ce d&#8217;acier parfaitement droite. La structure de la poudre m\u00e9tallique est tr\u00e8s fine, ce qui lui conf\u00e8re des propri\u00e9t\u00e9s de glissement exceptionnelles. Capable de conserver son tranchant jusqu&#8217;\u00e0 8 fois plus longtemps que les lames d&#8217;acier normales. La nouvelle structure interne tubulaire pr\u00e9sente la meilleure r\u00e9tention de courbure de toutes les lames du march\u00e9.<\/p>\n<hr \/>\n<p>&nbsp;<\/p>\n","protected":false},"featured_media":27753,"comment_status":"open","ping_status":"closed","template":"","meta":{"site-sidebar-layout":"default","site-content-layout":"default","ast-site-content-layout":"default","site-content-style":"default","site-sidebar-style":"default","ast-global-header-display":"","ast-banner-title-visibility":"","ast-main-header-display":"","ast-hfb-above-header-display":"","ast-hfb-below-header-display":"","ast-hfb-mobile-header-display":"","site-post-title":"","ast-breadcrumbs-content":"","ast-featured-img":"","footer-sml-layout":"","theme-transparent-header-meta":"default","adv-header-id-meta":"","stick-header-meta":"","header-above-stick-meta":"","header-main-stick-meta":"","header-below-stick-meta":"","astra-migrate-meta-layouts":"set","ast-page-background-enabled":"default","ast-page-background-meta":{"desktop":{"background-color":"","background-image":"","background-repeat":"repeat","background-position":"center center","background-size":"auto","background-attachment":"scroll","background-type":"","background-media":"","overlay-type":"","overlay-color":"","overlay-opacity":"","overlay-gradient":""},"tablet":{"background-color":"","background-image":"","background-repeat":"repeat","background-position":"center center","background-size":"auto","background-attachment":"scroll","background-type":"","background-media":"","overlay-type":"","overlay-color":"","overlay-opacity":"","overlay-gradient":""},"mobile":{"background-color":"","background-image":"","background-repeat":"repeat","background-position":"center center","background-size":"auto","background-attachment":"scroll","background-type":"","background-media":"","overlay-type":"","overlay-color":"","overlay-opacity":"","overlay-gradient":""}},"ast-content-background-meta":{"desktop":{"background-color":"var(--ast-global-color-5)","background-image":"","background-repeat":"repeat","background-position":"center center","background-size":"auto","background-attachment":"scroll","background-type":"","background-media":"","overlay-type":"","overlay-color":"","overlay-opacity":"","overlay-gradient":""},"tablet":{"background-color":"var(--ast-global-color-5)","background-image":"","background-repeat":"repeat","background-position":"center center","background-size":"auto","background-attachment":"scroll","background-type":"","background-media":"","overlay-type":"","overlay-color":"","overlay-opacity":"","overlay-gradient":""},"mobile":{"background-color":"var(--ast-global-color-5)","background-image":"","background-repeat":"repeat","background-position":"center center","background-size":"auto","background-attachment":"scroll","background-type":"","background-media":"","overlay-type":"","overlay-color":"","overlay-opacity":"","overlay-gradient":""}}},"product_brand":[],"product_cat":[1354,1457,1435,1353],"product_tag":[1356,1484,1485,1483],"class_list":{"0":"post-71771","1":"product","2":"type-product","3":"status-publish","4":"has-post-thumbnail","6":"product_cat-courte-piste","7":"product_cat-lames-et-pieces-patinage-de-vitesse-courte-piste","8":"product_cat-liquidation","9":"product_cat-patinage-de-vitesse","10":"product_tag-courte-piste-fr","11":"product_tag-lame-de-bont","12":"product_tag-lames-pm","13":"product_tag-meilleure-lame-de-st","14":"desktop-align-center","15":"tablet-align-center","16":"mobile-align-center","17":"ast-product-gallery-layout-horizontal","18":"ast-product-single-variable","19":"ast-product-tabs-layout-horizontal","20":"ast-qv-on-image","22":"first","23":"instock","24":"sale","25":"taxable","26":"shipping-taxable","27":"purchasable","28":"product-type-variable"},"bundled_by":[],"bundle_stock_status":"instock","bundle_stock_quantity":null,"bundle_virtual":false,"bundle_layout":"","bundle_add_to_cart_form_location":"","bundle_editable_in_cart":false,"bundle_sold_individually_context":"","bundle_item_grouping":"","bundle_min_size":"","bundle_max_size":"","bundle_price":[],"bundled_items":[],"bundle_sell_ids":[],"yoast_head":"<!-- This site is optimized with the Yoast SEO plugin v27.4 - https:\/\/yoast.com\/product\/yoast-seo-wordpress\/ -->\n<title>Lames BONT Platinum X (Copy) - Xact Skate Shop.<\/title>\n<meta name=\"description\" content=\"Lames Bont Platinum X. La lame Platinum X est fabriqu\u00e9e avec de l&#039;acier B\u00f6hler K390 PM qui est poli pour produire une pi\u00e8ce d&#039;acier parfaitement droite.\" \/>\n<meta name=\"robots\" content=\"index, follow, max-snippet:-1, max-image-preview:large, max-video-preview:-1\" \/>\n<link rel=\"canonical\" href=\"https:\/\/xactskateshop.com\/fr\/produit\/lames-bont-platinum-x-copy\/\" \/>\n<meta property=\"og:locale\" content=\"fr_FR\" \/>\n<meta property=\"og:type\" content=\"article\" \/>\n<meta property=\"og:title\" content=\"Lames BONT Platinum X (Copy) - Xact Skate Shop.\" \/>\n<meta property=\"og:description\" content=\"Lames Bont Platinum X. La lame Platinum X est fabriqu\u00e9e avec de l&#039;acier B\u00f6hler K390 PM qui est poli pour produire une pi\u00e8ce d&#039;acier parfaitement droite.\" \/>\n<meta property=\"og:url\" content=\"https:\/\/xactskateshop.com\/fr\/produit\/lames-bont-platinum-x-copy\/\" \/>\n<meta property=\"og:site_name\" content=\"Xact Skate Shop\" \/>\n<meta property=\"article:publisher\" content=\"https:\/\/www.facebook.com\/JeanLouiskateshop\" \/>\n<meta property=\"article:modified_time\" content=\"2026-04-14T15:26:35+00:00\" \/>\n<meta property=\"og:image\" content=\"https:\/\/xactskateshop.com\/wp-content\/uploads\/2020\/09\/ST-Platinum-X.jpg\" \/>\n\t<meta property=\"og:image:width\" content=\"1000\" \/>\n\t<meta property=\"og:image:height\" content=\"1000\" \/>\n\t<meta property=\"og:image:type\" content=\"image\/jpeg\" \/>\n<meta name=\"twitter:card\" content=\"summary_large_image\" \/>\n<meta name=\"twitter:label1\" content=\"Dur\u00e9e de lecture estim\u00e9e\" \/>\n\t<meta name=\"twitter:data1\" content=\"5 minutes\" \/>\n<script type=\"application\/ld+json\" class=\"yoast-schema-graph\">{\"@context\":\"https:\\\/\\\/schema.org\",\"@graph\":[{\"@type\":\"WebPage\",\"@id\":\"https:\\\/\\\/xactskateshop.com\\\/fr\\\/produit\\\/lames-bont-platinum-x-copy\\\/\",\"url\":\"https:\\\/\\\/xactskateshop.com\\\/fr\\\/produit\\\/lames-bont-platinum-x-copy\\\/\",\"name\":\"Lames BONT Platinum X (Copy) - Xact Skate Shop.\",\"isPartOf\":{\"@id\":\"http:\\\/\\\/xactskateshop.com\\\/fr\\\/#website\"},\"primaryImageOfPage\":{\"@id\":\"https:\\\/\\\/xactskateshop.com\\\/fr\\\/produit\\\/lames-bont-platinum-x-copy\\\/#primaryimage\"},\"image\":{\"@id\":\"https:\\\/\\\/xactskateshop.com\\\/fr\\\/produit\\\/lames-bont-platinum-x-copy\\\/#primaryimage\"},\"thumbnailUrl\":\"https:\\\/\\\/xactskateshop.com\\\/wp-content\\\/uploads\\\/2020\\\/09\\\/ST-Platinum-X.jpg\",\"datePublished\":\"2026-04-14T15:17:48+00:00\",\"dateModified\":\"2026-04-14T15:26:35+00:00\",\"description\":\"Lames Bont Platinum X. La lame Platinum X est fabriqu\u00e9e avec de l'acier B\u00f6hler K390 PM qui est poli pour produire une pi\u00e8ce d'acier parfaitement droite.\",\"breadcrumb\":{\"@id\":\"https:\\\/\\\/xactskateshop.com\\\/fr\\\/produit\\\/lames-bont-platinum-x-copy\\\/#breadcrumb\"},\"inLanguage\":\"fr-FR\",\"potentialAction\":[{\"@type\":\"ReadAction\",\"target\":[\"https:\\\/\\\/xactskateshop.com\\\/fr\\\/produit\\\/lames-bont-platinum-x-copy\\\/\"]}]},{\"@type\":\"ImageObject\",\"inLanguage\":\"fr-FR\",\"@id\":\"https:\\\/\\\/xactskateshop.com\\\/fr\\\/produit\\\/lames-bont-platinum-x-copy\\\/#primaryimage\",\"url\":\"https:\\\/\\\/xactskateshop.com\\\/wp-content\\\/uploads\\\/2020\\\/09\\\/ST-Platinum-X.jpg\",\"contentUrl\":\"https:\\\/\\\/xactskateshop.com\\\/wp-content\\\/uploads\\\/2020\\\/09\\\/ST-Platinum-X.jpg\",\"width\":1000,\"height\":1000},{\"@type\":\"BreadcrumbList\",\"@id\":\"https:\\\/\\\/xactskateshop.com\\\/fr\\\/produit\\\/lames-bont-platinum-x-copy\\\/#breadcrumb\",\"itemListElement\":[{\"@type\":\"ListItem\",\"position\":1,\"name\":\"Home\",\"item\":\"https:\\\/\\\/xactskateshop.com\\\/fr\\\/accueil\\\/\"},{\"@type\":\"ListItem\",\"position\":2,\"name\":\"Boutique\",\"item\":\"https:\\\/\\\/xactskateshop.com\\\/shop\\\/\"},{\"@type\":\"ListItem\",\"position\":3,\"name\":\"Lames BONT Platinum X (Copy)\"}]},{\"@type\":\"WebSite\",\"@id\":\"http:\\\/\\\/xactskateshop.com\\\/fr\\\/#website\",\"url\":\"http:\\\/\\\/xactskateshop.com\\\/fr\\\/\",\"name\":\"Xact Skate Shop\",\"description\":\"Un site utilisant WordPress\",\"publisher\":{\"@id\":\"http:\\\/\\\/xactskateshop.com\\\/fr\\\/#organization\"},\"potentialAction\":[{\"@type\":\"SearchAction\",\"target\":{\"@type\":\"EntryPoint\",\"urlTemplate\":\"http:\\\/\\\/xactskateshop.com\\\/fr\\\/?s={search_term_string}\"},\"query-input\":{\"@type\":\"PropertyValueSpecification\",\"valueRequired\":true,\"valueName\":\"search_term_string\"}}],\"inLanguage\":\"fr-FR\"},{\"@type\":\"Organization\",\"@id\":\"http:\\\/\\\/xactskateshop.com\\\/fr\\\/#organization\",\"name\":\"XACT Skate Shop\",\"url\":\"http:\\\/\\\/xactskateshop.com\\\/fr\\\/\",\"logo\":{\"@type\":\"ImageObject\",\"inLanguage\":\"fr-FR\",\"@id\":\"http:\\\/\\\/xactskateshop.com\\\/fr\\\/#\\\/schema\\\/logo\\\/image\\\/\",\"url\":\"http:\\\/\\\/xactskateshop.com\\\/wp-content\\\/uploads\\\/2024\\\/04\\\/xactskateshop-dot-com-avec-contour-noir-sans-fond-675x.jpg\",\"contentUrl\":\"http:\\\/\\\/xactskateshop.com\\\/wp-content\\\/uploads\\\/2024\\\/04\\\/xactskateshop-dot-com-avec-contour-noir-sans-fond-675x.jpg\",\"width\":675,\"height\":247,\"caption\":\"XACT Skate Shop\"},\"image\":{\"@id\":\"http:\\\/\\\/xactskateshop.com\\\/fr\\\/#\\\/schema\\\/logo\\\/image\\\/\"},\"sameAs\":[\"https:\\\/\\\/www.facebook.com\\\/JeanLouiskateshop\"]}]}<\/script>\n<!-- \/ Yoast SEO plugin. -->","yoast_head_json":{"title":"Lames BONT Platinum X (Copy) - Xact Skate Shop.","description":"Lames Bont Platinum X. La lame Platinum X est fabriqu\u00e9e avec de l'acier B\u00f6hler K390 PM qui est poli pour produire une pi\u00e8ce d'acier parfaitement droite.","robots":{"index":"index","follow":"follow","max-snippet":"max-snippet:-1","max-image-preview":"max-image-preview:large","max-video-preview":"max-video-preview:-1"},"canonical":"https:\/\/xactskateshop.com\/fr\/produit\/lames-bont-platinum-x-copy\/","og_locale":"fr_FR","og_type":"article","og_title":"Lames BONT Platinum X (Copy) - Xact Skate Shop.","og_description":"Lames Bont Platinum X. La lame Platinum X est fabriqu\u00e9e avec de l'acier B\u00f6hler K390 PM qui est poli pour produire une pi\u00e8ce d'acier parfaitement droite.","og_url":"https:\/\/xactskateshop.com\/fr\/produit\/lames-bont-platinum-x-copy\/","og_site_name":"Xact Skate Shop","article_publisher":"https:\/\/www.facebook.com\/JeanLouiskateshop","article_modified_time":"2026-04-14T15:26:35+00:00","og_image":[{"width":1000,"height":1000,"url":"https:\/\/xactskateshop.com\/wp-content\/uploads\/2020\/09\/ST-Platinum-X.jpg","type":"image\/jpeg"}],"twitter_card":"summary_large_image","twitter_misc":{"Dur\u00e9e de lecture estim\u00e9e":"5 minutes"},"schema":{"@context":"https:\/\/schema.org","@graph":[{"@type":"WebPage","@id":"https:\/\/xactskateshop.com\/fr\/produit\/lames-bont-platinum-x-copy\/","url":"https:\/\/xactskateshop.com\/fr\/produit\/lames-bont-platinum-x-copy\/","name":"Lames BONT Platinum X (Copy) - Xact Skate Shop.","isPartOf":{"@id":"http:\/\/xactskateshop.com\/fr\/#website"},"primaryImageOfPage":{"@id":"https:\/\/xactskateshop.com\/fr\/produit\/lames-bont-platinum-x-copy\/#primaryimage"},"image":{"@id":"https:\/\/xactskateshop.com\/fr\/produit\/lames-bont-platinum-x-copy\/#primaryimage"},"thumbnailUrl":"https:\/\/xactskateshop.com\/wp-content\/uploads\/2020\/09\/ST-Platinum-X.jpg","datePublished":"2026-04-14T15:17:48+00:00","dateModified":"2026-04-14T15:26:35+00:00","description":"Lames Bont Platinum X. La lame Platinum X est fabriqu\u00e9e avec de l'acier B\u00f6hler K390 PM qui est poli pour produire une pi\u00e8ce d'acier parfaitement droite.","breadcrumb":{"@id":"https:\/\/xactskateshop.com\/fr\/produit\/lames-bont-platinum-x-copy\/#breadcrumb"},"inLanguage":"fr-FR","potentialAction":[{"@type":"ReadAction","target":["https:\/\/xactskateshop.com\/fr\/produit\/lames-bont-platinum-x-copy\/"]}]},{"@type":"ImageObject","inLanguage":"fr-FR","@id":"https:\/\/xactskateshop.com\/fr\/produit\/lames-bont-platinum-x-copy\/#primaryimage","url":"https:\/\/xactskateshop.com\/wp-content\/uploads\/2020\/09\/ST-Platinum-X.jpg","contentUrl":"https:\/\/xactskateshop.com\/wp-content\/uploads\/2020\/09\/ST-Platinum-X.jpg","width":1000,"height":1000},{"@type":"BreadcrumbList","@id":"https:\/\/xactskateshop.com\/fr\/produit\/lames-bont-platinum-x-copy\/#breadcrumb","itemListElement":[{"@type":"ListItem","position":1,"name":"Home","item":"https:\/\/xactskateshop.com\/fr\/accueil\/"},{"@type":"ListItem","position":2,"name":"Boutique","item":"https:\/\/xactskateshop.com\/shop\/"},{"@type":"ListItem","position":3,"name":"Lames BONT Platinum X (Copy)"}]},{"@type":"WebSite","@id":"http:\/\/xactskateshop.com\/fr\/#website","url":"http:\/\/xactskateshop.com\/fr\/","name":"Xact Skate Shop","description":"Un site utilisant WordPress","publisher":{"@id":"http:\/\/xactskateshop.com\/fr\/#organization"},"potentialAction":[{"@type":"SearchAction","target":{"@type":"EntryPoint","urlTemplate":"http:\/\/xactskateshop.com\/fr\/?s={search_term_string}"},"query-input":{"@type":"PropertyValueSpecification","valueRequired":true,"valueName":"search_term_string"}}],"inLanguage":"fr-FR"},{"@type":"Organization","@id":"http:\/\/xactskateshop.com\/fr\/#organization","name":"XACT Skate Shop","url":"http:\/\/xactskateshop.com\/fr\/","logo":{"@type":"ImageObject","inLanguage":"fr-FR","@id":"http:\/\/xactskateshop.com\/fr\/#\/schema\/logo\/image\/","url":"http:\/\/xactskateshop.com\/wp-content\/uploads\/2024\/04\/xactskateshop-dot-com-avec-contour-noir-sans-fond-675x.jpg","contentUrl":"http:\/\/xactskateshop.com\/wp-content\/uploads\/2024\/04\/xactskateshop-dot-com-avec-contour-noir-sans-fond-675x.jpg","width":675,"height":247,"caption":"XACT Skate Shop"},"image":{"@id":"http:\/\/xactskateshop.com\/fr\/#\/schema\/logo\/image\/"},"sameAs":["https:\/\/www.facebook.com\/JeanLouiskateshop"]}]}},"_links":{"self":[{"href":"https:\/\/xactskateshop.com\/fr\/wp-json\/wp\/v2\/product\/71771","targetHints":{"allow":["GET"]}}],"collection":[{"href":"https:\/\/xactskateshop.com\/fr\/wp-json\/wp\/v2\/product"}],"about":[{"href":"https:\/\/xactskateshop.com\/fr\/wp-json\/wp\/v2\/types\/product"}],"replies":[{"embeddable":true,"href":"https:\/\/xactskateshop.com\/fr\/wp-json\/wp\/v2\/comments?post=71771"}],"wp:featuredmedia":[{"embeddable":true,"href":"https:\/\/xactskateshop.com\/fr\/wp-json\/wp\/v2\/media\/27753"}],"wp:attachment":[{"href":"https:\/\/xactskateshop.com\/fr\/wp-json\/wp\/v2\/media?parent=71771"}],"wp:term":[{"taxonomy":"product_brand","embeddable":true,"href":"https:\/\/xactskateshop.com\/fr\/wp-json\/wp\/v2\/product_brand?post=71771"},{"taxonomy":"product_cat","embeddable":true,"href":"https:\/\/xactskateshop.com\/fr\/wp-json\/wp\/v2\/product_cat?post=71771"},{"taxonomy":"product_tag","embeddable":true,"href":"https:\/\/xactskateshop.com\/fr\/wp-json\/wp\/v2\/product_tag?post=71771"}],"curies":[{"name":"wp","href":"https:\/\/api.w.org\/{rel}","templated":true}]}}