{"id":71607,"date":"2026-04-09T16:17:43","date_gmt":"2026-04-09T20:17:43","guid":{"rendered":"https:\/\/xactskateshop.com\/?post_type=product&#038;p=71607"},"modified":"2026-04-09T16:25:47","modified_gmt":"2026-04-09T20:25:47","slug":"protege-poignets-k2-performance-femme","status":"publish","type":"product","link":"https:\/\/xactskateshop.com\/fr\/produit\/protege-poignets-k2-performance-femme\/","title":{"rendered":"Prot\u00e8ge-poignets K2 Performance femme"},"content":{"rendered":"<div class=\"description\" data-v-6bf92d32=\"\">\n<div class=\"description\" data-v-6bf92d32=\"\">\n<div class=\"description\" data-v-4125a03c=\"\">\n<div class=\"description\" data-v-4125a03c=\"\">\n<div class=\"description\" data-v-4125a03c=\"\">\n<p>Prot\u00e8ge-poignets K2 Performance femme<\/p>\n<p>Les prot\u00e8ge-poignets K2 Performance sont con\u00e7us pour offrir une protection optimale, un confort exceptionnel et une respirabilit\u00e9 optimale, le tout dans un format athl\u00e9tique et compact.<\/p>\n<p>Tailles disponibles pour les prot\u00e8ge-poignets K2 Performance : S, M, L, XL<\/p>\n<\/div>\n<div class=\"specs\" data-v-4125a03c=\"\">\n<div class=\"list-group\" data-v-4125a03c=\"\">\n<p><img fetchpriority=\"high\" decoding=\"async\" class=\"alignnone size-medium wp-image-23564\" src=\"http:\/\/xactskateshop.com\/wp-content\/uploads\/2023\/04\/71MKusMSmML._AC_SL1500_-300x195.jpg\" alt=\"\" width=\"300\" height=\"195\" srcset=\"https:\/\/xactskateshop.com\/wp-content\/uploads\/2023\/04\/71MKusMSmML._AC_SL1500_-300x195.jpg 300w, https:\/\/xactskateshop.com\/wp-content\/uploads\/2023\/04\/71MKusMSmML._AC_SL1500_-1024x666.jpg 1024w, https:\/\/xactskateshop.com\/wp-content\/uploads\/2023\/04\/71MKusMSmML._AC_SL1500_-768x499.jpg 768w, https:\/\/xactskateshop.com\/wp-content\/uploads\/2023\/04\/71MKusMSmML._AC_SL1500_.jpg 1500w\" sizes=\"(max-width: 300px) 100vw, 300px\" \/><\/p>\n<p class=\"a-spacing-base\">En 1993, K2 a r\u00e9volutionn\u00e9 l&#8217;industrie du patinage en introduisant les tout premiers patins \u00e0 roues align\u00e9es Softboot. Cette technologie brevet\u00e9e de K2 offrait aux patineurs la pr\u00e9cision et l&#8217;exactitude d&#8217;une chaussure \u00e0 coque rigide, mais dans un nouveau design Softboot confortable et plus l\u00e9ger. Le sport est instantan\u00e9ment devenu plus agr\u00e9able et plus facile gr\u00e2ce \u00e0 cette innovation, qui a chang\u00e9 le patinage en ligne pour toujours.<\/p>\n<h5 class=\"a-spacing-mini a-color-secondary\">Mission de la marque<\/h5>\n<p class=\"a-spacing-base\">La mission de K2 Skate est de cr\u00e9er les outils les plus innovants pour nos consommateurs afin d&#8217;offrir la meilleure exp\u00e9rience de patinage, de faire progresser le sport du patinage en ligne et de renforcer la culture. De la performance \u00e0 l&#8217;amusement, nous offrons des produits fiables, intuitifs et cool aux patineurs de tous niveaux.<\/p>\n<\/div>\n<p>Voir le style Junior<a href=\"https:\/\/xactskateshop.com\/fr\/produit\/k2-raider-pro-jr-pad-set-3-packs\/\"> ici<\/a><\/p>\n<p>Voyez <a href=\"https:\/\/canada.bont.com\/collections\/inline-skating-accessories\/products\/bont-skate-protective-pads-set\">ici<\/a> un ensemble typique de protection<\/p>\n<\/div>\n<\/div>\n<\/div>\n<\/div>\n<\/div>\n","protected":false},"excerpt":{"rendered":"<div class=\"description\" data-v-6bf92d32=\"\">\n<div class=\"description\" data-v-6bf92d32=\"\">\n<hr \/>\n<p style=\"text-align: center;\">Les prot\u00e8ge-poignets K2 Performance sont con\u00e7us pour offrir une protection optimale, un confort exceptionnel et une respirabilit\u00e9 optimale, le tout dans un format athl\u00e9tique et compact.<\/p>\n<hr \/>\n<\/div>\n<div class=\"specs\" data-v-6bf92d32=\"\">\n<div class=\"list-group\" data-v-6bf92d32=\"\"><\/div>\n<\/div>\n<\/div>\n<div class=\"specs\" data-v-6bf92d32=\"\">\n<div class=\"list-group\" data-v-6bf92d32=\"\"><\/div>\n<\/div>\n","protected":false},"featured_media":71612,"comment_status":"closed","ping_status":"closed","template":"","meta":{"site-sidebar-layout":"default","site-content-layout":"default","ast-site-content-layout":"default","site-content-style":"default","site-sidebar-style":"default","ast-global-header-display":"","ast-banner-title-visibility":"","ast-main-header-display":"","ast-hfb-above-header-display":"","ast-hfb-below-header-display":"","ast-hfb-mobile-header-display":"","site-post-title":"","ast-breadcrumbs-content":"","ast-featured-img":"","footer-sml-layout":"","theme-transparent-header-meta":"default","adv-header-id-meta":"","stick-header-meta":"","header-above-stick-meta":"","header-main-stick-meta":"","header-below-stick-meta":"","astra-migrate-meta-layouts":"set","ast-page-background-enabled":"default","ast-page-background-meta":{"desktop":{"background-color":"","background-image":"","background-repeat":"repeat","background-position":"center center","background-size":"auto","background-attachment":"scroll","background-type":"","background-media":"","overlay-type":"","overlay-color":"","overlay-opacity":"","overlay-gradient":""},"tablet":{"background-color":"","background-image":"","background-repeat":"repeat","background-position":"center center","background-size":"auto","background-attachment":"scroll","background-type":"","background-media":"","overlay-type":"","overlay-color":"","overlay-opacity":"","overlay-gradient":""},"mobile":{"background-color":"","background-image":"","background-repeat":"repeat","background-position":"center center","background-size":"auto","background-attachment":"scroll","background-type":"","background-media":"","overlay-type":"","overlay-color":"","overlay-opacity":"","overlay-gradient":""}},"ast-content-background-meta":{"desktop":{"background-color":"var(--ast-global-color-5)","background-image":"","background-repeat":"repeat","background-position":"center center","background-size":"auto","background-attachment":"scroll","background-type":"","background-media":"","overlay-type":"","overlay-color":"","overlay-opacity":"","overlay-gradient":""},"tablet":{"background-color":"var(--ast-global-color-5)","background-image":"","background-repeat":"repeat","background-position":"center center","background-size":"auto","background-attachment":"scroll","background-type":"","background-media":"","overlay-type":"","overlay-color":"","overlay-opacity":"","overlay-gradient":""},"mobile":{"background-color":"var(--ast-global-color-5)","background-image":"","background-repeat":"repeat","background-position":"center center","background-size":"auto","background-attachment":"scroll","background-type":"","background-media":"","overlay-type":"","overlay-color":"","overlay-opacity":"","overlay-gradient":""}}},"product_brand":[],"product_cat":[1529,1733,1755],"product_tag":[2336,2335,2334,2331],"class_list":{"0":"post-71607","1":"product","2":"type-product","3":"status-publish","4":"has-post-thumbnail","6":"product_cat-accessoires-de-patinage-a-roues-alignees","7":"product_cat-equipement-de-protection","8":"product_cat-protection-patins-a-roulettes","9":"product_tag-coussinets-pour-patins-a-roues-alignees","10":"product_tag-protection-des-patins","11":"product_tag-protection-k2","12":"product_tag-tampons-k2","13":"desktop-align-center","14":"tablet-align-center","15":"mobile-align-center","16":"ast-product-gallery-layout-horizontal","17":"ast-product-single-variable","18":"ast-product-tabs-layout-horizontal","19":"ast-qv-on-image","21":"first","22":"instock","23":"taxable","24":"shipping-taxable","25":"purchasable","26":"product-type-variable"},"bundled_by":[],"bundle_stock_status":"instock","bundle_stock_quantity":null,"bundle_virtual":false,"bundle_layout":"","bundle_add_to_cart_form_location":"","bundle_editable_in_cart":false,"bundle_sold_individually_context":"","bundle_item_grouping":"","bundle_min_size":"","bundle_max_size":"","bundle_price":[],"bundled_items":[],"bundle_sell_ids":[],"yoast_head":"<!-- This site is optimized with the Yoast SEO plugin v27.3 - https:\/\/yoast.com\/product\/yoast-seo-wordpress\/ -->\n<title>Prot\u00e8ge-poignets K2 Performance femme - Xact Skate Shop<\/title>\n<meta name=\"description\" content=\"Prot\u00e8ge-poignets K2 Performance femme. Les prot\u00e8ge-poignets sont con\u00e7us pour offrir une protection optimale, confort exceptionnel et respirabilit\u00e9 optimale\" \/>\n<meta name=\"robots\" content=\"index, follow, max-snippet:-1, max-image-preview:large, max-video-preview:-1\" \/>\n<link rel=\"canonical\" href=\"https:\/\/xactskateshop.com\/fr\/produit\/protege-poignets-k2-performance-femme\/\" \/>\n<meta property=\"og:locale\" content=\"fr_FR\" \/>\n<meta property=\"og:type\" content=\"article\" \/>\n<meta property=\"og:title\" content=\"Prot\u00e8ge-poignets K2 Performance femme - Xact Skate Shop\" \/>\n<meta property=\"og:description\" content=\"Prot\u00e8ge-poignets K2 Performance femme. Les prot\u00e8ge-poignets sont con\u00e7us pour offrir une protection optimale, confort exceptionnel et respirabilit\u00e9 optimale\" \/>\n<meta property=\"og:url\" content=\"https:\/\/xactskateshop.com\/fr\/produit\/protege-poignets-k2-performance-femme\/\" \/>\n<meta property=\"og:site_name\" content=\"Xact Skate Shop\" \/>\n<meta property=\"article:publisher\" content=\"https:\/\/www.facebook.com\/JeanLouiskateshop\" \/>\n<meta property=\"article:modified_time\" content=\"2026-04-09T20:25:47+00:00\" \/>\n<meta property=\"og:image\" content=\"https:\/\/xactskateshop.com\/wp-content\/uploads\/2026\/04\/K2SKATE_PERFORMANCE_PAD_SET_W-03_A_2.jpg\" \/>\n\t<meta property=\"og:image:width\" content=\"1000\" \/>\n\t<meta property=\"og:image:height\" content=\"1000\" \/>\n\t<meta property=\"og:image:type\" content=\"image\/jpeg\" \/>\n<meta name=\"twitter:card\" content=\"summary_large_image\" \/>\n<meta name=\"twitter:label1\" content=\"Dur\u00e9e de lecture estim\u00e9e\" \/>\n\t<meta name=\"twitter:data1\" content=\"2 minutes\" \/>\n<script type=\"application\/ld+json\" class=\"yoast-schema-graph\">{\"@context\":\"https:\\\/\\\/schema.org\",\"@graph\":[{\"@type\":\"WebPage\",\"@id\":\"https:\\\/\\\/xactskateshop.com\\\/fr\\\/produit\\\/protege-poignets-k2-performance-femme\\\/\",\"url\":\"https:\\\/\\\/xactskateshop.com\\\/fr\\\/produit\\\/protege-poignets-k2-performance-femme\\\/\",\"name\":\"Prot\u00e8ge-poignets K2 Performance femme - Xact Skate Shop\",\"isPartOf\":{\"@id\":\"http:\\\/\\\/xactskateshop.com\\\/fr\\\/#website\"},\"primaryImageOfPage\":{\"@id\":\"https:\\\/\\\/xactskateshop.com\\\/fr\\\/produit\\\/protege-poignets-k2-performance-femme\\\/#primaryimage\"},\"image\":{\"@id\":\"https:\\\/\\\/xactskateshop.com\\\/fr\\\/produit\\\/protege-poignets-k2-performance-femme\\\/#primaryimage\"},\"thumbnailUrl\":\"https:\\\/\\\/xactskateshop.com\\\/wp-content\\\/uploads\\\/2026\\\/04\\\/K2SKATE_PERFORMANCE_PAD_SET_W-03_A_2.jpg\",\"datePublished\":\"2026-04-09T20:17:43+00:00\",\"dateModified\":\"2026-04-09T20:25:47+00:00\",\"description\":\"Prot\u00e8ge-poignets K2 Performance femme. Les prot\u00e8ge-poignets sont con\u00e7us pour offrir une protection optimale, confort exceptionnel et respirabilit\u00e9 optimale\",\"breadcrumb\":{\"@id\":\"https:\\\/\\\/xactskateshop.com\\\/fr\\\/produit\\\/protege-poignets-k2-performance-femme\\\/#breadcrumb\"},\"inLanguage\":\"fr-FR\",\"potentialAction\":[{\"@type\":\"ReadAction\",\"target\":[\"https:\\\/\\\/xactskateshop.com\\\/fr\\\/produit\\\/protege-poignets-k2-performance-femme\\\/\"]}]},{\"@type\":\"ImageObject\",\"inLanguage\":\"fr-FR\",\"@id\":\"https:\\\/\\\/xactskateshop.com\\\/fr\\\/produit\\\/protege-poignets-k2-performance-femme\\\/#primaryimage\",\"url\":\"https:\\\/\\\/xactskateshop.com\\\/wp-content\\\/uploads\\\/2026\\\/04\\\/K2SKATE_PERFORMANCE_PAD_SET_W-03_A_2.jpg\",\"contentUrl\":\"https:\\\/\\\/xactskateshop.com\\\/wp-content\\\/uploads\\\/2026\\\/04\\\/K2SKATE_PERFORMANCE_PAD_SET_W-03_A_2.jpg\",\"width\":1000,\"height\":1000,\"caption\":\"Prot\u00e8ge-poignets K2 Performance femme\"},{\"@type\":\"BreadcrumbList\",\"@id\":\"https:\\\/\\\/xactskateshop.com\\\/fr\\\/produit\\\/protege-poignets-k2-performance-femme\\\/#breadcrumb\",\"itemListElement\":[{\"@type\":\"ListItem\",\"position\":1,\"name\":\"Home\",\"item\":\"https:\\\/\\\/xactskateshop.com\\\/fr\\\/accueil\\\/\"},{\"@type\":\"ListItem\",\"position\":2,\"name\":\"Boutique\",\"item\":\"https:\\\/\\\/xactskateshop.com\\\/shop\\\/\"},{\"@type\":\"ListItem\",\"position\":3,\"name\":\"Prot\u00e8ge-poignets K2 Performance femme\"}]},{\"@type\":\"WebSite\",\"@id\":\"http:\\\/\\\/xactskateshop.com\\\/fr\\\/#website\",\"url\":\"http:\\\/\\\/xactskateshop.com\\\/fr\\\/\",\"name\":\"Xact Skate Shop\",\"description\":\"Un site utilisant WordPress\",\"publisher\":{\"@id\":\"http:\\\/\\\/xactskateshop.com\\\/fr\\\/#organization\"},\"potentialAction\":[{\"@type\":\"SearchAction\",\"target\":{\"@type\":\"EntryPoint\",\"urlTemplate\":\"http:\\\/\\\/xactskateshop.com\\\/fr\\\/?s={search_term_string}\"},\"query-input\":{\"@type\":\"PropertyValueSpecification\",\"valueRequired\":true,\"valueName\":\"search_term_string\"}}],\"inLanguage\":\"fr-FR\"},{\"@type\":\"Organization\",\"@id\":\"http:\\\/\\\/xactskateshop.com\\\/fr\\\/#organization\",\"name\":\"XACT Skate Shop\",\"url\":\"http:\\\/\\\/xactskateshop.com\\\/fr\\\/\",\"logo\":{\"@type\":\"ImageObject\",\"inLanguage\":\"fr-FR\",\"@id\":\"http:\\\/\\\/xactskateshop.com\\\/fr\\\/#\\\/schema\\\/logo\\\/image\\\/\",\"url\":\"http:\\\/\\\/xactskateshop.com\\\/wp-content\\\/uploads\\\/2024\\\/04\\\/xactskateshop-dot-com-avec-contour-noir-sans-fond-675x.jpg\",\"contentUrl\":\"http:\\\/\\\/xactskateshop.com\\\/wp-content\\\/uploads\\\/2024\\\/04\\\/xactskateshop-dot-com-avec-contour-noir-sans-fond-675x.jpg\",\"width\":675,\"height\":247,\"caption\":\"XACT Skate Shop\"},\"image\":{\"@id\":\"http:\\\/\\\/xactskateshop.com\\\/fr\\\/#\\\/schema\\\/logo\\\/image\\\/\"},\"sameAs\":[\"https:\\\/\\\/www.facebook.com\\\/JeanLouiskateshop\"]}]}<\/script>\n<!-- \/ Yoast SEO plugin. -->","yoast_head_json":{"title":"Prot\u00e8ge-poignets K2 Performance femme - Xact Skate Shop","description":"Prot\u00e8ge-poignets K2 Performance femme. Les prot\u00e8ge-poignets sont con\u00e7us pour offrir une protection optimale, confort exceptionnel et respirabilit\u00e9 optimale","robots":{"index":"index","follow":"follow","max-snippet":"max-snippet:-1","max-image-preview":"max-image-preview:large","max-video-preview":"max-video-preview:-1"},"canonical":"https:\/\/xactskateshop.com\/fr\/produit\/protege-poignets-k2-performance-femme\/","og_locale":"fr_FR","og_type":"article","og_title":"Prot\u00e8ge-poignets K2 Performance femme - Xact Skate Shop","og_description":"Prot\u00e8ge-poignets K2 Performance femme. Les prot\u00e8ge-poignets sont con\u00e7us pour offrir une protection optimale, confort exceptionnel et respirabilit\u00e9 optimale","og_url":"https:\/\/xactskateshop.com\/fr\/produit\/protege-poignets-k2-performance-femme\/","og_site_name":"Xact Skate Shop","article_publisher":"https:\/\/www.facebook.com\/JeanLouiskateshop","article_modified_time":"2026-04-09T20:25:47+00:00","og_image":[{"width":1000,"height":1000,"url":"https:\/\/xactskateshop.com\/wp-content\/uploads\/2026\/04\/K2SKATE_PERFORMANCE_PAD_SET_W-03_A_2.jpg","type":"image\/jpeg"}],"twitter_card":"summary_large_image","twitter_misc":{"Dur\u00e9e de lecture estim\u00e9e":"2 minutes"},"schema":{"@context":"https:\/\/schema.org","@graph":[{"@type":"WebPage","@id":"https:\/\/xactskateshop.com\/fr\/produit\/protege-poignets-k2-performance-femme\/","url":"https:\/\/xactskateshop.com\/fr\/produit\/protege-poignets-k2-performance-femme\/","name":"Prot\u00e8ge-poignets K2 Performance femme - Xact Skate Shop","isPartOf":{"@id":"http:\/\/xactskateshop.com\/fr\/#website"},"primaryImageOfPage":{"@id":"https:\/\/xactskateshop.com\/fr\/produit\/protege-poignets-k2-performance-femme\/#primaryimage"},"image":{"@id":"https:\/\/xactskateshop.com\/fr\/produit\/protege-poignets-k2-performance-femme\/#primaryimage"},"thumbnailUrl":"https:\/\/xactskateshop.com\/wp-content\/uploads\/2026\/04\/K2SKATE_PERFORMANCE_PAD_SET_W-03_A_2.jpg","datePublished":"2026-04-09T20:17:43+00:00","dateModified":"2026-04-09T20:25:47+00:00","description":"Prot\u00e8ge-poignets K2 Performance femme. Les prot\u00e8ge-poignets sont con\u00e7us pour offrir une protection optimale, confort exceptionnel et respirabilit\u00e9 optimale","breadcrumb":{"@id":"https:\/\/xactskateshop.com\/fr\/produit\/protege-poignets-k2-performance-femme\/#breadcrumb"},"inLanguage":"fr-FR","potentialAction":[{"@type":"ReadAction","target":["https:\/\/xactskateshop.com\/fr\/produit\/protege-poignets-k2-performance-femme\/"]}]},{"@type":"ImageObject","inLanguage":"fr-FR","@id":"https:\/\/xactskateshop.com\/fr\/produit\/protege-poignets-k2-performance-femme\/#primaryimage","url":"https:\/\/xactskateshop.com\/wp-content\/uploads\/2026\/04\/K2SKATE_PERFORMANCE_PAD_SET_W-03_A_2.jpg","contentUrl":"https:\/\/xactskateshop.com\/wp-content\/uploads\/2026\/04\/K2SKATE_PERFORMANCE_PAD_SET_W-03_A_2.jpg","width":1000,"height":1000,"caption":"Prot\u00e8ge-poignets K2 Performance femme"},{"@type":"BreadcrumbList","@id":"https:\/\/xactskateshop.com\/fr\/produit\/protege-poignets-k2-performance-femme\/#breadcrumb","itemListElement":[{"@type":"ListItem","position":1,"name":"Home","item":"https:\/\/xactskateshop.com\/fr\/accueil\/"},{"@type":"ListItem","position":2,"name":"Boutique","item":"https:\/\/xactskateshop.com\/shop\/"},{"@type":"ListItem","position":3,"name":"Prot\u00e8ge-poignets K2 Performance femme"}]},{"@type":"WebSite","@id":"http:\/\/xactskateshop.com\/fr\/#website","url":"http:\/\/xactskateshop.com\/fr\/","name":"Xact Skate Shop","description":"Un site utilisant WordPress","publisher":{"@id":"http:\/\/xactskateshop.com\/fr\/#organization"},"potentialAction":[{"@type":"SearchAction","target":{"@type":"EntryPoint","urlTemplate":"http:\/\/xactskateshop.com\/fr\/?s={search_term_string}"},"query-input":{"@type":"PropertyValueSpecification","valueRequired":true,"valueName":"search_term_string"}}],"inLanguage":"fr-FR"},{"@type":"Organization","@id":"http:\/\/xactskateshop.com\/fr\/#organization","name":"XACT Skate Shop","url":"http:\/\/xactskateshop.com\/fr\/","logo":{"@type":"ImageObject","inLanguage":"fr-FR","@id":"http:\/\/xactskateshop.com\/fr\/#\/schema\/logo\/image\/","url":"http:\/\/xactskateshop.com\/wp-content\/uploads\/2024\/04\/xactskateshop-dot-com-avec-contour-noir-sans-fond-675x.jpg","contentUrl":"http:\/\/xactskateshop.com\/wp-content\/uploads\/2024\/04\/xactskateshop-dot-com-avec-contour-noir-sans-fond-675x.jpg","width":675,"height":247,"caption":"XACT Skate Shop"},"image":{"@id":"http:\/\/xactskateshop.com\/fr\/#\/schema\/logo\/image\/"},"sameAs":["https:\/\/www.facebook.com\/JeanLouiskateshop"]}]}},"_links":{"self":[{"href":"https:\/\/xactskateshop.com\/fr\/wp-json\/wp\/v2\/product\/71607","targetHints":{"allow":["GET"]}}],"collection":[{"href":"https:\/\/xactskateshop.com\/fr\/wp-json\/wp\/v2\/product"}],"about":[{"href":"https:\/\/xactskateshop.com\/fr\/wp-json\/wp\/v2\/types\/product"}],"replies":[{"embeddable":true,"href":"https:\/\/xactskateshop.com\/fr\/wp-json\/wp\/v2\/comments?post=71607"}],"wp:featuredmedia":[{"embeddable":true,"href":"https:\/\/xactskateshop.com\/fr\/wp-json\/wp\/v2\/media\/71612"}],"wp:attachment":[{"href":"https:\/\/xactskateshop.com\/fr\/wp-json\/wp\/v2\/media?parent=71607"}],"wp:term":[{"taxonomy":"product_brand","embeddable":true,"href":"https:\/\/xactskateshop.com\/fr\/wp-json\/wp\/v2\/product_brand?post=71607"},{"taxonomy":"product_cat","embeddable":true,"href":"https:\/\/xactskateshop.com\/fr\/wp-json\/wp\/v2\/product_cat?post=71607"},{"taxonomy":"product_tag","embeddable":true,"href":"https:\/\/xactskateshop.com\/fr\/wp-json\/wp\/v2\/product_tag?post=71607"}],"curies":[{"name":"wp","href":"https:\/\/api.w.org\/{rel}","templated":true}]}}