{"id":71556,"date":"2026-04-09T14:05:34","date_gmt":"2026-04-09T18:05:34","guid":{"rendered":"https:\/\/xactskateshop.com\/?post_type=product&#038;p=71556"},"modified":"2026-04-09T15:28:27","modified_gmt":"2026-04-09T19:28:27","slug":"ensemble-protection-k2-prime-femme-3-pack","status":"publish","type":"product","link":"https:\/\/xactskateshop.com\/fr\/produit\/ensemble-protection-k2-prime-femme-3-pack\/","title":{"rendered":"Ensemble protection K2 PRIME Femme (3 pack)"},"content":{"rendered":"<div data-v-6bf92d32=\"\">Ensemble protection K2 PRIME Femme<\/div>\n<div class=\"description\" data-v-6bf92d32=\"\">Restez en s\u00e9curit\u00e9 lorsque vous \u00eates sur le trottoir avec notre K2 Prime Pad Set. D&#8217;une esth\u00e9tique moderne et minimale, ces protections prot\u00e8gent tout en \u00e9tant esth\u00e9tiques. Le K2 Prime Pad Set comprend des coudi\u00e8res, des genouill\u00e8res et des prot\u00e8ge-poignets dot\u00e9s de capuchons en plastique durable qui prot\u00e8gent contre les chocs et l&#8217;abrasion. Les panneaux en maille respirante et r\u00e9sistante \u00e0 l&#8217;abrasion apportent une protection suppl\u00e9mentaire et une sensation de confort tout au long de la session de patinage.<\/div>\n<div class=\"specs\" data-v-6bf92d32=\"\">\n<div class=\"list-group\" data-v-6bf92d32=\"\">\n<h4 data-v-6bf92d32=\"\">TAILLE<\/h4>\n<p>M <span class=\"comma\" data-v-6bf92d32=\"\">,<\/span>XL<\/p>\n<p>En savoir plus sur K2 <a href=\"http:\/\/www.k2skates.com\">ici<\/a><\/p>\n<\/div>\n<\/div>\n","protected":false},"excerpt":{"rendered":"<div data-v-6bf92d32=\"\">\n<hr \/>\n<\/div>\n<div class=\"description\" style=\"text-align: center;\" data-v-6bf92d32=\"\">Restez en s\u00e9curit\u00e9 lorsque vous \u00eates sur le trottoir avec notre K2 Prime Pad Set. D&#8217;une esth\u00e9tique moderne et minimale, ces protections prot\u00e8gent tout en \u00e9tant esth\u00e9tiques.<\/div>\n<div data-v-6bf92d32=\"\">\n<hr \/>\n<\/div>\n","protected":false},"featured_media":71568,"comment_status":"closed","ping_status":"closed","template":"","meta":{"site-sidebar-layout":"default","site-content-layout":"default","ast-site-content-layout":"default","site-content-style":"default","site-sidebar-style":"default","ast-global-header-display":"","ast-banner-title-visibility":"","ast-main-header-display":"","ast-hfb-above-header-display":"","ast-hfb-below-header-display":"","ast-hfb-mobile-header-display":"","site-post-title":"","ast-breadcrumbs-content":"","ast-featured-img":"","footer-sml-layout":"","theme-transparent-header-meta":"default","adv-header-id-meta":"","stick-header-meta":"","header-above-stick-meta":"","header-main-stick-meta":"","header-below-stick-meta":"","astra-migrate-meta-layouts":"set","ast-page-background-enabled":"default","ast-page-background-meta":{"desktop":{"background-color":"","background-image":"","background-repeat":"repeat","background-position":"center center","background-size":"auto","background-attachment":"scroll","background-type":"","background-media":"","overlay-type":"","overlay-color":"","overlay-opacity":"","overlay-gradient":""},"tablet":{"background-color":"","background-image":"","background-repeat":"repeat","background-position":"center center","background-size":"auto","background-attachment":"scroll","background-type":"","background-media":"","overlay-type":"","overlay-color":"","overlay-opacity":"","overlay-gradient":""},"mobile":{"background-color":"","background-image":"","background-repeat":"repeat","background-position":"center center","background-size":"auto","background-attachment":"scroll","background-type":"","background-media":"","overlay-type":"","overlay-color":"","overlay-opacity":"","overlay-gradient":""}},"ast-content-background-meta":{"desktop":{"background-color":"var(--ast-global-color-5)","background-image":"","background-repeat":"repeat","background-position":"center center","background-size":"auto","background-attachment":"scroll","background-type":"","background-media":"","overlay-type":"","overlay-color":"","overlay-opacity":"","overlay-gradient":""},"tablet":{"background-color":"var(--ast-global-color-5)","background-image":"","background-repeat":"repeat","background-position":"center center","background-size":"auto","background-attachment":"scroll","background-type":"","background-media":"","overlay-type":"","overlay-color":"","overlay-opacity":"","overlay-gradient":""},"mobile":{"background-color":"var(--ast-global-color-5)","background-image":"","background-repeat":"repeat","background-position":"center center","background-size":"auto","background-attachment":"scroll","background-type":"","background-media":"","overlay-type":"","overlay-color":"","overlay-opacity":"","overlay-gradient":""}}},"product_brand":[],"product_cat":[1529,1733,1755],"product_tag":[],"class_list":{"0":"post-71556","1":"product","2":"type-product","3":"status-publish","4":"has-post-thumbnail","6":"product_cat-accessoires-de-patinage-a-roues-alignees","7":"product_cat-equipement-de-protection","8":"product_cat-protection-patins-a-roulettes","9":"desktop-align-center","10":"tablet-align-center","11":"mobile-align-center","12":"ast-product-gallery-layout-horizontal","13":"ast-product-single-variable","14":"ast-product-tabs-layout-horizontal","15":"ast-qv-on-image","17":"first","18":"instock","19":"taxable","20":"shipping-taxable","21":"purchasable","22":"product-type-variable"},"bundled_by":[],"bundle_stock_status":"instock","bundle_stock_quantity":null,"bundle_virtual":false,"bundle_layout":"","bundle_add_to_cart_form_location":"","bundle_editable_in_cart":false,"bundle_sold_individually_context":"","bundle_item_grouping":"","bundle_min_size":"","bundle_max_size":"","bundle_price":[],"bundled_items":[],"bundle_sell_ids":[],"yoast_head":"<!-- This site is optimized with the Yoast SEO plugin v27.3 - https:\/\/yoast.com\/product\/yoast-seo-wordpress\/ -->\n<title>Ensemble protection K2 PRIME Femme (3 pack) - Xact Skate Shop<\/title>\n<meta name=\"description\" content=\"Ensemble protection K2 PRIME Femme. Au look moderne et minimale, ces protections prot\u00e8gent tout en \u00e9tant esth\u00e9tiques. La coupe est \u00e9galement excellente !\" \/>\n<meta name=\"robots\" content=\"index, follow, max-snippet:-1, max-image-preview:large, max-video-preview:-1\" \/>\n<link rel=\"canonical\" href=\"https:\/\/xactskateshop.com\/fr\/produit\/ensemble-protection-k2-prime-femme-3-pack\/\" \/>\n<meta property=\"og:locale\" content=\"fr_FR\" \/>\n<meta property=\"og:type\" content=\"article\" \/>\n<meta property=\"og:title\" content=\"Ensemble protection K2 PRIME Femme (3 pack) - Xact Skate Shop\" \/>\n<meta property=\"og:description\" content=\"Ensemble protection K2 PRIME Femme. Au look moderne et minimale, ces protections prot\u00e8gent tout en \u00e9tant esth\u00e9tiques. La coupe est \u00e9galement excellente !\" \/>\n<meta property=\"og:url\" content=\"https:\/\/xactskateshop.com\/fr\/produit\/ensemble-protection-k2-prime-femme-3-pack\/\" \/>\n<meta property=\"og:site_name\" content=\"Xact Skate Shop\" \/>\n<meta property=\"article:publisher\" content=\"https:\/\/www.facebook.com\/JeanLouiskateshop\" \/>\n<meta property=\"article:modified_time\" content=\"2026-04-09T19:28:27+00:00\" \/>\n<meta property=\"og:image\" content=\"https:\/\/xactskateshop.com\/wp-content\/uploads\/2026\/04\/K2Skate_Prime_PadSet-W.jpg\" \/>\n\t<meta property=\"og:image:width\" content=\"1000\" \/>\n\t<meta property=\"og:image:height\" content=\"1000\" \/>\n\t<meta property=\"og:image:type\" content=\"image\/jpeg\" \/>\n<meta name=\"twitter:card\" content=\"summary_large_image\" \/>\n<meta name=\"twitter:label1\" content=\"Dur\u00e9e de lecture estim\u00e9e\" \/>\n\t<meta name=\"twitter:data1\" content=\"1 minute\" \/>\n<script type=\"application\/ld+json\" class=\"yoast-schema-graph\">{\"@context\":\"https:\\\/\\\/schema.org\",\"@graph\":[{\"@type\":\"WebPage\",\"@id\":\"https:\\\/\\\/xactskateshop.com\\\/fr\\\/produit\\\/ensemble-protection-k2-prime-femme-3-pack\\\/\",\"url\":\"https:\\\/\\\/xactskateshop.com\\\/fr\\\/produit\\\/ensemble-protection-k2-prime-femme-3-pack\\\/\",\"name\":\"Ensemble protection K2 PRIME Femme (3 pack) - Xact Skate Shop\",\"isPartOf\":{\"@id\":\"http:\\\/\\\/xactskateshop.com\\\/fr\\\/#website\"},\"primaryImageOfPage\":{\"@id\":\"https:\\\/\\\/xactskateshop.com\\\/fr\\\/produit\\\/ensemble-protection-k2-prime-femme-3-pack\\\/#primaryimage\"},\"image\":{\"@id\":\"https:\\\/\\\/xactskateshop.com\\\/fr\\\/produit\\\/ensemble-protection-k2-prime-femme-3-pack\\\/#primaryimage\"},\"thumbnailUrl\":\"https:\\\/\\\/xactskateshop.com\\\/wp-content\\\/uploads\\\/2026\\\/04\\\/K2Skate_Prime_PadSet-W.jpg\",\"datePublished\":\"2026-04-09T18:05:34+00:00\",\"dateModified\":\"2026-04-09T19:28:27+00:00\",\"description\":\"Ensemble protection K2 PRIME Femme. Au look moderne et minimale, ces protections prot\u00e8gent tout en \u00e9tant esth\u00e9tiques. La coupe est \u00e9galement excellente !\",\"breadcrumb\":{\"@id\":\"https:\\\/\\\/xactskateshop.com\\\/fr\\\/produit\\\/ensemble-protection-k2-prime-femme-3-pack\\\/#breadcrumb\"},\"inLanguage\":\"fr-FR\",\"potentialAction\":[{\"@type\":\"ReadAction\",\"target\":[\"https:\\\/\\\/xactskateshop.com\\\/fr\\\/produit\\\/ensemble-protection-k2-prime-femme-3-pack\\\/\"]}]},{\"@type\":\"ImageObject\",\"inLanguage\":\"fr-FR\",\"@id\":\"https:\\\/\\\/xactskateshop.com\\\/fr\\\/produit\\\/ensemble-protection-k2-prime-femme-3-pack\\\/#primaryimage\",\"url\":\"https:\\\/\\\/xactskateshop.com\\\/wp-content\\\/uploads\\\/2026\\\/04\\\/K2Skate_Prime_PadSet-W.jpg\",\"contentUrl\":\"https:\\\/\\\/xactskateshop.com\\\/wp-content\\\/uploads\\\/2026\\\/04\\\/K2Skate_Prime_PadSet-W.jpg\",\"width\":1000,\"height\":1000,\"caption\":\"Ensemble protection K2 PRIME Femme\"},{\"@type\":\"BreadcrumbList\",\"@id\":\"https:\\\/\\\/xactskateshop.com\\\/fr\\\/produit\\\/ensemble-protection-k2-prime-femme-3-pack\\\/#breadcrumb\",\"itemListElement\":[{\"@type\":\"ListItem\",\"position\":1,\"name\":\"Home\",\"item\":\"https:\\\/\\\/xactskateshop.com\\\/fr\\\/accueil\\\/\"},{\"@type\":\"ListItem\",\"position\":2,\"name\":\"Boutique\",\"item\":\"https:\\\/\\\/xactskateshop.com\\\/shop\\\/\"},{\"@type\":\"ListItem\",\"position\":3,\"name\":\"Ensemble protection K2 PRIME Femme (3 pack)\"}]},{\"@type\":\"WebSite\",\"@id\":\"http:\\\/\\\/xactskateshop.com\\\/fr\\\/#website\",\"url\":\"http:\\\/\\\/xactskateshop.com\\\/fr\\\/\",\"name\":\"Xact Skate Shop\",\"description\":\"Un site utilisant WordPress\",\"publisher\":{\"@id\":\"http:\\\/\\\/xactskateshop.com\\\/fr\\\/#organization\"},\"potentialAction\":[{\"@type\":\"SearchAction\",\"target\":{\"@type\":\"EntryPoint\",\"urlTemplate\":\"http:\\\/\\\/xactskateshop.com\\\/fr\\\/?s={search_term_string}\"},\"query-input\":{\"@type\":\"PropertyValueSpecification\",\"valueRequired\":true,\"valueName\":\"search_term_string\"}}],\"inLanguage\":\"fr-FR\"},{\"@type\":\"Organization\",\"@id\":\"http:\\\/\\\/xactskateshop.com\\\/fr\\\/#organization\",\"name\":\"XACT Skate Shop\",\"url\":\"http:\\\/\\\/xactskateshop.com\\\/fr\\\/\",\"logo\":{\"@type\":\"ImageObject\",\"inLanguage\":\"fr-FR\",\"@id\":\"http:\\\/\\\/xactskateshop.com\\\/fr\\\/#\\\/schema\\\/logo\\\/image\\\/\",\"url\":\"http:\\\/\\\/xactskateshop.com\\\/wp-content\\\/uploads\\\/2024\\\/04\\\/xactskateshop-dot-com-avec-contour-noir-sans-fond-675x.jpg\",\"contentUrl\":\"http:\\\/\\\/xactskateshop.com\\\/wp-content\\\/uploads\\\/2024\\\/04\\\/xactskateshop-dot-com-avec-contour-noir-sans-fond-675x.jpg\",\"width\":675,\"height\":247,\"caption\":\"XACT Skate Shop\"},\"image\":{\"@id\":\"http:\\\/\\\/xactskateshop.com\\\/fr\\\/#\\\/schema\\\/logo\\\/image\\\/\"},\"sameAs\":[\"https:\\\/\\\/www.facebook.com\\\/JeanLouiskateshop\"]}]}<\/script>\n<!-- \/ Yoast SEO plugin. -->","yoast_head_json":{"title":"Ensemble protection K2 PRIME Femme (3 pack) - Xact Skate Shop","description":"Ensemble protection K2 PRIME Femme. Au look moderne et minimale, ces protections prot\u00e8gent tout en \u00e9tant esth\u00e9tiques. La coupe est \u00e9galement excellente !","robots":{"index":"index","follow":"follow","max-snippet":"max-snippet:-1","max-image-preview":"max-image-preview:large","max-video-preview":"max-video-preview:-1"},"canonical":"https:\/\/xactskateshop.com\/fr\/produit\/ensemble-protection-k2-prime-femme-3-pack\/","og_locale":"fr_FR","og_type":"article","og_title":"Ensemble protection K2 PRIME Femme (3 pack) - Xact Skate Shop","og_description":"Ensemble protection K2 PRIME Femme. Au look moderne et minimale, ces protections prot\u00e8gent tout en \u00e9tant esth\u00e9tiques. La coupe est \u00e9galement excellente !","og_url":"https:\/\/xactskateshop.com\/fr\/produit\/ensemble-protection-k2-prime-femme-3-pack\/","og_site_name":"Xact Skate Shop","article_publisher":"https:\/\/www.facebook.com\/JeanLouiskateshop","article_modified_time":"2026-04-09T19:28:27+00:00","og_image":[{"width":1000,"height":1000,"url":"https:\/\/xactskateshop.com\/wp-content\/uploads\/2026\/04\/K2Skate_Prime_PadSet-W.jpg","type":"image\/jpeg"}],"twitter_card":"summary_large_image","twitter_misc":{"Dur\u00e9e de lecture estim\u00e9e":"1 minute"},"schema":{"@context":"https:\/\/schema.org","@graph":[{"@type":"WebPage","@id":"https:\/\/xactskateshop.com\/fr\/produit\/ensemble-protection-k2-prime-femme-3-pack\/","url":"https:\/\/xactskateshop.com\/fr\/produit\/ensemble-protection-k2-prime-femme-3-pack\/","name":"Ensemble protection K2 PRIME Femme (3 pack) - Xact Skate Shop","isPartOf":{"@id":"http:\/\/xactskateshop.com\/fr\/#website"},"primaryImageOfPage":{"@id":"https:\/\/xactskateshop.com\/fr\/produit\/ensemble-protection-k2-prime-femme-3-pack\/#primaryimage"},"image":{"@id":"https:\/\/xactskateshop.com\/fr\/produit\/ensemble-protection-k2-prime-femme-3-pack\/#primaryimage"},"thumbnailUrl":"https:\/\/xactskateshop.com\/wp-content\/uploads\/2026\/04\/K2Skate_Prime_PadSet-W.jpg","datePublished":"2026-04-09T18:05:34+00:00","dateModified":"2026-04-09T19:28:27+00:00","description":"Ensemble protection K2 PRIME Femme. Au look moderne et minimale, ces protections prot\u00e8gent tout en \u00e9tant esth\u00e9tiques. La coupe est \u00e9galement excellente !","breadcrumb":{"@id":"https:\/\/xactskateshop.com\/fr\/produit\/ensemble-protection-k2-prime-femme-3-pack\/#breadcrumb"},"inLanguage":"fr-FR","potentialAction":[{"@type":"ReadAction","target":["https:\/\/xactskateshop.com\/fr\/produit\/ensemble-protection-k2-prime-femme-3-pack\/"]}]},{"@type":"ImageObject","inLanguage":"fr-FR","@id":"https:\/\/xactskateshop.com\/fr\/produit\/ensemble-protection-k2-prime-femme-3-pack\/#primaryimage","url":"https:\/\/xactskateshop.com\/wp-content\/uploads\/2026\/04\/K2Skate_Prime_PadSet-W.jpg","contentUrl":"https:\/\/xactskateshop.com\/wp-content\/uploads\/2026\/04\/K2Skate_Prime_PadSet-W.jpg","width":1000,"height":1000,"caption":"Ensemble protection K2 PRIME Femme"},{"@type":"BreadcrumbList","@id":"https:\/\/xactskateshop.com\/fr\/produit\/ensemble-protection-k2-prime-femme-3-pack\/#breadcrumb","itemListElement":[{"@type":"ListItem","position":1,"name":"Home","item":"https:\/\/xactskateshop.com\/fr\/accueil\/"},{"@type":"ListItem","position":2,"name":"Boutique","item":"https:\/\/xactskateshop.com\/shop\/"},{"@type":"ListItem","position":3,"name":"Ensemble protection K2 PRIME Femme (3 pack)"}]},{"@type":"WebSite","@id":"http:\/\/xactskateshop.com\/fr\/#website","url":"http:\/\/xactskateshop.com\/fr\/","name":"Xact Skate Shop","description":"Un site utilisant WordPress","publisher":{"@id":"http:\/\/xactskateshop.com\/fr\/#organization"},"potentialAction":[{"@type":"SearchAction","target":{"@type":"EntryPoint","urlTemplate":"http:\/\/xactskateshop.com\/fr\/?s={search_term_string}"},"query-input":{"@type":"PropertyValueSpecification","valueRequired":true,"valueName":"search_term_string"}}],"inLanguage":"fr-FR"},{"@type":"Organization","@id":"http:\/\/xactskateshop.com\/fr\/#organization","name":"XACT Skate Shop","url":"http:\/\/xactskateshop.com\/fr\/","logo":{"@type":"ImageObject","inLanguage":"fr-FR","@id":"http:\/\/xactskateshop.com\/fr\/#\/schema\/logo\/image\/","url":"http:\/\/xactskateshop.com\/wp-content\/uploads\/2024\/04\/xactskateshop-dot-com-avec-contour-noir-sans-fond-675x.jpg","contentUrl":"http:\/\/xactskateshop.com\/wp-content\/uploads\/2024\/04\/xactskateshop-dot-com-avec-contour-noir-sans-fond-675x.jpg","width":675,"height":247,"caption":"XACT Skate Shop"},"image":{"@id":"http:\/\/xactskateshop.com\/fr\/#\/schema\/logo\/image\/"},"sameAs":["https:\/\/www.facebook.com\/JeanLouiskateshop"]}]}},"_links":{"self":[{"href":"https:\/\/xactskateshop.com\/fr\/wp-json\/wp\/v2\/product\/71556","targetHints":{"allow":["GET"]}}],"collection":[{"href":"https:\/\/xactskateshop.com\/fr\/wp-json\/wp\/v2\/product"}],"about":[{"href":"https:\/\/xactskateshop.com\/fr\/wp-json\/wp\/v2\/types\/product"}],"replies":[{"embeddable":true,"href":"https:\/\/xactskateshop.com\/fr\/wp-json\/wp\/v2\/comments?post=71556"}],"wp:featuredmedia":[{"embeddable":true,"href":"https:\/\/xactskateshop.com\/fr\/wp-json\/wp\/v2\/media\/71568"}],"wp:attachment":[{"href":"https:\/\/xactskateshop.com\/fr\/wp-json\/wp\/v2\/media?parent=71556"}],"wp:term":[{"taxonomy":"product_brand","embeddable":true,"href":"https:\/\/xactskateshop.com\/fr\/wp-json\/wp\/v2\/product_brand?post=71556"},{"taxonomy":"product_cat","embeddable":true,"href":"https:\/\/xactskateshop.com\/fr\/wp-json\/wp\/v2\/product_cat?post=71556"},{"taxonomy":"product_tag","embeddable":true,"href":"https:\/\/xactskateshop.com\/fr\/wp-json\/wp\/v2\/product_tag?post=71556"}],"curies":[{"name":"wp","href":"https:\/\/api.w.org\/{rel}","templated":true}]}}