{"id":71064,"date":"2026-03-25T14:16:32","date_gmt":"2026-03-25T18:16:32","guid":{"rendered":"https:\/\/xactskateshop.com\/?post_type=product&#038;p=71064"},"modified":"2026-03-25T15:25:41","modified_gmt":"2026-03-25T19:25:41","slug":"casque-a-visiere-pennington-pro","status":"publish","type":"product","link":"https:\/\/xactskateshop.com\/fr\/produit\/casque-a-visiere-pennington-pro\/","title":{"rendered":"Casque \u00e0 visi\u00e8re PENNINGTON Pro"},"content":{"rendered":"<p>Casque \u00e0 visi\u00e8re PENNINGTON Pro<\/p>\n<p>Ce casque a \u00e9t\u00e9 sp\u00e9cialement con\u00e7u en mettant l&#8217;accent sur la s\u00e9curit\u00e9 des athl\u00e8tes. L&#8217;une de ses caract\u00e9ristiques cl\u00e9s est la visi\u00e8re \u00e0 fixation magn\u00e9tique, con\u00e7ue pour prot\u00e9ger des lames et pr\u00e9venir les blessures graves sur la glace. Ce syst\u00e8me unique fixe solidement la visi\u00e8re au casque tout en permettant un retrait facile.<\/p>\n<p>Tout en privil\u00e9giant la s\u00e9curit\u00e9, nous avons conserv\u00e9 notre conception l\u00e9g\u00e8re embl\u00e9matique et un ajustement enti\u00e8rement r\u00e9glable pour un confort optimal. Afin de r\u00e9pondre aux diff\u00e9rents besoins, les visi\u00e8res sont disponibles en plusieurs finitions et couleurs, avec deux options de taille pour les a\u00e9rations, adapt\u00e9es aux visages plus fins et plus larges. De plus, toutes les visi\u00e8res sont \u00e9quip\u00e9es de s\u00e9rie de notre rev\u00eatement antibu\u00e9e exclusif pour une clart\u00e9 constante pendant le jeu.<\/p>\n<p>Le casque est tr\u00e8s l\u00e9ger et enti\u00e8rement ajustable.<\/p>\n<p><strong>Visi\u00e8res en polycarbonate<\/strong><br \/>\nLe polycarbonate est g\u00e9n\u00e9ralement le mat\u00e9riau le plus utilis\u00e9 pour fabriquer des visi\u00e8res. Vous pouvez lui donner pratiquement n&#8217;importe quelle forme. Plus important encore, il poss\u00e8de certaines des meilleures propri\u00e9t\u00e9s m\u00e9caniques, optiques et chimiques.<\/p>\n<p>Propri\u00e9t\u00e9s essentielles pour les visi\u00e8res de casque :<\/p>\n<p>&#8211; <strong>Meilleure transmission de la lumi\u00e8re<\/strong><br \/>\nUn polycarbonate transparent transmet plus de 97% de la lumi\u00e8re. Par cons\u00e9quent, tous les patineurs verront clairement leurs adversaires et les marqueurs de piste. De plus, il sera plus facile de se concentrer sur la pratique du sport. En outre, ils ne se fatigueront pas du tout.<\/p>\n<p>&#8211; <strong>Haute r\u00e9sistance aux chocs<\/strong><br \/>\nN&#8217;est-ce pas ce que tous les patineurs recherchent ? En supposant que vous ayez une visi\u00e8re en verre, que pensez-vous qu&#8217;il se passera ?<\/p>\n<p>Lorsqu&#8217;il est touch\u00e9, il se fragmente en tr\u00e8s petites particules qui peuvent p\u00e9n\u00e9trer dans vos yeux et provoquer des coupures profondes sur votre peau.<\/p>\n<p>N&#8217;oubliez pas que les morceaux cass\u00e9s peuvent couper d&#8217;autres patineurs.<\/p>\n<p>La bonne nouvelle ?<\/p>\n<p>La feuille de polycarbonate est r\u00e9sistante aux chocs &#8211; elle est pratiquement incassable. Honn\u00eatement, il faudra une force ou un impact inimaginable pour la briser. Malgr\u00e9 cela, elle ne se brisera pas en particules plus petites qui pourraient couper ou p\u00e9n\u00e9trer dans votre \u0153il.<\/p>\n<p>Vous voyez ce que je veux dire ?<\/p>\n<p>C&#8217;est la s\u00e9curit\u00e9 que m\u00e9rite un patineur !<\/p>\n<p>&#8211; <strong>Facile d&#8217;ajouter d&#8217;autres technologies pour am\u00e9liorer la vision<\/strong><br \/>\nLaissez-moi vous dire la v\u00e9rit\u00e9 &#8211; il n&#8217;y a pas de mat\u00e9riel qui soit parfait \u00e0 100 %.<\/p>\n<p>Cependant, la beaut\u00e9 des visi\u00e8res en polycarbonate r\u00e9side dans le fait que vous pouvez modifier leurs performances.<\/p>\n<p>Que vous souhaitiez un mat\u00e9riau transparent, teint\u00e9 ou miroir, tout est possible avec le polycarbonate.<\/p>\n<p>Vous pouvez ajouter d&#8217;autres technologies telles que le rev\u00eatement anti-rayures, le rev\u00eatement anti-UV, le rev\u00eatement anti-bu\u00e9e, le rev\u00eatement anti-reflets et bien d&#8217;autres encore.<\/p>\n<p>Cela d\u00e9pendra de ce que vous voulez et de l&#8217;aspect que vous souhaitez donner \u00e0 la visi\u00e8re de casque en polycarbonate.<\/p>\n<p>&#8211; <strong>Les visi\u00e8res de casque en polycarbonate sont l\u00e9g\u00e8res<\/strong><br \/>\nPouvez-vous imaginer une charge lourde sur votre front ?<\/p>\n<p>C&#8217;est pourquoi vous avez besoin d&#8217;un mat\u00e9riau l\u00e9ger pour vos visi\u00e8res de casque.<\/p>\n<p>Le polycarbonate est donc un choix id\u00e9al pour les visi\u00e8res en raison de sa l\u00e9g\u00e8ret\u00e9.<\/p>\n<p>En fait, vous ne sentirez m\u00eame pas le poids de la visi\u00e8re du casque en polycarbonate.<\/p>\n<p>Cela vous permettra de vous concentrer sur la pratique de votre sport.<\/p>\n<p><strong>&#8211; Le mat\u00e9riau polycarbonate est facile \u00e0 nettoyer<\/strong><\/p>\n<p>Il se peut que vous deviez nettoyer la visi\u00e8re de votre casque tous les jours. Cela ne doit pas vous d\u00e9courager. Les visi\u00e8res en polycarbonate peuvent \u00eatre dot\u00e9es d&#8217;un rev\u00eatement hydrophobe. Ce rev\u00eatement conf\u00e8re \u00e0 la visi\u00e8re sa propri\u00e9t\u00e9 &#8220;autonettoyante&#8221;. En d&#8217;autres termes, la salet\u00e9 tombe d&#8217;elle-m\u00eame de la surface de la visi\u00e8re, ce qui r\u00e9duit la fr\u00e9quence de nettoyage de la visi\u00e8re.<\/p>\n<p>Ainsi :<\/p>\n<p>Seul le polycarbonate convient aux visi\u00e8res de casque. Cela est d\u00fb \u00e0 ses excellentes propri\u00e9t\u00e9s.<\/p>\n<p><strong>Tailles disponibles pour le casque :<\/strong><\/p>\n<p>PETIT (52-55cm) poids du casque seulement = 265g<\/p>\n<p>MOYEN (55-58cm) poids du casque seulement = 285g<\/p>\n<p>LARGE (58-62cm) poids du casque seulement = 305g<\/p>\n<p>Casque certifi\u00e9 ISU et se complies with CE EN-1078<\/p>\n<p>En savoir plus sur Pennington <a href=\"https:\/\/penningtonskate.com\/about-us\">ici<\/a><\/p>\n<p>Ce n&#8217;est pas votre type de casque ? Voir tous les mod\u00e8les <a href=\"https:\/\/xactskateshop.com\/fr\/categorie-de-produits\/patinage-de-vitesse\/equipement-de-protection-patinage-de-vitesse-courte-piste\/casques-patinage-de-vitesse-courte-piste\/\">ici<\/a><\/p>\n","protected":false},"excerpt":{"rendered":"<hr \/>\n<p style=\"text-align: center;\">Casque \u00e0 visi\u00e8re PENNINGTON Pro<\/p>\n<p style=\"text-align: center;\">Ce casque a \u00e9t\u00e9 sp\u00e9cialement con\u00e7u en mettant l&#8217;accent sur la s\u00e9curit\u00e9 des athl\u00e8tes.<\/p>\n<hr \/>\n<p>&nbsp;<\/p>\n","protected":false},"featured_media":71084,"comment_status":"open","ping_status":"closed","template":"","meta":{"site-sidebar-layout":"default","site-content-layout":"default","ast-site-content-layout":"default","site-content-style":"default","site-sidebar-style":"default","ast-global-header-display":"","ast-banner-title-visibility":"","ast-main-header-display":"","ast-hfb-above-header-display":"","ast-hfb-below-header-display":"","ast-hfb-mobile-header-display":"","site-post-title":"","ast-breadcrumbs-content":"","ast-featured-img":"","footer-sml-layout":"","theme-transparent-header-meta":"default","adv-header-id-meta":"","stick-header-meta":"","header-above-stick-meta":"","header-main-stick-meta":"","header-below-stick-meta":"","astra-migrate-meta-layouts":"set","ast-page-background-enabled":"default","ast-page-background-meta":{"desktop":{"background-color":"","background-image":"","background-repeat":"repeat","background-position":"center center","background-size":"auto","background-attachment":"scroll","background-type":"","background-media":"","overlay-type":"","overlay-color":"","overlay-opacity":"","overlay-gradient":""},"tablet":{"background-color":"","background-image":"","background-repeat":"repeat","background-position":"center center","background-size":"auto","background-attachment":"scroll","background-type":"","background-media":"","overlay-type":"","overlay-color":"","overlay-opacity":"","overlay-gradient":""},"mobile":{"background-color":"","background-image":"","background-repeat":"repeat","background-position":"center center","background-size":"auto","background-attachment":"scroll","background-type":"","background-media":"","overlay-type":"","overlay-color":"","overlay-opacity":"","overlay-gradient":""}},"ast-content-background-meta":{"desktop":{"background-color":"var(--ast-global-color-5)","background-image":"","background-repeat":"repeat","background-position":"center center","background-size":"auto","background-attachment":"scroll","background-type":"","background-media":"","overlay-type":"","overlay-color":"","overlay-opacity":"","overlay-gradient":""},"tablet":{"background-color":"var(--ast-global-color-5)","background-image":"","background-repeat":"repeat","background-position":"center center","background-size":"auto","background-attachment":"scroll","background-type":"","background-media":"","overlay-type":"","overlay-color":"","overlay-opacity":"","overlay-gradient":""},"mobile":{"background-color":"var(--ast-global-color-5)","background-image":"","background-repeat":"repeat","background-position":"center center","background-size":"auto","background-attachment":"scroll","background-type":"","background-media":"","overlay-type":"","overlay-color":"","overlay-opacity":"","overlay-gradient":""}}},"product_brand":[],"product_cat":[1519,1353],"product_tag":[2013,1356],"class_list":{"0":"post-71064","1":"product","2":"type-product","3":"status-publish","4":"has-post-thumbnail","6":"product_cat-casques-patinage-de-vitesse-courte-piste","7":"product_cat-patinage-de-vitesse","8":"product_tag-casques","9":"product_tag-courte-piste-fr","10":"desktop-align-center","11":"tablet-align-center","12":"mobile-align-center","13":"ast-product-gallery-layout-horizontal","14":"ast-product-single-variable","15":"ast-product-tabs-layout-horizontal","16":"ast-qv-on-image","18":"first","19":"instock","20":"taxable","21":"shipping-taxable","22":"purchasable","23":"product-type-variable"},"bundled_by":[],"bundle_stock_status":"instock","bundle_stock_quantity":null,"bundle_virtual":false,"bundle_layout":"","bundle_add_to_cart_form_location":"","bundle_editable_in_cart":false,"bundle_sold_individually_context":"","bundle_item_grouping":"","bundle_min_size":"","bundle_max_size":"","bundle_price":[],"bundled_items":[],"bundle_sell_ids":[],"yoast_head":"<!-- This site is optimized with the Yoast SEO plugin v27.4 - https:\/\/yoast.com\/product\/yoast-seo-wordpress\/ -->\n<title>Casque \u00e0 visi\u00e8re PENNINGTON Pro - Xact Skate Shop<\/title>\n<meta name=\"description\" content=\"Casque \u00e0 visi\u00e8re PENNINGTON Pro. Ce casque a \u00e9t\u00e9 sp\u00e9cialement con\u00e7u en mettant l&#039;accent sur la s\u00e9curit\u00e9 des athl\u00e8tes. Obtenez le v\u00f4tre ici!\" \/>\n<meta name=\"robots\" content=\"index, follow, max-snippet:-1, max-image-preview:large, max-video-preview:-1\" \/>\n<link rel=\"canonical\" href=\"https:\/\/xactskateshop.com\/fr\/produit\/casque-a-visiere-pennington-pro\/\" \/>\n<meta property=\"og:locale\" content=\"fr_FR\" \/>\n<meta property=\"og:type\" content=\"article\" \/>\n<meta property=\"og:title\" content=\"Casque \u00e0 visi\u00e8re PENNINGTON Pro - Xact Skate Shop\" \/>\n<meta property=\"og:description\" content=\"Casque \u00e0 visi\u00e8re PENNINGTON Pro. Ce casque a \u00e9t\u00e9 sp\u00e9cialement con\u00e7u en mettant l&#039;accent sur la s\u00e9curit\u00e9 des athl\u00e8tes. Obtenez le v\u00f4tre ici!\" \/>\n<meta property=\"og:url\" content=\"https:\/\/xactskateshop.com\/fr\/produit\/casque-a-visiere-pennington-pro\/\" \/>\n<meta property=\"og:site_name\" content=\"Xact Skate Shop\" \/>\n<meta property=\"article:publisher\" content=\"https:\/\/www.facebook.com\/JeanLouiskateshop\" \/>\n<meta property=\"article:modified_time\" content=\"2026-03-25T19:25:41+00:00\" \/>\n<meta property=\"og:image\" content=\"https:\/\/xactskateshop.com\/wp-content\/uploads\/2026\/03\/Helmet-Visor-black-matte-clear-visor.jpg\" \/>\n\t<meta property=\"og:image:width\" content=\"1000\" \/>\n\t<meta property=\"og:image:height\" content=\"1000\" \/>\n\t<meta property=\"og:image:type\" content=\"image\/jpeg\" \/>\n<meta name=\"twitter:card\" content=\"summary_large_image\" \/>\n<meta name=\"twitter:label1\" content=\"Dur\u00e9e de lecture estim\u00e9e\" \/>\n\t<meta name=\"twitter:data1\" content=\"4 minutes\" \/>\n<script type=\"application\/ld+json\" class=\"yoast-schema-graph\">{\"@context\":\"https:\\\/\\\/schema.org\",\"@graph\":[{\"@type\":\"WebPage\",\"@id\":\"https:\\\/\\\/xactskateshop.com\\\/fr\\\/produit\\\/casque-a-visiere-pennington-pro\\\/\",\"url\":\"https:\\\/\\\/xactskateshop.com\\\/fr\\\/produit\\\/casque-a-visiere-pennington-pro\\\/\",\"name\":\"Casque \u00e0 visi\u00e8re PENNINGTON Pro - Xact Skate Shop\",\"isPartOf\":{\"@id\":\"http:\\\/\\\/xactskateshop.com\\\/fr\\\/#website\"},\"primaryImageOfPage\":{\"@id\":\"https:\\\/\\\/xactskateshop.com\\\/fr\\\/produit\\\/casque-a-visiere-pennington-pro\\\/#primaryimage\"},\"image\":{\"@id\":\"https:\\\/\\\/xactskateshop.com\\\/fr\\\/produit\\\/casque-a-visiere-pennington-pro\\\/#primaryimage\"},\"thumbnailUrl\":\"https:\\\/\\\/xactskateshop.com\\\/wp-content\\\/uploads\\\/2026\\\/03\\\/Helmet-Visor-black-matte-clear-visor.jpg\",\"datePublished\":\"2026-03-25T18:16:32+00:00\",\"dateModified\":\"2026-03-25T19:25:41+00:00\",\"description\":\"Casque \u00e0 visi\u00e8re PENNINGTON Pro. Ce casque a \u00e9t\u00e9 sp\u00e9cialement con\u00e7u en mettant l'accent sur la s\u00e9curit\u00e9 des athl\u00e8tes. Obtenez le v\u00f4tre ici!\",\"breadcrumb\":{\"@id\":\"https:\\\/\\\/xactskateshop.com\\\/fr\\\/produit\\\/casque-a-visiere-pennington-pro\\\/#breadcrumb\"},\"inLanguage\":\"fr-FR\",\"potentialAction\":[{\"@type\":\"ReadAction\",\"target\":[\"https:\\\/\\\/xactskateshop.com\\\/fr\\\/produit\\\/casque-a-visiere-pennington-pro\\\/\"]}]},{\"@type\":\"ImageObject\",\"inLanguage\":\"fr-FR\",\"@id\":\"https:\\\/\\\/xactskateshop.com\\\/fr\\\/produit\\\/casque-a-visiere-pennington-pro\\\/#primaryimage\",\"url\":\"https:\\\/\\\/xactskateshop.com\\\/wp-content\\\/uploads\\\/2026\\\/03\\\/Helmet-Visor-black-matte-clear-visor.jpg\",\"contentUrl\":\"https:\\\/\\\/xactskateshop.com\\\/wp-content\\\/uploads\\\/2026\\\/03\\\/Helmet-Visor-black-matte-clear-visor.jpg\",\"width\":1000,\"height\":1000,\"caption\":\"Pennington pro visor\"},{\"@type\":\"BreadcrumbList\",\"@id\":\"https:\\\/\\\/xactskateshop.com\\\/fr\\\/produit\\\/casque-a-visiere-pennington-pro\\\/#breadcrumb\",\"itemListElement\":[{\"@type\":\"ListItem\",\"position\":1,\"name\":\"Home\",\"item\":\"https:\\\/\\\/xactskateshop.com\\\/fr\\\/accueil\\\/\"},{\"@type\":\"ListItem\",\"position\":2,\"name\":\"Boutique\",\"item\":\"https:\\\/\\\/xactskateshop.com\\\/shop\\\/\"},{\"@type\":\"ListItem\",\"position\":3,\"name\":\"Casque \u00e0 visi\u00e8re PENNINGTON Pro\"}]},{\"@type\":\"WebSite\",\"@id\":\"http:\\\/\\\/xactskateshop.com\\\/fr\\\/#website\",\"url\":\"http:\\\/\\\/xactskateshop.com\\\/fr\\\/\",\"name\":\"Xact Skate Shop\",\"description\":\"Un site utilisant WordPress\",\"publisher\":{\"@id\":\"http:\\\/\\\/xactskateshop.com\\\/fr\\\/#organization\"},\"potentialAction\":[{\"@type\":\"SearchAction\",\"target\":{\"@type\":\"EntryPoint\",\"urlTemplate\":\"http:\\\/\\\/xactskateshop.com\\\/fr\\\/?s={search_term_string}\"},\"query-input\":{\"@type\":\"PropertyValueSpecification\",\"valueRequired\":true,\"valueName\":\"search_term_string\"}}],\"inLanguage\":\"fr-FR\"},{\"@type\":\"Organization\",\"@id\":\"http:\\\/\\\/xactskateshop.com\\\/fr\\\/#organization\",\"name\":\"XACT Skate Shop\",\"url\":\"http:\\\/\\\/xactskateshop.com\\\/fr\\\/\",\"logo\":{\"@type\":\"ImageObject\",\"inLanguage\":\"fr-FR\",\"@id\":\"http:\\\/\\\/xactskateshop.com\\\/fr\\\/#\\\/schema\\\/logo\\\/image\\\/\",\"url\":\"http:\\\/\\\/xactskateshop.com\\\/wp-content\\\/uploads\\\/2024\\\/04\\\/xactskateshop-dot-com-avec-contour-noir-sans-fond-675x.jpg\",\"contentUrl\":\"http:\\\/\\\/xactskateshop.com\\\/wp-content\\\/uploads\\\/2024\\\/04\\\/xactskateshop-dot-com-avec-contour-noir-sans-fond-675x.jpg\",\"width\":675,\"height\":247,\"caption\":\"XACT Skate Shop\"},\"image\":{\"@id\":\"http:\\\/\\\/xactskateshop.com\\\/fr\\\/#\\\/schema\\\/logo\\\/image\\\/\"},\"sameAs\":[\"https:\\\/\\\/www.facebook.com\\\/JeanLouiskateshop\"]}]}<\/script>\n<!-- \/ Yoast SEO plugin. -->","yoast_head_json":{"title":"Casque \u00e0 visi\u00e8re PENNINGTON Pro - Xact Skate Shop","description":"Casque \u00e0 visi\u00e8re PENNINGTON Pro. Ce casque a \u00e9t\u00e9 sp\u00e9cialement con\u00e7u en mettant l'accent sur la s\u00e9curit\u00e9 des athl\u00e8tes. Obtenez le v\u00f4tre ici!","robots":{"index":"index","follow":"follow","max-snippet":"max-snippet:-1","max-image-preview":"max-image-preview:large","max-video-preview":"max-video-preview:-1"},"canonical":"https:\/\/xactskateshop.com\/fr\/produit\/casque-a-visiere-pennington-pro\/","og_locale":"fr_FR","og_type":"article","og_title":"Casque \u00e0 visi\u00e8re PENNINGTON Pro - Xact Skate Shop","og_description":"Casque \u00e0 visi\u00e8re PENNINGTON Pro. Ce casque a \u00e9t\u00e9 sp\u00e9cialement con\u00e7u en mettant l'accent sur la s\u00e9curit\u00e9 des athl\u00e8tes. Obtenez le v\u00f4tre ici!","og_url":"https:\/\/xactskateshop.com\/fr\/produit\/casque-a-visiere-pennington-pro\/","og_site_name":"Xact Skate Shop","article_publisher":"https:\/\/www.facebook.com\/JeanLouiskateshop","article_modified_time":"2026-03-25T19:25:41+00:00","og_image":[{"width":1000,"height":1000,"url":"https:\/\/xactskateshop.com\/wp-content\/uploads\/2026\/03\/Helmet-Visor-black-matte-clear-visor.jpg","type":"image\/jpeg"}],"twitter_card":"summary_large_image","twitter_misc":{"Dur\u00e9e de lecture estim\u00e9e":"4 minutes"},"schema":{"@context":"https:\/\/schema.org","@graph":[{"@type":"WebPage","@id":"https:\/\/xactskateshop.com\/fr\/produit\/casque-a-visiere-pennington-pro\/","url":"https:\/\/xactskateshop.com\/fr\/produit\/casque-a-visiere-pennington-pro\/","name":"Casque \u00e0 visi\u00e8re PENNINGTON Pro - Xact Skate Shop","isPartOf":{"@id":"http:\/\/xactskateshop.com\/fr\/#website"},"primaryImageOfPage":{"@id":"https:\/\/xactskateshop.com\/fr\/produit\/casque-a-visiere-pennington-pro\/#primaryimage"},"image":{"@id":"https:\/\/xactskateshop.com\/fr\/produit\/casque-a-visiere-pennington-pro\/#primaryimage"},"thumbnailUrl":"https:\/\/xactskateshop.com\/wp-content\/uploads\/2026\/03\/Helmet-Visor-black-matte-clear-visor.jpg","datePublished":"2026-03-25T18:16:32+00:00","dateModified":"2026-03-25T19:25:41+00:00","description":"Casque \u00e0 visi\u00e8re PENNINGTON Pro. Ce casque a \u00e9t\u00e9 sp\u00e9cialement con\u00e7u en mettant l'accent sur la s\u00e9curit\u00e9 des athl\u00e8tes. Obtenez le v\u00f4tre ici!","breadcrumb":{"@id":"https:\/\/xactskateshop.com\/fr\/produit\/casque-a-visiere-pennington-pro\/#breadcrumb"},"inLanguage":"fr-FR","potentialAction":[{"@type":"ReadAction","target":["https:\/\/xactskateshop.com\/fr\/produit\/casque-a-visiere-pennington-pro\/"]}]},{"@type":"ImageObject","inLanguage":"fr-FR","@id":"https:\/\/xactskateshop.com\/fr\/produit\/casque-a-visiere-pennington-pro\/#primaryimage","url":"https:\/\/xactskateshop.com\/wp-content\/uploads\/2026\/03\/Helmet-Visor-black-matte-clear-visor.jpg","contentUrl":"https:\/\/xactskateshop.com\/wp-content\/uploads\/2026\/03\/Helmet-Visor-black-matte-clear-visor.jpg","width":1000,"height":1000,"caption":"Pennington pro visor"},{"@type":"BreadcrumbList","@id":"https:\/\/xactskateshop.com\/fr\/produit\/casque-a-visiere-pennington-pro\/#breadcrumb","itemListElement":[{"@type":"ListItem","position":1,"name":"Home","item":"https:\/\/xactskateshop.com\/fr\/accueil\/"},{"@type":"ListItem","position":2,"name":"Boutique","item":"https:\/\/xactskateshop.com\/shop\/"},{"@type":"ListItem","position":3,"name":"Casque \u00e0 visi\u00e8re PENNINGTON Pro"}]},{"@type":"WebSite","@id":"http:\/\/xactskateshop.com\/fr\/#website","url":"http:\/\/xactskateshop.com\/fr\/","name":"Xact Skate Shop","description":"Un site utilisant WordPress","publisher":{"@id":"http:\/\/xactskateshop.com\/fr\/#organization"},"potentialAction":[{"@type":"SearchAction","target":{"@type":"EntryPoint","urlTemplate":"http:\/\/xactskateshop.com\/fr\/?s={search_term_string}"},"query-input":{"@type":"PropertyValueSpecification","valueRequired":true,"valueName":"search_term_string"}}],"inLanguage":"fr-FR"},{"@type":"Organization","@id":"http:\/\/xactskateshop.com\/fr\/#organization","name":"XACT Skate Shop","url":"http:\/\/xactskateshop.com\/fr\/","logo":{"@type":"ImageObject","inLanguage":"fr-FR","@id":"http:\/\/xactskateshop.com\/fr\/#\/schema\/logo\/image\/","url":"http:\/\/xactskateshop.com\/wp-content\/uploads\/2024\/04\/xactskateshop-dot-com-avec-contour-noir-sans-fond-675x.jpg","contentUrl":"http:\/\/xactskateshop.com\/wp-content\/uploads\/2024\/04\/xactskateshop-dot-com-avec-contour-noir-sans-fond-675x.jpg","width":675,"height":247,"caption":"XACT Skate Shop"},"image":{"@id":"http:\/\/xactskateshop.com\/fr\/#\/schema\/logo\/image\/"},"sameAs":["https:\/\/www.facebook.com\/JeanLouiskateshop"]}]}},"_links":{"self":[{"href":"https:\/\/xactskateshop.com\/fr\/wp-json\/wp\/v2\/product\/71064","targetHints":{"allow":["GET"]}}],"collection":[{"href":"https:\/\/xactskateshop.com\/fr\/wp-json\/wp\/v2\/product"}],"about":[{"href":"https:\/\/xactskateshop.com\/fr\/wp-json\/wp\/v2\/types\/product"}],"replies":[{"embeddable":true,"href":"https:\/\/xactskateshop.com\/fr\/wp-json\/wp\/v2\/comments?post=71064"}],"wp:featuredmedia":[{"embeddable":true,"href":"https:\/\/xactskateshop.com\/fr\/wp-json\/wp\/v2\/media\/71084"}],"wp:attachment":[{"href":"https:\/\/xactskateshop.com\/fr\/wp-json\/wp\/v2\/media?parent=71064"}],"wp:term":[{"taxonomy":"product_brand","embeddable":true,"href":"https:\/\/xactskateshop.com\/fr\/wp-json\/wp\/v2\/product_brand?post=71064"},{"taxonomy":"product_cat","embeddable":true,"href":"https:\/\/xactskateshop.com\/fr\/wp-json\/wp\/v2\/product_cat?post=71064"},{"taxonomy":"product_tag","embeddable":true,"href":"https:\/\/xactskateshop.com\/fr\/wp-json\/wp\/v2\/product_tag?post=71064"}],"curies":[{"name":"wp","href":"https:\/\/api.w.org\/{rel}","templated":true}]}}