{"id":71001,"date":"2026-03-24T16:57:26","date_gmt":"2026-03-24T20:57:26","guid":{"rendered":"https:\/\/xactskateshop.com\/?post_type=product&#038;p=71001"},"modified":"2026-03-24T17:22:54","modified_gmt":"2026-03-24T21:22:54","slug":"lames-pennington-8006-aa-s-copy","status":"publish","type":"product","link":"https:\/\/xactskateshop.com\/fr\/produit\/lames-pennington-8006-aa-s-copy\/","title":{"rendered":"Lames PENNINGTON 8005 AA\/S"},"content":{"rendered":"<p><strong>Lames PENNINGTON 8005 AA\/S<\/strong><\/p>\n<p><em>Optimis\u00e9 pour les patineurs pesant entre 60 et 75 kg ; con\u00e7u pour permettre des temps de tour de pointe aussi rapides que 8,3 secondes.<\/em><\/p>\n<ul>\n<li>Application : Convient aux patineurs de toutes distances<\/li>\n<li>Mat\u00e9riau du tube : aluminium a\u00e9rospatial de haute qualit\u00e9 s\u00e9rie 7000<\/li>\n<li>Duret\u00e9 du tube : 16,0<\/li>\n<li>Limite d&#8217;\u00e9lasticit\u00e9 du tube : 95\u2013100<\/li>\n<li>Duret\u00e9 du tranchant de la lame bim\u00e9tallique : 61\u201362 HRC (offre une adh\u00e9rence et une pr\u00e9cision de coupe exceptionnelles sur la glace)<\/li>\n<li>Duret\u00e9 de la base\/du support de lame : 50\u201352 HRC<\/li>\n<li><strong>\u00c9paisseur de la lame:<\/strong> 1.1 mm<\/li>\n<li><strong>Rayon du berceau de la lame:<\/strong> 9 m<\/li>\n<li><strong>Rayon de la courbure de la lame:<\/strong> 23 m<\/li>\n<\/ul>\n<p>Remarque : Les tests ont montr\u00e9 que des athl\u00e8tes pesant entre 60 et 75 kg ont r\u00e9alis\u00e9 des temps au tour aussi courts que 7,8 secondes en utilisant cette lame.<\/p>\n<ul>\n<li>Longueurs disponibles : 16.5&#8243;, 17.0&#8243;, 17.5&#8243;<\/li>\n<li>Lames \u00e9quivalentes : Skate-Tec Attaq, EHS X\/Q, Kromkamp AR11, BONT Platinum<\/li>\n<li>Hauteur des cups : +5mm (30mm)<\/li>\n<\/ul>\n<hr>\n<h6><span style=\"color: #ff0000;\">Pr\u00e9paration des lames : Nous faisons un berceau progressif ST-9 sur ces lames.<\/span> <a href=\"https:\/\/xactskateshop.com\/fr\/produit\/berceau-sur-lame-de-courte-piste\/\">(voir les num\u00e9ros ici)<\/a> <span style=\"color: #ff0000;\">ainsi que la courbe correspondante<\/span><\/h6>\n<p>En savoir plus sur Pennington <a href=\"https:\/\/penningtonskate.com\/short-track-1\">ici<\/a><\/p>\n<p>Voir d&#8217;autres mod\u00e8les <a href=\"https:\/\/xactskateshop.com\/fr\/categorie-de-produits\/patinage-de-vitesse\/courte-piste\/lames-et-pieces-patinage-de-vitesse-courte-piste\/\">ici<\/a><\/p>\n","protected":false},"excerpt":{"rendered":"<p>&nbsp;<\/p>\n<hr>\n<p style=\"text-align: center;\">Lames PENNINGTON 8005 AA\/S<\/p>\n<p style=\"text-align: center;\"><em>Optimis\u00e9 pour les patineurs pesant entre 60 et 75 kg ; con\u00e7u pour permettre des temps de tour de pointe aussi rapides que 8,3 secondes.<\/em><\/p>\n<hr>\n<p>&nbsp;<\/p>\n","protected":false},"featured_media":67514,"comment_status":"open","ping_status":"closed","template":"","meta":{"site-sidebar-layout":"default","site-content-layout":"default","ast-site-content-layout":"default","site-content-style":"default","site-sidebar-style":"default","ast-global-header-display":"","ast-banner-title-visibility":"","ast-main-header-display":"","ast-hfb-above-header-display":"","ast-hfb-below-header-display":"","ast-hfb-mobile-header-display":"","site-post-title":"","ast-breadcrumbs-content":"","ast-featured-img":"","footer-sml-layout":"","theme-transparent-header-meta":"default","adv-header-id-meta":"","stick-header-meta":"","header-above-stick-meta":"","header-main-stick-meta":"","header-below-stick-meta":"","astra-migrate-meta-layouts":"set","ast-page-background-enabled":"default","ast-page-background-meta":{"desktop":{"background-color":"","background-image":"","background-repeat":"repeat","background-position":"center center","background-size":"auto","background-attachment":"scroll","background-type":"","background-media":"","overlay-type":"","overlay-color":"","overlay-opacity":"","overlay-gradient":""},"tablet":{"background-color":"","background-image":"","background-repeat":"repeat","background-position":"center center","background-size":"auto","background-attachment":"scroll","background-type":"","background-media":"","overlay-type":"","overlay-color":"","overlay-opacity":"","overlay-gradient":""},"mobile":{"background-color":"","background-image":"","background-repeat":"repeat","background-position":"center center","background-size":"auto","background-attachment":"scroll","background-type":"","background-media":"","overlay-type":"","overlay-color":"","overlay-opacity":"","overlay-gradient":""}},"ast-content-background-meta":{"desktop":{"background-color":"var(--ast-global-color-5)","background-image":"","background-repeat":"repeat","background-position":"center center","background-size":"auto","background-attachment":"scroll","background-type":"","background-media":"","overlay-type":"","overlay-color":"","overlay-opacity":"","overlay-gradient":""},"tablet":{"background-color":"var(--ast-global-color-5)","background-image":"","background-repeat":"repeat","background-position":"center center","background-size":"auto","background-attachment":"scroll","background-type":"","background-media":"","overlay-type":"","overlay-color":"","overlay-opacity":"","overlay-gradient":""},"mobile":{"background-color":"var(--ast-global-color-5)","background-image":"","background-repeat":"repeat","background-position":"center center","background-size":"auto","background-attachment":"scroll","background-type":"","background-media":"","overlay-type":"","overlay-color":"","overlay-opacity":"","overlay-gradient":""}}},"product_brand":[],"product_cat":[1354,1457,1353],"product_tag":[2890,2891,2889],"class_list":{"0":"post-71001","1":"product","2":"type-product","3":"status-publish","4":"has-post-thumbnail","6":"product_cat-courte-piste","7":"product_cat-lames-et-pieces-patinage-de-vitesse-courte-piste","8":"product_cat-patinage-de-vitesse","9":"product_tag-8005-aa-s","10":"product_tag-pennington-8005-aa-s","11":"product_tag-pennington-short-track","12":"desktop-align-center","13":"tablet-align-center","14":"mobile-align-center","15":"ast-product-gallery-layout-horizontal","16":"ast-product-gallery-with-no-image","17":"ast-product-single-variable","18":"ast-product-tabs-layout-horizontal","19":"ast-qv-on-image","21":"first","22":"instock","23":"taxable","24":"shipping-taxable","25":"purchasable","26":"product-type-variable"},"bundled_by":[],"bundle_stock_status":"instock","bundle_stock_quantity":null,"bundle_virtual":false,"bundle_layout":"","bundle_add_to_cart_form_location":"","bundle_editable_in_cart":false,"bundle_sold_individually_context":"","bundle_item_grouping":"","bundle_min_size":"","bundle_max_size":"","bundle_price":[],"bundled_items":[],"bundle_sell_ids":[],"yoast_head":"<!-- This site is optimized with the Yoast SEO plugin v27.4 - https:\/\/yoast.com\/product\/yoast-seo-wordpress\/ -->\n<title>Lames PENNINGTON 8005 AA\/S - Xact Skate Shop<\/title>\n<meta name=\"description\" content=\"Lames PENNINGTON 8005 AA\/S Optimis\u00e9es pour les patineurs pesant entre 60 et 75 kg ; con\u00e7ues pour supporter des temps de tour de pointe aussi rapides que 8,3 secondes.\" \/>\n<meta name=\"robots\" content=\"index, follow, max-snippet:-1, max-image-preview:large, max-video-preview:-1\" \/>\n<link rel=\"canonical\" href=\"https:\/\/xactskateshop.com\/fr\/produit\/lames-pennington-8006-aa-s-copy\/\" \/>\n<meta property=\"og:locale\" content=\"fr_FR\" \/>\n<meta property=\"og:type\" content=\"article\" \/>\n<meta property=\"og:title\" content=\"Lames PENNINGTON 8005 AA\/S - Xact Skate Shop\" \/>\n<meta property=\"og:description\" content=\"Lames PENNINGTON 8005 AA\/S Optimis\u00e9es pour les patineurs pesant entre 60 et 75 kg ; con\u00e7ues pour supporter des temps de tour de pointe aussi rapides que 8,3 secondes.\" \/>\n<meta property=\"og:url\" content=\"https:\/\/xactskateshop.com\/fr\/produit\/lames-pennington-8006-aa-s-copy\/\" \/>\n<meta property=\"og:site_name\" content=\"Xact Skate Shop\" \/>\n<meta property=\"article:publisher\" content=\"https:\/\/www.facebook.com\/JeanLouiskateshop\" \/>\n<meta property=\"article:modified_time\" content=\"2026-03-24T21:22:54+00:00\" \/>\n<meta property=\"og:image\" content=\"https:\/\/xactskateshop.com\/wp-content\/uploads\/2026\/02\/8006-AAS.jpg\" \/>\n\t<meta property=\"og:image:width\" content=\"1000\" \/>\n\t<meta property=\"og:image:height\" content=\"1000\" \/>\n\t<meta property=\"og:image:type\" content=\"image\/jpeg\" \/>\n<meta name=\"twitter:card\" content=\"summary_large_image\" \/>\n<meta name=\"twitter:label1\" content=\"Dur\u00e9e de lecture estim\u00e9e\" \/>\n\t<meta name=\"twitter:data1\" content=\"1 minute\" \/>\n<script type=\"application\/ld+json\" class=\"yoast-schema-graph\">{\"@context\":\"https:\\\/\\\/schema.org\",\"@graph\":[{\"@type\":\"WebPage\",\"@id\":\"https:\\\/\\\/xactskateshop.com\\\/fr\\\/produit\\\/lames-pennington-8006-aa-s-copy\\\/\",\"url\":\"https:\\\/\\\/xactskateshop.com\\\/fr\\\/produit\\\/lames-pennington-8006-aa-s-copy\\\/\",\"name\":\"Lames PENNINGTON 8005 AA\\\/S - Xact Skate Shop\",\"isPartOf\":{\"@id\":\"http:\\\/\\\/xactskateshop.com\\\/fr\\\/#website\"},\"primaryImageOfPage\":{\"@id\":\"https:\\\/\\\/xactskateshop.com\\\/fr\\\/produit\\\/lames-pennington-8006-aa-s-copy\\\/#primaryimage\"},\"image\":{\"@id\":\"https:\\\/\\\/xactskateshop.com\\\/fr\\\/produit\\\/lames-pennington-8006-aa-s-copy\\\/#primaryimage\"},\"thumbnailUrl\":\"https:\\\/\\\/xactskateshop.com\\\/wp-content\\\/uploads\\\/2026\\\/02\\\/8006-AAS.jpg\",\"datePublished\":\"2026-03-24T20:57:26+00:00\",\"dateModified\":\"2026-03-24T21:22:54+00:00\",\"description\":\"Lames PENNINGTON 8005 AA\\\/S Optimis\u00e9es pour les patineurs pesant entre 60 et 75 kg ; con\u00e7ues pour supporter des temps de tour de pointe aussi rapides que 8,3 secondes.\",\"breadcrumb\":{\"@id\":\"https:\\\/\\\/xactskateshop.com\\\/fr\\\/produit\\\/lames-pennington-8006-aa-s-copy\\\/#breadcrumb\"},\"inLanguage\":\"fr-FR\",\"potentialAction\":[{\"@type\":\"ReadAction\",\"target\":[\"https:\\\/\\\/xactskateshop.com\\\/fr\\\/produit\\\/lames-pennington-8006-aa-s-copy\\\/\"]}]},{\"@type\":\"ImageObject\",\"inLanguage\":\"fr-FR\",\"@id\":\"https:\\\/\\\/xactskateshop.com\\\/fr\\\/produit\\\/lames-pennington-8006-aa-s-copy\\\/#primaryimage\",\"url\":\"https:\\\/\\\/xactskateshop.com\\\/wp-content\\\/uploads\\\/2026\\\/02\\\/8006-AAS.jpg\",\"contentUrl\":\"https:\\\/\\\/xactskateshop.com\\\/wp-content\\\/uploads\\\/2026\\\/02\\\/8006-AAS.jpg\",\"width\":1000,\"height\":1000,\"caption\":\"Lames Pennington 8005 AA\\\/S\"},{\"@type\":\"BreadcrumbList\",\"@id\":\"https:\\\/\\\/xactskateshop.com\\\/fr\\\/produit\\\/lames-pennington-8006-aa-s-copy\\\/#breadcrumb\",\"itemListElement\":[{\"@type\":\"ListItem\",\"position\":1,\"name\":\"Home\",\"item\":\"https:\\\/\\\/xactskateshop.com\\\/fr\\\/accueil\\\/\"},{\"@type\":\"ListItem\",\"position\":2,\"name\":\"Boutique\",\"item\":\"https:\\\/\\\/xactskateshop.com\\\/shop\\\/\"},{\"@type\":\"ListItem\",\"position\":3,\"name\":\"Lames PENNINGTON 8005 AA\\\/S\"}]},{\"@type\":\"WebSite\",\"@id\":\"http:\\\/\\\/xactskateshop.com\\\/fr\\\/#website\",\"url\":\"http:\\\/\\\/xactskateshop.com\\\/fr\\\/\",\"name\":\"Xact Skate Shop\",\"description\":\"Un site utilisant WordPress\",\"publisher\":{\"@id\":\"http:\\\/\\\/xactskateshop.com\\\/fr\\\/#organization\"},\"potentialAction\":[{\"@type\":\"SearchAction\",\"target\":{\"@type\":\"EntryPoint\",\"urlTemplate\":\"http:\\\/\\\/xactskateshop.com\\\/fr\\\/?s={search_term_string}\"},\"query-input\":{\"@type\":\"PropertyValueSpecification\",\"valueRequired\":true,\"valueName\":\"search_term_string\"}}],\"inLanguage\":\"fr-FR\"},{\"@type\":\"Organization\",\"@id\":\"http:\\\/\\\/xactskateshop.com\\\/fr\\\/#organization\",\"name\":\"XACT Skate Shop\",\"url\":\"http:\\\/\\\/xactskateshop.com\\\/fr\\\/\",\"logo\":{\"@type\":\"ImageObject\",\"inLanguage\":\"fr-FR\",\"@id\":\"http:\\\/\\\/xactskateshop.com\\\/fr\\\/#\\\/schema\\\/logo\\\/image\\\/\",\"url\":\"http:\\\/\\\/xactskateshop.com\\\/wp-content\\\/uploads\\\/2024\\\/04\\\/xactskateshop-dot-com-avec-contour-noir-sans-fond-675x.jpg\",\"contentUrl\":\"http:\\\/\\\/xactskateshop.com\\\/wp-content\\\/uploads\\\/2024\\\/04\\\/xactskateshop-dot-com-avec-contour-noir-sans-fond-675x.jpg\",\"width\":675,\"height\":247,\"caption\":\"XACT Skate Shop\"},\"image\":{\"@id\":\"http:\\\/\\\/xactskateshop.com\\\/fr\\\/#\\\/schema\\\/logo\\\/image\\\/\"},\"sameAs\":[\"https:\\\/\\\/www.facebook.com\\\/JeanLouiskateshop\"]}]}<\/script>\n<!-- \/ Yoast SEO plugin. -->","yoast_head_json":{"title":"Lames PENNINGTON 8005 AA\/S - Xact Skate Shop","description":"Lames PENNINGTON 8005 AA\/S Optimis\u00e9es pour les patineurs pesant entre 60 et 75 kg ; con\u00e7ues pour supporter des temps de tour de pointe aussi rapides que 8,3 secondes.","robots":{"index":"index","follow":"follow","max-snippet":"max-snippet:-1","max-image-preview":"max-image-preview:large","max-video-preview":"max-video-preview:-1"},"canonical":"https:\/\/xactskateshop.com\/fr\/produit\/lames-pennington-8006-aa-s-copy\/","og_locale":"fr_FR","og_type":"article","og_title":"Lames PENNINGTON 8005 AA\/S - Xact Skate Shop","og_description":"Lames PENNINGTON 8005 AA\/S Optimis\u00e9es pour les patineurs pesant entre 60 et 75 kg ; con\u00e7ues pour supporter des temps de tour de pointe aussi rapides que 8,3 secondes.","og_url":"https:\/\/xactskateshop.com\/fr\/produit\/lames-pennington-8006-aa-s-copy\/","og_site_name":"Xact Skate Shop","article_publisher":"https:\/\/www.facebook.com\/JeanLouiskateshop","article_modified_time":"2026-03-24T21:22:54+00:00","og_image":[{"width":1000,"height":1000,"url":"https:\/\/xactskateshop.com\/wp-content\/uploads\/2026\/02\/8006-AAS.jpg","type":"image\/jpeg"}],"twitter_card":"summary_large_image","twitter_misc":{"Dur\u00e9e de lecture estim\u00e9e":"1 minute"},"schema":{"@context":"https:\/\/schema.org","@graph":[{"@type":"WebPage","@id":"https:\/\/xactskateshop.com\/fr\/produit\/lames-pennington-8006-aa-s-copy\/","url":"https:\/\/xactskateshop.com\/fr\/produit\/lames-pennington-8006-aa-s-copy\/","name":"Lames PENNINGTON 8005 AA\/S - Xact Skate Shop","isPartOf":{"@id":"http:\/\/xactskateshop.com\/fr\/#website"},"primaryImageOfPage":{"@id":"https:\/\/xactskateshop.com\/fr\/produit\/lames-pennington-8006-aa-s-copy\/#primaryimage"},"image":{"@id":"https:\/\/xactskateshop.com\/fr\/produit\/lames-pennington-8006-aa-s-copy\/#primaryimage"},"thumbnailUrl":"https:\/\/xactskateshop.com\/wp-content\/uploads\/2026\/02\/8006-AAS.jpg","datePublished":"2026-03-24T20:57:26+00:00","dateModified":"2026-03-24T21:22:54+00:00","description":"Lames PENNINGTON 8005 AA\/S Optimis\u00e9es pour les patineurs pesant entre 60 et 75 kg ; con\u00e7ues pour supporter des temps de tour de pointe aussi rapides que 8,3 secondes.","breadcrumb":{"@id":"https:\/\/xactskateshop.com\/fr\/produit\/lames-pennington-8006-aa-s-copy\/#breadcrumb"},"inLanguage":"fr-FR","potentialAction":[{"@type":"ReadAction","target":["https:\/\/xactskateshop.com\/fr\/produit\/lames-pennington-8006-aa-s-copy\/"]}]},{"@type":"ImageObject","inLanguage":"fr-FR","@id":"https:\/\/xactskateshop.com\/fr\/produit\/lames-pennington-8006-aa-s-copy\/#primaryimage","url":"https:\/\/xactskateshop.com\/wp-content\/uploads\/2026\/02\/8006-AAS.jpg","contentUrl":"https:\/\/xactskateshop.com\/wp-content\/uploads\/2026\/02\/8006-AAS.jpg","width":1000,"height":1000,"caption":"Lames Pennington 8005 AA\/S"},{"@type":"BreadcrumbList","@id":"https:\/\/xactskateshop.com\/fr\/produit\/lames-pennington-8006-aa-s-copy\/#breadcrumb","itemListElement":[{"@type":"ListItem","position":1,"name":"Home","item":"https:\/\/xactskateshop.com\/fr\/accueil\/"},{"@type":"ListItem","position":2,"name":"Boutique","item":"https:\/\/xactskateshop.com\/shop\/"},{"@type":"ListItem","position":3,"name":"Lames PENNINGTON 8005 AA\/S"}]},{"@type":"WebSite","@id":"http:\/\/xactskateshop.com\/fr\/#website","url":"http:\/\/xactskateshop.com\/fr\/","name":"Xact Skate Shop","description":"Un site utilisant WordPress","publisher":{"@id":"http:\/\/xactskateshop.com\/fr\/#organization"},"potentialAction":[{"@type":"SearchAction","target":{"@type":"EntryPoint","urlTemplate":"http:\/\/xactskateshop.com\/fr\/?s={search_term_string}"},"query-input":{"@type":"PropertyValueSpecification","valueRequired":true,"valueName":"search_term_string"}}],"inLanguage":"fr-FR"},{"@type":"Organization","@id":"http:\/\/xactskateshop.com\/fr\/#organization","name":"XACT Skate Shop","url":"http:\/\/xactskateshop.com\/fr\/","logo":{"@type":"ImageObject","inLanguage":"fr-FR","@id":"http:\/\/xactskateshop.com\/fr\/#\/schema\/logo\/image\/","url":"http:\/\/xactskateshop.com\/wp-content\/uploads\/2024\/04\/xactskateshop-dot-com-avec-contour-noir-sans-fond-675x.jpg","contentUrl":"http:\/\/xactskateshop.com\/wp-content\/uploads\/2024\/04\/xactskateshop-dot-com-avec-contour-noir-sans-fond-675x.jpg","width":675,"height":247,"caption":"XACT Skate Shop"},"image":{"@id":"http:\/\/xactskateshop.com\/fr\/#\/schema\/logo\/image\/"},"sameAs":["https:\/\/www.facebook.com\/JeanLouiskateshop"]}]}},"_links":{"self":[{"href":"https:\/\/xactskateshop.com\/fr\/wp-json\/wp\/v2\/product\/71001","targetHints":{"allow":["GET"]}}],"collection":[{"href":"https:\/\/xactskateshop.com\/fr\/wp-json\/wp\/v2\/product"}],"about":[{"href":"https:\/\/xactskateshop.com\/fr\/wp-json\/wp\/v2\/types\/product"}],"replies":[{"embeddable":true,"href":"https:\/\/xactskateshop.com\/fr\/wp-json\/wp\/v2\/comments?post=71001"}],"wp:featuredmedia":[{"embeddable":true,"href":"https:\/\/xactskateshop.com\/fr\/wp-json\/wp\/v2\/media\/67514"}],"wp:attachment":[{"href":"https:\/\/xactskateshop.com\/fr\/wp-json\/wp\/v2\/media?parent=71001"}],"wp:term":[{"taxonomy":"product_brand","embeddable":true,"href":"https:\/\/xactskateshop.com\/fr\/wp-json\/wp\/v2\/product_brand?post=71001"},{"taxonomy":"product_cat","embeddable":true,"href":"https:\/\/xactskateshop.com\/fr\/wp-json\/wp\/v2\/product_cat?post=71001"},{"taxonomy":"product_tag","embeddable":true,"href":"https:\/\/xactskateshop.com\/fr\/wp-json\/wp\/v2\/product_tag?post=71001"}],"curies":[{"name":"wp","href":"https:\/\/api.w.org\/{rel}","templated":true}]}}