{"id":69584,"date":"2026-03-11T18:52:21","date_gmt":"2026-03-11T22:52:21","guid":{"rendered":"https:\/\/xactskateshop.com\/?post_type=product&#038;p=69584"},"modified":"2026-03-14T14:18:46","modified_gmt":"2026-03-14T18:18:46","slug":"ensemble-bont-bnt-boa-platinum-2","status":"publish","type":"product","link":"https:\/\/xactskateshop.com\/fr\/produit\/ensemble-bont-bnt-boa-platinum-2\/","title":{"rendered":"Ensemble BONT BNT BOA\/Platinum"},"content":{"rendered":"<h2>Ensemble BONT BNT BOA\/Platinum<\/h2>\n<hr \/>\n<p style=\"text-align: center;\"><strong>**** Veuillez nous contacter pour la disponibilit\u00e9 des tailles\/couleurs.<\/strong><strong>**** Pour les bottes non stock\u00e9es 8-10 semaines de d\u00e9lai de livraison****<\/strong><\/p>\n<hr \/>\n<p><strong>Pr\u00e9sentation de la nouvelle botte Bont BNT BOA Courte Piste<\/strong><\/p>\n<p>La Bottine BONT BNT BOA de courte piste est une \u00e9tape sup\u00e9rieure \u00e0 la Z. Contrairement \u00e0 la Z qui est construite avec du carbone et de la fibre de verre, la BNT est fabriqu\u00e9e avec 100% de carbone, ce qui la rend plus rigide. La peau ext\u00e9rieure est \u00e9galement faite d&#8217;un mat\u00e9riau de meilleure qualit\u00e9 que la Z. Le rembourrage en mousse est plus fin et plus dur et il n&#8217;y a pas de thermoplastique dans la botte, ce qui la rend un peu moins thermoformable mais plus l\u00e9g\u00e8re. La botte est encore thermoformable \u00e0 partir de la r\u00e9sine.<\/p>\n<p>La BNT a \u00e9tabli une nouvelle r\u00e9f\u00e9rence dans le monde du patinage en ligne et nous esp\u00e9rons qu&#8217;il en sera de m\u00eame pour la Courte Piste. Les meilleurs patineurs en ligne ont d\u00e9clar\u00e9 qu&#8217;il s&#8217;agissait de la chaussure de s\u00e9rie la mieux ajust\u00e9e qu&#8217;ils aient jamais port\u00e9e. Nous avons \u00e9galement une \u00e9dition BOA qui ajoute un cadran BOA pour que vous puissiez chausser vos patins rapidement. La BNT est l&#8217;une des chaussures les plus l\u00e9g\u00e8res que nous ayons jamais fabriqu\u00e9es, si l\u00e9g\u00e8re que vous ne vous rendrez presque pas compte que vous la portez. <a href=\"http:\/\/xactskateshop.com\/size-chart\/\">Trouvez votre taille BONT ici<\/a><\/p>\n<h3><\/h3>\n<h3><strong>Sp\u00e9cifications des bottes BNT<\/strong><\/h3>\n<ul>\n<li style=\"list-style-type: none;\">\n<ul>\n<li><strong>Base :<\/strong> 100 % carbone avec finition mate<\/li>\n<li><strong>Rev\u00eatement ext\u00e9rieur :<\/strong> Durolite<\/li>\n<li><strong>Doublure :<\/strong> Semblable \u00e0 du daim<\/li>\n<li><strong>Semelle int\u00e9rieure :<\/strong> EVA thermo-moulable<\/li>\n<li><strong>Thermoformable :<\/strong> Base enti\u00e8rement thermoformable utilisant une r\u00e9sine \u00e9poxy thermodurcissable.<\/li>\n<li><strong>Rembourrage :<\/strong> N\u00e9opr\u00e8ne 2mm<\/li>\n<li style=\"font-size: 16px;\"><strong style=\"font-size: 16px;\">Options d&#8217;ajustement :<\/strong> Standard, \u00e9troit (+80$), large (+80$), double large (+80$) (les options \u00e9troit, large ou double large peuvent prendre jusqu&#8217;\u00e0 4-6 semaines pour \u00eatre livr\u00e9es. Sera factur\u00e9 s\u00e9par\u00e9ment).<\/li>\n<li><strong>Protection :<\/strong> aucune<\/li>\n<li><strong>V\u00e9g\u00e9talien :<\/strong> Oui<\/li>\n<\/ul>\n<\/li>\n<\/ul>\n<p>La lame l\u00e9gendaire du Bont Platinum est fabriqu\u00e9e avec de l&#8217;acier \u00e0 outils \u00e0 poudre m\u00e9tallique B\u00f6hler K390, qui est aff\u00fbt\u00e9 lentement pour produire une pi\u00e8ce d&#8217;acier parfaitement droite. La structure de la poudre m\u00e9tallique est tr\u00e8s fine, ce qui lui conf\u00e8re des propri\u00e9t\u00e9s de glissement exceptionnelles. Elle est capable de conserver son tranchant jusqu&#8217;\u00e0 8 fois plus longtemps que les lames en acier normal.<\/p>\n<p>&nbsp;<\/p>\n<h3><strong>Sp\u00e9cifications<\/strong><\/h3>\n<ul>\n<li><strong>Mat\u00e9riau de la coupelle :<\/strong> Aluminium 7075 T6<\/li>\n<li><strong>Rayon :<\/strong> 9m<\/li>\n<li><strong>Longueur :<\/strong> 15.5\u2033,16\u2033,16.5\u2033,17\u2033, 17.5\u2033, 18\u2033.<\/li>\n<li><strong>\u00c9paisseur de la lame :<\/strong> 1,1 mm<\/li>\n<li><strong>Duret\u00e9 :<\/strong> 64 Rockwell<\/li>\n<li><strong>Cintrage :<\/strong> Cintrage \u00e0 la machine<\/li>\n<li><strong>Hauteur de la coupe :<\/strong> 25 mm pour 15,5\u2033, 28 mm (+3 mm) pour 16,0\u2033 et 30 mm (+5 mm) pour 16,5\u2033.<\/li>\n<\/ul>\n<p>Le Bont Platinum K390 est consid\u00e9r\u00e9 par de nombreux patineurs de courte piste comme la meilleure lame de courte piste jamais fabriqu\u00e9e.<\/p>\n<p>Bont est l&#8217;une des seules marques \u00e0 avoir la licence officielle pour utiliser les cadrans Boa authentiques fabriqu\u00e9s aux \u00c9tats-Unis. Le cadran Boa remplace les lacets traditionnels, les cliquets, les bandes Velcro ou tout autre m\u00e9canisme de fermeture, en utilisant un lacet en acier, des guides en nylon et un enrouleur m\u00e9canique pour maintenir la chaussure bien en place. Les cadrans Boa vous permettent de serrer et de desserrer facilement vos patins en tournant le cadran.<\/p>\n<p>Si vous devez r\u00e9parer votre cadran Boa, veuillez consulter cette page <a style=\"font-size: 16px; transition-property: all;\" href=\"https:\/\/www.boafit.com\/repair\" target=\"null\" rel=\"noopener\">: https:\/\/www.boafit.com\/repair<\/a><\/p>\n<h3><strong>L&#8217;avantage Boa<\/strong><\/h3>\n<ul>\n<li>Ajustement semblable \u00e0 celui d&#8217;un gant,<\/li>\n<li>Le syst\u00e8me de fermeture Boa offre un confort personnalis\u00e9 avec une fermeture r\u00e9guli\u00e8re et sans points de pression,<\/li>\n<li>\u00c0 la vol\u00e9e,<\/li>\n<li>R\u00e9glez-le facilement d&#8217;une seule main en tournant rapidement la molette Boa. Plus besoin de s&#8217;agenouiller sur la glace mouill\u00e9e,<\/li>\n<li>Fermeture puissante,<\/li>\n<li>Une fois verrouill\u00e9s, les enrouleurs et les lacets Boa restent en place. Les lacets de skate normaux s&#8217;\u00e9tirent de 7 \u00e0 10 %, ce qui explique pourquoi vous devez resserrer vos lacets,<\/li>\n<li>Durable,<\/li>\n<li>Fabriqu\u00e9s en acier inoxydable de qualit\u00e9 a\u00e9ronautique, les lacets Boa sont plus r\u00e9sistants au gramme qu&#8217;un blindage de char d&#8217;assaut,<\/li>\n<li>Micro-ajustement,<\/li>\n<li>Les moulinets Boa offrent des possibilit\u00e9s de r\u00e9glage infinies,<\/li>\n<li>L\u00e9ger,<\/li>\n<li>Les fermetures Boa \u00e9vacuent l&#8217;eau et la glace, ce qui permet de gagner un poids pr\u00e9cieux,<\/li>\n<li>Rapide,<\/li>\n<li>Rapidement enfil\u00e9. Rapidement retir\u00e9. Le boa permet de gagner du temps pour chausser les patins,<\/li>\n<li>Rempla\u00e7able,<\/li>\n<li>Garantie \u00e0 vie si, dans de rares cas, il est endommag\u00e9.<\/li>\n<\/ul>\n<h6><span style=\"color: #ff0000;\">Pr\u00e9paration des lames : Nous faisons un rocker progressif ST-9 sur ces lames.<\/span><span style=\"color: #0000ff;\"> <a style=\"color: #0000ff;\" href=\"http:\/\/xactskateshop.com\/product\/short-track-blade-rockering\/\">(voir les num\u00e9ros ici)<\/a> <\/span><span style=\"color: #ff0000;\">ainsi que le bend correspondant<\/span><\/h6>\n<p><strong>TROUVEZ VOTRE TAILLE <a href=\"https:\/\/canada.bont.com\/pages\/sizing\">ici<\/a><\/strong><\/p>\n","protected":false},"excerpt":{"rendered":"<p>&nbsp;<\/p>\n<hr \/>\n<p style=\"text-align: center;\"><strong>****** veuillez nous contacter \u00e0 l&#8217;adresse info@xactskateshop.com pour conna\u00eetre la disponibilit\u00e9 des tailles\/couleurs avant de passer commande******<\/strong><\/p>\n<hr \/>\n<p>&nbsp;<\/p>\n","protected":false},"featured_media":30077,"comment_status":"open","ping_status":"closed","template":"","meta":{"site-sidebar-layout":"default","site-content-layout":"default","ast-site-content-layout":"default","site-content-style":"default","site-sidebar-style":"default","ast-global-header-display":"","ast-banner-title-visibility":"","ast-main-header-display":"","ast-hfb-above-header-display":"","ast-hfb-below-header-display":"","ast-hfb-mobile-header-display":"","site-post-title":"","ast-breadcrumbs-content":"","ast-featured-img":"","footer-sml-layout":"","theme-transparent-header-meta":"default","adv-header-id-meta":"","stick-header-meta":"","header-above-stick-meta":"","header-main-stick-meta":"","header-below-stick-meta":"","astra-migrate-meta-layouts":"set","ast-page-background-enabled":"default","ast-page-background-meta":{"desktop":{"background-color":"","background-image":"","background-repeat":"repeat","background-position":"center center","background-size":"auto","background-attachment":"scroll","background-type":"","background-media":"","overlay-type":"","overlay-color":"","overlay-opacity":"","overlay-gradient":""},"tablet":{"background-color":"","background-image":"","background-repeat":"repeat","background-position":"center center","background-size":"auto","background-attachment":"scroll","background-type":"","background-media":"","overlay-type":"","overlay-color":"","overlay-opacity":"","overlay-gradient":""},"mobile":{"background-color":"","background-image":"","background-repeat":"repeat","background-position":"center center","background-size":"auto","background-attachment":"scroll","background-type":"","background-media":"","overlay-type":"","overlay-color":"","overlay-opacity":"","overlay-gradient":""}},"ast-content-background-meta":{"desktop":{"background-color":"var(--ast-global-color-5)","background-image":"","background-repeat":"repeat","background-position":"center center","background-size":"auto","background-attachment":"scroll","background-type":"","background-media":"","overlay-type":"","overlay-color":"","overlay-opacity":"","overlay-gradient":""},"tablet":{"background-color":"var(--ast-global-color-5)","background-image":"","background-repeat":"repeat","background-position":"center center","background-size":"auto","background-attachment":"scroll","background-type":"","background-media":"","overlay-type":"","overlay-color":"","overlay-opacity":"","overlay-gradient":""},"mobile":{"background-color":"var(--ast-global-color-5)","background-image":"","background-repeat":"repeat","background-position":"center center","background-size":"auto","background-attachment":"scroll","background-type":"","background-media":"","overlay-type":"","overlay-color":"","overlay-opacity":"","overlay-gradient":""}}},"product_brand":[],"product_cat":[1354,1355,1353],"product_tag":[2233,1384,1391,2189,1383,1385,1356,1441,2293,1403,1392],"class_list":{"0":"post-69584","1":"product","2":"type-product","3":"status-publish","4":"has-post-thumbnail","6":"product_cat-courte-piste","7":"product_cat-ensembles-bottines-et-lames-courte-piste","8":"product_cat-patinage-de-vitesse","9":"product_tag-boa-fr","10":"product_tag-bont-fr","11":"product_tag-botte-en-carbone","12":"product_tag-botte-vegetalienne","13":"product_tag-bottes-courtes","14":"product_tag-boutique-xactskate","15":"product_tag-courte-piste-fr","16":"product_tag-lames-de-platine","17":"product_tag-materiel-de-piste","18":"product_tag-patinage-de-vitesse","19":"product_tag-thermo-moulable","20":"desktop-align-center","21":"tablet-align-center","22":"mobile-align-center","23":"ast-product-gallery-layout-horizontal","24":"ast-product-gallery-with-no-image","25":"ast-product-single-variable","26":"ast-product-tabs-layout-horizontal","27":"ast-qv-on-image","29":"first","30":"instock","31":"sale","32":"taxable","33":"shipping-taxable","34":"purchasable","35":"product-type-variable"},"bundled_by":[],"bundle_stock_status":"instock","bundle_stock_quantity":null,"bundle_virtual":false,"bundle_layout":"","bundle_add_to_cart_form_location":"","bundle_editable_in_cart":false,"bundle_sold_individually_context":"","bundle_item_grouping":"","bundle_min_size":"","bundle_max_size":"","bundle_price":[],"bundled_items":[],"bundle_sell_ids":[],"yoast_head":"<!-- This site is optimized with the Yoast SEO plugin v27.4 - https:\/\/yoast.com\/product\/yoast-seo-wordpress\/ -->\n<title>Ensemble BONT BNT BOA\/Platinum - % Xact Skate Shop<\/title>\n<meta name=\"description\" content=\"BONT BNT BOA\/Platinum. Le BNT a \u00e9tabli une nouvelle r\u00e9f\u00e9rence dans le monde du patinage en ligne et nous esp\u00e9rons qu&#039;il en sera de m\u00eame pour le short track.\" \/>\n<meta name=\"robots\" content=\"index, follow, max-snippet:-1, max-image-preview:large, max-video-preview:-1\" \/>\n<link rel=\"canonical\" href=\"https:\/\/xactskateshop.com\/fr\/produit\/ensemble-bont-bnt-boa-platinum-2\/\" \/>\n<meta property=\"og:locale\" content=\"fr_FR\" \/>\n<meta property=\"og:type\" content=\"article\" \/>\n<meta property=\"og:title\" content=\"BONT BNT Botte Courte Piste\" \/>\n<meta property=\"og:description\" content=\"La Courte Piste BNT est un cran au-dessus de la Z. Contrairement \u00e0 la Z qui est construite avec du carbone et de la fibre de verre, la BNT est fabriqu\u00e9e avec 100% de carbone, ce qui la rend plus rigide que la Z.\" \/>\n<meta property=\"og:url\" content=\"https:\/\/xactskateshop.com\/fr\/produit\/ensemble-bont-bnt-boa-platinum-2\/\" \/>\n<meta property=\"og:site_name\" content=\"Xact Skate Shop\" \/>\n<meta property=\"article:publisher\" content=\"https:\/\/www.facebook.com\/JeanLouiskateshop\" \/>\n<meta property=\"article:modified_time\" content=\"2026-03-14T18:18:46+00:00\" \/>\n<meta property=\"og:image\" content=\"http:\/\/xactskateshop.com\/wp-content\/uploads\/2022\/07\/ST-BNT-BOA-Black-Shiny-Red-300x300.jpg\" \/>\n<meta name=\"twitter:card\" content=\"summary_large_image\" \/>\n<meta name=\"twitter:label1\" content=\"Dur\u00e9e de lecture estim\u00e9e\" \/>\n\t<meta name=\"twitter:data1\" content=\"4 minutes\" \/>\n<script type=\"application\/ld+json\" class=\"yoast-schema-graph\">{\"@context\":\"https:\\\/\\\/schema.org\",\"@graph\":[{\"@type\":\"WebPage\",\"@id\":\"https:\\\/\\\/xactskateshop.com\\\/fr\\\/produit\\\/ensemble-bont-bnt-boa-platinum-2\\\/\",\"url\":\"https:\\\/\\\/xactskateshop.com\\\/fr\\\/produit\\\/ensemble-bont-bnt-boa-platinum-2\\\/\",\"name\":\"Ensemble BONT BNT BOA\\\/Platinum - % Xact Skate Shop\",\"isPartOf\":{\"@id\":\"http:\\\/\\\/xactskateshop.com\\\/fr\\\/#website\"},\"primaryImageOfPage\":{\"@id\":\"https:\\\/\\\/xactskateshop.com\\\/fr\\\/produit\\\/ensemble-bont-bnt-boa-platinum-2\\\/#primaryimage\"},\"image\":{\"@id\":\"https:\\\/\\\/xactskateshop.com\\\/fr\\\/produit\\\/ensemble-bont-bnt-boa-platinum-2\\\/#primaryimage\"},\"thumbnailUrl\":\"https:\\\/\\\/xactskateshop.com\\\/wp-content\\\/uploads\\\/2023\\\/03\\\/ST-BNT-BOA-Black-Gamma-Blue-Platinum.jpg\",\"datePublished\":\"2026-03-11T22:52:21+00:00\",\"dateModified\":\"2026-03-14T18:18:46+00:00\",\"description\":\"BONT BNT BOA\\\/Platinum. Le BNT a \u00e9tabli une nouvelle r\u00e9f\u00e9rence dans le monde du patinage en ligne et nous esp\u00e9rons qu'il en sera de m\u00eame pour le short track.\",\"breadcrumb\":{\"@id\":\"https:\\\/\\\/xactskateshop.com\\\/fr\\\/produit\\\/ensemble-bont-bnt-boa-platinum-2\\\/#breadcrumb\"},\"inLanguage\":\"fr-FR\",\"potentialAction\":[{\"@type\":\"ReadAction\",\"target\":[\"https:\\\/\\\/xactskateshop.com\\\/fr\\\/produit\\\/ensemble-bont-bnt-boa-platinum-2\\\/\"]}]},{\"@type\":\"ImageObject\",\"inLanguage\":\"fr-FR\",\"@id\":\"https:\\\/\\\/xactskateshop.com\\\/fr\\\/produit\\\/ensemble-bont-bnt-boa-platinum-2\\\/#primaryimage\",\"url\":\"https:\\\/\\\/xactskateshop.com\\\/wp-content\\\/uploads\\\/2023\\\/03\\\/ST-BNT-BOA-Black-Gamma-Blue-Platinum.jpg\",\"contentUrl\":\"https:\\\/\\\/xactskateshop.com\\\/wp-content\\\/uploads\\\/2023\\\/03\\\/ST-BNT-BOA-Black-Gamma-Blue-Platinum.jpg\",\"width\":1000,\"height\":1000},{\"@type\":\"BreadcrumbList\",\"@id\":\"https:\\\/\\\/xactskateshop.com\\\/fr\\\/produit\\\/ensemble-bont-bnt-boa-platinum-2\\\/#breadcrumb\",\"itemListElement\":[{\"@type\":\"ListItem\",\"position\":1,\"name\":\"Home\",\"item\":\"https:\\\/\\\/xactskateshop.com\\\/fr\\\/accueil\\\/\"},{\"@type\":\"ListItem\",\"position\":2,\"name\":\"Boutique\",\"item\":\"https:\\\/\\\/xactskateshop.com\\\/shop\\\/\"},{\"@type\":\"ListItem\",\"position\":3,\"name\":\"Ensemble BONT BNT BOA\\\/Platinum\"}]},{\"@type\":\"WebSite\",\"@id\":\"http:\\\/\\\/xactskateshop.com\\\/fr\\\/#website\",\"url\":\"http:\\\/\\\/xactskateshop.com\\\/fr\\\/\",\"name\":\"Xact Skate Shop\",\"description\":\"Un site utilisant WordPress\",\"publisher\":{\"@id\":\"http:\\\/\\\/xactskateshop.com\\\/fr\\\/#organization\"},\"potentialAction\":[{\"@type\":\"SearchAction\",\"target\":{\"@type\":\"EntryPoint\",\"urlTemplate\":\"http:\\\/\\\/xactskateshop.com\\\/fr\\\/?s={search_term_string}\"},\"query-input\":{\"@type\":\"PropertyValueSpecification\",\"valueRequired\":true,\"valueName\":\"search_term_string\"}}],\"inLanguage\":\"fr-FR\"},{\"@type\":\"Organization\",\"@id\":\"http:\\\/\\\/xactskateshop.com\\\/fr\\\/#organization\",\"name\":\"XACT Skate Shop\",\"url\":\"http:\\\/\\\/xactskateshop.com\\\/fr\\\/\",\"logo\":{\"@type\":\"ImageObject\",\"inLanguage\":\"fr-FR\",\"@id\":\"http:\\\/\\\/xactskateshop.com\\\/fr\\\/#\\\/schema\\\/logo\\\/image\\\/\",\"url\":\"http:\\\/\\\/xactskateshop.com\\\/wp-content\\\/uploads\\\/2024\\\/04\\\/xactskateshop-dot-com-avec-contour-noir-sans-fond-675x.jpg\",\"contentUrl\":\"http:\\\/\\\/xactskateshop.com\\\/wp-content\\\/uploads\\\/2024\\\/04\\\/xactskateshop-dot-com-avec-contour-noir-sans-fond-675x.jpg\",\"width\":675,\"height\":247,\"caption\":\"XACT Skate Shop\"},\"image\":{\"@id\":\"http:\\\/\\\/xactskateshop.com\\\/fr\\\/#\\\/schema\\\/logo\\\/image\\\/\"},\"sameAs\":[\"https:\\\/\\\/www.facebook.com\\\/JeanLouiskateshop\"]}]}<\/script>\n<!-- \/ Yoast SEO plugin. -->","yoast_head_json":{"title":"Ensemble BONT BNT BOA\/Platinum - % Xact Skate Shop","description":"BONT BNT BOA\/Platinum. Le BNT a \u00e9tabli une nouvelle r\u00e9f\u00e9rence dans le monde du patinage en ligne et nous esp\u00e9rons qu'il en sera de m\u00eame pour le short track.","robots":{"index":"index","follow":"follow","max-snippet":"max-snippet:-1","max-image-preview":"max-image-preview:large","max-video-preview":"max-video-preview:-1"},"canonical":"https:\/\/xactskateshop.com\/fr\/produit\/ensemble-bont-bnt-boa-platinum-2\/","og_locale":"fr_FR","og_type":"article","og_title":"BONT BNT Botte Courte Piste","og_description":"La Courte Piste BNT est un cran au-dessus de la Z. Contrairement \u00e0 la Z qui est construite avec du carbone et de la fibre de verre, la BNT est fabriqu\u00e9e avec 100% de carbone, ce qui la rend plus rigide que la Z.","og_url":"https:\/\/xactskateshop.com\/fr\/produit\/ensemble-bont-bnt-boa-platinum-2\/","og_site_name":"Xact Skate Shop","article_publisher":"https:\/\/www.facebook.com\/JeanLouiskateshop","article_modified_time":"2026-03-14T18:18:46+00:00","og_image":[{"url":"http:\/\/xactskateshop.com\/wp-content\/uploads\/2022\/07\/ST-BNT-BOA-Black-Shiny-Red-300x300.jpg","type":"","width":"","height":""}],"twitter_card":"summary_large_image","twitter_misc":{"Dur\u00e9e de lecture estim\u00e9e":"4 minutes"},"schema":{"@context":"https:\/\/schema.org","@graph":[{"@type":"WebPage","@id":"https:\/\/xactskateshop.com\/fr\/produit\/ensemble-bont-bnt-boa-platinum-2\/","url":"https:\/\/xactskateshop.com\/fr\/produit\/ensemble-bont-bnt-boa-platinum-2\/","name":"Ensemble BONT BNT BOA\/Platinum - % Xact Skate Shop","isPartOf":{"@id":"http:\/\/xactskateshop.com\/fr\/#website"},"primaryImageOfPage":{"@id":"https:\/\/xactskateshop.com\/fr\/produit\/ensemble-bont-bnt-boa-platinum-2\/#primaryimage"},"image":{"@id":"https:\/\/xactskateshop.com\/fr\/produit\/ensemble-bont-bnt-boa-platinum-2\/#primaryimage"},"thumbnailUrl":"https:\/\/xactskateshop.com\/wp-content\/uploads\/2023\/03\/ST-BNT-BOA-Black-Gamma-Blue-Platinum.jpg","datePublished":"2026-03-11T22:52:21+00:00","dateModified":"2026-03-14T18:18:46+00:00","description":"BONT BNT BOA\/Platinum. Le BNT a \u00e9tabli une nouvelle r\u00e9f\u00e9rence dans le monde du patinage en ligne et nous esp\u00e9rons qu'il en sera de m\u00eame pour le short track.","breadcrumb":{"@id":"https:\/\/xactskateshop.com\/fr\/produit\/ensemble-bont-bnt-boa-platinum-2\/#breadcrumb"},"inLanguage":"fr-FR","potentialAction":[{"@type":"ReadAction","target":["https:\/\/xactskateshop.com\/fr\/produit\/ensemble-bont-bnt-boa-platinum-2\/"]}]},{"@type":"ImageObject","inLanguage":"fr-FR","@id":"https:\/\/xactskateshop.com\/fr\/produit\/ensemble-bont-bnt-boa-platinum-2\/#primaryimage","url":"https:\/\/xactskateshop.com\/wp-content\/uploads\/2023\/03\/ST-BNT-BOA-Black-Gamma-Blue-Platinum.jpg","contentUrl":"https:\/\/xactskateshop.com\/wp-content\/uploads\/2023\/03\/ST-BNT-BOA-Black-Gamma-Blue-Platinum.jpg","width":1000,"height":1000},{"@type":"BreadcrumbList","@id":"https:\/\/xactskateshop.com\/fr\/produit\/ensemble-bont-bnt-boa-platinum-2\/#breadcrumb","itemListElement":[{"@type":"ListItem","position":1,"name":"Home","item":"https:\/\/xactskateshop.com\/fr\/accueil\/"},{"@type":"ListItem","position":2,"name":"Boutique","item":"https:\/\/xactskateshop.com\/shop\/"},{"@type":"ListItem","position":3,"name":"Ensemble BONT BNT BOA\/Platinum"}]},{"@type":"WebSite","@id":"http:\/\/xactskateshop.com\/fr\/#website","url":"http:\/\/xactskateshop.com\/fr\/","name":"Xact Skate Shop","description":"Un site utilisant WordPress","publisher":{"@id":"http:\/\/xactskateshop.com\/fr\/#organization"},"potentialAction":[{"@type":"SearchAction","target":{"@type":"EntryPoint","urlTemplate":"http:\/\/xactskateshop.com\/fr\/?s={search_term_string}"},"query-input":{"@type":"PropertyValueSpecification","valueRequired":true,"valueName":"search_term_string"}}],"inLanguage":"fr-FR"},{"@type":"Organization","@id":"http:\/\/xactskateshop.com\/fr\/#organization","name":"XACT Skate Shop","url":"http:\/\/xactskateshop.com\/fr\/","logo":{"@type":"ImageObject","inLanguage":"fr-FR","@id":"http:\/\/xactskateshop.com\/fr\/#\/schema\/logo\/image\/","url":"http:\/\/xactskateshop.com\/wp-content\/uploads\/2024\/04\/xactskateshop-dot-com-avec-contour-noir-sans-fond-675x.jpg","contentUrl":"http:\/\/xactskateshop.com\/wp-content\/uploads\/2024\/04\/xactskateshop-dot-com-avec-contour-noir-sans-fond-675x.jpg","width":675,"height":247,"caption":"XACT Skate Shop"},"image":{"@id":"http:\/\/xactskateshop.com\/fr\/#\/schema\/logo\/image\/"},"sameAs":["https:\/\/www.facebook.com\/JeanLouiskateshop"]}]}},"_links":{"self":[{"href":"https:\/\/xactskateshop.com\/fr\/wp-json\/wp\/v2\/product\/69584","targetHints":{"allow":["GET"]}}],"collection":[{"href":"https:\/\/xactskateshop.com\/fr\/wp-json\/wp\/v2\/product"}],"about":[{"href":"https:\/\/xactskateshop.com\/fr\/wp-json\/wp\/v2\/types\/product"}],"replies":[{"embeddable":true,"href":"https:\/\/xactskateshop.com\/fr\/wp-json\/wp\/v2\/comments?post=69584"}],"wp:featuredmedia":[{"embeddable":true,"href":"https:\/\/xactskateshop.com\/fr\/wp-json\/wp\/v2\/media\/30077"}],"wp:attachment":[{"href":"https:\/\/xactskateshop.com\/fr\/wp-json\/wp\/v2\/media?parent=69584"}],"wp:term":[{"taxonomy":"product_brand","embeddable":true,"href":"https:\/\/xactskateshop.com\/fr\/wp-json\/wp\/v2\/product_brand?post=69584"},{"taxonomy":"product_cat","embeddable":true,"href":"https:\/\/xactskateshop.com\/fr\/wp-json\/wp\/v2\/product_cat?post=69584"},{"taxonomy":"product_tag","embeddable":true,"href":"https:\/\/xactskateshop.com\/fr\/wp-json\/wp\/v2\/product_tag?post=69584"}],"curies":[{"name":"wp","href":"https:\/\/api.w.org\/{rel}","templated":true}]}}