{"id":67779,"date":"2026-02-28T13:59:24","date_gmt":"2026-02-28T18:59:24","guid":{"rendered":"https:\/\/xactskateshop.com\/?post_type=product&#038;p=67779"},"modified":"2026-02-28T14:42:31","modified_gmt":"2026-02-28T19:42:31","slug":"embouts-en-plastique-staybent-copy","status":"publish","type":"product","link":"https:\/\/xactskateshop.com\/fr\/produit\/embouts-en-plastique-staybent-copy\/","title":{"rendered":"Embouts m\u00e9talliques pour doigts PENNINGTON"},"content":{"rendered":"<div id=\"wsite-com-product-short-description\">\n<div class=\"paragraph\">\n<p>Embouts m\u00e9talliques pour doigts PENNINGTON<\/p>\n<p><span style=\"font-size: 20px;\">Les embouts m\u00e9talliques PENNINGTON pour courte piste sont une bonne fa\u00e7on de prot\u00e9ger vos gants contre l&#8217;usure pr\u00e9matur\u00e9e. Fabriqu\u00e9s en Alliage d&#8217;aluminium, ils sont con\u00e7us pour durer toute une vie!  Les patineurs de vitesse sur piste courte posent leur main gauche sur la glace dans le virage, ce qui peut rapidement faire des trous dans vos gants. Ces embouts permettent d&#8217;\u00e9viter cela.<\/span><\/p>\n<p>Utilisez de la Super glue (fournie avec ces embouts) pour les attacher \u00e0 vos gants.<\/p>\n<h3><strong>Caract\u00e9ristiques<\/strong><\/h3>\n<p>&#8211; Fabriqu\u00e9s d&#8217;un alliage d&#8217;aluminium<br \/>\n&#8211; Durabilit\u00e9 \u00e0 vie<br \/>\n&#8211; Facile \u00e0 coller<br \/>\n&#8211; L\u00e9gers<\/p>\n<h3><strong>Instructions de collage<\/strong><\/h3>\n<ol>\n<li>Les grandeurs vont du pouce au petit doigt. Adaptez les embouts de protection \u00e0 votre gant.<\/li>\n<li>Appliquez de la colle sur le bord de l&#8217;embout. Appliquez sur des gants propres et secs. Pressez fermement sur le gant avec la main dans le gant.   Utilisez de la Super Glue (fournie avec ces embouts).<\/li>\n<li>Attendez 30 minutes avant de l&#8217;utiliser.<\/li>\n<\/ol>\n<p>A utiliser uniquement pour le patinage de vitesse sur piste courte.<\/p>\n<p>Avertissement : Utilisez de la colle super gel pour fixer les embouts de protection de la Courte Piste. Lisez attentivement l&#8217;\u00e9tiquette d&#8217;avertissement de la colle. <\/p>\n<p>Voir d&#8217;autres mod\u00e8les <a href=\"http:\/\/xactskateshop.com\/product\/bont-carbon-finger-tips\/\">ici !<\/a><\/p>\n<\/div>\n<\/div>\n","protected":false},"excerpt":{"rendered":"<hr>\n<p style=\"text-align: center;\"><span style=\"font-size: 20px;\">Les embouts m\u00e9talliques PENNINGTON pour courte piste sont une bonne fa\u00e7on de prot\u00e9ger vos gants contre l&#8217;usure pr\u00e9matur\u00e9e.<\/span><\/p>\n<hr>\n<p>&nbsp;<\/p>\n","protected":false},"featured_media":67785,"comment_status":"closed","ping_status":"closed","template":"","meta":{"site-sidebar-layout":"default","site-content-layout":"default","ast-site-content-layout":"default","site-content-style":"default","site-sidebar-style":"default","ast-global-header-display":"","ast-banner-title-visibility":"","ast-main-header-display":"","ast-hfb-above-header-display":"","ast-hfb-below-header-display":"","ast-hfb-mobile-header-display":"","site-post-title":"","ast-breadcrumbs-content":"","ast-featured-img":"","footer-sml-layout":"","theme-transparent-header-meta":"default","adv-header-id-meta":"","stick-header-meta":"","header-above-stick-meta":"","header-main-stick-meta":"","header-below-stick-meta":"","astra-migrate-meta-layouts":"set","ast-page-background-enabled":"default","ast-page-background-meta":{"desktop":{"background-color":"","background-image":"","background-repeat":"repeat","background-position":"center center","background-size":"auto","background-attachment":"scroll","background-type":"","background-media":"","overlay-type":"","overlay-color":"","overlay-opacity":"","overlay-gradient":""},"tablet":{"background-color":"","background-image":"","background-repeat":"repeat","background-position":"center center","background-size":"auto","background-attachment":"scroll","background-type":"","background-media":"","overlay-type":"","overlay-color":"","overlay-opacity":"","overlay-gradient":""},"mobile":{"background-color":"","background-image":"","background-repeat":"repeat","background-position":"center center","background-size":"auto","background-attachment":"scroll","background-type":"","background-media":"","overlay-type":"","overlay-color":"","overlay-opacity":"","overlay-gradient":""}},"ast-content-background-meta":{"desktop":{"background-color":"var(--ast-global-color-5)","background-image":"","background-repeat":"repeat","background-position":"center center","background-size":"auto","background-attachment":"scroll","background-type":"","background-media":"","overlay-type":"","overlay-color":"","overlay-opacity":"","overlay-gradient":""},"tablet":{"background-color":"var(--ast-global-color-5)","background-image":"","background-repeat":"repeat","background-position":"center center","background-size":"auto","background-attachment":"scroll","background-type":"","background-media":"","overlay-type":"","overlay-color":"","overlay-opacity":"","overlay-gradient":""},"mobile":{"background-color":"var(--ast-global-color-5)","background-image":"","background-repeat":"repeat","background-position":"center center","background-size":"auto","background-attachment":"scroll","background-type":"","background-media":"","overlay-type":"","overlay-color":"","overlay-opacity":"","overlay-gradient":""}}},"product_brand":[],"product_cat":[1612,1613,1353],"product_tag":[1385,1356,2856,2292,1403,2855],"class_list":{"0":"post-67779","1":"product","2":"type-product","3":"status-publish","4":"has-post-thumbnail","6":"product_cat-equipement-de-protection-patinage-de-vitesse-courte-piste","7":"product_cat-gants-et-tips","8":"product_cat-patinage-de-vitesse","9":"product_tag-boutique-xactskate","10":"product_tag-courte-piste-fr","11":"product_tag-embouts-en-plastique","12":"product_tag-extremites-des-doigts","13":"product_tag-patinage-de-vitesse","14":"product_tag-staybent","15":"desktop-align-center","16":"tablet-align-center","17":"mobile-align-center","18":"ast-product-gallery-layout-horizontal","19":"ast-product-single-variable","20":"ast-product-tabs-layout-horizontal","21":"ast-qv-on-image","23":"first","24":"instock","25":"taxable","26":"shipping-taxable","27":"purchasable","28":"product-type-variable"},"bundled_by":[],"bundle_stock_status":"instock","bundle_stock_quantity":null,"bundle_virtual":false,"bundle_layout":"","bundle_add_to_cart_form_location":"","bundle_editable_in_cart":false,"bundle_sold_individually_context":"","bundle_item_grouping":"","bundle_min_size":"","bundle_max_size":"","bundle_price":[],"bundled_items":[],"bundle_sell_ids":[],"yoast_head":"<!-- This site is optimized with the Yoast SEO plugin v27.4 - https:\/\/yoast.com\/product\/yoast-seo-wordpress\/ -->\n<title>Embouts m\u00e9talliques pour doigts PENNINGTON - Xact Skate Shop%.<\/title>\n<meta name=\"description\" content=\"Les embouts m\u00e9talliques PENNINGTON pour courte piste sont une bonne fa\u00e7on de prot\u00e9ger vos gants contre l&#039;usure pr\u00e9matur\u00e9e.\" \/>\n<meta name=\"robots\" content=\"index, follow, max-snippet:-1, max-image-preview:large, max-video-preview:-1\" \/>\n<link rel=\"canonical\" href=\"https:\/\/xactskateshop.com\/fr\/produit\/embouts-en-plastique-staybent-copy\/\" \/>\n<meta property=\"og:locale\" content=\"fr_FR\" \/>\n<meta property=\"og:type\" content=\"article\" \/>\n<meta property=\"og:title\" content=\"Embouts m\u00e9talliques pour doigts PENNINGTON - Xact Skate Shop%.\" \/>\n<meta property=\"og:description\" content=\"Les embouts m\u00e9talliques PENNINGTON pour courte piste sont une bonne fa\u00e7on de prot\u00e9ger vos gants contre l&#039;usure pr\u00e9matur\u00e9e.\" \/>\n<meta property=\"og:url\" content=\"https:\/\/xactskateshop.com\/fr\/produit\/embouts-en-plastique-staybent-copy\/\" \/>\n<meta property=\"og:site_name\" content=\"Xact Skate Shop\" \/>\n<meta property=\"article:publisher\" content=\"https:\/\/www.facebook.com\/JeanLouiskateshop\" \/>\n<meta property=\"article:modified_time\" content=\"2026-02-28T19:42:31+00:00\" \/>\n<meta property=\"og:image\" content=\"https:\/\/xactskateshop.com\/wp-content\/uploads\/2026\/02\/gold-metal-scaled.jpg\" \/>\n\t<meta property=\"og:image:width\" content=\"2560\" \/>\n\t<meta property=\"og:image:height\" content=\"2560\" \/>\n\t<meta property=\"og:image:type\" content=\"image\/jpeg\" \/>\n<meta name=\"twitter:card\" content=\"summary_large_image\" \/>\n<meta name=\"twitter:label1\" content=\"Dur\u00e9e de lecture estim\u00e9e\" \/>\n\t<meta name=\"twitter:data1\" content=\"2 minutes\" \/>\n<script type=\"application\/ld+json\" class=\"yoast-schema-graph\">{\"@context\":\"https:\\\/\\\/schema.org\",\"@graph\":[{\"@type\":\"WebPage\",\"@id\":\"https:\\\/\\\/xactskateshop.com\\\/fr\\\/produit\\\/embouts-en-plastique-staybent-copy\\\/\",\"url\":\"https:\\\/\\\/xactskateshop.com\\\/fr\\\/produit\\\/embouts-en-plastique-staybent-copy\\\/\",\"name\":\"Embouts m\u00e9talliques pour doigts PENNINGTON - Xact Skate Shop%.\",\"isPartOf\":{\"@id\":\"http:\\\/\\\/xactskateshop.com\\\/fr\\\/#website\"},\"primaryImageOfPage\":{\"@id\":\"https:\\\/\\\/xactskateshop.com\\\/fr\\\/produit\\\/embouts-en-plastique-staybent-copy\\\/#primaryimage\"},\"image\":{\"@id\":\"https:\\\/\\\/xactskateshop.com\\\/fr\\\/produit\\\/embouts-en-plastique-staybent-copy\\\/#primaryimage\"},\"thumbnailUrl\":\"https:\\\/\\\/xactskateshop.com\\\/wp-content\\\/uploads\\\/2026\\\/02\\\/gold-metal-scaled.jpg\",\"datePublished\":\"2026-02-28T18:59:24+00:00\",\"dateModified\":\"2026-02-28T19:42:31+00:00\",\"description\":\"Les embouts m\u00e9talliques PENNINGTON pour courte piste sont une bonne fa\u00e7on de prot\u00e9ger vos gants contre l'usure pr\u00e9matur\u00e9e.\",\"breadcrumb\":{\"@id\":\"https:\\\/\\\/xactskateshop.com\\\/fr\\\/produit\\\/embouts-en-plastique-staybent-copy\\\/#breadcrumb\"},\"inLanguage\":\"fr-FR\",\"potentialAction\":[{\"@type\":\"ReadAction\",\"target\":[\"https:\\\/\\\/xactskateshop.com\\\/fr\\\/produit\\\/embouts-en-plastique-staybent-copy\\\/\"]}]},{\"@type\":\"ImageObject\",\"inLanguage\":\"fr-FR\",\"@id\":\"https:\\\/\\\/xactskateshop.com\\\/fr\\\/produit\\\/embouts-en-plastique-staybent-copy\\\/#primaryimage\",\"url\":\"https:\\\/\\\/xactskateshop.com\\\/wp-content\\\/uploads\\\/2026\\\/02\\\/gold-metal-scaled.jpg\",\"contentUrl\":\"https:\\\/\\\/xactskateshop.com\\\/wp-content\\\/uploads\\\/2026\\\/02\\\/gold-metal-scaled.jpg\",\"width\":2560,\"height\":2560,\"caption\":\"Embouts m\u00e9talliques pour doigts PENNINGTON\"},{\"@type\":\"BreadcrumbList\",\"@id\":\"https:\\\/\\\/xactskateshop.com\\\/fr\\\/produit\\\/embouts-en-plastique-staybent-copy\\\/#breadcrumb\",\"itemListElement\":[{\"@type\":\"ListItem\",\"position\":1,\"name\":\"Home\",\"item\":\"https:\\\/\\\/xactskateshop.com\\\/fr\\\/accueil\\\/\"},{\"@type\":\"ListItem\",\"position\":2,\"name\":\"Boutique\",\"item\":\"https:\\\/\\\/xactskateshop.com\\\/shop\\\/\"},{\"@type\":\"ListItem\",\"position\":3,\"name\":\"Embouts m\u00e9talliques pour doigts PENNINGTON\"}]},{\"@type\":\"WebSite\",\"@id\":\"http:\\\/\\\/xactskateshop.com\\\/fr\\\/#website\",\"url\":\"http:\\\/\\\/xactskateshop.com\\\/fr\\\/\",\"name\":\"Xact Skate Shop\",\"description\":\"Un site utilisant WordPress\",\"publisher\":{\"@id\":\"http:\\\/\\\/xactskateshop.com\\\/fr\\\/#organization\"},\"potentialAction\":[{\"@type\":\"SearchAction\",\"target\":{\"@type\":\"EntryPoint\",\"urlTemplate\":\"http:\\\/\\\/xactskateshop.com\\\/fr\\\/?s={search_term_string}\"},\"query-input\":{\"@type\":\"PropertyValueSpecification\",\"valueRequired\":true,\"valueName\":\"search_term_string\"}}],\"inLanguage\":\"fr-FR\"},{\"@type\":\"Organization\",\"@id\":\"http:\\\/\\\/xactskateshop.com\\\/fr\\\/#organization\",\"name\":\"XACT Skate Shop\",\"url\":\"http:\\\/\\\/xactskateshop.com\\\/fr\\\/\",\"logo\":{\"@type\":\"ImageObject\",\"inLanguage\":\"fr-FR\",\"@id\":\"http:\\\/\\\/xactskateshop.com\\\/fr\\\/#\\\/schema\\\/logo\\\/image\\\/\",\"url\":\"http:\\\/\\\/xactskateshop.com\\\/wp-content\\\/uploads\\\/2024\\\/04\\\/xactskateshop-dot-com-avec-contour-noir-sans-fond-675x.jpg\",\"contentUrl\":\"http:\\\/\\\/xactskateshop.com\\\/wp-content\\\/uploads\\\/2024\\\/04\\\/xactskateshop-dot-com-avec-contour-noir-sans-fond-675x.jpg\",\"width\":675,\"height\":247,\"caption\":\"XACT Skate Shop\"},\"image\":{\"@id\":\"http:\\\/\\\/xactskateshop.com\\\/fr\\\/#\\\/schema\\\/logo\\\/image\\\/\"},\"sameAs\":[\"https:\\\/\\\/www.facebook.com\\\/JeanLouiskateshop\"]}]}<\/script>\n<!-- \/ Yoast SEO plugin. -->","yoast_head_json":{"title":"Embouts m\u00e9talliques pour doigts PENNINGTON - Xact Skate Shop%.","description":"Les embouts m\u00e9talliques PENNINGTON pour courte piste sont une bonne fa\u00e7on de prot\u00e9ger vos gants contre l'usure pr\u00e9matur\u00e9e.","robots":{"index":"index","follow":"follow","max-snippet":"max-snippet:-1","max-image-preview":"max-image-preview:large","max-video-preview":"max-video-preview:-1"},"canonical":"https:\/\/xactskateshop.com\/fr\/produit\/embouts-en-plastique-staybent-copy\/","og_locale":"fr_FR","og_type":"article","og_title":"Embouts m\u00e9talliques pour doigts PENNINGTON - Xact Skate Shop%.","og_description":"Les embouts m\u00e9talliques PENNINGTON pour courte piste sont une bonne fa\u00e7on de prot\u00e9ger vos gants contre l'usure pr\u00e9matur\u00e9e.","og_url":"https:\/\/xactskateshop.com\/fr\/produit\/embouts-en-plastique-staybent-copy\/","og_site_name":"Xact Skate Shop","article_publisher":"https:\/\/www.facebook.com\/JeanLouiskateshop","article_modified_time":"2026-02-28T19:42:31+00:00","og_image":[{"width":2560,"height":2560,"url":"https:\/\/xactskateshop.com\/wp-content\/uploads\/2026\/02\/gold-metal-scaled.jpg","type":"image\/jpeg"}],"twitter_card":"summary_large_image","twitter_misc":{"Dur\u00e9e de lecture estim\u00e9e":"2 minutes"},"schema":{"@context":"https:\/\/schema.org","@graph":[{"@type":"WebPage","@id":"https:\/\/xactskateshop.com\/fr\/produit\/embouts-en-plastique-staybent-copy\/","url":"https:\/\/xactskateshop.com\/fr\/produit\/embouts-en-plastique-staybent-copy\/","name":"Embouts m\u00e9talliques pour doigts PENNINGTON - Xact Skate Shop%.","isPartOf":{"@id":"http:\/\/xactskateshop.com\/fr\/#website"},"primaryImageOfPage":{"@id":"https:\/\/xactskateshop.com\/fr\/produit\/embouts-en-plastique-staybent-copy\/#primaryimage"},"image":{"@id":"https:\/\/xactskateshop.com\/fr\/produit\/embouts-en-plastique-staybent-copy\/#primaryimage"},"thumbnailUrl":"https:\/\/xactskateshop.com\/wp-content\/uploads\/2026\/02\/gold-metal-scaled.jpg","datePublished":"2026-02-28T18:59:24+00:00","dateModified":"2026-02-28T19:42:31+00:00","description":"Les embouts m\u00e9talliques PENNINGTON pour courte piste sont une bonne fa\u00e7on de prot\u00e9ger vos gants contre l'usure pr\u00e9matur\u00e9e.","breadcrumb":{"@id":"https:\/\/xactskateshop.com\/fr\/produit\/embouts-en-plastique-staybent-copy\/#breadcrumb"},"inLanguage":"fr-FR","potentialAction":[{"@type":"ReadAction","target":["https:\/\/xactskateshop.com\/fr\/produit\/embouts-en-plastique-staybent-copy\/"]}]},{"@type":"ImageObject","inLanguage":"fr-FR","@id":"https:\/\/xactskateshop.com\/fr\/produit\/embouts-en-plastique-staybent-copy\/#primaryimage","url":"https:\/\/xactskateshop.com\/wp-content\/uploads\/2026\/02\/gold-metal-scaled.jpg","contentUrl":"https:\/\/xactskateshop.com\/wp-content\/uploads\/2026\/02\/gold-metal-scaled.jpg","width":2560,"height":2560,"caption":"Embouts m\u00e9talliques pour doigts PENNINGTON"},{"@type":"BreadcrumbList","@id":"https:\/\/xactskateshop.com\/fr\/produit\/embouts-en-plastique-staybent-copy\/#breadcrumb","itemListElement":[{"@type":"ListItem","position":1,"name":"Home","item":"https:\/\/xactskateshop.com\/fr\/accueil\/"},{"@type":"ListItem","position":2,"name":"Boutique","item":"https:\/\/xactskateshop.com\/shop\/"},{"@type":"ListItem","position":3,"name":"Embouts m\u00e9talliques pour doigts PENNINGTON"}]},{"@type":"WebSite","@id":"http:\/\/xactskateshop.com\/fr\/#website","url":"http:\/\/xactskateshop.com\/fr\/","name":"Xact Skate Shop","description":"Un site utilisant WordPress","publisher":{"@id":"http:\/\/xactskateshop.com\/fr\/#organization"},"potentialAction":[{"@type":"SearchAction","target":{"@type":"EntryPoint","urlTemplate":"http:\/\/xactskateshop.com\/fr\/?s={search_term_string}"},"query-input":{"@type":"PropertyValueSpecification","valueRequired":true,"valueName":"search_term_string"}}],"inLanguage":"fr-FR"},{"@type":"Organization","@id":"http:\/\/xactskateshop.com\/fr\/#organization","name":"XACT Skate Shop","url":"http:\/\/xactskateshop.com\/fr\/","logo":{"@type":"ImageObject","inLanguage":"fr-FR","@id":"http:\/\/xactskateshop.com\/fr\/#\/schema\/logo\/image\/","url":"http:\/\/xactskateshop.com\/wp-content\/uploads\/2024\/04\/xactskateshop-dot-com-avec-contour-noir-sans-fond-675x.jpg","contentUrl":"http:\/\/xactskateshop.com\/wp-content\/uploads\/2024\/04\/xactskateshop-dot-com-avec-contour-noir-sans-fond-675x.jpg","width":675,"height":247,"caption":"XACT Skate Shop"},"image":{"@id":"http:\/\/xactskateshop.com\/fr\/#\/schema\/logo\/image\/"},"sameAs":["https:\/\/www.facebook.com\/JeanLouiskateshop"]}]}},"_links":{"self":[{"href":"https:\/\/xactskateshop.com\/fr\/wp-json\/wp\/v2\/product\/67779","targetHints":{"allow":["GET"]}}],"collection":[{"href":"https:\/\/xactskateshop.com\/fr\/wp-json\/wp\/v2\/product"}],"about":[{"href":"https:\/\/xactskateshop.com\/fr\/wp-json\/wp\/v2\/types\/product"}],"replies":[{"embeddable":true,"href":"https:\/\/xactskateshop.com\/fr\/wp-json\/wp\/v2\/comments?post=67779"}],"wp:featuredmedia":[{"embeddable":true,"href":"https:\/\/xactskateshop.com\/fr\/wp-json\/wp\/v2\/media\/67785"}],"wp:attachment":[{"href":"https:\/\/xactskateshop.com\/fr\/wp-json\/wp\/v2\/media?parent=67779"}],"wp:term":[{"taxonomy":"product_brand","embeddable":true,"href":"https:\/\/xactskateshop.com\/fr\/wp-json\/wp\/v2\/product_brand?post=67779"},{"taxonomy":"product_cat","embeddable":true,"href":"https:\/\/xactskateshop.com\/fr\/wp-json\/wp\/v2\/product_cat?post=67779"},{"taxonomy":"product_tag","embeddable":true,"href":"https:\/\/xactskateshop.com\/fr\/wp-json\/wp\/v2\/product_tag?post=67779"}],"curies":[{"name":"wp","href":"https:\/\/api.w.org\/{rel}","templated":true}]}}