{"id":67768,"date":"2026-02-27T14:16:29","date_gmt":"2026-02-27T19:16:29","guid":{"rendered":"https:\/\/xactskateshop.com\/?post_type=product&#038;p=67768"},"modified":"2026-02-27T16:19:20","modified_gmt":"2026-02-27T21:19:20","slug":"plieuse-pennington-pour-lames-courte-piste","status":"publish","type":"product","link":"https:\/\/xactskateshop.com\/fr\/produit\/plieuse-pennington-pour-lames-courte-piste\/","title":{"rendered":"Plieuse Pennington pour lames Courte Piste"},"content":{"rendered":"<h6>Plieuse de lames de pr\u00e9cision (Nouveau mod\u00e8le)<\/h6>\n<p>La plieuse de lames de pr\u00e9cision (Nouveau mod\u00e8le) est un outil simple et facile d&#8217;utilisation, con\u00e7u pour un cintrage pr\u00e9cis et r\u00e9gulier des lames. Dot\u00e9e d&#8217;un m\u00e9canisme \u00e0 fort effet de levier, elle offre un fonctionnement fluide et sans effort, ce qui la rend id\u00e9ale pour une utilisation professionnelle et en atelier.<\/p>\n<p>D\u00e9sormais \u00e9quip\u00e9e d&#8217;une roue de cintrage plus large, cette plieuse PENNINGTON lames courte piste offre un contr\u00f4le et une pr\u00e9cision accrus. Les supports de lame \u00e0 r\u00e9glage continu permettent un positionnement flexible, assurant la compatibilit\u00e9 avec une large gamme de lames de diff\u00e9rentes tailles et profils. Un accessoire optionnel est \u00e9galement disponible pour \u00e9tendre ses fonctionnalit\u00e9s.<\/p>\n<h6>Caract\u00e9ristiques principales :<\/h6>\n<ul>\n<li>Conception \u00e0 fort effet de levier pour un fonctionnement sans effort<\/li>\n<li>Roue de cintrage plus large pour une pr\u00e9cision accrue<\/li>\n<li>Supports de lame \u00e0 r\u00e9glage continu<\/li>\n<li>Compatible avec les accessoires optionnels<\/li>\n<li>Construction durable, adapt\u00e9e \u00e0 un usage en atelier<\/li>\n<\/ul>\n<h6>Alliage d&#8217;aluminium<\/h6>\n<p>Un alliage d&#8217;aluminium est un mat\u00e9riau compos\u00e9 d&#8217;aluminium et d&#8217;autres \u00e9l\u00e9ments, tels que le magn\u00e9sium, le silicium, le cuivre ou le zinc, afin d&#8217;am\u00e9liorer sa r\u00e9sistance, sa durabilit\u00e9, sa r\u00e9sistance \u00e0 la corrosion et ses autres propri\u00e9t\u00e9s m\u00e9caniques.<\/p>\n<p>L&#8217;aluminium pur est l\u00e9ger et r\u00e9sistant \u00e0 la corrosion, mais relativement mou. L&#8217;ajout d&#8217;\u00e9l\u00e9ments d&#8217;alliage permet aux fabricants d&#8217;am\u00e9liorer consid\u00e9rablement ses performances pour les applications structurelles, industrielles et grand public.<\/p>\n<h6>Caract\u00e9ristiques principales<\/h6>\n<ul>\n<li>L\u00e9ger : environ un tiers du poids de l&#8217;acier<\/li>\n<li>Rapport r\u00e9sistance\/poids \u00e9lev\u00e9 : robuste et facile \u00e0 manipuler<\/li>\n<li>R\u00e9sistant \u00e0 la corrosion : formation naturelle d&#8217;une couche d&#8217;oxyde protectrice<\/li>\n<li>Bonne conductivit\u00e9 : conduit efficacement la chaleur et l&#8217;\u00e9lectricit\u00e9<\/li>\n<li>Moulable et usinable : facile \u00e0 fa\u00e7onner, \u00e0 plier et \u00e0 usiner<\/li>\n<li>Recyclable : 100 % recyclable sans perte de propri\u00e9t\u00e9s<\/li>\n<\/ul>\n<h6>\u00c9l\u00e9ments d&#8217;alliage courants et leurs effets<\/h6>\n<ul>\n<li>Magn\u00e9sium : Augmente la r\u00e9sistance et la r\u00e9sistance \u00e0 la corrosion<\/li>\n<li>Silicium : Am\u00e9liore les propri\u00e9t\u00e9s de fonderie<\/li>\n<li>Cuivre : Augmente la r\u00e9sistance, mais peut r\u00e9duire la r\u00e9sistance \u00e0 la corrosion<\/li>\n<li>Zinc : Augmente consid\u00e9rablement la r\u00e9sistance<\/li>\n<li>Mangan\u00e8se : Am\u00e9liore la durabilit\u00e9 et l&#8217;usinabilit\u00e9<\/li>\n<\/ul>\n<h6>Principales s\u00e9ries d&#8217;alliages (alliages corroy\u00e9s)<\/h6>\n<ul>\n<li>S\u00e9rie 1000 : Aluminium quasi pur (excellente r\u00e9sistance \u00e0 la corrosion)<\/li>\n<li>S\u00e9rie 2000 : Alliages aluminium-cuivre (haute r\u00e9sistance)<\/li>\n<li>S\u00e9rie 3000 : Alliages aluminium-mangan\u00e8se (bonne usinabilit\u00e9)<\/li>\n<li>S\u00e9rie 5000 : Alliages aluminium-magn\u00e9sium (applications marines)<\/li>\n<li>S\u00e9rie 6000 : Alliages aluminium-magn\u00e9sium-silicium (usage structural)<\/li>\n<li>S\u00e9rie 7000 : Alliages aluminium-zinc (tr\u00e8s haute r\u00e9sistance)<\/li>\n<\/ul>\n<h6>Applications typiques<\/h6>\n<ul>\n<li>Composants a\u00e9rospatiaux<\/li>\n<li>Pi\u00e8ces automobiles<\/li>\n<li>Mat\u00e9riaux de construction<\/li>\n<li>\u00c9quipements marins<\/li>\n<li>Machines industrielles<\/li>\n<li>Produits de consommation \u2013 \u00c9quipements sportifs Outillage<\/li>\n<\/ul>\n<p>Les alliages d&#8217;aluminium sont largement utilis\u00e9s lorsque la r\u00e9sistance, la l\u00e9g\u00e8ret\u00e9 et la r\u00e9sistance \u00e0 la corrosion sont essentielles.<\/p>\n<p>Voir d&#8217;autres cintreuses <a href=\"https:\/\/xactskateshop.com\/fr\/produit\/plieuse-skate-tec-courte-piste\/\">ici<\/a><\/p>\n<p>En savoir plus sur Pennington <a href=\"https:\/\/penningtonskate.com\/about-us\">ici<\/a><\/p>\n","protected":false},"excerpt":{"rendered":"<hr \/>\n<h6 style=\"text-align: center;\">Plieuse de lames de pr\u00e9cision (Nouveau mod\u00e8le)<\/h6>\n<p style=\"text-align: center;\">La Plieuse de lames de pr\u00e9cision (Nouveau mod\u00e8le) est un outil simple et facile \u00e0 utiliser, con\u00e7u pour un cintrage de lames pr\u00e9cis et r\u00e9gulier.<\/p>\n<hr \/>\n<p>&nbsp;<\/p>\n","protected":false},"featured_media":67770,"comment_status":"closed","ping_status":"closed","template":"","meta":{"site-sidebar-layout":"default","site-content-layout":"default","ast-site-content-layout":"default","site-content-style":"default","site-sidebar-style":"default","ast-global-header-display":"","ast-banner-title-visibility":"","ast-main-header-display":"","ast-hfb-above-header-display":"","ast-hfb-below-header-display":"","ast-hfb-mobile-header-display":"","site-post-title":"","ast-breadcrumbs-content":"","ast-featured-img":"","footer-sml-layout":"","theme-transparent-header-meta":"default","adv-header-id-meta":"","stick-header-meta":"","header-above-stick-meta":"","header-main-stick-meta":"","header-below-stick-meta":"","astra-migrate-meta-layouts":"set","ast-page-background-enabled":"default","ast-page-background-meta":{"desktop":{"background-color":"","background-image":"","background-repeat":"repeat","background-position":"center center","background-size":"auto","background-attachment":"scroll","background-type":"","background-media":"","overlay-type":"","overlay-color":"","overlay-opacity":"","overlay-gradient":""},"tablet":{"background-color":"","background-image":"","background-repeat":"repeat","background-position":"center center","background-size":"auto","background-attachment":"scroll","background-type":"","background-media":"","overlay-type":"","overlay-color":"","overlay-opacity":"","overlay-gradient":""},"mobile":{"background-color":"","background-image":"","background-repeat":"repeat","background-position":"center center","background-size":"auto","background-attachment":"scroll","background-type":"","background-media":"","overlay-type":"","overlay-color":"","overlay-opacity":"","overlay-gradient":""}},"ast-content-background-meta":{"desktop":{"background-color":"var(--ast-global-color-5)","background-image":"","background-repeat":"repeat","background-position":"center center","background-size":"auto","background-attachment":"scroll","background-type":"","background-media":"","overlay-type":"","overlay-color":"","overlay-opacity":"","overlay-gradient":""},"tablet":{"background-color":"var(--ast-global-color-5)","background-image":"","background-repeat":"repeat","background-position":"center center","background-size":"auto","background-attachment":"scroll","background-type":"","background-media":"","overlay-type":"","overlay-color":"","overlay-opacity":"","overlay-gradient":""},"mobile":{"background-color":"var(--ast-global-color-5)","background-image":"","background-repeat":"repeat","background-position":"center center","background-size":"auto","background-attachment":"scroll","background-type":"","background-media":"","overlay-type":"","overlay-color":"","overlay-opacity":"","overlay-gradient":""}}},"product_brand":[],"product_cat":[1500],"product_tag":[],"class_list":{"0":"post-67768","1":"product","2":"type-product","3":"status-publish","4":"has-post-thumbnail","6":"product_cat-entretien-des-lames-fr","7":"desktop-align-center","8":"tablet-align-center","9":"mobile-align-center","10":"ast-product-gallery-layout-horizontal","11":"ast-product-gallery-with-no-image","12":"ast-product-tabs-layout-horizontal","13":"ast-qv-on-image","15":"first","16":"instock","17":"taxable","18":"shipping-taxable","19":"purchasable","20":"product-type-simple"},"bundled_by":[],"bundle_stock_status":"instock","bundle_stock_quantity":1,"bundle_virtual":false,"bundle_layout":"","bundle_add_to_cart_form_location":"","bundle_editable_in_cart":false,"bundle_sold_individually_context":"","bundle_item_grouping":"","bundle_min_size":"","bundle_max_size":"","bundle_price":[],"bundled_items":[],"bundle_sell_ids":[],"yoast_head":"<!-- This site is optimized with the Yoast SEO plugin v27.4 - https:\/\/yoast.com\/product\/yoast-seo-wordpress\/ -->\n<title>Plieuse Pennington pour lames Courte Piste - Xact Skate Shop<\/title>\n<meta name=\"description\" content=\"La Plieuse de lames de pr\u00e9cision (Nouveau mod\u00e8le) est un outil simple et facile \u00e0 utiliser, con\u00e7u pour un cintrage de lames pr\u00e9cis et r\u00e9gulier.\" \/>\n<meta name=\"robots\" content=\"index, follow, max-snippet:-1, max-image-preview:large, max-video-preview:-1\" \/>\n<link rel=\"canonical\" href=\"https:\/\/xactskateshop.com\/fr\/produit\/plieuse-pennington-pour-lames-courte-piste\/\" \/>\n<meta property=\"og:locale\" content=\"fr_FR\" \/>\n<meta property=\"og:type\" content=\"article\" \/>\n<meta property=\"og:title\" content=\"Plieuse Pennington pour lames Courte Piste - Xact Skate Shop\" \/>\n<meta property=\"og:description\" content=\"La Plieuse de lames de pr\u00e9cision (Nouveau mod\u00e8le) est un outil simple et facile \u00e0 utiliser, con\u00e7u pour un cintrage de lames pr\u00e9cis et r\u00e9gulier.\" \/>\n<meta property=\"og:url\" content=\"https:\/\/xactskateshop.com\/fr\/produit\/plieuse-pennington-pour-lames-courte-piste\/\" \/>\n<meta property=\"og:site_name\" content=\"Xact Skate Shop\" \/>\n<meta property=\"article:publisher\" content=\"https:\/\/www.facebook.com\/JeanLouiskateshop\" \/>\n<meta property=\"article:modified_time\" content=\"2026-02-27T21:19:20+00:00\" \/>\n<meta property=\"og:image\" content=\"https:\/\/xactskateshop.com\/wp-content\/uploads\/2026\/02\/bender.jpg\" \/>\n\t<meta property=\"og:image:width\" content=\"1000\" \/>\n\t<meta property=\"og:image:height\" content=\"1000\" \/>\n\t<meta property=\"og:image:type\" content=\"image\/jpeg\" \/>\n<meta name=\"twitter:card\" content=\"summary_large_image\" \/>\n<meta name=\"twitter:label1\" content=\"Dur\u00e9e de lecture estim\u00e9e\" \/>\n\t<meta name=\"twitter:data1\" content=\"3 minutes\" \/>\n<script type=\"application\/ld+json\" class=\"yoast-schema-graph\">{\"@context\":\"https:\\\/\\\/schema.org\",\"@graph\":[{\"@type\":\"WebPage\",\"@id\":\"https:\\\/\\\/xactskateshop.com\\\/fr\\\/produit\\\/plieuse-pennington-pour-lames-courte-piste\\\/\",\"url\":\"https:\\\/\\\/xactskateshop.com\\\/fr\\\/produit\\\/plieuse-pennington-pour-lames-courte-piste\\\/\",\"name\":\"Plieuse Pennington pour lames Courte Piste - Xact Skate Shop\",\"isPartOf\":{\"@id\":\"http:\\\/\\\/xactskateshop.com\\\/fr\\\/#website\"},\"primaryImageOfPage\":{\"@id\":\"https:\\\/\\\/xactskateshop.com\\\/fr\\\/produit\\\/plieuse-pennington-pour-lames-courte-piste\\\/#primaryimage\"},\"image\":{\"@id\":\"https:\\\/\\\/xactskateshop.com\\\/fr\\\/produit\\\/plieuse-pennington-pour-lames-courte-piste\\\/#primaryimage\"},\"thumbnailUrl\":\"https:\\\/\\\/xactskateshop.com\\\/wp-content\\\/uploads\\\/2026\\\/02\\\/bender.jpg\",\"datePublished\":\"2026-02-27T19:16:29+00:00\",\"dateModified\":\"2026-02-27T21:19:20+00:00\",\"description\":\"La Plieuse de lames de pr\u00e9cision (Nouveau mod\u00e8le) est un outil simple et facile \u00e0 utiliser, con\u00e7u pour un cintrage de lames pr\u00e9cis et r\u00e9gulier.\",\"breadcrumb\":{\"@id\":\"https:\\\/\\\/xactskateshop.com\\\/fr\\\/produit\\\/plieuse-pennington-pour-lames-courte-piste\\\/#breadcrumb\"},\"inLanguage\":\"fr-FR\",\"potentialAction\":[{\"@type\":\"ReadAction\",\"target\":[\"https:\\\/\\\/xactskateshop.com\\\/fr\\\/produit\\\/plieuse-pennington-pour-lames-courte-piste\\\/\"]}]},{\"@type\":\"ImageObject\",\"inLanguage\":\"fr-FR\",\"@id\":\"https:\\\/\\\/xactskateshop.com\\\/fr\\\/produit\\\/plieuse-pennington-pour-lames-courte-piste\\\/#primaryimage\",\"url\":\"https:\\\/\\\/xactskateshop.com\\\/wp-content\\\/uploads\\\/2026\\\/02\\\/bender.jpg\",\"contentUrl\":\"https:\\\/\\\/xactskateshop.com\\\/wp-content\\\/uploads\\\/2026\\\/02\\\/bender.jpg\",\"width\":1000,\"height\":1000},{\"@type\":\"BreadcrumbList\",\"@id\":\"https:\\\/\\\/xactskateshop.com\\\/fr\\\/produit\\\/plieuse-pennington-pour-lames-courte-piste\\\/#breadcrumb\",\"itemListElement\":[{\"@type\":\"ListItem\",\"position\":1,\"name\":\"Home\",\"item\":\"https:\\\/\\\/xactskateshop.com\\\/fr\\\/accueil\\\/\"},{\"@type\":\"ListItem\",\"position\":2,\"name\":\"Boutique\",\"item\":\"https:\\\/\\\/xactskateshop.com\\\/shop\\\/\"},{\"@type\":\"ListItem\",\"position\":3,\"name\":\"Plieuse Pennington pour lames Courte Piste\"}]},{\"@type\":\"WebSite\",\"@id\":\"http:\\\/\\\/xactskateshop.com\\\/fr\\\/#website\",\"url\":\"http:\\\/\\\/xactskateshop.com\\\/fr\\\/\",\"name\":\"Xact Skate Shop\",\"description\":\"Un site utilisant WordPress\",\"publisher\":{\"@id\":\"http:\\\/\\\/xactskateshop.com\\\/fr\\\/#organization\"},\"potentialAction\":[{\"@type\":\"SearchAction\",\"target\":{\"@type\":\"EntryPoint\",\"urlTemplate\":\"http:\\\/\\\/xactskateshop.com\\\/fr\\\/?s={search_term_string}\"},\"query-input\":{\"@type\":\"PropertyValueSpecification\",\"valueRequired\":true,\"valueName\":\"search_term_string\"}}],\"inLanguage\":\"fr-FR\"},{\"@type\":\"Organization\",\"@id\":\"http:\\\/\\\/xactskateshop.com\\\/fr\\\/#organization\",\"name\":\"XACT Skate Shop\",\"url\":\"http:\\\/\\\/xactskateshop.com\\\/fr\\\/\",\"logo\":{\"@type\":\"ImageObject\",\"inLanguage\":\"fr-FR\",\"@id\":\"http:\\\/\\\/xactskateshop.com\\\/fr\\\/#\\\/schema\\\/logo\\\/image\\\/\",\"url\":\"http:\\\/\\\/xactskateshop.com\\\/wp-content\\\/uploads\\\/2024\\\/04\\\/xactskateshop-dot-com-avec-contour-noir-sans-fond-675x.jpg\",\"contentUrl\":\"http:\\\/\\\/xactskateshop.com\\\/wp-content\\\/uploads\\\/2024\\\/04\\\/xactskateshop-dot-com-avec-contour-noir-sans-fond-675x.jpg\",\"width\":675,\"height\":247,\"caption\":\"XACT Skate Shop\"},\"image\":{\"@id\":\"http:\\\/\\\/xactskateshop.com\\\/fr\\\/#\\\/schema\\\/logo\\\/image\\\/\"},\"sameAs\":[\"https:\\\/\\\/www.facebook.com\\\/JeanLouiskateshop\"]}]}<\/script>\n<!-- \/ Yoast SEO plugin. -->","yoast_head_json":{"title":"Plieuse Pennington pour lames Courte Piste - Xact Skate Shop","description":"La Plieuse de lames de pr\u00e9cision (Nouveau mod\u00e8le) est un outil simple et facile \u00e0 utiliser, con\u00e7u pour un cintrage de lames pr\u00e9cis et r\u00e9gulier.","robots":{"index":"index","follow":"follow","max-snippet":"max-snippet:-1","max-image-preview":"max-image-preview:large","max-video-preview":"max-video-preview:-1"},"canonical":"https:\/\/xactskateshop.com\/fr\/produit\/plieuse-pennington-pour-lames-courte-piste\/","og_locale":"fr_FR","og_type":"article","og_title":"Plieuse Pennington pour lames Courte Piste - Xact Skate Shop","og_description":"La Plieuse de lames de pr\u00e9cision (Nouveau mod\u00e8le) est un outil simple et facile \u00e0 utiliser, con\u00e7u pour un cintrage de lames pr\u00e9cis et r\u00e9gulier.","og_url":"https:\/\/xactskateshop.com\/fr\/produit\/plieuse-pennington-pour-lames-courte-piste\/","og_site_name":"Xact Skate Shop","article_publisher":"https:\/\/www.facebook.com\/JeanLouiskateshop","article_modified_time":"2026-02-27T21:19:20+00:00","og_image":[{"width":1000,"height":1000,"url":"https:\/\/xactskateshop.com\/wp-content\/uploads\/2026\/02\/bender.jpg","type":"image\/jpeg"}],"twitter_card":"summary_large_image","twitter_misc":{"Dur\u00e9e de lecture estim\u00e9e":"3 minutes"},"schema":{"@context":"https:\/\/schema.org","@graph":[{"@type":"WebPage","@id":"https:\/\/xactskateshop.com\/fr\/produit\/plieuse-pennington-pour-lames-courte-piste\/","url":"https:\/\/xactskateshop.com\/fr\/produit\/plieuse-pennington-pour-lames-courte-piste\/","name":"Plieuse Pennington pour lames Courte Piste - Xact Skate Shop","isPartOf":{"@id":"http:\/\/xactskateshop.com\/fr\/#website"},"primaryImageOfPage":{"@id":"https:\/\/xactskateshop.com\/fr\/produit\/plieuse-pennington-pour-lames-courte-piste\/#primaryimage"},"image":{"@id":"https:\/\/xactskateshop.com\/fr\/produit\/plieuse-pennington-pour-lames-courte-piste\/#primaryimage"},"thumbnailUrl":"https:\/\/xactskateshop.com\/wp-content\/uploads\/2026\/02\/bender.jpg","datePublished":"2026-02-27T19:16:29+00:00","dateModified":"2026-02-27T21:19:20+00:00","description":"La Plieuse de lames de pr\u00e9cision (Nouveau mod\u00e8le) est un outil simple et facile \u00e0 utiliser, con\u00e7u pour un cintrage de lames pr\u00e9cis et r\u00e9gulier.","breadcrumb":{"@id":"https:\/\/xactskateshop.com\/fr\/produit\/plieuse-pennington-pour-lames-courte-piste\/#breadcrumb"},"inLanguage":"fr-FR","potentialAction":[{"@type":"ReadAction","target":["https:\/\/xactskateshop.com\/fr\/produit\/plieuse-pennington-pour-lames-courte-piste\/"]}]},{"@type":"ImageObject","inLanguage":"fr-FR","@id":"https:\/\/xactskateshop.com\/fr\/produit\/plieuse-pennington-pour-lames-courte-piste\/#primaryimage","url":"https:\/\/xactskateshop.com\/wp-content\/uploads\/2026\/02\/bender.jpg","contentUrl":"https:\/\/xactskateshop.com\/wp-content\/uploads\/2026\/02\/bender.jpg","width":1000,"height":1000},{"@type":"BreadcrumbList","@id":"https:\/\/xactskateshop.com\/fr\/produit\/plieuse-pennington-pour-lames-courte-piste\/#breadcrumb","itemListElement":[{"@type":"ListItem","position":1,"name":"Home","item":"https:\/\/xactskateshop.com\/fr\/accueil\/"},{"@type":"ListItem","position":2,"name":"Boutique","item":"https:\/\/xactskateshop.com\/shop\/"},{"@type":"ListItem","position":3,"name":"Plieuse Pennington pour lames Courte Piste"}]},{"@type":"WebSite","@id":"http:\/\/xactskateshop.com\/fr\/#website","url":"http:\/\/xactskateshop.com\/fr\/","name":"Xact Skate Shop","description":"Un site utilisant WordPress","publisher":{"@id":"http:\/\/xactskateshop.com\/fr\/#organization"},"potentialAction":[{"@type":"SearchAction","target":{"@type":"EntryPoint","urlTemplate":"http:\/\/xactskateshop.com\/fr\/?s={search_term_string}"},"query-input":{"@type":"PropertyValueSpecification","valueRequired":true,"valueName":"search_term_string"}}],"inLanguage":"fr-FR"},{"@type":"Organization","@id":"http:\/\/xactskateshop.com\/fr\/#organization","name":"XACT Skate Shop","url":"http:\/\/xactskateshop.com\/fr\/","logo":{"@type":"ImageObject","inLanguage":"fr-FR","@id":"http:\/\/xactskateshop.com\/fr\/#\/schema\/logo\/image\/","url":"http:\/\/xactskateshop.com\/wp-content\/uploads\/2024\/04\/xactskateshop-dot-com-avec-contour-noir-sans-fond-675x.jpg","contentUrl":"http:\/\/xactskateshop.com\/wp-content\/uploads\/2024\/04\/xactskateshop-dot-com-avec-contour-noir-sans-fond-675x.jpg","width":675,"height":247,"caption":"XACT Skate Shop"},"image":{"@id":"http:\/\/xactskateshop.com\/fr\/#\/schema\/logo\/image\/"},"sameAs":["https:\/\/www.facebook.com\/JeanLouiskateshop"]}]}},"_links":{"self":[{"href":"https:\/\/xactskateshop.com\/fr\/wp-json\/wp\/v2\/product\/67768","targetHints":{"allow":["GET"]}}],"collection":[{"href":"https:\/\/xactskateshop.com\/fr\/wp-json\/wp\/v2\/product"}],"about":[{"href":"https:\/\/xactskateshop.com\/fr\/wp-json\/wp\/v2\/types\/product"}],"replies":[{"embeddable":true,"href":"https:\/\/xactskateshop.com\/fr\/wp-json\/wp\/v2\/comments?post=67768"}],"wp:featuredmedia":[{"embeddable":true,"href":"https:\/\/xactskateshop.com\/fr\/wp-json\/wp\/v2\/media\/67770"}],"wp:attachment":[{"href":"https:\/\/xactskateshop.com\/fr\/wp-json\/wp\/v2\/media?parent=67768"}],"wp:term":[{"taxonomy":"product_brand","embeddable":true,"href":"https:\/\/xactskateshop.com\/fr\/wp-json\/wp\/v2\/product_brand?post=67768"},{"taxonomy":"product_cat","embeddable":true,"href":"https:\/\/xactskateshop.com\/fr\/wp-json\/wp\/v2\/product_cat?post=67768"},{"taxonomy":"product_tag","embeddable":true,"href":"https:\/\/xactskateshop.com\/fr\/wp-json\/wp\/v2\/product_tag?post=67768"}],"curies":[{"name":"wp","href":"https:\/\/api.w.org\/{rel}","templated":true}]}}