{"id":67399,"date":"2026-01-27T14:28:43","date_gmt":"2026-01-27T19:28:43","guid":{"rendered":"https:\/\/xactskateshop.com\/product\/protections-cousues-en-suede-pour-extremite-de-patin-a-roulettes\/"},"modified":"2026-02-02T14:49:32","modified_gmt":"2026-02-02T19:49:32","slug":"protections-cousues-en-suede-pour-extremite-de-patin-a-roulettes","status":"publish","type":"product","link":"https:\/\/xactskateshop.com\/fr\/produit\/protections-cousues-en-suede-pour-extremite-de-patin-a-roulettes\/","title":{"rendered":"Protections en Su\u00e8de Cousues pour Extr\u00e9mit\u00e9 de Patin \u00e0 Roulettes"},"content":{"rendered":"<h2>Protections en Su\u00e8de Cousues pour Extr\u00e9mit\u00e9 de Patin \u00e0 Roulettes<\/h2>\n<p>Utiliser les protections d&#8217;extr\u00e9mit\u00e9 de patin pour prot\u00e9ger la zone des orteils sur vos patins \u00e0 roulettes n&#8217;a jamais \u00e9t\u00e9 aussi accessible et abordable. Con\u00e7ues en Australie, utilisant du cuir Australien de haute qualit\u00e9, les Protections en Su\u00e8de Cousues pour Extr\u00e9mit\u00e9 de Patin \u00e0 Roulettes Bont sont durables et allongent la vie de vos patins. Ces protections en su\u00e8de pour patins excellent \u00e0 prot\u00e9ger la zone des orteils sur vos patins de Roller Derby.  <\/p>\n<p>Roller Derby est un sport de contact. Par cons\u00e9quence, frotter et trainer la zone des orteils sur des surfaces dures am\u00e8ne souvent le mat\u00e9riau de la bottine \u00e0 se d\u00e9grader plus rapidement. En d&#8217;autres mots, de rallonger la vie de vos patins pour les prochains &#8220;meet&#8221; de Derby est essentiel! Ces protections d&#8217;extr\u00e9mit\u00e9 de patins \u00e0 roulettes fonctionne aussi tr\u00e8s bien sur les patins d&#8217;ext\u00e9rieur tel que les Parkstar.   <\/p>\n<p>Les Protections en Su\u00e8de Cousues pour Extr\u00e9mit\u00e9 de Patin \u00e0 Roulettes sont incroyablement durable. Additionnellement, les protections utilisent du cuir Australien \u00e0 100% et sont consu uniquement pour prolonger la vie de vos patins et s&#8217;adapter \u00e0 toutes les marques de patins \u00e0 roulettes avec un frein amovible. Oui, toutes les marques!  <\/p>\n<p>Allonger la vie de vos patins \u00e0 roulettes et vos patins de Roller Derby aujourd&#8217;hui en utilisant les Protections en Su\u00e8de Cousues pour Extr\u00e9mit\u00e9 de Patin \u00e0 Roulettes de haute qualit\u00e9.<\/p>\n<p>Bont fait aussi des <a href=\"https:\/\/bont.ca\/collections\/roller-skate-accessories\/products\/flat-suede-roller-skate-toe-guards-protectors\">protections d&#8217;extr\u00e9mit\u00e9 de patin plat.<\/a><\/p>\n","protected":false},"excerpt":{"rendered":"<hr>\n<p style=\"text-align: center;\">Con\u00e7ues en Australie, utilisant du cuir Australien de haute qualit\u00e9, les Protections en Su\u00e8de Cousues pour Extr\u00e9mit\u00e9 de Patin \u00e0 Roulettes sont durable et allongent la vie de vos patins. Ces protections de zones d&#8217;orteils excellent \u00e0 prot\u00e9ger l&#8217;extr\u00e9mit\u00e9 de vos bottines de patins. <\/p>\n<hr>\n<p>&nbsp;<\/p>\n","protected":false},"featured_media":67384,"comment_status":"closed","ping_status":"closed","template":"","meta":{"site-sidebar-layout":"default","site-content-layout":"","ast-site-content-layout":"default","site-content-style":"default","site-sidebar-style":"default","ast-global-header-display":"","ast-banner-title-visibility":"","ast-main-header-display":"","ast-hfb-above-header-display":"","ast-hfb-below-header-display":"","ast-hfb-mobile-header-display":"","site-post-title":"","ast-breadcrumbs-content":"","ast-featured-img":"","footer-sml-layout":"","theme-transparent-header-meta":"default","adv-header-id-meta":"","stick-header-meta":"","header-above-stick-meta":"","header-main-stick-meta":"","header-below-stick-meta":"","astra-migrate-meta-layouts":"default","ast-page-background-enabled":"default","ast-page-background-meta":{"desktop":{"background-color":"","background-image":"","background-repeat":"repeat","background-position":"center center","background-size":"auto","background-attachment":"scroll","background-type":"","background-media":"","overlay-type":"","overlay-color":"","overlay-opacity":"","overlay-gradient":""},"tablet":{"background-color":"","background-image":"","background-repeat":"repeat","background-position":"center center","background-size":"auto","background-attachment":"scroll","background-type":"","background-media":"","overlay-type":"","overlay-color":"","overlay-opacity":"","overlay-gradient":""},"mobile":{"background-color":"","background-image":"","background-repeat":"repeat","background-position":"center center","background-size":"auto","background-attachment":"scroll","background-type":"","background-media":"","overlay-type":"","overlay-color":"","overlay-opacity":"","overlay-gradient":""}},"ast-content-background-meta":{"desktop":{"background-color":"var(--ast-global-color-5)","background-image":"","background-repeat":"repeat","background-position":"center center","background-size":"auto","background-attachment":"scroll","background-type":"","background-media":"","overlay-type":"","overlay-color":"","overlay-opacity":"","overlay-gradient":""},"tablet":{"background-color":"var(--ast-global-color-5)","background-image":"","background-repeat":"repeat","background-position":"center center","background-size":"auto","background-attachment":"scroll","background-type":"","background-media":"","overlay-type":"","overlay-color":"","overlay-opacity":"","overlay-gradient":""},"mobile":{"background-color":"var(--ast-global-color-5)","background-image":"","background-repeat":"repeat","background-position":"center center","background-size":"auto","background-attachment":"scroll","background-type":"","background-media":"","overlay-type":"","overlay-color":"","overlay-opacity":"","overlay-gradient":""}}},"product_brand":[],"product_cat":[1530,1755,2114],"product_tag":[],"class_list":{"0":"post-67399","1":"product","2":"type-product","3":"status-publish","4":"has-post-thumbnail","6":"product_cat-accessoires-pour-patins-a-roulettes","7":"product_cat-protection-patins-a-roulettes","8":"product_cat-vetements-pour-patins-a-roulettes","9":"desktop-align-center","10":"tablet-align-center","11":"mobile-align-center","12":"ast-product-gallery-layout-horizontal","13":"ast-product-single-variable","14":"ast-product-tabs-layout-horizontal","15":"ast-qv-on-image","17":"first","18":"instock","19":"taxable","20":"shipping-taxable","21":"purchasable","22":"product-type-variable"},"bundled_by":[],"bundle_stock_status":"instock","bundle_stock_quantity":null,"bundle_virtual":false,"bundle_layout":"","bundle_add_to_cart_form_location":"","bundle_editable_in_cart":false,"bundle_sold_individually_context":"","bundle_item_grouping":"","bundle_min_size":"","bundle_max_size":"","bundle_price":[],"bundled_items":[],"bundle_sell_ids":[],"yoast_head":"<!-- This site is optimized with the Yoast SEO plugin v27.3 - https:\/\/yoast.com\/product\/yoast-seo-wordpress\/ -->\n<title>Protections en Su\u00e8de Cousues pour Extr\u00e9mit\u00e9 de Patin \u00e0 Roulettes - Xact Skate Shop<\/title>\n<meta name=\"description\" content=\"Les Protections en Su\u00e8de Cousues pour Extr\u00e9mit\u00e9 de Patin \u00e0 Roulettes, con\u00e7ues en Australie, sont durable et allongent la vie de vos patins.\" \/>\n<meta name=\"robots\" content=\"index, follow, max-snippet:-1, max-image-preview:large, max-video-preview:-1\" \/>\n<link rel=\"canonical\" href=\"https:\/\/xactskateshop.com\/fr\/produit\/protections-cousues-en-suede-pour-extremite-de-patin-a-roulettes\/\" \/>\n<meta property=\"og:locale\" content=\"fr_FR\" \/>\n<meta property=\"og:type\" content=\"article\" \/>\n<meta property=\"og:title\" content=\"Protections en Su\u00e8de Cousues pour Extr\u00e9mit\u00e9 de Patin \u00e0 Roulettes - Xact Skate Shop\" \/>\n<meta property=\"og:description\" content=\"Les Protections en Su\u00e8de Cousues pour Extr\u00e9mit\u00e9 de Patin \u00e0 Roulettes, con\u00e7ues en Australie, sont durable et allongent la vie de vos patins.\" \/>\n<meta property=\"og:url\" content=\"https:\/\/xactskateshop.com\/fr\/produit\/protections-cousues-en-suede-pour-extremite-de-patin-a-roulettes\/\" \/>\n<meta property=\"og:site_name\" content=\"Xact Skate Shop\" \/>\n<meta property=\"article:publisher\" content=\"https:\/\/www.facebook.com\/JeanLouiskateshop\" \/>\n<meta property=\"article:modified_time\" content=\"2026-02-02T19:49:32+00:00\" \/>\n<meta property=\"og:image\" content=\"https:\/\/xactskateshop.com\/wp-content\/uploads\/2026\/01\/Toe-guard-stitched-suede-roller-derby-skate-new_1800x1800.jpg\" \/>\n\t<meta property=\"og:image:width\" content=\"1000\" \/>\n\t<meta property=\"og:image:height\" content=\"1000\" \/>\n\t<meta property=\"og:image:type\" content=\"image\/jpeg\" \/>\n<meta name=\"twitter:card\" content=\"summary_large_image\" \/>\n<meta name=\"twitter:label1\" content=\"Dur\u00e9e de lecture estim\u00e9e\" \/>\n\t<meta name=\"twitter:data1\" content=\"1 minute\" \/>\n<script type=\"application\/ld+json\" class=\"yoast-schema-graph\">{\"@context\":\"https:\\\/\\\/schema.org\",\"@graph\":[{\"@type\":\"WebPage\",\"@id\":\"https:\\\/\\\/xactskateshop.com\\\/fr\\\/produit\\\/protections-cousues-en-suede-pour-extremite-de-patin-a-roulettes\\\/\",\"url\":\"https:\\\/\\\/xactskateshop.com\\\/fr\\\/produit\\\/protections-cousues-en-suede-pour-extremite-de-patin-a-roulettes\\\/\",\"name\":\"Protections en Su\u00e8de Cousues pour Extr\u00e9mit\u00e9 de Patin \u00e0 Roulettes - Xact Skate Shop\",\"isPartOf\":{\"@id\":\"http:\\\/\\\/xactskateshop.com\\\/fr\\\/#website\"},\"primaryImageOfPage\":{\"@id\":\"https:\\\/\\\/xactskateshop.com\\\/fr\\\/produit\\\/protections-cousues-en-suede-pour-extremite-de-patin-a-roulettes\\\/#primaryimage\"},\"image\":{\"@id\":\"https:\\\/\\\/xactskateshop.com\\\/fr\\\/produit\\\/protections-cousues-en-suede-pour-extremite-de-patin-a-roulettes\\\/#primaryimage\"},\"thumbnailUrl\":\"https:\\\/\\\/xactskateshop.com\\\/wp-content\\\/uploads\\\/2026\\\/01\\\/Toe-guard-stitched-suede-roller-derby-skate-new_1800x1800.jpg\",\"datePublished\":\"2026-01-27T19:28:43+00:00\",\"dateModified\":\"2026-02-02T19:49:32+00:00\",\"description\":\"Les Protections en Su\u00e8de Cousues pour Extr\u00e9mit\u00e9 de Patin \u00e0 Roulettes, con\u00e7ues en Australie, sont durable et allongent la vie de vos patins.\",\"breadcrumb\":{\"@id\":\"https:\\\/\\\/xactskateshop.com\\\/fr\\\/produit\\\/protections-cousues-en-suede-pour-extremite-de-patin-a-roulettes\\\/#breadcrumb\"},\"inLanguage\":\"fr-FR\",\"potentialAction\":[{\"@type\":\"ReadAction\",\"target\":[\"https:\\\/\\\/xactskateshop.com\\\/fr\\\/produit\\\/protections-cousues-en-suede-pour-extremite-de-patin-a-roulettes\\\/\"]}]},{\"@type\":\"ImageObject\",\"inLanguage\":\"fr-FR\",\"@id\":\"https:\\\/\\\/xactskateshop.com\\\/fr\\\/produit\\\/protections-cousues-en-suede-pour-extremite-de-patin-a-roulettes\\\/#primaryimage\",\"url\":\"https:\\\/\\\/xactskateshop.com\\\/wp-content\\\/uploads\\\/2026\\\/01\\\/Toe-guard-stitched-suede-roller-derby-skate-new_1800x1800.jpg\",\"contentUrl\":\"https:\\\/\\\/xactskateshop.com\\\/wp-content\\\/uploads\\\/2026\\\/01\\\/Toe-guard-stitched-suede-roller-derby-skate-new_1800x1800.jpg\",\"width\":1000,\"height\":1000,\"caption\":\"PROTECTIONS EN SUEDE COUSUES POUR EXTREMITE DE PATINS A ROULETTES\"},{\"@type\":\"BreadcrumbList\",\"@id\":\"https:\\\/\\\/xactskateshop.com\\\/fr\\\/produit\\\/protections-cousues-en-suede-pour-extremite-de-patin-a-roulettes\\\/#breadcrumb\",\"itemListElement\":[{\"@type\":\"ListItem\",\"position\":1,\"name\":\"Home\",\"item\":\"https:\\\/\\\/xactskateshop.com\\\/fr\\\/accueil\\\/\"},{\"@type\":\"ListItem\",\"position\":2,\"name\":\"Boutique\",\"item\":\"https:\\\/\\\/xactskateshop.com\\\/shop\\\/\"},{\"@type\":\"ListItem\",\"position\":3,\"name\":\"Protections en Su\u00e8de Cousues pour Extr\u00e9mit\u00e9 de Patin \u00e0 Roulettes\"}]},{\"@type\":\"WebSite\",\"@id\":\"http:\\\/\\\/xactskateshop.com\\\/fr\\\/#website\",\"url\":\"http:\\\/\\\/xactskateshop.com\\\/fr\\\/\",\"name\":\"Xact Skate Shop\",\"description\":\"Un site utilisant WordPress\",\"publisher\":{\"@id\":\"http:\\\/\\\/xactskateshop.com\\\/fr\\\/#organization\"},\"potentialAction\":[{\"@type\":\"SearchAction\",\"target\":{\"@type\":\"EntryPoint\",\"urlTemplate\":\"http:\\\/\\\/xactskateshop.com\\\/fr\\\/?s={search_term_string}\"},\"query-input\":{\"@type\":\"PropertyValueSpecification\",\"valueRequired\":true,\"valueName\":\"search_term_string\"}}],\"inLanguage\":\"fr-FR\"},{\"@type\":\"Organization\",\"@id\":\"http:\\\/\\\/xactskateshop.com\\\/fr\\\/#organization\",\"name\":\"XACT Skate Shop\",\"url\":\"http:\\\/\\\/xactskateshop.com\\\/fr\\\/\",\"logo\":{\"@type\":\"ImageObject\",\"inLanguage\":\"fr-FR\",\"@id\":\"http:\\\/\\\/xactskateshop.com\\\/fr\\\/#\\\/schema\\\/logo\\\/image\\\/\",\"url\":\"http:\\\/\\\/xactskateshop.com\\\/wp-content\\\/uploads\\\/2024\\\/04\\\/xactskateshop-dot-com-avec-contour-noir-sans-fond-675x.jpg\",\"contentUrl\":\"http:\\\/\\\/xactskateshop.com\\\/wp-content\\\/uploads\\\/2024\\\/04\\\/xactskateshop-dot-com-avec-contour-noir-sans-fond-675x.jpg\",\"width\":675,\"height\":247,\"caption\":\"XACT Skate Shop\"},\"image\":{\"@id\":\"http:\\\/\\\/xactskateshop.com\\\/fr\\\/#\\\/schema\\\/logo\\\/image\\\/\"},\"sameAs\":[\"https:\\\/\\\/www.facebook.com\\\/JeanLouiskateshop\"]}]}<\/script>\n<!-- \/ Yoast SEO plugin. -->","yoast_head_json":{"title":"Protections en Su\u00e8de Cousues pour Extr\u00e9mit\u00e9 de Patin \u00e0 Roulettes - Xact Skate Shop","description":"Les Protections en Su\u00e8de Cousues pour Extr\u00e9mit\u00e9 de Patin \u00e0 Roulettes, con\u00e7ues en Australie, sont durable et allongent la vie de vos patins.","robots":{"index":"index","follow":"follow","max-snippet":"max-snippet:-1","max-image-preview":"max-image-preview:large","max-video-preview":"max-video-preview:-1"},"canonical":"https:\/\/xactskateshop.com\/fr\/produit\/protections-cousues-en-suede-pour-extremite-de-patin-a-roulettes\/","og_locale":"fr_FR","og_type":"article","og_title":"Protections en Su\u00e8de Cousues pour Extr\u00e9mit\u00e9 de Patin \u00e0 Roulettes - Xact Skate Shop","og_description":"Les Protections en Su\u00e8de Cousues pour Extr\u00e9mit\u00e9 de Patin \u00e0 Roulettes, con\u00e7ues en Australie, sont durable et allongent la vie de vos patins.","og_url":"https:\/\/xactskateshop.com\/fr\/produit\/protections-cousues-en-suede-pour-extremite-de-patin-a-roulettes\/","og_site_name":"Xact Skate Shop","article_publisher":"https:\/\/www.facebook.com\/JeanLouiskateshop","article_modified_time":"2026-02-02T19:49:32+00:00","og_image":[{"width":1000,"height":1000,"url":"https:\/\/xactskateshop.com\/wp-content\/uploads\/2026\/01\/Toe-guard-stitched-suede-roller-derby-skate-new_1800x1800.jpg","type":"image\/jpeg"}],"twitter_card":"summary_large_image","twitter_misc":{"Dur\u00e9e de lecture estim\u00e9e":"1 minute"},"schema":{"@context":"https:\/\/schema.org","@graph":[{"@type":"WebPage","@id":"https:\/\/xactskateshop.com\/fr\/produit\/protections-cousues-en-suede-pour-extremite-de-patin-a-roulettes\/","url":"https:\/\/xactskateshop.com\/fr\/produit\/protections-cousues-en-suede-pour-extremite-de-patin-a-roulettes\/","name":"Protections en Su\u00e8de Cousues pour Extr\u00e9mit\u00e9 de Patin \u00e0 Roulettes - Xact Skate Shop","isPartOf":{"@id":"http:\/\/xactskateshop.com\/fr\/#website"},"primaryImageOfPage":{"@id":"https:\/\/xactskateshop.com\/fr\/produit\/protections-cousues-en-suede-pour-extremite-de-patin-a-roulettes\/#primaryimage"},"image":{"@id":"https:\/\/xactskateshop.com\/fr\/produit\/protections-cousues-en-suede-pour-extremite-de-patin-a-roulettes\/#primaryimage"},"thumbnailUrl":"https:\/\/xactskateshop.com\/wp-content\/uploads\/2026\/01\/Toe-guard-stitched-suede-roller-derby-skate-new_1800x1800.jpg","datePublished":"2026-01-27T19:28:43+00:00","dateModified":"2026-02-02T19:49:32+00:00","description":"Les Protections en Su\u00e8de Cousues pour Extr\u00e9mit\u00e9 de Patin \u00e0 Roulettes, con\u00e7ues en Australie, sont durable et allongent la vie de vos patins.","breadcrumb":{"@id":"https:\/\/xactskateshop.com\/fr\/produit\/protections-cousues-en-suede-pour-extremite-de-patin-a-roulettes\/#breadcrumb"},"inLanguage":"fr-FR","potentialAction":[{"@type":"ReadAction","target":["https:\/\/xactskateshop.com\/fr\/produit\/protections-cousues-en-suede-pour-extremite-de-patin-a-roulettes\/"]}]},{"@type":"ImageObject","inLanguage":"fr-FR","@id":"https:\/\/xactskateshop.com\/fr\/produit\/protections-cousues-en-suede-pour-extremite-de-patin-a-roulettes\/#primaryimage","url":"https:\/\/xactskateshop.com\/wp-content\/uploads\/2026\/01\/Toe-guard-stitched-suede-roller-derby-skate-new_1800x1800.jpg","contentUrl":"https:\/\/xactskateshop.com\/wp-content\/uploads\/2026\/01\/Toe-guard-stitched-suede-roller-derby-skate-new_1800x1800.jpg","width":1000,"height":1000,"caption":"PROTECTIONS EN SUEDE COUSUES POUR EXTREMITE DE PATINS A ROULETTES"},{"@type":"BreadcrumbList","@id":"https:\/\/xactskateshop.com\/fr\/produit\/protections-cousues-en-suede-pour-extremite-de-patin-a-roulettes\/#breadcrumb","itemListElement":[{"@type":"ListItem","position":1,"name":"Home","item":"https:\/\/xactskateshop.com\/fr\/accueil\/"},{"@type":"ListItem","position":2,"name":"Boutique","item":"https:\/\/xactskateshop.com\/shop\/"},{"@type":"ListItem","position":3,"name":"Protections en Su\u00e8de Cousues pour Extr\u00e9mit\u00e9 de Patin \u00e0 Roulettes"}]},{"@type":"WebSite","@id":"http:\/\/xactskateshop.com\/fr\/#website","url":"http:\/\/xactskateshop.com\/fr\/","name":"Xact Skate Shop","description":"Un site utilisant WordPress","publisher":{"@id":"http:\/\/xactskateshop.com\/fr\/#organization"},"potentialAction":[{"@type":"SearchAction","target":{"@type":"EntryPoint","urlTemplate":"http:\/\/xactskateshop.com\/fr\/?s={search_term_string}"},"query-input":{"@type":"PropertyValueSpecification","valueRequired":true,"valueName":"search_term_string"}}],"inLanguage":"fr-FR"},{"@type":"Organization","@id":"http:\/\/xactskateshop.com\/fr\/#organization","name":"XACT Skate Shop","url":"http:\/\/xactskateshop.com\/fr\/","logo":{"@type":"ImageObject","inLanguage":"fr-FR","@id":"http:\/\/xactskateshop.com\/fr\/#\/schema\/logo\/image\/","url":"http:\/\/xactskateshop.com\/wp-content\/uploads\/2024\/04\/xactskateshop-dot-com-avec-contour-noir-sans-fond-675x.jpg","contentUrl":"http:\/\/xactskateshop.com\/wp-content\/uploads\/2024\/04\/xactskateshop-dot-com-avec-contour-noir-sans-fond-675x.jpg","width":675,"height":247,"caption":"XACT Skate Shop"},"image":{"@id":"http:\/\/xactskateshop.com\/fr\/#\/schema\/logo\/image\/"},"sameAs":["https:\/\/www.facebook.com\/JeanLouiskateshop"]}]}},"_links":{"self":[{"href":"https:\/\/xactskateshop.com\/fr\/wp-json\/wp\/v2\/product\/67399","targetHints":{"allow":["GET"]}}],"collection":[{"href":"https:\/\/xactskateshop.com\/fr\/wp-json\/wp\/v2\/product"}],"about":[{"href":"https:\/\/xactskateshop.com\/fr\/wp-json\/wp\/v2\/types\/product"}],"replies":[{"embeddable":true,"href":"https:\/\/xactskateshop.com\/fr\/wp-json\/wp\/v2\/comments?post=67399"}],"wp:featuredmedia":[{"embeddable":true,"href":"https:\/\/xactskateshop.com\/fr\/wp-json\/wp\/v2\/media\/67384"}],"wp:attachment":[{"href":"https:\/\/xactskateshop.com\/fr\/wp-json\/wp\/v2\/media?parent=67399"}],"wp:term":[{"taxonomy":"product_brand","embeddable":true,"href":"https:\/\/xactskateshop.com\/fr\/wp-json\/wp\/v2\/product_brand?post=67399"},{"taxonomy":"product_cat","embeddable":true,"href":"https:\/\/xactskateshop.com\/fr\/wp-json\/wp\/v2\/product_cat?post=67399"},{"taxonomy":"product_tag","embeddable":true,"href":"https:\/\/xactskateshop.com\/fr\/wp-json\/wp\/v2\/product_tag?post=67399"}],"curies":[{"name":"wp","href":"https:\/\/api.w.org\/{rel}","templated":true}]}}