{"id":67112,"date":"2025-12-04T16:57:08","date_gmt":"2025-12-04T21:57:08","guid":{"rendered":"https:\/\/xactskateshop.com\/?post_type=product&#038;p=67112"},"modified":"2025-12-26T18:41:26","modified_gmt":"2025-12-26T23:41:26","slug":"nouvelles-bottines-bont-st-one-boa","status":"publish","type":"product","link":"https:\/\/xactskateshop.com\/fr\/produit\/nouvelles-bottines-bont-st-one-boa\/","title":{"rendered":"Nouvelle bottines BONT ST One BOA!"},"content":{"rendered":"<h2><strong>Voici la nouvelle bottine BONT de courte piste ST One BOA<\/strong><\/h2>\n<p>Les patineurs de short track savent que chaque d\u00e9tail compte, de la pouss\u00e9e en sortie de virage au confort de leurs bottes. Les bottines Bont ST One BOA sont con\u00e7ues pour offrir aux patineurs un maintien s\u00fbr, un soutien optimal et un confort durable. Gr\u00e2ce \u00e0 leur fabrication artisanale en composite de carbone et \u00e0 leur ing\u00e9nierie de pr\u00e9cision, ces bottes vous offrent l&#8217;avantage comp\u00e9titif dont vous avez besoin sur la glace.  <\/p>\n<p>Le syst\u00e8me de la\u00e7age BOA\u00ae permet un serrage rapide et facile, que ce soit pour vos propres patins ou pour ceux d&#8217;un enfant. Gr\u00e2ce \u00e0 une forme revisit\u00e9e, un rembourrage am\u00e9lior\u00e9 et un rev\u00eatement ext\u00e9rieur Durolite r\u00e9sistant, la bottine ST One BOA offre un confort et une r\u00e9activit\u00e9 exceptionnels, quel que soit votre niveau de patineur. <\/p>\n<p><span style=\"font-size: 16px; font-style: normal; font-weight: 400;\">Con\u00e7ues avec les performances \u00e9prouv\u00e9es de la construction en composite de carbone et la commodit\u00e9 du syst\u00e8me d&#8217;ajustement BOA\u00ae, les bottes Bont ST One BOA \u00e9tablissent une nouvelle norme en mati\u00e8re de contr\u00f4le, de confort et d&#8217;innovation.<\/span><\/p>\n<h6 style=\"font-size: 16px; font-style: normal; font-weight: 400;\">Qu&#8217;est-ce qu&#8217;une empeigne ?<\/h6>\n<p style=\"font-size: 16px; font-style: normal; font-weight: 400;\">Le dernier est une r\u00e9plique en plastique d&#8217;un pied autour duquel la botte est construite. Chez Bont, nous perfectionnons nos empeignes depuis 1975 ! Et ce processus est continu. Contrairement aux empeignes standard utilis\u00e9es par de nombreuses entreprises, Bont s\u2019attache constamment \u00e0 d\u00e9velopper et \u00e0 am\u00e9liorer ses empeignes afin que vos bottines soient parfaitement ajust\u00e9es d\u00e8s le premier essayage.  Notre mat\u00e9riau anti-\u00e9tirement exclusif pr\u00e9sente des caract\u00e9ristiques de r\u00e9sistance similaires \u00e0 celles du Kevlar. Nous ajoutons ce mat\u00e9riau entre la couche ext\u00e9rieure et la peau, ce qui emp\u00eache la botte de s&#8217;\u00e9tirer. <\/p>\n<p style=\"font-size: 16px; font-style: normal; font-weight: 400;\">Pour que le mat\u00e9riau ne bouge pas, nous le cousons \u00e0 la couche ext\u00e9rieure et le collons au chausson. En bref, ce mat\u00e9riau Anti-Stretch fait partie int\u00e9grante de la structure de la botte. Par cons\u00e9quent, les bottes Bont ne s&#8217;\u00e9tirent pas autant que les bottes concurrentes.  <\/p>\n<h3><\/h3>\n<h3>Caract\u00e9ristiques<\/h3>\n<ul>\n<li>Base : Base en composite de carbone pos\u00e9 \u00e0 la main avec une plus grande quantit\u00e9 de carbone pour un meilleur transfert de puissance,<\/li>\n<li>Rev\u00eatement ext\u00e9rieur : Durolite pour une durabilit\u00e9 et une l\u00e9g\u00e8ret\u00e9 optimales,<\/li>\n<li>Doublure : Suede-L avec une couche de n\u00e9opr\u00e8ne de 1 mm pour un confort accru,<\/li>\n<li><strong>Semelle int\u00e9rieure :<\/strong> Cuir,<\/li>\n<li>Thermoformable : Base enti\u00e8rement thermoformable utilisant une r\u00e9sine \u00e9poxy thermodurcissable,<\/li>\n<li>Rembourrage : Mousse \u00e0 m\u00e9moire de forme haute densit\u00e9 avec support de col plus \u00e9pais,<\/li>\n<li>Options de fermeture : lacets cir\u00e9s, couvre-lacets et molette BOA pour un serrage rapide et s\u00fbr.<\/li>\n<li>Options de largeur: Standard, \u00e9troite et large (les options \u00e9troite ou large peuvent n\u00e9cessiter un d\u00e9lai de 4 \u00e0 6 semaines pour \u00eatre obtenues).<\/li>\n<li>Montage : Taille 9C\u201313,5C 140 mm ; Taille 1\u201313,5 165 mm,<\/li>\n<li>Manchette : Manchette plus haute avec un angle modifi\u00e9 pour une meilleure agilit\u00e9 et un meilleur contr\u00f4le,<\/li>\n<li><strong>Empeigne:<\/strong> Mise \u00e0 jour pour une coupe plus pr\u00e9cise.<\/li>\n<\/ul>\n<h3><\/h3>\n<h3><strong>L&#8217;avantage Boa<\/strong><\/h3>\n<ul>\n<li>Ajustement semblable \u00e0 celui d&#8217;un gant,<\/li>\n<li>Le syst\u00e8me de fermeture Boa offre un confort personnalis\u00e9 avec une fermeture r\u00e9guli\u00e8re et sans points de pression,<\/li>\n<li>\u00c0 la vol\u00e9e,<\/li>\n<li>R\u00e9glez-le facilement d&#8217;une seule main en tournant rapidement la molette Boa. Plus besoin de s&#8217;agenouiller sur la glace mouill\u00e9e, <\/li>\n<li>Fermeture puissante,<\/li>\n<li>Une fois verrouill\u00e9s, les enrouleurs et les lacets Boa restent en place. Les lacets de skate normaux s&#8217;\u00e9tirent de 7 \u00e0 10 %, ce qui explique pourquoi vous devez resserrer vos lacets, <\/li>\n<li>Durable,<\/li>\n<li>Fabriqu\u00e9s en acier inoxydable de qualit\u00e9 a\u00e9ronautique, les lacets Boa sont plus r\u00e9sistants au gramme qu&#8217;un blindage de char d&#8217;assaut,<\/li>\n<li>Micro-ajustement,<\/li>\n<li>Les moulinets Boa offrent des possibilit\u00e9s de r\u00e9glage infinies,<\/li>\n<li>L\u00e9ger,<\/li>\n<li>Les fermetures Boa \u00e9vacuent l&#8217;eau et la glace, ce qui permet de gagner un poids pr\u00e9cieux,<\/li>\n<li>Rapide,<\/li>\n<li>Rapidement enfil\u00e9. Rapidement retir\u00e9. Le boa permet de gagner du temps pour chausser les patins,<\/li>\n<li>Rempla\u00e7able,<\/li>\n<li>Garantie \u00e0 vie si, dans de rares cas, il est endommag\u00e9.<\/li>\n<\/ul>\n<p>&nbsp;<\/p>\n<p><span style=\"font-size: 16px; font-style: normal; font-weight: 400;\">Vous pouvez \u00e9galement les obtenir <\/span><a style=\"font-size: 16px; transition-property: all;\" href=\"https:\/\/bont.ca\/collections\/short-track-skates\/products\/bont-st-one-boa-boots-new\">ici<\/a><\/p>\n","protected":false},"excerpt":{"rendered":"<hr>\n<p style=\"text-align: center;\">Les patineurs de short track savent que chaque d\u00e9tail compte, de la pouss\u00e9e en sortie de virage au confort de leurs bottes. Les bottines Bont ST One BOA sont con\u00e7ues pour offrir aux patineurs un maintien s\u00fbr, un soutien optimal et un confort durable. Gr\u00e2ce \u00e0 leur fabrication artisanale en composite de carbone et \u00e0 leur ing\u00e9nierie de pr\u00e9cision, ces bottes vous offrent l&#8217;avantage comp\u00e9titif dont vous avez besoin sur la glace.  <\/p>\n<hr>\n<p style=\"text-align: center;\"><strong>****** veuillez nous contacter \u00e0 info@xactskateshop.com pour conna\u00eetre la disponibilit\u00e9 de la taille avant de passer commande******<\/strong><\/p>\n<hr>\n<p>&nbsp;<\/p>\n","protected":false},"featured_media":67145,"comment_status":"open","ping_status":"closed","template":"","meta":{"site-sidebar-layout":"default","site-content-layout":"default","ast-site-content-layout":"default","site-content-style":"default","site-sidebar-style":"default","ast-global-header-display":"","ast-banner-title-visibility":"","ast-main-header-display":"","ast-hfb-above-header-display":"","ast-hfb-below-header-display":"","ast-hfb-mobile-header-display":"","site-post-title":"","ast-breadcrumbs-content":"","ast-featured-img":"","footer-sml-layout":"","theme-transparent-header-meta":"default","adv-header-id-meta":"","stick-header-meta":"","header-above-stick-meta":"","header-main-stick-meta":"","header-below-stick-meta":"","astra-migrate-meta-layouts":"set","ast-page-background-enabled":"default","ast-page-background-meta":{"desktop":{"background-color":"","background-image":"","background-repeat":"repeat","background-position":"center center","background-size":"auto","background-attachment":"scroll","background-type":"","background-media":"","overlay-type":"","overlay-color":"","overlay-opacity":"","overlay-gradient":""},"tablet":{"background-color":"","background-image":"","background-repeat":"repeat","background-position":"center center","background-size":"auto","background-attachment":"scroll","background-type":"","background-media":"","overlay-type":"","overlay-color":"","overlay-opacity":"","overlay-gradient":""},"mobile":{"background-color":"","background-image":"","background-repeat":"repeat","background-position":"center center","background-size":"auto","background-attachment":"scroll","background-type":"","background-media":"","overlay-type":"","overlay-color":"","overlay-opacity":"","overlay-gradient":""}},"ast-content-background-meta":{"desktop":{"background-color":"var(--ast-global-color-5)","background-image":"","background-repeat":"repeat","background-position":"center center","background-size":"auto","background-attachment":"scroll","background-type":"","background-media":"","overlay-type":"","overlay-color":"","overlay-opacity":"","overlay-gradient":""},"tablet":{"background-color":"var(--ast-global-color-5)","background-image":"","background-repeat":"repeat","background-position":"center center","background-size":"auto","background-attachment":"scroll","background-type":"","background-media":"","overlay-type":"","overlay-color":"","overlay-opacity":"","overlay-gradient":""},"mobile":{"background-color":"var(--ast-global-color-5)","background-image":"","background-repeat":"repeat","background-position":"center center","background-size":"auto","background-attachment":"scroll","background-type":"","background-media":"","overlay-type":"","overlay-color":"","overlay-opacity":"","overlay-gradient":""}}},"product_brand":[],"product_cat":[1430,1354,1353],"product_tag":[1956,2061,1471,1390,1356,1945],"class_list":{"0":"post-67112","1":"product","2":"type-product","3":"status-publish","4":"has-post-thumbnail","6":"product_cat-bottines-de-patinage-de-vitesse-courte-piste","7":"product_cat-courte-piste","8":"product_cat-patinage-de-vitesse","9":"product_tag-balise-alt","10":"product_tag-bont-patriot-fr","11":"product_tag-bont-st-boots-fr","12":"product_tag-bottes-bont","13":"product_tag-courte-piste-fr","14":"product_tag-nouveau","15":"desktop-align-center","16":"tablet-align-center","17":"mobile-align-center","18":"ast-product-gallery-layout-horizontal","19":"ast-product-single-variable","20":"ast-product-tabs-layout-horizontal","21":"ast-qv-on-image","23":"first","24":"instock","25":"sale","26":"taxable","27":"shipping-taxable","28":"purchasable","29":"product-type-variable"},"bundled_by":[],"bundle_stock_status":"instock","bundle_stock_quantity":null,"bundle_virtual":false,"bundle_layout":"","bundle_add_to_cart_form_location":"","bundle_editable_in_cart":false,"bundle_sold_individually_context":"","bundle_item_grouping":"","bundle_min_size":"","bundle_max_size":"","bundle_price":[],"bundled_items":[],"bundle_sell_ids":[],"yoast_head":"<!-- This site is optimized with the Yoast SEO plugin v27.4 - https:\/\/yoast.com\/product\/yoast-seo-wordpress\/ -->\n<title>Nouvelle bottines BONT ST One BOA! - Xact Skate Shop<\/title>\n<meta name=\"description\" content=\"Bottines BONT ST One BOA. Les bottines Bont ST One BOA sont con\u00e7ues pour offrir aux patineurs un maintien s\u00fbr, un soutien puissant et un confort durable.\" \/>\n<meta name=\"robots\" content=\"index, follow, max-snippet:-1, max-image-preview:large, max-video-preview:-1\" \/>\n<link rel=\"canonical\" href=\"https:\/\/xactskateshop.com\/fr\/produit\/nouvelles-bottines-bont-st-one-boa\/\" \/>\n<meta property=\"og:locale\" content=\"fr_FR\" \/>\n<meta property=\"og:type\" content=\"article\" \/>\n<meta property=\"og:title\" content=\"Nouvelle bottines BONT ST One BOA! - Xact Skate Shop\" \/>\n<meta property=\"og:description\" content=\"Bottines BONT ST One BOA. Les bottines Bont ST One BOA sont con\u00e7ues pour offrir aux patineurs un maintien s\u00fbr, un soutien puissant et un confort durable.\" \/>\n<meta property=\"og:url\" content=\"https:\/\/xactskateshop.com\/fr\/produit\/nouvelles-bottines-bont-st-one-boa\/\" \/>\n<meta property=\"og:site_name\" content=\"Xact Skate Shop\" \/>\n<meta property=\"article:publisher\" content=\"https:\/\/www.facebook.com\/JeanLouiskateshop\" \/>\n<meta property=\"article:modified_time\" content=\"2025-12-26T23:41:26+00:00\" \/>\n<meta property=\"og:image\" content=\"https:\/\/xactskateshop.com\/wp-content\/uploads\/2025\/12\/ST-One-BOA-Black-Silver_1.jpg\" \/>\n\t<meta property=\"og:image:width\" content=\"1000\" \/>\n\t<meta property=\"og:image:height\" content=\"1000\" \/>\n\t<meta property=\"og:image:type\" content=\"image\/jpeg\" \/>\n<meta name=\"twitter:card\" content=\"summary_large_image\" \/>\n<meta name=\"twitter:label1\" content=\"Dur\u00e9e de lecture estim\u00e9e\" \/>\n\t<meta name=\"twitter:data1\" content=\"3 minutes\" \/>\n<script type=\"application\/ld+json\" class=\"yoast-schema-graph\">{\"@context\":\"https:\\\/\\\/schema.org\",\"@graph\":[{\"@type\":\"WebPage\",\"@id\":\"https:\\\/\\\/xactskateshop.com\\\/fr\\\/produit\\\/nouvelles-bottines-bont-st-one-boa\\\/\",\"url\":\"https:\\\/\\\/xactskateshop.com\\\/fr\\\/produit\\\/nouvelles-bottines-bont-st-one-boa\\\/\",\"name\":\"Nouvelle bottines BONT ST One BOA! - Xact Skate Shop\",\"isPartOf\":{\"@id\":\"http:\\\/\\\/xactskateshop.com\\\/fr\\\/#website\"},\"primaryImageOfPage\":{\"@id\":\"https:\\\/\\\/xactskateshop.com\\\/fr\\\/produit\\\/nouvelles-bottines-bont-st-one-boa\\\/#primaryimage\"},\"image\":{\"@id\":\"https:\\\/\\\/xactskateshop.com\\\/fr\\\/produit\\\/nouvelles-bottines-bont-st-one-boa\\\/#primaryimage\"},\"thumbnailUrl\":\"https:\\\/\\\/xactskateshop.com\\\/wp-content\\\/uploads\\\/2025\\\/12\\\/ST-One-BOA-Black-Silver_1.jpg\",\"datePublished\":\"2025-12-04T21:57:08+00:00\",\"dateModified\":\"2025-12-26T23:41:26+00:00\",\"description\":\"Bottines BONT ST One BOA. Les bottines Bont ST One BOA sont con\u00e7ues pour offrir aux patineurs un maintien s\u00fbr, un soutien puissant et un confort durable.\",\"breadcrumb\":{\"@id\":\"https:\\\/\\\/xactskateshop.com\\\/fr\\\/produit\\\/nouvelles-bottines-bont-st-one-boa\\\/#breadcrumb\"},\"inLanguage\":\"fr-FR\",\"potentialAction\":[{\"@type\":\"ReadAction\",\"target\":[\"https:\\\/\\\/xactskateshop.com\\\/fr\\\/produit\\\/nouvelles-bottines-bont-st-one-boa\\\/\"]}]},{\"@type\":\"ImageObject\",\"inLanguage\":\"fr-FR\",\"@id\":\"https:\\\/\\\/xactskateshop.com\\\/fr\\\/produit\\\/nouvelles-bottines-bont-st-one-boa\\\/#primaryimage\",\"url\":\"https:\\\/\\\/xactskateshop.com\\\/wp-content\\\/uploads\\\/2025\\\/12\\\/ST-One-BOA-Black-Silver_1.jpg\",\"contentUrl\":\"https:\\\/\\\/xactskateshop.com\\\/wp-content\\\/uploads\\\/2025\\\/12\\\/ST-One-BOA-Black-Silver_1.jpg\",\"width\":1000,\"height\":1000,\"caption\":\"Bottines BONT ST One BOA\"},{\"@type\":\"BreadcrumbList\",\"@id\":\"https:\\\/\\\/xactskateshop.com\\\/fr\\\/produit\\\/nouvelles-bottines-bont-st-one-boa\\\/#breadcrumb\",\"itemListElement\":[{\"@type\":\"ListItem\",\"position\":1,\"name\":\"Home\",\"item\":\"https:\\\/\\\/xactskateshop.com\\\/fr\\\/accueil\\\/\"},{\"@type\":\"ListItem\",\"position\":2,\"name\":\"Boutique\",\"item\":\"https:\\\/\\\/xactskateshop.com\\\/shop\\\/\"},{\"@type\":\"ListItem\",\"position\":3,\"name\":\"Nouvelle bottines BONT ST One BOA!\"}]},{\"@type\":\"WebSite\",\"@id\":\"http:\\\/\\\/xactskateshop.com\\\/fr\\\/#website\",\"url\":\"http:\\\/\\\/xactskateshop.com\\\/fr\\\/\",\"name\":\"Xact Skate Shop\",\"description\":\"Un site utilisant WordPress\",\"publisher\":{\"@id\":\"http:\\\/\\\/xactskateshop.com\\\/fr\\\/#organization\"},\"potentialAction\":[{\"@type\":\"SearchAction\",\"target\":{\"@type\":\"EntryPoint\",\"urlTemplate\":\"http:\\\/\\\/xactskateshop.com\\\/fr\\\/?s={search_term_string}\"},\"query-input\":{\"@type\":\"PropertyValueSpecification\",\"valueRequired\":true,\"valueName\":\"search_term_string\"}}],\"inLanguage\":\"fr-FR\"},{\"@type\":\"Organization\",\"@id\":\"http:\\\/\\\/xactskateshop.com\\\/fr\\\/#organization\",\"name\":\"XACT Skate Shop\",\"url\":\"http:\\\/\\\/xactskateshop.com\\\/fr\\\/\",\"logo\":{\"@type\":\"ImageObject\",\"inLanguage\":\"fr-FR\",\"@id\":\"http:\\\/\\\/xactskateshop.com\\\/fr\\\/#\\\/schema\\\/logo\\\/image\\\/\",\"url\":\"http:\\\/\\\/xactskateshop.com\\\/wp-content\\\/uploads\\\/2024\\\/04\\\/xactskateshop-dot-com-avec-contour-noir-sans-fond-675x.jpg\",\"contentUrl\":\"http:\\\/\\\/xactskateshop.com\\\/wp-content\\\/uploads\\\/2024\\\/04\\\/xactskateshop-dot-com-avec-contour-noir-sans-fond-675x.jpg\",\"width\":675,\"height\":247,\"caption\":\"XACT Skate Shop\"},\"image\":{\"@id\":\"http:\\\/\\\/xactskateshop.com\\\/fr\\\/#\\\/schema\\\/logo\\\/image\\\/\"},\"sameAs\":[\"https:\\\/\\\/www.facebook.com\\\/JeanLouiskateshop\"]}]}<\/script>\n<!-- \/ Yoast SEO plugin. -->","yoast_head_json":{"title":"Nouvelle bottines BONT ST One BOA! - Xact Skate Shop","description":"Bottines BONT ST One BOA. Les bottines Bont ST One BOA sont con\u00e7ues pour offrir aux patineurs un maintien s\u00fbr, un soutien puissant et un confort durable.","robots":{"index":"index","follow":"follow","max-snippet":"max-snippet:-1","max-image-preview":"max-image-preview:large","max-video-preview":"max-video-preview:-1"},"canonical":"https:\/\/xactskateshop.com\/fr\/produit\/nouvelles-bottines-bont-st-one-boa\/","og_locale":"fr_FR","og_type":"article","og_title":"Nouvelle bottines BONT ST One BOA! - Xact Skate Shop","og_description":"Bottines BONT ST One BOA. Les bottines Bont ST One BOA sont con\u00e7ues pour offrir aux patineurs un maintien s\u00fbr, un soutien puissant et un confort durable.","og_url":"https:\/\/xactskateshop.com\/fr\/produit\/nouvelles-bottines-bont-st-one-boa\/","og_site_name":"Xact Skate Shop","article_publisher":"https:\/\/www.facebook.com\/JeanLouiskateshop","article_modified_time":"2025-12-26T23:41:26+00:00","og_image":[{"width":1000,"height":1000,"url":"https:\/\/xactskateshop.com\/wp-content\/uploads\/2025\/12\/ST-One-BOA-Black-Silver_1.jpg","type":"image\/jpeg"}],"twitter_card":"summary_large_image","twitter_misc":{"Dur\u00e9e de lecture estim\u00e9e":"3 minutes"},"schema":{"@context":"https:\/\/schema.org","@graph":[{"@type":"WebPage","@id":"https:\/\/xactskateshop.com\/fr\/produit\/nouvelles-bottines-bont-st-one-boa\/","url":"https:\/\/xactskateshop.com\/fr\/produit\/nouvelles-bottines-bont-st-one-boa\/","name":"Nouvelle bottines BONT ST One BOA! - Xact Skate Shop","isPartOf":{"@id":"http:\/\/xactskateshop.com\/fr\/#website"},"primaryImageOfPage":{"@id":"https:\/\/xactskateshop.com\/fr\/produit\/nouvelles-bottines-bont-st-one-boa\/#primaryimage"},"image":{"@id":"https:\/\/xactskateshop.com\/fr\/produit\/nouvelles-bottines-bont-st-one-boa\/#primaryimage"},"thumbnailUrl":"https:\/\/xactskateshop.com\/wp-content\/uploads\/2025\/12\/ST-One-BOA-Black-Silver_1.jpg","datePublished":"2025-12-04T21:57:08+00:00","dateModified":"2025-12-26T23:41:26+00:00","description":"Bottines BONT ST One BOA. Les bottines Bont ST One BOA sont con\u00e7ues pour offrir aux patineurs un maintien s\u00fbr, un soutien puissant et un confort durable.","breadcrumb":{"@id":"https:\/\/xactskateshop.com\/fr\/produit\/nouvelles-bottines-bont-st-one-boa\/#breadcrumb"},"inLanguage":"fr-FR","potentialAction":[{"@type":"ReadAction","target":["https:\/\/xactskateshop.com\/fr\/produit\/nouvelles-bottines-bont-st-one-boa\/"]}]},{"@type":"ImageObject","inLanguage":"fr-FR","@id":"https:\/\/xactskateshop.com\/fr\/produit\/nouvelles-bottines-bont-st-one-boa\/#primaryimage","url":"https:\/\/xactskateshop.com\/wp-content\/uploads\/2025\/12\/ST-One-BOA-Black-Silver_1.jpg","contentUrl":"https:\/\/xactskateshop.com\/wp-content\/uploads\/2025\/12\/ST-One-BOA-Black-Silver_1.jpg","width":1000,"height":1000,"caption":"Bottines BONT ST One BOA"},{"@type":"BreadcrumbList","@id":"https:\/\/xactskateshop.com\/fr\/produit\/nouvelles-bottines-bont-st-one-boa\/#breadcrumb","itemListElement":[{"@type":"ListItem","position":1,"name":"Home","item":"https:\/\/xactskateshop.com\/fr\/accueil\/"},{"@type":"ListItem","position":2,"name":"Boutique","item":"https:\/\/xactskateshop.com\/shop\/"},{"@type":"ListItem","position":3,"name":"Nouvelle bottines BONT ST One BOA!"}]},{"@type":"WebSite","@id":"http:\/\/xactskateshop.com\/fr\/#website","url":"http:\/\/xactskateshop.com\/fr\/","name":"Xact Skate Shop","description":"Un site utilisant WordPress","publisher":{"@id":"http:\/\/xactskateshop.com\/fr\/#organization"},"potentialAction":[{"@type":"SearchAction","target":{"@type":"EntryPoint","urlTemplate":"http:\/\/xactskateshop.com\/fr\/?s={search_term_string}"},"query-input":{"@type":"PropertyValueSpecification","valueRequired":true,"valueName":"search_term_string"}}],"inLanguage":"fr-FR"},{"@type":"Organization","@id":"http:\/\/xactskateshop.com\/fr\/#organization","name":"XACT Skate Shop","url":"http:\/\/xactskateshop.com\/fr\/","logo":{"@type":"ImageObject","inLanguage":"fr-FR","@id":"http:\/\/xactskateshop.com\/fr\/#\/schema\/logo\/image\/","url":"http:\/\/xactskateshop.com\/wp-content\/uploads\/2024\/04\/xactskateshop-dot-com-avec-contour-noir-sans-fond-675x.jpg","contentUrl":"http:\/\/xactskateshop.com\/wp-content\/uploads\/2024\/04\/xactskateshop-dot-com-avec-contour-noir-sans-fond-675x.jpg","width":675,"height":247,"caption":"XACT Skate Shop"},"image":{"@id":"http:\/\/xactskateshop.com\/fr\/#\/schema\/logo\/image\/"},"sameAs":["https:\/\/www.facebook.com\/JeanLouiskateshop"]}]}},"_links":{"self":[{"href":"https:\/\/xactskateshop.com\/fr\/wp-json\/wp\/v2\/product\/67112","targetHints":{"allow":["GET"]}}],"collection":[{"href":"https:\/\/xactskateshop.com\/fr\/wp-json\/wp\/v2\/product"}],"about":[{"href":"https:\/\/xactskateshop.com\/fr\/wp-json\/wp\/v2\/types\/product"}],"replies":[{"embeddable":true,"href":"https:\/\/xactskateshop.com\/fr\/wp-json\/wp\/v2\/comments?post=67112"}],"wp:featuredmedia":[{"embeddable":true,"href":"https:\/\/xactskateshop.com\/fr\/wp-json\/wp\/v2\/media\/67145"}],"wp:attachment":[{"href":"https:\/\/xactskateshop.com\/fr\/wp-json\/wp\/v2\/media?parent=67112"}],"wp:term":[{"taxonomy":"product_brand","embeddable":true,"href":"https:\/\/xactskateshop.com\/fr\/wp-json\/wp\/v2\/product_brand?post=67112"},{"taxonomy":"product_cat","embeddable":true,"href":"https:\/\/xactskateshop.com\/fr\/wp-json\/wp\/v2\/product_cat?post=67112"},{"taxonomy":"product_tag","embeddable":true,"href":"https:\/\/xactskateshop.com\/fr\/wp-json\/wp\/v2\/product_tag?post=67112"}],"curies":[{"name":"wp","href":"https:\/\/api.w.org\/{rel}","templated":true}]}}