{"id":67003,"date":"2025-12-04T16:23:01","date_gmt":"2025-12-04T21:23:01","guid":{"rendered":"https:\/\/xactskateshop.com\/?post_type=product&#038;p=67003"},"modified":"2026-03-27T12:17:40","modified_gmt":"2026-03-27T16:17:40","slug":"nouvelles-bottines-bont-st-one","status":"publish","type":"product","link":"https:\/\/xactskateshop.com\/fr\/produit\/nouvelles-bottines-bont-st-one\/","title":{"rendered":"Nouvelle bottines BONT ST One!"},"content":{"rendered":"<h2><strong>Voici la nouvelle bottine BONT ST One<\/strong><\/h2>\n<p>Les patineurs de short track sont faits pour repousser les limites. C&#8217;est cette audace qui inspire chaque d\u00e9tail des nouvelles bottines Bont ST One. En y regardant de plus pr\u00e8s, on d\u00e9couvre des lignes \u00e9pur\u00e9es, un style affirm\u00e9 et une conception sans compromis qui perp\u00e9tuent la riche tradition de Bont tout en red\u00e9finissant les standards.  <\/p>\n<p>La ST One est con\u00e7ue pour offrir des performances de niveau professionnel \u00e0 un prix accessible. Fabriqu\u00e9e en composite de carbone pos\u00e9 \u00e0 la main et selon les m\u00e9thodes de construction \u00e9prouv\u00e9es de Bont, cette chaussure offre un \u00e9quilibre parfait entre transfert de puissance, confort et contr\u00f4le. Avec une forme revisit\u00e9e, un angle de tige plus prononc\u00e9 et un rembourrage am\u00e9lior\u00e9, la ST One offre aux patineurs le maintien et l&#8217;ajustement n\u00e9cessaires pour aborder chaque virage en toute confiance.  <\/p>\n<p><span style=\"font-size: 16px; font-style: normal; font-weight: 400;\">Qu&#8217;est-ce qu&#8217;une empeigne ? <\/span><\/p>\n<p><span style=\"font-size: 16px; font-style: normal; font-weight: 400;\">Le dernier est une r\u00e9plique en plastique d&#8217;un pied autour duquel la botte est construite. <\/span>Chez Bont, nous perfectionnons nos empeignes depuis 1975 ! Et ce processus est continu. Contrairement aux empeignes standard utilis\u00e9es par de nombreuses entreprises, Bont s\u2019attache constamment \u00e0 d\u00e9velopper et \u00e0 am\u00e9liorer ses empeignes afin que vos bottines soient parfaitement ajust\u00e9es d\u00e8s le premier essayage. <\/p>\n<p style=\"font-size: 16px; font-style: normal; font-weight: 400;\">Notre mat\u00e9riau exclusif Anti-Stretch pr\u00e9sente des caract\u00e9ristiques de r\u00e9sistance similaires \u00e0 celles du Kevlar. Nous ins\u00e9rons ce mat\u00e9riau entre la couche ext\u00e9rieure et la peau, ce qui contribue \u00e0 emp\u00eacher la botte de se d\u00e9tendre. Pour garantir que le mat\u00e9riau ne bouge pas, nous le cousons \u00e0 la couche ext\u00e9rieure et le collons \u00e0 la doublure. En bref, ce mat\u00e9riau Anti-Stretch fait partie int\u00e9grante de la structure de la botte. Par cons\u00e9quent, les bottes Bont ne s&#8217;\u00e9tirent pas autant que les bottes concurrentes.<\/p>\n<h3><\/h3>\n<h3>Caract\u00e9ristiques<\/h3>\n<ul>\n<li>Base : Base en composite de carbone pos\u00e9 \u00e0 la main avec une plus grande quantit\u00e9 de carbone pour un meilleur transfert de puissance,<\/li>\n<li>Rev\u00eatement ext\u00e9rieur : Durolite pour une durabilit\u00e9 et une l\u00e9g\u00e8ret\u00e9 optimales,<\/li>\n<li>Doublure : Suede-L avec une couche de n\u00e9opr\u00e8ne de 1 mm pour un confort accru,<\/li>\n<li><strong>Semelle int\u00e9rieure :<\/strong> Cuir,<\/li>\n<li>Thermoformable : Base enti\u00e8rement thermoformable utilisant une r\u00e9sine \u00e9poxy thermodurcissable,<\/li>\n<li>Rembourrage : Mousse \u00e0 m\u00e9moire de forme haute densit\u00e9 avec support de col plus \u00e9pais,<\/li>\n<li>Options de fermeture : lacets cir\u00e9s, cache-lacets et deux sangles velcro.<\/li>\n<li>Options de largeur: Standard, \u00e9troite et large (les options \u00e9troite ou large peuvent n\u00e9cessiter un d\u00e9lai de 4 \u00e0 6 semaines pour \u00eatre obtenues).<\/li>\n<li>Montage : Taille 9C\u201313,5C 140 mm ; Taille 1\u201313,5 165 mm,<\/li>\n<li>Manchette : Manchette plus haute avec un angle modifi\u00e9 pour une meilleure agilit\u00e9 et un meilleur contr\u00f4le,<\/li>\n<li><strong>Empeigne:<\/strong> Mise \u00e0 jour pour une coupe plus pr\u00e9cise.<\/li>\n<\/ul>\n<p>&nbsp;<\/p>\n<p>Red\u00e9finissez les limites du possible sur la glace avec les bottines Bont ST One. Con\u00e7ues pour les patineurs exigeant plus de soutien, plus de confort et plus de performance \u00e0 chaque foul\u00e9e. <\/p>\n<p>Vous pouvez \u00e9galement les obtenir <a href=\"https:\/\/bont.com\/collections\/short-track-skates\/products\/short-track-one\">ici<\/a><\/p>\n","protected":false},"excerpt":{"rendered":"<hr>\n<p style=\"text-align: center;\">La Bottine ST One est con\u00e7ue pour offrir des performances de niveau professionnel \u00e0 un prix accessible. Fabriqu\u00e9e en composite de carbone pos\u00e9 \u00e0 la main et selon les m\u00e9thodes de construction \u00e9prouv\u00e9es de Bont, cette chaussure offre un \u00e9quilibre parfait entre transfert de puissance, confort et contr\u00f4le. Avec une forme revisit\u00e9e, un angle de tige plus prononc\u00e9 et un rembourrage am\u00e9lior\u00e9, la Short Track One offre aux patineurs le maintien et l&#8217;ajustement n\u00e9cessaires pour aborder chaque virage en toute confiance.  <\/p>\n<hr>\n<p style=\"text-align: center;\"><strong>****** veuillez nous contacter \u00e0 info@xactskateshop.com pour conna\u00eetre la disponibilit\u00e9 de la taille avant de passer commande******<\/strong><\/p>\n<hr>\n<p>&nbsp;<\/p>\n","protected":false},"featured_media":67036,"comment_status":"open","ping_status":"closed","template":"","meta":{"site-sidebar-layout":"default","site-content-layout":"default","ast-site-content-layout":"default","site-content-style":"default","site-sidebar-style":"default","ast-global-header-display":"","ast-banner-title-visibility":"","ast-main-header-display":"","ast-hfb-above-header-display":"","ast-hfb-below-header-display":"","ast-hfb-mobile-header-display":"","site-post-title":"","ast-breadcrumbs-content":"","ast-featured-img":"","footer-sml-layout":"","theme-transparent-header-meta":"default","adv-header-id-meta":"","stick-header-meta":"","header-above-stick-meta":"","header-main-stick-meta":"","header-below-stick-meta":"","astra-migrate-meta-layouts":"set","ast-page-background-enabled":"default","ast-page-background-meta":{"desktop":{"background-color":"","background-image":"","background-repeat":"repeat","background-position":"center center","background-size":"auto","background-attachment":"scroll","background-type":"","background-media":"","overlay-type":"","overlay-color":"","overlay-opacity":"","overlay-gradient":""},"tablet":{"background-color":"","background-image":"","background-repeat":"repeat","background-position":"center center","background-size":"auto","background-attachment":"scroll","background-type":"","background-media":"","overlay-type":"","overlay-color":"","overlay-opacity":"","overlay-gradient":""},"mobile":{"background-color":"","background-image":"","background-repeat":"repeat","background-position":"center center","background-size":"auto","background-attachment":"scroll","background-type":"","background-media":"","overlay-type":"","overlay-color":"","overlay-opacity":"","overlay-gradient":""}},"ast-content-background-meta":{"desktop":{"background-color":"var(--ast-global-color-5)","background-image":"","background-repeat":"repeat","background-position":"center center","background-size":"auto","background-attachment":"scroll","background-type":"","background-media":"","overlay-type":"","overlay-color":"","overlay-opacity":"","overlay-gradient":""},"tablet":{"background-color":"var(--ast-global-color-5)","background-image":"","background-repeat":"repeat","background-position":"center center","background-size":"auto","background-attachment":"scroll","background-type":"","background-media":"","overlay-type":"","overlay-color":"","overlay-opacity":"","overlay-gradient":""},"mobile":{"background-color":"var(--ast-global-color-5)","background-image":"","background-repeat":"repeat","background-position":"center center","background-size":"auto","background-attachment":"scroll","background-type":"","background-media":"","overlay-type":"","overlay-color":"","overlay-opacity":"","overlay-gradient":""}}},"product_brand":[],"product_cat":[1430,1354,1353],"product_tag":[1956,2061,1471,1390,1356,1945],"class_list":{"0":"post-67003","1":"product","2":"type-product","3":"status-publish","4":"has-post-thumbnail","6":"product_cat-bottines-de-patinage-de-vitesse-courte-piste","7":"product_cat-courte-piste","8":"product_cat-patinage-de-vitesse","9":"product_tag-balise-alt","10":"product_tag-bont-patriot-fr","11":"product_tag-bont-st-boots-fr","12":"product_tag-bottes-bont","13":"product_tag-courte-piste-fr","14":"product_tag-nouveau","15":"desktop-align-center","16":"tablet-align-center","17":"mobile-align-center","18":"ast-product-gallery-layout-horizontal","19":"ast-product-single-variable","20":"ast-product-tabs-layout-horizontal","21":"ast-qv-on-image","23":"first","24":"instock","25":"sale","26":"taxable","27":"shipping-taxable","28":"purchasable","29":"product-type-variable"},"bundled_by":[],"bundle_stock_status":"instock","bundle_stock_quantity":null,"bundle_virtual":false,"bundle_layout":"","bundle_add_to_cart_form_location":"","bundle_editable_in_cart":false,"bundle_sold_individually_context":"","bundle_item_grouping":"","bundle_min_size":"","bundle_max_size":"","bundle_price":[],"bundled_items":[],"bundle_sell_ids":[],"yoast_head":"<!-- This site is optimized with the Yoast SEO plugin v27.4 - https:\/\/yoast.com\/product\/yoast-seo-wordpress\/ -->\n<title>Nouvelle bottines BONT ST One! - Xact Skate Shop<\/title>\n<meta name=\"description\" content=\"Bottines BONT ST One. La ST One est con\u00e7ue pour offrir des performances de niveau professionnel \u00e0 un prix abordable.\" \/>\n<meta name=\"robots\" content=\"index, follow, max-snippet:-1, max-image-preview:large, max-video-preview:-1\" \/>\n<link rel=\"canonical\" href=\"https:\/\/xactskateshop.com\/fr\/produit\/nouvelles-bottines-bont-st-one\/\" \/>\n<meta property=\"og:locale\" content=\"fr_FR\" \/>\n<meta property=\"og:type\" content=\"article\" \/>\n<meta property=\"og:title\" content=\"Nouvelle bottines BONT ST One! - Xact Skate Shop\" \/>\n<meta property=\"og:description\" content=\"Bottines BONT ST One. La ST One est con\u00e7ue pour offrir des performances de niveau professionnel \u00e0 un prix abordable.\" \/>\n<meta property=\"og:url\" content=\"https:\/\/xactskateshop.com\/fr\/produit\/nouvelles-bottines-bont-st-one\/\" \/>\n<meta property=\"og:site_name\" content=\"Xact Skate Shop\" \/>\n<meta property=\"article:publisher\" content=\"https:\/\/www.facebook.com\/JeanLouiskateshop\" \/>\n<meta property=\"article:modified_time\" content=\"2026-03-27T16:17:40+00:00\" \/>\n<meta property=\"og:image\" content=\"https:\/\/xactskateshop.com\/wp-content\/uploads\/2025\/12\/ST-One-Gamma-Blue-White_1.jpg\" \/>\n\t<meta property=\"og:image:width\" content=\"1000\" \/>\n\t<meta property=\"og:image:height\" content=\"1000\" \/>\n\t<meta property=\"og:image:type\" content=\"image\/jpeg\" \/>\n<meta name=\"twitter:card\" content=\"summary_large_image\" \/>\n<meta name=\"twitter:label1\" content=\"Dur\u00e9e de lecture estim\u00e9e\" \/>\n\t<meta name=\"twitter:data1\" content=\"3 minutes\" \/>\n<script type=\"application\/ld+json\" class=\"yoast-schema-graph\">{\"@context\":\"https:\\\/\\\/schema.org\",\"@graph\":[{\"@type\":\"WebPage\",\"@id\":\"https:\\\/\\\/xactskateshop.com\\\/fr\\\/produit\\\/nouvelles-bottines-bont-st-one\\\/\",\"url\":\"https:\\\/\\\/xactskateshop.com\\\/fr\\\/produit\\\/nouvelles-bottines-bont-st-one\\\/\",\"name\":\"Nouvelle bottines BONT ST One! - Xact Skate Shop\",\"isPartOf\":{\"@id\":\"http:\\\/\\\/xactskateshop.com\\\/fr\\\/#website\"},\"primaryImageOfPage\":{\"@id\":\"https:\\\/\\\/xactskateshop.com\\\/fr\\\/produit\\\/nouvelles-bottines-bont-st-one\\\/#primaryimage\"},\"image\":{\"@id\":\"https:\\\/\\\/xactskateshop.com\\\/fr\\\/produit\\\/nouvelles-bottines-bont-st-one\\\/#primaryimage\"},\"thumbnailUrl\":\"https:\\\/\\\/xactskateshop.com\\\/wp-content\\\/uploads\\\/2025\\\/12\\\/ST-One-Gamma-Blue-White_1.jpg\",\"datePublished\":\"2025-12-04T21:23:01+00:00\",\"dateModified\":\"2026-03-27T16:17:40+00:00\",\"description\":\"Bottines BONT ST One. La ST One est con\u00e7ue pour offrir des performances de niveau professionnel \u00e0 un prix abordable.\",\"breadcrumb\":{\"@id\":\"https:\\\/\\\/xactskateshop.com\\\/fr\\\/produit\\\/nouvelles-bottines-bont-st-one\\\/#breadcrumb\"},\"inLanguage\":\"fr-FR\",\"potentialAction\":[{\"@type\":\"ReadAction\",\"target\":[\"https:\\\/\\\/xactskateshop.com\\\/fr\\\/produit\\\/nouvelles-bottines-bont-st-one\\\/\"]}]},{\"@type\":\"ImageObject\",\"inLanguage\":\"fr-FR\",\"@id\":\"https:\\\/\\\/xactskateshop.com\\\/fr\\\/produit\\\/nouvelles-bottines-bont-st-one\\\/#primaryimage\",\"url\":\"https:\\\/\\\/xactskateshop.com\\\/wp-content\\\/uploads\\\/2025\\\/12\\\/ST-One-Gamma-Blue-White_1.jpg\",\"contentUrl\":\"https:\\\/\\\/xactskateshop.com\\\/wp-content\\\/uploads\\\/2025\\\/12\\\/ST-One-Gamma-Blue-White_1.jpg\",\"width\":1000,\"height\":1000,\"caption\":\"Bottines BONT ST One\"},{\"@type\":\"BreadcrumbList\",\"@id\":\"https:\\\/\\\/xactskateshop.com\\\/fr\\\/produit\\\/nouvelles-bottines-bont-st-one\\\/#breadcrumb\",\"itemListElement\":[{\"@type\":\"ListItem\",\"position\":1,\"name\":\"Home\",\"item\":\"https:\\\/\\\/xactskateshop.com\\\/fr\\\/accueil\\\/\"},{\"@type\":\"ListItem\",\"position\":2,\"name\":\"Boutique\",\"item\":\"https:\\\/\\\/xactskateshop.com\\\/shop\\\/\"},{\"@type\":\"ListItem\",\"position\":3,\"name\":\"Nouvelle bottines BONT ST One!\"}]},{\"@type\":\"WebSite\",\"@id\":\"http:\\\/\\\/xactskateshop.com\\\/fr\\\/#website\",\"url\":\"http:\\\/\\\/xactskateshop.com\\\/fr\\\/\",\"name\":\"Xact Skate Shop\",\"description\":\"Un site utilisant WordPress\",\"publisher\":{\"@id\":\"http:\\\/\\\/xactskateshop.com\\\/fr\\\/#organization\"},\"potentialAction\":[{\"@type\":\"SearchAction\",\"target\":{\"@type\":\"EntryPoint\",\"urlTemplate\":\"http:\\\/\\\/xactskateshop.com\\\/fr\\\/?s={search_term_string}\"},\"query-input\":{\"@type\":\"PropertyValueSpecification\",\"valueRequired\":true,\"valueName\":\"search_term_string\"}}],\"inLanguage\":\"fr-FR\"},{\"@type\":\"Organization\",\"@id\":\"http:\\\/\\\/xactskateshop.com\\\/fr\\\/#organization\",\"name\":\"XACT Skate Shop\",\"url\":\"http:\\\/\\\/xactskateshop.com\\\/fr\\\/\",\"logo\":{\"@type\":\"ImageObject\",\"inLanguage\":\"fr-FR\",\"@id\":\"http:\\\/\\\/xactskateshop.com\\\/fr\\\/#\\\/schema\\\/logo\\\/image\\\/\",\"url\":\"http:\\\/\\\/xactskateshop.com\\\/wp-content\\\/uploads\\\/2024\\\/04\\\/xactskateshop-dot-com-avec-contour-noir-sans-fond-675x.jpg\",\"contentUrl\":\"http:\\\/\\\/xactskateshop.com\\\/wp-content\\\/uploads\\\/2024\\\/04\\\/xactskateshop-dot-com-avec-contour-noir-sans-fond-675x.jpg\",\"width\":675,\"height\":247,\"caption\":\"XACT Skate Shop\"},\"image\":{\"@id\":\"http:\\\/\\\/xactskateshop.com\\\/fr\\\/#\\\/schema\\\/logo\\\/image\\\/\"},\"sameAs\":[\"https:\\\/\\\/www.facebook.com\\\/JeanLouiskateshop\"]}]}<\/script>\n<!-- \/ Yoast SEO plugin. -->","yoast_head_json":{"title":"Nouvelle bottines BONT ST One! - Xact Skate Shop","description":"Bottines BONT ST One. La ST One est con\u00e7ue pour offrir des performances de niveau professionnel \u00e0 un prix abordable.","robots":{"index":"index","follow":"follow","max-snippet":"max-snippet:-1","max-image-preview":"max-image-preview:large","max-video-preview":"max-video-preview:-1"},"canonical":"https:\/\/xactskateshop.com\/fr\/produit\/nouvelles-bottines-bont-st-one\/","og_locale":"fr_FR","og_type":"article","og_title":"Nouvelle bottines BONT ST One! - Xact Skate Shop","og_description":"Bottines BONT ST One. La ST One est con\u00e7ue pour offrir des performances de niveau professionnel \u00e0 un prix abordable.","og_url":"https:\/\/xactskateshop.com\/fr\/produit\/nouvelles-bottines-bont-st-one\/","og_site_name":"Xact Skate Shop","article_publisher":"https:\/\/www.facebook.com\/JeanLouiskateshop","article_modified_time":"2026-03-27T16:17:40+00:00","og_image":[{"width":1000,"height":1000,"url":"https:\/\/xactskateshop.com\/wp-content\/uploads\/2025\/12\/ST-One-Gamma-Blue-White_1.jpg","type":"image\/jpeg"}],"twitter_card":"summary_large_image","twitter_misc":{"Dur\u00e9e de lecture estim\u00e9e":"3 minutes"},"schema":{"@context":"https:\/\/schema.org","@graph":[{"@type":"WebPage","@id":"https:\/\/xactskateshop.com\/fr\/produit\/nouvelles-bottines-bont-st-one\/","url":"https:\/\/xactskateshop.com\/fr\/produit\/nouvelles-bottines-bont-st-one\/","name":"Nouvelle bottines BONT ST One! - Xact Skate Shop","isPartOf":{"@id":"http:\/\/xactskateshop.com\/fr\/#website"},"primaryImageOfPage":{"@id":"https:\/\/xactskateshop.com\/fr\/produit\/nouvelles-bottines-bont-st-one\/#primaryimage"},"image":{"@id":"https:\/\/xactskateshop.com\/fr\/produit\/nouvelles-bottines-bont-st-one\/#primaryimage"},"thumbnailUrl":"https:\/\/xactskateshop.com\/wp-content\/uploads\/2025\/12\/ST-One-Gamma-Blue-White_1.jpg","datePublished":"2025-12-04T21:23:01+00:00","dateModified":"2026-03-27T16:17:40+00:00","description":"Bottines BONT ST One. La ST One est con\u00e7ue pour offrir des performances de niveau professionnel \u00e0 un prix abordable.","breadcrumb":{"@id":"https:\/\/xactskateshop.com\/fr\/produit\/nouvelles-bottines-bont-st-one\/#breadcrumb"},"inLanguage":"fr-FR","potentialAction":[{"@type":"ReadAction","target":["https:\/\/xactskateshop.com\/fr\/produit\/nouvelles-bottines-bont-st-one\/"]}]},{"@type":"ImageObject","inLanguage":"fr-FR","@id":"https:\/\/xactskateshop.com\/fr\/produit\/nouvelles-bottines-bont-st-one\/#primaryimage","url":"https:\/\/xactskateshop.com\/wp-content\/uploads\/2025\/12\/ST-One-Gamma-Blue-White_1.jpg","contentUrl":"https:\/\/xactskateshop.com\/wp-content\/uploads\/2025\/12\/ST-One-Gamma-Blue-White_1.jpg","width":1000,"height":1000,"caption":"Bottines BONT ST One"},{"@type":"BreadcrumbList","@id":"https:\/\/xactskateshop.com\/fr\/produit\/nouvelles-bottines-bont-st-one\/#breadcrumb","itemListElement":[{"@type":"ListItem","position":1,"name":"Home","item":"https:\/\/xactskateshop.com\/fr\/accueil\/"},{"@type":"ListItem","position":2,"name":"Boutique","item":"https:\/\/xactskateshop.com\/shop\/"},{"@type":"ListItem","position":3,"name":"Nouvelle bottines BONT ST One!"}]},{"@type":"WebSite","@id":"http:\/\/xactskateshop.com\/fr\/#website","url":"http:\/\/xactskateshop.com\/fr\/","name":"Xact Skate Shop","description":"Un site utilisant WordPress","publisher":{"@id":"http:\/\/xactskateshop.com\/fr\/#organization"},"potentialAction":[{"@type":"SearchAction","target":{"@type":"EntryPoint","urlTemplate":"http:\/\/xactskateshop.com\/fr\/?s={search_term_string}"},"query-input":{"@type":"PropertyValueSpecification","valueRequired":true,"valueName":"search_term_string"}}],"inLanguage":"fr-FR"},{"@type":"Organization","@id":"http:\/\/xactskateshop.com\/fr\/#organization","name":"XACT Skate Shop","url":"http:\/\/xactskateshop.com\/fr\/","logo":{"@type":"ImageObject","inLanguage":"fr-FR","@id":"http:\/\/xactskateshop.com\/fr\/#\/schema\/logo\/image\/","url":"http:\/\/xactskateshop.com\/wp-content\/uploads\/2024\/04\/xactskateshop-dot-com-avec-contour-noir-sans-fond-675x.jpg","contentUrl":"http:\/\/xactskateshop.com\/wp-content\/uploads\/2024\/04\/xactskateshop-dot-com-avec-contour-noir-sans-fond-675x.jpg","width":675,"height":247,"caption":"XACT Skate Shop"},"image":{"@id":"http:\/\/xactskateshop.com\/fr\/#\/schema\/logo\/image\/"},"sameAs":["https:\/\/www.facebook.com\/JeanLouiskateshop"]}]}},"_links":{"self":[{"href":"https:\/\/xactskateshop.com\/fr\/wp-json\/wp\/v2\/product\/67003","targetHints":{"allow":["GET"]}}],"collection":[{"href":"https:\/\/xactskateshop.com\/fr\/wp-json\/wp\/v2\/product"}],"about":[{"href":"https:\/\/xactskateshop.com\/fr\/wp-json\/wp\/v2\/types\/product"}],"replies":[{"embeddable":true,"href":"https:\/\/xactskateshop.com\/fr\/wp-json\/wp\/v2\/comments?post=67003"}],"wp:featuredmedia":[{"embeddable":true,"href":"https:\/\/xactskateshop.com\/fr\/wp-json\/wp\/v2\/media\/67036"}],"wp:attachment":[{"href":"https:\/\/xactskateshop.com\/fr\/wp-json\/wp\/v2\/media?parent=67003"}],"wp:term":[{"taxonomy":"product_brand","embeddable":true,"href":"https:\/\/xactskateshop.com\/fr\/wp-json\/wp\/v2\/product_brand?post=67003"},{"taxonomy":"product_cat","embeddable":true,"href":"https:\/\/xactskateshop.com\/fr\/wp-json\/wp\/v2\/product_cat?post=67003"},{"taxonomy":"product_tag","embeddable":true,"href":"https:\/\/xactskateshop.com\/fr\/wp-json\/wp\/v2\/product_tag?post=67003"}],"curies":[{"name":"wp","href":"https:\/\/api.w.org\/{rel}","templated":true}]}}