{"id":66835,"date":"2025-11-13T16:33:24","date_gmt":"2025-11-13T21:33:24","guid":{"rendered":"https:\/\/xactskateshop.com\/?post_type=product&#038;p=66835"},"modified":"2026-01-12T15:32:20","modified_gmt":"2026-01-12T20:32:20","slug":"outil-suppression-points-de-pression-bont-pour-bottines-de-ski","status":"publish","type":"product","link":"https:\/\/xactskateshop.com\/fr\/produit\/outil-suppression-points-de-pression-bont-pour-bottines-de-ski\/","title":{"rendered":"Outil de Suppression de Points de Pression BONT pour Bottines de Ski"},"content":{"rendered":"<div>\n<h2>Outil de Suppression de Points de Pression BONT pour Bottines de Ski<\/h2>\n<div>\n<p>Les skieurs, qu&#8217;ils soient d\u00e9butants ou exp\u00e9riment\u00e9s, connaissent bien l&#8217;inconfort des points de pression dans leurs bottes de ski. Ces zones douloureuses peuvent transformer une journ\u00e9e de ski exaltante en un v\u00e9ritable calvaire. D\u00e9couvrez l&#8217;outil de perforation pour bottes de ski, un dispositif r\u00e9volutionnaire con\u00e7u sp\u00e9cifiquement pour traiter et \u00e9liminer ces points de pression, garantissant ainsi confort et plaisir \u00e0 chaque sortie.<\/p>\n<p>&nbsp;<\/p>\n<ul>\n<li>\u00c9liminer les points de pression au talon de vos bottes de ski n&#8217;a jamais \u00e9t\u00e9 aussi simple.<\/li>\n<li>L&#8217;Outil de Suppression de Points de Pression pour bottes de ski est un syst\u00e8me novateur pour \u00e9liminer ces points de pression. Con\u00e7u avec expertise, il s&#8217;inspire de nos mod\u00e8les pr\u00e9c\u00e9dents, \u00e9labor\u00e9s depuis 1976. Bien que nous l&#8217;ayons d\u00e9j\u00e0 fourni \u00e0 certains magasins et distributeurs, c&#8217;est la premi\u00e8re fois qu&#8217;il est disponible directement pour les skieurs passionn\u00e9s et le grand public.<\/li>\n<li>Un point de pression est une zone inconfortable dans votre botte de ski. L&#8217;Outil de Suppression de Points de Pression pour bottes de ski est la solution id\u00e9ale pour \u00e9liminer ces points de pression. Il peut \u00e9galement \u00eatre utilis\u00e9 sur d&#8217;autres types de chaussures pour les terrains froids. Les bottes de ski sont souvent fabriqu\u00e9es avec des mat\u00e9riaux rigides et un rembourrage minimal entre le pied et la structure de la chaussure. Ce type de conception peut parfois causer de l&#8217;inconfort, voire des ampoules. Cet outil a \u00e9t\u00e9 con\u00e7u avec pr\u00e9cision pour manipuler et \u00e9tirer les zones douloureuses, garantissant ainsi un confort optimal dans vos bottes de ski, m\u00eame lors de longues journ\u00e9es sur les pistes.<\/li>\n<li>L&#8217;Outil de Suppression de Points de Pression pour bottes de ski permet d&#8217;\u00e9tirer facilement vos bottes afin d&#8217;\u00e9liminer les points de pression et d&#8217;assurer un confort maximal sur les pistes.<\/li>\n<\/ul>\n<p>&nbsp;<\/p>\n<h4>Une efficacit\u00e9 in\u00e9gal\u00e9e pour \u00e9liminer les points de pression<\/h4>\n<p>Pour quiconque a d\u00e9j\u00e0 souffert de douleurs persistantes au talon dans ses bottes de ski, trouver une solution est un d\u00e9fi. Ces points de pression ne sont pas seulement inconfortables ; ils peuvent g\u00e2cher l&#8217;exp\u00e9rience de ski, vous obligeant \u00e0 \u00e9courter vos s\u00e9jours et \u00e0 manquer des occasions sur les pistes. L&#8217;Outil de Suppression de Points de Pression pour bottes de ski promet de changer la donne. D&#8217;une efficacit\u00e9 in\u00e9gal\u00e9e, cet outil a \u00e9t\u00e9 con\u00e7u avec expertise pour cibler et soulager ces points de pression. Offrant un soulagement imm\u00e9diat et un confort durable.<\/p>\n<p>&nbsp;<\/p>\n<h4>Un savoir-faire ancestral<\/h4>\n<p>S&#8217;inspirant de plusieurs d\u00e9cennies d&#8217;exp\u00e9rience, la conception de l&#8217;Outil de Suppression de Points de Pression pour bottes de ski allie tradition et innovation. Ses origines remontent \u00e0 1976, date de la conception du premier prototype destin\u00e9 \u00e0 soulager l&#8217;inconfort des chaussures. Au fil des ans, des adaptations de cet outil novateur ont \u00e9t\u00e9 fournies \u00e0 une s\u00e9lection de distributeurs et de magasins. Aujourd&#8217;hui, pour la toute premi\u00e8re fois, cet outil con\u00e7u avec expertise est accessible au grand public. Permettant \u00e0 chacun de profiter de ses bienfaits.<\/p>\n<p>&nbsp;<\/p>\n<h4>Points de pression : Le coupable fr\u00e9quent<\/h4>\n<p>Les points de pression, ou zones d&#8217;inconfort prononc\u00e9 dans les chaussures, peuvent appara\u00eetre pour une multitude de raisons. De l&#8217;anatomie unique du pied \u00e0 de l\u00e9g\u00e8res irr\u00e9gularit\u00e9s de fabrication de la chaussure. Ces zones probl\u00e9matiques sont malheureusement trop fr\u00e9quentes. L&#8217;Outil de Suppression de Points de Pression pour bottes de ski se distingue comme la solution id\u00e9ale \u00e0 ces probl\u00e8mes. Con\u00e7u sp\u00e9cifiquement pour les bottes de ski, mais suffisamment polyvalent pour s&#8217;adapter \u00e0 d&#8217;autres chaussures de sports d&#8217;hiver. Cet outil est une solution multifonctionnelle pour tous ceux qui souhaitent am\u00e9liorer leur confort lors de leurs activit\u00e9s hivernales.<\/p>\n<p>&nbsp;<\/p>\n<h4>Con\u00e7u pour la durabilit\u00e9 et le confort<\/h4>\n<p>Les bottes de ski, reconnues pour leur robustesse et leur protection, sont faites de mat\u00e9riaux rigides souvent peu rembourr\u00e9s. Cette combinaison peut entra\u00eener l&#8217;apparition de points de pression. L&#8217;Outil de Suppression de Points de Pression pour bottes de ski offre une solution. Con\u00e7u avec pr\u00e9cision pour \u00e9tirer et ajuster la zone inconfortable. Ainsi, il garantit que les chaussures con\u00e7ues pour prot\u00e9ger les pieds lors du ski ne deviennent pas elles-m\u00eames une source de douleur.<\/p>\n<p>&nbsp;<\/p>\n<h4>Facile \u00e0 utiliser et efficace<\/h4>\n<p>L&#8217;un des principaux avantages de l&#8217;outil de perforation pour bottes de ski est sa simplicit\u00e9 d&#8217;utilisation. Pas besoin de connaissances techniques pour s&#8217;en servir. Sa conception intuitive permet d&#8217;agrandir ses chaussures sans effort, pour un ajustement parfait et l&#8217;\u00e9limination des points de pression douloureux.<\/p>\n<p>En conclusion, l&#8217;Outil de Suppression de Points de Pression pour bottes de ski Snow n&#8217;est pas un simple accessoire. C&#8217;est une vraie r\u00e9volution. Pendant trop longtemps, les skieurs se sont r\u00e9sign\u00e9s aux ampoules et \u00e0 l&#8217;inconfort qu&#8217;elles engendrent. D\u00e9sormais, gr\u00e2ce \u00e0 cet outil, ce n&#8217;est plus une fatalit\u00e9. Que vous soyez un skieur professionnel en pleine pr\u00e9paration d&#8217;une comp\u00e9tition ou un skieur amateur planifiant une escapade de fin de semaine, cet outil promet d&#8217;am\u00e9liorer votre exp\u00e9rience. Dites adieu aux douleurs et bonjour \u00e0 un confort in\u00e9gal\u00e9 sur les pistes. Avec l&#8217;Outil de Suppression de Points de Pression pour bottes de ski Snow, chaque sortie devient un pur plaisir. Plus qu&#8217;un simple outil, c&#8217;est la promesse d&#8217;une exp\u00e9rience de ski sans douleur.<\/p>\n<\/div>\n<\/div>\n<div>\n<div>Rip Jaw r\u00e9gulier <a href=\"https:\/\/bont.ca\/products\/skate-rip-jaws?_pos=1&amp;_sid=c641f6ae4&amp;_ss=r\">ici<\/a><\/div>\n<div>Aussi disponible sur<a href=\"https:\/\/bont.ca\/collections\/inline-skating-accessories\/products\/snow-ski-boot-punching-tool-1\">\u00a0bont.ca<\/a><\/div>\n<\/div>\n","protected":false},"excerpt":{"rendered":"<hr \/>\n<p style=\"text-align: center;\">Les skieurs, qu&#8217;ils soient d\u00e9butants ou exp\u00e9riment\u00e9s, connaissent bien l&#8217;inconfort des points de pression dans leurs bottes de ski. Ces zones douloureuses peuvent transformer une journ\u00e9e de ski exaltante en un v\u00e9ritable calvaire. D\u00e9couvrez l&#8217;outil de perforation pour bottes de ski, un dispositif r\u00e9volutionnaire con\u00e7u sp\u00e9cifiquement pour traiter et \u00e9liminer ces points de pression, garantissant ainsi confort et plaisir \u00e0 chaque sortie<\/p>\n<hr \/>\n<p>&nbsp;<\/p>\n","protected":false},"featured_media":66837,"comment_status":"closed","ping_status":"closed","template":"","meta":{"site-sidebar-layout":"default","site-content-layout":"default","ast-site-content-layout":"default","site-content-style":"default","site-sidebar-style":"default","ast-global-header-display":"","ast-banner-title-visibility":"","ast-main-header-display":"","ast-hfb-above-header-display":"","ast-hfb-below-header-display":"","ast-hfb-mobile-header-display":"","site-post-title":"","ast-breadcrumbs-content":"","ast-featured-img":"","footer-sml-layout":"","theme-transparent-header-meta":"default","adv-header-id-meta":"","stick-header-meta":"","header-above-stick-meta":"","header-main-stick-meta":"","header-below-stick-meta":"","astra-migrate-meta-layouts":"set","ast-page-background-enabled":"default","ast-page-background-meta":{"desktop":{"background-color":"","background-image":"","background-repeat":"repeat","background-position":"center center","background-size":"auto","background-attachment":"scroll","background-type":"","background-media":"","overlay-type":"","overlay-color":"","overlay-opacity":"","overlay-gradient":""},"tablet":{"background-color":"","background-image":"","background-repeat":"repeat","background-position":"center center","background-size":"auto","background-attachment":"scroll","background-type":"","background-media":"","overlay-type":"","overlay-color":"","overlay-opacity":"","overlay-gradient":""},"mobile":{"background-color":"","background-image":"","background-repeat":"repeat","background-position":"center center","background-size":"auto","background-attachment":"scroll","background-type":"","background-media":"","overlay-type":"","overlay-color":"","overlay-opacity":"","overlay-gradient":""}},"ast-content-background-meta":{"desktop":{"background-color":"var(--ast-global-color-5)","background-image":"","background-repeat":"repeat","background-position":"center center","background-size":"auto","background-attachment":"scroll","background-type":"","background-media":"","overlay-type":"","overlay-color":"","overlay-opacity":"","overlay-gradient":""},"tablet":{"background-color":"var(--ast-global-color-5)","background-image":"","background-repeat":"repeat","background-position":"center center","background-size":"auto","background-attachment":"scroll","background-type":"","background-media":"","overlay-type":"","overlay-color":"","overlay-opacity":"","overlay-gradient":""},"mobile":{"background-color":"var(--ast-global-color-5)","background-image":"","background-repeat":"repeat","background-position":"center center","background-size":"auto","background-attachment":"scroll","background-type":"","background-media":"","overlay-type":"","overlay-color":"","overlay-opacity":"","overlay-gradient":""}}},"product_brand":[],"product_cat":[1527,1433,2193,2140,1528,1589,1652,1513,1953],"product_tag":[2241,2240],"class_list":{"0":"post-66835","1":"product","2":"type-product","3":"status-publish","4":"has-post-thumbnail","6":"product_cat-accessoires-courte-piste","7":"product_cat-accessoires-et-entrainement","8":"product_cat-bottines","9":"product_cat-bottines-de-patinage-de-vitesse-a-roues-alignees","10":"product_cat-ezeefit-fr","11":"product_cat-patinage-de-vitesse-a-roues-alignees","12":"product_cat-patins-a-roulettes","13":"product_cat-sacs-et-accessoires","14":"product_cat-services-d-atelier","15":"product_tag-bonttool-fr","16":"product_tag-suppression-des-points-dacces","17":"desktop-align-center","18":"tablet-align-center","19":"mobile-align-center","20":"ast-product-gallery-layout-horizontal","21":"ast-product-tabs-layout-horizontal","22":"ast-qv-on-image","24":"first","25":"instock","26":"taxable","27":"shipping-taxable","28":"purchasable","29":"product-type-simple"},"bundled_by":[],"bundle_stock_status":"instock","bundle_stock_quantity":7,"bundle_virtual":false,"bundle_layout":"","bundle_add_to_cart_form_location":"","bundle_editable_in_cart":false,"bundle_sold_individually_context":"","bundle_item_grouping":"","bundle_min_size":"","bundle_max_size":"","bundle_price":[],"bundled_items":[],"bundle_sell_ids":[],"yoast_head":"<!-- This site is optimized with the Yoast SEO plugin v27.4 - https:\/\/yoast.com\/product\/yoast-seo-wordpress\/ -->\n<title>Outil de Suppression de Points de Pression BONT pour Bottines de Ski - Xact Skate Shop<\/title>\n<meta name=\"description\" content=\"Outil de Suppression de Points de Pression BONT pour Bottines de Ski. L&#039;outil pour chaussures de ski est un syst\u00e8me innovant pour \u00e9liminer les points de pression\" \/>\n<meta name=\"robots\" content=\"index, follow, max-snippet:-1, max-image-preview:large, max-video-preview:-1\" \/>\n<link rel=\"canonical\" href=\"https:\/\/xactskateshop.com\/fr\/produit\/outil-suppression-points-de-pression-bont-pour-bottines-de-ski\/\" \/>\n<meta property=\"og:locale\" content=\"fr_FR\" \/>\n<meta property=\"og:type\" content=\"article\" \/>\n<meta property=\"og:title\" content=\"Outil de Suppression de Points de Pression BONT pour Bottines de Ski - Xact Skate Shop\" \/>\n<meta property=\"og:description\" content=\"Outil de Suppression de Points de Pression BONT pour Bottines de Ski. L&#039;outil pour chaussures de ski est un syst\u00e8me innovant pour \u00e9liminer les points de pression\" \/>\n<meta property=\"og:url\" content=\"https:\/\/xactskateshop.com\/fr\/produit\/outil-suppression-points-de-pression-bont-pour-bottines-de-ski\/\" \/>\n<meta property=\"og:site_name\" content=\"Xact Skate Shop\" \/>\n<meta property=\"article:publisher\" content=\"https:\/\/www.facebook.com\/JeanLouiskateshop\" \/>\n<meta property=\"article:modified_time\" content=\"2026-01-12T20:32:20+00:00\" \/>\n<meta property=\"og:image\" content=\"https:\/\/xactskateshop.com\/wp-content\/uploads\/2025\/11\/snow-tool-1.jpg\" \/>\n\t<meta property=\"og:image:width\" content=\"1000\" \/>\n\t<meta property=\"og:image:height\" content=\"1000\" \/>\n\t<meta property=\"og:image:type\" content=\"image\/jpeg\" \/>\n<meta name=\"twitter:card\" content=\"summary_large_image\" \/>\n<meta name=\"twitter:label1\" content=\"Dur\u00e9e de lecture estim\u00e9e\" \/>\n\t<meta name=\"twitter:data1\" content=\"4 minutes\" \/>\n<script type=\"application\/ld+json\" class=\"yoast-schema-graph\">{\"@context\":\"https:\\\/\\\/schema.org\",\"@graph\":[{\"@type\":\"WebPage\",\"@id\":\"https:\\\/\\\/xactskateshop.com\\\/fr\\\/produit\\\/outil-suppression-points-de-pression-bont-pour-bottines-de-ski\\\/\",\"url\":\"https:\\\/\\\/xactskateshop.com\\\/fr\\\/produit\\\/outil-suppression-points-de-pression-bont-pour-bottines-de-ski\\\/\",\"name\":\"Outil de Suppression de Points de Pression BONT pour Bottines de Ski - Xact Skate Shop\",\"isPartOf\":{\"@id\":\"http:\\\/\\\/xactskateshop.com\\\/fr\\\/#website\"},\"primaryImageOfPage\":{\"@id\":\"https:\\\/\\\/xactskateshop.com\\\/fr\\\/produit\\\/outil-suppression-points-de-pression-bont-pour-bottines-de-ski\\\/#primaryimage\"},\"image\":{\"@id\":\"https:\\\/\\\/xactskateshop.com\\\/fr\\\/produit\\\/outil-suppression-points-de-pression-bont-pour-bottines-de-ski\\\/#primaryimage\"},\"thumbnailUrl\":\"https:\\\/\\\/xactskateshop.com\\\/wp-content\\\/uploads\\\/2025\\\/11\\\/snow-tool-1.jpg\",\"datePublished\":\"2025-11-13T21:33:24+00:00\",\"dateModified\":\"2026-01-12T20:32:20+00:00\",\"description\":\"Outil de Suppression de Points de Pression BONT pour Bottines de Ski. L'outil pour chaussures de ski est un syst\u00e8me innovant pour \u00e9liminer les points de pression\",\"breadcrumb\":{\"@id\":\"https:\\\/\\\/xactskateshop.com\\\/fr\\\/produit\\\/outil-suppression-points-de-pression-bont-pour-bottines-de-ski\\\/#breadcrumb\"},\"inLanguage\":\"fr-FR\",\"potentialAction\":[{\"@type\":\"ReadAction\",\"target\":[\"https:\\\/\\\/xactskateshop.com\\\/fr\\\/produit\\\/outil-suppression-points-de-pression-bont-pour-bottines-de-ski\\\/\"]}]},{\"@type\":\"ImageObject\",\"inLanguage\":\"fr-FR\",\"@id\":\"https:\\\/\\\/xactskateshop.com\\\/fr\\\/produit\\\/outil-suppression-points-de-pression-bont-pour-bottines-de-ski\\\/#primaryimage\",\"url\":\"https:\\\/\\\/xactskateshop.com\\\/wp-content\\\/uploads\\\/2025\\\/11\\\/snow-tool-1.jpg\",\"contentUrl\":\"https:\\\/\\\/xactskateshop.com\\\/wp-content\\\/uploads\\\/2025\\\/11\\\/snow-tool-1.jpg\",\"width\":1000,\"height\":1000,\"caption\":\"Outil suppression points de pression BONT pour bottines de ski\"},{\"@type\":\"BreadcrumbList\",\"@id\":\"https:\\\/\\\/xactskateshop.com\\\/fr\\\/produit\\\/outil-suppression-points-de-pression-bont-pour-bottines-de-ski\\\/#breadcrumb\",\"itemListElement\":[{\"@type\":\"ListItem\",\"position\":1,\"name\":\"Home\",\"item\":\"https:\\\/\\\/xactskateshop.com\\\/fr\\\/accueil\\\/\"},{\"@type\":\"ListItem\",\"position\":2,\"name\":\"Boutique\",\"item\":\"https:\\\/\\\/xactskateshop.com\\\/shop\\\/\"},{\"@type\":\"ListItem\",\"position\":3,\"name\":\"Outil de Suppression de Points de Pression BONT pour Bottines de Ski\"}]},{\"@type\":\"WebSite\",\"@id\":\"http:\\\/\\\/xactskateshop.com\\\/fr\\\/#website\",\"url\":\"http:\\\/\\\/xactskateshop.com\\\/fr\\\/\",\"name\":\"Xact Skate Shop\",\"description\":\"Un site utilisant WordPress\",\"publisher\":{\"@id\":\"http:\\\/\\\/xactskateshop.com\\\/fr\\\/#organization\"},\"potentialAction\":[{\"@type\":\"SearchAction\",\"target\":{\"@type\":\"EntryPoint\",\"urlTemplate\":\"http:\\\/\\\/xactskateshop.com\\\/fr\\\/?s={search_term_string}\"},\"query-input\":{\"@type\":\"PropertyValueSpecification\",\"valueRequired\":true,\"valueName\":\"search_term_string\"}}],\"inLanguage\":\"fr-FR\"},{\"@type\":\"Organization\",\"@id\":\"http:\\\/\\\/xactskateshop.com\\\/fr\\\/#organization\",\"name\":\"XACT Skate Shop\",\"url\":\"http:\\\/\\\/xactskateshop.com\\\/fr\\\/\",\"logo\":{\"@type\":\"ImageObject\",\"inLanguage\":\"fr-FR\",\"@id\":\"http:\\\/\\\/xactskateshop.com\\\/fr\\\/#\\\/schema\\\/logo\\\/image\\\/\",\"url\":\"http:\\\/\\\/xactskateshop.com\\\/wp-content\\\/uploads\\\/2024\\\/04\\\/xactskateshop-dot-com-avec-contour-noir-sans-fond-675x.jpg\",\"contentUrl\":\"http:\\\/\\\/xactskateshop.com\\\/wp-content\\\/uploads\\\/2024\\\/04\\\/xactskateshop-dot-com-avec-contour-noir-sans-fond-675x.jpg\",\"width\":675,\"height\":247,\"caption\":\"XACT Skate Shop\"},\"image\":{\"@id\":\"http:\\\/\\\/xactskateshop.com\\\/fr\\\/#\\\/schema\\\/logo\\\/image\\\/\"},\"sameAs\":[\"https:\\\/\\\/www.facebook.com\\\/JeanLouiskateshop\"]}]}<\/script>\n<!-- \/ Yoast SEO plugin. -->","yoast_head_json":{"title":"Outil de Suppression de Points de Pression BONT pour Bottines de Ski - Xact Skate Shop","description":"Outil de Suppression de Points de Pression BONT pour Bottines de Ski. L'outil pour chaussures de ski est un syst\u00e8me innovant pour \u00e9liminer les points de pression","robots":{"index":"index","follow":"follow","max-snippet":"max-snippet:-1","max-image-preview":"max-image-preview:large","max-video-preview":"max-video-preview:-1"},"canonical":"https:\/\/xactskateshop.com\/fr\/produit\/outil-suppression-points-de-pression-bont-pour-bottines-de-ski\/","og_locale":"fr_FR","og_type":"article","og_title":"Outil de Suppression de Points de Pression BONT pour Bottines de Ski - Xact Skate Shop","og_description":"Outil de Suppression de Points de Pression BONT pour Bottines de Ski. L'outil pour chaussures de ski est un syst\u00e8me innovant pour \u00e9liminer les points de pression","og_url":"https:\/\/xactskateshop.com\/fr\/produit\/outil-suppression-points-de-pression-bont-pour-bottines-de-ski\/","og_site_name":"Xact Skate Shop","article_publisher":"https:\/\/www.facebook.com\/JeanLouiskateshop","article_modified_time":"2026-01-12T20:32:20+00:00","og_image":[{"width":1000,"height":1000,"url":"https:\/\/xactskateshop.com\/wp-content\/uploads\/2025\/11\/snow-tool-1.jpg","type":"image\/jpeg"}],"twitter_card":"summary_large_image","twitter_misc":{"Dur\u00e9e de lecture estim\u00e9e":"4 minutes"},"schema":{"@context":"https:\/\/schema.org","@graph":[{"@type":"WebPage","@id":"https:\/\/xactskateshop.com\/fr\/produit\/outil-suppression-points-de-pression-bont-pour-bottines-de-ski\/","url":"https:\/\/xactskateshop.com\/fr\/produit\/outil-suppression-points-de-pression-bont-pour-bottines-de-ski\/","name":"Outil de Suppression de Points de Pression BONT pour Bottines de Ski - Xact Skate Shop","isPartOf":{"@id":"http:\/\/xactskateshop.com\/fr\/#website"},"primaryImageOfPage":{"@id":"https:\/\/xactskateshop.com\/fr\/produit\/outil-suppression-points-de-pression-bont-pour-bottines-de-ski\/#primaryimage"},"image":{"@id":"https:\/\/xactskateshop.com\/fr\/produit\/outil-suppression-points-de-pression-bont-pour-bottines-de-ski\/#primaryimage"},"thumbnailUrl":"https:\/\/xactskateshop.com\/wp-content\/uploads\/2025\/11\/snow-tool-1.jpg","datePublished":"2025-11-13T21:33:24+00:00","dateModified":"2026-01-12T20:32:20+00:00","description":"Outil de Suppression de Points de Pression BONT pour Bottines de Ski. L'outil pour chaussures de ski est un syst\u00e8me innovant pour \u00e9liminer les points de pression","breadcrumb":{"@id":"https:\/\/xactskateshop.com\/fr\/produit\/outil-suppression-points-de-pression-bont-pour-bottines-de-ski\/#breadcrumb"},"inLanguage":"fr-FR","potentialAction":[{"@type":"ReadAction","target":["https:\/\/xactskateshop.com\/fr\/produit\/outil-suppression-points-de-pression-bont-pour-bottines-de-ski\/"]}]},{"@type":"ImageObject","inLanguage":"fr-FR","@id":"https:\/\/xactskateshop.com\/fr\/produit\/outil-suppression-points-de-pression-bont-pour-bottines-de-ski\/#primaryimage","url":"https:\/\/xactskateshop.com\/wp-content\/uploads\/2025\/11\/snow-tool-1.jpg","contentUrl":"https:\/\/xactskateshop.com\/wp-content\/uploads\/2025\/11\/snow-tool-1.jpg","width":1000,"height":1000,"caption":"Outil suppression points de pression BONT pour bottines de ski"},{"@type":"BreadcrumbList","@id":"https:\/\/xactskateshop.com\/fr\/produit\/outil-suppression-points-de-pression-bont-pour-bottines-de-ski\/#breadcrumb","itemListElement":[{"@type":"ListItem","position":1,"name":"Home","item":"https:\/\/xactskateshop.com\/fr\/accueil\/"},{"@type":"ListItem","position":2,"name":"Boutique","item":"https:\/\/xactskateshop.com\/shop\/"},{"@type":"ListItem","position":3,"name":"Outil de Suppression de Points de Pression BONT pour Bottines de Ski"}]},{"@type":"WebSite","@id":"http:\/\/xactskateshop.com\/fr\/#website","url":"http:\/\/xactskateshop.com\/fr\/","name":"Xact Skate Shop","description":"Un site utilisant WordPress","publisher":{"@id":"http:\/\/xactskateshop.com\/fr\/#organization"},"potentialAction":[{"@type":"SearchAction","target":{"@type":"EntryPoint","urlTemplate":"http:\/\/xactskateshop.com\/fr\/?s={search_term_string}"},"query-input":{"@type":"PropertyValueSpecification","valueRequired":true,"valueName":"search_term_string"}}],"inLanguage":"fr-FR"},{"@type":"Organization","@id":"http:\/\/xactskateshop.com\/fr\/#organization","name":"XACT Skate Shop","url":"http:\/\/xactskateshop.com\/fr\/","logo":{"@type":"ImageObject","inLanguage":"fr-FR","@id":"http:\/\/xactskateshop.com\/fr\/#\/schema\/logo\/image\/","url":"http:\/\/xactskateshop.com\/wp-content\/uploads\/2024\/04\/xactskateshop-dot-com-avec-contour-noir-sans-fond-675x.jpg","contentUrl":"http:\/\/xactskateshop.com\/wp-content\/uploads\/2024\/04\/xactskateshop-dot-com-avec-contour-noir-sans-fond-675x.jpg","width":675,"height":247,"caption":"XACT Skate Shop"},"image":{"@id":"http:\/\/xactskateshop.com\/fr\/#\/schema\/logo\/image\/"},"sameAs":["https:\/\/www.facebook.com\/JeanLouiskateshop"]}]}},"_links":{"self":[{"href":"https:\/\/xactskateshop.com\/fr\/wp-json\/wp\/v2\/product\/66835","targetHints":{"allow":["GET"]}}],"collection":[{"href":"https:\/\/xactskateshop.com\/fr\/wp-json\/wp\/v2\/product"}],"about":[{"href":"https:\/\/xactskateshop.com\/fr\/wp-json\/wp\/v2\/types\/product"}],"replies":[{"embeddable":true,"href":"https:\/\/xactskateshop.com\/fr\/wp-json\/wp\/v2\/comments?post=66835"}],"wp:featuredmedia":[{"embeddable":true,"href":"https:\/\/xactskateshop.com\/fr\/wp-json\/wp\/v2\/media\/66837"}],"wp:attachment":[{"href":"https:\/\/xactskateshop.com\/fr\/wp-json\/wp\/v2\/media?parent=66835"}],"wp:term":[{"taxonomy":"product_brand","embeddable":true,"href":"https:\/\/xactskateshop.com\/fr\/wp-json\/wp\/v2\/product_brand?post=66835"},{"taxonomy":"product_cat","embeddable":true,"href":"https:\/\/xactskateshop.com\/fr\/wp-json\/wp\/v2\/product_cat?post=66835"},{"taxonomy":"product_tag","embeddable":true,"href":"https:\/\/xactskateshop.com\/fr\/wp-json\/wp\/v2\/product_tag?post=66835"}],"curies":[{"name":"wp","href":"https:\/\/api.w.org\/{rel}","templated":true}]}}