{"id":66723,"date":"2025-11-08T14:25:23","date_gmt":"2025-11-08T19:25:23","guid":{"rendered":"https:\/\/xactskateshop.com\/?post_type=product&#038;p=66723"},"modified":"2025-12-05T14:17:36","modified_gmt":"2025-12-05T19:17:36","slug":"bont-patriot-carbon-boa-violet-et-lilas","status":"publish","type":"product","link":"https:\/\/xactskateshop.com\/fr\/produit\/bont-patriot-carbon-boa-violet-et-lilas\/","title":{"rendered":"BONT Patriot Carbon BOA Violet et Lilas"},"content":{"rendered":"<h2>BONT Patriot Carbon BOA Violet et Lilas<\/h2>\n<p>Un prolongement naturel de votre corps; Plus rigide que la Patriot, la bottine BONT Patriot Carbon BOA offre plus de soutien aux patineurs qui cherchent \u00e0 atteindre des vitesses plus \u00e9lev\u00e9es. Ajoutez une molette Boa pour ajuster la tension de votre bottine entre les s\u00e9ries.<\/p>\n<p><span style=\"font-size: 16px; font-style: normal; font-weight: 400;\">Qu&#8217;est-ce qu&#8217;une Empeigne? Une Empeigne est une r\u00e9plique en plastique d&#8217;un pied autour duquel la bottine est construite. <\/span>Chez Bont, nous perfectionnons nos empeignes depuis 1975 ! et le processus est toujours en cours. Contrairement \u00e0 la derni\u00e8re norme utilis\u00e9e par de nombreuses entreprises, Bont se concentre continuellement sur le d\u00e9veloppement et l&#8217;am\u00e9lioration de ses Empeignes afin que vos bottines vous aillent parfaitement d\u00e8s la sortie de la bo\u00eete.<\/p>\n<p style=\"font-size: 16px; font-style: normal; font-weight: 400;\">Notre mat\u00e9riau Anti-\u00c9tirement exclusif pr\u00e9sente des caract\u00e9ristiques de r\u00e9sistance similaires \u00e0 celles du Kevlar. Nous ajoutons ce mat\u00e9riau entre la couche ext\u00e9rieure et la peau, ce qui emp\u00eache la bottine de s&#8217;\u00e9tirer.<\/p>\n<p style=\"font-size: 16px; font-style: normal; font-weight: 400;\">Pour que le mat\u00e9riau ne bouge pas, nous le cousons \u00e0 la couche ext\u00e9rieure et le collons \u00e0 la doublure. En bref, ce mat\u00e9riau Anti-\u00c9tirement fait partie int\u00e9grante de la structure de la bottine. Par cons\u00e9quent, les bottines Bont ne s&#8217;\u00e9tirent pas autant que les bottines concurrentes.<\/p>\n<h4><a style=\"font-size: 16px; font-style: normal; font-weight: 400; transition-property: all; color: #3a3a3a;\" href=\"http:\/\/xactskateshop.com\/size-chart\/\">Trouvez votre taille BONT ici<\/a><\/h4>\n<p>&nbsp;<\/p>\n<h4><strong>Sp\u00e9cifications<\/strong><\/h4>\n<ul>\n<li><strong>Base :<\/strong> Base en composite de carbone pos\u00e9e \u00e0 la main<\/li>\n<li><strong>Couche Ext\u00e9rieur :<\/strong> Microfibre<\/li>\n<li><strong>Doublure :<\/strong> Microfibre<\/li>\n<li><strong>Semelle Int\u00e9rieure :<\/strong> Cuir<\/li>\n<li><strong>Thermo-moulable :<\/strong> Base enti\u00e8rement thermo-moulable utilisant une r\u00e9sine \u00e9poxy thermodurcissable.<\/li>\n<li><strong>Rembourrage :<\/strong> Mousse m\u00e9moire haute densit\u00e9<\/li>\n<li><strong>Options de Fermeture :<\/strong> Cadran Boa + Cache-lacet<\/li>\n<li><strong>Options d&#8217;Ajustement:<\/strong> Standard, \u00c9troit, Large <strong>(les options \u00c9troit ou Large peuvent prendre jusqu&#8217;\u00e0 4-6 semaines pour \u00eatre livr\u00e9es)<\/strong><\/li>\n<\/ul>\n<h3><strong>L&#8217;avantage Boa<\/strong><\/h3>\n<ul>\n<li>Ajustement semblable \u00e0 celui d&#8217;un gant,<\/li>\n<li>Le syst\u00e8me de fermeture Boa offre un confort personnalis\u00e9 avec une fermeture r\u00e9guli\u00e8re et sans points de pression,<\/li>\n<li>\u00c0 la vol\u00e9e,<\/li>\n<li>R\u00e9glez-le facilement d&#8217;une seule main en tournant rapidement la molette Boa. Plus besoin de s&#8217;agenouiller sur la glace mouill\u00e9e,<\/li>\n<li>Fermeture puissante,<\/li>\n<li>Une fois verrouill\u00e9s, les enrouleurs et les lacets Boa restent en place. Les lacets de skate normaux s&#8217;\u00e9tirent de 7 \u00e0 10 %, ce qui explique pourquoi vous devez resserrer vos lacets,<\/li>\n<li>Durable,<\/li>\n<li>Fabriqu\u00e9s en acier inoxydable de qualit\u00e9 a\u00e9ronautique, les lacets Boa sont plus r\u00e9sistants au gramme qu&#8217;un blindage de char d&#8217;assaut,<\/li>\n<li>Micro-ajustement,<\/li>\n<li>Les molettes Boa offrent des possibilit\u00e9s de r\u00e9glage infinies,<\/li>\n<li>L\u00e9ger,<\/li>\n<li>Les fermetures Boa \u00e9vacuent l&#8217;eau et la glace, ce qui permet de gagner un poids pr\u00e9cieux,<\/li>\n<li>Rapide,<\/li>\n<li>Rapidement enfil\u00e9. Rapidement retir\u00e9. Le Boa vous permet de gagner du temps pour chausser vos patins,<\/li>\n<li>Rempla\u00e7able,<\/li>\n<li>Garantie \u00e0 vie si, dans de rares cas, il est endommag\u00e9.<\/li>\n<\/ul>\n<p>Si vous devez r\u00e9parer votre cadran Boa, veuillez consulter cette page <a href=\"https:\/\/www.boafit.com\/repair\" target=\"null\" rel=\"noopener noreferrer\">: https:\/\/www.boafit.com\/repair<\/a><\/p>\n","protected":false},"excerpt":{"rendered":"<hr \/>\n<p style=\"text-align: center;\">BONT Patriot Carbon BOA<\/p>\n<p style=\"text-align: center;\"><strong>Un prolongement naturel de votre corps<\/strong><\/p>\n<p style=\"text-align: center;\">Plus rigide que la Patriot, la bottine BONT Patriot Carbon BOA offre plus de soutien aux patineurs qui cherchent \u00e0 atteindre des vitesses plus \u00e9lev\u00e9es. Ajoutez une molette Boa pour ajuster le serrage de votre bottine entre les s\u00e9ries.<\/p>\n<hr \/>\n<p>&nbsp;<\/p>\n","protected":false},"featured_media":66743,"comment_status":"open","ping_status":"closed","template":"","meta":{"site-sidebar-layout":"default","site-content-layout":"default","ast-site-content-layout":"default","site-content-style":"default","site-sidebar-style":"default","ast-global-header-display":"","ast-banner-title-visibility":"","ast-main-header-display":"","ast-hfb-above-header-display":"","ast-hfb-below-header-display":"","ast-hfb-mobile-header-display":"","site-post-title":"","ast-breadcrumbs-content":"","ast-featured-img":"","footer-sml-layout":"","theme-transparent-header-meta":"default","adv-header-id-meta":"","stick-header-meta":"","header-above-stick-meta":"","header-main-stick-meta":"","header-below-stick-meta":"","astra-migrate-meta-layouts":"set","ast-page-background-enabled":"default","ast-page-background-meta":{"desktop":{"background-color":"","background-image":"","background-repeat":"repeat","background-position":"center center","background-size":"auto","background-attachment":"scroll","background-type":"","background-media":"","overlay-type":"","overlay-color":"","overlay-opacity":"","overlay-gradient":""},"tablet":{"background-color":"","background-image":"","background-repeat":"repeat","background-position":"center center","background-size":"auto","background-attachment":"scroll","background-type":"","background-media":"","overlay-type":"","overlay-color":"","overlay-opacity":"","overlay-gradient":""},"mobile":{"background-color":"","background-image":"","background-repeat":"repeat","background-position":"center center","background-size":"auto","background-attachment":"scroll","background-type":"","background-media":"","overlay-type":"","overlay-color":"","overlay-opacity":"","overlay-gradient":""}},"ast-content-background-meta":{"desktop":{"background-color":"var(--ast-global-color-5)","background-image":"","background-repeat":"repeat","background-position":"center center","background-size":"auto","background-attachment":"scroll","background-type":"","background-media":"","overlay-type":"","overlay-color":"","overlay-opacity":"","overlay-gradient":""},"tablet":{"background-color":"var(--ast-global-color-5)","background-image":"","background-repeat":"repeat","background-position":"center center","background-size":"auto","background-attachment":"scroll","background-type":"","background-media":"","overlay-type":"","overlay-color":"","overlay-opacity":"","overlay-gradient":""},"mobile":{"background-color":"var(--ast-global-color-5)","background-image":"","background-repeat":"repeat","background-position":"center center","background-size":"auto","background-attachment":"scroll","background-type":"","background-media":"","overlay-type":"","overlay-color":"","overlay-opacity":"","overlay-gradient":""}}},"product_brand":[],"product_cat":[1430,1354,1353],"product_tag":[1396,1390,1383,1356],"class_list":{"0":"post-66723","1":"product","2":"type-product","3":"status-publish","4":"has-post-thumbnail","6":"product_cat-bottines-de-patinage-de-vitesse-courte-piste","7":"product_cat-courte-piste","8":"product_cat-patinage-de-vitesse","9":"product_tag-bont-skates-fr","10":"product_tag-bottes-bont","11":"product_tag-bottes-courtes","12":"product_tag-courte-piste-fr","13":"desktop-align-center","14":"tablet-align-center","15":"mobile-align-center","16":"ast-product-gallery-layout-horizontal","17":"ast-product-gallery-with-no-image","18":"ast-product-single-variable","19":"ast-product-tabs-layout-horizontal","20":"ast-qv-on-image","22":"first","23":"instock","24":"sale","25":"taxable","26":"shipping-taxable","27":"purchasable","28":"product-type-variable"},"bundled_by":[],"bundle_stock_status":"instock","bundle_stock_quantity":null,"bundle_virtual":false,"bundle_layout":"","bundle_add_to_cart_form_location":"","bundle_editable_in_cart":false,"bundle_sold_individually_context":"","bundle_item_grouping":"","bundle_min_size":"","bundle_max_size":"","bundle_price":[],"bundled_items":[],"bundle_sell_ids":[],"yoast_head":"<!-- This site is optimized with the Yoast SEO plugin v27.4 - https:\/\/yoast.com\/product\/yoast-seo-wordpress\/ -->\n<title>BONT Patriot Carbon BOA Violet et Lilas - Xact Skate Shop<\/title>\n<meta name=\"description\" content=\"BONT Patriot Carbon BOA. La Patriot Carbon Boa offre plus de soutien. Ajoutez une molette Boa pour ajuster le serrage de votre bottine.\" \/>\n<meta name=\"robots\" content=\"index, follow, max-snippet:-1, max-image-preview:large, max-video-preview:-1\" \/>\n<link rel=\"canonical\" href=\"https:\/\/xactskateshop.com\/fr\/produit\/bont-patriot-carbon-boa-violet-et-lilas\/\" \/>\n<meta property=\"og:locale\" content=\"fr_FR\" \/>\n<meta property=\"og:type\" content=\"article\" \/>\n<meta property=\"og:title\" content=\"BONT Patriot Carbon BOA Violet et Lilas - Xact Skate Shop\" \/>\n<meta property=\"og:description\" content=\"BONT Patriot Carbon BOA. La Patriot Carbon Boa offre plus de soutien. Ajoutez une molette Boa pour ajuster le serrage de votre bottine.\" \/>\n<meta property=\"og:url\" content=\"https:\/\/xactskateshop.com\/fr\/produit\/bont-patriot-carbon-boa-violet-et-lilas\/\" \/>\n<meta property=\"og:site_name\" content=\"Xact Skate Shop\" \/>\n<meta property=\"article:publisher\" content=\"https:\/\/www.facebook.com\/JeanLouiskateshop\" \/>\n<meta property=\"article:modified_time\" content=\"2025-12-05T19:17:36+00:00\" \/>\n<meta property=\"og:image\" content=\"https:\/\/xactskateshop.com\/wp-content\/uploads\/2025\/11\/ST-Patriot-C-BOA-V2-purple.png\" \/>\n\t<meta property=\"og:image:width\" content=\"1000\" \/>\n\t<meta property=\"og:image:height\" content=\"1000\" \/>\n\t<meta property=\"og:image:type\" content=\"image\/png\" \/>\n<meta name=\"twitter:card\" content=\"summary_large_image\" \/>\n<meta name=\"twitter:label1\" content=\"Dur\u00e9e de lecture estim\u00e9e\" \/>\n\t<meta name=\"twitter:data1\" content=\"3 minutes\" \/>\n<script type=\"application\/ld+json\" class=\"yoast-schema-graph\">{\"@context\":\"https:\\\/\\\/schema.org\",\"@graph\":[{\"@type\":\"WebPage\",\"@id\":\"https:\\\/\\\/xactskateshop.com\\\/fr\\\/produit\\\/bont-patriot-carbon-boa-violet-et-lilas\\\/\",\"url\":\"https:\\\/\\\/xactskateshop.com\\\/fr\\\/produit\\\/bont-patriot-carbon-boa-violet-et-lilas\\\/\",\"name\":\"BONT Patriot Carbon BOA Violet et Lilas - Xact Skate Shop\",\"isPartOf\":{\"@id\":\"http:\\\/\\\/xactskateshop.com\\\/fr\\\/#website\"},\"primaryImageOfPage\":{\"@id\":\"https:\\\/\\\/xactskateshop.com\\\/fr\\\/produit\\\/bont-patriot-carbon-boa-violet-et-lilas\\\/#primaryimage\"},\"image\":{\"@id\":\"https:\\\/\\\/xactskateshop.com\\\/fr\\\/produit\\\/bont-patriot-carbon-boa-violet-et-lilas\\\/#primaryimage\"},\"thumbnailUrl\":\"https:\\\/\\\/xactskateshop.com\\\/wp-content\\\/uploads\\\/2025\\\/11\\\/ST-Patriot-C-BOA-V2-purple.png\",\"datePublished\":\"2025-11-08T19:25:23+00:00\",\"dateModified\":\"2025-12-05T19:17:36+00:00\",\"description\":\"BONT Patriot Carbon BOA. La Patriot Carbon Boa offre plus de soutien. Ajoutez une molette Boa pour ajuster le serrage de votre bottine.\",\"breadcrumb\":{\"@id\":\"https:\\\/\\\/xactskateshop.com\\\/fr\\\/produit\\\/bont-patriot-carbon-boa-violet-et-lilas\\\/#breadcrumb\"},\"inLanguage\":\"fr-FR\",\"potentialAction\":[{\"@type\":\"ReadAction\",\"target\":[\"https:\\\/\\\/xactskateshop.com\\\/fr\\\/produit\\\/bont-patriot-carbon-boa-violet-et-lilas\\\/\"]}]},{\"@type\":\"ImageObject\",\"inLanguage\":\"fr-FR\",\"@id\":\"https:\\\/\\\/xactskateshop.com\\\/fr\\\/produit\\\/bont-patriot-carbon-boa-violet-et-lilas\\\/#primaryimage\",\"url\":\"https:\\\/\\\/xactskateshop.com\\\/wp-content\\\/uploads\\\/2025\\\/11\\\/ST-Patriot-C-BOA-V2-purple.png\",\"contentUrl\":\"https:\\\/\\\/xactskateshop.com\\\/wp-content\\\/uploads\\\/2025\\\/11\\\/ST-Patriot-C-BOA-V2-purple.png\",\"width\":1000,\"height\":1000,\"caption\":\"Patriot Carbon boa boots\"},{\"@type\":\"BreadcrumbList\",\"@id\":\"https:\\\/\\\/xactskateshop.com\\\/fr\\\/produit\\\/bont-patriot-carbon-boa-violet-et-lilas\\\/#breadcrumb\",\"itemListElement\":[{\"@type\":\"ListItem\",\"position\":1,\"name\":\"Home\",\"item\":\"https:\\\/\\\/xactskateshop.com\\\/fr\\\/accueil\\\/\"},{\"@type\":\"ListItem\",\"position\":2,\"name\":\"Boutique\",\"item\":\"https:\\\/\\\/xactskateshop.com\\\/shop\\\/\"},{\"@type\":\"ListItem\",\"position\":3,\"name\":\"BONT Patriot Carbon BOA Violet et Lilas\"}]},{\"@type\":\"WebSite\",\"@id\":\"http:\\\/\\\/xactskateshop.com\\\/fr\\\/#website\",\"url\":\"http:\\\/\\\/xactskateshop.com\\\/fr\\\/\",\"name\":\"Xact Skate Shop\",\"description\":\"Un site utilisant WordPress\",\"publisher\":{\"@id\":\"http:\\\/\\\/xactskateshop.com\\\/fr\\\/#organization\"},\"potentialAction\":[{\"@type\":\"SearchAction\",\"target\":{\"@type\":\"EntryPoint\",\"urlTemplate\":\"http:\\\/\\\/xactskateshop.com\\\/fr\\\/?s={search_term_string}\"},\"query-input\":{\"@type\":\"PropertyValueSpecification\",\"valueRequired\":true,\"valueName\":\"search_term_string\"}}],\"inLanguage\":\"fr-FR\"},{\"@type\":\"Organization\",\"@id\":\"http:\\\/\\\/xactskateshop.com\\\/fr\\\/#organization\",\"name\":\"XACT Skate Shop\",\"url\":\"http:\\\/\\\/xactskateshop.com\\\/fr\\\/\",\"logo\":{\"@type\":\"ImageObject\",\"inLanguage\":\"fr-FR\",\"@id\":\"http:\\\/\\\/xactskateshop.com\\\/fr\\\/#\\\/schema\\\/logo\\\/image\\\/\",\"url\":\"http:\\\/\\\/xactskateshop.com\\\/wp-content\\\/uploads\\\/2024\\\/04\\\/xactskateshop-dot-com-avec-contour-noir-sans-fond-675x.jpg\",\"contentUrl\":\"http:\\\/\\\/xactskateshop.com\\\/wp-content\\\/uploads\\\/2024\\\/04\\\/xactskateshop-dot-com-avec-contour-noir-sans-fond-675x.jpg\",\"width\":675,\"height\":247,\"caption\":\"XACT Skate Shop\"},\"image\":{\"@id\":\"http:\\\/\\\/xactskateshop.com\\\/fr\\\/#\\\/schema\\\/logo\\\/image\\\/\"},\"sameAs\":[\"https:\\\/\\\/www.facebook.com\\\/JeanLouiskateshop\"]}]}<\/script>\n<!-- \/ Yoast SEO plugin. -->","yoast_head_json":{"title":"BONT Patriot Carbon BOA Violet et Lilas - Xact Skate Shop","description":"BONT Patriot Carbon BOA. La Patriot Carbon Boa offre plus de soutien. Ajoutez une molette Boa pour ajuster le serrage de votre bottine.","robots":{"index":"index","follow":"follow","max-snippet":"max-snippet:-1","max-image-preview":"max-image-preview:large","max-video-preview":"max-video-preview:-1"},"canonical":"https:\/\/xactskateshop.com\/fr\/produit\/bont-patriot-carbon-boa-violet-et-lilas\/","og_locale":"fr_FR","og_type":"article","og_title":"BONT Patriot Carbon BOA Violet et Lilas - Xact Skate Shop","og_description":"BONT Patriot Carbon BOA. La Patriot Carbon Boa offre plus de soutien. Ajoutez une molette Boa pour ajuster le serrage de votre bottine.","og_url":"https:\/\/xactskateshop.com\/fr\/produit\/bont-patriot-carbon-boa-violet-et-lilas\/","og_site_name":"Xact Skate Shop","article_publisher":"https:\/\/www.facebook.com\/JeanLouiskateshop","article_modified_time":"2025-12-05T19:17:36+00:00","og_image":[{"width":1000,"height":1000,"url":"https:\/\/xactskateshop.com\/wp-content\/uploads\/2025\/11\/ST-Patriot-C-BOA-V2-purple.png","type":"image\/png"}],"twitter_card":"summary_large_image","twitter_misc":{"Dur\u00e9e de lecture estim\u00e9e":"3 minutes"},"schema":{"@context":"https:\/\/schema.org","@graph":[{"@type":"WebPage","@id":"https:\/\/xactskateshop.com\/fr\/produit\/bont-patriot-carbon-boa-violet-et-lilas\/","url":"https:\/\/xactskateshop.com\/fr\/produit\/bont-patriot-carbon-boa-violet-et-lilas\/","name":"BONT Patriot Carbon BOA Violet et Lilas - Xact Skate Shop","isPartOf":{"@id":"http:\/\/xactskateshop.com\/fr\/#website"},"primaryImageOfPage":{"@id":"https:\/\/xactskateshop.com\/fr\/produit\/bont-patriot-carbon-boa-violet-et-lilas\/#primaryimage"},"image":{"@id":"https:\/\/xactskateshop.com\/fr\/produit\/bont-patriot-carbon-boa-violet-et-lilas\/#primaryimage"},"thumbnailUrl":"https:\/\/xactskateshop.com\/wp-content\/uploads\/2025\/11\/ST-Patriot-C-BOA-V2-purple.png","datePublished":"2025-11-08T19:25:23+00:00","dateModified":"2025-12-05T19:17:36+00:00","description":"BONT Patriot Carbon BOA. La Patriot Carbon Boa offre plus de soutien. Ajoutez une molette Boa pour ajuster le serrage de votre bottine.","breadcrumb":{"@id":"https:\/\/xactskateshop.com\/fr\/produit\/bont-patriot-carbon-boa-violet-et-lilas\/#breadcrumb"},"inLanguage":"fr-FR","potentialAction":[{"@type":"ReadAction","target":["https:\/\/xactskateshop.com\/fr\/produit\/bont-patriot-carbon-boa-violet-et-lilas\/"]}]},{"@type":"ImageObject","inLanguage":"fr-FR","@id":"https:\/\/xactskateshop.com\/fr\/produit\/bont-patriot-carbon-boa-violet-et-lilas\/#primaryimage","url":"https:\/\/xactskateshop.com\/wp-content\/uploads\/2025\/11\/ST-Patriot-C-BOA-V2-purple.png","contentUrl":"https:\/\/xactskateshop.com\/wp-content\/uploads\/2025\/11\/ST-Patriot-C-BOA-V2-purple.png","width":1000,"height":1000,"caption":"Patriot Carbon boa boots"},{"@type":"BreadcrumbList","@id":"https:\/\/xactskateshop.com\/fr\/produit\/bont-patriot-carbon-boa-violet-et-lilas\/#breadcrumb","itemListElement":[{"@type":"ListItem","position":1,"name":"Home","item":"https:\/\/xactskateshop.com\/fr\/accueil\/"},{"@type":"ListItem","position":2,"name":"Boutique","item":"https:\/\/xactskateshop.com\/shop\/"},{"@type":"ListItem","position":3,"name":"BONT Patriot Carbon BOA Violet et Lilas"}]},{"@type":"WebSite","@id":"http:\/\/xactskateshop.com\/fr\/#website","url":"http:\/\/xactskateshop.com\/fr\/","name":"Xact Skate Shop","description":"Un site utilisant WordPress","publisher":{"@id":"http:\/\/xactskateshop.com\/fr\/#organization"},"potentialAction":[{"@type":"SearchAction","target":{"@type":"EntryPoint","urlTemplate":"http:\/\/xactskateshop.com\/fr\/?s={search_term_string}"},"query-input":{"@type":"PropertyValueSpecification","valueRequired":true,"valueName":"search_term_string"}}],"inLanguage":"fr-FR"},{"@type":"Organization","@id":"http:\/\/xactskateshop.com\/fr\/#organization","name":"XACT Skate Shop","url":"http:\/\/xactskateshop.com\/fr\/","logo":{"@type":"ImageObject","inLanguage":"fr-FR","@id":"http:\/\/xactskateshop.com\/fr\/#\/schema\/logo\/image\/","url":"http:\/\/xactskateshop.com\/wp-content\/uploads\/2024\/04\/xactskateshop-dot-com-avec-contour-noir-sans-fond-675x.jpg","contentUrl":"http:\/\/xactskateshop.com\/wp-content\/uploads\/2024\/04\/xactskateshop-dot-com-avec-contour-noir-sans-fond-675x.jpg","width":675,"height":247,"caption":"XACT Skate Shop"},"image":{"@id":"http:\/\/xactskateshop.com\/fr\/#\/schema\/logo\/image\/"},"sameAs":["https:\/\/www.facebook.com\/JeanLouiskateshop"]}]}},"_links":{"self":[{"href":"https:\/\/xactskateshop.com\/fr\/wp-json\/wp\/v2\/product\/66723","targetHints":{"allow":["GET"]}}],"collection":[{"href":"https:\/\/xactskateshop.com\/fr\/wp-json\/wp\/v2\/product"}],"about":[{"href":"https:\/\/xactskateshop.com\/fr\/wp-json\/wp\/v2\/types\/product"}],"replies":[{"embeddable":true,"href":"https:\/\/xactskateshop.com\/fr\/wp-json\/wp\/v2\/comments?post=66723"}],"wp:featuredmedia":[{"embeddable":true,"href":"https:\/\/xactskateshop.com\/fr\/wp-json\/wp\/v2\/media\/66743"}],"wp:attachment":[{"href":"https:\/\/xactskateshop.com\/fr\/wp-json\/wp\/v2\/media?parent=66723"}],"wp:term":[{"taxonomy":"product_brand","embeddable":true,"href":"https:\/\/xactskateshop.com\/fr\/wp-json\/wp\/v2\/product_brand?post=66723"},{"taxonomy":"product_cat","embeddable":true,"href":"https:\/\/xactskateshop.com\/fr\/wp-json\/wp\/v2\/product_cat?post=66723"},{"taxonomy":"product_tag","embeddable":true,"href":"https:\/\/xactskateshop.com\/fr\/wp-json\/wp\/v2\/product_tag?post=66723"}],"curies":[{"name":"wp","href":"https:\/\/api.w.org\/{rel}","templated":true}]}}