{"id":66629,"date":"2025-10-21T17:01:56","date_gmt":"2025-10-21T21:01:56","guid":{"rendered":"https:\/\/xactskateshop.com\/?post_type=product&#038;p=66629"},"modified":"2026-01-14T11:10:43","modified_gmt":"2026-01-14T16:10:43","slug":"combinaison-anti-laceration-junior-de-niveau-6-apogee","status":"publish","type":"product","link":"https:\/\/xactskateshop.com\/fr\/produit\/combinaison-anti-laceration-junior-de-niveau-6-apogee\/","title":{"rendered":"Combinaison Anti-Lac\u00e9ration JUNIOR de Niveau 6 APOGEE"},"content":{"rendered":"<div id=\"product-content\" class=\"product-content general-content content-col mobile-popup\" data-popup=\"product-content\">\n<div class=\"popup-inner\">\n<div id=\"product-content\" class=\"product-content general-content content-col mobile-popup\" data-popup=\"product-content\">\n<h2>Combinaison Anti-Lac\u00e9ration JUNIOR de Niveau 6 APOGEE<\/h2>\n<p>La combinaison int\u00e9grale anti-lac\u00e9rations Apogee est con\u00e7ue pour un usage unisexe et est fabriqu\u00e9e \u00e0 partir du mat\u00e9riau exclusif Dynamix Diamond, qui offre une r\u00e9sistance exceptionnelle aux coupures.<\/p>\n<h3><\/h3>\n<h3>Voici quelques caract\u00e9ristiques cl\u00e9s<\/h3>\n<ul>\n<li>\n<div class=\"list-item__content\"><strong>Mat\u00e9riau :<\/strong> Le Dynamix Diamond, exclusivit\u00e9 Apogee, garantit durabilit\u00e9 et s\u00e9curit\u00e9,<\/div>\n<\/li>\n<li>\n<div class=\"list-item__content\"><strong>R\u00e9sistance aux Coupures :<\/strong> Test\u00e9e pour respecter et d\u00e9passer les normes ISU, avec un niveau de r\u00e9sistance aux coupure 6 selon le test EN-388, ce qui en fait l&#8217;une des meilleures options disponibles sur le march\u00e9,<\/div>\n<\/li>\n<li>\n<div class=\"list-item__content\"><strong>Fermeture :<\/strong> Comporte une fermeture \u00e9clair avec un syst\u00e8me de verrouillage automatique YKK pour plus de s\u00e9curit\u00e9,<\/div>\n<\/li>\n<li>\n<div class=\"list-item__content\"><strong>Tests :<\/strong> Chaque rouleau de mat\u00e9riau est test\u00e9 avant utilisation afin de garantir sa qualit\u00e9 et sa s\u00e9curit\u00e9,<\/div>\n<\/li>\n<li>\n<div class=\"list-item__content\"><strong>Production :<\/strong> Fabriqu\u00e9e au Canada, avec un souci constant de la qualit\u00e9 et du savoir-faire.<\/div>\n<\/li>\n<\/ul>\n<h5 style=\"font-style: normal; text-align: center;\"><span style=\"color: #ff0000;\">********\u00a0<strong style=\"font-size: 19.2px;\">CLAUSE DE NON-RESPONSABILIT\u00c9********<\/strong><\/span><\/h5>\n<p style=\"font-size: 16px; font-style: normal; font-weight: 400; text-align: center;\"><span style=\"color: #ff0000;\">Aucun tissu ne peut \u00eatre \u00e0 l&#8217;\u00e9preuve des coupures &#8211; le niveau de r\u00e9sistance est l&#8217;indicateur de la r\u00e9sistance du tissu. Cette combinaison r\u00e9duira le risque de coupure, mais ne sera pas totalement \u00e0 l&#8217;\u00e9preuve des coupures.<\/span><\/p>\n<h4 class=\"list-item__content\"><strong style=\"font-size: 16px; font-style: normal;\">GUIDE DE TAILLE<\/strong><\/h4>\n<table style=\"height: 202px;\" width=\"1018\">\n<tbody style=\"font-size: 16px;\">\n<tr style=\"font-size: 16px;\">\n<td style=\"font-size: 16px;\" width=\"105\">\n<p style=\"text-align: center;\">TAILLE DE LA COMBINAISON<\/p>\n<\/td>\n<td style=\"text-align: center;\" width=\"105\">\n<p style=\"font-size: 16px;\">6 ans<\/p>\n<\/td>\n<td style=\"text-align: center;\" width=\"105\">\n<p style=\"font-size: 16px;\">8 ans<\/p>\n<\/td>\n<td style=\"text-align: center;\" width=\"105\">\n<p style=\"font-size: 16px;\">10 ans<\/p>\n<\/td>\n<td style=\"text-align: center;\" width=\"105\">\n<p style=\"font-size: 16px;\">12 ans<\/p>\n<\/td>\n<td style=\"text-align: center;\" width=\"105\">\n<p style=\"font-size: 16px;\">14 ans<\/p>\n<\/td>\n<td style=\"text-align: center;\" width=\"105\">\n<p style=\"font-size: 16px;\">16 ans<\/p>\n<\/td>\n<\/tr>\n<tr style=\"font-size: 16px;\">\n<td style=\"font-size: 16px;\" width=\"105\">\n<p style=\"text-align: center;\">CM<\/p>\n<\/td>\n<td style=\"text-align: center;\" width=\"105\">\n<p style=\"font-size: 16px;\">117 \u2013 119<\/p>\n<\/td>\n<td style=\"text-align: center;\" width=\"105\">\n<p style=\"font-size: 16px;\">119 \u2013 124<\/p>\n<\/td>\n<td style=\"text-align: center;\" width=\"105\">\n<p style=\"font-size: 16px;\">124 \u2013 134<\/p>\n<\/td>\n<td style=\"text-align: center;\" width=\"105\">\n<p style=\"font-size: 16px;\">134 \u2013 145<\/p>\n<\/td>\n<td style=\"text-align: center;\" width=\"105\">\n<p style=\"font-size: 16px;\">145 \u2013 152<\/p>\n<\/td>\n<td style=\"font-size: 16px;\" width=\"105\">\n<p style=\"text-align: center;\">152 \u2013 160<\/p>\n<\/td>\n<\/tr>\n<tr style=\"font-size: 16px;\">\n<td style=\"text-align: center;\" width=\"105\">\n<p style=\"font-size: 16px;\">POUCES<\/p>\n<\/td>\n<td style=\"text-align: center;\" width=\"105\">\n<p style=\"font-size: 16px;\">46 \u2013 47<\/p>\n<\/td>\n<td style=\"text-align: center;\" width=\"105\">\n<p style=\"font-size: 16px;\">47 \u2013 49<\/p>\n<\/td>\n<td style=\"text-align: center;\" width=\"105\">\n<p style=\"font-size: 16px;\">49 \u2013 53<\/p>\n<\/td>\n<td style=\"text-align: center;\" width=\"105\">\n<p style=\"font-size: 16px;\">53 \u2013 57<\/p>\n<\/td>\n<td style=\"text-align: center;\" width=\"105\">\n<p style=\"font-size: 16px;\">57 \u2013 60<\/p>\n<\/td>\n<td style=\"font-size: 16px;\" width=\"105\">\n<p style=\"text-align: center;\">60 &#8211; 63<\/p>\n<p style=\"font-size: 16px;\">\n<\/td>\n<\/tr>\n<\/tbody>\n<\/table>\n<p>&nbsp;<\/p>\n<p>Cette combinaison est id\u00e9ale pour ceux qui ont besoin d&#8217;une protection fiable sans compromettre le confort ni la mobilit\u00e9.<\/p>\n<div class=\"description\">\n<p>&nbsp;<\/p>\n<h3>Histoire<\/h3>\n<p>Apogee Sports est une entreprise canadienne qui se consacre \u00e0 la production de v\u00eatements et d&#8217;accessoires personnalis\u00e9s pour les \u00e9quipes et les organisations sportives \u00e0 tous les niveaux, des clubs locaux aux champions olympiques. <span class=\"\">Depuis sa cr\u00e9ation en 1998, Apogee est un acteur cl\u00e9 dans la communaut\u00e9 du cyclisme, de la course \u00e0 pied, du triathlon, du cano\u00eb-kayak, du ski de fond, du ski alpin et du patinage de vitesse au Canada et dans le monde. monde.<\/span><span style=\"font-size: 16px;\">Apogee Sports se concentre sur l&#8217;innovation, la qualit\u00e9 et la collaboration pour rester un leader dans l&#8217;industrie. La volont\u00e9 de concevoir des \u00e9quipements adapt\u00e9s et s\u00fbrs pour les athl\u00e8tes est louable, car elle donne la priorit\u00e9 \u00e0 la s\u00e9curit\u00e9 pour les aider \u00e0 atteindre leurs objectifs sportifs.<\/span><\/p>\n<p>&nbsp;<\/p>\n<h3>Mission<\/h3>\n<p>Promouvoir l&#8217;importance du sport et du bien-\u00eatre est notre mission. La pratique d&#8217;un sport et le maintien d&#8217;un mode de vie sain pr\u00e9sentent de nombreux avantages, tant sur le plan physique que mental. En mettant l&#8217;accent sur ces aspects, Apogee Sports ne se contente pas de fournir des v\u00eatements de haute qualit\u00e9, mais encourage \u00e9galement les individus \u00e0 pratiquer des activit\u00e9s physiques qui contribuent \u00e0 leur bien-\u00eatre g\u00e9n\u00e9ral.<\/p>\n<p>Continuant \u00e0 travailler en \u00e9troite collaboration avec les athl\u00e8tes d&#8217;\u00e9lite, nous nous assurons que nos produits r\u00e9pondent aux besoins et aux exigences de ceux qui en d\u00e9pendent. En tenant compte de leurs commentaires et en les impliquant dans le processus de d\u00e9veloppement, Apogee Sports peut cr\u00e9er des solutions qui soutiennent r\u00e9ellement leurs performances et am\u00e9liorent leurs efforts sportifs.<\/p>\n<p>&nbsp;<\/p>\n<h3>Engagement<\/h3>\n<p>Dans l&#8217;ensemble, l&#8217;engagement de votre entreprise \u00e0 fournir des produits innovants et de haute qualit\u00e9 tout en donnant la priorit\u00e9 \u00e0 la s\u00e9curit\u00e9 et \u00e0 la r\u00e9ussite des athl\u00e8tes t\u00e9moigne d&#8217;une forte volont\u00e9 d&#8217;excellence et de satisfaction du client.<\/p>\n<p>&nbsp;<\/p>\n<p>Pour en savoir plus sur Apogee <a href=\"https:\/\/apogee-sports.com\/pages\/nous-sommes-apogee\">, cliquez ici !<\/a><\/p>\n<p>Trouvez d&#8217;autres produits r\u00e9sistants aux coupures <a href=\"http:\/\/xactskateshop.com\/product\/double-layer-cut-resistant-ankle-cuff-cut-resistant-ankle-cuffs-double-layer\/\">ici !<\/a><\/p>\n<\/div>\n<\/div>\n<p>&nbsp;<\/p>\n<\/div>\n<\/div>\n","protected":false},"excerpt":{"rendered":"<hr \/>\n<p style=\"text-align: center;\">Combinaison anti lac\u00e9rations Apogee Junior<\/p>\n<p style=\"text-align: center;\">Unisexe &#8211; Mat\u00e9riau Dynamix exclusif \u00e0 Apogee<\/p>\n<p style=\"text-align: center;\">Fermeture \u00e0 glissi\u00e8re auto-lock YKK<\/p>\n<p style=\"text-align: center;\">Test\u00e9 pour r\u00e9pondre et d\u00e9passer les normes ISU &#8211; EN 388 niveau de coupe 6, le meilleur du march\u00e9 !<\/p>\n<p style=\"text-align: center;\">Fabriqu\u00e9 au Canada &#8211; Plus \u00e9lastique, plus confortable, tr\u00e8s bien ajust\u00e9 !<\/p>\n<hr \/>\n<p style=\"text-align: center;\">\n","protected":false},"featured_media":66615,"comment_status":"open","ping_status":"closed","template":"","meta":{"site-sidebar-layout":"default","site-content-layout":"default","ast-site-content-layout":"default","site-content-style":"default","site-sidebar-style":"default","ast-global-header-display":"","ast-banner-title-visibility":"","ast-main-header-display":"","ast-hfb-above-header-display":"","ast-hfb-below-header-display":"","ast-hfb-mobile-header-display":"","site-post-title":"","ast-breadcrumbs-content":"","ast-featured-img":"","footer-sml-layout":"","theme-transparent-header-meta":"default","adv-header-id-meta":"","stick-header-meta":"","header-above-stick-meta":"","header-main-stick-meta":"","header-below-stick-meta":"","astra-migrate-meta-layouts":"set","ast-page-background-enabled":"default","ast-page-background-meta":{"desktop":{"background-color":"","background-image":"","background-repeat":"repeat","background-position":"center center","background-size":"auto","background-attachment":"scroll","background-type":"","background-media":"","overlay-type":"","overlay-color":"","overlay-opacity":"","overlay-gradient":""},"tablet":{"background-color":"","background-image":"","background-repeat":"repeat","background-position":"center center","background-size":"auto","background-attachment":"scroll","background-type":"","background-media":"","overlay-type":"","overlay-color":"","overlay-opacity":"","overlay-gradient":""},"mobile":{"background-color":"","background-image":"","background-repeat":"repeat","background-position":"center center","background-size":"auto","background-attachment":"scroll","background-type":"","background-media":"","overlay-type":"","overlay-color":"","overlay-opacity":"","overlay-gradient":""}},"ast-content-background-meta":{"desktop":{"background-color":"var(--ast-global-color-5)","background-image":"","background-repeat":"repeat","background-position":"center center","background-size":"auto","background-attachment":"scroll","background-type":"","background-media":"","overlay-type":"","overlay-color":"","overlay-opacity":"","overlay-gradient":""},"tablet":{"background-color":"var(--ast-global-color-5)","background-image":"","background-repeat":"repeat","background-position":"center center","background-size":"auto","background-attachment":"scroll","background-type":"","background-media":"","overlay-type":"","overlay-color":"","overlay-opacity":"","overlay-gradient":""},"mobile":{"background-color":"var(--ast-global-color-5)","background-image":"","background-repeat":"repeat","background-position":"center center","background-size":"auto","background-attachment":"scroll","background-type":"","background-media":"","overlay-type":"","overlay-color":"","overlay-opacity":"","overlay-gradient":""}}},"product_brand":[],"product_cat":[1642,1612,1353],"product_tag":[1972,1385,2192,2203,2194,1971,2199,1394,1356,1395],"class_list":{"0":"post-66629","1":"product","2":"type-product","3":"status-publish","4":"has-post-thumbnail","6":"product_cat-combinaisons-anti-lacerations","7":"product_cat-equipement-de-protection-patinage-de-vitesse-courte-piste","8":"product_cat-patinage-de-vitesse","9":"product_tag-apogee-fr","10":"product_tag-boutique-xactskate","11":"product_tag-combinaison-fr","12":"product_tag-combinaison-anti-coupures-fr","13":"product_tag-combinaison-de-vitesse","14":"product_tag-combinaison-resistante-aux-coupures","15":"product_tag-costume","16":"product_tag-courte-piste-fr-2","17":"product_tag-courte-piste-fr","18":"product_tag-patin-de-vitesse-fr","19":"desktop-align-center","20":"tablet-align-center","21":"mobile-align-center","22":"ast-product-gallery-layout-horizontal","23":"ast-product-gallery-with-no-image","24":"ast-product-single-variable","25":"ast-product-tabs-layout-horizontal","26":"ast-qv-on-image","28":"first","29":"instock","30":"taxable","31":"shipping-taxable","32":"purchasable","33":"product-type-variable"},"bundled_by":[],"bundle_stock_status":"instock","bundle_stock_quantity":null,"bundle_virtual":false,"bundle_layout":"","bundle_add_to_cart_form_location":"","bundle_editable_in_cart":false,"bundle_sold_individually_context":"","bundle_item_grouping":"","bundle_min_size":"","bundle_max_size":"","bundle_price":[],"bundled_items":[],"bundle_sell_ids":[],"yoast_head":"<!-- This site is optimized with the Yoast SEO plugin v27.4 - https:\/\/yoast.com\/product\/yoast-seo-wordpress\/ -->\n<title>Combinaison r\u00e9sistante aux coupures Apogee - Xact Skate Shop.<\/title>\n<meta name=\"description\" content=\"Combinaison Apogee r\u00e9sistante aux coupures. Mat\u00e9riau Dynamix exclusif \u00e0 Apogee Test\u00e9 pour satisfaire et surpasser les normes ISU - EN-388 niveau 5. Fabriqu\u00e9 au Canada.\" \/>\n<meta name=\"robots\" content=\"index, follow, max-snippet:-1, max-image-preview:large, max-video-preview:-1\" \/>\n<link rel=\"canonical\" href=\"https:\/\/xactskateshop.com\/fr\/produit\/combinaison-anti-laceration-junior-de-niveau-6-apogee\/\" \/>\n<meta property=\"og:locale\" content=\"fr_FR\" \/>\n<meta property=\"og:type\" content=\"article\" \/>\n<meta property=\"og:title\" content=\"Combinaison r\u00e9sistante aux coupures Apogee - Xact Skate Shop.\" \/>\n<meta property=\"og:description\" content=\"Combinaison Apogee r\u00e9sistante aux coupures. Mat\u00e9riau Dynamix exclusif \u00e0 Apogee Test\u00e9 pour satisfaire et surpasser les normes ISU - EN-388 niveau 5. Fabriqu\u00e9 au Canada.\" \/>\n<meta property=\"og:url\" content=\"https:\/\/xactskateshop.com\/fr\/produit\/combinaison-anti-laceration-junior-de-niveau-6-apogee\/\" \/>\n<meta property=\"og:site_name\" content=\"Xact Skate Shop\" \/>\n<meta property=\"article:publisher\" content=\"https:\/\/www.facebook.com\/JeanLouiskateshop\" \/>\n<meta property=\"article:modified_time\" content=\"2026-01-14T16:10:43+00:00\" \/>\n<meta property=\"og:image\" content=\"https:\/\/xactskateshop.com\/wp-content\/uploads\/2025\/10\/Sous-Skin-Diamond-6.jpg\" \/>\n\t<meta property=\"og:image:width\" content=\"1000\" \/>\n\t<meta property=\"og:image:height\" content=\"1000\" \/>\n\t<meta property=\"og:image:type\" content=\"image\/jpeg\" \/>\n<meta name=\"twitter:card\" content=\"summary_large_image\" \/>\n<meta name=\"twitter:label1\" content=\"Dur\u00e9e de lecture estim\u00e9e\" \/>\n\t<meta name=\"twitter:data1\" content=\"3 minutes\" \/>\n<script type=\"application\/ld+json\" class=\"yoast-schema-graph\">{\"@context\":\"https:\\\/\\\/schema.org\",\"@graph\":[{\"@type\":\"WebPage\",\"@id\":\"https:\\\/\\\/xactskateshop.com\\\/fr\\\/produit\\\/combinaison-anti-laceration-junior-de-niveau-6-apogee\\\/\",\"url\":\"https:\\\/\\\/xactskateshop.com\\\/fr\\\/produit\\\/combinaison-anti-laceration-junior-de-niveau-6-apogee\\\/\",\"name\":\"Combinaison r\u00e9sistante aux coupures Apogee - Xact Skate Shop.\",\"isPartOf\":{\"@id\":\"http:\\\/\\\/xactskateshop.com\\\/fr\\\/#website\"},\"primaryImageOfPage\":{\"@id\":\"https:\\\/\\\/xactskateshop.com\\\/fr\\\/produit\\\/combinaison-anti-laceration-junior-de-niveau-6-apogee\\\/#primaryimage\"},\"image\":{\"@id\":\"https:\\\/\\\/xactskateshop.com\\\/fr\\\/produit\\\/combinaison-anti-laceration-junior-de-niveau-6-apogee\\\/#primaryimage\"},\"thumbnailUrl\":\"https:\\\/\\\/xactskateshop.com\\\/wp-content\\\/uploads\\\/2025\\\/10\\\/Sous-Skin-Diamond-6.jpg\",\"datePublished\":\"2025-10-21T21:01:56+00:00\",\"dateModified\":\"2026-01-14T16:10:43+00:00\",\"description\":\"Combinaison Apogee r\u00e9sistante aux coupures. Mat\u00e9riau Dynamix exclusif \u00e0 Apogee Test\u00e9 pour satisfaire et surpasser les normes ISU - EN-388 niveau 5. Fabriqu\u00e9 au Canada.\",\"breadcrumb\":{\"@id\":\"https:\\\/\\\/xactskateshop.com\\\/fr\\\/produit\\\/combinaison-anti-laceration-junior-de-niveau-6-apogee\\\/#breadcrumb\"},\"inLanguage\":\"fr-FR\",\"potentialAction\":[{\"@type\":\"ReadAction\",\"target\":[\"https:\\\/\\\/xactskateshop.com\\\/fr\\\/produit\\\/combinaison-anti-laceration-junior-de-niveau-6-apogee\\\/\"]}]},{\"@type\":\"ImageObject\",\"inLanguage\":\"fr-FR\",\"@id\":\"https:\\\/\\\/xactskateshop.com\\\/fr\\\/produit\\\/combinaison-anti-laceration-junior-de-niveau-6-apogee\\\/#primaryimage\",\"url\":\"https:\\\/\\\/xactskateshop.com\\\/wp-content\\\/uploads\\\/2025\\\/10\\\/Sous-Skin-Diamond-6.jpg\",\"contentUrl\":\"https:\\\/\\\/xactskateshop.com\\\/wp-content\\\/uploads\\\/2025\\\/10\\\/Sous-Skin-Diamond-6.jpg\",\"width\":1000,\"height\":1000,\"caption\":\"Sous-combinaison Apogee r\u00e9sistante aux coupures\"},{\"@type\":\"BreadcrumbList\",\"@id\":\"https:\\\/\\\/xactskateshop.com\\\/fr\\\/produit\\\/combinaison-anti-laceration-junior-de-niveau-6-apogee\\\/#breadcrumb\",\"itemListElement\":[{\"@type\":\"ListItem\",\"position\":1,\"name\":\"Home\",\"item\":\"https:\\\/\\\/xactskateshop.com\\\/fr\\\/accueil\\\/\"},{\"@type\":\"ListItem\",\"position\":2,\"name\":\"Boutique\",\"item\":\"https:\\\/\\\/xactskateshop.com\\\/shop\\\/\"},{\"@type\":\"ListItem\",\"position\":3,\"name\":\"Combinaison Anti-Lac\u00e9ration JUNIOR de Niveau 6 APOGEE\"}]},{\"@type\":\"WebSite\",\"@id\":\"http:\\\/\\\/xactskateshop.com\\\/fr\\\/#website\",\"url\":\"http:\\\/\\\/xactskateshop.com\\\/fr\\\/\",\"name\":\"Xact Skate Shop\",\"description\":\"Un site utilisant WordPress\",\"publisher\":{\"@id\":\"http:\\\/\\\/xactskateshop.com\\\/fr\\\/#organization\"},\"potentialAction\":[{\"@type\":\"SearchAction\",\"target\":{\"@type\":\"EntryPoint\",\"urlTemplate\":\"http:\\\/\\\/xactskateshop.com\\\/fr\\\/?s={search_term_string}\"},\"query-input\":{\"@type\":\"PropertyValueSpecification\",\"valueRequired\":true,\"valueName\":\"search_term_string\"}}],\"inLanguage\":\"fr-FR\"},{\"@type\":\"Organization\",\"@id\":\"http:\\\/\\\/xactskateshop.com\\\/fr\\\/#organization\",\"name\":\"XACT Skate Shop\",\"url\":\"http:\\\/\\\/xactskateshop.com\\\/fr\\\/\",\"logo\":{\"@type\":\"ImageObject\",\"inLanguage\":\"fr-FR\",\"@id\":\"http:\\\/\\\/xactskateshop.com\\\/fr\\\/#\\\/schema\\\/logo\\\/image\\\/\",\"url\":\"http:\\\/\\\/xactskateshop.com\\\/wp-content\\\/uploads\\\/2024\\\/04\\\/xactskateshop-dot-com-avec-contour-noir-sans-fond-675x.jpg\",\"contentUrl\":\"http:\\\/\\\/xactskateshop.com\\\/wp-content\\\/uploads\\\/2024\\\/04\\\/xactskateshop-dot-com-avec-contour-noir-sans-fond-675x.jpg\",\"width\":675,\"height\":247,\"caption\":\"XACT Skate Shop\"},\"image\":{\"@id\":\"http:\\\/\\\/xactskateshop.com\\\/fr\\\/#\\\/schema\\\/logo\\\/image\\\/\"},\"sameAs\":[\"https:\\\/\\\/www.facebook.com\\\/JeanLouiskateshop\"]}]}<\/script>\n<!-- \/ Yoast SEO plugin. -->","yoast_head_json":{"title":"Combinaison r\u00e9sistante aux coupures Apogee - Xact Skate Shop.","description":"Combinaison Apogee r\u00e9sistante aux coupures. Mat\u00e9riau Dynamix exclusif \u00e0 Apogee Test\u00e9 pour satisfaire et surpasser les normes ISU - EN-388 niveau 5. Fabriqu\u00e9 au Canada.","robots":{"index":"index","follow":"follow","max-snippet":"max-snippet:-1","max-image-preview":"max-image-preview:large","max-video-preview":"max-video-preview:-1"},"canonical":"https:\/\/xactskateshop.com\/fr\/produit\/combinaison-anti-laceration-junior-de-niveau-6-apogee\/","og_locale":"fr_FR","og_type":"article","og_title":"Combinaison r\u00e9sistante aux coupures Apogee - Xact Skate Shop.","og_description":"Combinaison Apogee r\u00e9sistante aux coupures. Mat\u00e9riau Dynamix exclusif \u00e0 Apogee Test\u00e9 pour satisfaire et surpasser les normes ISU - EN-388 niveau 5. Fabriqu\u00e9 au Canada.","og_url":"https:\/\/xactskateshop.com\/fr\/produit\/combinaison-anti-laceration-junior-de-niveau-6-apogee\/","og_site_name":"Xact Skate Shop","article_publisher":"https:\/\/www.facebook.com\/JeanLouiskateshop","article_modified_time":"2026-01-14T16:10:43+00:00","og_image":[{"width":1000,"height":1000,"url":"https:\/\/xactskateshop.com\/wp-content\/uploads\/2025\/10\/Sous-Skin-Diamond-6.jpg","type":"image\/jpeg"}],"twitter_card":"summary_large_image","twitter_misc":{"Dur\u00e9e de lecture estim\u00e9e":"3 minutes"},"schema":{"@context":"https:\/\/schema.org","@graph":[{"@type":"WebPage","@id":"https:\/\/xactskateshop.com\/fr\/produit\/combinaison-anti-laceration-junior-de-niveau-6-apogee\/","url":"https:\/\/xactskateshop.com\/fr\/produit\/combinaison-anti-laceration-junior-de-niveau-6-apogee\/","name":"Combinaison r\u00e9sistante aux coupures Apogee - Xact Skate Shop.","isPartOf":{"@id":"http:\/\/xactskateshop.com\/fr\/#website"},"primaryImageOfPage":{"@id":"https:\/\/xactskateshop.com\/fr\/produit\/combinaison-anti-laceration-junior-de-niveau-6-apogee\/#primaryimage"},"image":{"@id":"https:\/\/xactskateshop.com\/fr\/produit\/combinaison-anti-laceration-junior-de-niveau-6-apogee\/#primaryimage"},"thumbnailUrl":"https:\/\/xactskateshop.com\/wp-content\/uploads\/2025\/10\/Sous-Skin-Diamond-6.jpg","datePublished":"2025-10-21T21:01:56+00:00","dateModified":"2026-01-14T16:10:43+00:00","description":"Combinaison Apogee r\u00e9sistante aux coupures. Mat\u00e9riau Dynamix exclusif \u00e0 Apogee Test\u00e9 pour satisfaire et surpasser les normes ISU - EN-388 niveau 5. Fabriqu\u00e9 au Canada.","breadcrumb":{"@id":"https:\/\/xactskateshop.com\/fr\/produit\/combinaison-anti-laceration-junior-de-niveau-6-apogee\/#breadcrumb"},"inLanguage":"fr-FR","potentialAction":[{"@type":"ReadAction","target":["https:\/\/xactskateshop.com\/fr\/produit\/combinaison-anti-laceration-junior-de-niveau-6-apogee\/"]}]},{"@type":"ImageObject","inLanguage":"fr-FR","@id":"https:\/\/xactskateshop.com\/fr\/produit\/combinaison-anti-laceration-junior-de-niveau-6-apogee\/#primaryimage","url":"https:\/\/xactskateshop.com\/wp-content\/uploads\/2025\/10\/Sous-Skin-Diamond-6.jpg","contentUrl":"https:\/\/xactskateshop.com\/wp-content\/uploads\/2025\/10\/Sous-Skin-Diamond-6.jpg","width":1000,"height":1000,"caption":"Sous-combinaison Apogee r\u00e9sistante aux coupures"},{"@type":"BreadcrumbList","@id":"https:\/\/xactskateshop.com\/fr\/produit\/combinaison-anti-laceration-junior-de-niveau-6-apogee\/#breadcrumb","itemListElement":[{"@type":"ListItem","position":1,"name":"Home","item":"https:\/\/xactskateshop.com\/fr\/accueil\/"},{"@type":"ListItem","position":2,"name":"Boutique","item":"https:\/\/xactskateshop.com\/shop\/"},{"@type":"ListItem","position":3,"name":"Combinaison Anti-Lac\u00e9ration JUNIOR de Niveau 6 APOGEE"}]},{"@type":"WebSite","@id":"http:\/\/xactskateshop.com\/fr\/#website","url":"http:\/\/xactskateshop.com\/fr\/","name":"Xact Skate Shop","description":"Un site utilisant WordPress","publisher":{"@id":"http:\/\/xactskateshop.com\/fr\/#organization"},"potentialAction":[{"@type":"SearchAction","target":{"@type":"EntryPoint","urlTemplate":"http:\/\/xactskateshop.com\/fr\/?s={search_term_string}"},"query-input":{"@type":"PropertyValueSpecification","valueRequired":true,"valueName":"search_term_string"}}],"inLanguage":"fr-FR"},{"@type":"Organization","@id":"http:\/\/xactskateshop.com\/fr\/#organization","name":"XACT Skate Shop","url":"http:\/\/xactskateshop.com\/fr\/","logo":{"@type":"ImageObject","inLanguage":"fr-FR","@id":"http:\/\/xactskateshop.com\/fr\/#\/schema\/logo\/image\/","url":"http:\/\/xactskateshop.com\/wp-content\/uploads\/2024\/04\/xactskateshop-dot-com-avec-contour-noir-sans-fond-675x.jpg","contentUrl":"http:\/\/xactskateshop.com\/wp-content\/uploads\/2024\/04\/xactskateshop-dot-com-avec-contour-noir-sans-fond-675x.jpg","width":675,"height":247,"caption":"XACT Skate Shop"},"image":{"@id":"http:\/\/xactskateshop.com\/fr\/#\/schema\/logo\/image\/"},"sameAs":["https:\/\/www.facebook.com\/JeanLouiskateshop"]}]}},"_links":{"self":[{"href":"https:\/\/xactskateshop.com\/fr\/wp-json\/wp\/v2\/product\/66629","targetHints":{"allow":["GET"]}}],"collection":[{"href":"https:\/\/xactskateshop.com\/fr\/wp-json\/wp\/v2\/product"}],"about":[{"href":"https:\/\/xactskateshop.com\/fr\/wp-json\/wp\/v2\/types\/product"}],"replies":[{"embeddable":true,"href":"https:\/\/xactskateshop.com\/fr\/wp-json\/wp\/v2\/comments?post=66629"}],"wp:featuredmedia":[{"embeddable":true,"href":"https:\/\/xactskateshop.com\/fr\/wp-json\/wp\/v2\/media\/66615"}],"wp:attachment":[{"href":"https:\/\/xactskateshop.com\/fr\/wp-json\/wp\/v2\/media?parent=66629"}],"wp:term":[{"taxonomy":"product_brand","embeddable":true,"href":"https:\/\/xactskateshop.com\/fr\/wp-json\/wp\/v2\/product_brand?post=66629"},{"taxonomy":"product_cat","embeddable":true,"href":"https:\/\/xactskateshop.com\/fr\/wp-json\/wp\/v2\/product_cat?post=66629"},{"taxonomy":"product_tag","embeddable":true,"href":"https:\/\/xactskateshop.com\/fr\/wp-json\/wp\/v2\/product_tag?post=66629"}],"curies":[{"name":"wp","href":"https:\/\/api.w.org\/{rel}","templated":true}]}}