{"id":66607,"date":"2025-10-21T16:33:44","date_gmt":"2025-10-21T20:33:44","guid":{"rendered":"https:\/\/xactskateshop.com\/?post_type=product&#038;p=66607"},"modified":"2026-01-16T13:36:41","modified_gmt":"2026-01-16T18:36:41","slug":"combinaison-anti-laceration-apogee-de-niveau-6","status":"publish","type":"product","link":"https:\/\/xactskateshop.com\/fr\/produit\/combinaison-anti-laceration-apogee-de-niveau-6\/","title":{"rendered":"Combinaison Anti-Lac\u00e9ration APOGEE de Niveau 6"},"content":{"rendered":"<div id=\"product-content\" class=\"product-content general-content content-col mobile-popup\" data-popup=\"product-content\">\n<div class=\"popup-inner\">\n<div id=\"product-content\" class=\"product-content general-content content-col mobile-popup\" data-popup=\"product-content\">\n<h2>Combinaison Anti-Lac\u00e9ration APOGEE de Niveau 6<\/h2>\n<div class=\"description\">\n<p>La combinaison une pi\u00e8ce r\u00e9sistante aux coupures Apogee est con\u00e7ue pour un usage unisexe et est fabriqu\u00e9e avec le mat\u00e9riau exclusif Dynamix Diamond, qui offre une r\u00e9sistance exceptionnelle aux coupures.<\/p>\n<p>&nbsp;<\/p>\n<h3>Voici quelques caract\u00e9ristiques cl\u00e9s<\/h3>\n<ul>\n<li><strong>Mat\u00e9riau :<\/strong> Le Dynamix Diamond, exclusif \u00e0 Apogee, assure durabilit\u00e9 et s\u00e9curit\u00e9,<\/li>\n<li><strong>R\u00e9sistance aux Coupures :<\/strong> Test\u00e9e pour satisfaire et d\u00e9passer les normes ISU, avec un niveau de r\u00e9sistance aux coupures de 6 selon la norme EN-388, ce qui en fait l\u2019une des meilleures options disponibles sur le march\u00e9,<\/li>\n<li><strong>Fermeture :<\/strong> Comprend une fermeture \u00e9clair YKK autobloquante pour une s\u00e9curit\u00e9 accrue,<\/li>\n<li><strong>Tests :<\/strong> Chaque rouleau de mat\u00e9riau est test\u00e9 avant utilisation pour garantir sa qualit\u00e9 et sa s\u00e9curit\u00e9,<\/li>\n<li><strong>Production :<\/strong> Fabriqu\u00e9e au Canada, selon des normes de fabrication et de qualit\u00e9 \u00e9lev\u00e9es.<\/li>\n<\/ul>\n<h5><\/h5>\n<h5 style=\"font-style: normal; text-align: center;\"><span style=\"color: #ff0000;\">********\u00a0<strong style=\"font-size: 19.2px;\">CLAUSE DE NON-RESPONSABILIT\u00c9********<\/strong><\/span><\/h5>\n<p style=\"font-size: 16px; font-style: normal; font-weight: 400; text-align: center;\"><span style=\"color: #ff0000;\">Aucun tissu ne peut \u00eatre \u00e0 l&#8217;\u00e9preuve des coupures &#8211; le niveau de r\u00e9sistance est l&#8217;indicateur de la r\u00e9sistance du tissu. Cette combinaison r\u00e9duira le risque de coupure, mais ne sera pas totalement \u00e0 l&#8217;\u00e9preuve des coupures.<\/span><\/p>\n<p>&nbsp;<\/p>\n<h3><strong style=\"font-size: 16px; font-style: normal;\">GUIDE DE TAILLE<\/strong><\/h3>\n<table style=\"height: 704px;\" width=\"1043\">\n<tbody>\n<tr>\n<td width=\"105\">\n<p style=\"text-align: center;\">TAILLE<\/p>\n<\/td>\n<td style=\"text-align: center;\" width=\"84\">XS<\/td>\n<td style=\"text-align: center;\" width=\"85\">S<\/td>\n<td style=\"text-align: center;\" width=\"95\">M<\/td>\n<td style=\"text-align: center;\" width=\"85\">L<\/td>\n<td style=\"text-align: center;\" width=\"95\">XL<\/td>\n<td style=\"text-align: center;\" width=\"91\">XXL<\/td>\n<td width=\"82\">\n<p style=\"text-align: center;\">XXXL<\/p>\n<\/td>\n<\/tr>\n<tr>\n<td width=\"105\">&nbsp;<\/p>\n<p style=\"text-align: center;\">POITRINE<\/p>\n<\/td>\n<td style=\"text-align: center;\" width=\"84\">86 \u2013 91 CM<\/p>\n<hr \/>\n<p>34 \u2013 36 PO<\/td>\n<td style=\"text-align: center;\" width=\"85\">91 \u2013 96 CM<\/p>\n<hr \/>\n<p>36 \u2013 38PO<\/td>\n<td style=\"text-align: center;\" width=\"95\">96 \u2013 101 CM<\/p>\n<hr \/>\n<p>38 \u2013 40 PO<\/td>\n<td style=\"text-align: center;\" width=\"85\">101\u2013106 CM<\/p>\n<hr \/>\n<p>40 \u2013 42 PO<\/td>\n<td style=\"text-align: center;\" width=\"95\">106 \u2013 111 CM<\/p>\n<hr \/>\n<p>42 \u2013 44 PO<\/td>\n<td style=\"text-align: center;\" width=\"91\">111 \u2013 117 CM<\/p>\n<hr \/>\n<p>44 \u2013 46 PO<\/td>\n<td width=\"82\">\n<p style=\"text-align: center;\">117\u2013122 CM<\/p>\n<hr \/>\n<p style=\"text-align: center;\">46\u2013 48 PO<\/p>\n<\/td>\n<\/tr>\n<tr>\n<td width=\"105\">&nbsp;<\/p>\n<p style=\"text-align: center;\">TAILLE<\/p>\n<\/td>\n<td width=\"84\">\n<p style=\"text-align: center;\">74 \u2013 79 CM<\/p>\n<hr \/>\n<p style=\"text-align: center;\">29 \u2013 31 PO<\/p>\n<\/td>\n<td style=\"text-align: center;\" width=\"85\">79 \u2013 84 CM<\/p>\n<hr \/>\n<p>31 \u2013 33 PO<\/td>\n<td style=\"text-align: center;\" width=\"95\">84 \u2013 89 CM<\/p>\n<hr \/>\n<p>33 \u2013 35 PO<\/td>\n<td style=\"text-align: center;\" width=\"85\">89 \u201394 CM<\/p>\n<hr \/>\n<p>35 \u2013 37PO<\/td>\n<td style=\"text-align: center;\" width=\"95\">94 \u2013 99 CM<\/p>\n<hr \/>\n<p>37 \u2013 39PO<\/td>\n<td style=\"text-align: center;\" width=\"91\">99 \u2013 104 CM<\/p>\n<hr \/>\n<p>39 \u2013 41PO<\/td>\n<td width=\"82\">\n<p style=\"text-align: center;\">104 \u2013 109 CM<\/p>\n<hr \/>\n<p style=\"text-align: center;\">41 \u2013 43 PO<\/p>\n<\/td>\n<\/tr>\n<tr>\n<td width=\"105\">&nbsp;<\/p>\n<p style=\"text-align: center;\">HANCHES<\/p>\n<\/td>\n<td width=\"84\">\n<p style=\"text-align: center;\">86 \u201394 CM<\/p>\n<hr \/>\n<p style=\"text-align: center;\">34 \u2013 37 PO<\/p>\n<\/td>\n<td style=\"text-align: center;\" width=\"85\">94 \u2013 99 CM<\/p>\n<hr \/>\n<p>37 \u2013 39 PO<\/td>\n<td style=\"text-align: center;\" width=\"95\">99 \u2013 104 CM<\/p>\n<hr \/>\n<p>39 \u2013 41 PO<\/td>\n<td style=\"text-align: center;\" width=\"85\">104\u2013 109 CM<\/p>\n<hr \/>\n<p>41 \u2013 43 PO<\/td>\n<td style=\"text-align: center;\" width=\"95\">109 \u2013 114 CM<\/p>\n<hr \/>\n<p>43 \u2013 45 PO<\/td>\n<td style=\"text-align: center;\" width=\"91\">114 \u2013119 CM<\/p>\n<hr \/>\n<p>45 \u2013 47 PO<\/td>\n<td width=\"82\">\n<p style=\"text-align: center;\">119\u2013 124 CM<\/p>\n<hr \/>\n<p style=\"text-align: center;\">47 \u2013 49 PO<\/p>\n<\/td>\n<\/tr>\n<tr>\n<td width=\"105\">\n<p style=\"text-align: center;\">GRANDEUR<\/p>\n<\/td>\n<td width=\"84\">\n<p style=\"text-align: center;\">5\u2019 4\u201d \u2013 5\u20196\u201d<\/p>\n<\/td>\n<td style=\"text-align: center;\" width=\"85\">5\u2019 6\u201d \u2013 5\u2019 8\u201d<\/td>\n<td style=\"text-align: center;\" width=\"95\">5\u2019 8\u201d \u2013 5\u2019 10\u201d<\/td>\n<td style=\"text-align: center;\" width=\"85\">5\u201910\u201d\u20135\u2019 11\u201d<\/td>\n<td style=\"text-align: center;\" width=\"95\">5\u2019 11\u201d \u2013 6\u2019<\/td>\n<td style=\"text-align: center;\" width=\"91\">6\u2019 +<\/td>\n<td width=\"82\">\n<p style=\"text-align: center;\">6\u2019 +<\/p>\n<\/td>\n<\/tr>\n<\/tbody>\n<\/table>\n<p>&nbsp;<\/p>\n<p>Cette combinaison est id\u00e9ale pour ceux qui ont besoin d&#8217;une protection fiable sans compromettre le confort ni la mobilit\u00e9.<\/p>\n<div class=\"description\">\n<p>&nbsp;<\/p>\n<h3>Histoire<\/h3>\n<p>Apogee Sports est une entreprise canadienne qui se consacre \u00e0 la production de v\u00eatements et d&#8217;accessoires personnalis\u00e9s pour les \u00e9quipes et les organisations sportives \u00e0 tous les niveaux, des clubs locaux aux champions olympiques. <span class=\"\">Depuis sa cr\u00e9ation en 1998, Apogee est un acteur cl\u00e9 dans la communaut\u00e9 du cyclisme, de la course \u00e0 pied, du triathlon, du cano\u00eb-kayak, du ski de fond, du ski alpin et du patinage de vitesse au Canada et dans le monde. monde.<\/span><span style=\"font-size: 16px;\">Apogee Sports se concentre sur l&#8217;innovation, la qualit\u00e9 et la collaboration pour rester un leader dans l&#8217;industrie. La volont\u00e9 de concevoir des \u00e9quipements adapt\u00e9s et s\u00fbrs pour les athl\u00e8tes est louable, car elle donne la priorit\u00e9 \u00e0 la s\u00e9curit\u00e9 pour les aider \u00e0 atteindre leurs objectifs sportifs.<\/span><\/p>\n<p>&nbsp;<\/p>\n<h3>Mission<\/h3>\n<p>Promouvoir l&#8217;importance du sport et du bien-\u00eatre est notre mission. La pratique d&#8217;un sport et le maintien d&#8217;un mode de vie sain pr\u00e9sentent de nombreux avantages, tant sur le plan physique que mental. En mettant l&#8217;accent sur ces aspects, Apogee Sports ne se contente pas de fournir des v\u00eatements de haute qualit\u00e9, mais encourage \u00e9galement les individus \u00e0 pratiquer des activit\u00e9s physiques qui contribuent \u00e0 leur bien-\u00eatre g\u00e9n\u00e9ral.<\/p>\n<p>Continuant \u00e0 travailler en \u00e9troite collaboration avec les athl\u00e8tes d&#8217;\u00e9lite, nous nous assurons que nos produits r\u00e9pondent aux besoins et aux exigences de ceux qui en d\u00e9pendent. En tenant compte de leurs commentaires et en les impliquant dans le processus de d\u00e9veloppement, Apogee Sports peut cr\u00e9er des solutions qui soutiennent r\u00e9ellement leurs performances et am\u00e9liorent leurs efforts sportifs.<\/p>\n<p>&nbsp;<\/p>\n<h3>Engagement<\/h3>\n<p>Dans l&#8217;ensemble, l&#8217;engagement de votre entreprise \u00e0 fournir des produits innovants et de haute qualit\u00e9 tout en donnant la priorit\u00e9 \u00e0 la s\u00e9curit\u00e9 et \u00e0 la r\u00e9ussite des athl\u00e8tes t\u00e9moigne d&#8217;une forte volont\u00e9 d&#8217;excellence et de satisfaction du client.<\/p>\n<\/div>\n<p>&nbsp;<\/p>\n<p>Pour en savoir plus sur Apogee <a href=\"https:\/\/apogee-sports.com\/pages\/nous-sommes-apogee\">, cliquez ici !<\/a><\/p>\n<p>Trouvez d&#8217;autres produits r\u00e9sistants aux coupures <a href=\"http:\/\/xactskateshop.com\/product\/double-layer-cut-resistant-ankle-cuff-cut-resistant-ankle-cuffs-double-layer\/\">ici !<\/a><\/p>\n<\/div>\n<\/div>\n<\/div>\n<\/div>\n","protected":false},"excerpt":{"rendered":"<hr \/>\n<p style=\"text-align: center;\">Combinaison Anti-Lac\u00e9ration APOGEE de Niveau 6<\/p>\n<p style=\"text-align: center;\">Unisexe &#8211; Mat\u00e9riau Dynamix exclusif \u00e0 Apogee<\/p>\n<p style=\"text-align: center;\">Fermeture \u00e9clair auto-lock YKK<\/p>\n<p style=\"text-align: center;\">Test\u00e9 pour r\u00e9pondre aux normes de l&#8217;ISU et les d\u00e9passer<\/p>\n<p style=\"text-align: center;\"><strong>Fabriqu\u00e9 au Canada &#8211; <\/strong>Plus \u00e9lastique, plus confortable, tr\u00e8s bien ajust\u00e9 !<\/p>\n<hr \/>\n<p>&nbsp;<\/p>\n","protected":false},"featured_media":66615,"comment_status":"open","ping_status":"closed","template":"","meta":{"site-sidebar-layout":"default","site-content-layout":"default","ast-site-content-layout":"default","site-content-style":"default","site-sidebar-style":"default","ast-global-header-display":"","ast-banner-title-visibility":"","ast-main-header-display":"","ast-hfb-above-header-display":"","ast-hfb-below-header-display":"","ast-hfb-mobile-header-display":"","site-post-title":"","ast-breadcrumbs-content":"","ast-featured-img":"","footer-sml-layout":"","theme-transparent-header-meta":"default","adv-header-id-meta":"","stick-header-meta":"","header-above-stick-meta":"","header-main-stick-meta":"","header-below-stick-meta":"","astra-migrate-meta-layouts":"set","ast-page-background-enabled":"default","ast-page-background-meta":{"desktop":{"background-color":"","background-image":"","background-repeat":"repeat","background-position":"center center","background-size":"auto","background-attachment":"scroll","background-type":"","background-media":"","overlay-type":"","overlay-color":"","overlay-opacity":"","overlay-gradient":""},"tablet":{"background-color":"","background-image":"","background-repeat":"repeat","background-position":"center center","background-size":"auto","background-attachment":"scroll","background-type":"","background-media":"","overlay-type":"","overlay-color":"","overlay-opacity":"","overlay-gradient":""},"mobile":{"background-color":"","background-image":"","background-repeat":"repeat","background-position":"center center","background-size":"auto","background-attachment":"scroll","background-type":"","background-media":"","overlay-type":"","overlay-color":"","overlay-opacity":"","overlay-gradient":""}},"ast-content-background-meta":{"desktop":{"background-color":"var(--ast-global-color-5)","background-image":"","background-repeat":"repeat","background-position":"center center","background-size":"auto","background-attachment":"scroll","background-type":"","background-media":"","overlay-type":"","overlay-color":"","overlay-opacity":"","overlay-gradient":""},"tablet":{"background-color":"var(--ast-global-color-5)","background-image":"","background-repeat":"repeat","background-position":"center center","background-size":"auto","background-attachment":"scroll","background-type":"","background-media":"","overlay-type":"","overlay-color":"","overlay-opacity":"","overlay-gradient":""},"mobile":{"background-color":"var(--ast-global-color-5)","background-image":"","background-repeat":"repeat","background-position":"center center","background-size":"auto","background-attachment":"scroll","background-type":"","background-media":"","overlay-type":"","overlay-color":"","overlay-opacity":"","overlay-gradient":""}}},"product_brand":[],"product_cat":[1642,1612,1353],"product_tag":[1972,1971,1968,1356,1403,1965],"class_list":{"0":"post-66607","1":"product","2":"type-product","3":"status-publish","4":"has-post-thumbnail","6":"product_cat-combinaisons-anti-lacerations","7":"product_cat-equipement-de-protection-patinage-de-vitesse-courte-piste","8":"product_cat-patinage-de-vitesse","9":"product_tag-apogee-fr","10":"product_tag-combinaison-resistante-aux-coupures","11":"product_tag-costume-une-piece","12":"product_tag-courte-piste-fr","13":"product_tag-patinage-de-vitesse","14":"product_tag-resistant-aux-coupures","15":"desktop-align-center","16":"tablet-align-center","17":"mobile-align-center","18":"ast-product-gallery-layout-horizontal","19":"ast-product-single-variable","20":"ast-product-tabs-layout-horizontal","21":"ast-qv-on-image","23":"first","24":"instock","25":"taxable","26":"shipping-taxable","27":"purchasable","28":"product-type-variable"},"bundled_by":[],"bundle_stock_status":"instock","bundle_stock_quantity":null,"bundle_virtual":false,"bundle_layout":"","bundle_add_to_cart_form_location":"","bundle_editable_in_cart":false,"bundle_sold_individually_context":"","bundle_item_grouping":"","bundle_min_size":"","bundle_max_size":"","bundle_price":[],"bundled_items":[],"bundle_sell_ids":[],"yoast_head":"<!-- This site is optimized with the Yoast SEO plugin v27.4 - https:\/\/yoast.com\/product\/yoast-seo-wordpress\/ -->\n<title>Combinaison Anti-Lac\u00e9ration APOGEE de Niveau 6 - Xact Skate Shop<\/title>\n<meta name=\"description\" content=\"Combinaison anti-lac\u00e9ration APOGEE. La combinaison une pi\u00e8ce Apogee est con\u00e7ue pour offrir une r\u00e9sistance exceptionnelle aux coupures\" \/>\n<meta name=\"robots\" content=\"index, follow, max-snippet:-1, max-image-preview:large, max-video-preview:-1\" \/>\n<link rel=\"canonical\" href=\"https:\/\/xactskateshop.com\/fr\/produit\/combinaison-anti-laceration-apogee-de-niveau-6\/\" \/>\n<meta property=\"og:locale\" content=\"fr_FR\" \/>\n<meta property=\"og:type\" content=\"article\" \/>\n<meta property=\"og:title\" content=\"Combinaison Anti-Lac\u00e9ration APOGEE de Niveau 6 - Xact Skate Shop\" \/>\n<meta property=\"og:description\" content=\"Combinaison anti-lac\u00e9ration APOGEE. La combinaison une pi\u00e8ce Apogee est con\u00e7ue pour offrir une r\u00e9sistance exceptionnelle aux coupures\" \/>\n<meta property=\"og:url\" content=\"https:\/\/xactskateshop.com\/fr\/produit\/combinaison-anti-laceration-apogee-de-niveau-6\/\" \/>\n<meta property=\"og:site_name\" content=\"Xact Skate Shop\" \/>\n<meta property=\"article:publisher\" content=\"https:\/\/www.facebook.com\/JeanLouiskateshop\" \/>\n<meta property=\"article:modified_time\" content=\"2026-01-16T18:36:41+00:00\" \/>\n<meta property=\"og:image\" content=\"https:\/\/xactskateshop.com\/wp-content\/uploads\/2025\/10\/Sous-Skin-Diamond-6.jpg\" \/>\n\t<meta property=\"og:image:width\" content=\"1000\" \/>\n\t<meta property=\"og:image:height\" content=\"1000\" \/>\n\t<meta property=\"og:image:type\" content=\"image\/jpeg\" \/>\n<meta name=\"twitter:card\" content=\"summary_large_image\" \/>\n<meta name=\"twitter:label1\" content=\"Dur\u00e9e de lecture estim\u00e9e\" \/>\n\t<meta name=\"twitter:data1\" content=\"4 minutes\" \/>\n<script type=\"application\/ld+json\" class=\"yoast-schema-graph\">{\"@context\":\"https:\\\/\\\/schema.org\",\"@graph\":[{\"@type\":\"WebPage\",\"@id\":\"https:\\\/\\\/xactskateshop.com\\\/fr\\\/produit\\\/combinaison-anti-laceration-apogee-de-niveau-6\\\/\",\"url\":\"https:\\\/\\\/xactskateshop.com\\\/fr\\\/produit\\\/combinaison-anti-laceration-apogee-de-niveau-6\\\/\",\"name\":\"Combinaison Anti-Lac\u00e9ration APOGEE de Niveau 6 - Xact Skate Shop\",\"isPartOf\":{\"@id\":\"http:\\\/\\\/xactskateshop.com\\\/fr\\\/#website\"},\"primaryImageOfPage\":{\"@id\":\"https:\\\/\\\/xactskateshop.com\\\/fr\\\/produit\\\/combinaison-anti-laceration-apogee-de-niveau-6\\\/#primaryimage\"},\"image\":{\"@id\":\"https:\\\/\\\/xactskateshop.com\\\/fr\\\/produit\\\/combinaison-anti-laceration-apogee-de-niveau-6\\\/#primaryimage\"},\"thumbnailUrl\":\"https:\\\/\\\/xactskateshop.com\\\/wp-content\\\/uploads\\\/2025\\\/10\\\/Sous-Skin-Diamond-6.jpg\",\"datePublished\":\"2025-10-21T20:33:44+00:00\",\"dateModified\":\"2026-01-16T18:36:41+00:00\",\"description\":\"Combinaison anti-lac\u00e9ration APOGEE. La combinaison une pi\u00e8ce Apogee est con\u00e7ue pour offrir une r\u00e9sistance exceptionnelle aux coupures\",\"breadcrumb\":{\"@id\":\"https:\\\/\\\/xactskateshop.com\\\/fr\\\/produit\\\/combinaison-anti-laceration-apogee-de-niveau-6\\\/#breadcrumb\"},\"inLanguage\":\"fr-FR\",\"potentialAction\":[{\"@type\":\"ReadAction\",\"target\":[\"https:\\\/\\\/xactskateshop.com\\\/fr\\\/produit\\\/combinaison-anti-laceration-apogee-de-niveau-6\\\/\"]}]},{\"@type\":\"ImageObject\",\"inLanguage\":\"fr-FR\",\"@id\":\"https:\\\/\\\/xactskateshop.com\\\/fr\\\/produit\\\/combinaison-anti-laceration-apogee-de-niveau-6\\\/#primaryimage\",\"url\":\"https:\\\/\\\/xactskateshop.com\\\/wp-content\\\/uploads\\\/2025\\\/10\\\/Sous-Skin-Diamond-6.jpg\",\"contentUrl\":\"https:\\\/\\\/xactskateshop.com\\\/wp-content\\\/uploads\\\/2025\\\/10\\\/Sous-Skin-Diamond-6.jpg\",\"width\":1000,\"height\":1000,\"caption\":\"Sous-combinaison Apogee r\u00e9sistante aux coupures\"},{\"@type\":\"BreadcrumbList\",\"@id\":\"https:\\\/\\\/xactskateshop.com\\\/fr\\\/produit\\\/combinaison-anti-laceration-apogee-de-niveau-6\\\/#breadcrumb\",\"itemListElement\":[{\"@type\":\"ListItem\",\"position\":1,\"name\":\"Home\",\"item\":\"https:\\\/\\\/xactskateshop.com\\\/fr\\\/accueil\\\/\"},{\"@type\":\"ListItem\",\"position\":2,\"name\":\"Boutique\",\"item\":\"https:\\\/\\\/xactskateshop.com\\\/shop\\\/\"},{\"@type\":\"ListItem\",\"position\":3,\"name\":\"Combinaison Anti-Lac\u00e9ration APOGEE de Niveau 6\"}]},{\"@type\":\"WebSite\",\"@id\":\"http:\\\/\\\/xactskateshop.com\\\/fr\\\/#website\",\"url\":\"http:\\\/\\\/xactskateshop.com\\\/fr\\\/\",\"name\":\"Xact Skate Shop\",\"description\":\"Un site utilisant WordPress\",\"publisher\":{\"@id\":\"http:\\\/\\\/xactskateshop.com\\\/fr\\\/#organization\"},\"potentialAction\":[{\"@type\":\"SearchAction\",\"target\":{\"@type\":\"EntryPoint\",\"urlTemplate\":\"http:\\\/\\\/xactskateshop.com\\\/fr\\\/?s={search_term_string}\"},\"query-input\":{\"@type\":\"PropertyValueSpecification\",\"valueRequired\":true,\"valueName\":\"search_term_string\"}}],\"inLanguage\":\"fr-FR\"},{\"@type\":\"Organization\",\"@id\":\"http:\\\/\\\/xactskateshop.com\\\/fr\\\/#organization\",\"name\":\"XACT Skate Shop\",\"url\":\"http:\\\/\\\/xactskateshop.com\\\/fr\\\/\",\"logo\":{\"@type\":\"ImageObject\",\"inLanguage\":\"fr-FR\",\"@id\":\"http:\\\/\\\/xactskateshop.com\\\/fr\\\/#\\\/schema\\\/logo\\\/image\\\/\",\"url\":\"http:\\\/\\\/xactskateshop.com\\\/wp-content\\\/uploads\\\/2024\\\/04\\\/xactskateshop-dot-com-avec-contour-noir-sans-fond-675x.jpg\",\"contentUrl\":\"http:\\\/\\\/xactskateshop.com\\\/wp-content\\\/uploads\\\/2024\\\/04\\\/xactskateshop-dot-com-avec-contour-noir-sans-fond-675x.jpg\",\"width\":675,\"height\":247,\"caption\":\"XACT Skate Shop\"},\"image\":{\"@id\":\"http:\\\/\\\/xactskateshop.com\\\/fr\\\/#\\\/schema\\\/logo\\\/image\\\/\"},\"sameAs\":[\"https:\\\/\\\/www.facebook.com\\\/JeanLouiskateshop\"]}]}<\/script>\n<!-- \/ Yoast SEO plugin. -->","yoast_head_json":{"title":"Combinaison Anti-Lac\u00e9ration APOGEE de Niveau 6 - Xact Skate Shop","description":"Combinaison anti-lac\u00e9ration APOGEE. La combinaison une pi\u00e8ce Apogee est con\u00e7ue pour offrir une r\u00e9sistance exceptionnelle aux coupures","robots":{"index":"index","follow":"follow","max-snippet":"max-snippet:-1","max-image-preview":"max-image-preview:large","max-video-preview":"max-video-preview:-1"},"canonical":"https:\/\/xactskateshop.com\/fr\/produit\/combinaison-anti-laceration-apogee-de-niveau-6\/","og_locale":"fr_FR","og_type":"article","og_title":"Combinaison Anti-Lac\u00e9ration APOGEE de Niveau 6 - Xact Skate Shop","og_description":"Combinaison anti-lac\u00e9ration APOGEE. La combinaison une pi\u00e8ce Apogee est con\u00e7ue pour offrir une r\u00e9sistance exceptionnelle aux coupures","og_url":"https:\/\/xactskateshop.com\/fr\/produit\/combinaison-anti-laceration-apogee-de-niveau-6\/","og_site_name":"Xact Skate Shop","article_publisher":"https:\/\/www.facebook.com\/JeanLouiskateshop","article_modified_time":"2026-01-16T18:36:41+00:00","og_image":[{"width":1000,"height":1000,"url":"https:\/\/xactskateshop.com\/wp-content\/uploads\/2025\/10\/Sous-Skin-Diamond-6.jpg","type":"image\/jpeg"}],"twitter_card":"summary_large_image","twitter_misc":{"Dur\u00e9e de lecture estim\u00e9e":"4 minutes"},"schema":{"@context":"https:\/\/schema.org","@graph":[{"@type":"WebPage","@id":"https:\/\/xactskateshop.com\/fr\/produit\/combinaison-anti-laceration-apogee-de-niveau-6\/","url":"https:\/\/xactskateshop.com\/fr\/produit\/combinaison-anti-laceration-apogee-de-niveau-6\/","name":"Combinaison Anti-Lac\u00e9ration APOGEE de Niveau 6 - Xact Skate Shop","isPartOf":{"@id":"http:\/\/xactskateshop.com\/fr\/#website"},"primaryImageOfPage":{"@id":"https:\/\/xactskateshop.com\/fr\/produit\/combinaison-anti-laceration-apogee-de-niveau-6\/#primaryimage"},"image":{"@id":"https:\/\/xactskateshop.com\/fr\/produit\/combinaison-anti-laceration-apogee-de-niveau-6\/#primaryimage"},"thumbnailUrl":"https:\/\/xactskateshop.com\/wp-content\/uploads\/2025\/10\/Sous-Skin-Diamond-6.jpg","datePublished":"2025-10-21T20:33:44+00:00","dateModified":"2026-01-16T18:36:41+00:00","description":"Combinaison anti-lac\u00e9ration APOGEE. La combinaison une pi\u00e8ce Apogee est con\u00e7ue pour offrir une r\u00e9sistance exceptionnelle aux coupures","breadcrumb":{"@id":"https:\/\/xactskateshop.com\/fr\/produit\/combinaison-anti-laceration-apogee-de-niveau-6\/#breadcrumb"},"inLanguage":"fr-FR","potentialAction":[{"@type":"ReadAction","target":["https:\/\/xactskateshop.com\/fr\/produit\/combinaison-anti-laceration-apogee-de-niveau-6\/"]}]},{"@type":"ImageObject","inLanguage":"fr-FR","@id":"https:\/\/xactskateshop.com\/fr\/produit\/combinaison-anti-laceration-apogee-de-niveau-6\/#primaryimage","url":"https:\/\/xactskateshop.com\/wp-content\/uploads\/2025\/10\/Sous-Skin-Diamond-6.jpg","contentUrl":"https:\/\/xactskateshop.com\/wp-content\/uploads\/2025\/10\/Sous-Skin-Diamond-6.jpg","width":1000,"height":1000,"caption":"Sous-combinaison Apogee r\u00e9sistante aux coupures"},{"@type":"BreadcrumbList","@id":"https:\/\/xactskateshop.com\/fr\/produit\/combinaison-anti-laceration-apogee-de-niveau-6\/#breadcrumb","itemListElement":[{"@type":"ListItem","position":1,"name":"Home","item":"https:\/\/xactskateshop.com\/fr\/accueil\/"},{"@type":"ListItem","position":2,"name":"Boutique","item":"https:\/\/xactskateshop.com\/shop\/"},{"@type":"ListItem","position":3,"name":"Combinaison Anti-Lac\u00e9ration APOGEE de Niveau 6"}]},{"@type":"WebSite","@id":"http:\/\/xactskateshop.com\/fr\/#website","url":"http:\/\/xactskateshop.com\/fr\/","name":"Xact Skate Shop","description":"Un site utilisant WordPress","publisher":{"@id":"http:\/\/xactskateshop.com\/fr\/#organization"},"potentialAction":[{"@type":"SearchAction","target":{"@type":"EntryPoint","urlTemplate":"http:\/\/xactskateshop.com\/fr\/?s={search_term_string}"},"query-input":{"@type":"PropertyValueSpecification","valueRequired":true,"valueName":"search_term_string"}}],"inLanguage":"fr-FR"},{"@type":"Organization","@id":"http:\/\/xactskateshop.com\/fr\/#organization","name":"XACT Skate Shop","url":"http:\/\/xactskateshop.com\/fr\/","logo":{"@type":"ImageObject","inLanguage":"fr-FR","@id":"http:\/\/xactskateshop.com\/fr\/#\/schema\/logo\/image\/","url":"http:\/\/xactskateshop.com\/wp-content\/uploads\/2024\/04\/xactskateshop-dot-com-avec-contour-noir-sans-fond-675x.jpg","contentUrl":"http:\/\/xactskateshop.com\/wp-content\/uploads\/2024\/04\/xactskateshop-dot-com-avec-contour-noir-sans-fond-675x.jpg","width":675,"height":247,"caption":"XACT Skate Shop"},"image":{"@id":"http:\/\/xactskateshop.com\/fr\/#\/schema\/logo\/image\/"},"sameAs":["https:\/\/www.facebook.com\/JeanLouiskateshop"]}]}},"_links":{"self":[{"href":"https:\/\/xactskateshop.com\/fr\/wp-json\/wp\/v2\/product\/66607","targetHints":{"allow":["GET"]}}],"collection":[{"href":"https:\/\/xactskateshop.com\/fr\/wp-json\/wp\/v2\/product"}],"about":[{"href":"https:\/\/xactskateshop.com\/fr\/wp-json\/wp\/v2\/types\/product"}],"replies":[{"embeddable":true,"href":"https:\/\/xactskateshop.com\/fr\/wp-json\/wp\/v2\/comments?post=66607"}],"wp:featuredmedia":[{"embeddable":true,"href":"https:\/\/xactskateshop.com\/fr\/wp-json\/wp\/v2\/media\/66615"}],"wp:attachment":[{"href":"https:\/\/xactskateshop.com\/fr\/wp-json\/wp\/v2\/media?parent=66607"}],"wp:term":[{"taxonomy":"product_brand","embeddable":true,"href":"https:\/\/xactskateshop.com\/fr\/wp-json\/wp\/v2\/product_brand?post=66607"},{"taxonomy":"product_cat","embeddable":true,"href":"https:\/\/xactskateshop.com\/fr\/wp-json\/wp\/v2\/product_cat?post=66607"},{"taxonomy":"product_tag","embeddable":true,"href":"https:\/\/xactskateshop.com\/fr\/wp-json\/wp\/v2\/product_tag?post=66607"}],"curies":[{"name":"wp","href":"https:\/\/api.w.org\/{rel}","templated":true}]}}