{"id":66310,"date":"2025-09-17T17:32:07","date_gmt":"2025-09-17T21:32:07","guid":{"rendered":"http:\/\/xactskateshop.com\/?post_type=product&#038;p=66310"},"modified":"2026-01-16T14:50:39","modified_gmt":"2026-01-16T19:50:39","slug":"lames-evo-ttt-12c27-lt-copy","status":"publish","type":"product","link":"https:\/\/xactskateshop.com\/fr\/produit\/lames-evo-ttt-12c27-lt-copy\/","title":{"rendered":"EHS LP Lame \u00e0 Clap CHROME"},"content":{"rendered":"<h2>EHS LP Lame \u00e0 Clap CHROME<\/h2>\n<p><span class=\"metafield-multi_line_text_field\">Il s&#8217;agit du Lame \u00e0 Clap d&#8217;entr\u00e9e de gamme d&#8217;EHS, qui offre de solides performances \u00e0 un prix abordable. Il est dot\u00e9 d&#8217;un tube en aluminium, uniquement utilis\u00e9 dans l&#8217;industrie a\u00e9ronautique, pour sa solidit\u00e9 et sa l\u00e9g\u00e8ret\u00e9. Le bord en forme d&#8217;arc sous la charni\u00e8re permet une flexion naturelle pour une confiance plus d\u00e9velopp\u00e9 sur la glace.<br \/>\nLes lames en acier inoxydable (environ 54 HRC) sont pr\u00e9-courb\u00e9es avec une courbure standard de 24 m\u00e8tres. Les ponts en aluminium usin\u00e9s CNC, un syst\u00e8me de ressort\/amortissement fiable et la compatibilit\u00e9 avec les tailles 32-48 en font un excellent choix pour les d\u00e9butants ou les patineurs de loisir. <\/span><\/p>\n<h6><\/h6>\n<h3>D\u00e9tails du produit<\/h3>\n<ul class=\"metafield-single_line_text_field-array\">\n<li class=\"metafield-single_line_text_field\">Le clap d&#8217;entr\u00e9e de gamme d&#8217;EHS offre un ensemble de qualit\u00e9 \u00e0 un prix rentable,<\/li>\n<li class=\"metafield-single_line_text_field\">Le tube est fabriqu\u00e9 \u00e0 partir d&#8217;aluminium de haute qualit\u00e9 souvent utilis\u00e9 dans l&#8217;industrie a\u00e9ronautique,<\/li>\n<li class=\"metafield-single_line_text_field\">Le bord en forme d&#8217;arc cr\u00e9e une flexion sous la charni\u00e8re, ce qui permet de diriger la lame de mani\u00e8re naturelle et sans effort,<\/li>\n<li class=\"metafield-single_line_text_field\">Les patins en acier inoxydable sont rectifi\u00e9s et tremp\u00e9s selon des tol\u00e9rances pr\u00e9cises,<\/li>\n<li class=\"metafield-single_line_text_field\">Les lames sont coup\u00e9s avec un rayon de courbure standard de 24 m,<\/li>\n<li class=\"metafield-single_line_text_field\">Ponts usin\u00e9s CNC en aluminium monobloc de haute qualit\u00e9,<\/li>\n<li class=\"metafield-single_line_text_field\">Syst\u00e8mes d&#8217;amortissement et de ressorts durables,<\/li>\n<li class=\"metafield-single_line_text_field\">Peut s&#8217;adapter \u00e0 des bottines de taille 32-48 et \u00e0 des lames de 16,0-18,0 pouces,<\/li>\n<li class=\"metafield-single_line_text_field\">Longueurs de lame disponible 13.0-18.0&#8243;.<\/li>\n<\/ul>\n<p><strong>LAMES<\/strong><\/p>\n<ul>\n<li>Aff\u00fbtez r\u00e9guli\u00e8rement les lames pour obtenir des performances optimales. Nous vous recommandons de faire appel \u00e0 des services d&#8217;aff\u00fbtage professionnels,<\/li>\n<li>Inspectez les lames pour d\u00e9tecter tout signe de dommage ou d&#8217;usure avant chaque utilisation,<\/li>\n<li>Personnalisez l&#8217;alignement de la lame en fonction de votre style de patinage pour une meilleure stabilit\u00e9.<\/li>\n<\/ul>\n<p><strong>SOINS G\u00c9N\u00c9RAUX<\/strong><\/p>\n<ul>\n<li>Essuyez les lames apr\u00e8s chaque s\u00e9ance pour \u00e9viter qu&#8217;elles ne rouillent,<\/li>\n<li>Conservez les lames dans un endroit frais et sec pour les maintenir en bon \u00e9tat,<\/li>\n<li>Remplacez rapidement les composantes us\u00e9s pour en garantir la s\u00e9curit\u00e9 et les performances.<\/li>\n<\/ul>\n<p><strong>LONGUE PISTE VS. COURTE PISTE<\/strong><\/p>\n<ul>\n<li>Longue Piste : Optez pour des lames l\u00e9g\u00e8rement plus longues afin de maximiser l&#8217;efficacit\u00e9 de la glisse.<\/li>\n<li>Courte Piste : Les lames plus courtes offrent agilit\u00e9 et rapidit\u00e9 de man\u0153uvre dans les virages serr\u00e9s de la piste.<\/li>\n<\/ul>\n<p><strong>CONSEIL D&#8217;EXPERT<\/strong><\/p>\n<ul>\n<li>Consultez notre service \u00e0 la client\u00e8le pour des conseils personnalis\u00e9s sur les dimensions et l&#8217;entretien.<\/li>\n<li>Investissez dans des prot\u00e8ges-lames pour prot\u00e9ger les lames pendant le transport hors glace.<\/li>\n<\/ul>\n<p>Si vous avez des questions ou si vous avez besoin d&#8217;aide, n&#8217;h\u00e9sitez pas \u00e0 contacter notre \u00e9quipe d&#8217;assistance.<\/p>\n<div class=\"columns\">\n<div class=\"column formedtips\">\n<p>N&#8217;OUBLIEZ PAS DE LES FAIRE PR\u00c9PARER : <a href=\"http:\/\/xactskateshop.com\/fr\/produit\/berceau-sur-lame-de-longue-piste\/\">Berceau<\/a><\/p>\n<p>En savoir plus sur EHS\/STAYBENT <a href=\"https:\/\/ehs-staybent.com\/pages\/about-us\">ici<\/a><\/p>\n<\/div>\n<\/div>\n","protected":false},"excerpt":{"rendered":"<div>\n<hr \/>\n<\/div>\n<div style=\"text-align: center;\">EHS Chrome clapskates<\/div>\n<div class=\"title-small title-font\" style=\"text-align: center;\"><span class=\"metafield-multi_line_text_field\">Il s&#8217;agit du patin \u00e0 clap d&#8217;entr\u00e9e de gamme d&#8217;EHS, qui offre de solides performances \u00e0 un prix abordable.<\/span><\/div>\n<div style=\"text-align: center;\"><span style=\"color: #ff0000;\">*** VEUILLEZ PR\u00c9CISER LA POINTURE DE LA BOTTINE DANS LA CASE COMMENTAIRE ***<\/span><\/div>\n<div>\n<hr \/>\n<\/div>\n","protected":false},"featured_media":66335,"comment_status":"open","ping_status":"closed","template":"","meta":{"site-sidebar-layout":"default","site-content-layout":"default","ast-site-content-layout":"default","site-content-style":"default","site-sidebar-style":"default","ast-global-header-display":"","ast-banner-title-visibility":"","ast-main-header-display":"","ast-hfb-above-header-display":"","ast-hfb-below-header-display":"","ast-hfb-mobile-header-display":"","site-post-title":"","ast-breadcrumbs-content":"","ast-featured-img":"","footer-sml-layout":"","ast-disable-related-posts":"","theme-transparent-header-meta":"default","adv-header-id-meta":"","stick-header-meta":"","header-above-stick-meta":"","header-main-stick-meta":"","header-below-stick-meta":"","astra-migrate-meta-layouts":"set","ast-page-background-enabled":"default","ast-page-background-meta":{"desktop":{"background-color":"","background-image":"","background-repeat":"repeat","background-position":"center center","background-size":"auto","background-attachment":"scroll","background-type":"","background-media":"","overlay-type":"","overlay-color":"","overlay-opacity":"","overlay-gradient":""},"tablet":{"background-color":"","background-image":"","background-repeat":"repeat","background-position":"center center","background-size":"auto","background-attachment":"scroll","background-type":"","background-media":"","overlay-type":"","overlay-color":"","overlay-opacity":"","overlay-gradient":""},"mobile":{"background-color":"","background-image":"","background-repeat":"repeat","background-position":"center center","background-size":"auto","background-attachment":"scroll","background-type":"","background-media":"","overlay-type":"","overlay-color":"","overlay-opacity":"","overlay-gradient":""}},"ast-content-background-meta":{"desktop":{"background-color":"var(--ast-global-color-5)","background-image":"","background-repeat":"repeat","background-position":"center center","background-size":"auto","background-attachment":"scroll","background-type":"","background-media":"","overlay-type":"","overlay-color":"","overlay-opacity":"","overlay-gradient":""},"tablet":{"background-color":"var(--ast-global-color-5)","background-image":"","background-repeat":"repeat","background-position":"center center","background-size":"auto","background-attachment":"scroll","background-type":"","background-media":"","overlay-type":"","overlay-color":"","overlay-opacity":"","overlay-gradient":""},"mobile":{"background-color":"var(--ast-global-color-5)","background-image":"","background-repeat":"repeat","background-position":"center center","background-size":"auto","background-attachment":"scroll","background-type":"","background-media":"","overlay-type":"","overlay-color":"","overlay-opacity":"","overlay-gradient":""}}},"product_brand":[],"product_cat":[1626,1431,1353],"product_tag":[1385,1996,2321,2283,1997,2282,1403,1464],"class_list":{"0":"post-66310","1":"product","2":"type-product","3":"status-publish","4":"has-post-thumbnail","6":"product_cat-lames-longue-piste","7":"product_cat-longue-piste","8":"product_cat-patinage-de-vitesse","9":"product_tag-boutique-xactskate","10":"product_tag-evo-fr","11":"product_tag-lame-de-patinage-de-vitesse-longue-piste","12":"product_tag-lames-dapplaudissements","13":"product_tag-lames-evo","14":"product_tag-lt-fr","15":"product_tag-patinage-de-vitesse","16":"product_tag-voie-longue","17":"desktop-align-center","18":"tablet-align-center","19":"mobile-align-center","20":"ast-product-gallery-layout-horizontal","21":"ast-product-single-variable","22":"ast-product-tabs-layout-horizontal","23":"ast-qv-on-image","25":"first","26":"instock","27":"sale","28":"taxable","29":"shipping-taxable","30":"purchasable","31":"product-type-variable"},"bundled_by":[],"bundle_stock_status":"instock","bundle_stock_quantity":null,"bundle_virtual":false,"bundle_layout":"","bundle_add_to_cart_form_location":"","bundle_editable_in_cart":false,"bundle_sold_individually_context":"","bundle_item_grouping":"","bundle_min_size":"","bundle_max_size":"","bundle_price":[],"bundled_items":[],"bundle_sell_ids":[],"yoast_head":"<!-- This site is optimized with the Yoast SEO plugin v27.4 - https:\/\/yoast.com\/product\/yoast-seo-wordpress\/ -->\n<title>EHS LP Lame \u00e0 Clap CHROME Xact Skate Shop %page%%%%.<\/title>\n<meta name=\"description\" content=\"Les claqueurs de chrome de l&#039;EHS. Il s&#039;agit du patin \u00e0 claquettes d&#039;entr\u00e9e de gamme d&#039;EHS, qui offre de solides performances \u00e0 un prix abordable. Procurez-vous le v\u00f4tre dans votre skate shop pr\u00e9f\u00e9r\u00e9 !\" \/>\n<meta name=\"robots\" content=\"index, follow, max-snippet:-1, max-image-preview:large, max-video-preview:-1\" \/>\n<link rel=\"canonical\" href=\"https:\/\/xactskateshop.com\/fr\/produit\/lames-evo-ttt-12c27-lt-copy\/\" \/>\n<meta property=\"og:locale\" content=\"fr_FR\" \/>\n<meta property=\"og:type\" content=\"article\" \/>\n<meta property=\"og:title\" content=\"EHS LP Lame \u00e0 Clap CHROME Xact Skate Shop %page%%%%.\" \/>\n<meta property=\"og:description\" content=\"Les claqueurs de chrome de l&#039;EHS. Il s&#039;agit du patin \u00e0 claquettes d&#039;entr\u00e9e de gamme d&#039;EHS, qui offre de solides performances \u00e0 un prix abordable. Procurez-vous le v\u00f4tre dans votre skate shop pr\u00e9f\u00e9r\u00e9 !\" \/>\n<meta property=\"og:url\" content=\"https:\/\/xactskateshop.com\/fr\/produit\/lames-evo-ttt-12c27-lt-copy\/\" \/>\n<meta property=\"og:site_name\" content=\"Xact Skate Shop\" \/>\n<meta property=\"article:publisher\" content=\"https:\/\/www.facebook.com\/JeanLouiskateshop\" \/>\n<meta property=\"article:modified_time\" content=\"2026-01-16T19:50:39+00:00\" \/>\n<meta property=\"og:image\" content=\"https:\/\/xactskateshop.com\/wp-content\/uploads\/2025\/09\/EHS-Chrome-clapskates-1.jpg\" \/>\n\t<meta property=\"og:image:width\" content=\"1000\" \/>\n\t<meta property=\"og:image:height\" content=\"1000\" \/>\n\t<meta property=\"og:image:type\" content=\"image\/jpeg\" \/>\n<meta name=\"twitter:card\" content=\"summary_large_image\" \/>\n<meta name=\"twitter:label1\" content=\"Dur\u00e9e de lecture estim\u00e9e\" \/>\n\t<meta name=\"twitter:data1\" content=\"3 minutes\" \/>\n<script type=\"application\/ld+json\" class=\"yoast-schema-graph\">{\"@context\":\"https:\\\/\\\/schema.org\",\"@graph\":[{\"@type\":\"WebPage\",\"@id\":\"https:\\\/\\\/xactskateshop.com\\\/fr\\\/produit\\\/lames-evo-ttt-12c27-lt-copy\\\/\",\"url\":\"https:\\\/\\\/xactskateshop.com\\\/fr\\\/produit\\\/lames-evo-ttt-12c27-lt-copy\\\/\",\"name\":\"EHS LP Lame \u00e0 Clap CHROME Xact Skate Shop %page%%%%.\",\"isPartOf\":{\"@id\":\"http:\\\/\\\/xactskateshop.com\\\/fr\\\/#website\"},\"primaryImageOfPage\":{\"@id\":\"https:\\\/\\\/xactskateshop.com\\\/fr\\\/produit\\\/lames-evo-ttt-12c27-lt-copy\\\/#primaryimage\"},\"image\":{\"@id\":\"https:\\\/\\\/xactskateshop.com\\\/fr\\\/produit\\\/lames-evo-ttt-12c27-lt-copy\\\/#primaryimage\"},\"thumbnailUrl\":\"https:\\\/\\\/xactskateshop.com\\\/wp-content\\\/uploads\\\/2025\\\/09\\\/EHS-Chrome-clapskates-1.jpg\",\"datePublished\":\"2025-09-17T21:32:07+00:00\",\"dateModified\":\"2026-01-16T19:50:39+00:00\",\"description\":\"Les claqueurs de chrome de l'EHS. Il s'agit du patin \u00e0 claquettes d'entr\u00e9e de gamme d'EHS, qui offre de solides performances \u00e0 un prix abordable. Procurez-vous le v\u00f4tre dans votre skate shop pr\u00e9f\u00e9r\u00e9 !\",\"breadcrumb\":{\"@id\":\"https:\\\/\\\/xactskateshop.com\\\/fr\\\/produit\\\/lames-evo-ttt-12c27-lt-copy\\\/#breadcrumb\"},\"inLanguage\":\"fr-FR\",\"potentialAction\":[{\"@type\":\"ReadAction\",\"target\":[\"https:\\\/\\\/xactskateshop.com\\\/fr\\\/produit\\\/lames-evo-ttt-12c27-lt-copy\\\/\"]}]},{\"@type\":\"ImageObject\",\"inLanguage\":\"fr-FR\",\"@id\":\"https:\\\/\\\/xactskateshop.com\\\/fr\\\/produit\\\/lames-evo-ttt-12c27-lt-copy\\\/#primaryimage\",\"url\":\"https:\\\/\\\/xactskateshop.com\\\/wp-content\\\/uploads\\\/2025\\\/09\\\/EHS-Chrome-clapskates-1.jpg\",\"contentUrl\":\"https:\\\/\\\/xactskateshop.com\\\/wp-content\\\/uploads\\\/2025\\\/09\\\/EHS-Chrome-clapskates-1.jpg\",\"width\":1000,\"height\":1000,\"caption\":\"EHS Chrome clapskates\"},{\"@type\":\"BreadcrumbList\",\"@id\":\"https:\\\/\\\/xactskateshop.com\\\/fr\\\/produit\\\/lames-evo-ttt-12c27-lt-copy\\\/#breadcrumb\",\"itemListElement\":[{\"@type\":\"ListItem\",\"position\":1,\"name\":\"Home\",\"item\":\"https:\\\/\\\/xactskateshop.com\\\/fr\\\/accueil\\\/\"},{\"@type\":\"ListItem\",\"position\":2,\"name\":\"Boutique\",\"item\":\"https:\\\/\\\/xactskateshop.com\\\/shop\\\/\"},{\"@type\":\"ListItem\",\"position\":3,\"name\":\"EHS LP Lame \u00e0 Clap CHROME\"}]},{\"@type\":\"WebSite\",\"@id\":\"http:\\\/\\\/xactskateshop.com\\\/fr\\\/#website\",\"url\":\"http:\\\/\\\/xactskateshop.com\\\/fr\\\/\",\"name\":\"Xact Skate Shop\",\"description\":\"Un site utilisant WordPress\",\"publisher\":{\"@id\":\"http:\\\/\\\/xactskateshop.com\\\/fr\\\/#organization\"},\"potentialAction\":[{\"@type\":\"SearchAction\",\"target\":{\"@type\":\"EntryPoint\",\"urlTemplate\":\"http:\\\/\\\/xactskateshop.com\\\/fr\\\/?s={search_term_string}\"},\"query-input\":{\"@type\":\"PropertyValueSpecification\",\"valueRequired\":true,\"valueName\":\"search_term_string\"}}],\"inLanguage\":\"fr-FR\"},{\"@type\":\"Organization\",\"@id\":\"http:\\\/\\\/xactskateshop.com\\\/fr\\\/#organization\",\"name\":\"XACT Skate Shop\",\"url\":\"http:\\\/\\\/xactskateshop.com\\\/fr\\\/\",\"logo\":{\"@type\":\"ImageObject\",\"inLanguage\":\"fr-FR\",\"@id\":\"http:\\\/\\\/xactskateshop.com\\\/fr\\\/#\\\/schema\\\/logo\\\/image\\\/\",\"url\":\"http:\\\/\\\/xactskateshop.com\\\/wp-content\\\/uploads\\\/2024\\\/04\\\/xactskateshop-dot-com-avec-contour-noir-sans-fond-675x.jpg\",\"contentUrl\":\"http:\\\/\\\/xactskateshop.com\\\/wp-content\\\/uploads\\\/2024\\\/04\\\/xactskateshop-dot-com-avec-contour-noir-sans-fond-675x.jpg\",\"width\":675,\"height\":247,\"caption\":\"XACT Skate Shop\"},\"image\":{\"@id\":\"http:\\\/\\\/xactskateshop.com\\\/fr\\\/#\\\/schema\\\/logo\\\/image\\\/\"},\"sameAs\":[\"https:\\\/\\\/www.facebook.com\\\/JeanLouiskateshop\"]}]}<\/script>\n<!-- \/ Yoast SEO plugin. -->","yoast_head_json":{"title":"EHS LP Lame \u00e0 Clap CHROME Xact Skate Shop %page%%%%.","description":"Les claqueurs de chrome de l'EHS. Il s'agit du patin \u00e0 claquettes d'entr\u00e9e de gamme d'EHS, qui offre de solides performances \u00e0 un prix abordable. Procurez-vous le v\u00f4tre dans votre skate shop pr\u00e9f\u00e9r\u00e9 !","robots":{"index":"index","follow":"follow","max-snippet":"max-snippet:-1","max-image-preview":"max-image-preview:large","max-video-preview":"max-video-preview:-1"},"canonical":"https:\/\/xactskateshop.com\/fr\/produit\/lames-evo-ttt-12c27-lt-copy\/","og_locale":"fr_FR","og_type":"article","og_title":"EHS LP Lame \u00e0 Clap CHROME Xact Skate Shop %page%%%%.","og_description":"Les claqueurs de chrome de l'EHS. Il s'agit du patin \u00e0 claquettes d'entr\u00e9e de gamme d'EHS, qui offre de solides performances \u00e0 un prix abordable. Procurez-vous le v\u00f4tre dans votre skate shop pr\u00e9f\u00e9r\u00e9 !","og_url":"https:\/\/xactskateshop.com\/fr\/produit\/lames-evo-ttt-12c27-lt-copy\/","og_site_name":"Xact Skate Shop","article_publisher":"https:\/\/www.facebook.com\/JeanLouiskateshop","article_modified_time":"2026-01-16T19:50:39+00:00","og_image":[{"width":1000,"height":1000,"url":"https:\/\/xactskateshop.com\/wp-content\/uploads\/2025\/09\/EHS-Chrome-clapskates-1.jpg","type":"image\/jpeg"}],"twitter_card":"summary_large_image","twitter_misc":{"Dur\u00e9e de lecture estim\u00e9e":"3 minutes"},"schema":{"@context":"https:\/\/schema.org","@graph":[{"@type":"WebPage","@id":"https:\/\/xactskateshop.com\/fr\/produit\/lames-evo-ttt-12c27-lt-copy\/","url":"https:\/\/xactskateshop.com\/fr\/produit\/lames-evo-ttt-12c27-lt-copy\/","name":"EHS LP Lame \u00e0 Clap CHROME Xact Skate Shop %page%%%%.","isPartOf":{"@id":"http:\/\/xactskateshop.com\/fr\/#website"},"primaryImageOfPage":{"@id":"https:\/\/xactskateshop.com\/fr\/produit\/lames-evo-ttt-12c27-lt-copy\/#primaryimage"},"image":{"@id":"https:\/\/xactskateshop.com\/fr\/produit\/lames-evo-ttt-12c27-lt-copy\/#primaryimage"},"thumbnailUrl":"https:\/\/xactskateshop.com\/wp-content\/uploads\/2025\/09\/EHS-Chrome-clapskates-1.jpg","datePublished":"2025-09-17T21:32:07+00:00","dateModified":"2026-01-16T19:50:39+00:00","description":"Les claqueurs de chrome de l'EHS. Il s'agit du patin \u00e0 claquettes d'entr\u00e9e de gamme d'EHS, qui offre de solides performances \u00e0 un prix abordable. Procurez-vous le v\u00f4tre dans votre skate shop pr\u00e9f\u00e9r\u00e9 !","breadcrumb":{"@id":"https:\/\/xactskateshop.com\/fr\/produit\/lames-evo-ttt-12c27-lt-copy\/#breadcrumb"},"inLanguage":"fr-FR","potentialAction":[{"@type":"ReadAction","target":["https:\/\/xactskateshop.com\/fr\/produit\/lames-evo-ttt-12c27-lt-copy\/"]}]},{"@type":"ImageObject","inLanguage":"fr-FR","@id":"https:\/\/xactskateshop.com\/fr\/produit\/lames-evo-ttt-12c27-lt-copy\/#primaryimage","url":"https:\/\/xactskateshop.com\/wp-content\/uploads\/2025\/09\/EHS-Chrome-clapskates-1.jpg","contentUrl":"https:\/\/xactskateshop.com\/wp-content\/uploads\/2025\/09\/EHS-Chrome-clapskates-1.jpg","width":1000,"height":1000,"caption":"EHS Chrome clapskates"},{"@type":"BreadcrumbList","@id":"https:\/\/xactskateshop.com\/fr\/produit\/lames-evo-ttt-12c27-lt-copy\/#breadcrumb","itemListElement":[{"@type":"ListItem","position":1,"name":"Home","item":"https:\/\/xactskateshop.com\/fr\/accueil\/"},{"@type":"ListItem","position":2,"name":"Boutique","item":"https:\/\/xactskateshop.com\/shop\/"},{"@type":"ListItem","position":3,"name":"EHS LP Lame \u00e0 Clap CHROME"}]},{"@type":"WebSite","@id":"http:\/\/xactskateshop.com\/fr\/#website","url":"http:\/\/xactskateshop.com\/fr\/","name":"Xact Skate Shop","description":"Un site utilisant WordPress","publisher":{"@id":"http:\/\/xactskateshop.com\/fr\/#organization"},"potentialAction":[{"@type":"SearchAction","target":{"@type":"EntryPoint","urlTemplate":"http:\/\/xactskateshop.com\/fr\/?s={search_term_string}"},"query-input":{"@type":"PropertyValueSpecification","valueRequired":true,"valueName":"search_term_string"}}],"inLanguage":"fr-FR"},{"@type":"Organization","@id":"http:\/\/xactskateshop.com\/fr\/#organization","name":"XACT Skate Shop","url":"http:\/\/xactskateshop.com\/fr\/","logo":{"@type":"ImageObject","inLanguage":"fr-FR","@id":"http:\/\/xactskateshop.com\/fr\/#\/schema\/logo\/image\/","url":"http:\/\/xactskateshop.com\/wp-content\/uploads\/2024\/04\/xactskateshop-dot-com-avec-contour-noir-sans-fond-675x.jpg","contentUrl":"http:\/\/xactskateshop.com\/wp-content\/uploads\/2024\/04\/xactskateshop-dot-com-avec-contour-noir-sans-fond-675x.jpg","width":675,"height":247,"caption":"XACT Skate Shop"},"image":{"@id":"http:\/\/xactskateshop.com\/fr\/#\/schema\/logo\/image\/"},"sameAs":["https:\/\/www.facebook.com\/JeanLouiskateshop"]}]}},"_links":{"self":[{"href":"https:\/\/xactskateshop.com\/fr\/wp-json\/wp\/v2\/product\/66310","targetHints":{"allow":["GET"]}}],"collection":[{"href":"https:\/\/xactskateshop.com\/fr\/wp-json\/wp\/v2\/product"}],"about":[{"href":"https:\/\/xactskateshop.com\/fr\/wp-json\/wp\/v2\/types\/product"}],"replies":[{"embeddable":true,"href":"https:\/\/xactskateshop.com\/fr\/wp-json\/wp\/v2\/comments?post=66310"}],"wp:featuredmedia":[{"embeddable":true,"href":"https:\/\/xactskateshop.com\/fr\/wp-json\/wp\/v2\/media\/66335"}],"wp:attachment":[{"href":"https:\/\/xactskateshop.com\/fr\/wp-json\/wp\/v2\/media?parent=66310"}],"wp:term":[{"taxonomy":"product_brand","embeddable":true,"href":"https:\/\/xactskateshop.com\/fr\/wp-json\/wp\/v2\/product_brand?post=66310"},{"taxonomy":"product_cat","embeddable":true,"href":"https:\/\/xactskateshop.com\/fr\/wp-json\/wp\/v2\/product_cat?post=66310"},{"taxonomy":"product_tag","embeddable":true,"href":"https:\/\/xactskateshop.com\/fr\/wp-json\/wp\/v2\/product_tag?post=66310"}],"curies":[{"name":"wp","href":"https:\/\/api.w.org\/{rel}","templated":true}]}}