{"id":66244,"date":"2020-10-30T14:16:23","date_gmt":"2020-10-30T18:16:23","guid":{"rendered":"http:\/\/xactskateshop.com\/product\/chaussons-complets-ezeefit-skins\/"},"modified":"2020-10-30T14:16:23","modified_gmt":"2020-10-30T18:16:23","slug":"chaussons-complets-ezeefit-skins","status":"publish","type":"product","link":"https:\/\/xactskateshop.com\/fr\/produit\/chaussons-complets-ezeefit-skins\/","title":{"rendered":"Chaussons complets EZEEFIT SKINS"},"content":{"rendered":"<h2>Chaussons complets EZEEFIT SKINS<\/h2>\n<p><span style=\"font-size: 16px; font-style: normal; font-weight: 400;\">Notre tout nouveau chausson int\u00e9gral EZEEFIT SKINS est \u00e0 peine plus \u00e9pais que notre chausson int\u00e9gral ultrafin (0,087 mm), mais il est consid\u00e9rablement plus doux et plus extensible. Il est \u00e9galement dot\u00e9 d&#8217;un int\u00e9rieur en microfibre qui ressemble \u00e0 de la soie contre votre peau. Le nouveau mat\u00e9riau offre \u00e9galement un peu plus de rembourrage, mais ne prend pas plus de place.  <\/span><\/p>\n<p>&nbsp;<\/p>\n<h3>Caract\u00e9ristiques<\/h3>\n<ul>\n<li><span class=\"style2\"><span class=\"body\"><span class=\"subhead\"><span class=\"productprice\">Parfait pour le froid et les sports nautiques<\/span><\/span><\/span><\/span><\/li>\n<li><span class=\"style2\"><span class=\"body\"><span class=\"subhead\"><span class=\"productprice\">Cr\u00e9e une barri\u00e8re de frottement<\/span><\/span><\/span><\/span><\/li>\n<li><span class=\"style2\"><span class=\"body\"><span class=\"subhead\"><span class=\"productprice\">Isolation par temps froid<\/span><\/span><\/span><\/span><\/li>\n<li><span class=\"style2\"><span class=\"body\"><span class=\"subhead\"><span class=\"productprice\">Plus confortable que les chaussettes traditionnelles<\/span><\/span><\/span><\/span><\/li>\n<li><span class=\"style2\"><span class=\"body\"><span class=\"subhead\"><span class=\"productprice\">Fonctionne \u00e0 l&#8217;\u00e9tat humide ou sec<\/span><\/span><\/span><\/span><\/li>\n<li><span class=\"style2\"><span class=\"body\"><span class=\"subhead\"><span class=\"productprice\">Vendu par paire<\/span><\/span><\/span><\/span><\/li>\n<\/ul>\n<p><span class=\"style2\"><span class=\"body\">Couleur gris clair. Chausson int\u00e9gral Ezeefit,   <\/span><\/span><span style=\"font-size: 16px; font-style: normal; font-weight: 400;\">Id\u00e9al pour les sports nautiques, les sports d&#8217;hiver et les temps froids\/humides.<\/span><\/p>\n<h5>VEUILLEZ NOTER &#8211; La production de cet article est tr\u00e8s importante, il faut donc r\u00e9duire la taille d&#8217;une pointure.<\/h5>\n<p>&nbsp;<\/p>\n<p>Trouvez la version bottine <a href=\"http:\/\/xactskateshop.com\/product\/ezeefit-skins-ankle-booties\/\">ici<\/a><\/p>\n<p>Vous pouvez \u00e9galement le trouver sur le site de <a href=\"http:\/\/www.bont.ca\">BONT CANADA<\/a>,<\/p>\n","protected":false},"excerpt":{"rendered":"<p>Solution pour ampoules Ezeefit<\/p>\n<p><span id=\"product_description\"><span class=\"style2\"><span class=\"body\">Notre tout nouveau chausson Full-Foot Ezeefitskins est \u00e0 peine plus \u00e9pais que notre Full-foot ultrafin (.087 mm), mais il est consid\u00e9rablement plus doux et plus extensible. Ce nouveau mat\u00e9riau offre \u00e9galement un peu plus de rembourrage tout en ne prenant pas plus de place.<br \/>\nCouleur gris clair. Ezeefit full bootie<br \/>\n<\/span><\/span><\/span><\/p>\n","protected":false},"featured_media":28302,"comment_status":"open","ping_status":"closed","template":"","meta":{"site-sidebar-layout":"default","site-content-layout":"default","ast-site-content-layout":"default","site-content-style":"default","site-sidebar-style":"default","ast-global-header-display":"","ast-banner-title-visibility":"","ast-main-header-display":"","ast-hfb-above-header-display":"","ast-hfb-below-header-display":"","ast-hfb-mobile-header-display":"","site-post-title":"","ast-breadcrumbs-content":"","ast-featured-img":"","footer-sml-layout":"","theme-transparent-header-meta":"default","adv-header-id-meta":"","stick-header-meta":"","header-above-stick-meta":"","header-main-stick-meta":"","header-below-stick-meta":"","astra-migrate-meta-layouts":"default","ast-page-background-enabled":"default","ast-page-background-meta":{"desktop":{"background-color":"","background-image":"","background-repeat":"repeat","background-position":"center center","background-size":"auto","background-attachment":"scroll","background-type":"","background-media":"","overlay-type":"","overlay-color":"","overlay-opacity":"","overlay-gradient":""},"tablet":{"background-color":"","background-image":"","background-repeat":"repeat","background-position":"center center","background-size":"auto","background-attachment":"scroll","background-type":"","background-media":"","overlay-type":"","overlay-color":"","overlay-opacity":"","overlay-gradient":""},"mobile":{"background-color":"","background-image":"","background-repeat":"repeat","background-position":"center center","background-size":"auto","background-attachment":"scroll","background-type":"","background-media":"","overlay-type":"","overlay-color":"","overlay-opacity":"","overlay-gradient":""}},"ast-content-background-meta":{"desktop":{"background-color":"var(--ast-global-color-5)","background-image":"","background-repeat":"repeat","background-position":"center center","background-size":"auto","background-attachment":"scroll","background-type":"","background-media":"","overlay-type":"","overlay-color":"","overlay-opacity":"","overlay-gradient":""},"tablet":{"background-color":"var(--ast-global-color-5)","background-image":"","background-repeat":"repeat","background-position":"center center","background-size":"auto","background-attachment":"scroll","background-type":"","background-media":"","overlay-type":"","overlay-color":"","overlay-opacity":"","overlay-gradient":""},"mobile":{"background-color":"var(--ast-global-color-5)","background-image":"","background-repeat":"repeat","background-position":"center center","background-size":"auto","background-attachment":"scroll","background-type":"","background-media":"","overlay-type":"","overlay-color":"","overlay-opacity":"","overlay-gradient":""}}},"product_brand":[],"product_cat":[1527,1529,1530,1528],"product_tag":[1533,1578,1534,1531,1532],"class_list":{"0":"post-66244","1":"product","2":"type-product","3":"status-publish","4":"has-post-thumbnail","6":"product_cat-accessoires-courte-piste","7":"product_cat-accessoires-de-patinage-a-roues-alignees","8":"product_cat-accessoires-pour-patins-a-roulettes","9":"product_cat-ezeefit-fr","10":"product_tag-bottine-ezeefit","11":"product_tag-chausson-complet-ezeefit","12":"product_tag-ezeefit-fr","13":"product_tag-ezeefit-canada-fr","14":"product_tag-solution-pour-ampoules-ezeefit","15":"desktop-align-center","16":"tablet-align-center","17":"mobile-align-center","18":"ast-product-gallery-layout-horizontal","19":"ast-product-single-variable","20":"ast-product-tabs-layout-horizontal","21":"ast-qv-on-image","23":"first","24":"instock","25":"sale","26":"taxable","27":"shipping-taxable","28":"purchasable","29":"product-type-variable"},"bundled_by":[],"bundle_stock_status":"instock","bundle_stock_quantity":null,"bundle_virtual":false,"bundle_layout":"","bundle_add_to_cart_form_location":"","bundle_editable_in_cart":false,"bundle_sold_individually_context":"","bundle_item_grouping":"","bundle_min_size":"","bundle_max_size":"","bundle_price":[],"bundled_items":[],"bundle_sell_ids":[],"yoast_head":"<!-- This site is optimized with the Yoast SEO plugin v27.4 - https:\/\/yoast.com\/product\/yoast-seo-wordpress\/ -->\n<title>Chaussons complets EZEEFIT SKINS - Xact Skate Shop<\/title>\n<meta name=\"description\" content=\"Chaussons complets EZEEFIT SKINS. Notre chausson Full-Foot Ezeefitskins est seulement un peu plus \u00e9pais que notre Full-foot ultrafin (.087 mm) mais plus doux et plus extensible.\" \/>\n<meta name=\"robots\" content=\"index, follow, max-snippet:-1, max-image-preview:large, max-video-preview:-1\" \/>\n<link rel=\"canonical\" href=\"https:\/\/xactskateshop.com\/fr\/produit\/chaussons-complets-ezeefit-skins\/\" \/>\n<meta property=\"og:locale\" content=\"fr_FR\" \/>\n<meta property=\"og:type\" content=\"article\" \/>\n<meta property=\"og:title\" content=\"Chaussons complets EZEEFIT SKINS - Xact Skate Shop\" \/>\n<meta property=\"og:description\" content=\"Chaussons complets EZEEFIT SKINS. Notre chausson Full-Foot Ezeefitskins est seulement un peu plus \u00e9pais que notre Full-foot ultrafin (.087 mm) mais plus doux et plus extensible.\" \/>\n<meta property=\"og:url\" content=\"https:\/\/xactskateshop.com\/fr\/produit\/chaussons-complets-ezeefit-skins\/\" \/>\n<meta property=\"og:site_name\" content=\"Xact Skate Shop\" \/>\n<meta property=\"article:publisher\" content=\"https:\/\/www.facebook.com\/JeanLouiskateshop\" \/>\n<meta property=\"og:image\" content=\"https:\/\/xactskateshop.com\/wp-content\/uploads\/2020\/10\/FULL-SKINS-web.jpg\" \/>\n\t<meta property=\"og:image:width\" content=\"1000\" \/>\n\t<meta property=\"og:image:height\" content=\"1000\" \/>\n\t<meta property=\"og:image:type\" content=\"image\/jpeg\" \/>\n<meta name=\"twitter:card\" content=\"summary_large_image\" \/>\n<meta name=\"twitter:label1\" content=\"Dur\u00e9e de lecture estim\u00e9e\" \/>\n\t<meta name=\"twitter:data1\" content=\"1 minute\" \/>\n<script type=\"application\/ld+json\" class=\"yoast-schema-graph\">{\"@context\":\"https:\\\/\\\/schema.org\",\"@graph\":[{\"@type\":\"WebPage\",\"@id\":\"https:\\\/\\\/xactskateshop.com\\\/fr\\\/produit\\\/chaussons-complets-ezeefit-skins\\\/\",\"url\":\"https:\\\/\\\/xactskateshop.com\\\/fr\\\/produit\\\/chaussons-complets-ezeefit-skins\\\/\",\"name\":\"Chaussons complets EZEEFIT SKINS - Xact Skate Shop\",\"isPartOf\":{\"@id\":\"http:\\\/\\\/xactskateshop.com\\\/fr\\\/#website\"},\"primaryImageOfPage\":{\"@id\":\"https:\\\/\\\/xactskateshop.com\\\/fr\\\/produit\\\/chaussons-complets-ezeefit-skins\\\/#primaryimage\"},\"image\":{\"@id\":\"https:\\\/\\\/xactskateshop.com\\\/fr\\\/produit\\\/chaussons-complets-ezeefit-skins\\\/#primaryimage\"},\"thumbnailUrl\":\"https:\\\/\\\/xactskateshop.com\\\/wp-content\\\/uploads\\\/2020\\\/10\\\/FULL-SKINS-web.jpg\",\"datePublished\":\"2020-10-30T18:16:23+00:00\",\"description\":\"Chaussons complets EZEEFIT SKINS. Notre chausson Full-Foot Ezeefitskins est seulement un peu plus \u00e9pais que notre Full-foot ultrafin (.087 mm) mais plus doux et plus extensible.\",\"breadcrumb\":{\"@id\":\"https:\\\/\\\/xactskateshop.com\\\/fr\\\/produit\\\/chaussons-complets-ezeefit-skins\\\/#breadcrumb\"},\"inLanguage\":\"fr-FR\",\"potentialAction\":[{\"@type\":\"ReadAction\",\"target\":[\"https:\\\/\\\/xactskateshop.com\\\/fr\\\/produit\\\/chaussons-complets-ezeefit-skins\\\/\"]}]},{\"@type\":\"ImageObject\",\"inLanguage\":\"fr-FR\",\"@id\":\"https:\\\/\\\/xactskateshop.com\\\/fr\\\/produit\\\/chaussons-complets-ezeefit-skins\\\/#primaryimage\",\"url\":\"https:\\\/\\\/xactskateshop.com\\\/wp-content\\\/uploads\\\/2020\\\/10\\\/FULL-SKINS-web.jpg\",\"contentUrl\":\"https:\\\/\\\/xactskateshop.com\\\/wp-content\\\/uploads\\\/2020\\\/10\\\/FULL-SKINS-web.jpg\",\"width\":1000,\"height\":1000,\"caption\":\"Ezeefit blister solution full skins bootie\"},{\"@type\":\"BreadcrumbList\",\"@id\":\"https:\\\/\\\/xactskateshop.com\\\/fr\\\/produit\\\/chaussons-complets-ezeefit-skins\\\/#breadcrumb\",\"itemListElement\":[{\"@type\":\"ListItem\",\"position\":1,\"name\":\"Home\",\"item\":\"https:\\\/\\\/xactskateshop.com\\\/fr\\\/accueil\\\/\"},{\"@type\":\"ListItem\",\"position\":2,\"name\":\"Boutique\",\"item\":\"https:\\\/\\\/xactskateshop.com\\\/shop\\\/\"},{\"@type\":\"ListItem\",\"position\":3,\"name\":\"Chaussons complets EZEEFIT SKINS\"}]},{\"@type\":\"WebSite\",\"@id\":\"http:\\\/\\\/xactskateshop.com\\\/fr\\\/#website\",\"url\":\"http:\\\/\\\/xactskateshop.com\\\/fr\\\/\",\"name\":\"Xact Skate Shop\",\"description\":\"Un site utilisant WordPress\",\"publisher\":{\"@id\":\"http:\\\/\\\/xactskateshop.com\\\/fr\\\/#organization\"},\"potentialAction\":[{\"@type\":\"SearchAction\",\"target\":{\"@type\":\"EntryPoint\",\"urlTemplate\":\"http:\\\/\\\/xactskateshop.com\\\/fr\\\/?s={search_term_string}\"},\"query-input\":{\"@type\":\"PropertyValueSpecification\",\"valueRequired\":true,\"valueName\":\"search_term_string\"}}],\"inLanguage\":\"fr-FR\"},{\"@type\":\"Organization\",\"@id\":\"http:\\\/\\\/xactskateshop.com\\\/fr\\\/#organization\",\"name\":\"XACT Skate Shop\",\"url\":\"http:\\\/\\\/xactskateshop.com\\\/fr\\\/\",\"logo\":{\"@type\":\"ImageObject\",\"inLanguage\":\"fr-FR\",\"@id\":\"http:\\\/\\\/xactskateshop.com\\\/fr\\\/#\\\/schema\\\/logo\\\/image\\\/\",\"url\":\"http:\\\/\\\/xactskateshop.com\\\/wp-content\\\/uploads\\\/2024\\\/04\\\/xactskateshop-dot-com-avec-contour-noir-sans-fond-675x.jpg\",\"contentUrl\":\"http:\\\/\\\/xactskateshop.com\\\/wp-content\\\/uploads\\\/2024\\\/04\\\/xactskateshop-dot-com-avec-contour-noir-sans-fond-675x.jpg\",\"width\":675,\"height\":247,\"caption\":\"XACT Skate Shop\"},\"image\":{\"@id\":\"http:\\\/\\\/xactskateshop.com\\\/fr\\\/#\\\/schema\\\/logo\\\/image\\\/\"},\"sameAs\":[\"https:\\\/\\\/www.facebook.com\\\/JeanLouiskateshop\"]}]}<\/script>\n<!-- \/ Yoast SEO plugin. -->","yoast_head_json":{"title":"Chaussons complets EZEEFIT SKINS - Xact Skate Shop","description":"Chaussons complets EZEEFIT SKINS. Notre chausson Full-Foot Ezeefitskins est seulement un peu plus \u00e9pais que notre Full-foot ultrafin (.087 mm) mais plus doux et plus extensible.","robots":{"index":"index","follow":"follow","max-snippet":"max-snippet:-1","max-image-preview":"max-image-preview:large","max-video-preview":"max-video-preview:-1"},"canonical":"https:\/\/xactskateshop.com\/fr\/produit\/chaussons-complets-ezeefit-skins\/","og_locale":"fr_FR","og_type":"article","og_title":"Chaussons complets EZEEFIT SKINS - Xact Skate Shop","og_description":"Chaussons complets EZEEFIT SKINS. Notre chausson Full-Foot Ezeefitskins est seulement un peu plus \u00e9pais que notre Full-foot ultrafin (.087 mm) mais plus doux et plus extensible.","og_url":"https:\/\/xactskateshop.com\/fr\/produit\/chaussons-complets-ezeefit-skins\/","og_site_name":"Xact Skate Shop","article_publisher":"https:\/\/www.facebook.com\/JeanLouiskateshop","og_image":[{"width":1000,"height":1000,"url":"https:\/\/xactskateshop.com\/wp-content\/uploads\/2020\/10\/FULL-SKINS-web.jpg","type":"image\/jpeg"}],"twitter_card":"summary_large_image","twitter_misc":{"Dur\u00e9e de lecture estim\u00e9e":"1 minute"},"schema":{"@context":"https:\/\/schema.org","@graph":[{"@type":"WebPage","@id":"https:\/\/xactskateshop.com\/fr\/produit\/chaussons-complets-ezeefit-skins\/","url":"https:\/\/xactskateshop.com\/fr\/produit\/chaussons-complets-ezeefit-skins\/","name":"Chaussons complets EZEEFIT SKINS - Xact Skate Shop","isPartOf":{"@id":"http:\/\/xactskateshop.com\/fr\/#website"},"primaryImageOfPage":{"@id":"https:\/\/xactskateshop.com\/fr\/produit\/chaussons-complets-ezeefit-skins\/#primaryimage"},"image":{"@id":"https:\/\/xactskateshop.com\/fr\/produit\/chaussons-complets-ezeefit-skins\/#primaryimage"},"thumbnailUrl":"https:\/\/xactskateshop.com\/wp-content\/uploads\/2020\/10\/FULL-SKINS-web.jpg","datePublished":"2020-10-30T18:16:23+00:00","description":"Chaussons complets EZEEFIT SKINS. Notre chausson Full-Foot Ezeefitskins est seulement un peu plus \u00e9pais que notre Full-foot ultrafin (.087 mm) mais plus doux et plus extensible.","breadcrumb":{"@id":"https:\/\/xactskateshop.com\/fr\/produit\/chaussons-complets-ezeefit-skins\/#breadcrumb"},"inLanguage":"fr-FR","potentialAction":[{"@type":"ReadAction","target":["https:\/\/xactskateshop.com\/fr\/produit\/chaussons-complets-ezeefit-skins\/"]}]},{"@type":"ImageObject","inLanguage":"fr-FR","@id":"https:\/\/xactskateshop.com\/fr\/produit\/chaussons-complets-ezeefit-skins\/#primaryimage","url":"https:\/\/xactskateshop.com\/wp-content\/uploads\/2020\/10\/FULL-SKINS-web.jpg","contentUrl":"https:\/\/xactskateshop.com\/wp-content\/uploads\/2020\/10\/FULL-SKINS-web.jpg","width":1000,"height":1000,"caption":"Ezeefit blister solution full skins bootie"},{"@type":"BreadcrumbList","@id":"https:\/\/xactskateshop.com\/fr\/produit\/chaussons-complets-ezeefit-skins\/#breadcrumb","itemListElement":[{"@type":"ListItem","position":1,"name":"Home","item":"https:\/\/xactskateshop.com\/fr\/accueil\/"},{"@type":"ListItem","position":2,"name":"Boutique","item":"https:\/\/xactskateshop.com\/shop\/"},{"@type":"ListItem","position":3,"name":"Chaussons complets EZEEFIT SKINS"}]},{"@type":"WebSite","@id":"http:\/\/xactskateshop.com\/fr\/#website","url":"http:\/\/xactskateshop.com\/fr\/","name":"Xact Skate Shop","description":"Un site utilisant WordPress","publisher":{"@id":"http:\/\/xactskateshop.com\/fr\/#organization"},"potentialAction":[{"@type":"SearchAction","target":{"@type":"EntryPoint","urlTemplate":"http:\/\/xactskateshop.com\/fr\/?s={search_term_string}"},"query-input":{"@type":"PropertyValueSpecification","valueRequired":true,"valueName":"search_term_string"}}],"inLanguage":"fr-FR"},{"@type":"Organization","@id":"http:\/\/xactskateshop.com\/fr\/#organization","name":"XACT Skate Shop","url":"http:\/\/xactskateshop.com\/fr\/","logo":{"@type":"ImageObject","inLanguage":"fr-FR","@id":"http:\/\/xactskateshop.com\/fr\/#\/schema\/logo\/image\/","url":"http:\/\/xactskateshop.com\/wp-content\/uploads\/2024\/04\/xactskateshop-dot-com-avec-contour-noir-sans-fond-675x.jpg","contentUrl":"http:\/\/xactskateshop.com\/wp-content\/uploads\/2024\/04\/xactskateshop-dot-com-avec-contour-noir-sans-fond-675x.jpg","width":675,"height":247,"caption":"XACT Skate Shop"},"image":{"@id":"http:\/\/xactskateshop.com\/fr\/#\/schema\/logo\/image\/"},"sameAs":["https:\/\/www.facebook.com\/JeanLouiskateshop"]}]}},"_links":{"self":[{"href":"https:\/\/xactskateshop.com\/fr\/wp-json\/wp\/v2\/product\/66244","targetHints":{"allow":["GET"]}}],"collection":[{"href":"https:\/\/xactskateshop.com\/fr\/wp-json\/wp\/v2\/product"}],"about":[{"href":"https:\/\/xactskateshop.com\/fr\/wp-json\/wp\/v2\/types\/product"}],"replies":[{"embeddable":true,"href":"https:\/\/xactskateshop.com\/fr\/wp-json\/wp\/v2\/comments?post=66244"}],"wp:featuredmedia":[{"embeddable":true,"href":"https:\/\/xactskateshop.com\/fr\/wp-json\/wp\/v2\/media\/28302"}],"wp:attachment":[{"href":"https:\/\/xactskateshop.com\/fr\/wp-json\/wp\/v2\/media?parent=66244"}],"wp:term":[{"taxonomy":"product_brand","embeddable":true,"href":"https:\/\/xactskateshop.com\/fr\/wp-json\/wp\/v2\/product_brand?post=66244"},{"taxonomy":"product_cat","embeddable":true,"href":"https:\/\/xactskateshop.com\/fr\/wp-json\/wp\/v2\/product_cat?post=66244"},{"taxonomy":"product_tag","embeddable":true,"href":"https:\/\/xactskateshop.com\/fr\/wp-json\/wp\/v2\/product_tag?post=66244"}],"curies":[{"name":"wp","href":"https:\/\/api.w.org\/{rel}","templated":true}]}}