{"id":66221,"date":"2020-10-29T14:29:59","date_gmt":"2020-10-29T18:29:59","guid":{"rendered":"http:\/\/xactskateshop.com\/product\/guardog-2-pieces-protege-lames\/"},"modified":"2026-04-09T09:59:18","modified_gmt":"2026-04-09T13:59:18","slug":"guardog-2-pieces-protege-lames","status":"publish","type":"product","link":"https:\/\/xactskateshop.com\/fr\/produit\/guardog-2-pieces-protege-lames\/","title":{"rendered":"GUARDOG 2 Pieces Prot\u00e8ge-lames"},"content":{"rendered":"<h2>GUARDOG 2 Pieces Prot\u00e8ge-lames<\/h2>\n<p>LE Compl\u00e8tement r\u00e9glable. Top Notch\u2122 conception traditionnelle en 2 pi\u00e8ces Guardog\u2122. S&#8217;adapte \u00e0 la plupart des types de lames de patins de vitesse.  <\/p>\n<h5>Vendu par paire !<\/h5>\n<h1>Fabriqu\u00e9 au Canada !<\/h1>\n<h4>Le pedigree du Guardog\u2122<\/h4>\n<p>Il y a quarante ans, notre soci\u00e9t\u00e9, Marc Evon Enterprises Inc. a cr\u00e9\u00e9 le premier skateguard en deux pi\u00e8ces, mix &#8216;n match<br \/>\n. Au cours de nos ann\u00e9es d&#8217;innovation, des millions de patineurs, y compris d&#8217;innombrables comp\u00e9titeurs professionnels et amateurs de renomm\u00e9e internationale<br \/>\n, se sont fi\u00e9s \u00e0 nos protections pour prot\u00e9ger leurs lames. Tant de patineurs<br \/>\nont appel\u00e9 nos protections leur &#8220;meilleur ami&#8221;. Nous avons pens\u00e9 que le nom de notre produit, Guardog\u2122, \u00e9tait \u00e0 la fois amusant et<br \/>\nappropri\u00e9. Symbolis\u00e9e par notre logo d&#8217;entreprise compos\u00e9 du &#8220;G&#8221; avec des empreintes de pattes et de la feuille d&#8217;\u00e9rable canadienne rouge<br \/>\n, la marque Guardog\u2122 est synonyme de qualit\u00e9, d&#8217;innovation et de notre h\u00e9ritage fi\u00e8rement canadien.     <\/p>\n<p>&nbsp;<\/p>\n<h4>Notre gamme de produits<\/h4>\n<p>Accessoires pour le patinage artistique, le hockey, le patinage de vitesse et les v\u00eatements souples. Ils sont \u00e9galement repr\u00e9sent\u00e9s par nos diff\u00e9rents logos de chiens<br \/>\n. Pour rester dans l&#8217;id\u00e9e de l&#8217;amusement, chacun des chiens a \u00e9t\u00e9 sp\u00e9cifiquement choisi pour symboliser chaque domaine de nos produits<br \/>\n. Ainsi, un chiot pour la FIGURE, un bouledogue pour le HOCKEY, un l\u00e9vrier pour la VITESSE et un Shar-pei pour<br \/>\nSOFTWEAR.   <\/p>\n<p>&nbsp;<\/p>\n<h4>Au fil des ans,<\/h4>\n<p>Au fur et \u00e0 mesure de l&#8217;\u00e9volution de notre marque, nous avons lanc\u00e9 l&#8217;id\u00e9e qu&#8217;une protection sup\u00e9rieure des lames pouvait \u00e9galement \u00eatre synonyme de<br \/>\nfun, d&#8217;expression personnelle, d&#8217;UNIQUIT\u00c9, d&#8217;individualit\u00e9 et de choix. Beaucoup de choix. Cr\u00e9\u00e9 par nos couleurs sup\u00e9rieures et<br \/>\neffets, finitions, traitements et parfums innovants. \u00c0 son tour, chacun des attributs ci-dessus est<br \/>\nsymbolis\u00e9 par un logo amusant, color\u00e9 et graphiquement attrayant, comme on peut le voir ci-dessous.<br \/>\nEn 2017, suivant l&#8217;id\u00e9e que les VIEUX CHIENS peuvent apprendre de NOUVEAUX TRICKS, nous avons introduit le nouveau TOP NOTCH\u2122<br \/>\nskateguard universel en deux pi\u00e8ces. Non seulement il avait une esth\u00e9tique actualis\u00e9e et fonctionnelle (pour se distinguer de<br \/>\nles diverses copies de notre conception originale), mais il comprenait de nombreuses nouvelles caract\u00e9ristiques pour un meilleur ajustement et de meilleures performances.    <\/p>\n<p>Et nous ne nous sommes pas arr\u00eat\u00e9s l\u00e0. En 2018, le nouveau skateguard universel deux pi\u00e8ces ZIGZAGZ\u2122 a continu\u00e9<br \/>\nla tradition Guardog\u2122 et a encore renforc\u00e9 la notion que &#8220;It&#8217;s your turn to Freestyle&#8221;.<br \/>\nAlors que nous c\u00e9l\u00e9brons notre 40e anniversaire, nous l&#8217;avons fait en 2020, avec une &#8220;vision parfaite&#8221; pour l&#8217;avenir, bas\u00e9e sur<br \/>\nnotre h\u00e9ritage ininterrompu de haute qualit\u00e9 et d&#8217;innovation. <\/p>\n<p>&nbsp;<\/p>\n<p>Voyez nos mod\u00e8les 3 pi\u00e8ces <a href=\"http:\/\/xactskateshop.com\/product\/guardog-3-pieces-skate-guards\/\">ici<\/a><\/p>\n","protected":false},"excerpt":{"rendered":"<hr>\n<p style=\"text-align: center;\">Enti\u00e8rement r\u00e9glable. Top Notch\u2122 conception traditionnelle en 2 pi\u00e8ces Guardog\u2122. S&#8217;adapte \u00e0 la plupart des types de lames de patins de vitesse.  <\/p>\n<hr>\n<p style=\"text-align: center;\">Fabriqu\u00e9 au Canada<\/p>\n<hr>\n<p style=\"text-align: center;\">\n","protected":false},"featured_media":28234,"comment_status":"open","ping_status":"closed","template":"","meta":{"site-sidebar-layout":"default","site-content-layout":"default","ast-site-content-layout":"default","site-content-style":"default","site-sidebar-style":"default","ast-global-header-display":"","ast-banner-title-visibility":"","ast-main-header-display":"","ast-hfb-above-header-display":"","ast-hfb-below-header-display":"","ast-hfb-mobile-header-display":"","site-post-title":"","ast-breadcrumbs-content":"","ast-featured-img":"","footer-sml-layout":"","theme-transparent-header-meta":"default","adv-header-id-meta":"","stick-header-meta":"","header-above-stick-meta":"","header-main-stick-meta":"","header-below-stick-meta":"","astra-migrate-meta-layouts":"default","ast-page-background-enabled":"default","ast-page-background-meta":{"desktop":{"background-color":"","background-image":"","background-repeat":"repeat","background-position":"center center","background-size":"auto","background-attachment":"scroll","background-type":"","background-media":"","overlay-type":"","overlay-color":"","overlay-opacity":"","overlay-gradient":""},"tablet":{"background-color":"","background-image":"","background-repeat":"repeat","background-position":"center center","background-size":"auto","background-attachment":"scroll","background-type":"","background-media":"","overlay-type":"","overlay-color":"","overlay-opacity":"","overlay-gradient":""},"mobile":{"background-color":"","background-image":"","background-repeat":"repeat","background-position":"center center","background-size":"auto","background-attachment":"scroll","background-type":"","background-media":"","overlay-type":"","overlay-color":"","overlay-opacity":"","overlay-gradient":""}},"ast-content-background-meta":{"desktop":{"background-color":"var(--ast-global-color-5)","background-image":"","background-repeat":"repeat","background-position":"center center","background-size":"auto","background-attachment":"scroll","background-type":"","background-media":"","overlay-type":"","overlay-color":"","overlay-opacity":"","overlay-gradient":""},"tablet":{"background-color":"var(--ast-global-color-5)","background-image":"","background-repeat":"repeat","background-position":"center center","background-size":"auto","background-attachment":"scroll","background-type":"","background-media":"","overlay-type":"","overlay-color":"","overlay-opacity":"","overlay-gradient":""},"mobile":{"background-color":"var(--ast-global-color-5)","background-image":"","background-repeat":"repeat","background-position":"center center","background-size":"auto","background-attachment":"scroll","background-type":"","background-media":"","overlay-type":"","overlay-color":"","overlay-opacity":"","overlay-gradient":""}}},"product_brand":[],"product_cat":[1353,1514,1513],"product_tag":[1552,1551,1550],"class_list":{"0":"post-66221","1":"product","2":"type-product","3":"status-publish","4":"has-post-thumbnail","6":"product_cat-patinage-de-vitesse","7":"product_cat-protections-pour-patins-et-couvre-lames","8":"product_cat-sacs-et-accessoires","9":"product_tag-fabrique-au-canada","10":"product_tag-meilleures-protections-de-patins","11":"product_tag-protections-de-patins","12":"desktop-align-center","13":"tablet-align-center","14":"mobile-align-center","15":"ast-product-gallery-layout-horizontal","16":"ast-product-single-variable","17":"ast-product-tabs-layout-horizontal","18":"ast-qv-on-image","20":"first","21":"instock","22":"taxable","23":"shipping-taxable","24":"purchasable","25":"product-type-variable"},"bundled_by":[],"bundle_stock_status":"instock","bundle_stock_quantity":null,"bundle_virtual":false,"bundle_layout":"","bundle_add_to_cart_form_location":"","bundle_editable_in_cart":false,"bundle_sold_individually_context":"","bundle_item_grouping":"","bundle_min_size":"","bundle_max_size":"","bundle_price":[],"bundled_items":[],"bundle_sell_ids":[],"yoast_head":"<!-- This site is optimized with the Yoast SEO plugin v27.4 - https:\/\/yoast.com\/product\/yoast-seo-wordpress\/ -->\n<title>GUARDOG 2 Pieces Prot\u00e8ge-lames - Xact Skate Shop<\/title>\n<meta name=\"description\" content=\"GUARDOG Prot\u00e8ge-lames 2 pi\u00e8ces. Compl\u00e8tement ajustable. NOUVEAU ! Top Notch\u2122 conception traditionnelle en 2 pi\u00e8ces Guardog\u2122. S&#039;adapte \u00e0 la plupart des types de lames de patins de vitesse.\" \/>\n<meta name=\"robots\" content=\"index, follow, max-snippet:-1, max-image-preview:large, max-video-preview:-1\" \/>\n<link rel=\"canonical\" href=\"https:\/\/xactskateshop.com\/fr\/produit\/guardog-2-pieces-protege-lames\/\" \/>\n<meta property=\"og:locale\" content=\"fr_FR\" \/>\n<meta property=\"og:type\" content=\"article\" \/>\n<meta property=\"og:title\" content=\"GUARDOG 2 Pieces Prot\u00e8ge-lames - Xact Skate Shop\" \/>\n<meta property=\"og:description\" content=\"GUARDOG Prot\u00e8ge-lames 2 pi\u00e8ces. Compl\u00e8tement ajustable. NOUVEAU ! Top Notch\u2122 conception traditionnelle en 2 pi\u00e8ces Guardog\u2122. S&#039;adapte \u00e0 la plupart des types de lames de patins de vitesse.\" \/>\n<meta property=\"og:url\" content=\"https:\/\/xactskateshop.com\/fr\/produit\/guardog-2-pieces-protege-lames\/\" \/>\n<meta property=\"og:site_name\" content=\"Xact Skate Shop\" \/>\n<meta property=\"article:publisher\" content=\"https:\/\/www.facebook.com\/JeanLouiskateshop\" \/>\n<meta property=\"article:modified_time\" content=\"2026-04-09T13:59:18+00:00\" \/>\n<meta property=\"og:image\" content=\"https:\/\/xactskateshop.com\/wp-content\/uploads\/2020\/10\/SPEEDcol-web.jpg\" \/>\n\t<meta property=\"og:image:width\" content=\"1000\" \/>\n\t<meta property=\"og:image:height\" content=\"1000\" \/>\n\t<meta property=\"og:image:type\" content=\"image\/jpeg\" \/>\n<meta name=\"twitter:card\" content=\"summary_large_image\" \/>\n<meta name=\"twitter:label1\" content=\"Dur\u00e9e de lecture estim\u00e9e\" \/>\n\t<meta name=\"twitter:data1\" content=\"2 minutes\" \/>\n<script type=\"application\/ld+json\" class=\"yoast-schema-graph\">{\"@context\":\"https:\\\/\\\/schema.org\",\"@graph\":[{\"@type\":\"WebPage\",\"@id\":\"https:\\\/\\\/xactskateshop.com\\\/fr\\\/produit\\\/guardog-2-pieces-protege-lames\\\/\",\"url\":\"https:\\\/\\\/xactskateshop.com\\\/fr\\\/produit\\\/guardog-2-pieces-protege-lames\\\/\",\"name\":\"GUARDOG 2 Pieces Prot\u00e8ge-lames - Xact Skate Shop\",\"isPartOf\":{\"@id\":\"http:\\\/\\\/xactskateshop.com\\\/fr\\\/#website\"},\"primaryImageOfPage\":{\"@id\":\"https:\\\/\\\/xactskateshop.com\\\/fr\\\/produit\\\/guardog-2-pieces-protege-lames\\\/#primaryimage\"},\"image\":{\"@id\":\"https:\\\/\\\/xactskateshop.com\\\/fr\\\/produit\\\/guardog-2-pieces-protege-lames\\\/#primaryimage\"},\"thumbnailUrl\":\"https:\\\/\\\/xactskateshop.com\\\/wp-content\\\/uploads\\\/2020\\\/10\\\/SPEEDcol-web.jpg\",\"datePublished\":\"2020-10-29T18:29:59+00:00\",\"dateModified\":\"2026-04-09T13:59:18+00:00\",\"description\":\"GUARDOG Prot\u00e8ge-lames 2 pi\u00e8ces. Compl\u00e8tement ajustable. NOUVEAU ! Top Notch\u2122 conception traditionnelle en 2 pi\u00e8ces Guardog\u2122. S'adapte \u00e0 la plupart des types de lames de patins de vitesse.\",\"breadcrumb\":{\"@id\":\"https:\\\/\\\/xactskateshop.com\\\/fr\\\/produit\\\/guardog-2-pieces-protege-lames\\\/#breadcrumb\"},\"inLanguage\":\"fr-FR\",\"potentialAction\":[{\"@type\":\"ReadAction\",\"target\":[\"https:\\\/\\\/xactskateshop.com\\\/fr\\\/produit\\\/guardog-2-pieces-protege-lames\\\/\"]}]},{\"@type\":\"ImageObject\",\"inLanguage\":\"fr-FR\",\"@id\":\"https:\\\/\\\/xactskateshop.com\\\/fr\\\/produit\\\/guardog-2-pieces-protege-lames\\\/#primaryimage\",\"url\":\"https:\\\/\\\/xactskateshop.com\\\/wp-content\\\/uploads\\\/2020\\\/10\\\/SPEEDcol-web.jpg\",\"contentUrl\":\"https:\\\/\\\/xactskateshop.com\\\/wp-content\\\/uploads\\\/2020\\\/10\\\/SPEEDcol-web.jpg\",\"width\":1000,\"height\":1000,\"caption\":\"Prot\u00e8ge-lames 2 pi\u00e8ces\"},{\"@type\":\"BreadcrumbList\",\"@id\":\"https:\\\/\\\/xactskateshop.com\\\/fr\\\/produit\\\/guardog-2-pieces-protege-lames\\\/#breadcrumb\",\"itemListElement\":[{\"@type\":\"ListItem\",\"position\":1,\"name\":\"Home\",\"item\":\"https:\\\/\\\/xactskateshop.com\\\/fr\\\/accueil\\\/\"},{\"@type\":\"ListItem\",\"position\":2,\"name\":\"Boutique\",\"item\":\"https:\\\/\\\/xactskateshop.com\\\/shop\\\/\"},{\"@type\":\"ListItem\",\"position\":3,\"name\":\"GUARDOG 2 Pieces Prot\u00e8ge-lames\"}]},{\"@type\":\"WebSite\",\"@id\":\"http:\\\/\\\/xactskateshop.com\\\/fr\\\/#website\",\"url\":\"http:\\\/\\\/xactskateshop.com\\\/fr\\\/\",\"name\":\"Xact Skate Shop\",\"description\":\"Un site utilisant WordPress\",\"publisher\":{\"@id\":\"http:\\\/\\\/xactskateshop.com\\\/fr\\\/#organization\"},\"potentialAction\":[{\"@type\":\"SearchAction\",\"target\":{\"@type\":\"EntryPoint\",\"urlTemplate\":\"http:\\\/\\\/xactskateshop.com\\\/fr\\\/?s={search_term_string}\"},\"query-input\":{\"@type\":\"PropertyValueSpecification\",\"valueRequired\":true,\"valueName\":\"search_term_string\"}}],\"inLanguage\":\"fr-FR\"},{\"@type\":\"Organization\",\"@id\":\"http:\\\/\\\/xactskateshop.com\\\/fr\\\/#organization\",\"name\":\"XACT Skate Shop\",\"url\":\"http:\\\/\\\/xactskateshop.com\\\/fr\\\/\",\"logo\":{\"@type\":\"ImageObject\",\"inLanguage\":\"fr-FR\",\"@id\":\"http:\\\/\\\/xactskateshop.com\\\/fr\\\/#\\\/schema\\\/logo\\\/image\\\/\",\"url\":\"http:\\\/\\\/xactskateshop.com\\\/wp-content\\\/uploads\\\/2024\\\/04\\\/xactskateshop-dot-com-avec-contour-noir-sans-fond-675x.jpg\",\"contentUrl\":\"http:\\\/\\\/xactskateshop.com\\\/wp-content\\\/uploads\\\/2024\\\/04\\\/xactskateshop-dot-com-avec-contour-noir-sans-fond-675x.jpg\",\"width\":675,\"height\":247,\"caption\":\"XACT Skate Shop\"},\"image\":{\"@id\":\"http:\\\/\\\/xactskateshop.com\\\/fr\\\/#\\\/schema\\\/logo\\\/image\\\/\"},\"sameAs\":[\"https:\\\/\\\/www.facebook.com\\\/JeanLouiskateshop\"]}]}<\/script>\n<!-- \/ Yoast SEO plugin. -->","yoast_head_json":{"title":"GUARDOG 2 Pieces Prot\u00e8ge-lames - Xact Skate Shop","description":"GUARDOG Prot\u00e8ge-lames 2 pi\u00e8ces. Compl\u00e8tement ajustable. NOUVEAU ! Top Notch\u2122 conception traditionnelle en 2 pi\u00e8ces Guardog\u2122. S'adapte \u00e0 la plupart des types de lames de patins de vitesse.","robots":{"index":"index","follow":"follow","max-snippet":"max-snippet:-1","max-image-preview":"max-image-preview:large","max-video-preview":"max-video-preview:-1"},"canonical":"https:\/\/xactskateshop.com\/fr\/produit\/guardog-2-pieces-protege-lames\/","og_locale":"fr_FR","og_type":"article","og_title":"GUARDOG 2 Pieces Prot\u00e8ge-lames - Xact Skate Shop","og_description":"GUARDOG Prot\u00e8ge-lames 2 pi\u00e8ces. Compl\u00e8tement ajustable. NOUVEAU ! Top Notch\u2122 conception traditionnelle en 2 pi\u00e8ces Guardog\u2122. S'adapte \u00e0 la plupart des types de lames de patins de vitesse.","og_url":"https:\/\/xactskateshop.com\/fr\/produit\/guardog-2-pieces-protege-lames\/","og_site_name":"Xact Skate Shop","article_publisher":"https:\/\/www.facebook.com\/JeanLouiskateshop","article_modified_time":"2026-04-09T13:59:18+00:00","og_image":[{"width":1000,"height":1000,"url":"https:\/\/xactskateshop.com\/wp-content\/uploads\/2020\/10\/SPEEDcol-web.jpg","type":"image\/jpeg"}],"twitter_card":"summary_large_image","twitter_misc":{"Dur\u00e9e de lecture estim\u00e9e":"2 minutes"},"schema":{"@context":"https:\/\/schema.org","@graph":[{"@type":"WebPage","@id":"https:\/\/xactskateshop.com\/fr\/produit\/guardog-2-pieces-protege-lames\/","url":"https:\/\/xactskateshop.com\/fr\/produit\/guardog-2-pieces-protege-lames\/","name":"GUARDOG 2 Pieces Prot\u00e8ge-lames - Xact Skate Shop","isPartOf":{"@id":"http:\/\/xactskateshop.com\/fr\/#website"},"primaryImageOfPage":{"@id":"https:\/\/xactskateshop.com\/fr\/produit\/guardog-2-pieces-protege-lames\/#primaryimage"},"image":{"@id":"https:\/\/xactskateshop.com\/fr\/produit\/guardog-2-pieces-protege-lames\/#primaryimage"},"thumbnailUrl":"https:\/\/xactskateshop.com\/wp-content\/uploads\/2020\/10\/SPEEDcol-web.jpg","datePublished":"2020-10-29T18:29:59+00:00","dateModified":"2026-04-09T13:59:18+00:00","description":"GUARDOG Prot\u00e8ge-lames 2 pi\u00e8ces. Compl\u00e8tement ajustable. NOUVEAU ! Top Notch\u2122 conception traditionnelle en 2 pi\u00e8ces Guardog\u2122. S'adapte \u00e0 la plupart des types de lames de patins de vitesse.","breadcrumb":{"@id":"https:\/\/xactskateshop.com\/fr\/produit\/guardog-2-pieces-protege-lames\/#breadcrumb"},"inLanguage":"fr-FR","potentialAction":[{"@type":"ReadAction","target":["https:\/\/xactskateshop.com\/fr\/produit\/guardog-2-pieces-protege-lames\/"]}]},{"@type":"ImageObject","inLanguage":"fr-FR","@id":"https:\/\/xactskateshop.com\/fr\/produit\/guardog-2-pieces-protege-lames\/#primaryimage","url":"https:\/\/xactskateshop.com\/wp-content\/uploads\/2020\/10\/SPEEDcol-web.jpg","contentUrl":"https:\/\/xactskateshop.com\/wp-content\/uploads\/2020\/10\/SPEEDcol-web.jpg","width":1000,"height":1000,"caption":"Prot\u00e8ge-lames 2 pi\u00e8ces"},{"@type":"BreadcrumbList","@id":"https:\/\/xactskateshop.com\/fr\/produit\/guardog-2-pieces-protege-lames\/#breadcrumb","itemListElement":[{"@type":"ListItem","position":1,"name":"Home","item":"https:\/\/xactskateshop.com\/fr\/accueil\/"},{"@type":"ListItem","position":2,"name":"Boutique","item":"https:\/\/xactskateshop.com\/shop\/"},{"@type":"ListItem","position":3,"name":"GUARDOG 2 Pieces Prot\u00e8ge-lames"}]},{"@type":"WebSite","@id":"http:\/\/xactskateshop.com\/fr\/#website","url":"http:\/\/xactskateshop.com\/fr\/","name":"Xact Skate Shop","description":"Un site utilisant WordPress","publisher":{"@id":"http:\/\/xactskateshop.com\/fr\/#organization"},"potentialAction":[{"@type":"SearchAction","target":{"@type":"EntryPoint","urlTemplate":"http:\/\/xactskateshop.com\/fr\/?s={search_term_string}"},"query-input":{"@type":"PropertyValueSpecification","valueRequired":true,"valueName":"search_term_string"}}],"inLanguage":"fr-FR"},{"@type":"Organization","@id":"http:\/\/xactskateshop.com\/fr\/#organization","name":"XACT Skate Shop","url":"http:\/\/xactskateshop.com\/fr\/","logo":{"@type":"ImageObject","inLanguage":"fr-FR","@id":"http:\/\/xactskateshop.com\/fr\/#\/schema\/logo\/image\/","url":"http:\/\/xactskateshop.com\/wp-content\/uploads\/2024\/04\/xactskateshop-dot-com-avec-contour-noir-sans-fond-675x.jpg","contentUrl":"http:\/\/xactskateshop.com\/wp-content\/uploads\/2024\/04\/xactskateshop-dot-com-avec-contour-noir-sans-fond-675x.jpg","width":675,"height":247,"caption":"XACT Skate Shop"},"image":{"@id":"http:\/\/xactskateshop.com\/fr\/#\/schema\/logo\/image\/"},"sameAs":["https:\/\/www.facebook.com\/JeanLouiskateshop"]}]}},"_links":{"self":[{"href":"https:\/\/xactskateshop.com\/fr\/wp-json\/wp\/v2\/product\/66221","targetHints":{"allow":["GET"]}}],"collection":[{"href":"https:\/\/xactskateshop.com\/fr\/wp-json\/wp\/v2\/product"}],"about":[{"href":"https:\/\/xactskateshop.com\/fr\/wp-json\/wp\/v2\/types\/product"}],"replies":[{"embeddable":true,"href":"https:\/\/xactskateshop.com\/fr\/wp-json\/wp\/v2\/comments?post=66221"}],"wp:featuredmedia":[{"embeddable":true,"href":"https:\/\/xactskateshop.com\/fr\/wp-json\/wp\/v2\/media\/28234"}],"wp:attachment":[{"href":"https:\/\/xactskateshop.com\/fr\/wp-json\/wp\/v2\/media?parent=66221"}],"wp:term":[{"taxonomy":"product_brand","embeddable":true,"href":"https:\/\/xactskateshop.com\/fr\/wp-json\/wp\/v2\/product_brand?post=66221"},{"taxonomy":"product_cat","embeddable":true,"href":"https:\/\/xactskateshop.com\/fr\/wp-json\/wp\/v2\/product_cat?post=66221"},{"taxonomy":"product_tag","embeddable":true,"href":"https:\/\/xactskateshop.com\/fr\/wp-json\/wp\/v2\/product_tag?post=66221"}],"curies":[{"name":"wp","href":"https:\/\/api.w.org\/{rel}","templated":true}]}}