{"id":66183,"date":"2020-10-29T11:17:01","date_gmt":"2020-10-29T15:17:01","guid":{"rendered":"http:\/\/xactskateshop.com\/product\/norton-ms44-slip-stone\/"},"modified":"2020-10-29T11:17:01","modified_gmt":"2020-10-29T15:17:01","slug":"norton-ms44-slip-stone","status":"publish","type":"product","link":"https:\/\/xactskateshop.com\/fr\/produit\/norton-ms44-slip-stone\/","title":{"rendered":"NORTON MS44 Slip Stone"},"content":{"rendered":"<h2 data-dynamic-block-name=\"LongDescription\" data-dynamic-block-id=\"SOSsEAPnntAAAAFyzDMZ03TT\">NORTON MS44 Slip Stone<\/h2>\n<div class=\"ish-productDescription ish-productDescription-long\" data-dynamic-block-name=\"LongDescription\" data-dynamic-block-id=\"SOSsEAPnntAAAAFyzDMZ03TT\">L&#8217;abrasif NORTON MS44 Slip Stone donne la finition la plus fine et la plus uniforme sur les couteaux et outils courbes, les gouges, les raboteuses et les outils \u00e0 pointe en carbure.<\/div>\n<div class=\"ish-productDescription ish-productDescription-short\" data-dynamic-block-name=\"ShortDescription\" data-dynamic-block-id=\"Q4qsEAPn.oUAAAFytzMZ03TT\">\n<p>&nbsp;<\/p>\n<h4><span class=\"ish-productDescription-label\"><b>Caract\u00e9ristiques :<\/b> <\/span><\/h4>\n<ul>\n<li>Les abrasifs en oxyde d&#8217;aluminium produisent une ar\u00eate forte, vive et durable et sont le choix id\u00e9al pour obtenir la meilleure combinaison de taux de coupe et de finition,<\/li>\n<li>Les plaquettes \u00e0 bords ronds sont id\u00e9ales pour l&#8217;aff\u00fbtage de pr\u00e9cision et le rodage des rabots, des couteaux et outils courbes, des couteaux de mouleurs et des gouges \u00e0 bois,<\/li>\n<li>Fine si elle est pr\u00e9f\u00e9r\u00e9e pour produire des bords plus tranchants que la moyenne sur les outils de travail du bois, les gouges, les al\u00e9soirs, les tarauds, les tari\u00e8res et les forets h\u00e9lico\u00efdaux,<\/li>\n<li>L&#8217;utilisation d&#8217;huile avec les pierres \u00e0 aiguiser am\u00e9liore l&#8217;action d&#8217;aiguisage et minimise l&#8217;encrassement de la surface de la pierre,<\/li>\n<li>Les pierres \u00e0 aiguiser Norton sont le leader mondial depuis plus de 150 ans,<\/li>\n<li>4 1\/2&#8243; x 1 3\/4&#8243; x 1\/2&#8243; x 3\/16&#8243;<\/li>\n<\/ul>\n<\/div>\n","protected":false},"excerpt":{"rendered":"<hr>\n<p style=\"text-align: center;\">L&#8217;abrasif NORTON MS44 Slip Stone donne une finition plus fine et plus uniforme sur les couteaux et outils courbes, les gouges, les raboteuses et les outils \u00e0 pointe en carbure.<\/p>\n<hr>\n<p style=\"text-align: center;\">\n","protected":false},"featured_media":28167,"comment_status":"open","ping_status":"closed","template":"","meta":{"site-sidebar-layout":"default","site-content-layout":"default","ast-site-content-layout":"default","site-content-style":"default","site-sidebar-style":"default","ast-global-header-display":"","ast-banner-title-visibility":"","ast-main-header-display":"","ast-hfb-above-header-display":"","ast-hfb-below-header-display":"","ast-hfb-mobile-header-display":"","site-post-title":"","ast-breadcrumbs-content":"","ast-featured-img":"","footer-sml-layout":"","theme-transparent-header-meta":"default","adv-header-id-meta":"","stick-header-meta":"","header-above-stick-meta":"","header-main-stick-meta":"","header-below-stick-meta":"","astra-migrate-meta-layouts":"default","ast-page-background-enabled":"default","ast-page-background-meta":{"desktop":{"background-color":"","background-image":"","background-repeat":"repeat","background-position":"center center","background-size":"auto","background-attachment":"scroll","background-type":"","background-media":"","overlay-type":"","overlay-color":"","overlay-opacity":"","overlay-gradient":""},"tablet":{"background-color":"","background-image":"","background-repeat":"repeat","background-position":"center center","background-size":"auto","background-attachment":"scroll","background-type":"","background-media":"","overlay-type":"","overlay-color":"","overlay-opacity":"","overlay-gradient":""},"mobile":{"background-color":"","background-image":"","background-repeat":"repeat","background-position":"center center","background-size":"auto","background-attachment":"scroll","background-type":"","background-media":"","overlay-type":"","overlay-color":"","overlay-opacity":"","overlay-gradient":""}},"ast-content-background-meta":{"desktop":{"background-color":"var(--ast-global-color-5)","background-image":"","background-repeat":"repeat","background-position":"center center","background-size":"auto","background-attachment":"scroll","background-type":"","background-media":"","overlay-type":"","overlay-color":"","overlay-opacity":"","overlay-gradient":""},"tablet":{"background-color":"var(--ast-global-color-5)","background-image":"","background-repeat":"repeat","background-position":"center center","background-size":"auto","background-attachment":"scroll","background-type":"","background-media":"","overlay-type":"","overlay-color":"","overlay-opacity":"","overlay-gradient":""},"mobile":{"background-color":"var(--ast-global-color-5)","background-image":"","background-repeat":"repeat","background-position":"center center","background-size":"auto","background-attachment":"scroll","background-type":"","background-media":"","overlay-type":"","overlay-color":"","overlay-opacity":"","overlay-gradient":""}}},"product_brand":[],"product_cat":[1500,1353],"product_tag":[1503,1356,1464],"class_list":{"0":"post-66183","1":"product","2":"type-product","3":"status-publish","4":"has-post-thumbnail","6":"product_cat-entretien-des-lames-fr","7":"product_cat-patinage-de-vitesse","8":"product_tag-affutage","9":"product_tag-courte-piste-fr","10":"product_tag-voie-longue","11":"desktop-align-center","12":"tablet-align-center","13":"mobile-align-center","14":"ast-product-gallery-layout-horizontal","15":"ast-product-gallery-with-no-image","16":"ast-product-tabs-layout-horizontal","17":"ast-qv-on-image","19":"first","20":"instock","21":"taxable","22":"shipping-taxable","23":"purchasable","24":"product-type-simple"},"bundled_by":[],"bundle_stock_status":"instock","bundle_stock_quantity":14,"bundle_virtual":false,"bundle_layout":"","bundle_add_to_cart_form_location":"","bundle_editable_in_cart":false,"bundle_sold_individually_context":"","bundle_item_grouping":"","bundle_min_size":"","bundle_max_size":"","bundle_price":[],"bundled_items":[],"bundle_sell_ids":[],"yoast_head":"<!-- This site is optimized with the Yoast SEO plugin v27.4 - https:\/\/yoast.com\/product\/yoast-seo-wordpress\/ -->\n<title>NORTON MS44 Slip Stone - Xact Skate Shop<\/title>\n<meta name=\"description\" content=\"L&#039;abrasif NORTON MS44 Slip Stone donne la finition la plus fine et la plus uniforme sur les couteaux et outils courbes, les gouges, les raboteuses et les outils \u00e0 pointe en carbure.\" \/>\n<meta name=\"robots\" content=\"index, follow, max-snippet:-1, max-image-preview:large, max-video-preview:-1\" \/>\n<link rel=\"canonical\" href=\"https:\/\/xactskateshop.com\/fr\/produit\/norton-ms44-slip-stone\/\" \/>\n<meta property=\"og:locale\" content=\"fr_FR\" \/>\n<meta property=\"og:type\" content=\"article\" \/>\n<meta property=\"og:title\" content=\"NORTON MS44 Slip Stone - Xact Skate Shop\" \/>\n<meta property=\"og:description\" content=\"L&#039;abrasif NORTON MS44 Slip Stone donne la finition la plus fine et la plus uniforme sur les couteaux et outils courbes, les gouges, les raboteuses et les outils \u00e0 pointe en carbure.\" \/>\n<meta property=\"og:url\" content=\"https:\/\/xactskateshop.com\/fr\/produit\/norton-ms44-slip-stone\/\" \/>\n<meta property=\"og:site_name\" content=\"Xact Skate Shop\" \/>\n<meta property=\"article:publisher\" content=\"https:\/\/www.facebook.com\/JeanLouiskateshop\" \/>\n<meta property=\"og:image\" content=\"https:\/\/xactskateshop.com\/wp-content\/uploads\/2020\/10\/ms44.jpg\" \/>\n\t<meta property=\"og:image:width\" content=\"1000\" \/>\n\t<meta property=\"og:image:height\" content=\"1000\" \/>\n\t<meta property=\"og:image:type\" content=\"image\/jpeg\" \/>\n<meta name=\"twitter:card\" content=\"summary_large_image\" \/>\n<meta name=\"twitter:label1\" content=\"Dur\u00e9e de lecture estim\u00e9e\" \/>\n\t<meta name=\"twitter:data1\" content=\"1 minute\" \/>\n<script type=\"application\/ld+json\" class=\"yoast-schema-graph\">{\"@context\":\"https:\\\/\\\/schema.org\",\"@graph\":[{\"@type\":\"WebPage\",\"@id\":\"https:\\\/\\\/xactskateshop.com\\\/fr\\\/produit\\\/norton-ms44-slip-stone\\\/\",\"url\":\"https:\\\/\\\/xactskateshop.com\\\/fr\\\/produit\\\/norton-ms44-slip-stone\\\/\",\"name\":\"NORTON MS44 Slip Stone - Xact Skate Shop\",\"isPartOf\":{\"@id\":\"http:\\\/\\\/xactskateshop.com\\\/fr\\\/#website\"},\"primaryImageOfPage\":{\"@id\":\"https:\\\/\\\/xactskateshop.com\\\/fr\\\/produit\\\/norton-ms44-slip-stone\\\/#primaryimage\"},\"image\":{\"@id\":\"https:\\\/\\\/xactskateshop.com\\\/fr\\\/produit\\\/norton-ms44-slip-stone\\\/#primaryimage\"},\"thumbnailUrl\":\"https:\\\/\\\/xactskateshop.com\\\/wp-content\\\/uploads\\\/2020\\\/10\\\/ms44.jpg\",\"datePublished\":\"2020-10-29T15:17:01+00:00\",\"description\":\"L'abrasif NORTON MS44 Slip Stone donne la finition la plus fine et la plus uniforme sur les couteaux et outils courbes, les gouges, les raboteuses et les outils \u00e0 pointe en carbure.\",\"breadcrumb\":{\"@id\":\"https:\\\/\\\/xactskateshop.com\\\/fr\\\/produit\\\/norton-ms44-slip-stone\\\/#breadcrumb\"},\"inLanguage\":\"fr-FR\",\"potentialAction\":[{\"@type\":\"ReadAction\",\"target\":[\"https:\\\/\\\/xactskateshop.com\\\/fr\\\/produit\\\/norton-ms44-slip-stone\\\/\"]}]},{\"@type\":\"ImageObject\",\"inLanguage\":\"fr-FR\",\"@id\":\"https:\\\/\\\/xactskateshop.com\\\/fr\\\/produit\\\/norton-ms44-slip-stone\\\/#primaryimage\",\"url\":\"https:\\\/\\\/xactskateshop.com\\\/wp-content\\\/uploads\\\/2020\\\/10\\\/ms44.jpg\",\"contentUrl\":\"https:\\\/\\\/xactskateshop.com\\\/wp-content\\\/uploads\\\/2020\\\/10\\\/ms44.jpg\",\"width\":1000,\"height\":1000,\"caption\":\"Abrasif NORTON MS44 Slip Stone\"},{\"@type\":\"BreadcrumbList\",\"@id\":\"https:\\\/\\\/xactskateshop.com\\\/fr\\\/produit\\\/norton-ms44-slip-stone\\\/#breadcrumb\",\"itemListElement\":[{\"@type\":\"ListItem\",\"position\":1,\"name\":\"Home\",\"item\":\"https:\\\/\\\/xactskateshop.com\\\/fr\\\/accueil\\\/\"},{\"@type\":\"ListItem\",\"position\":2,\"name\":\"Boutique\",\"item\":\"https:\\\/\\\/xactskateshop.com\\\/shop\\\/\"},{\"@type\":\"ListItem\",\"position\":3,\"name\":\"NORTON MS44 Slip Stone\"}]},{\"@type\":\"WebSite\",\"@id\":\"http:\\\/\\\/xactskateshop.com\\\/fr\\\/#website\",\"url\":\"http:\\\/\\\/xactskateshop.com\\\/fr\\\/\",\"name\":\"Xact Skate Shop\",\"description\":\"Un site utilisant WordPress\",\"publisher\":{\"@id\":\"http:\\\/\\\/xactskateshop.com\\\/fr\\\/#organization\"},\"potentialAction\":[{\"@type\":\"SearchAction\",\"target\":{\"@type\":\"EntryPoint\",\"urlTemplate\":\"http:\\\/\\\/xactskateshop.com\\\/fr\\\/?s={search_term_string}\"},\"query-input\":{\"@type\":\"PropertyValueSpecification\",\"valueRequired\":true,\"valueName\":\"search_term_string\"}}],\"inLanguage\":\"fr-FR\"},{\"@type\":\"Organization\",\"@id\":\"http:\\\/\\\/xactskateshop.com\\\/fr\\\/#organization\",\"name\":\"XACT Skate Shop\",\"url\":\"http:\\\/\\\/xactskateshop.com\\\/fr\\\/\",\"logo\":{\"@type\":\"ImageObject\",\"inLanguage\":\"fr-FR\",\"@id\":\"http:\\\/\\\/xactskateshop.com\\\/fr\\\/#\\\/schema\\\/logo\\\/image\\\/\",\"url\":\"http:\\\/\\\/xactskateshop.com\\\/wp-content\\\/uploads\\\/2024\\\/04\\\/xactskateshop-dot-com-avec-contour-noir-sans-fond-675x.jpg\",\"contentUrl\":\"http:\\\/\\\/xactskateshop.com\\\/wp-content\\\/uploads\\\/2024\\\/04\\\/xactskateshop-dot-com-avec-contour-noir-sans-fond-675x.jpg\",\"width\":675,\"height\":247,\"caption\":\"XACT Skate Shop\"},\"image\":{\"@id\":\"http:\\\/\\\/xactskateshop.com\\\/fr\\\/#\\\/schema\\\/logo\\\/image\\\/\"},\"sameAs\":[\"https:\\\/\\\/www.facebook.com\\\/JeanLouiskateshop\"]}]}<\/script>\n<!-- \/ Yoast SEO plugin. -->","yoast_head_json":{"title":"NORTON MS44 Slip Stone - Xact Skate Shop","description":"L'abrasif NORTON MS44 Slip Stone donne la finition la plus fine et la plus uniforme sur les couteaux et outils courbes, les gouges, les raboteuses et les outils \u00e0 pointe en carbure.","robots":{"index":"index","follow":"follow","max-snippet":"max-snippet:-1","max-image-preview":"max-image-preview:large","max-video-preview":"max-video-preview:-1"},"canonical":"https:\/\/xactskateshop.com\/fr\/produit\/norton-ms44-slip-stone\/","og_locale":"fr_FR","og_type":"article","og_title":"NORTON MS44 Slip Stone - Xact Skate Shop","og_description":"L'abrasif NORTON MS44 Slip Stone donne la finition la plus fine et la plus uniforme sur les couteaux et outils courbes, les gouges, les raboteuses et les outils \u00e0 pointe en carbure.","og_url":"https:\/\/xactskateshop.com\/fr\/produit\/norton-ms44-slip-stone\/","og_site_name":"Xact Skate Shop","article_publisher":"https:\/\/www.facebook.com\/JeanLouiskateshop","og_image":[{"width":1000,"height":1000,"url":"https:\/\/xactskateshop.com\/wp-content\/uploads\/2020\/10\/ms44.jpg","type":"image\/jpeg"}],"twitter_card":"summary_large_image","twitter_misc":{"Dur\u00e9e de lecture estim\u00e9e":"1 minute"},"schema":{"@context":"https:\/\/schema.org","@graph":[{"@type":"WebPage","@id":"https:\/\/xactskateshop.com\/fr\/produit\/norton-ms44-slip-stone\/","url":"https:\/\/xactskateshop.com\/fr\/produit\/norton-ms44-slip-stone\/","name":"NORTON MS44 Slip Stone - Xact Skate Shop","isPartOf":{"@id":"http:\/\/xactskateshop.com\/fr\/#website"},"primaryImageOfPage":{"@id":"https:\/\/xactskateshop.com\/fr\/produit\/norton-ms44-slip-stone\/#primaryimage"},"image":{"@id":"https:\/\/xactskateshop.com\/fr\/produit\/norton-ms44-slip-stone\/#primaryimage"},"thumbnailUrl":"https:\/\/xactskateshop.com\/wp-content\/uploads\/2020\/10\/ms44.jpg","datePublished":"2020-10-29T15:17:01+00:00","description":"L'abrasif NORTON MS44 Slip Stone donne la finition la plus fine et la plus uniforme sur les couteaux et outils courbes, les gouges, les raboteuses et les outils \u00e0 pointe en carbure.","breadcrumb":{"@id":"https:\/\/xactskateshop.com\/fr\/produit\/norton-ms44-slip-stone\/#breadcrumb"},"inLanguage":"fr-FR","potentialAction":[{"@type":"ReadAction","target":["https:\/\/xactskateshop.com\/fr\/produit\/norton-ms44-slip-stone\/"]}]},{"@type":"ImageObject","inLanguage":"fr-FR","@id":"https:\/\/xactskateshop.com\/fr\/produit\/norton-ms44-slip-stone\/#primaryimage","url":"https:\/\/xactskateshop.com\/wp-content\/uploads\/2020\/10\/ms44.jpg","contentUrl":"https:\/\/xactskateshop.com\/wp-content\/uploads\/2020\/10\/ms44.jpg","width":1000,"height":1000,"caption":"Abrasif NORTON MS44 Slip Stone"},{"@type":"BreadcrumbList","@id":"https:\/\/xactskateshop.com\/fr\/produit\/norton-ms44-slip-stone\/#breadcrumb","itemListElement":[{"@type":"ListItem","position":1,"name":"Home","item":"https:\/\/xactskateshop.com\/fr\/accueil\/"},{"@type":"ListItem","position":2,"name":"Boutique","item":"https:\/\/xactskateshop.com\/shop\/"},{"@type":"ListItem","position":3,"name":"NORTON MS44 Slip Stone"}]},{"@type":"WebSite","@id":"http:\/\/xactskateshop.com\/fr\/#website","url":"http:\/\/xactskateshop.com\/fr\/","name":"Xact Skate Shop","description":"Un site utilisant WordPress","publisher":{"@id":"http:\/\/xactskateshop.com\/fr\/#organization"},"potentialAction":[{"@type":"SearchAction","target":{"@type":"EntryPoint","urlTemplate":"http:\/\/xactskateshop.com\/fr\/?s={search_term_string}"},"query-input":{"@type":"PropertyValueSpecification","valueRequired":true,"valueName":"search_term_string"}}],"inLanguage":"fr-FR"},{"@type":"Organization","@id":"http:\/\/xactskateshop.com\/fr\/#organization","name":"XACT Skate Shop","url":"http:\/\/xactskateshop.com\/fr\/","logo":{"@type":"ImageObject","inLanguage":"fr-FR","@id":"http:\/\/xactskateshop.com\/fr\/#\/schema\/logo\/image\/","url":"http:\/\/xactskateshop.com\/wp-content\/uploads\/2024\/04\/xactskateshop-dot-com-avec-contour-noir-sans-fond-675x.jpg","contentUrl":"http:\/\/xactskateshop.com\/wp-content\/uploads\/2024\/04\/xactskateshop-dot-com-avec-contour-noir-sans-fond-675x.jpg","width":675,"height":247,"caption":"XACT Skate Shop"},"image":{"@id":"http:\/\/xactskateshop.com\/fr\/#\/schema\/logo\/image\/"},"sameAs":["https:\/\/www.facebook.com\/JeanLouiskateshop"]}]}},"_links":{"self":[{"href":"https:\/\/xactskateshop.com\/fr\/wp-json\/wp\/v2\/product\/66183","targetHints":{"allow":["GET"]}}],"collection":[{"href":"https:\/\/xactskateshop.com\/fr\/wp-json\/wp\/v2\/product"}],"about":[{"href":"https:\/\/xactskateshop.com\/fr\/wp-json\/wp\/v2\/types\/product"}],"replies":[{"embeddable":true,"href":"https:\/\/xactskateshop.com\/fr\/wp-json\/wp\/v2\/comments?post=66183"}],"wp:featuredmedia":[{"embeddable":true,"href":"https:\/\/xactskateshop.com\/fr\/wp-json\/wp\/v2\/media\/28167"}],"wp:attachment":[{"href":"https:\/\/xactskateshop.com\/fr\/wp-json\/wp\/v2\/media?parent=66183"}],"wp:term":[{"taxonomy":"product_brand","embeddable":true,"href":"https:\/\/xactskateshop.com\/fr\/wp-json\/wp\/v2\/product_brand?post=66183"},{"taxonomy":"product_cat","embeddable":true,"href":"https:\/\/xactskateshop.com\/fr\/wp-json\/wp\/v2\/product_cat?post=66183"},{"taxonomy":"product_tag","embeddable":true,"href":"https:\/\/xactskateshop.com\/fr\/wp-json\/wp\/v2\/product_tag?post=66183"}],"curies":[{"name":"wp","href":"https:\/\/api.w.org\/{rel}","templated":true}]}}