{"id":66179,"date":"2020-10-28T18:34:58","date_gmt":"2020-10-28T22:34:58","guid":{"rendered":"http:\/\/xactskateshop.com\/product\/pierre-a-polir-en-ceramique-bont\/"},"modified":"2025-10-11T13:32:02","modified_gmt":"2025-10-11T17:32:02","slug":"pierre-a-polir-en-ceramique-bont","status":"publish","type":"product","link":"https:\/\/xactskateshop.com\/fr\/produit\/pierre-a-polir-en-ceramique-bont\/","title":{"rendered":"Pierre \u00e0 polir en c\u00e9ramique BONT"},"content":{"rendered":"<h2>Pierre \u00e0 polir en c\u00e9ramique BONT<\/h2>\n<p>La pierre \u00e0 polir en c\u00e9ramique BONT est con\u00e7ue pour les patineurs professionnels de courte piste. Le grain est de 8000. Cette pierre doit \u00eatre utilis\u00e9e comme pierre de polissage finale lors de l&#8217;aff\u00fbtage de vos lames de short track. Les pierres de polissage vous aident \u00e0 augmenter votre glisse en patinant, donnant ainsi une touche finale professionnelle \u00e0 vos lames.<\/p>\n<p>La pierre \u00e0 aiguiser en c\u00e9ramique Bont est fabriqu\u00e9e \u00e0 partir d&#8217;un mat\u00e9riau de qualit\u00e9 exceptionnelle. Les abrasifs des pierres \u00e0 aiguiser Bont sont \u00e9galement extr\u00eamement uniformes, ce qui signifie que l&#8217;abrasif rencontr\u00e9 au cours du premier mois d&#8217;utilisation sera le m\u00eame apr\u00e8s des ann\u00e9es d&#8217;utilisation.<\/p>\n<p>Pour l&#8217;aff\u00fbtage des couteaux, une pierre parfaitement plate n&#8217;est pas aussi importante que pour l&#8217;aff\u00fbtage des lames de patins de vitesse. Lorsque vous aff\u00fbtez deux lames en m\u00eame temps, il est tr\u00e8s important que la pierre destin\u00e9e \u00e0 l&#8217;aff\u00fbtage des lames de patins de vitesse soit parfaitement plate.<\/p>\n<p>Il est \u00e9galement important d&#8217;avoir une pierre suffisamment \u00e9paisse pour pouvoir la tenir pendant que vous aff\u00fbtez vos patins. C&#8217;est pourquoi la pierre Bont Ceramic est plus \u00e9paisse que de nombreuses pierres \u00e0 aiguiser les couteaux. Ainsi, vous vous sentirez \u00e0 l&#8217;aise pendant l&#8217;aiguisage de vos lames.<\/p>\n<h4><strong>Caract\u00e9ristiques principales :<\/strong><\/h4>\n<ul>\n<li>Surface parfaitement plane,<\/li>\n<li>8000 grains,<\/li>\n<li>con\u00e7u pour les patineurs de vitesse sur piste courte,<\/li>\n<li>Facile \u00e0 tenir pendant l&#8217;aff\u00fbtage des lames,<\/li>\n<li>Taille : 300 mm x 60 mm x 15 mm.<\/li>\n<\/ul>\n","protected":false},"excerpt":{"rendered":"<hr \/>\n<p style=\"text-align: center;\">La pierre \u00e0 aiguiser en c\u00e9ramique Bont est fabriqu\u00e9e \u00e0 partir d&#8217;un mat\u00e9riau de qualit\u00e9 exceptionnelle. Les abrasifs des pierres \u00e0 aiguiser Bont sont \u00e9galement extr\u00eamement uniformes, ce qui signifie que l&#8217;abrasif rencontr\u00e9 au cours du premier mois d&#8217;utilisation sera le m\u00eame apr\u00e8s des ann\u00e9es d&#8217;utilisation.<\/p>\n<p style=\"text-align: center;\">C&#8217;est pourquoi la pierre Bont Ceramic est plus \u00e9paisse que la plupart des pierres \u00e0 aiguiser les couteaux.<\/p>\n<hr \/>\n<p style=\"text-align: center;\">\n","protected":false},"featured_media":28165,"comment_status":"open","ping_status":"closed","template":"","meta":{"site-sidebar-layout":"default","site-content-layout":"default","ast-site-content-layout":"default","site-content-style":"default","site-sidebar-style":"default","ast-global-header-display":"","ast-banner-title-visibility":"","ast-main-header-display":"","ast-hfb-above-header-display":"","ast-hfb-below-header-display":"","ast-hfb-mobile-header-display":"","site-post-title":"","ast-breadcrumbs-content":"","ast-featured-img":"","footer-sml-layout":"","theme-transparent-header-meta":"default","adv-header-id-meta":"","stick-header-meta":"","header-above-stick-meta":"","header-main-stick-meta":"","header-below-stick-meta":"","astra-migrate-meta-layouts":"set","ast-page-background-enabled":"default","ast-page-background-meta":{"desktop":{"background-color":"","background-image":"","background-repeat":"repeat","background-position":"center center","background-size":"auto","background-attachment":"scroll","background-type":"","background-media":"","overlay-type":"","overlay-color":"","overlay-opacity":"","overlay-gradient":""},"tablet":{"background-color":"","background-image":"","background-repeat":"repeat","background-position":"center center","background-size":"auto","background-attachment":"scroll","background-type":"","background-media":"","overlay-type":"","overlay-color":"","overlay-opacity":"","overlay-gradient":""},"mobile":{"background-color":"","background-image":"","background-repeat":"repeat","background-position":"center center","background-size":"auto","background-attachment":"scroll","background-type":"","background-media":"","overlay-type":"","overlay-color":"","overlay-opacity":"","overlay-gradient":""}},"ast-content-background-meta":{"desktop":{"background-color":"var(--ast-global-color-5)","background-image":"","background-repeat":"repeat","background-position":"center center","background-size":"auto","background-attachment":"scroll","background-type":"","background-media":"","overlay-type":"","overlay-color":"","overlay-opacity":"","overlay-gradient":""},"tablet":{"background-color":"var(--ast-global-color-5)","background-image":"","background-repeat":"repeat","background-position":"center center","background-size":"auto","background-attachment":"scroll","background-type":"","background-media":"","overlay-type":"","overlay-color":"","overlay-opacity":"","overlay-gradient":""},"mobile":{"background-color":"var(--ast-global-color-5)","background-image":"","background-repeat":"repeat","background-position":"center center","background-size":"auto","background-attachment":"scroll","background-type":"","background-media":"","overlay-type":"","overlay-color":"","overlay-opacity":"","overlay-gradient":""}}},"product_brand":[],"product_cat":[1500,1353],"product_tag":[1503,1356,1464],"class_list":{"0":"post-66179","1":"product","2":"type-product","3":"status-publish","4":"has-post-thumbnail","6":"product_cat-entretien-des-lames-fr","7":"product_cat-patinage-de-vitesse","8":"product_tag-affutage","9":"product_tag-courte-piste-fr","10":"product_tag-voie-longue","11":"desktop-align-center","12":"tablet-align-center","13":"mobile-align-center","14":"ast-product-gallery-layout-horizontal","15":"ast-product-tabs-layout-horizontal","16":"ast-qv-on-image","18":"first","19":"instock","20":"sale","21":"taxable","22":"shipping-taxable","23":"purchasable","24":"product-type-simple"},"bundled_by":[],"bundle_stock_status":"instock","bundle_stock_quantity":3,"bundle_virtual":false,"bundle_layout":"","bundle_add_to_cart_form_location":"","bundle_editable_in_cart":false,"bundle_sold_individually_context":"","bundle_item_grouping":"","bundle_min_size":"","bundle_max_size":"","bundle_price":[],"bundled_items":[],"bundle_sell_ids":[],"yoast_head":"<!-- This site is optimized with the Yoast SEO plugin v27.4 - https:\/\/yoast.com\/product\/yoast-seo-wordpress\/ -->\n<title>Pierre \u00e0 polir en c\u00e9ramique BONT - Xact Skate Shop<\/title>\n<meta name=\"description\" content=\"La pierre \u00e0 polir en c\u00e9ramique BONT est con\u00e7ue pour les patineurs professionnels de courte piste. Le grain est de 8000. Cette pierre doit \u00eatre utilis\u00e9e comme pierre de polissage finale.\" \/>\n<meta name=\"robots\" content=\"index, follow, max-snippet:-1, max-image-preview:large, max-video-preview:-1\" \/>\n<link rel=\"canonical\" href=\"https:\/\/xactskateshop.com\/fr\/produit\/pierre-a-polir-en-ceramique-bont\/\" \/>\n<meta property=\"og:locale\" content=\"fr_FR\" \/>\n<meta property=\"og:type\" content=\"article\" \/>\n<meta property=\"og:title\" content=\"Pierre \u00e0 polir en c\u00e9ramique BONT - Xact Skate Shop\" \/>\n<meta property=\"og:description\" content=\"La pierre \u00e0 polir en c\u00e9ramique BONT est con\u00e7ue pour les patineurs professionnels de courte piste. Le grain est de 8000. Cette pierre doit \u00eatre utilis\u00e9e comme pierre de polissage finale.\" \/>\n<meta property=\"og:url\" content=\"https:\/\/xactskateshop.com\/fr\/produit\/pierre-a-polir-en-ceramique-bont\/\" \/>\n<meta property=\"og:site_name\" content=\"Xact Skate Shop\" \/>\n<meta property=\"article:publisher\" content=\"https:\/\/www.facebook.com\/JeanLouiskateshop\" \/>\n<meta property=\"article:modified_time\" content=\"2025-10-11T17:32:02+00:00\" \/>\n<meta property=\"og:image\" content=\"https:\/\/xactskateshop.com\/wp-content\/uploads\/2020\/10\/Ceramic-stone-logo-ice-skates.jpg\" \/>\n\t<meta property=\"og:image:width\" content=\"1000\" \/>\n\t<meta property=\"og:image:height\" content=\"1000\" \/>\n\t<meta property=\"og:image:type\" content=\"image\/jpeg\" \/>\n<meta name=\"twitter:card\" content=\"summary_large_image\" \/>\n<meta name=\"twitter:label1\" content=\"Dur\u00e9e de lecture estim\u00e9e\" \/>\n\t<meta name=\"twitter:data1\" content=\"2 minutes\" \/>\n<script type=\"application\/ld+json\" class=\"yoast-schema-graph\">{\"@context\":\"https:\\\/\\\/schema.org\",\"@graph\":[{\"@type\":\"WebPage\",\"@id\":\"https:\\\/\\\/xactskateshop.com\\\/fr\\\/produit\\\/pierre-a-polir-en-ceramique-bont\\\/\",\"url\":\"https:\\\/\\\/xactskateshop.com\\\/fr\\\/produit\\\/pierre-a-polir-en-ceramique-bont\\\/\",\"name\":\"Pierre \u00e0 polir en c\u00e9ramique BONT - Xact Skate Shop\",\"isPartOf\":{\"@id\":\"http:\\\/\\\/xactskateshop.com\\\/fr\\\/#website\"},\"primaryImageOfPage\":{\"@id\":\"https:\\\/\\\/xactskateshop.com\\\/fr\\\/produit\\\/pierre-a-polir-en-ceramique-bont\\\/#primaryimage\"},\"image\":{\"@id\":\"https:\\\/\\\/xactskateshop.com\\\/fr\\\/produit\\\/pierre-a-polir-en-ceramique-bont\\\/#primaryimage\"},\"thumbnailUrl\":\"https:\\\/\\\/xactskateshop.com\\\/wp-content\\\/uploads\\\/2020\\\/10\\\/Ceramic-stone-logo-ice-skates.jpg\",\"datePublished\":\"2020-10-28T22:34:58+00:00\",\"dateModified\":\"2025-10-11T17:32:02+00:00\",\"description\":\"La pierre \u00e0 polir en c\u00e9ramique BONT est con\u00e7ue pour les patineurs professionnels de courte piste. Le grain est de 8000. Cette pierre doit \u00eatre utilis\u00e9e comme pierre de polissage finale.\",\"breadcrumb\":{\"@id\":\"https:\\\/\\\/xactskateshop.com\\\/fr\\\/produit\\\/pierre-a-polir-en-ceramique-bont\\\/#breadcrumb\"},\"inLanguage\":\"fr-FR\",\"potentialAction\":[{\"@type\":\"ReadAction\",\"target\":[\"https:\\\/\\\/xactskateshop.com\\\/fr\\\/produit\\\/pierre-a-polir-en-ceramique-bont\\\/\"]}]},{\"@type\":\"ImageObject\",\"inLanguage\":\"fr-FR\",\"@id\":\"https:\\\/\\\/xactskateshop.com\\\/fr\\\/produit\\\/pierre-a-polir-en-ceramique-bont\\\/#primaryimage\",\"url\":\"https:\\\/\\\/xactskateshop.com\\\/wp-content\\\/uploads\\\/2020\\\/10\\\/Ceramic-stone-logo-ice-skates.jpg\",\"contentUrl\":\"https:\\\/\\\/xactskateshop.com\\\/wp-content\\\/uploads\\\/2020\\\/10\\\/Ceramic-stone-logo-ice-skates.jpg\",\"width\":1000,\"height\":1000,\"caption\":\"Pierre \u00e0 polir en c\u00e9ramique BONT\"},{\"@type\":\"BreadcrumbList\",\"@id\":\"https:\\\/\\\/xactskateshop.com\\\/fr\\\/produit\\\/pierre-a-polir-en-ceramique-bont\\\/#breadcrumb\",\"itemListElement\":[{\"@type\":\"ListItem\",\"position\":1,\"name\":\"Home\",\"item\":\"https:\\\/\\\/xactskateshop.com\\\/fr\\\/accueil\\\/\"},{\"@type\":\"ListItem\",\"position\":2,\"name\":\"Boutique\",\"item\":\"https:\\\/\\\/xactskateshop.com\\\/shop\\\/\"},{\"@type\":\"ListItem\",\"position\":3,\"name\":\"Pierre \u00e0 polir en c\u00e9ramique BONT\"}]},{\"@type\":\"WebSite\",\"@id\":\"http:\\\/\\\/xactskateshop.com\\\/fr\\\/#website\",\"url\":\"http:\\\/\\\/xactskateshop.com\\\/fr\\\/\",\"name\":\"Xact Skate Shop\",\"description\":\"Un site utilisant WordPress\",\"publisher\":{\"@id\":\"http:\\\/\\\/xactskateshop.com\\\/fr\\\/#organization\"},\"potentialAction\":[{\"@type\":\"SearchAction\",\"target\":{\"@type\":\"EntryPoint\",\"urlTemplate\":\"http:\\\/\\\/xactskateshop.com\\\/fr\\\/?s={search_term_string}\"},\"query-input\":{\"@type\":\"PropertyValueSpecification\",\"valueRequired\":true,\"valueName\":\"search_term_string\"}}],\"inLanguage\":\"fr-FR\"},{\"@type\":\"Organization\",\"@id\":\"http:\\\/\\\/xactskateshop.com\\\/fr\\\/#organization\",\"name\":\"XACT Skate Shop\",\"url\":\"http:\\\/\\\/xactskateshop.com\\\/fr\\\/\",\"logo\":{\"@type\":\"ImageObject\",\"inLanguage\":\"fr-FR\",\"@id\":\"http:\\\/\\\/xactskateshop.com\\\/fr\\\/#\\\/schema\\\/logo\\\/image\\\/\",\"url\":\"http:\\\/\\\/xactskateshop.com\\\/wp-content\\\/uploads\\\/2024\\\/04\\\/xactskateshop-dot-com-avec-contour-noir-sans-fond-675x.jpg\",\"contentUrl\":\"http:\\\/\\\/xactskateshop.com\\\/wp-content\\\/uploads\\\/2024\\\/04\\\/xactskateshop-dot-com-avec-contour-noir-sans-fond-675x.jpg\",\"width\":675,\"height\":247,\"caption\":\"XACT Skate Shop\"},\"image\":{\"@id\":\"http:\\\/\\\/xactskateshop.com\\\/fr\\\/#\\\/schema\\\/logo\\\/image\\\/\"},\"sameAs\":[\"https:\\\/\\\/www.facebook.com\\\/JeanLouiskateshop\"]}]}<\/script>\n<!-- \/ Yoast SEO plugin. -->","yoast_head_json":{"title":"Pierre \u00e0 polir en c\u00e9ramique BONT - Xact Skate Shop","description":"La pierre \u00e0 polir en c\u00e9ramique BONT est con\u00e7ue pour les patineurs professionnels de courte piste. Le grain est de 8000. Cette pierre doit \u00eatre utilis\u00e9e comme pierre de polissage finale.","robots":{"index":"index","follow":"follow","max-snippet":"max-snippet:-1","max-image-preview":"max-image-preview:large","max-video-preview":"max-video-preview:-1"},"canonical":"https:\/\/xactskateshop.com\/fr\/produit\/pierre-a-polir-en-ceramique-bont\/","og_locale":"fr_FR","og_type":"article","og_title":"Pierre \u00e0 polir en c\u00e9ramique BONT - Xact Skate Shop","og_description":"La pierre \u00e0 polir en c\u00e9ramique BONT est con\u00e7ue pour les patineurs professionnels de courte piste. Le grain est de 8000. Cette pierre doit \u00eatre utilis\u00e9e comme pierre de polissage finale.","og_url":"https:\/\/xactskateshop.com\/fr\/produit\/pierre-a-polir-en-ceramique-bont\/","og_site_name":"Xact Skate Shop","article_publisher":"https:\/\/www.facebook.com\/JeanLouiskateshop","article_modified_time":"2025-10-11T17:32:02+00:00","og_image":[{"width":1000,"height":1000,"url":"https:\/\/xactskateshop.com\/wp-content\/uploads\/2020\/10\/Ceramic-stone-logo-ice-skates.jpg","type":"image\/jpeg"}],"twitter_card":"summary_large_image","twitter_misc":{"Dur\u00e9e de lecture estim\u00e9e":"2 minutes"},"schema":{"@context":"https:\/\/schema.org","@graph":[{"@type":"WebPage","@id":"https:\/\/xactskateshop.com\/fr\/produit\/pierre-a-polir-en-ceramique-bont\/","url":"https:\/\/xactskateshop.com\/fr\/produit\/pierre-a-polir-en-ceramique-bont\/","name":"Pierre \u00e0 polir en c\u00e9ramique BONT - Xact Skate Shop","isPartOf":{"@id":"http:\/\/xactskateshop.com\/fr\/#website"},"primaryImageOfPage":{"@id":"https:\/\/xactskateshop.com\/fr\/produit\/pierre-a-polir-en-ceramique-bont\/#primaryimage"},"image":{"@id":"https:\/\/xactskateshop.com\/fr\/produit\/pierre-a-polir-en-ceramique-bont\/#primaryimage"},"thumbnailUrl":"https:\/\/xactskateshop.com\/wp-content\/uploads\/2020\/10\/Ceramic-stone-logo-ice-skates.jpg","datePublished":"2020-10-28T22:34:58+00:00","dateModified":"2025-10-11T17:32:02+00:00","description":"La pierre \u00e0 polir en c\u00e9ramique BONT est con\u00e7ue pour les patineurs professionnels de courte piste. Le grain est de 8000. Cette pierre doit \u00eatre utilis\u00e9e comme pierre de polissage finale.","breadcrumb":{"@id":"https:\/\/xactskateshop.com\/fr\/produit\/pierre-a-polir-en-ceramique-bont\/#breadcrumb"},"inLanguage":"fr-FR","potentialAction":[{"@type":"ReadAction","target":["https:\/\/xactskateshop.com\/fr\/produit\/pierre-a-polir-en-ceramique-bont\/"]}]},{"@type":"ImageObject","inLanguage":"fr-FR","@id":"https:\/\/xactskateshop.com\/fr\/produit\/pierre-a-polir-en-ceramique-bont\/#primaryimage","url":"https:\/\/xactskateshop.com\/wp-content\/uploads\/2020\/10\/Ceramic-stone-logo-ice-skates.jpg","contentUrl":"https:\/\/xactskateshop.com\/wp-content\/uploads\/2020\/10\/Ceramic-stone-logo-ice-skates.jpg","width":1000,"height":1000,"caption":"Pierre \u00e0 polir en c\u00e9ramique BONT"},{"@type":"BreadcrumbList","@id":"https:\/\/xactskateshop.com\/fr\/produit\/pierre-a-polir-en-ceramique-bont\/#breadcrumb","itemListElement":[{"@type":"ListItem","position":1,"name":"Home","item":"https:\/\/xactskateshop.com\/fr\/accueil\/"},{"@type":"ListItem","position":2,"name":"Boutique","item":"https:\/\/xactskateshop.com\/shop\/"},{"@type":"ListItem","position":3,"name":"Pierre \u00e0 polir en c\u00e9ramique BONT"}]},{"@type":"WebSite","@id":"http:\/\/xactskateshop.com\/fr\/#website","url":"http:\/\/xactskateshop.com\/fr\/","name":"Xact Skate Shop","description":"Un site utilisant WordPress","publisher":{"@id":"http:\/\/xactskateshop.com\/fr\/#organization"},"potentialAction":[{"@type":"SearchAction","target":{"@type":"EntryPoint","urlTemplate":"http:\/\/xactskateshop.com\/fr\/?s={search_term_string}"},"query-input":{"@type":"PropertyValueSpecification","valueRequired":true,"valueName":"search_term_string"}}],"inLanguage":"fr-FR"},{"@type":"Organization","@id":"http:\/\/xactskateshop.com\/fr\/#organization","name":"XACT Skate Shop","url":"http:\/\/xactskateshop.com\/fr\/","logo":{"@type":"ImageObject","inLanguage":"fr-FR","@id":"http:\/\/xactskateshop.com\/fr\/#\/schema\/logo\/image\/","url":"http:\/\/xactskateshop.com\/wp-content\/uploads\/2024\/04\/xactskateshop-dot-com-avec-contour-noir-sans-fond-675x.jpg","contentUrl":"http:\/\/xactskateshop.com\/wp-content\/uploads\/2024\/04\/xactskateshop-dot-com-avec-contour-noir-sans-fond-675x.jpg","width":675,"height":247,"caption":"XACT Skate Shop"},"image":{"@id":"http:\/\/xactskateshop.com\/fr\/#\/schema\/logo\/image\/"},"sameAs":["https:\/\/www.facebook.com\/JeanLouiskateshop"]}]}},"_links":{"self":[{"href":"https:\/\/xactskateshop.com\/fr\/wp-json\/wp\/v2\/product\/66179","targetHints":{"allow":["GET"]}}],"collection":[{"href":"https:\/\/xactskateshop.com\/fr\/wp-json\/wp\/v2\/product"}],"about":[{"href":"https:\/\/xactskateshop.com\/fr\/wp-json\/wp\/v2\/types\/product"}],"replies":[{"embeddable":true,"href":"https:\/\/xactskateshop.com\/fr\/wp-json\/wp\/v2\/comments?post=66179"}],"wp:featuredmedia":[{"embeddable":true,"href":"https:\/\/xactskateshop.com\/fr\/wp-json\/wp\/v2\/media\/28165"}],"wp:attachment":[{"href":"https:\/\/xactskateshop.com\/fr\/wp-json\/wp\/v2\/media?parent=66179"}],"wp:term":[{"taxonomy":"product_brand","embeddable":true,"href":"https:\/\/xactskateshop.com\/fr\/wp-json\/wp\/v2\/product_brand?post=66179"},{"taxonomy":"product_cat","embeddable":true,"href":"https:\/\/xactskateshop.com\/fr\/wp-json\/wp\/v2\/product_cat?post=66179"},{"taxonomy":"product_tag","embeddable":true,"href":"https:\/\/xactskateshop.com\/fr\/wp-json\/wp\/v2\/product_tag?post=66179"}],"curies":[{"name":"wp","href":"https:\/\/api.w.org\/{rel}","templated":true}]}}