{"id":66176,"date":"2020-10-28T17:45:16","date_gmt":"2020-10-28T21:45:16","guid":{"rendered":"http:\/\/xactskateshop.com\/product\/dmt-w7e-pierre-a-aiguiser-les-diamants\/"},"modified":"2025-10-11T13:19:53","modified_gmt":"2025-10-11T17:19:53","slug":"pierre-a-aiguiser-aux-diamants-dmt-w7e","status":"publish","type":"product","link":"https:\/\/xactskateshop.com\/fr\/produit\/pierre-a-aiguiser-aux-diamants-dmt-w7e\/","title":{"rendered":"Pierre \u00e0 aiguiser aux diamants DMT W7E"},"content":{"rendered":"<h2>Pierre \u00e0 aiguiser aux diamants DMT W7E<\/h2>\n<p>La pierre \u00e0 aiguiser DMT W7E est un compl\u00e9ment portable \u00e0 toute trousse \u00e0 outils. Il s&#8217;agit d&#8217;une pierre Mini Diamond de 70 mm avec le motif \u00e0 pois caract\u00e9ristique de DMT. R\u00e9paration rapide des bords, n&#8217;importe o\u00f9, n&#8217;importe quand. L&#8217;aff\u00fbtage avec des diamants est rapide et facile. Dites adieu aux d\u00e9versements d&#8217;huile d\u00e9sagr\u00e9ables, plus besoin, aff\u00fbtez simplement \u00e0 sec ou avec de l&#8217;eau. L&#8217;outil d&#8217;aff\u00fbtage le plus utile dans un format de poche. Parfait pour donner une touche finale \u00e0 vos aiguisages. Existe en plusieurs types de grains :<\/p>\n<ul>\n<li>Taille : 2 11\/16&#8243; x 15\/16&#8243; x 3\/16&#8243; (70 mm x 24 mm x 5 mm)<\/li>\n<\/ul>\n<h2><strong>Grain de diamant standard DMT<\/strong><\/h2>\n<h6>ARGENT (XX) Diamant \u2013 Extra-Extra grossier<\/h6>\n<ul>\n<li>R\u00e9paration agressive des ar\u00eates lors de la remise en \u00e9tat d\u2019un outil qui semble en fin de vie \u2013 une alternative s\u00fbre \u00e0 l\u2019aff\u00fbtage motoris\u00e9. (120 mesh, 120 micron)<\/li>\n<\/ul>\n<h6>NOIR (X) Diamant \u2013 Extra grossier<\/h6>\n<ul>\n<li>Utilisez-le pour r\u00e9parer rapidement les bords endommag\u00e9s ou vraiment rugueux. (220 mesh, 60 micron)<\/li>\n<\/ul>\n<h6>BLEU (C) Diamant \u2013 grossier<\/h6>\n<ul>\n<li>Transforme un bord \u00e9mouss\u00e9 en un bord coupant. (325 mesh, 45 micron)<\/li>\n<\/ul>\n<h6>ROUGE (F) Diamant \u2013 Fin<\/h6>\n<ul>\n<li>Utilisez-le pour redonner un bon tranchant aux couteaux ou aux outils l\u00e9g\u00e8rement \u00e9mouss\u00e9s. (600 mesh, 25 micron)<\/li>\n<\/ul>\n<h6>VERT (E) Diamant \u2013 Extra fin<\/h6>\n<ul>\n<li>Donne \u00e0 tout un bord poli et tranchant comme une lame de rasoir. (1200 mesh, 9 microns)<\/li>\n<\/ul>\n<h6>CERAMIQUE (CER)<\/h6>\n<ul>\n<li>Disponible uniquement en acier c\u00e9ramique DMT\u00ae (CS2) et correspond \u00e0 2200 mesh, 7 microns.<\/li>\n<\/ul>\n<h6>TAN (EE) Diamant \u2013 Extra-fin<\/h6>\n<ul>\n<li>Pour les amateurs de bords qui veulent le bord ultime. (8000 mesh, 3 microns)<\/li>\n<\/ul>\n<p>En savoir plus sur DMT\u00a0<a href=\"https:\/\/dmtsharp.com\/?srsltid=AfmBOopxTvhe20zJlUfaFKOqxmbUKE4eI02urdLopvg53K5JwMFhMHG7\">ici<\/a><\/p>\n<p>Voir nos autres mod\u00e8les de pierres<a href=\"https:\/\/xactskateshop.com\/fr\/categorie-de-produits\/patinage-de-vitesse\/entretien-des-lames-fr\/\">\u00a0ici<\/a><\/p>\n","protected":false},"excerpt":{"rendered":"<hr \/>\n<p style=\"text-align: center;\">La pierre Mini Diamond 70 mm, au motif \u00e0 pois caract\u00e9ristique de DMT, est un compl\u00e9ment portable \u00e0 toute trousse d&#8217;outils. R\u00e9paration rapide des bords n&#8217;importe o\u00f9. L&#8217;aff\u00fbtage avec les diamants est rapide et facile. Aucune huile salissante n&#8217;est n\u00e9cessaire &#8211; aff\u00fbtez \u00e0 sec ou avec de l&#8217;eau.<\/p>\n<hr \/>\n<p style=\"text-align: center;\">Taille : 2 11\/16&#8243; x 15\/16&#8243; x 3\/16&#8243; (70 mm x 24 mm x 5 mm)<\/p>\n<hr \/>\n<p style=\"text-align: center;\">\n","protected":false},"featured_media":28158,"comment_status":"open","ping_status":"closed","template":"","meta":{"site-sidebar-layout":"default","site-content-layout":"default","ast-site-content-layout":"default","site-content-style":"default","site-sidebar-style":"default","ast-global-header-display":"","ast-banner-title-visibility":"","ast-main-header-display":"","ast-hfb-above-header-display":"","ast-hfb-below-header-display":"","ast-hfb-mobile-header-display":"","site-post-title":"","ast-breadcrumbs-content":"","ast-featured-img":"","footer-sml-layout":"","theme-transparent-header-meta":"default","adv-header-id-meta":"","stick-header-meta":"","header-above-stick-meta":"","header-main-stick-meta":"","header-below-stick-meta":"","astra-migrate-meta-layouts":"set","ast-page-background-enabled":"default","ast-page-background-meta":{"desktop":{"background-color":"","background-image":"","background-repeat":"repeat","background-position":"center center","background-size":"auto","background-attachment":"scroll","background-type":"","background-media":"","overlay-type":"","overlay-color":"","overlay-opacity":"","overlay-gradient":""},"tablet":{"background-color":"","background-image":"","background-repeat":"repeat","background-position":"center center","background-size":"auto","background-attachment":"scroll","background-type":"","background-media":"","overlay-type":"","overlay-color":"","overlay-opacity":"","overlay-gradient":""},"mobile":{"background-color":"","background-image":"","background-repeat":"repeat","background-position":"center center","background-size":"auto","background-attachment":"scroll","background-type":"","background-media":"","overlay-type":"","overlay-color":"","overlay-opacity":"","overlay-gradient":""}},"ast-content-background-meta":{"desktop":{"background-color":"var(--ast-global-color-5)","background-image":"","background-repeat":"repeat","background-position":"center center","background-size":"auto","background-attachment":"scroll","background-type":"","background-media":"","overlay-type":"","overlay-color":"","overlay-opacity":"","overlay-gradient":""},"tablet":{"background-color":"var(--ast-global-color-5)","background-image":"","background-repeat":"repeat","background-position":"center center","background-size":"auto","background-attachment":"scroll","background-type":"","background-media":"","overlay-type":"","overlay-color":"","overlay-opacity":"","overlay-gradient":""},"mobile":{"background-color":"var(--ast-global-color-5)","background-image":"","background-repeat":"repeat","background-position":"center center","background-size":"auto","background-attachment":"scroll","background-type":"","background-media":"","overlay-type":"","overlay-color":"","overlay-opacity":"","overlay-gradient":""}}},"product_brand":[],"product_cat":[1500,1353],"product_tag":[1503,1356,1464],"class_list":{"0":"post-66176","1":"product","2":"type-product","3":"status-publish","4":"has-post-thumbnail","6":"product_cat-entretien-des-lames-fr","7":"product_cat-patinage-de-vitesse","8":"product_tag-affutage","9":"product_tag-courte-piste-fr","10":"product_tag-voie-longue","11":"desktop-align-center","12":"tablet-align-center","13":"mobile-align-center","14":"ast-product-gallery-layout-horizontal","15":"ast-product-gallery-with-no-image","16":"ast-product-tabs-layout-horizontal","17":"ast-qv-on-image","19":"first","20":"instock","21":"sale","22":"taxable","23":"shipping-taxable","24":"purchasable","25":"product-type-simple"},"bundled_by":[],"bundle_stock_status":"instock","bundle_stock_quantity":21,"bundle_virtual":false,"bundle_layout":"","bundle_add_to_cart_form_location":"","bundle_editable_in_cart":false,"bundle_sold_individually_context":"","bundle_item_grouping":"","bundle_min_size":"","bundle_max_size":"","bundle_price":[],"bundled_items":[],"bundle_sell_ids":[],"yoast_head":"<!-- This site is optimized with the Yoast SEO plugin v27.4 - https:\/\/yoast.com\/product\/yoast-seo-wordpress\/ -->\n<title>Pierre \u00e0 aiguiser aux diamants DMT W7E - Xact Skate Shop<\/title>\n<meta name=\"description\" content=\"Pierre \u00e0 aiguiser aux diamants DMT W7E est une pierre de 70 mm avec le motif \u00e0 pois caract\u00e9ristique de DMT et un compl\u00e9ment \u00e0 toute trousse d&#039;outils.\" \/>\n<meta name=\"robots\" content=\"index, follow, max-snippet:-1, max-image-preview:large, max-video-preview:-1\" \/>\n<link rel=\"canonical\" href=\"https:\/\/xactskateshop.com\/fr\/produit\/pierre-a-aiguiser-aux-diamants-dmt-w7e\/\" \/>\n<meta property=\"og:locale\" content=\"fr_FR\" \/>\n<meta property=\"og:type\" content=\"article\" \/>\n<meta property=\"og:title\" content=\"Pierre \u00e0 aiguiser aux diamants DMT W7E - Xact Skate Shop\" \/>\n<meta property=\"og:description\" content=\"Pierre \u00e0 aiguiser aux diamants DMT W7E est une pierre de 70 mm avec le motif \u00e0 pois caract\u00e9ristique de DMT et un compl\u00e9ment \u00e0 toute trousse d&#039;outils.\" \/>\n<meta property=\"og:url\" content=\"https:\/\/xactskateshop.com\/fr\/produit\/pierre-a-aiguiser-aux-diamants-dmt-w7e\/\" \/>\n<meta property=\"og:site_name\" content=\"Xact Skate Shop\" \/>\n<meta property=\"article:publisher\" content=\"https:\/\/www.facebook.com\/JeanLouiskateshop\" \/>\n<meta property=\"article:modified_time\" content=\"2025-10-11T17:19:53+00:00\" \/>\n<meta property=\"og:image\" content=\"https:\/\/xactskateshop.com\/wp-content\/uploads\/2020\/10\/w7e.jpg\" \/>\n\t<meta property=\"og:image:width\" content=\"1000\" \/>\n\t<meta property=\"og:image:height\" content=\"1000\" \/>\n\t<meta property=\"og:image:type\" content=\"image\/jpeg\" \/>\n<meta name=\"twitter:card\" content=\"summary_large_image\" \/>\n<meta name=\"twitter:label1\" content=\"Dur\u00e9e de lecture estim\u00e9e\" \/>\n\t<meta name=\"twitter:data1\" content=\"2 minutes\" \/>\n<script type=\"application\/ld+json\" class=\"yoast-schema-graph\">{\"@context\":\"https:\\\/\\\/schema.org\",\"@graph\":[{\"@type\":\"WebPage\",\"@id\":\"https:\\\/\\\/xactskateshop.com\\\/fr\\\/produit\\\/pierre-a-aiguiser-aux-diamants-dmt-w7e\\\/\",\"url\":\"https:\\\/\\\/xactskateshop.com\\\/fr\\\/produit\\\/pierre-a-aiguiser-aux-diamants-dmt-w7e\\\/\",\"name\":\"Pierre \u00e0 aiguiser aux diamants DMT W7E - Xact Skate Shop\",\"isPartOf\":{\"@id\":\"http:\\\/\\\/xactskateshop.com\\\/fr\\\/#website\"},\"primaryImageOfPage\":{\"@id\":\"https:\\\/\\\/xactskateshop.com\\\/fr\\\/produit\\\/pierre-a-aiguiser-aux-diamants-dmt-w7e\\\/#primaryimage\"},\"image\":{\"@id\":\"https:\\\/\\\/xactskateshop.com\\\/fr\\\/produit\\\/pierre-a-aiguiser-aux-diamants-dmt-w7e\\\/#primaryimage\"},\"thumbnailUrl\":\"https:\\\/\\\/xactskateshop.com\\\/wp-content\\\/uploads\\\/2020\\\/10\\\/w7e.jpg\",\"datePublished\":\"2020-10-28T21:45:16+00:00\",\"dateModified\":\"2025-10-11T17:19:53+00:00\",\"description\":\"Pierre \u00e0 aiguiser aux diamants DMT W7E est une pierre de 70 mm avec le motif \u00e0 pois caract\u00e9ristique de DMT et un compl\u00e9ment \u00e0 toute trousse d'outils.\",\"breadcrumb\":{\"@id\":\"https:\\\/\\\/xactskateshop.com\\\/fr\\\/produit\\\/pierre-a-aiguiser-aux-diamants-dmt-w7e\\\/#breadcrumb\"},\"inLanguage\":\"fr-FR\",\"potentialAction\":[{\"@type\":\"ReadAction\",\"target\":[\"https:\\\/\\\/xactskateshop.com\\\/fr\\\/produit\\\/pierre-a-aiguiser-aux-diamants-dmt-w7e\\\/\"]}]},{\"@type\":\"ImageObject\",\"inLanguage\":\"fr-FR\",\"@id\":\"https:\\\/\\\/xactskateshop.com\\\/fr\\\/produit\\\/pierre-a-aiguiser-aux-diamants-dmt-w7e\\\/#primaryimage\",\"url\":\"https:\\\/\\\/xactskateshop.com\\\/wp-content\\\/uploads\\\/2020\\\/10\\\/w7e.jpg\",\"contentUrl\":\"https:\\\/\\\/xactskateshop.com\\\/wp-content\\\/uploads\\\/2020\\\/10\\\/w7e.jpg\",\"width\":1000,\"height\":1000,\"caption\":\"Pierre \u00e0 aiguiser aux diamants\"},{\"@type\":\"BreadcrumbList\",\"@id\":\"https:\\\/\\\/xactskateshop.com\\\/fr\\\/produit\\\/pierre-a-aiguiser-aux-diamants-dmt-w7e\\\/#breadcrumb\",\"itemListElement\":[{\"@type\":\"ListItem\",\"position\":1,\"name\":\"Home\",\"item\":\"https:\\\/\\\/xactskateshop.com\\\/fr\\\/accueil\\\/\"},{\"@type\":\"ListItem\",\"position\":2,\"name\":\"Boutique\",\"item\":\"https:\\\/\\\/xactskateshop.com\\\/shop\\\/\"},{\"@type\":\"ListItem\",\"position\":3,\"name\":\"Pierre \u00e0 aiguiser aux diamants DMT W7E\"}]},{\"@type\":\"WebSite\",\"@id\":\"http:\\\/\\\/xactskateshop.com\\\/fr\\\/#website\",\"url\":\"http:\\\/\\\/xactskateshop.com\\\/fr\\\/\",\"name\":\"Xact Skate Shop\",\"description\":\"Un site utilisant WordPress\",\"publisher\":{\"@id\":\"http:\\\/\\\/xactskateshop.com\\\/fr\\\/#organization\"},\"potentialAction\":[{\"@type\":\"SearchAction\",\"target\":{\"@type\":\"EntryPoint\",\"urlTemplate\":\"http:\\\/\\\/xactskateshop.com\\\/fr\\\/?s={search_term_string}\"},\"query-input\":{\"@type\":\"PropertyValueSpecification\",\"valueRequired\":true,\"valueName\":\"search_term_string\"}}],\"inLanguage\":\"fr-FR\"},{\"@type\":\"Organization\",\"@id\":\"http:\\\/\\\/xactskateshop.com\\\/fr\\\/#organization\",\"name\":\"XACT Skate Shop\",\"url\":\"http:\\\/\\\/xactskateshop.com\\\/fr\\\/\",\"logo\":{\"@type\":\"ImageObject\",\"inLanguage\":\"fr-FR\",\"@id\":\"http:\\\/\\\/xactskateshop.com\\\/fr\\\/#\\\/schema\\\/logo\\\/image\\\/\",\"url\":\"http:\\\/\\\/xactskateshop.com\\\/wp-content\\\/uploads\\\/2024\\\/04\\\/xactskateshop-dot-com-avec-contour-noir-sans-fond-675x.jpg\",\"contentUrl\":\"http:\\\/\\\/xactskateshop.com\\\/wp-content\\\/uploads\\\/2024\\\/04\\\/xactskateshop-dot-com-avec-contour-noir-sans-fond-675x.jpg\",\"width\":675,\"height\":247,\"caption\":\"XACT Skate Shop\"},\"image\":{\"@id\":\"http:\\\/\\\/xactskateshop.com\\\/fr\\\/#\\\/schema\\\/logo\\\/image\\\/\"},\"sameAs\":[\"https:\\\/\\\/www.facebook.com\\\/JeanLouiskateshop\"]}]}<\/script>\n<!-- \/ Yoast SEO plugin. -->","yoast_head_json":{"title":"Pierre \u00e0 aiguiser aux diamants DMT W7E - Xact Skate Shop","description":"Pierre \u00e0 aiguiser aux diamants DMT W7E est une pierre de 70 mm avec le motif \u00e0 pois caract\u00e9ristique de DMT et un compl\u00e9ment \u00e0 toute trousse d'outils.","robots":{"index":"index","follow":"follow","max-snippet":"max-snippet:-1","max-image-preview":"max-image-preview:large","max-video-preview":"max-video-preview:-1"},"canonical":"https:\/\/xactskateshop.com\/fr\/produit\/pierre-a-aiguiser-aux-diamants-dmt-w7e\/","og_locale":"fr_FR","og_type":"article","og_title":"Pierre \u00e0 aiguiser aux diamants DMT W7E - Xact Skate Shop","og_description":"Pierre \u00e0 aiguiser aux diamants DMT W7E est une pierre de 70 mm avec le motif \u00e0 pois caract\u00e9ristique de DMT et un compl\u00e9ment \u00e0 toute trousse d'outils.","og_url":"https:\/\/xactskateshop.com\/fr\/produit\/pierre-a-aiguiser-aux-diamants-dmt-w7e\/","og_site_name":"Xact Skate Shop","article_publisher":"https:\/\/www.facebook.com\/JeanLouiskateshop","article_modified_time":"2025-10-11T17:19:53+00:00","og_image":[{"width":1000,"height":1000,"url":"https:\/\/xactskateshop.com\/wp-content\/uploads\/2020\/10\/w7e.jpg","type":"image\/jpeg"}],"twitter_card":"summary_large_image","twitter_misc":{"Dur\u00e9e de lecture estim\u00e9e":"2 minutes"},"schema":{"@context":"https:\/\/schema.org","@graph":[{"@type":"WebPage","@id":"https:\/\/xactskateshop.com\/fr\/produit\/pierre-a-aiguiser-aux-diamants-dmt-w7e\/","url":"https:\/\/xactskateshop.com\/fr\/produit\/pierre-a-aiguiser-aux-diamants-dmt-w7e\/","name":"Pierre \u00e0 aiguiser aux diamants DMT W7E - Xact Skate Shop","isPartOf":{"@id":"http:\/\/xactskateshop.com\/fr\/#website"},"primaryImageOfPage":{"@id":"https:\/\/xactskateshop.com\/fr\/produit\/pierre-a-aiguiser-aux-diamants-dmt-w7e\/#primaryimage"},"image":{"@id":"https:\/\/xactskateshop.com\/fr\/produit\/pierre-a-aiguiser-aux-diamants-dmt-w7e\/#primaryimage"},"thumbnailUrl":"https:\/\/xactskateshop.com\/wp-content\/uploads\/2020\/10\/w7e.jpg","datePublished":"2020-10-28T21:45:16+00:00","dateModified":"2025-10-11T17:19:53+00:00","description":"Pierre \u00e0 aiguiser aux diamants DMT W7E est une pierre de 70 mm avec le motif \u00e0 pois caract\u00e9ristique de DMT et un compl\u00e9ment \u00e0 toute trousse d'outils.","breadcrumb":{"@id":"https:\/\/xactskateshop.com\/fr\/produit\/pierre-a-aiguiser-aux-diamants-dmt-w7e\/#breadcrumb"},"inLanguage":"fr-FR","potentialAction":[{"@type":"ReadAction","target":["https:\/\/xactskateshop.com\/fr\/produit\/pierre-a-aiguiser-aux-diamants-dmt-w7e\/"]}]},{"@type":"ImageObject","inLanguage":"fr-FR","@id":"https:\/\/xactskateshop.com\/fr\/produit\/pierre-a-aiguiser-aux-diamants-dmt-w7e\/#primaryimage","url":"https:\/\/xactskateshop.com\/wp-content\/uploads\/2020\/10\/w7e.jpg","contentUrl":"https:\/\/xactskateshop.com\/wp-content\/uploads\/2020\/10\/w7e.jpg","width":1000,"height":1000,"caption":"Pierre \u00e0 aiguiser aux diamants"},{"@type":"BreadcrumbList","@id":"https:\/\/xactskateshop.com\/fr\/produit\/pierre-a-aiguiser-aux-diamants-dmt-w7e\/#breadcrumb","itemListElement":[{"@type":"ListItem","position":1,"name":"Home","item":"https:\/\/xactskateshop.com\/fr\/accueil\/"},{"@type":"ListItem","position":2,"name":"Boutique","item":"https:\/\/xactskateshop.com\/shop\/"},{"@type":"ListItem","position":3,"name":"Pierre \u00e0 aiguiser aux diamants DMT W7E"}]},{"@type":"WebSite","@id":"http:\/\/xactskateshop.com\/fr\/#website","url":"http:\/\/xactskateshop.com\/fr\/","name":"Xact Skate Shop","description":"Un site utilisant WordPress","publisher":{"@id":"http:\/\/xactskateshop.com\/fr\/#organization"},"potentialAction":[{"@type":"SearchAction","target":{"@type":"EntryPoint","urlTemplate":"http:\/\/xactskateshop.com\/fr\/?s={search_term_string}"},"query-input":{"@type":"PropertyValueSpecification","valueRequired":true,"valueName":"search_term_string"}}],"inLanguage":"fr-FR"},{"@type":"Organization","@id":"http:\/\/xactskateshop.com\/fr\/#organization","name":"XACT Skate Shop","url":"http:\/\/xactskateshop.com\/fr\/","logo":{"@type":"ImageObject","inLanguage":"fr-FR","@id":"http:\/\/xactskateshop.com\/fr\/#\/schema\/logo\/image\/","url":"http:\/\/xactskateshop.com\/wp-content\/uploads\/2024\/04\/xactskateshop-dot-com-avec-contour-noir-sans-fond-675x.jpg","contentUrl":"http:\/\/xactskateshop.com\/wp-content\/uploads\/2024\/04\/xactskateshop-dot-com-avec-contour-noir-sans-fond-675x.jpg","width":675,"height":247,"caption":"XACT Skate Shop"},"image":{"@id":"http:\/\/xactskateshop.com\/fr\/#\/schema\/logo\/image\/"},"sameAs":["https:\/\/www.facebook.com\/JeanLouiskateshop"]}]}},"_links":{"self":[{"href":"https:\/\/xactskateshop.com\/fr\/wp-json\/wp\/v2\/product\/66176","targetHints":{"allow":["GET"]}}],"collection":[{"href":"https:\/\/xactskateshop.com\/fr\/wp-json\/wp\/v2\/product"}],"about":[{"href":"https:\/\/xactskateshop.com\/fr\/wp-json\/wp\/v2\/types\/product"}],"replies":[{"embeddable":true,"href":"https:\/\/xactskateshop.com\/fr\/wp-json\/wp\/v2\/comments?post=66176"}],"wp:featuredmedia":[{"embeddable":true,"href":"https:\/\/xactskateshop.com\/fr\/wp-json\/wp\/v2\/media\/28158"}],"wp:attachment":[{"href":"https:\/\/xactskateshop.com\/fr\/wp-json\/wp\/v2\/media?parent=66176"}],"wp:term":[{"taxonomy":"product_brand","embeddable":true,"href":"https:\/\/xactskateshop.com\/fr\/wp-json\/wp\/v2\/product_brand?post=66176"},{"taxonomy":"product_cat","embeddable":true,"href":"https:\/\/xactskateshop.com\/fr\/wp-json\/wp\/v2\/product_cat?post=66176"},{"taxonomy":"product_tag","embeddable":true,"href":"https:\/\/xactskateshop.com\/fr\/wp-json\/wp\/v2\/product_tag?post=66176"}],"curies":[{"name":"wp","href":"https:\/\/api.w.org\/{rel}","templated":true}]}}