{"id":66168,"date":"2020-10-28T15:57:55","date_gmt":"2020-10-28T19:57:55","guid":{"rendered":"http:\/\/xactskateshop.com\/product\/dmt-w8fcnb-pierre-diamantee-fine-grossiere\/"},"modified":"2025-10-11T11:59:48","modified_gmt":"2025-10-11T15:59:48","slug":"pierre-diamantee-rouge-bleue-dmt-w8fcnb","status":"publish","type":"product","link":"https:\/\/xactskateshop.com\/fr\/produit\/pierre-diamantee-rouge-bleue-dmt-w8fcnb\/","title":{"rendered":"Pierre diamant\u00e9e rouge\/bleue DMT W8FCNB"},"content":{"rendered":"<h2>Pierre diamant\u00e9e rouge\/bleue DMT W8FCNB<\/h2>\n<p>Pierre diamant\u00e9e rouge\/bleue DMT W8FCNB de 8 pouces DuoSharp\u00ae offre une surface d&#8217;aff\u00fbtage diamant\u00e9e interrompue des deux c\u00f4t\u00e9s. Tout en offrant une surface d&#8217;aff\u00fbtage g\u00e9n\u00e9reuse, elle est con\u00e7ue pour \u00eatre robuste, l\u00e9g\u00e8re et compacte &#8211; id\u00e9ale sur le chantier ! Le produit de 8 pouces est \u00e9galement disponible dans la version DuoSharp\u00aeplus\u2122<\/p>\n<ul>\n<li>Taille : 8&#8243; x 2.625&#8243; x 0.375&#8243; (203mm x 67mm 10mm)<\/li>\n<\/ul>\n<h2><strong>Grain de diamant standard DMT<\/strong><\/h2>\n<h6>ARGENT (XX) Diamant &#8211; Extra-Extra grossier<\/h6>\n<ul>\n<li>R\u00e9paration agressive des ar\u00eates lors de la remise en \u00e9tat d&#8217;un outil qui semble en fin de vie &#8211; une alternative s\u00fbre \u00e0 l&#8217;aff\u00fbtage motoris\u00e9. (120 mesh, 120 micron)<\/li>\n<\/ul>\n<h6>NOIR (X) Diamant &#8211; Extra grossier<\/h6>\n<ul>\n<li>Utilisez-le pour r\u00e9parer rapidement les bords endommag\u00e9s ou vraiment rugueux. (220 mesh, 60 micron)<\/li>\n<\/ul>\n<h6>BLEU (C) Diamant &#8211; grossier<\/h6>\n<ul>\n<li>Transforme un bord \u00e9mouss\u00e9 en un bord coupant. (325 mesh, 45 micron)<\/li>\n<\/ul>\n<h6>ROUGE (F) Diamant &#8211; Fin<\/h6>\n<ul>\n<li>Utilisez-le pour redonner un bon tranchant aux couteaux ou aux outils l\u00e9g\u00e8rement \u00e9mouss\u00e9s. (600 mesh, 25 micron)<\/li>\n<\/ul>\n<h6>VERT (E) Diamant &#8211; Extra fin<\/h6>\n<ul>\n<li>Donne \u00e0 tout un bord poli et tranchant comme une lame de rasoir. (1200 mesh, 9 microns)<\/li>\n<\/ul>\n<h6>CERAMIQUE (CER)<\/h6>\n<ul>\n<li>Disponible uniquement en acier c\u00e9ramique DMT\u00ae (CS2) et correspond \u00e0 2200 mesh, 7 microns.<\/li>\n<\/ul>\n<h6>TAN (EE) Diamant &#8211; Extra-fin<\/h6>\n<ul>\n<li>Pour les amateurs de bords qui veulent le bord ultime. (8000 mesh, 3 microns)<\/li>\n<\/ul>\n<p>En savoir plus sur DMT <a href=\"https:\/\/dmtsharp.com\/?srsltid=AfmBOopxTvhe20zJlUfaFKOqxmbUKE4eI02urdLopvg53K5JwMFhMHG7\">ici<\/a><\/p>\n<p>Voir nos autres mod\u00e8les de pierres<a href=\"https:\/\/xactskateshop.com\/fr\/categorie-de-produits\/patinage-de-vitesse\/entretien-des-lames-fr\/\"> ici<\/a><\/p>\n","protected":false},"excerpt":{"rendered":"<hr \/>\n<p style=\"text-align: center;\">Pierre diamant\u00e9e rouge\/bleue DMT W8FCNB de 8 pouces pr\u00e9sente deux faces d&#8217;aff\u00fbtage \u00e0 surface diamant\u00e9e interrompue. Tout en offrant une surface d&#8217;aff\u00fbtage g\u00e9n\u00e9reuse, il est con\u00e7u pour \u00eatre robuste, l\u00e9ger et compact &#8211; id\u00e9al sur le chantier ! Le produit de 8 pouces est \u00e9galement disponible dans la version DuoSharp\u00aeplus\u2122<\/p>\n<hr \/>\n<p style=\"text-align: center;\">Taille : 8&#8243; x 2.625&#8243; x 0.375&#8243; (203mm x 67mm 10mm)<\/p>\n<hr \/>\n<p style=\"text-align: center;\">\n","protected":false},"featured_media":28154,"comment_status":"open","ping_status":"closed","template":"","meta":{"site-sidebar-layout":"default","site-content-layout":"default","ast-site-content-layout":"default","site-content-style":"default","site-sidebar-style":"default","ast-global-header-display":"","ast-banner-title-visibility":"","ast-main-header-display":"","ast-hfb-above-header-display":"","ast-hfb-below-header-display":"","ast-hfb-mobile-header-display":"","site-post-title":"","ast-breadcrumbs-content":"","ast-featured-img":"","footer-sml-layout":"","theme-transparent-header-meta":"default","adv-header-id-meta":"","stick-header-meta":"","header-above-stick-meta":"","header-main-stick-meta":"","header-below-stick-meta":"","astra-migrate-meta-layouts":"set","ast-page-background-enabled":"default","ast-page-background-meta":{"desktop":{"background-color":"","background-image":"","background-repeat":"repeat","background-position":"center center","background-size":"auto","background-attachment":"scroll","background-type":"","background-media":"","overlay-type":"","overlay-color":"","overlay-opacity":"","overlay-gradient":""},"tablet":{"background-color":"","background-image":"","background-repeat":"repeat","background-position":"center center","background-size":"auto","background-attachment":"scroll","background-type":"","background-media":"","overlay-type":"","overlay-color":"","overlay-opacity":"","overlay-gradient":""},"mobile":{"background-color":"","background-image":"","background-repeat":"repeat","background-position":"center center","background-size":"auto","background-attachment":"scroll","background-type":"","background-media":"","overlay-type":"","overlay-color":"","overlay-opacity":"","overlay-gradient":""}},"ast-content-background-meta":{"desktop":{"background-color":"var(--ast-global-color-5)","background-image":"","background-repeat":"repeat","background-position":"center center","background-size":"auto","background-attachment":"scroll","background-type":"","background-media":"","overlay-type":"","overlay-color":"","overlay-opacity":"","overlay-gradient":""},"tablet":{"background-color":"var(--ast-global-color-5)","background-image":"","background-repeat":"repeat","background-position":"center center","background-size":"auto","background-attachment":"scroll","background-type":"","background-media":"","overlay-type":"","overlay-color":"","overlay-opacity":"","overlay-gradient":""},"mobile":{"background-color":"var(--ast-global-color-5)","background-image":"","background-repeat":"repeat","background-position":"center center","background-size":"auto","background-attachment":"scroll","background-type":"","background-media":"","overlay-type":"","overlay-color":"","overlay-opacity":"","overlay-gradient":""}}},"product_brand":[],"product_cat":[1500,1353],"product_tag":[1503,1356,1464],"class_list":{"0":"post-66168","1":"product","2":"type-product","3":"status-publish","4":"has-post-thumbnail","6":"product_cat-entretien-des-lames-fr","7":"product_cat-patinage-de-vitesse","8":"product_tag-affutage","9":"product_tag-courte-piste-fr","10":"product_tag-voie-longue","11":"desktop-align-center","12":"tablet-align-center","13":"mobile-align-center","14":"ast-product-gallery-layout-horizontal","15":"ast-product-gallery-with-no-image","16":"ast-product-tabs-layout-horizontal","17":"ast-qv-on-image","19":"first","20":"instock","21":"sale","22":"taxable","23":"shipping-taxable","24":"purchasable","25":"product-type-simple"},"bundled_by":[],"bundle_stock_status":"instock","bundle_stock_quantity":1,"bundle_virtual":false,"bundle_layout":"","bundle_add_to_cart_form_location":"","bundle_editable_in_cart":false,"bundle_sold_individually_context":"","bundle_item_grouping":"","bundle_min_size":"","bundle_max_size":"","bundle_price":[],"bundled_items":[],"bundle_sell_ids":[],"yoast_head":"<!-- This site is optimized with the Yoast SEO plugin v27.4 - https:\/\/yoast.com\/product\/yoast-seo-wordpress\/ -->\n<title>Pierre diamant\u00e9e rouge\/bleue DMT W8FCNB - Xact Skate Shop<\/title>\n<meta name=\"description\" content=\"La pierre diamant\u00e9e rouge\/bleue de 8 pouces comporte deux c\u00f4t\u00e9s de surface diamant\u00e9e interrompue aiguisant 8&quot; x 2.625&quot; x 0.375&quot;\" \/>\n<meta name=\"robots\" content=\"index, follow, max-snippet:-1, max-image-preview:large, max-video-preview:-1\" \/>\n<link rel=\"canonical\" href=\"https:\/\/xactskateshop.com\/fr\/produit\/pierre-diamantee-rouge-bleue-dmt-w8fcnb\/\" \/>\n<meta property=\"og:locale\" content=\"fr_FR\" \/>\n<meta property=\"og:type\" content=\"article\" \/>\n<meta property=\"og:title\" content=\"Pierre diamant\u00e9e rouge\/bleue DMT W8FCNB - Xact Skate Shop\" \/>\n<meta property=\"og:description\" content=\"La pierre diamant\u00e9e rouge\/bleue de 8 pouces comporte deux c\u00f4t\u00e9s de surface diamant\u00e9e interrompue aiguisant 8&quot; x 2.625&quot; x 0.375&quot;\" \/>\n<meta property=\"og:url\" content=\"https:\/\/xactskateshop.com\/fr\/produit\/pierre-diamantee-rouge-bleue-dmt-w8fcnb\/\" \/>\n<meta property=\"og:site_name\" content=\"Xact Skate Shop\" \/>\n<meta property=\"article:publisher\" content=\"https:\/\/www.facebook.com\/JeanLouiskateshop\" \/>\n<meta property=\"article:modified_time\" content=\"2025-10-11T15:59:48+00:00\" \/>\n<meta property=\"og:image\" content=\"https:\/\/xactskateshop.com\/wp-content\/uploads\/2020\/10\/w8fc-web.jpg\" \/>\n\t<meta property=\"og:image:width\" content=\"1000\" \/>\n\t<meta property=\"og:image:height\" content=\"1000\" \/>\n\t<meta property=\"og:image:type\" content=\"image\/jpeg\" \/>\n<meta name=\"twitter:card\" content=\"summary_large_image\" \/>\n<meta name=\"twitter:label1\" content=\"Dur\u00e9e de lecture estim\u00e9e\" \/>\n\t<meta name=\"twitter:data1\" content=\"2 minutes\" \/>\n<script type=\"application\/ld+json\" class=\"yoast-schema-graph\">{\"@context\":\"https:\\\/\\\/schema.org\",\"@graph\":[{\"@type\":\"WebPage\",\"@id\":\"https:\\\/\\\/xactskateshop.com\\\/fr\\\/produit\\\/pierre-diamantee-rouge-bleue-dmt-w8fcnb\\\/\",\"url\":\"https:\\\/\\\/xactskateshop.com\\\/fr\\\/produit\\\/pierre-diamantee-rouge-bleue-dmt-w8fcnb\\\/\",\"name\":\"Pierre diamant\u00e9e rouge\\\/bleue DMT W8FCNB - Xact Skate Shop\",\"isPartOf\":{\"@id\":\"http:\\\/\\\/xactskateshop.com\\\/fr\\\/#website\"},\"primaryImageOfPage\":{\"@id\":\"https:\\\/\\\/xactskateshop.com\\\/fr\\\/produit\\\/pierre-diamantee-rouge-bleue-dmt-w8fcnb\\\/#primaryimage\"},\"image\":{\"@id\":\"https:\\\/\\\/xactskateshop.com\\\/fr\\\/produit\\\/pierre-diamantee-rouge-bleue-dmt-w8fcnb\\\/#primaryimage\"},\"thumbnailUrl\":\"https:\\\/\\\/xactskateshop.com\\\/wp-content\\\/uploads\\\/2020\\\/10\\\/w8fc-web.jpg\",\"datePublished\":\"2020-10-28T19:57:55+00:00\",\"dateModified\":\"2025-10-11T15:59:48+00:00\",\"description\":\"La pierre diamant\u00e9e rouge\\\/bleue de 8 pouces comporte deux c\u00f4t\u00e9s de surface diamant\u00e9e interrompue aiguisant 8\\\" x 2.625\\\" x 0.375\\\"\",\"breadcrumb\":{\"@id\":\"https:\\\/\\\/xactskateshop.com\\\/fr\\\/produit\\\/pierre-diamantee-rouge-bleue-dmt-w8fcnb\\\/#breadcrumb\"},\"inLanguage\":\"fr-FR\",\"potentialAction\":[{\"@type\":\"ReadAction\",\"target\":[\"https:\\\/\\\/xactskateshop.com\\\/fr\\\/produit\\\/pierre-diamantee-rouge-bleue-dmt-w8fcnb\\\/\"]}]},{\"@type\":\"ImageObject\",\"inLanguage\":\"fr-FR\",\"@id\":\"https:\\\/\\\/xactskateshop.com\\\/fr\\\/produit\\\/pierre-diamantee-rouge-bleue-dmt-w8fcnb\\\/#primaryimage\",\"url\":\"https:\\\/\\\/xactskateshop.com\\\/wp-content\\\/uploads\\\/2020\\\/10\\\/w8fc-web.jpg\",\"contentUrl\":\"https:\\\/\\\/xactskateshop.com\\\/wp-content\\\/uploads\\\/2020\\\/10\\\/w8fc-web.jpg\",\"width\":1000,\"height\":1000,\"caption\":\"Pierre diamant\u00e9e rouge\\\/bleue\"},{\"@type\":\"BreadcrumbList\",\"@id\":\"https:\\\/\\\/xactskateshop.com\\\/fr\\\/produit\\\/pierre-diamantee-rouge-bleue-dmt-w8fcnb\\\/#breadcrumb\",\"itemListElement\":[{\"@type\":\"ListItem\",\"position\":1,\"name\":\"Home\",\"item\":\"https:\\\/\\\/xactskateshop.com\\\/fr\\\/accueil\\\/\"},{\"@type\":\"ListItem\",\"position\":2,\"name\":\"Boutique\",\"item\":\"https:\\\/\\\/xactskateshop.com\\\/shop\\\/\"},{\"@type\":\"ListItem\",\"position\":3,\"name\":\"Pierre diamant\u00e9e rouge\\\/bleue DMT W8FCNB\"}]},{\"@type\":\"WebSite\",\"@id\":\"http:\\\/\\\/xactskateshop.com\\\/fr\\\/#website\",\"url\":\"http:\\\/\\\/xactskateshop.com\\\/fr\\\/\",\"name\":\"Xact Skate Shop\",\"description\":\"Un site utilisant WordPress\",\"publisher\":{\"@id\":\"http:\\\/\\\/xactskateshop.com\\\/fr\\\/#organization\"},\"potentialAction\":[{\"@type\":\"SearchAction\",\"target\":{\"@type\":\"EntryPoint\",\"urlTemplate\":\"http:\\\/\\\/xactskateshop.com\\\/fr\\\/?s={search_term_string}\"},\"query-input\":{\"@type\":\"PropertyValueSpecification\",\"valueRequired\":true,\"valueName\":\"search_term_string\"}}],\"inLanguage\":\"fr-FR\"},{\"@type\":\"Organization\",\"@id\":\"http:\\\/\\\/xactskateshop.com\\\/fr\\\/#organization\",\"name\":\"XACT Skate Shop\",\"url\":\"http:\\\/\\\/xactskateshop.com\\\/fr\\\/\",\"logo\":{\"@type\":\"ImageObject\",\"inLanguage\":\"fr-FR\",\"@id\":\"http:\\\/\\\/xactskateshop.com\\\/fr\\\/#\\\/schema\\\/logo\\\/image\\\/\",\"url\":\"http:\\\/\\\/xactskateshop.com\\\/wp-content\\\/uploads\\\/2024\\\/04\\\/xactskateshop-dot-com-avec-contour-noir-sans-fond-675x.jpg\",\"contentUrl\":\"http:\\\/\\\/xactskateshop.com\\\/wp-content\\\/uploads\\\/2024\\\/04\\\/xactskateshop-dot-com-avec-contour-noir-sans-fond-675x.jpg\",\"width\":675,\"height\":247,\"caption\":\"XACT Skate Shop\"},\"image\":{\"@id\":\"http:\\\/\\\/xactskateshop.com\\\/fr\\\/#\\\/schema\\\/logo\\\/image\\\/\"},\"sameAs\":[\"https:\\\/\\\/www.facebook.com\\\/JeanLouiskateshop\"]}]}<\/script>\n<!-- \/ Yoast SEO plugin. -->","yoast_head_json":{"title":"Pierre diamant\u00e9e rouge\/bleue DMT W8FCNB - Xact Skate Shop","description":"La pierre diamant\u00e9e rouge\/bleue de 8 pouces comporte deux c\u00f4t\u00e9s de surface diamant\u00e9e interrompue aiguisant 8\" x 2.625\" x 0.375\"","robots":{"index":"index","follow":"follow","max-snippet":"max-snippet:-1","max-image-preview":"max-image-preview:large","max-video-preview":"max-video-preview:-1"},"canonical":"https:\/\/xactskateshop.com\/fr\/produit\/pierre-diamantee-rouge-bleue-dmt-w8fcnb\/","og_locale":"fr_FR","og_type":"article","og_title":"Pierre diamant\u00e9e rouge\/bleue DMT W8FCNB - Xact Skate Shop","og_description":"La pierre diamant\u00e9e rouge\/bleue de 8 pouces comporte deux c\u00f4t\u00e9s de surface diamant\u00e9e interrompue aiguisant 8\" x 2.625\" x 0.375\"","og_url":"https:\/\/xactskateshop.com\/fr\/produit\/pierre-diamantee-rouge-bleue-dmt-w8fcnb\/","og_site_name":"Xact Skate Shop","article_publisher":"https:\/\/www.facebook.com\/JeanLouiskateshop","article_modified_time":"2025-10-11T15:59:48+00:00","og_image":[{"width":1000,"height":1000,"url":"https:\/\/xactskateshop.com\/wp-content\/uploads\/2020\/10\/w8fc-web.jpg","type":"image\/jpeg"}],"twitter_card":"summary_large_image","twitter_misc":{"Dur\u00e9e de lecture estim\u00e9e":"2 minutes"},"schema":{"@context":"https:\/\/schema.org","@graph":[{"@type":"WebPage","@id":"https:\/\/xactskateshop.com\/fr\/produit\/pierre-diamantee-rouge-bleue-dmt-w8fcnb\/","url":"https:\/\/xactskateshop.com\/fr\/produit\/pierre-diamantee-rouge-bleue-dmt-w8fcnb\/","name":"Pierre diamant\u00e9e rouge\/bleue DMT W8FCNB - Xact Skate Shop","isPartOf":{"@id":"http:\/\/xactskateshop.com\/fr\/#website"},"primaryImageOfPage":{"@id":"https:\/\/xactskateshop.com\/fr\/produit\/pierre-diamantee-rouge-bleue-dmt-w8fcnb\/#primaryimage"},"image":{"@id":"https:\/\/xactskateshop.com\/fr\/produit\/pierre-diamantee-rouge-bleue-dmt-w8fcnb\/#primaryimage"},"thumbnailUrl":"https:\/\/xactskateshop.com\/wp-content\/uploads\/2020\/10\/w8fc-web.jpg","datePublished":"2020-10-28T19:57:55+00:00","dateModified":"2025-10-11T15:59:48+00:00","description":"La pierre diamant\u00e9e rouge\/bleue de 8 pouces comporte deux c\u00f4t\u00e9s de surface diamant\u00e9e interrompue aiguisant 8\" x 2.625\" x 0.375\"","breadcrumb":{"@id":"https:\/\/xactskateshop.com\/fr\/produit\/pierre-diamantee-rouge-bleue-dmt-w8fcnb\/#breadcrumb"},"inLanguage":"fr-FR","potentialAction":[{"@type":"ReadAction","target":["https:\/\/xactskateshop.com\/fr\/produit\/pierre-diamantee-rouge-bleue-dmt-w8fcnb\/"]}]},{"@type":"ImageObject","inLanguage":"fr-FR","@id":"https:\/\/xactskateshop.com\/fr\/produit\/pierre-diamantee-rouge-bleue-dmt-w8fcnb\/#primaryimage","url":"https:\/\/xactskateshop.com\/wp-content\/uploads\/2020\/10\/w8fc-web.jpg","contentUrl":"https:\/\/xactskateshop.com\/wp-content\/uploads\/2020\/10\/w8fc-web.jpg","width":1000,"height":1000,"caption":"Pierre diamant\u00e9e rouge\/bleue"},{"@type":"BreadcrumbList","@id":"https:\/\/xactskateshop.com\/fr\/produit\/pierre-diamantee-rouge-bleue-dmt-w8fcnb\/#breadcrumb","itemListElement":[{"@type":"ListItem","position":1,"name":"Home","item":"https:\/\/xactskateshop.com\/fr\/accueil\/"},{"@type":"ListItem","position":2,"name":"Boutique","item":"https:\/\/xactskateshop.com\/shop\/"},{"@type":"ListItem","position":3,"name":"Pierre diamant\u00e9e rouge\/bleue DMT W8FCNB"}]},{"@type":"WebSite","@id":"http:\/\/xactskateshop.com\/fr\/#website","url":"http:\/\/xactskateshop.com\/fr\/","name":"Xact Skate Shop","description":"Un site utilisant WordPress","publisher":{"@id":"http:\/\/xactskateshop.com\/fr\/#organization"},"potentialAction":[{"@type":"SearchAction","target":{"@type":"EntryPoint","urlTemplate":"http:\/\/xactskateshop.com\/fr\/?s={search_term_string}"},"query-input":{"@type":"PropertyValueSpecification","valueRequired":true,"valueName":"search_term_string"}}],"inLanguage":"fr-FR"},{"@type":"Organization","@id":"http:\/\/xactskateshop.com\/fr\/#organization","name":"XACT Skate Shop","url":"http:\/\/xactskateshop.com\/fr\/","logo":{"@type":"ImageObject","inLanguage":"fr-FR","@id":"http:\/\/xactskateshop.com\/fr\/#\/schema\/logo\/image\/","url":"http:\/\/xactskateshop.com\/wp-content\/uploads\/2024\/04\/xactskateshop-dot-com-avec-contour-noir-sans-fond-675x.jpg","contentUrl":"http:\/\/xactskateshop.com\/wp-content\/uploads\/2024\/04\/xactskateshop-dot-com-avec-contour-noir-sans-fond-675x.jpg","width":675,"height":247,"caption":"XACT Skate Shop"},"image":{"@id":"http:\/\/xactskateshop.com\/fr\/#\/schema\/logo\/image\/"},"sameAs":["https:\/\/www.facebook.com\/JeanLouiskateshop"]}]}},"_links":{"self":[{"href":"https:\/\/xactskateshop.com\/fr\/wp-json\/wp\/v2\/product\/66168","targetHints":{"allow":["GET"]}}],"collection":[{"href":"https:\/\/xactskateshop.com\/fr\/wp-json\/wp\/v2\/product"}],"about":[{"href":"https:\/\/xactskateshop.com\/fr\/wp-json\/wp\/v2\/types\/product"}],"replies":[{"embeddable":true,"href":"https:\/\/xactskateshop.com\/fr\/wp-json\/wp\/v2\/comments?post=66168"}],"wp:featuredmedia":[{"embeddable":true,"href":"https:\/\/xactskateshop.com\/fr\/wp-json\/wp\/v2\/media\/28154"}],"wp:attachment":[{"href":"https:\/\/xactskateshop.com\/fr\/wp-json\/wp\/v2\/media?parent=66168"}],"wp:term":[{"taxonomy":"product_brand","embeddable":true,"href":"https:\/\/xactskateshop.com\/fr\/wp-json\/wp\/v2\/product_brand?post=66168"},{"taxonomy":"product_cat","embeddable":true,"href":"https:\/\/xactskateshop.com\/fr\/wp-json\/wp\/v2\/product_cat?post=66168"},{"taxonomy":"product_tag","embeddable":true,"href":"https:\/\/xactskateshop.com\/fr\/wp-json\/wp\/v2\/product_tag?post=66168"}],"curies":[{"name":"wp","href":"https:\/\/api.w.org\/{rel}","templated":true}]}}