{"id":66162,"date":"2020-10-23T10:42:37","date_gmt":"2020-10-23T14:42:37","guid":{"rendered":"http:\/\/xactskateshop.com\/product\/kit-de-demarrage-du-gabarit-daffutage-bont-pro\/"},"modified":"2025-10-10T16:25:12","modified_gmt":"2025-10-10T20:25:12","slug":"kit-de-demarrage-daffutage-bont-pro","status":"publish","type":"product","link":"https:\/\/xactskateshop.com\/fr\/produit\/kit-de-demarrage-daffutage-bont-pro\/","title":{"rendered":"Kit de d\u00e9marrage d&#8217;aff\u00fbtage BONT Pro"},"content":{"rendered":"<h2>Kit de d\u00e9marrage d&#8217;aff\u00fbtage BONT Pro<\/h2>\n<p>&nbsp;<\/p>\n<h3><strong>Comprend :<\/strong><\/h3>\n<h5><\/h5>\n<h5><strong>1 Pro jig :<\/strong><\/h5>\n<p>Le gabarit d&#8217;aff\u00fbtage BONT est con\u00e7u pour s&#8217;adapter \u00e0 toutes les marques de lames sur le march\u00e9 et est le seul gabarit dont vous aurez besoin. Le gabarit est con\u00e7u au Canada par Ga\u00ebl Doucet-Gagnon et fabriqu\u00e9 par BONT. Il est l\u00e9ger, solide, compact et n&#8217;affectera pas la courbure de vos lames lors de l&#8217;aff\u00fbtage. Il est facile \u00e0 monter et \u00e0 d\u00e9monter, ce qui est id\u00e9al si vous devez vous rendre \u00e0 des comp\u00e9titions dans le monde entier.<\/p>\n<h5><strong>1 pierre de banc \u00e0 l&#8217;huile Foss :<\/strong><\/h5>\n<p>Cette pierre \u00e0 aiguiser Foss est une pierre combin\u00e9e qui offre la commodit\u00e9 de deux surfaces de grains diff\u00e9rents en une seule pierre. La pierre a un c\u00f4t\u00e9 grossier pour l&#8217;aiguisage et un c\u00f4t\u00e9 fin pour le polissage. La pierre est fabriqu\u00e9e en carbure de silicium abrasif et aplatie apr\u00e8s la production. Cela en fait la pierre parfaite pour les patineurs qui attendent le meilleur r\u00e9sultat d&#8217;aff\u00fbtage. La pierre Foss est la pierre d&#8217;aff\u00fbtage la plus populaire.<\/p>\n<h5><strong>1 XB1 133ml Huile d&#8217;aff\u00fbtage :<\/strong><\/h5>\n<ul>\n<li>L&#8217;huile Norton est une huile lubrifiante hautement raffin\u00e9e &#8211; Sp\u00e9cifiquement formul\u00e9e pour l&#8217;utilisation de pierres \u00e0 aiguiser.<\/li>\n<li>\u00c9galement id\u00e9al pour tous les travaux de lubrification &#8211; Il ne charge pas et ne gomme pas les pierres \u00e0 aiguiser.<\/li>\n<li>Conforme aux normes de la pharmacop\u00e9e am\u00e9ricaine &#8211; Peut \u00eatre utilis\u00e9 autour des op\u00e9rations de pr\u00e9paration des aliments pour v\u00e9rifier la puret\u00e9 de l&#8217;huile min\u00e9rale.<\/li>\n<\/ul>\n<h5><strong>1 Pierre \u00e0 aiguiser fine (rouge) :<\/strong><\/h5>\n<p>La pierre Mini Diamond 70 mm, au motif \u00e0 pois caract\u00e9ristique de DMT, est un compl\u00e9ment portable \u00e0 toute trousse d&#8217;outils. R\u00e9paration rapide des bords n&#8217;importe o\u00f9. L&#8217;aff\u00fbtage avec des diamants est rapide et facile. Utilisez de l&#8217;eau pour prot\u00e9ger votre pierre lors de l&#8217;aff\u00fbtage.<\/p>\n<ul>\n<li>Taille : 2 11\/16&#8243; x 15\/16&#8243; x 3\/16&#8243; (70 mm x 24 mm x 5 mm)<\/li>\n<\/ul>\n<h5><strong>1 outil d&#8217;\u00e9bavurage<\/strong><\/h5>\n<p>Le secret hollandais dont vous ne pourrez plus vous passer ! Plus de d\u00e9rapages, plus besoin de pansements pour vos doigts ! Cette invention super cool combine la magie de l&#8217;\u00e9barbage du carbure dans un \u00e9tui qui \u00e9pargne les doigts. Elle reste \u00e0 l&#8217;\u00e9querre pour garantir un tranchant parfait \u00e0 chaque fois. Il s&#8217;adapte automatiquement aux diff\u00e9rentes \u00e9paisseurs de lame. Cr\u00e9\u00e9 et produit aux Pays-Bas par Goud-Sport. Cet outil est indispensable \u00e0 tout kit d&#8217;aff\u00fbtage !<\/p>\n<p>Vous avez besoin d&#8217;un kit d&#8217;aff\u00fbtage Pro Diamond ? Consultez-le<a href=\"http:\/\/xactskateshop.com\/product\/bont-pro-sharpening-jig-diamond-kit\/\"> ici<\/a><\/p>\n<p>Pour en savoir plus sur les patins BONT <a href=\"https:\/\/canada.bont.com\/\">, cliquez ici<\/a><\/p>\n","protected":false},"excerpt":{"rendered":"<p style=\"text-align: center;\">Le gabarit d&#8217;aff\u00fbtage BONT est con\u00e7u pour s&#8217;adapter \u00e0 toutes les marques de lames sur le march\u00e9 et est le seul gabarit dont vous aurez besoin. Le gabarit est con\u00e7u au Canada par Ga\u00ebl Doucet-Gagnon et fabriqu\u00e9 par BONT skates. Il est l\u00e9ger, solide, compact et n&#8217;affectera pas la courbure de votre lame lors de l&#8217;aff\u00fbtage. Il est facile \u00e0 assembler et \u00e0 d\u00e9sassembler, ce qui est id\u00e9al si vous devez vous rendre \u00e0 des comp\u00e9titions partout dans le monde.<\/p>\n<hr \/>\n<p style=\"text-align: center;\"><strong>1 gabarit pro<\/strong><\/p>\n<p style=\"text-align: center;\"><strong>1 pierre de banc \u00e0 huile NORTON JUM3 ou IM2<\/strong><\/p>\n<p style=\"text-align: center;\"><strong>1 XB1 133ml Huile d&#8217;aff\u00fbtage<\/strong><\/p>\n<p style=\"text-align: center;\"><strong>1 Pierre \u00e0 aiguiser fine (rouge)<\/strong><\/p>\n<p style=\"text-align: center;\"><strong>1 outil d&#8217;\u00e9bavurage<\/strong><\/p>\n<hr \/>\n<p>&nbsp;<\/p>\n","protected":false},"featured_media":28125,"comment_status":"open","ping_status":"closed","template":"","meta":{"site-sidebar-layout":"default","site-content-layout":"default","ast-site-content-layout":"default","site-content-style":"default","site-sidebar-style":"default","ast-global-header-display":"","ast-banner-title-visibility":"","ast-main-header-display":"","ast-hfb-above-header-display":"","ast-hfb-below-header-display":"","ast-hfb-mobile-header-display":"","site-post-title":"","ast-breadcrumbs-content":"","ast-featured-img":"","footer-sml-layout":"","theme-transparent-header-meta":"default","adv-header-id-meta":"","stick-header-meta":"","header-above-stick-meta":"","header-main-stick-meta":"","header-below-stick-meta":"","astra-migrate-meta-layouts":"set","ast-page-background-enabled":"default","ast-page-background-meta":{"desktop":{"background-color":"","background-image":"","background-repeat":"repeat","background-position":"center center","background-size":"auto","background-attachment":"scroll","background-type":"","background-media":"","overlay-type":"","overlay-color":"","overlay-opacity":"","overlay-gradient":""},"tablet":{"background-color":"","background-image":"","background-repeat":"repeat","background-position":"center center","background-size":"auto","background-attachment":"scroll","background-type":"","background-media":"","overlay-type":"","overlay-color":"","overlay-opacity":"","overlay-gradient":""},"mobile":{"background-color":"","background-image":"","background-repeat":"repeat","background-position":"center center","background-size":"auto","background-attachment":"scroll","background-type":"","background-media":"","overlay-type":"","overlay-color":"","overlay-opacity":"","overlay-gradient":""}},"ast-content-background-meta":{"desktop":{"background-color":"var(--ast-global-color-5)","background-image":"","background-repeat":"repeat","background-position":"center center","background-size":"auto","background-attachment":"scroll","background-type":"","background-media":"","overlay-type":"","overlay-color":"","overlay-opacity":"","overlay-gradient":""},"tablet":{"background-color":"var(--ast-global-color-5)","background-image":"","background-repeat":"repeat","background-position":"center center","background-size":"auto","background-attachment":"scroll","background-type":"","background-media":"","overlay-type":"","overlay-color":"","overlay-opacity":"","overlay-gradient":""},"mobile":{"background-color":"var(--ast-global-color-5)","background-image":"","background-repeat":"repeat","background-position":"center center","background-size":"auto","background-attachment":"scroll","background-type":"","background-media":"","overlay-type":"","overlay-color":"","overlay-opacity":"","overlay-gradient":""}}},"product_brand":[],"product_cat":[1500,1353],"product_tag":[1502,1505,1506,1356,1504],"class_list":{"0":"post-66162","1":"product","2":"type-product","3":"status-publish","4":"has-post-thumbnail","6":"product_cat-entretien-des-lames-fr","7":"product_cat-patinage-de-vitesse","8":"product_tag-affutage-des-patins","9":"product_tag-affutage-pour-le-patinage-de-vitesse","10":"product_tag-bont-jig-fr","11":"product_tag-courte-piste-fr","12":"product_tag-gabarit-daffutage","13":"desktop-align-center","14":"tablet-align-center","15":"mobile-align-center","16":"ast-product-gallery-layout-horizontal","17":"ast-product-tabs-layout-horizontal","18":"ast-qv-on-image","20":"first","21":"instock","22":"sale","23":"taxable","24":"shipping-taxable","25":"purchasable","26":"product-type-simple"},"bundled_by":[],"bundle_stock_status":"instock","bundle_stock_quantity":null,"bundle_virtual":false,"bundle_layout":"","bundle_add_to_cart_form_location":"","bundle_editable_in_cart":false,"bundle_sold_individually_context":"","bundle_item_grouping":"","bundle_min_size":"","bundle_max_size":"","bundle_price":[],"bundled_items":[],"bundle_sell_ids":[],"yoast_head":"<!-- This site is optimized with the Yoast SEO plugin v27.4 - https:\/\/yoast.com\/product\/yoast-seo-wordpress\/ -->\n<title>Kit de d\u00e9marrage d&#039;aff\u00fbtage BONT Pro - Xact Skate Shop<\/title>\n<meta name=\"description\" content=\"Kit de d\u00e9marrage d&#039;aff\u00fbtage BONT Pro. Le gabarit d&#039;aff\u00fbtage BONT est con\u00e7u pour s&#039;adapter \u00e0 toutes les marques de lames sur le march\u00e9 et est le seul gabarit dont vous aurez besoin.\" \/>\n<meta name=\"robots\" content=\"index, follow, max-snippet:-1, max-image-preview:large, max-video-preview:-1\" \/>\n<link rel=\"canonical\" href=\"https:\/\/xactskateshop.com\/fr\/produit\/kit-de-demarrage-daffutage-bont-pro\/\" \/>\n<meta property=\"og:locale\" content=\"fr_FR\" \/>\n<meta property=\"og:type\" content=\"article\" \/>\n<meta property=\"og:title\" content=\"Kit de d\u00e9marrage d&#039;aff\u00fbtage BONT Pro - Xact Skate Shop\" \/>\n<meta property=\"og:description\" content=\"Kit de d\u00e9marrage d&#039;aff\u00fbtage BONT Pro. Le gabarit d&#039;aff\u00fbtage BONT est con\u00e7u pour s&#039;adapter \u00e0 toutes les marques de lames sur le march\u00e9 et est le seul gabarit dont vous aurez besoin.\" \/>\n<meta property=\"og:url\" content=\"https:\/\/xactskateshop.com\/fr\/produit\/kit-de-demarrage-daffutage-bont-pro\/\" \/>\n<meta property=\"og:site_name\" content=\"Xact Skate Shop\" \/>\n<meta property=\"article:publisher\" content=\"https:\/\/www.facebook.com\/JeanLouiskateshop\" \/>\n<meta property=\"article:modified_time\" content=\"2025-10-10T20:25:12+00:00\" \/>\n<meta property=\"og:image\" content=\"https:\/\/xactskateshop.com\/wp-content\/uploads\/2020\/10\/low-end-kit.jpg\" \/>\n\t<meta property=\"og:image:width\" content=\"1000\" \/>\n\t<meta property=\"og:image:height\" content=\"1000\" \/>\n\t<meta property=\"og:image:type\" content=\"image\/jpeg\" \/>\n<meta name=\"twitter:card\" content=\"summary_large_image\" \/>\n<meta name=\"twitter:label1\" content=\"Dur\u00e9e de lecture estim\u00e9e\" \/>\n\t<meta name=\"twitter:data1\" content=\"2 minutes\" \/>\n<script type=\"application\/ld+json\" class=\"yoast-schema-graph\">{\"@context\":\"https:\\\/\\\/schema.org\",\"@graph\":[{\"@type\":\"WebPage\",\"@id\":\"https:\\\/\\\/xactskateshop.com\\\/fr\\\/produit\\\/kit-de-demarrage-daffutage-bont-pro\\\/\",\"url\":\"https:\\\/\\\/xactskateshop.com\\\/fr\\\/produit\\\/kit-de-demarrage-daffutage-bont-pro\\\/\",\"name\":\"Kit de d\u00e9marrage d'aff\u00fbtage BONT Pro - Xact Skate Shop\",\"isPartOf\":{\"@id\":\"http:\\\/\\\/xactskateshop.com\\\/fr\\\/#website\"},\"primaryImageOfPage\":{\"@id\":\"https:\\\/\\\/xactskateshop.com\\\/fr\\\/produit\\\/kit-de-demarrage-daffutage-bont-pro\\\/#primaryimage\"},\"image\":{\"@id\":\"https:\\\/\\\/xactskateshop.com\\\/fr\\\/produit\\\/kit-de-demarrage-daffutage-bont-pro\\\/#primaryimage\"},\"thumbnailUrl\":\"https:\\\/\\\/xactskateshop.com\\\/wp-content\\\/uploads\\\/2020\\\/10\\\/low-end-kit.jpg\",\"datePublished\":\"2020-10-23T14:42:37+00:00\",\"dateModified\":\"2025-10-10T20:25:12+00:00\",\"description\":\"Kit de d\u00e9marrage d'aff\u00fbtage BONT Pro. Le gabarit d'aff\u00fbtage BONT est con\u00e7u pour s'adapter \u00e0 toutes les marques de lames sur le march\u00e9 et est le seul gabarit dont vous aurez besoin.\",\"breadcrumb\":{\"@id\":\"https:\\\/\\\/xactskateshop.com\\\/fr\\\/produit\\\/kit-de-demarrage-daffutage-bont-pro\\\/#breadcrumb\"},\"inLanguage\":\"fr-FR\",\"potentialAction\":[{\"@type\":\"ReadAction\",\"target\":[\"https:\\\/\\\/xactskateshop.com\\\/fr\\\/produit\\\/kit-de-demarrage-daffutage-bont-pro\\\/\"]}]},{\"@type\":\"ImageObject\",\"inLanguage\":\"fr-FR\",\"@id\":\"https:\\\/\\\/xactskateshop.com\\\/fr\\\/produit\\\/kit-de-demarrage-daffutage-bont-pro\\\/#primaryimage\",\"url\":\"https:\\\/\\\/xactskateshop.com\\\/wp-content\\\/uploads\\\/2020\\\/10\\\/low-end-kit.jpg\",\"contentUrl\":\"https:\\\/\\\/xactskateshop.com\\\/wp-content\\\/uploads\\\/2020\\\/10\\\/low-end-kit.jpg\",\"width\":1000,\"height\":1000,\"caption\":\"APPAREIL PHOTO NUM\u00c9RIQUE SAMSUNG\"},{\"@type\":\"BreadcrumbList\",\"@id\":\"https:\\\/\\\/xactskateshop.com\\\/fr\\\/produit\\\/kit-de-demarrage-daffutage-bont-pro\\\/#breadcrumb\",\"itemListElement\":[{\"@type\":\"ListItem\",\"position\":1,\"name\":\"Home\",\"item\":\"https:\\\/\\\/xactskateshop.com\\\/fr\\\/accueil\\\/\"},{\"@type\":\"ListItem\",\"position\":2,\"name\":\"Boutique\",\"item\":\"https:\\\/\\\/xactskateshop.com\\\/shop\\\/\"},{\"@type\":\"ListItem\",\"position\":3,\"name\":\"Kit de d\u00e9marrage d&#8217;aff\u00fbtage BONT Pro\"}]},{\"@type\":\"WebSite\",\"@id\":\"http:\\\/\\\/xactskateshop.com\\\/fr\\\/#website\",\"url\":\"http:\\\/\\\/xactskateshop.com\\\/fr\\\/\",\"name\":\"Xact Skate Shop\",\"description\":\"Un site utilisant WordPress\",\"publisher\":{\"@id\":\"http:\\\/\\\/xactskateshop.com\\\/fr\\\/#organization\"},\"potentialAction\":[{\"@type\":\"SearchAction\",\"target\":{\"@type\":\"EntryPoint\",\"urlTemplate\":\"http:\\\/\\\/xactskateshop.com\\\/fr\\\/?s={search_term_string}\"},\"query-input\":{\"@type\":\"PropertyValueSpecification\",\"valueRequired\":true,\"valueName\":\"search_term_string\"}}],\"inLanguage\":\"fr-FR\"},{\"@type\":\"Organization\",\"@id\":\"http:\\\/\\\/xactskateshop.com\\\/fr\\\/#organization\",\"name\":\"XACT Skate Shop\",\"url\":\"http:\\\/\\\/xactskateshop.com\\\/fr\\\/\",\"logo\":{\"@type\":\"ImageObject\",\"inLanguage\":\"fr-FR\",\"@id\":\"http:\\\/\\\/xactskateshop.com\\\/fr\\\/#\\\/schema\\\/logo\\\/image\\\/\",\"url\":\"http:\\\/\\\/xactskateshop.com\\\/wp-content\\\/uploads\\\/2024\\\/04\\\/xactskateshop-dot-com-avec-contour-noir-sans-fond-675x.jpg\",\"contentUrl\":\"http:\\\/\\\/xactskateshop.com\\\/wp-content\\\/uploads\\\/2024\\\/04\\\/xactskateshop-dot-com-avec-contour-noir-sans-fond-675x.jpg\",\"width\":675,\"height\":247,\"caption\":\"XACT Skate Shop\"},\"image\":{\"@id\":\"http:\\\/\\\/xactskateshop.com\\\/fr\\\/#\\\/schema\\\/logo\\\/image\\\/\"},\"sameAs\":[\"https:\\\/\\\/www.facebook.com\\\/JeanLouiskateshop\"]}]}<\/script>\n<!-- \/ Yoast SEO plugin. -->","yoast_head_json":{"title":"Kit de d\u00e9marrage d'aff\u00fbtage BONT Pro - Xact Skate Shop","description":"Kit de d\u00e9marrage d'aff\u00fbtage BONT Pro. Le gabarit d'aff\u00fbtage BONT est con\u00e7u pour s'adapter \u00e0 toutes les marques de lames sur le march\u00e9 et est le seul gabarit dont vous aurez besoin.","robots":{"index":"index","follow":"follow","max-snippet":"max-snippet:-1","max-image-preview":"max-image-preview:large","max-video-preview":"max-video-preview:-1"},"canonical":"https:\/\/xactskateshop.com\/fr\/produit\/kit-de-demarrage-daffutage-bont-pro\/","og_locale":"fr_FR","og_type":"article","og_title":"Kit de d\u00e9marrage d'aff\u00fbtage BONT Pro - Xact Skate Shop","og_description":"Kit de d\u00e9marrage d'aff\u00fbtage BONT Pro. Le gabarit d'aff\u00fbtage BONT est con\u00e7u pour s'adapter \u00e0 toutes les marques de lames sur le march\u00e9 et est le seul gabarit dont vous aurez besoin.","og_url":"https:\/\/xactskateshop.com\/fr\/produit\/kit-de-demarrage-daffutage-bont-pro\/","og_site_name":"Xact Skate Shop","article_publisher":"https:\/\/www.facebook.com\/JeanLouiskateshop","article_modified_time":"2025-10-10T20:25:12+00:00","og_image":[{"width":1000,"height":1000,"url":"https:\/\/xactskateshop.com\/wp-content\/uploads\/2020\/10\/low-end-kit.jpg","type":"image\/jpeg"}],"twitter_card":"summary_large_image","twitter_misc":{"Dur\u00e9e de lecture estim\u00e9e":"2 minutes"},"schema":{"@context":"https:\/\/schema.org","@graph":[{"@type":"WebPage","@id":"https:\/\/xactskateshop.com\/fr\/produit\/kit-de-demarrage-daffutage-bont-pro\/","url":"https:\/\/xactskateshop.com\/fr\/produit\/kit-de-demarrage-daffutage-bont-pro\/","name":"Kit de d\u00e9marrage d'aff\u00fbtage BONT Pro - Xact Skate Shop","isPartOf":{"@id":"http:\/\/xactskateshop.com\/fr\/#website"},"primaryImageOfPage":{"@id":"https:\/\/xactskateshop.com\/fr\/produit\/kit-de-demarrage-daffutage-bont-pro\/#primaryimage"},"image":{"@id":"https:\/\/xactskateshop.com\/fr\/produit\/kit-de-demarrage-daffutage-bont-pro\/#primaryimage"},"thumbnailUrl":"https:\/\/xactskateshop.com\/wp-content\/uploads\/2020\/10\/low-end-kit.jpg","datePublished":"2020-10-23T14:42:37+00:00","dateModified":"2025-10-10T20:25:12+00:00","description":"Kit de d\u00e9marrage d'aff\u00fbtage BONT Pro. Le gabarit d'aff\u00fbtage BONT est con\u00e7u pour s'adapter \u00e0 toutes les marques de lames sur le march\u00e9 et est le seul gabarit dont vous aurez besoin.","breadcrumb":{"@id":"https:\/\/xactskateshop.com\/fr\/produit\/kit-de-demarrage-daffutage-bont-pro\/#breadcrumb"},"inLanguage":"fr-FR","potentialAction":[{"@type":"ReadAction","target":["https:\/\/xactskateshop.com\/fr\/produit\/kit-de-demarrage-daffutage-bont-pro\/"]}]},{"@type":"ImageObject","inLanguage":"fr-FR","@id":"https:\/\/xactskateshop.com\/fr\/produit\/kit-de-demarrage-daffutage-bont-pro\/#primaryimage","url":"https:\/\/xactskateshop.com\/wp-content\/uploads\/2020\/10\/low-end-kit.jpg","contentUrl":"https:\/\/xactskateshop.com\/wp-content\/uploads\/2020\/10\/low-end-kit.jpg","width":1000,"height":1000,"caption":"APPAREIL PHOTO NUM\u00c9RIQUE SAMSUNG"},{"@type":"BreadcrumbList","@id":"https:\/\/xactskateshop.com\/fr\/produit\/kit-de-demarrage-daffutage-bont-pro\/#breadcrumb","itemListElement":[{"@type":"ListItem","position":1,"name":"Home","item":"https:\/\/xactskateshop.com\/fr\/accueil\/"},{"@type":"ListItem","position":2,"name":"Boutique","item":"https:\/\/xactskateshop.com\/shop\/"},{"@type":"ListItem","position":3,"name":"Kit de d\u00e9marrage d&#8217;aff\u00fbtage BONT Pro"}]},{"@type":"WebSite","@id":"http:\/\/xactskateshop.com\/fr\/#website","url":"http:\/\/xactskateshop.com\/fr\/","name":"Xact Skate Shop","description":"Un site utilisant WordPress","publisher":{"@id":"http:\/\/xactskateshop.com\/fr\/#organization"},"potentialAction":[{"@type":"SearchAction","target":{"@type":"EntryPoint","urlTemplate":"http:\/\/xactskateshop.com\/fr\/?s={search_term_string}"},"query-input":{"@type":"PropertyValueSpecification","valueRequired":true,"valueName":"search_term_string"}}],"inLanguage":"fr-FR"},{"@type":"Organization","@id":"http:\/\/xactskateshop.com\/fr\/#organization","name":"XACT Skate Shop","url":"http:\/\/xactskateshop.com\/fr\/","logo":{"@type":"ImageObject","inLanguage":"fr-FR","@id":"http:\/\/xactskateshop.com\/fr\/#\/schema\/logo\/image\/","url":"http:\/\/xactskateshop.com\/wp-content\/uploads\/2024\/04\/xactskateshop-dot-com-avec-contour-noir-sans-fond-675x.jpg","contentUrl":"http:\/\/xactskateshop.com\/wp-content\/uploads\/2024\/04\/xactskateshop-dot-com-avec-contour-noir-sans-fond-675x.jpg","width":675,"height":247,"caption":"XACT Skate Shop"},"image":{"@id":"http:\/\/xactskateshop.com\/fr\/#\/schema\/logo\/image\/"},"sameAs":["https:\/\/www.facebook.com\/JeanLouiskateshop"]}]}},"_links":{"self":[{"href":"https:\/\/xactskateshop.com\/fr\/wp-json\/wp\/v2\/product\/66162","targetHints":{"allow":["GET"]}}],"collection":[{"href":"https:\/\/xactskateshop.com\/fr\/wp-json\/wp\/v2\/product"}],"about":[{"href":"https:\/\/xactskateshop.com\/fr\/wp-json\/wp\/v2\/types\/product"}],"replies":[{"embeddable":true,"href":"https:\/\/xactskateshop.com\/fr\/wp-json\/wp\/v2\/comments?post=66162"}],"wp:featuredmedia":[{"embeddable":true,"href":"https:\/\/xactskateshop.com\/fr\/wp-json\/wp\/v2\/media\/28125"}],"wp:attachment":[{"href":"https:\/\/xactskateshop.com\/fr\/wp-json\/wp\/v2\/media?parent=66162"}],"wp:term":[{"taxonomy":"product_brand","embeddable":true,"href":"https:\/\/xactskateshop.com\/fr\/wp-json\/wp\/v2\/product_brand?post=66162"},{"taxonomy":"product_cat","embeddable":true,"href":"https:\/\/xactskateshop.com\/fr\/wp-json\/wp\/v2\/product_cat?post=66162"},{"taxonomy":"product_tag","embeddable":true,"href":"https:\/\/xactskateshop.com\/fr\/wp-json\/wp\/v2\/product_tag?post=66162"}],"curies":[{"name":"wp","href":"https:\/\/api.w.org\/{rel}","templated":true}]}}