{"id":66159,"date":"2020-10-22T17:51:19","date_gmt":"2020-10-22T21:51:19","guid":{"rendered":"http:\/\/xactskateshop.com\/product\/gabarit-daffutage-bont-pro-concu-par-gael-doucet-gagnon\/"},"modified":"2020-10-22T17:51:19","modified_gmt":"2020-10-22T21:51:19","slug":"gabarit-daffutage-bont-pro-concu-par-gael-doucet-gagnon","status":"publish","type":"product","link":"https:\/\/xactskateshop.com\/fr\/produit\/gabarit-daffutage-bont-pro-concu-par-gael-doucet-gagnon\/","title":{"rendered":"Gabarit d&#8217;aff\u00fbtage BONT Pro Con\u00e7u par Gael Doucet-Gagnon"},"content":{"rendered":"<h2>Gabarit d&#8217;aff\u00fbtage BONT Pro Con\u00e7u par Gael Doucet-Gagnon<\/h2>\n<p>Le gabarit d&#8217;aff\u00fbtage Bont Pro de Gael Doucet-Gagnon. Il a \u00e9t\u00e9 con\u00e7u par le patineur de vitesse sur courte piste canadien Gael Doucet-Gagnon. Vous pouvez lire son processus de r\u00e9flexion sur la fa\u00e7on dont il a con\u00e7u le gabarit.  <\/p>\n<h3><\/h3>\n<h3><strong>Courte Piste : Un sport de d\u00e9tails<\/strong><\/h3>\n<p>J&#8217;ai commenc\u00e9 \u00e0 patiner \u00e0 l&#8217;\u00e2ge de 6 ans et depuis, je suis fascin\u00e9 par le patinage de vitesse. \u00c0 premi\u00e8re vue, il s&#8217;agit d&#8217;un sport simple, qui consiste \u00e0 patiner aussi vite que possible en allant vers la gauche sur une piste de glace ovale. En fait, ce n&#8217;est pas si simple, c&#8217;est un sport qui se concentre sur les d\u00e9tails. Lorsque l&#8217;objectif est d&#8217;\u00eatre le plus rapide sur une piste ovale, la t\u00e2che est assez complexe. Comment devient-on le meilleur dans ce sport ? En passant des ann\u00e9es \u00e0 s&#8217;entra\u00eener et \u00e0 perfectionner sa technique, \u00e0 travailler sur des strat\u00e9gies et \u00e0 \u00eatre au meilleur de sa forme physique. En ce qui concerne l&#8217;\u00e9quipement, les m\u00eames principes s&#8217;appliquent. Des chaussures parfaitement ajust\u00e9es, des lames qui glissent sur la glace et une certaine protection. Encore une fois, cela semble simple, mais ce n&#8217;est pas aussi facile \u00e0 r\u00e9aliser. Patiner pour atteindre son plein potentiel exige que l&#8217;\u00e9quipement soit optimis\u00e9 pour notre sport.         <\/p>\n<p><em>Ce n&#8217;est pas sorcier, mais la complexit\u00e9 de cette id\u00e9e simple, la fa\u00e7on dont nous avons choisi de la rendre si parfaite et la passion qui se cache derri\u00e8re cette gigue pas si simple sont autant d&#8217;\u00e9l\u00e9ments qui la rendent si sp\u00e9ciale. Tout comme le patinage de vitesse. <\/em><\/p>\n<p>Mon exp\u00e9rience de patineur de vitesse de 20 ans et mon int\u00e9r\u00eat constant pour la complexit\u00e9 de l&#8217;\u00e9quipement ont \u00e9t\u00e9 une source d&#8217;inspiration permanente pour contribuer \u00e0 l&#8217;am\u00e9lioration de l&#8217;appareil.<\/p>\n<p>Connaissant ma passion pour le patinage de vitesse, M. Marc Pelletier, propri\u00e9taire de Xact Performance et distributeur canadien de Bont Canada au Qu\u00e9bec, m&#8217;a offert l&#8217;opportunit\u00e9 de r\u00e9aliser mon r\u00eave. Bont voulait produire un nouveau gabarit d&#8217;aiguisage pour le patinage de vitesse et il m&#8217;a demand\u00e9 si j&#8217;\u00e9tais int\u00e9ress\u00e9 \u00e0 en concevoir un pour eux. J&#8217;ai accept\u00e9 avec joie, sachant que mes \u00e9tudes en g\u00e9nie civil m&#8217;aideraient \u00e0 atteindre l&#8217;objectif.  <\/p>\n<h4><\/h4>\n<h4><strong>Processus de r\u00e9flexion<\/strong><\/h4>\n<p>Lors de la conception d&#8217;un nouveau dispositif d&#8217;aff\u00fbtage, j&#8217;ai eu recours \u00e0 un plan de visualisation en 3D afin de repr\u00e9senter les sp\u00e9cifications d&#8217;usinage et de d\u00e9montrer son potentiel. Ayant appris \u00e0 utiliser la CAO (conception assist\u00e9e par ordinateur) \u00e0 l&#8217;\u00e9cole, j&#8217;ai utilis\u00e9 le logiciel AutoCAD pour r\u00e9aliser ce travail. Lors de la cr\u00e9ation du produit, mes objectifs \u00e9taient les m\u00eames qu&#8217;en g\u00e9nie civil : optimiser la qualit\u00e9 avec l&#8217;efficacit\u00e9 de la production.  <\/p>\n<ul>\n<li><strong>Mon premier objectif<\/strong> \u00e9tait de m&#8217;assurer que le gabarit pouvait s&#8217;adapter \u00e0 toutes les marques de lames sur le march\u00e9, quel que soit leur degr\u00e9 d&#8217;usure. Des \u00e9l\u00e9ments amovibles ont \u00e9t\u00e9 con\u00e7us et des sp\u00e9cifications concernant les dimensions du gabarit ont \u00e9t\u00e9 donn\u00e9es pour s&#8217;assurer que toutes les lames existantes sur le march\u00e9 dans le monde entier recevraient un ajustement parfait. Je devais \u00e9galement m&#8217;assurer que la tension exerc\u00e9e sur les lames soit la plus faible possible. La raison en est qu&#8217;il ne faut pas affecter leur flexion tout en gardant une bonne prise sur elles lors de l&#8217;aff\u00fbtage.   <\/li>\n<li><strong>Mon deuxi\u00e8me objectif<\/strong> \u00e9tait de minimiser le poids total et de promouvoir sa durabilit\u00e9. Je voulais que le gabarit soit l\u00e9ger et puisse \u00eatre facilement emball\u00e9 lors des d\u00e9placements pour l&#8217;entra\u00eenement et les comp\u00e9titions. Comme nous le faisons en g\u00e9nie civil, j&#8217;ai choisi de jouer avec la forme du produit. Lorsque cela \u00e9tait possible, j&#8217;ai optimis\u00e9 la conception afin de r\u00e9duire son poids. J&#8217;ai veill\u00e9 \u00e0 conserver plus de mati\u00e8re sur les zones les plus accidentog\u00e8nes. Les plus susceptibles d&#8217;\u00eatre d\u00e9form\u00e9es en cas de malheur     <\/li>\n<li><strong>Mon troisi\u00e8me objectif<\/strong> \u00e9tait de concevoir un gabarit facile \u00e0 produire pour le rendre accessible \u00e0 tous. L\u00e0 encore, j&#8217;ai adapt\u00e9 les formes en les rendant faciles \u00e0 fabriquer afin de r\u00e9duire le prix de vente du produit. Ce faisant, nous r\u00e9duirons \u00e9galement le risque potentiel de d\u00e9fauts de fabrication.  <\/li>\n<li>\n<h6><strong>Enfin,<\/strong> je voulais que chaque pi\u00e8ce de l&#8217;assemblage soit facilement accessible. Afin de standardiser le produit, une norme a \u00e9t\u00e9 trouv\u00e9e pour chaque vis ou pi\u00e8ce utilis\u00e9e pour l&#8217;assemblage de ce gabarit. <\/h6>\n<\/li>\n<\/ul>\n<h4><\/h4>\n<h4><strong>Gabarit d&#8217;aff\u00fbtage Bont pour le patinage de vitesse sur piste courte<\/strong><\/h4>\n<p>J&#8217;ai propos\u00e9 une conception de base pour le dispositif d&#8217;aff\u00fbtage de pr\u00e9cision, mais j&#8217;avais des id\u00e9es diff\u00e9rentes concernant certaines sp\u00e9cificit\u00e9s qui pouvaient \u00eatre incluses ou non dans la conception. Ne sachant pas quelle serait la pr\u00e9f\u00e9rence de Bont, cinq options l\u00e9g\u00e8rement diff\u00e9rentes de plans en 2D ont \u00e9t\u00e9 propos\u00e9es sur la base de dessins en 3D. Le mod\u00e8le choisi \u00e9tait un mod\u00e8le unique, utilisant un support en aluminium \u00e0 90 degr\u00e9s qui pouvait \u00eatre utilis\u00e9 pour ajuster la hauteur de la lame sur le gabarit. En ce qui concerne la conception, le prototype a \u00e9t\u00e9 produit avec succ\u00e8s. Le machiniste a re\u00e7u davantage de conseils et de sp\u00e9cifications afin de bien comprendre l&#8217;intention des modifications demand\u00e9es. Initialement pr\u00e9vu pour le march\u00e9 canadien, la production a commenc\u00e9 \u00e0 partir de l\u00e0.     <\/p>\n<p>Comme vous le savez, un gabarit d&#8217;aff\u00fbtage de pr\u00e9cision pour le patinage de vitesse a une fonction assez simple. Afin d&#8217;obtenir un bord vraiment tranchant, comme tout autre gabarit, le gabarit Bont Pro maintient nos lames \u00e0 90 degr\u00e9s pendant l&#8217;aff\u00fbtage&#8230;   <em>Ce n&#8217;est pas sorcier, mais la complexit\u00e9 de cette id\u00e9e simple, la fa\u00e7on dont nous avons choisi de la rendre si parfaite et la passion qui se cache derri\u00e8re cette gigue pas si simple sont autant d&#8217;\u00e9l\u00e9ments qui la rendent si sp\u00e9ciale. Tout comme le patinage de vitesse sur piste courte. <\/em><\/p>\n<h2><\/h2>\n<h2><strong>Auteur<\/strong><\/h2>\n<p>Ga\u00ebl Doucet-Gagnon<\/p>\n<p><iframe title=\"Bont sharpening jig for ice speed skating short track and long track\" width=\"500\" height=\"281\" src=\"https:\/\/www.youtube.com\/embed\/aG3_vb7izds?feature=oembed\" frameborder=\"0\" allow=\"accelerometer; autoplay; clipboard-write; encrypted-media; gyroscope; picture-in-picture; web-share\" referrerpolicy=\"strict-origin-when-cross-origin\" allowfullscreen><\/iframe><\/p>\n","protected":false},"excerpt":{"rendered":"<hr>\n<p style=\"text-align: center;\">Le gabarit de pr\u00e9cision Bont pour le short track a \u00e9t\u00e9 con\u00e7u par le patineur de vitesse short track canadien Ga\u00ebl Doucet-Gagnon. Vous pouvez lire son processus de r\u00e9flexion sur la conception du gabarit. <\/p>\n<hr>\n<p>&nbsp;<\/p>\n","protected":false},"featured_media":28113,"comment_status":"open","ping_status":"closed","template":"","meta":{"site-sidebar-layout":"default","site-content-layout":"default","ast-site-content-layout":"default","site-content-style":"default","site-sidebar-style":"default","ast-global-header-display":"","ast-banner-title-visibility":"","ast-main-header-display":"","ast-hfb-above-header-display":"","ast-hfb-below-header-display":"","ast-hfb-mobile-header-display":"","site-post-title":"","ast-breadcrumbs-content":"","ast-featured-img":"","footer-sml-layout":"","theme-transparent-header-meta":"default","adv-header-id-meta":"","stick-header-meta":"","header-above-stick-meta":"","header-main-stick-meta":"","header-below-stick-meta":"","astra-migrate-meta-layouts":"default","ast-page-background-enabled":"default","ast-page-background-meta":{"desktop":{"background-color":"","background-image":"","background-repeat":"repeat","background-position":"center center","background-size":"auto","background-attachment":"scroll","background-type":"","background-media":"","overlay-type":"","overlay-color":"","overlay-opacity":"","overlay-gradient":""},"tablet":{"background-color":"","background-image":"","background-repeat":"repeat","background-position":"center center","background-size":"auto","background-attachment":"scroll","background-type":"","background-media":"","overlay-type":"","overlay-color":"","overlay-opacity":"","overlay-gradient":""},"mobile":{"background-color":"","background-image":"","background-repeat":"repeat","background-position":"center center","background-size":"auto","background-attachment":"scroll","background-type":"","background-media":"","overlay-type":"","overlay-color":"","overlay-opacity":"","overlay-gradient":""}},"ast-content-background-meta":{"desktop":{"background-color":"var(--ast-global-color-5)","background-image":"","background-repeat":"repeat","background-position":"center center","background-size":"auto","background-attachment":"scroll","background-type":"","background-media":"","overlay-type":"","overlay-color":"","overlay-opacity":"","overlay-gradient":""},"tablet":{"background-color":"var(--ast-global-color-5)","background-image":"","background-repeat":"repeat","background-position":"center center","background-size":"auto","background-attachment":"scroll","background-type":"","background-media":"","overlay-type":"","overlay-color":"","overlay-opacity":"","overlay-gradient":""},"mobile":{"background-color":"var(--ast-global-color-5)","background-image":"","background-repeat":"repeat","background-position":"center center","background-size":"auto","background-attachment":"scroll","background-type":"","background-media":"","overlay-type":"","overlay-color":"","overlay-opacity":"","overlay-gradient":""}}},"product_brand":[],"product_cat":[1500,1353],"product_tag":[1356],"class_list":{"0":"post-66159","1":"product","2":"type-product","3":"status-publish","4":"has-post-thumbnail","6":"product_cat-entretien-des-lames-fr","7":"product_cat-patinage-de-vitesse","8":"product_tag-courte-piste-fr","9":"desktop-align-center","10":"tablet-align-center","11":"mobile-align-center","12":"ast-product-gallery-layout-horizontal","13":"ast-product-tabs-layout-horizontal","14":"ast-qv-on-image","16":"first","17":"instock","18":"sale","19":"taxable","20":"shipping-taxable","21":"purchasable","22":"product-type-simple"},"bundled_by":[],"bundle_stock_status":"instock","bundle_stock_quantity":72,"bundle_virtual":false,"bundle_layout":"","bundle_add_to_cart_form_location":"","bundle_editable_in_cart":false,"bundle_sold_individually_context":"","bundle_item_grouping":"","bundle_min_size":"","bundle_max_size":"","bundle_price":[],"bundled_items":[],"bundle_sell_ids":[],"yoast_head":"<!-- This site is optimized with the Yoast SEO plugin v27.4 - https:\/\/yoast.com\/product\/yoast-seo-wordpress\/ -->\n<title>Gabarit d&#039;aff\u00fbtage BONT Pro Con\u00e7u par Gael Doucet-Gagnon - Xact Skate Shop<\/title>\n<meta name=\"description\" content=\"Le gabarit d&#039;aff\u00fbtage BONT Pro a \u00e9t\u00e9 con\u00e7u par Ga\u00ebl Doucet-Gagnon, patineur de vitesse canadien sur courte piste. Lisez comment cela a \u00e9t\u00e9 fait !\" \/>\n<meta name=\"robots\" content=\"index, follow, max-snippet:-1, max-image-preview:large, max-video-preview:-1\" \/>\n<link rel=\"canonical\" href=\"https:\/\/xactskateshop.com\/fr\/produit\/gabarit-daffutage-bont-pro-concu-par-gael-doucet-gagnon\/\" \/>\n<meta property=\"og:locale\" content=\"fr_FR\" \/>\n<meta property=\"og:type\" content=\"article\" \/>\n<meta property=\"og:title\" content=\"Gabarit d&#039;aff\u00fbtage BONT Pro Con\u00e7u par Gael Doucet-Gagnon - Xact Skate Shop\" \/>\n<meta property=\"og:description\" content=\"Le gabarit d&#039;aff\u00fbtage BONT Pro a \u00e9t\u00e9 con\u00e7u par Ga\u00ebl Doucet-Gagnon, patineur de vitesse canadien sur courte piste. Lisez comment cela a \u00e9t\u00e9 fait !\" \/>\n<meta property=\"og:url\" content=\"https:\/\/xactskateshop.com\/fr\/produit\/gabarit-daffutage-bont-pro-concu-par-gael-doucet-gagnon\/\" \/>\n<meta property=\"og:site_name\" content=\"Xact Skate Shop\" \/>\n<meta property=\"article:publisher\" content=\"https:\/\/www.facebook.com\/JeanLouiskateshop\" \/>\n<meta property=\"og:image\" content=\"https:\/\/xactskateshop.com\/wp-content\/uploads\/2020\/10\/Sharpening-jig-ice-skates.jpg\" \/>\n\t<meta property=\"og:image:width\" content=\"1000\" \/>\n\t<meta property=\"og:image:height\" content=\"1000\" \/>\n\t<meta property=\"og:image:type\" content=\"image\/jpeg\" \/>\n<meta name=\"twitter:card\" content=\"summary_large_image\" \/>\n<meta name=\"twitter:label1\" content=\"Dur\u00e9e de lecture estim\u00e9e\" \/>\n\t<meta name=\"twitter:data1\" content=\"5 minutes\" \/>\n<script type=\"application\/ld+json\" class=\"yoast-schema-graph\">{\"@context\":\"https:\\\/\\\/schema.org\",\"@graph\":[{\"@type\":\"WebPage\",\"@id\":\"https:\\\/\\\/xactskateshop.com\\\/fr\\\/produit\\\/gabarit-daffutage-bont-pro-concu-par-gael-doucet-gagnon\\\/\",\"url\":\"https:\\\/\\\/xactskateshop.com\\\/fr\\\/produit\\\/gabarit-daffutage-bont-pro-concu-par-gael-doucet-gagnon\\\/\",\"name\":\"Gabarit d'aff\u00fbtage BONT Pro Con\u00e7u par Gael Doucet-Gagnon - Xact Skate Shop\",\"isPartOf\":{\"@id\":\"http:\\\/\\\/xactskateshop.com\\\/fr\\\/#website\"},\"primaryImageOfPage\":{\"@id\":\"https:\\\/\\\/xactskateshop.com\\\/fr\\\/produit\\\/gabarit-daffutage-bont-pro-concu-par-gael-doucet-gagnon\\\/#primaryimage\"},\"image\":{\"@id\":\"https:\\\/\\\/xactskateshop.com\\\/fr\\\/produit\\\/gabarit-daffutage-bont-pro-concu-par-gael-doucet-gagnon\\\/#primaryimage\"},\"thumbnailUrl\":\"https:\\\/\\\/xactskateshop.com\\\/wp-content\\\/uploads\\\/2020\\\/10\\\/Sharpening-jig-ice-skates.jpg\",\"datePublished\":\"2020-10-22T21:51:19+00:00\",\"description\":\"Le gabarit d'aff\u00fbtage BONT Pro a \u00e9t\u00e9 con\u00e7u par Ga\u00ebl Doucet-Gagnon, patineur de vitesse canadien sur courte piste. Lisez comment cela a \u00e9t\u00e9 fait !\",\"breadcrumb\":{\"@id\":\"https:\\\/\\\/xactskateshop.com\\\/fr\\\/produit\\\/gabarit-daffutage-bont-pro-concu-par-gael-doucet-gagnon\\\/#breadcrumb\"},\"inLanguage\":\"fr-FR\",\"potentialAction\":[{\"@type\":\"ReadAction\",\"target\":[\"https:\\\/\\\/xactskateshop.com\\\/fr\\\/produit\\\/gabarit-daffutage-bont-pro-concu-par-gael-doucet-gagnon\\\/\"]}]},{\"@type\":\"ImageObject\",\"inLanguage\":\"fr-FR\",\"@id\":\"https:\\\/\\\/xactskateshop.com\\\/fr\\\/produit\\\/gabarit-daffutage-bont-pro-concu-par-gael-doucet-gagnon\\\/#primaryimage\",\"url\":\"https:\\\/\\\/xactskateshop.com\\\/wp-content\\\/uploads\\\/2020\\\/10\\\/Sharpening-jig-ice-skates.jpg\",\"contentUrl\":\"https:\\\/\\\/xactskateshop.com\\\/wp-content\\\/uploads\\\/2020\\\/10\\\/Sharpening-jig-ice-skates.jpg\",\"width\":1000,\"height\":1000,\"caption\":\"gabarit d'aff\u00fbtage de pr\u00e9cision\"},{\"@type\":\"BreadcrumbList\",\"@id\":\"https:\\\/\\\/xactskateshop.com\\\/fr\\\/produit\\\/gabarit-daffutage-bont-pro-concu-par-gael-doucet-gagnon\\\/#breadcrumb\",\"itemListElement\":[{\"@type\":\"ListItem\",\"position\":1,\"name\":\"Home\",\"item\":\"https:\\\/\\\/xactskateshop.com\\\/fr\\\/accueil\\\/\"},{\"@type\":\"ListItem\",\"position\":2,\"name\":\"Boutique\",\"item\":\"https:\\\/\\\/xactskateshop.com\\\/shop\\\/\"},{\"@type\":\"ListItem\",\"position\":3,\"name\":\"Gabarit d&#8217;aff\u00fbtage BONT Pro Con\u00e7u par Gael Doucet-Gagnon\"}]},{\"@type\":\"WebSite\",\"@id\":\"http:\\\/\\\/xactskateshop.com\\\/fr\\\/#website\",\"url\":\"http:\\\/\\\/xactskateshop.com\\\/fr\\\/\",\"name\":\"Xact Skate Shop\",\"description\":\"Un site utilisant WordPress\",\"publisher\":{\"@id\":\"http:\\\/\\\/xactskateshop.com\\\/fr\\\/#organization\"},\"potentialAction\":[{\"@type\":\"SearchAction\",\"target\":{\"@type\":\"EntryPoint\",\"urlTemplate\":\"http:\\\/\\\/xactskateshop.com\\\/fr\\\/?s={search_term_string}\"},\"query-input\":{\"@type\":\"PropertyValueSpecification\",\"valueRequired\":true,\"valueName\":\"search_term_string\"}}],\"inLanguage\":\"fr-FR\"},{\"@type\":\"Organization\",\"@id\":\"http:\\\/\\\/xactskateshop.com\\\/fr\\\/#organization\",\"name\":\"XACT Skate Shop\",\"url\":\"http:\\\/\\\/xactskateshop.com\\\/fr\\\/\",\"logo\":{\"@type\":\"ImageObject\",\"inLanguage\":\"fr-FR\",\"@id\":\"http:\\\/\\\/xactskateshop.com\\\/fr\\\/#\\\/schema\\\/logo\\\/image\\\/\",\"url\":\"http:\\\/\\\/xactskateshop.com\\\/wp-content\\\/uploads\\\/2024\\\/04\\\/xactskateshop-dot-com-avec-contour-noir-sans-fond-675x.jpg\",\"contentUrl\":\"http:\\\/\\\/xactskateshop.com\\\/wp-content\\\/uploads\\\/2024\\\/04\\\/xactskateshop-dot-com-avec-contour-noir-sans-fond-675x.jpg\",\"width\":675,\"height\":247,\"caption\":\"XACT Skate Shop\"},\"image\":{\"@id\":\"http:\\\/\\\/xactskateshop.com\\\/fr\\\/#\\\/schema\\\/logo\\\/image\\\/\"},\"sameAs\":[\"https:\\\/\\\/www.facebook.com\\\/JeanLouiskateshop\"]}]}<\/script>\n<!-- \/ Yoast SEO plugin. -->","yoast_head_json":{"title":"Gabarit d'aff\u00fbtage BONT Pro Con\u00e7u par Gael Doucet-Gagnon - Xact Skate Shop","description":"Le gabarit d'aff\u00fbtage BONT Pro a \u00e9t\u00e9 con\u00e7u par Ga\u00ebl Doucet-Gagnon, patineur de vitesse canadien sur courte piste. Lisez comment cela a \u00e9t\u00e9 fait !","robots":{"index":"index","follow":"follow","max-snippet":"max-snippet:-1","max-image-preview":"max-image-preview:large","max-video-preview":"max-video-preview:-1"},"canonical":"https:\/\/xactskateshop.com\/fr\/produit\/gabarit-daffutage-bont-pro-concu-par-gael-doucet-gagnon\/","og_locale":"fr_FR","og_type":"article","og_title":"Gabarit d'aff\u00fbtage BONT Pro Con\u00e7u par Gael Doucet-Gagnon - Xact Skate Shop","og_description":"Le gabarit d'aff\u00fbtage BONT Pro a \u00e9t\u00e9 con\u00e7u par Ga\u00ebl Doucet-Gagnon, patineur de vitesse canadien sur courte piste. Lisez comment cela a \u00e9t\u00e9 fait !","og_url":"https:\/\/xactskateshop.com\/fr\/produit\/gabarit-daffutage-bont-pro-concu-par-gael-doucet-gagnon\/","og_site_name":"Xact Skate Shop","article_publisher":"https:\/\/www.facebook.com\/JeanLouiskateshop","og_image":[{"width":1000,"height":1000,"url":"https:\/\/xactskateshop.com\/wp-content\/uploads\/2020\/10\/Sharpening-jig-ice-skates.jpg","type":"image\/jpeg"}],"twitter_card":"summary_large_image","twitter_misc":{"Dur\u00e9e de lecture estim\u00e9e":"5 minutes"},"schema":{"@context":"https:\/\/schema.org","@graph":[{"@type":"WebPage","@id":"https:\/\/xactskateshop.com\/fr\/produit\/gabarit-daffutage-bont-pro-concu-par-gael-doucet-gagnon\/","url":"https:\/\/xactskateshop.com\/fr\/produit\/gabarit-daffutage-bont-pro-concu-par-gael-doucet-gagnon\/","name":"Gabarit d'aff\u00fbtage BONT Pro Con\u00e7u par Gael Doucet-Gagnon - Xact Skate Shop","isPartOf":{"@id":"http:\/\/xactskateshop.com\/fr\/#website"},"primaryImageOfPage":{"@id":"https:\/\/xactskateshop.com\/fr\/produit\/gabarit-daffutage-bont-pro-concu-par-gael-doucet-gagnon\/#primaryimage"},"image":{"@id":"https:\/\/xactskateshop.com\/fr\/produit\/gabarit-daffutage-bont-pro-concu-par-gael-doucet-gagnon\/#primaryimage"},"thumbnailUrl":"https:\/\/xactskateshop.com\/wp-content\/uploads\/2020\/10\/Sharpening-jig-ice-skates.jpg","datePublished":"2020-10-22T21:51:19+00:00","description":"Le gabarit d'aff\u00fbtage BONT Pro a \u00e9t\u00e9 con\u00e7u par Ga\u00ebl Doucet-Gagnon, patineur de vitesse canadien sur courte piste. Lisez comment cela a \u00e9t\u00e9 fait !","breadcrumb":{"@id":"https:\/\/xactskateshop.com\/fr\/produit\/gabarit-daffutage-bont-pro-concu-par-gael-doucet-gagnon\/#breadcrumb"},"inLanguage":"fr-FR","potentialAction":[{"@type":"ReadAction","target":["https:\/\/xactskateshop.com\/fr\/produit\/gabarit-daffutage-bont-pro-concu-par-gael-doucet-gagnon\/"]}]},{"@type":"ImageObject","inLanguage":"fr-FR","@id":"https:\/\/xactskateshop.com\/fr\/produit\/gabarit-daffutage-bont-pro-concu-par-gael-doucet-gagnon\/#primaryimage","url":"https:\/\/xactskateshop.com\/wp-content\/uploads\/2020\/10\/Sharpening-jig-ice-skates.jpg","contentUrl":"https:\/\/xactskateshop.com\/wp-content\/uploads\/2020\/10\/Sharpening-jig-ice-skates.jpg","width":1000,"height":1000,"caption":"gabarit d'aff\u00fbtage de pr\u00e9cision"},{"@type":"BreadcrumbList","@id":"https:\/\/xactskateshop.com\/fr\/produit\/gabarit-daffutage-bont-pro-concu-par-gael-doucet-gagnon\/#breadcrumb","itemListElement":[{"@type":"ListItem","position":1,"name":"Home","item":"https:\/\/xactskateshop.com\/fr\/accueil\/"},{"@type":"ListItem","position":2,"name":"Boutique","item":"https:\/\/xactskateshop.com\/shop\/"},{"@type":"ListItem","position":3,"name":"Gabarit d&#8217;aff\u00fbtage BONT Pro Con\u00e7u par Gael Doucet-Gagnon"}]},{"@type":"WebSite","@id":"http:\/\/xactskateshop.com\/fr\/#website","url":"http:\/\/xactskateshop.com\/fr\/","name":"Xact Skate Shop","description":"Un site utilisant WordPress","publisher":{"@id":"http:\/\/xactskateshop.com\/fr\/#organization"},"potentialAction":[{"@type":"SearchAction","target":{"@type":"EntryPoint","urlTemplate":"http:\/\/xactskateshop.com\/fr\/?s={search_term_string}"},"query-input":{"@type":"PropertyValueSpecification","valueRequired":true,"valueName":"search_term_string"}}],"inLanguage":"fr-FR"},{"@type":"Organization","@id":"http:\/\/xactskateshop.com\/fr\/#organization","name":"XACT Skate Shop","url":"http:\/\/xactskateshop.com\/fr\/","logo":{"@type":"ImageObject","inLanguage":"fr-FR","@id":"http:\/\/xactskateshop.com\/fr\/#\/schema\/logo\/image\/","url":"http:\/\/xactskateshop.com\/wp-content\/uploads\/2024\/04\/xactskateshop-dot-com-avec-contour-noir-sans-fond-675x.jpg","contentUrl":"http:\/\/xactskateshop.com\/wp-content\/uploads\/2024\/04\/xactskateshop-dot-com-avec-contour-noir-sans-fond-675x.jpg","width":675,"height":247,"caption":"XACT Skate Shop"},"image":{"@id":"http:\/\/xactskateshop.com\/fr\/#\/schema\/logo\/image\/"},"sameAs":["https:\/\/www.facebook.com\/JeanLouiskateshop"]}]}},"_links":{"self":[{"href":"https:\/\/xactskateshop.com\/fr\/wp-json\/wp\/v2\/product\/66159","targetHints":{"allow":["GET"]}}],"collection":[{"href":"https:\/\/xactskateshop.com\/fr\/wp-json\/wp\/v2\/product"}],"about":[{"href":"https:\/\/xactskateshop.com\/fr\/wp-json\/wp\/v2\/types\/product"}],"replies":[{"embeddable":true,"href":"https:\/\/xactskateshop.com\/fr\/wp-json\/wp\/v2\/comments?post=66159"}],"wp:featuredmedia":[{"embeddable":true,"href":"https:\/\/xactskateshop.com\/fr\/wp-json\/wp\/v2\/media\/28113"}],"wp:attachment":[{"href":"https:\/\/xactskateshop.com\/fr\/wp-json\/wp\/v2\/media?parent=66159"}],"wp:term":[{"taxonomy":"product_brand","embeddable":true,"href":"https:\/\/xactskateshop.com\/fr\/wp-json\/wp\/v2\/product_brand?post=66159"},{"taxonomy":"product_cat","embeddable":true,"href":"https:\/\/xactskateshop.com\/fr\/wp-json\/wp\/v2\/product_cat?post=66159"},{"taxonomy":"product_tag","embeddable":true,"href":"https:\/\/xactskateshop.com\/fr\/wp-json\/wp\/v2\/product_tag?post=66159"}],"curies":[{"name":"wp","href":"https:\/\/api.w.org\/{rel}","templated":true}]}}