{"id":66151,"date":"2020-10-22T17:35:00","date_gmt":"2020-10-22T21:35:00","guid":{"rendered":"http:\/\/xactskateshop.com\/product\/coupes-de-remplacement-pour-les-lames-bont-platinum\/"},"modified":"2026-03-19T15:51:09","modified_gmt":"2026-03-19T19:51:09","slug":"potences-de-remplacement-pour-les-lames-bont-platinum","status":"publish","type":"product","link":"https:\/\/xactskateshop.com\/fr\/produit\/potences-de-remplacement-pour-les-lames-bont-platinum\/","title":{"rendered":"Potences de remplacement pour lames BONT PLATINUM"},"content":{"rendered":"<h5>Potences de remplacement pour les lames BONT PLATINUM<\/h5>\n<h3><b>Hauteur :<\/b><\/h3>\n<ul>\n<li>25 mm (standard)<\/li>\n<li>28 mm<\/li>\n<li>30 mm<\/li>\n<li>32mm<\/li>\n<li>35 mm<\/li>\n<\/ul>\n<p>Il s&#8217;agit de potences apr\u00e8s-vente pour vos lames BONT PLATINUM K390. Ils sont disponibles en plusieurs hauteurs. La hauteur standard fournie avec les lames est de 25 mm.<\/p>\n<p>L&#8217;aluminium 7075-T6 est un alliage d&#8217;aluminium haute r\u00e9sistance de qualit\u00e9 a\u00e9rospatiale ayant subi un traitement thermique pour une duret\u00e9 et une durabilit\u00e9 maximales.<\/p>\n<hr \/>\n<p><strong>D\u00e9finition<\/strong><\/p>\n<p><strong>L&#8217;aluminium 7075-T6 est :<\/strong><\/p>\n<p>Un alliage d&#8217;aluminium \u00e0 base de zinc (principal \u00e9l\u00e9ment d&#8217;alliage : zinc, avec du magn\u00e9sium et du cuivre)<\/p>\n<p><strong>\u00c0 l&#8217;\u00e9tat T6, c&#8217;est-\u00e0-dire qu&#8217;il a subi :<\/strong><\/p>\n<p>1. Un traitement thermique de mise en solution (chauffage pour dissoudre les \u00e9l\u00e9ments d&#8217;alliage)<\/p>\n<p>2. Un vieillissement artificiel (second chauffage \u00e0 une temp\u00e9rature inf\u00e9rieure pour augmenter sa r\u00e9sistance)<\/p>\n<p>&#8212;<\/p>\n<p><strong>Propri\u00e9t\u00e9s cl\u00e9s<\/strong><\/p>\n<p><strong>Tr\u00e8s haute r\u00e9sistance<\/strong><\/p>\n<p>Comparable \u00e0 certains aciers, ce qui en fait l&#8217;un des alliages d&#8217;aluminium les plus r\u00e9sistants disponibles.<\/p>\n<p><strong>L\u00e9g\u00e8ret\u00e9<\/strong><\/p>\n<p>Bien plus l\u00e9ger que l&#8217;acier tout en offrant d&#8217;excellentes performances structurelles.<\/p>\n<p><strong>Bonne r\u00e9sistance \u00e0 la fatigue<\/strong><\/p>\n<p>R\u00e9siste bien aux contraintes r\u00e9p\u00e9t\u00e9es (important pour les outils et les pi\u00e8ces m\u00e9caniques).<\/p>\n<p><strong>R\u00e9sistance \u00e0 la corrosion mod\u00e9r\u00e9e<\/strong><\/p>\n<p>Moins r\u00e9sistant \u00e0 la corrosion que certains autres alliages d&#8217;aluminium, il est souvent rev\u00eatu ou anodis\u00e9.<\/p>\n<p><strong>Soudabilit\u00e9 r\u00e9duite<\/strong><\/p>\n<p>Plus difficile \u00e0 souder que d&#8217;autres types d&#8217;aluminium.<\/p>\n<p>&#8212;<\/p>\n<p><strong>L&#8217;importance du traitement \u00ab T6 \u00bb<\/strong><\/p>\n<p>Le traitement T6 indique sp\u00e9cifiquement :<\/p>\n<p>* Une r\u00e9sistance et une duret\u00e9 maximales<\/p>\n<p>* Une meilleure r\u00e9sistance \u00e0 l&#8217;usure<\/p>\n<p>* Des propri\u00e9t\u00e9s m\u00e9caniques stables<\/p>\n<p>&#8212;<\/p>\n<p><strong>Utilisations courantes<\/strong><\/p>\n<p>* Composants a\u00e9rospatiaux (structures d&#8217;avions, ailes)<\/p>\n<p>* Outils et gabarits haute performance (comme votre gabarit d&#8217;aff\u00fbtage)<\/p>\n<p>* Cadres de v\u00e9los et pi\u00e8ces automobiles<\/p>\n<p>* Composants m\u00e9caniques de pr\u00e9cision<\/p>\n","protected":false},"excerpt":{"rendered":"<p>Potences de remplacement pour les lames BONT PLATINUM Hauteur : 25 mm (standard) 28 mm 30 mm 32mm 35 mm Il s&#8217;agit de potences apr\u00e8s-vente pour vos lames BONT PLATINUM K390. Ils sont disponibles en plusieurs hauteurs. La hauteur standard fournie avec les lames est de 25 mm. L&#8217;aluminium 7075-T6 est un alliage d&#8217;aluminium haute [&hellip;]<\/p>\n","protected":false},"featured_media":28112,"comment_status":"open","ping_status":"closed","template":"","meta":{"site-sidebar-layout":"default","site-content-layout":"default","ast-site-content-layout":"default","site-content-style":"default","site-sidebar-style":"default","ast-global-header-display":"","ast-banner-title-visibility":"","ast-main-header-display":"","ast-hfb-above-header-display":"","ast-hfb-below-header-display":"","ast-hfb-mobile-header-display":"","site-post-title":"","ast-breadcrumbs-content":"","ast-featured-img":"","footer-sml-layout":"","theme-transparent-header-meta":"default","adv-header-id-meta":"","stick-header-meta":"","header-above-stick-meta":"","header-main-stick-meta":"","header-below-stick-meta":"","astra-migrate-meta-layouts":"set","ast-page-background-enabled":"default","ast-page-background-meta":{"desktop":{"background-color":"","background-image":"","background-repeat":"repeat","background-position":"center center","background-size":"auto","background-attachment":"scroll","background-type":"","background-media":"","overlay-type":"","overlay-color":"","overlay-opacity":"","overlay-gradient":""},"tablet":{"background-color":"","background-image":"","background-repeat":"repeat","background-position":"center center","background-size":"auto","background-attachment":"scroll","background-type":"","background-media":"","overlay-type":"","overlay-color":"","overlay-opacity":"","overlay-gradient":""},"mobile":{"background-color":"","background-image":"","background-repeat":"repeat","background-position":"center center","background-size":"auto","background-attachment":"scroll","background-type":"","background-media":"","overlay-type":"","overlay-color":"","overlay-opacity":"","overlay-gradient":""}},"ast-content-background-meta":{"desktop":{"background-color":"var(--ast-global-color-5)","background-image":"","background-repeat":"repeat","background-position":"center center","background-size":"auto","background-attachment":"scroll","background-type":"","background-media":"","overlay-type":"","overlay-color":"","overlay-opacity":"","overlay-gradient":""},"tablet":{"background-color":"var(--ast-global-color-5)","background-image":"","background-repeat":"repeat","background-position":"center center","background-size":"auto","background-attachment":"scroll","background-type":"","background-media":"","overlay-type":"","overlay-color":"","overlay-opacity":"","overlay-gradient":""},"mobile":{"background-color":"var(--ast-global-color-5)","background-image":"","background-repeat":"repeat","background-position":"center center","background-size":"auto","background-attachment":"scroll","background-type":"","background-media":"","overlay-type":"","overlay-color":"","overlay-opacity":"","overlay-gradient":""}}},"product_brand":[],"product_cat":[1354,1457,1353],"product_tag":[1356],"class_list":{"0":"post-66151","1":"product","2":"type-product","3":"status-publish","4":"has-post-thumbnail","6":"product_cat-courte-piste","7":"product_cat-lames-et-pieces-patinage-de-vitesse-courte-piste","8":"product_cat-patinage-de-vitesse","9":"product_tag-courte-piste-fr","10":"desktop-align-center","11":"tablet-align-center","12":"mobile-align-center","13":"ast-product-gallery-layout-horizontal","14":"ast-product-single-variable","15":"ast-product-tabs-layout-horizontal","16":"ast-qv-on-image","18":"first","19":"instock","20":"taxable","21":"shipping-taxable","22":"purchasable","23":"product-type-variable"},"bundled_by":[],"bundle_stock_status":"instock","bundle_stock_quantity":null,"bundle_virtual":false,"bundle_layout":"","bundle_add_to_cart_form_location":"","bundle_editable_in_cart":false,"bundle_sold_individually_context":"","bundle_item_grouping":"","bundle_min_size":"","bundle_max_size":"","bundle_price":[],"bundled_items":[],"bundle_sell_ids":[],"yoast_head":"<!-- This site is optimized with the Yoast SEO plugin v27.4 - https:\/\/yoast.com\/product\/yoast-seo-wordpress\/ -->\n<title>Potences de remplacement pour lames BONT PLATINUM - Xact Skate Shop<\/title>\n<meta name=\"description\" content=\"Potences de remplacement pour les lames BONT PLATINUM. Disponibles en plusieurs hauteurs. La hauteur standard incluse avec les lames est de 25 mm.\" \/>\n<meta name=\"robots\" content=\"index, follow, max-snippet:-1, max-image-preview:large, max-video-preview:-1\" \/>\n<link rel=\"canonical\" href=\"https:\/\/xactskateshop.com\/fr\/produit\/potences-de-remplacement-pour-les-lames-bont-platinum\/\" \/>\n<meta property=\"og:locale\" content=\"fr_FR\" \/>\n<meta property=\"og:type\" content=\"article\" \/>\n<meta property=\"og:title\" content=\"Potences de remplacement pour lames BONT PLATINUM - Xact Skate Shop\" \/>\n<meta property=\"og:description\" content=\"Potences de remplacement pour les lames BONT PLATINUM. Disponibles en plusieurs hauteurs. La hauteur standard incluse avec les lames est de 25 mm.\" \/>\n<meta property=\"og:url\" content=\"https:\/\/xactskateshop.com\/fr\/produit\/potences-de-remplacement-pour-les-lames-bont-platinum\/\" \/>\n<meta property=\"og:site_name\" content=\"Xact Skate Shop\" \/>\n<meta property=\"article:publisher\" content=\"https:\/\/www.facebook.com\/JeanLouiskateshop\" \/>\n<meta property=\"article:modified_time\" content=\"2026-03-19T19:51:09+00:00\" \/>\n<meta property=\"og:image\" content=\"https:\/\/xactskateshop.com\/wp-content\/uploads\/2020\/10\/Platinum-K390-Cups2.jpg\" \/>\n\t<meta property=\"og:image:width\" content=\"1000\" \/>\n\t<meta property=\"og:image:height\" content=\"1000\" \/>\n\t<meta property=\"og:image:type\" content=\"image\/jpeg\" \/>\n<meta name=\"twitter:card\" content=\"summary_large_image\" \/>\n<meta name=\"twitter:label1\" content=\"Dur\u00e9e de lecture estim\u00e9e\" \/>\n\t<meta name=\"twitter:data1\" content=\"2 minutes\" \/>\n<script type=\"application\/ld+json\" class=\"yoast-schema-graph\">{\"@context\":\"https:\\\/\\\/schema.org\",\"@graph\":[{\"@type\":\"WebPage\",\"@id\":\"https:\\\/\\\/xactskateshop.com\\\/fr\\\/produit\\\/potences-de-remplacement-pour-les-lames-bont-platinum\\\/\",\"url\":\"https:\\\/\\\/xactskateshop.com\\\/fr\\\/produit\\\/potences-de-remplacement-pour-les-lames-bont-platinum\\\/\",\"name\":\"Potences de remplacement pour lames BONT PLATINUM - Xact Skate Shop\",\"isPartOf\":{\"@id\":\"http:\\\/\\\/xactskateshop.com\\\/fr\\\/#website\"},\"primaryImageOfPage\":{\"@id\":\"https:\\\/\\\/xactskateshop.com\\\/fr\\\/produit\\\/potences-de-remplacement-pour-les-lames-bont-platinum\\\/#primaryimage\"},\"image\":{\"@id\":\"https:\\\/\\\/xactskateshop.com\\\/fr\\\/produit\\\/potences-de-remplacement-pour-les-lames-bont-platinum\\\/#primaryimage\"},\"thumbnailUrl\":\"https:\\\/\\\/xactskateshop.com\\\/wp-content\\\/uploads\\\/2020\\\/10\\\/Platinum-K390-Cups2.jpg\",\"datePublished\":\"2020-10-22T21:35:00+00:00\",\"dateModified\":\"2026-03-19T19:51:09+00:00\",\"description\":\"Potences de remplacement pour les lames BONT PLATINUM. Disponibles en plusieurs hauteurs. La hauteur standard incluse avec les lames est de 25 mm.\",\"breadcrumb\":{\"@id\":\"https:\\\/\\\/xactskateshop.com\\\/fr\\\/produit\\\/potences-de-remplacement-pour-les-lames-bont-platinum\\\/#breadcrumb\"},\"inLanguage\":\"fr-FR\",\"potentialAction\":[{\"@type\":\"ReadAction\",\"target\":[\"https:\\\/\\\/xactskateshop.com\\\/fr\\\/produit\\\/potences-de-remplacement-pour-les-lames-bont-platinum\\\/\"]}]},{\"@type\":\"ImageObject\",\"inLanguage\":\"fr-FR\",\"@id\":\"https:\\\/\\\/xactskateshop.com\\\/fr\\\/produit\\\/potences-de-remplacement-pour-les-lames-bont-platinum\\\/#primaryimage\",\"url\":\"https:\\\/\\\/xactskateshop.com\\\/wp-content\\\/uploads\\\/2020\\\/10\\\/Platinum-K390-Cups2.jpg\",\"contentUrl\":\"https:\\\/\\\/xactskateshop.com\\\/wp-content\\\/uploads\\\/2020\\\/10\\\/Platinum-K390-Cups2.jpg\",\"width\":1000,\"height\":1000,\"caption\":\"Coupes de remplacement\"},{\"@type\":\"BreadcrumbList\",\"@id\":\"https:\\\/\\\/xactskateshop.com\\\/fr\\\/produit\\\/potences-de-remplacement-pour-les-lames-bont-platinum\\\/#breadcrumb\",\"itemListElement\":[{\"@type\":\"ListItem\",\"position\":1,\"name\":\"Home\",\"item\":\"https:\\\/\\\/xactskateshop.com\\\/fr\\\/accueil\\\/\"},{\"@type\":\"ListItem\",\"position\":2,\"name\":\"Boutique\",\"item\":\"https:\\\/\\\/xactskateshop.com\\\/shop\\\/\"},{\"@type\":\"ListItem\",\"position\":3,\"name\":\"Potences de remplacement pour lames BONT PLATINUM\"}]},{\"@type\":\"WebSite\",\"@id\":\"http:\\\/\\\/xactskateshop.com\\\/fr\\\/#website\",\"url\":\"http:\\\/\\\/xactskateshop.com\\\/fr\\\/\",\"name\":\"Xact Skate Shop\",\"description\":\"Un site utilisant WordPress\",\"publisher\":{\"@id\":\"http:\\\/\\\/xactskateshop.com\\\/fr\\\/#organization\"},\"potentialAction\":[{\"@type\":\"SearchAction\",\"target\":{\"@type\":\"EntryPoint\",\"urlTemplate\":\"http:\\\/\\\/xactskateshop.com\\\/fr\\\/?s={search_term_string}\"},\"query-input\":{\"@type\":\"PropertyValueSpecification\",\"valueRequired\":true,\"valueName\":\"search_term_string\"}}],\"inLanguage\":\"fr-FR\"},{\"@type\":\"Organization\",\"@id\":\"http:\\\/\\\/xactskateshop.com\\\/fr\\\/#organization\",\"name\":\"XACT Skate Shop\",\"url\":\"http:\\\/\\\/xactskateshop.com\\\/fr\\\/\",\"logo\":{\"@type\":\"ImageObject\",\"inLanguage\":\"fr-FR\",\"@id\":\"http:\\\/\\\/xactskateshop.com\\\/fr\\\/#\\\/schema\\\/logo\\\/image\\\/\",\"url\":\"http:\\\/\\\/xactskateshop.com\\\/wp-content\\\/uploads\\\/2024\\\/04\\\/xactskateshop-dot-com-avec-contour-noir-sans-fond-675x.jpg\",\"contentUrl\":\"http:\\\/\\\/xactskateshop.com\\\/wp-content\\\/uploads\\\/2024\\\/04\\\/xactskateshop-dot-com-avec-contour-noir-sans-fond-675x.jpg\",\"width\":675,\"height\":247,\"caption\":\"XACT Skate Shop\"},\"image\":{\"@id\":\"http:\\\/\\\/xactskateshop.com\\\/fr\\\/#\\\/schema\\\/logo\\\/image\\\/\"},\"sameAs\":[\"https:\\\/\\\/www.facebook.com\\\/JeanLouiskateshop\"]}]}<\/script>\n<!-- \/ Yoast SEO plugin. -->","yoast_head_json":{"title":"Potences de remplacement pour lames BONT PLATINUM - Xact Skate Shop","description":"Potences de remplacement pour les lames BONT PLATINUM. Disponibles en plusieurs hauteurs. La hauteur standard incluse avec les lames est de 25 mm.","robots":{"index":"index","follow":"follow","max-snippet":"max-snippet:-1","max-image-preview":"max-image-preview:large","max-video-preview":"max-video-preview:-1"},"canonical":"https:\/\/xactskateshop.com\/fr\/produit\/potences-de-remplacement-pour-les-lames-bont-platinum\/","og_locale":"fr_FR","og_type":"article","og_title":"Potences de remplacement pour lames BONT PLATINUM - Xact Skate Shop","og_description":"Potences de remplacement pour les lames BONT PLATINUM. Disponibles en plusieurs hauteurs. La hauteur standard incluse avec les lames est de 25 mm.","og_url":"https:\/\/xactskateshop.com\/fr\/produit\/potences-de-remplacement-pour-les-lames-bont-platinum\/","og_site_name":"Xact Skate Shop","article_publisher":"https:\/\/www.facebook.com\/JeanLouiskateshop","article_modified_time":"2026-03-19T19:51:09+00:00","og_image":[{"width":1000,"height":1000,"url":"https:\/\/xactskateshop.com\/wp-content\/uploads\/2020\/10\/Platinum-K390-Cups2.jpg","type":"image\/jpeg"}],"twitter_card":"summary_large_image","twitter_misc":{"Dur\u00e9e de lecture estim\u00e9e":"2 minutes"},"schema":{"@context":"https:\/\/schema.org","@graph":[{"@type":"WebPage","@id":"https:\/\/xactskateshop.com\/fr\/produit\/potences-de-remplacement-pour-les-lames-bont-platinum\/","url":"https:\/\/xactskateshop.com\/fr\/produit\/potences-de-remplacement-pour-les-lames-bont-platinum\/","name":"Potences de remplacement pour lames BONT PLATINUM - Xact Skate Shop","isPartOf":{"@id":"http:\/\/xactskateshop.com\/fr\/#website"},"primaryImageOfPage":{"@id":"https:\/\/xactskateshop.com\/fr\/produit\/potences-de-remplacement-pour-les-lames-bont-platinum\/#primaryimage"},"image":{"@id":"https:\/\/xactskateshop.com\/fr\/produit\/potences-de-remplacement-pour-les-lames-bont-platinum\/#primaryimage"},"thumbnailUrl":"https:\/\/xactskateshop.com\/wp-content\/uploads\/2020\/10\/Platinum-K390-Cups2.jpg","datePublished":"2020-10-22T21:35:00+00:00","dateModified":"2026-03-19T19:51:09+00:00","description":"Potences de remplacement pour les lames BONT PLATINUM. Disponibles en plusieurs hauteurs. La hauteur standard incluse avec les lames est de 25 mm.","breadcrumb":{"@id":"https:\/\/xactskateshop.com\/fr\/produit\/potences-de-remplacement-pour-les-lames-bont-platinum\/#breadcrumb"},"inLanguage":"fr-FR","potentialAction":[{"@type":"ReadAction","target":["https:\/\/xactskateshop.com\/fr\/produit\/potences-de-remplacement-pour-les-lames-bont-platinum\/"]}]},{"@type":"ImageObject","inLanguage":"fr-FR","@id":"https:\/\/xactskateshop.com\/fr\/produit\/potences-de-remplacement-pour-les-lames-bont-platinum\/#primaryimage","url":"https:\/\/xactskateshop.com\/wp-content\/uploads\/2020\/10\/Platinum-K390-Cups2.jpg","contentUrl":"https:\/\/xactskateshop.com\/wp-content\/uploads\/2020\/10\/Platinum-K390-Cups2.jpg","width":1000,"height":1000,"caption":"Coupes de remplacement"},{"@type":"BreadcrumbList","@id":"https:\/\/xactskateshop.com\/fr\/produit\/potences-de-remplacement-pour-les-lames-bont-platinum\/#breadcrumb","itemListElement":[{"@type":"ListItem","position":1,"name":"Home","item":"https:\/\/xactskateshop.com\/fr\/accueil\/"},{"@type":"ListItem","position":2,"name":"Boutique","item":"https:\/\/xactskateshop.com\/shop\/"},{"@type":"ListItem","position":3,"name":"Potences de remplacement pour lames BONT PLATINUM"}]},{"@type":"WebSite","@id":"http:\/\/xactskateshop.com\/fr\/#website","url":"http:\/\/xactskateshop.com\/fr\/","name":"Xact Skate Shop","description":"Un site utilisant WordPress","publisher":{"@id":"http:\/\/xactskateshop.com\/fr\/#organization"},"potentialAction":[{"@type":"SearchAction","target":{"@type":"EntryPoint","urlTemplate":"http:\/\/xactskateshop.com\/fr\/?s={search_term_string}"},"query-input":{"@type":"PropertyValueSpecification","valueRequired":true,"valueName":"search_term_string"}}],"inLanguage":"fr-FR"},{"@type":"Organization","@id":"http:\/\/xactskateshop.com\/fr\/#organization","name":"XACT Skate Shop","url":"http:\/\/xactskateshop.com\/fr\/","logo":{"@type":"ImageObject","inLanguage":"fr-FR","@id":"http:\/\/xactskateshop.com\/fr\/#\/schema\/logo\/image\/","url":"http:\/\/xactskateshop.com\/wp-content\/uploads\/2024\/04\/xactskateshop-dot-com-avec-contour-noir-sans-fond-675x.jpg","contentUrl":"http:\/\/xactskateshop.com\/wp-content\/uploads\/2024\/04\/xactskateshop-dot-com-avec-contour-noir-sans-fond-675x.jpg","width":675,"height":247,"caption":"XACT Skate Shop"},"image":{"@id":"http:\/\/xactskateshop.com\/fr\/#\/schema\/logo\/image\/"},"sameAs":["https:\/\/www.facebook.com\/JeanLouiskateshop"]}]}},"_links":{"self":[{"href":"https:\/\/xactskateshop.com\/fr\/wp-json\/wp\/v2\/product\/66151","targetHints":{"allow":["GET"]}}],"collection":[{"href":"https:\/\/xactskateshop.com\/fr\/wp-json\/wp\/v2\/product"}],"about":[{"href":"https:\/\/xactskateshop.com\/fr\/wp-json\/wp\/v2\/types\/product"}],"replies":[{"embeddable":true,"href":"https:\/\/xactskateshop.com\/fr\/wp-json\/wp\/v2\/comments?post=66151"}],"wp:featuredmedia":[{"embeddable":true,"href":"https:\/\/xactskateshop.com\/fr\/wp-json\/wp\/v2\/media\/28112"}],"wp:attachment":[{"href":"https:\/\/xactskateshop.com\/fr\/wp-json\/wp\/v2\/media?parent=66151"}],"wp:term":[{"taxonomy":"product_brand","embeddable":true,"href":"https:\/\/xactskateshop.com\/fr\/wp-json\/wp\/v2\/product_brand?post=66151"},{"taxonomy":"product_cat","embeddable":true,"href":"https:\/\/xactskateshop.com\/fr\/wp-json\/wp\/v2\/product_cat?post=66151"},{"taxonomy":"product_tag","embeddable":true,"href":"https:\/\/xactskateshop.com\/fr\/wp-json\/wp\/v2\/product_tag?post=66151"}],"curies":[{"name":"wp","href":"https:\/\/api.w.org\/{rel}","templated":true}]}}