{"id":66107,"date":"2020-10-16T17:11:55","date_gmt":"2020-10-16T21:11:55","guid":{"rendered":"http:\/\/xactskateshop.com\/product\/chronometre-xact-triple-row\/"},"modified":"2020-10-16T17:11:55","modified_gmt":"2020-10-16T21:11:55","slug":"chronometre-xact-triple-row","status":"publish","type":"product","link":"https:\/\/xactskateshop.com\/fr\/produit\/chronometre-xact-triple-row\/","title":{"rendered":"Chronom\u00e8tre XACT Triple Row"},"content":{"rendered":"<h2>Chronom\u00e8tre XACT Triple Row<\/h2>\n<p>Chronom\u00e8tre professionnel XACT Triple Row Chronom\u00e8tre num\u00e9rique de poche Chronographe Chronom\u00e8tre d&#8217;Entra\u00eenement Sportif Chronom\u00e8tre<\/p>\n<h3><strong>Caract\u00e9ristiques :<\/strong><\/h3>\n<ul>\n<li>Fonction d&#8217;arr\u00eat : l&#8217;alimentation peut \u00eatre coup\u00e9e \u00e0 tout moment et l&#8217;horloge n&#8217;a pas besoin d&#8217;\u00eatre remise \u00e0 z\u00e9ro (la plupart des chronom\u00e8tres sur le march\u00e9 n&#8217;ont pas de fonction d&#8217;arr\u00eat).<\/li>\n<li>Fonction de mise en sourdine des touches : Elle peut \u00e9galement \u00eatre mise en sourdine et utilis\u00e9e dans des situations calmes.<\/li>\n<li>Fonction heure et calendrier : il affiche l&#8217;ann\u00e9e, le mois, le jour, l&#8217;heure, la minute, la seconde, la semaine, le syst\u00e8me 12\/24 heures en option.<\/li>\n<li>Fonction chronom\u00e8tre : Affichage sur 3 rang\u00e9es, m\u00e9morisation segment\u00e9e, pr\u00e9cision jusqu&#8217;\u00e0 1\/100 de seconde, le temps le plus long est actuellement de 9 heures 59 minutes 59 secondes,<\/li>\n<li>La valeur la plus rapide, la plus lente et la valeur moyenne peuvent \u00e9galement \u00eatre visualis\u00e9es. Lors de la recherche de donn\u00e9es dans la m\u00e9moire, vous pouvez v\u00e9rifier vers le haut et vers le bas. Chaque fonction est facile \u00e0 utiliser.  <\/li>\n<li>Fonction de compte \u00e0 rebours : Il permet \u00e9galement de r\u00e9gler la fonction de compte \u00e0 rebours et la fonction de comptage des heures. Le compte \u00e0 rebours le plus long est de 9 heures, 59 minutes et 59 secondes. <\/li>\n<li>Fonction de r\u00e9veil quotidien : permet d&#8217;activer\/d\u00e9sactiver rapidement le r\u00e9veil.<\/li>\n<li>Fonction m\u00e9tronome : la fr\u00e9quence de battement peut \u00eatre s\u00e9lectionn\u00e9e entre 5 fois\/minute et 320 fois\/minute (multiple de 5 fois) et dispose d&#8217;une fonction de comptage des temps.<\/li>\n<\/ul>\n<h3><strong>Sp\u00e9cifications :<\/strong><\/h3>\n<ul>\n<li><strong>Mod\u00e8le :<\/strong> YS8100<\/li>\n<li><strong>Couleur :<\/strong> blanc<\/li>\n<li><strong>Affichage :<\/strong> 3 lignes d&#8217;affichage de 100 pistes<\/li>\n<li><strong>Mat\u00e9riau :<\/strong> Coque en plastique ABS<\/li>\n<li><strong>Pile :<\/strong> pile bouton CR2032 int\u00e9gr\u00e9e<\/li>\n<li><strong>Taille de l&#8217;\u00e9cran :<\/strong> 35 x 23,5 mm (1,38 x 0,93&#8243;)<\/li>\n<li><strong>Dimensions du produit :<\/strong> 75 x 62 x 21mm\/2.95 x 2.44 x 0.83&#8243;.<\/li>\n<li><strong>Poids brut :<\/strong> 70g<\/li>\n<\/ul>\n","protected":false},"excerpt":{"rendered":"<hr>\n<p style=\"text-align: center;\">Chronom\u00e8tre num\u00e9rique portable professionnel Chronographe Entra\u00eenement sportif | La valeur la plus rapide, la plus lente et la valeur moyenne peuvent \u00eatre visualis\u00e9es. Lors de la recherche des donn\u00e9es de m\u00e9moire, vous pouvez v\u00e9rifier vers le haut et vers le bas | Chaque fonction est facile \u00e0 utiliser <\/p>\n<hr>\n<p>&nbsp;<\/p>\n","protected":false},"featured_media":29282,"comment_status":"open","ping_status":"closed","template":"","meta":{"site-sidebar-layout":"default","site-content-layout":"default","ast-site-content-layout":"default","site-content-style":"default","site-sidebar-style":"default","ast-global-header-display":"","ast-banner-title-visibility":"","ast-main-header-display":"","ast-hfb-above-header-display":"","ast-hfb-below-header-display":"","ast-hfb-mobile-header-display":"","site-post-title":"","ast-breadcrumbs-content":"","ast-featured-img":"","footer-sml-layout":"","theme-transparent-header-meta":"default","adv-header-id-meta":"","stick-header-meta":"","header-above-stick-meta":"","header-main-stick-meta":"","header-below-stick-meta":"","astra-migrate-meta-layouts":"default","ast-page-background-enabled":"default","ast-page-background-meta":{"desktop":{"background-color":"","background-image":"","background-repeat":"repeat","background-position":"center center","background-size":"auto","background-attachment":"scroll","background-type":"","background-media":"","overlay-type":"","overlay-color":"","overlay-opacity":"","overlay-gradient":""},"tablet":{"background-color":"","background-image":"","background-repeat":"repeat","background-position":"center center","background-size":"auto","background-attachment":"scroll","background-type":"","background-media":"","overlay-type":"","overlay-color":"","overlay-opacity":"","overlay-gradient":""},"mobile":{"background-color":"","background-image":"","background-repeat":"repeat","background-position":"center center","background-size":"auto","background-attachment":"scroll","background-type":"","background-media":"","overlay-type":"","overlay-color":"","overlay-opacity":"","overlay-gradient":""}},"ast-content-background-meta":{"desktop":{"background-color":"var(--ast-global-color-5)","background-image":"","background-repeat":"repeat","background-position":"center center","background-size":"auto","background-attachment":"scroll","background-type":"","background-media":"","overlay-type":"","overlay-color":"","overlay-opacity":"","overlay-gradient":""},"tablet":{"background-color":"var(--ast-global-color-5)","background-image":"","background-repeat":"repeat","background-position":"center center","background-size":"auto","background-attachment":"scroll","background-type":"","background-media":"","overlay-type":"","overlay-color":"","overlay-opacity":"","overlay-gradient":""},"mobile":{"background-color":"var(--ast-global-color-5)","background-image":"","background-repeat":"repeat","background-position":"center center","background-size":"auto","background-attachment":"scroll","background-type":"","background-media":"","overlay-type":"","overlay-color":"","overlay-opacity":"","overlay-gradient":""}}},"product_brand":[],"product_cat":[1433],"product_tag":[],"class_list":{"0":"post-66107","1":"product","2":"type-product","3":"status-publish","4":"has-post-thumbnail","6":"product_cat-accessoires-et-entrainement","7":"desktop-align-center","8":"tablet-align-center","9":"mobile-align-center","10":"ast-product-gallery-layout-horizontal","11":"ast-product-gallery-with-no-image","12":"ast-product-tabs-layout-horizontal","13":"ast-qv-on-image","15":"first","16":"instock","17":"sale","18":"taxable","19":"shipping-taxable","20":"purchasable","21":"product-type-simple"},"bundled_by":[],"bundle_stock_status":"instock","bundle_stock_quantity":7,"bundle_virtual":false,"bundle_layout":"","bundle_add_to_cart_form_location":"","bundle_editable_in_cart":false,"bundle_sold_individually_context":"","bundle_item_grouping":"","bundle_min_size":"","bundle_max_size":"","bundle_price":[],"bundled_items":[],"bundle_sell_ids":[],"yoast_head":"<!-- This site is optimized with the Yoast SEO plugin v27.4 - https:\/\/yoast.com\/product\/yoast-seo-wordpress\/ -->\n<title>Chronom\u00e8tre XACT Triple Row - Xact Skate Shop<\/title>\n<meta name=\"description\" content=\"Chronom\u00e8tre XACT Triple Row. Chronom\u00e8tre num\u00e9rique portable professionnel Chronographe Chronom\u00e8tre d&#039;Entra\u00eenement Sportif | Chaque fonction est facile \u00e0 utiliser !\" \/>\n<meta name=\"robots\" content=\"index, follow, max-snippet:-1, max-image-preview:large, max-video-preview:-1\" \/>\n<link rel=\"canonical\" href=\"https:\/\/xactskateshop.com\/fr\/produit\/chronometre-xact-triple-row\/\" \/>\n<meta property=\"og:locale\" content=\"fr_FR\" \/>\n<meta property=\"og:type\" content=\"article\" \/>\n<meta property=\"og:title\" content=\"Chronom\u00e8tre XACT Triple Row - Xact Skate Shop\" \/>\n<meta property=\"og:description\" content=\"Chronom\u00e8tre XACT Triple Row. Chronom\u00e8tre num\u00e9rique portable professionnel Chronographe Chronom\u00e8tre d&#039;Entra\u00eenement Sportif | Chaque fonction est facile \u00e0 utiliser !\" \/>\n<meta property=\"og:url\" content=\"https:\/\/xactskateshop.com\/fr\/produit\/chronometre-xact-triple-row\/\" \/>\n<meta property=\"og:site_name\" content=\"Xact Skate Shop\" \/>\n<meta property=\"article:publisher\" content=\"https:\/\/www.facebook.com\/JeanLouiskateshop\" \/>\n<meta property=\"og:image\" content=\"https:\/\/xactskateshop.com\/wp-content\/uploads\/2020\/10\/3-row-white.jpg\" \/>\n\t<meta property=\"og:image:width\" content=\"1000\" \/>\n\t<meta property=\"og:image:height\" content=\"907\" \/>\n\t<meta property=\"og:image:type\" content=\"image\/jpeg\" \/>\n<meta name=\"twitter:card\" content=\"summary_large_image\" \/>\n<meta name=\"twitter:label1\" content=\"Dur\u00e9e de lecture estim\u00e9e\" \/>\n\t<meta name=\"twitter:data1\" content=\"1 minute\" \/>\n<script type=\"application\/ld+json\" class=\"yoast-schema-graph\">{\"@context\":\"https:\\\/\\\/schema.org\",\"@graph\":[{\"@type\":\"WebPage\",\"@id\":\"https:\\\/\\\/xactskateshop.com\\\/fr\\\/produit\\\/chronometre-xact-triple-row\\\/\",\"url\":\"https:\\\/\\\/xactskateshop.com\\\/fr\\\/produit\\\/chronometre-xact-triple-row\\\/\",\"name\":\"Chronom\u00e8tre XACT Triple Row - Xact Skate Shop\",\"isPartOf\":{\"@id\":\"http:\\\/\\\/xactskateshop.com\\\/fr\\\/#website\"},\"primaryImageOfPage\":{\"@id\":\"https:\\\/\\\/xactskateshop.com\\\/fr\\\/produit\\\/chronometre-xact-triple-row\\\/#primaryimage\"},\"image\":{\"@id\":\"https:\\\/\\\/xactskateshop.com\\\/fr\\\/produit\\\/chronometre-xact-triple-row\\\/#primaryimage\"},\"thumbnailUrl\":\"https:\\\/\\\/xactskateshop.com\\\/wp-content\\\/uploads\\\/2020\\\/10\\\/3-row-white.jpg\",\"datePublished\":\"2020-10-16T21:11:55+00:00\",\"description\":\"Chronom\u00e8tre XACT Triple Row. Chronom\u00e8tre num\u00e9rique portable professionnel Chronographe Chronom\u00e8tre d'Entra\u00eenement Sportif | Chaque fonction est facile \u00e0 utiliser !\",\"breadcrumb\":{\"@id\":\"https:\\\/\\\/xactskateshop.com\\\/fr\\\/produit\\\/chronometre-xact-triple-row\\\/#breadcrumb\"},\"inLanguage\":\"fr-FR\",\"potentialAction\":[{\"@type\":\"ReadAction\",\"target\":[\"https:\\\/\\\/xactskateshop.com\\\/fr\\\/produit\\\/chronometre-xact-triple-row\\\/\"]}]},{\"@type\":\"ImageObject\",\"inLanguage\":\"fr-FR\",\"@id\":\"https:\\\/\\\/xactskateshop.com\\\/fr\\\/produit\\\/chronometre-xact-triple-row\\\/#primaryimage\",\"url\":\"https:\\\/\\\/xactskateshop.com\\\/wp-content\\\/uploads\\\/2020\\\/10\\\/3-row-white.jpg\",\"contentUrl\":\"https:\\\/\\\/xactskateshop.com\\\/wp-content\\\/uploads\\\/2020\\\/10\\\/3-row-white.jpg\",\"width\":1000,\"height\":907,\"caption\":\"Chronom\u00e8tre XACT Triple Row\"},{\"@type\":\"BreadcrumbList\",\"@id\":\"https:\\\/\\\/xactskateshop.com\\\/fr\\\/produit\\\/chronometre-xact-triple-row\\\/#breadcrumb\",\"itemListElement\":[{\"@type\":\"ListItem\",\"position\":1,\"name\":\"Home\",\"item\":\"https:\\\/\\\/xactskateshop.com\\\/fr\\\/accueil\\\/\"},{\"@type\":\"ListItem\",\"position\":2,\"name\":\"Boutique\",\"item\":\"https:\\\/\\\/xactskateshop.com\\\/shop\\\/\"},{\"@type\":\"ListItem\",\"position\":3,\"name\":\"Chronom\u00e8tre XACT Triple Row\"}]},{\"@type\":\"WebSite\",\"@id\":\"http:\\\/\\\/xactskateshop.com\\\/fr\\\/#website\",\"url\":\"http:\\\/\\\/xactskateshop.com\\\/fr\\\/\",\"name\":\"Xact Skate Shop\",\"description\":\"Un site utilisant WordPress\",\"publisher\":{\"@id\":\"http:\\\/\\\/xactskateshop.com\\\/fr\\\/#organization\"},\"potentialAction\":[{\"@type\":\"SearchAction\",\"target\":{\"@type\":\"EntryPoint\",\"urlTemplate\":\"http:\\\/\\\/xactskateshop.com\\\/fr\\\/?s={search_term_string}\"},\"query-input\":{\"@type\":\"PropertyValueSpecification\",\"valueRequired\":true,\"valueName\":\"search_term_string\"}}],\"inLanguage\":\"fr-FR\"},{\"@type\":\"Organization\",\"@id\":\"http:\\\/\\\/xactskateshop.com\\\/fr\\\/#organization\",\"name\":\"XACT Skate Shop\",\"url\":\"http:\\\/\\\/xactskateshop.com\\\/fr\\\/\",\"logo\":{\"@type\":\"ImageObject\",\"inLanguage\":\"fr-FR\",\"@id\":\"http:\\\/\\\/xactskateshop.com\\\/fr\\\/#\\\/schema\\\/logo\\\/image\\\/\",\"url\":\"http:\\\/\\\/xactskateshop.com\\\/wp-content\\\/uploads\\\/2024\\\/04\\\/xactskateshop-dot-com-avec-contour-noir-sans-fond-675x.jpg\",\"contentUrl\":\"http:\\\/\\\/xactskateshop.com\\\/wp-content\\\/uploads\\\/2024\\\/04\\\/xactskateshop-dot-com-avec-contour-noir-sans-fond-675x.jpg\",\"width\":675,\"height\":247,\"caption\":\"XACT Skate Shop\"},\"image\":{\"@id\":\"http:\\\/\\\/xactskateshop.com\\\/fr\\\/#\\\/schema\\\/logo\\\/image\\\/\"},\"sameAs\":[\"https:\\\/\\\/www.facebook.com\\\/JeanLouiskateshop\"]}]}<\/script>\n<!-- \/ Yoast SEO plugin. -->","yoast_head_json":{"title":"Chronom\u00e8tre XACT Triple Row - Xact Skate Shop","description":"Chronom\u00e8tre XACT Triple Row. Chronom\u00e8tre num\u00e9rique portable professionnel Chronographe Chronom\u00e8tre d'Entra\u00eenement Sportif | Chaque fonction est facile \u00e0 utiliser !","robots":{"index":"index","follow":"follow","max-snippet":"max-snippet:-1","max-image-preview":"max-image-preview:large","max-video-preview":"max-video-preview:-1"},"canonical":"https:\/\/xactskateshop.com\/fr\/produit\/chronometre-xact-triple-row\/","og_locale":"fr_FR","og_type":"article","og_title":"Chronom\u00e8tre XACT Triple Row - Xact Skate Shop","og_description":"Chronom\u00e8tre XACT Triple Row. Chronom\u00e8tre num\u00e9rique portable professionnel Chronographe Chronom\u00e8tre d'Entra\u00eenement Sportif | Chaque fonction est facile \u00e0 utiliser !","og_url":"https:\/\/xactskateshop.com\/fr\/produit\/chronometre-xact-triple-row\/","og_site_name":"Xact Skate Shop","article_publisher":"https:\/\/www.facebook.com\/JeanLouiskateshop","og_image":[{"width":1000,"height":907,"url":"https:\/\/xactskateshop.com\/wp-content\/uploads\/2020\/10\/3-row-white.jpg","type":"image\/jpeg"}],"twitter_card":"summary_large_image","twitter_misc":{"Dur\u00e9e de lecture estim\u00e9e":"1 minute"},"schema":{"@context":"https:\/\/schema.org","@graph":[{"@type":"WebPage","@id":"https:\/\/xactskateshop.com\/fr\/produit\/chronometre-xact-triple-row\/","url":"https:\/\/xactskateshop.com\/fr\/produit\/chronometre-xact-triple-row\/","name":"Chronom\u00e8tre XACT Triple Row - Xact Skate Shop","isPartOf":{"@id":"http:\/\/xactskateshop.com\/fr\/#website"},"primaryImageOfPage":{"@id":"https:\/\/xactskateshop.com\/fr\/produit\/chronometre-xact-triple-row\/#primaryimage"},"image":{"@id":"https:\/\/xactskateshop.com\/fr\/produit\/chronometre-xact-triple-row\/#primaryimage"},"thumbnailUrl":"https:\/\/xactskateshop.com\/wp-content\/uploads\/2020\/10\/3-row-white.jpg","datePublished":"2020-10-16T21:11:55+00:00","description":"Chronom\u00e8tre XACT Triple Row. Chronom\u00e8tre num\u00e9rique portable professionnel Chronographe Chronom\u00e8tre d'Entra\u00eenement Sportif | Chaque fonction est facile \u00e0 utiliser !","breadcrumb":{"@id":"https:\/\/xactskateshop.com\/fr\/produit\/chronometre-xact-triple-row\/#breadcrumb"},"inLanguage":"fr-FR","potentialAction":[{"@type":"ReadAction","target":["https:\/\/xactskateshop.com\/fr\/produit\/chronometre-xact-triple-row\/"]}]},{"@type":"ImageObject","inLanguage":"fr-FR","@id":"https:\/\/xactskateshop.com\/fr\/produit\/chronometre-xact-triple-row\/#primaryimage","url":"https:\/\/xactskateshop.com\/wp-content\/uploads\/2020\/10\/3-row-white.jpg","contentUrl":"https:\/\/xactskateshop.com\/wp-content\/uploads\/2020\/10\/3-row-white.jpg","width":1000,"height":907,"caption":"Chronom\u00e8tre XACT Triple Row"},{"@type":"BreadcrumbList","@id":"https:\/\/xactskateshop.com\/fr\/produit\/chronometre-xact-triple-row\/#breadcrumb","itemListElement":[{"@type":"ListItem","position":1,"name":"Home","item":"https:\/\/xactskateshop.com\/fr\/accueil\/"},{"@type":"ListItem","position":2,"name":"Boutique","item":"https:\/\/xactskateshop.com\/shop\/"},{"@type":"ListItem","position":3,"name":"Chronom\u00e8tre XACT Triple Row"}]},{"@type":"WebSite","@id":"http:\/\/xactskateshop.com\/fr\/#website","url":"http:\/\/xactskateshop.com\/fr\/","name":"Xact Skate Shop","description":"Un site utilisant WordPress","publisher":{"@id":"http:\/\/xactskateshop.com\/fr\/#organization"},"potentialAction":[{"@type":"SearchAction","target":{"@type":"EntryPoint","urlTemplate":"http:\/\/xactskateshop.com\/fr\/?s={search_term_string}"},"query-input":{"@type":"PropertyValueSpecification","valueRequired":true,"valueName":"search_term_string"}}],"inLanguage":"fr-FR"},{"@type":"Organization","@id":"http:\/\/xactskateshop.com\/fr\/#organization","name":"XACT Skate Shop","url":"http:\/\/xactskateshop.com\/fr\/","logo":{"@type":"ImageObject","inLanguage":"fr-FR","@id":"http:\/\/xactskateshop.com\/fr\/#\/schema\/logo\/image\/","url":"http:\/\/xactskateshop.com\/wp-content\/uploads\/2024\/04\/xactskateshop-dot-com-avec-contour-noir-sans-fond-675x.jpg","contentUrl":"http:\/\/xactskateshop.com\/wp-content\/uploads\/2024\/04\/xactskateshop-dot-com-avec-contour-noir-sans-fond-675x.jpg","width":675,"height":247,"caption":"XACT Skate Shop"},"image":{"@id":"http:\/\/xactskateshop.com\/fr\/#\/schema\/logo\/image\/"},"sameAs":["https:\/\/www.facebook.com\/JeanLouiskateshop"]}]}},"_links":{"self":[{"href":"https:\/\/xactskateshop.com\/fr\/wp-json\/wp\/v2\/product\/66107","targetHints":{"allow":["GET"]}}],"collection":[{"href":"https:\/\/xactskateshop.com\/fr\/wp-json\/wp\/v2\/product"}],"about":[{"href":"https:\/\/xactskateshop.com\/fr\/wp-json\/wp\/v2\/types\/product"}],"replies":[{"embeddable":true,"href":"https:\/\/xactskateshop.com\/fr\/wp-json\/wp\/v2\/comments?post=66107"}],"wp:featuredmedia":[{"embeddable":true,"href":"https:\/\/xactskateshop.com\/fr\/wp-json\/wp\/v2\/media\/29282"}],"wp:attachment":[{"href":"https:\/\/xactskateshop.com\/fr\/wp-json\/wp\/v2\/media?parent=66107"}],"wp:term":[{"taxonomy":"product_brand","embeddable":true,"href":"https:\/\/xactskateshop.com\/fr\/wp-json\/wp\/v2\/product_brand?post=66107"},{"taxonomy":"product_cat","embeddable":true,"href":"https:\/\/xactskateshop.com\/fr\/wp-json\/wp\/v2\/product_cat?post=66107"},{"taxonomy":"product_tag","embeddable":true,"href":"https:\/\/xactskateshop.com\/fr\/wp-json\/wp\/v2\/product_tag?post=66107"}],"curies":[{"name":"wp","href":"https:\/\/api.w.org\/{rel}","templated":true}]}}