{"id":65284,"date":"2020-09-23T17:58:03","date_gmt":"2020-09-23T21:58:03","guid":{"rendered":"http:\/\/xactskateshop.com\/product\/bont-white-vaypor-boot\/"},"modified":"2025-10-03T13:54:32","modified_gmt":"2025-10-03T17:54:32","slug":"bont-vaypor-blanche","status":"publish","type":"product","link":"https:\/\/xactskateshop.com\/fr\/produit\/bont-vaypor-blanche\/","title":{"rendered":"BONT Vaypor blanche"},"content":{"rendered":"<p><span style=\"color: #ff0000;\">**** Pour les bottines qui ne sont pas en stock, le d\u00e9lai de livraison est de 4 \u00e0 6 semaines ****<\/span><\/p>\n<h2><strong>La bottine de Courte Piste par excellence<\/strong><\/h2>\n<p>La botte BONT Vaypor blanche est notre botte Courte Piste haut de gamme. Les changements apport\u00e9s au mod\u00e8le de cette ann\u00e9e comprennent un nouveau rembourrage de cheville en mousse \u00e0 m\u00e9moire de forme plus fine et plus dure et 10 couches de fibre de carbone autour des chevilles pour un soutien suppl\u00e9mentaire. La base est fabriqu\u00e9e \u00e0 la main en prenant en sandwich des fibres de carbone crois\u00e9es et des fibres de carbone unidirectionnelles qui sont enrob\u00e9es de r\u00e9sine \u00e9poxy thermodurcissable. Les fibres sont pos\u00e9es \u00e0 la main dans la matrice en fonction de la tension qu&#8217;elles devront supporter.<\/p>\n<p>La fabrication des patins \u00e0 la main, \u00e0 l&#8217;envers, est une m\u00e9thode que Bont conserve et dont il est exceptionnellement fier. Le processus de fabrication exige beaucoup plus de comp\u00e9tences et de temps que les autres processus de fabrication. Peut-\u00eatre plus important encore, cela permet aux patins Bont d&#8217;\u00eatre \u00e0 la pointe de l&#8217;industrie en termes de performance. Il en r\u00e9sulte toutefois un co\u00fbt de production plus \u00e9lev\u00e9 que les m\u00e9thodes de construction de patins traditionnelles.<\/p>\n<p>Nous continuons \u00e0 d\u00e9velopper et \u00e0 affiner notre processus de fabrication afin de maintenir la meilleure livraison de nos produits de haute qualit\u00e9. Par exemple, des proc\u00e9d\u00e9s tels que l&#8217;utilisation de bo\u00eetes \u00e0 vide g\u00e9n\u00e9riques pour le durcissement du carbone ont \u00e9t\u00e9 remplac\u00e9s. Aujourd&#8217;hui, pour le durcissement du carbone, nous utilisons des m\u00e9thodes telles que l&#8217;emballage sous pression. L&#8217;emballage sous pression fournit quatre atmosph\u00e8res de pression au lieu d&#8217;une atmosph\u00e8re que l&#8217;on trouve dans le formage sous vide traditionnel. L&#8217;ing\u00e9nierie d&#8217;Inze Bont, le c\u00e9l\u00e8bre designer de patins, a permis \u00e0 notre ligne de production d&#8217;optimiser la fabrication de nos patins monocoques faits \u00e0 la main de la mani\u00e8re la plus efficace possible.<\/p>\n<h2><strong>Sp\u00e9cifications des bottes<\/strong><\/h2>\n<ul>\n<li><strong>Base :<\/strong> Base 100% carbone,<\/li>\n<li><strong>Peau ext\u00e9rieure :<\/strong> Cuir,<\/li>\n<li><strong>Doublure :<\/strong> Daim-L,<\/li>\n<li><strong>Semelle int\u00e9rieure :<\/strong> Cuir,<\/li>\n<li><strong>Thermo-moulable :<\/strong> Base enti\u00e8rement thermoformable utilisant une r\u00e9sine \u00e9poxy thermodurcissable,<\/li>\n<li><strong>Rembourrage :<\/strong> Mousse \u00e0 m\u00e9moire de forme haute densit\u00e9,<\/li>\n<li><strong>Options de fermeture :<\/strong> 2 bandes velcro r\u00e9glables + lacets,<\/li>\n<li><strong>Options de taille :<\/strong> 3 &#8211; 13,<\/li>\n<li><strong>Options d&#8217;ajustement sur mesure :<\/strong> Standard, \u00e9troit (+50$), large (+50$), double large (+50$) (les options \u00e9troit, large et double large peuvent prendre jusqu&#8217;\u00e0 4-6 semaines pour \u00eatre livr\u00e9es),<\/li>\n<li><strong>Enti\u00e8rement personnalisable : <\/strong>Veuillez nous contacter pour plus de d\u00e9tails.<\/li>\n<\/ul>\n<p>Voir les autres couleurs <a href=\"http:\/\/xactskateshop.com\/product\/bont-vaypor-boot-2\/\">ici !<\/a><\/p>\n<p>Vous les trouverez \u00e9galement <a href=\"https:\/\/canada.bont.com\/collections\/short-track-skates\/products\/short-track-vaypor-leather-boot\">ici<\/a>!<\/p>\n","protected":false},"excerpt":{"rendered":"<p>&nbsp;<\/p>\n<hr \/>\n<h2 style=\"text-align: center;\"><strong>La bottine de Courte Piste par excellence<\/strong><\/h2>\n<p style=\"text-align: center;\">La Vaypor est notre botte Courte Piste haut de gamme. Les changements apport\u00e9s au mod\u00e8le de cette ann\u00e9e comprennent un nouveau rembourrage de cheville en mousse \u00e0 m\u00e9moire de forme plus fine et plus dure et 10 couches de fibre de carbone autour des chevilles pour un soutien suppl\u00e9mentaire. La base est fabriqu\u00e9e \u00e0 la main en prenant en sandwich des fibres de carbone crois\u00e9es et des fibres de carbone unidirectionnelles qui sont enrob\u00e9es de r\u00e9sine \u00e9poxy thermodurcissable. Les fibres sont pos\u00e9es \u00e0 la main dans la matrice en fonction de la tension qu&#8217;elles devront supporter.<\/p>\n<p style=\"text-align: center;\"><span style=\"color: #ff0000;\"><strong style=\"font-size: 16px; font-style: normal;\">****** veuillez nous contacter \u00e0 info@xactskateshop.com pour conna\u00eetre la disponibilit\u00e9 de la taille avant de passer commande******<\/strong><\/span><\/p>\n<hr \/>\n<p>&nbsp;<\/p>\n","protected":false},"featured_media":27694,"comment_status":"open","ping_status":"closed","template":"","meta":{"site-sidebar-layout":"default","site-content-layout":"default","ast-site-content-layout":"default","site-content-style":"default","site-sidebar-style":"default","ast-global-header-display":"","ast-banner-title-visibility":"","ast-main-header-display":"","ast-hfb-above-header-display":"","ast-hfb-below-header-display":"","ast-hfb-mobile-header-display":"","site-post-title":"","ast-breadcrumbs-content":"","ast-featured-img":"","footer-sml-layout":"","theme-transparent-header-meta":"default","adv-header-id-meta":"","stick-header-meta":"","header-above-stick-meta":"","header-main-stick-meta":"","header-below-stick-meta":"","astra-migrate-meta-layouts":"set","ast-page-background-enabled":"default","ast-page-background-meta":{"desktop":{"background-color":"","background-image":"","background-repeat":"repeat","background-position":"center center","background-size":"auto","background-attachment":"scroll","background-type":"","background-media":"","overlay-type":"","overlay-color":"","overlay-opacity":"","overlay-gradient":""},"tablet":{"background-color":"","background-image":"","background-repeat":"repeat","background-position":"center center","background-size":"auto","background-attachment":"scroll","background-type":"","background-media":"","overlay-type":"","overlay-color":"","overlay-opacity":"","overlay-gradient":""},"mobile":{"background-color":"","background-image":"","background-repeat":"repeat","background-position":"center center","background-size":"auto","background-attachment":"scroll","background-type":"","background-media":"","overlay-type":"","overlay-color":"","overlay-opacity":"","overlay-gradient":""}},"ast-content-background-meta":{"desktop":{"background-color":"var(--ast-global-color-5)","background-image":"","background-repeat":"repeat","background-position":"center center","background-size":"auto","background-attachment":"scroll","background-type":"","background-media":"","overlay-type":"","overlay-color":"","overlay-opacity":"","overlay-gradient":""},"tablet":{"background-color":"var(--ast-global-color-5)","background-image":"","background-repeat":"repeat","background-position":"center center","background-size":"auto","background-attachment":"scroll","background-type":"","background-media":"","overlay-type":"","overlay-color":"","overlay-opacity":"","overlay-gradient":""},"mobile":{"background-color":"var(--ast-global-color-5)","background-image":"","background-repeat":"repeat","background-position":"center center","background-size":"auto","background-attachment":"scroll","background-type":"","background-media":"","overlay-type":"","overlay-color":"","overlay-opacity":"","overlay-gradient":""}}},"product_brand":[],"product_cat":[1430,1354,1353],"product_tag":[1356],"class_list":{"0":"post-65284","1":"product","2":"type-product","3":"status-publish","4":"has-post-thumbnail","6":"product_cat-bottines-de-patinage-de-vitesse-courte-piste","7":"product_cat-courte-piste","8":"product_cat-patinage-de-vitesse","9":"product_tag-courte-piste-fr","10":"desktop-align-center","11":"tablet-align-center","12":"mobile-align-center","13":"ast-product-gallery-layout-horizontal","14":"ast-product-single-variable","15":"ast-product-tabs-layout-horizontal","16":"ast-qv-on-image","18":"first","19":"onbackorder","20":"sale","21":"taxable","22":"shipping-taxable","23":"purchasable","24":"product-type-variable"},"bundled_by":[],"bundle_stock_status":"onbackorder","bundle_stock_quantity":null,"bundle_virtual":false,"bundle_layout":"","bundle_add_to_cart_form_location":"","bundle_editable_in_cart":false,"bundle_sold_individually_context":"","bundle_item_grouping":"","bundle_min_size":"","bundle_max_size":"","bundle_price":[],"bundled_items":[],"bundle_sell_ids":[],"yoast_head":"<!-- This site is optimized with the Yoast SEO plugin v27.4 - https:\/\/yoast.com\/product\/yoast-seo-wordpress\/ -->\n<title>BONT Vaypor blanche - Xact Skate Shop.<\/title>\n<meta name=\"description\" content=\"La BONT Vaypor blanche est notre botte Courte Piste haut de gamme. 10 couches de fibre de carbone autour des chevilles pour un soutien suppl\u00e9mentaire.\" \/>\n<meta name=\"robots\" content=\"index, follow, max-snippet:-1, max-image-preview:large, max-video-preview:-1\" \/>\n<link rel=\"canonical\" href=\"https:\/\/xactskateshop.com\/fr\/produit\/bont-vaypor-blanche\/\" \/>\n<meta property=\"og:locale\" content=\"fr_FR\" \/>\n<meta property=\"og:type\" content=\"article\" \/>\n<meta property=\"og:title\" content=\"BONT Vaypor blanche - Xact Skate Shop.\" \/>\n<meta property=\"og:description\" content=\"La BONT Vaypor blanche est notre botte Courte Piste haut de gamme. 10 couches de fibre de carbone autour des chevilles pour un soutien suppl\u00e9mentaire.\" \/>\n<meta property=\"og:url\" content=\"https:\/\/xactskateshop.com\/fr\/produit\/bont-vaypor-blanche\/\" \/>\n<meta property=\"og:site_name\" content=\"Xact Skate Shop\" \/>\n<meta property=\"article:publisher\" content=\"https:\/\/www.facebook.com\/JeanLouiskateshop\" \/>\n<meta property=\"article:modified_time\" content=\"2025-10-03T17:54:32+00:00\" \/>\n<meta property=\"og:image\" content=\"https:\/\/xactskateshop.com\/wp-content\/uploads\/2020\/09\/ST_Vaypor_Leather_White_f8167a6e-bdf8-4293-aa58-c9544cb51ff7_1024x1024.jpg\" \/>\n\t<meta property=\"og:image:width\" content=\"1000\" \/>\n\t<meta property=\"og:image:height\" content=\"1000\" \/>\n\t<meta property=\"og:image:type\" content=\"image\/jpeg\" \/>\n<meta name=\"twitter:card\" content=\"summary_large_image\" \/>\n<meta name=\"twitter:label1\" content=\"Dur\u00e9e de lecture estim\u00e9e\" \/>\n\t<meta name=\"twitter:data1\" content=\"2 minutes\" \/>\n<script type=\"application\/ld+json\" class=\"yoast-schema-graph\">{\"@context\":\"https:\\\/\\\/schema.org\",\"@graph\":[{\"@type\":\"WebPage\",\"@id\":\"https:\\\/\\\/xactskateshop.com\\\/fr\\\/produit\\\/bont-vaypor-blanche\\\/\",\"url\":\"https:\\\/\\\/xactskateshop.com\\\/fr\\\/produit\\\/bont-vaypor-blanche\\\/\",\"name\":\"BONT Vaypor blanche - Xact Skate Shop.\",\"isPartOf\":{\"@id\":\"http:\\\/\\\/xactskateshop.com\\\/fr\\\/#website\"},\"primaryImageOfPage\":{\"@id\":\"https:\\\/\\\/xactskateshop.com\\\/fr\\\/produit\\\/bont-vaypor-blanche\\\/#primaryimage\"},\"image\":{\"@id\":\"https:\\\/\\\/xactskateshop.com\\\/fr\\\/produit\\\/bont-vaypor-blanche\\\/#primaryimage\"},\"thumbnailUrl\":\"https:\\\/\\\/xactskateshop.com\\\/wp-content\\\/uploads\\\/2020\\\/09\\\/ST_Vaypor_Leather_White_f8167a6e-bdf8-4293-aa58-c9544cb51ff7_1024x1024.jpg\",\"datePublished\":\"2020-09-23T21:58:03+00:00\",\"dateModified\":\"2025-10-03T17:54:32+00:00\",\"description\":\"La BONT Vaypor blanche est notre botte Courte Piste haut de gamme. 10 couches de fibre de carbone autour des chevilles pour un soutien suppl\u00e9mentaire.\",\"breadcrumb\":{\"@id\":\"https:\\\/\\\/xactskateshop.com\\\/fr\\\/produit\\\/bont-vaypor-blanche\\\/#breadcrumb\"},\"inLanguage\":\"fr-FR\",\"potentialAction\":[{\"@type\":\"ReadAction\",\"target\":[\"https:\\\/\\\/xactskateshop.com\\\/fr\\\/produit\\\/bont-vaypor-blanche\\\/\"]}]},{\"@type\":\"ImageObject\",\"inLanguage\":\"fr-FR\",\"@id\":\"https:\\\/\\\/xactskateshop.com\\\/fr\\\/produit\\\/bont-vaypor-blanche\\\/#primaryimage\",\"url\":\"https:\\\/\\\/xactskateshop.com\\\/wp-content\\\/uploads\\\/2020\\\/09\\\/ST_Vaypor_Leather_White_f8167a6e-bdf8-4293-aa58-c9544cb51ff7_1024x1024.jpg\",\"contentUrl\":\"https:\\\/\\\/xactskateshop.com\\\/wp-content\\\/uploads\\\/2020\\\/09\\\/ST_Vaypor_Leather_White_f8167a6e-bdf8-4293-aa58-c9544cb51ff7_1024x1024.jpg\",\"width\":1000,\"height\":1000,\"caption\":\"BONT Vaypor blanche\"},{\"@type\":\"BreadcrumbList\",\"@id\":\"https:\\\/\\\/xactskateshop.com\\\/fr\\\/produit\\\/bont-vaypor-blanche\\\/#breadcrumb\",\"itemListElement\":[{\"@type\":\"ListItem\",\"position\":1,\"name\":\"Home\",\"item\":\"https:\\\/\\\/xactskateshop.com\\\/fr\\\/accueil\\\/\"},{\"@type\":\"ListItem\",\"position\":2,\"name\":\"Boutique\",\"item\":\"https:\\\/\\\/xactskateshop.com\\\/shop\\\/\"},{\"@type\":\"ListItem\",\"position\":3,\"name\":\"BONT Vaypor blanche\"}]},{\"@type\":\"WebSite\",\"@id\":\"http:\\\/\\\/xactskateshop.com\\\/fr\\\/#website\",\"url\":\"http:\\\/\\\/xactskateshop.com\\\/fr\\\/\",\"name\":\"Xact Skate Shop\",\"description\":\"Un site utilisant WordPress\",\"publisher\":{\"@id\":\"http:\\\/\\\/xactskateshop.com\\\/fr\\\/#organization\"},\"potentialAction\":[{\"@type\":\"SearchAction\",\"target\":{\"@type\":\"EntryPoint\",\"urlTemplate\":\"http:\\\/\\\/xactskateshop.com\\\/fr\\\/?s={search_term_string}\"},\"query-input\":{\"@type\":\"PropertyValueSpecification\",\"valueRequired\":true,\"valueName\":\"search_term_string\"}}],\"inLanguage\":\"fr-FR\"},{\"@type\":\"Organization\",\"@id\":\"http:\\\/\\\/xactskateshop.com\\\/fr\\\/#organization\",\"name\":\"XACT Skate Shop\",\"url\":\"http:\\\/\\\/xactskateshop.com\\\/fr\\\/\",\"logo\":{\"@type\":\"ImageObject\",\"inLanguage\":\"fr-FR\",\"@id\":\"http:\\\/\\\/xactskateshop.com\\\/fr\\\/#\\\/schema\\\/logo\\\/image\\\/\",\"url\":\"http:\\\/\\\/xactskateshop.com\\\/wp-content\\\/uploads\\\/2024\\\/04\\\/xactskateshop-dot-com-avec-contour-noir-sans-fond-675x.jpg\",\"contentUrl\":\"http:\\\/\\\/xactskateshop.com\\\/wp-content\\\/uploads\\\/2024\\\/04\\\/xactskateshop-dot-com-avec-contour-noir-sans-fond-675x.jpg\",\"width\":675,\"height\":247,\"caption\":\"XACT Skate Shop\"},\"image\":{\"@id\":\"http:\\\/\\\/xactskateshop.com\\\/fr\\\/#\\\/schema\\\/logo\\\/image\\\/\"},\"sameAs\":[\"https:\\\/\\\/www.facebook.com\\\/JeanLouiskateshop\"]}]}<\/script>\n<!-- \/ Yoast SEO plugin. -->","yoast_head_json":{"title":"BONT Vaypor blanche - Xact Skate Shop.","description":"La BONT Vaypor blanche est notre botte Courte Piste haut de gamme. 10 couches de fibre de carbone autour des chevilles pour un soutien suppl\u00e9mentaire.","robots":{"index":"index","follow":"follow","max-snippet":"max-snippet:-1","max-image-preview":"max-image-preview:large","max-video-preview":"max-video-preview:-1"},"canonical":"https:\/\/xactskateshop.com\/fr\/produit\/bont-vaypor-blanche\/","og_locale":"fr_FR","og_type":"article","og_title":"BONT Vaypor blanche - Xact Skate Shop.","og_description":"La BONT Vaypor blanche est notre botte Courte Piste haut de gamme. 10 couches de fibre de carbone autour des chevilles pour un soutien suppl\u00e9mentaire.","og_url":"https:\/\/xactskateshop.com\/fr\/produit\/bont-vaypor-blanche\/","og_site_name":"Xact Skate Shop","article_publisher":"https:\/\/www.facebook.com\/JeanLouiskateshop","article_modified_time":"2025-10-03T17:54:32+00:00","og_image":[{"width":1000,"height":1000,"url":"https:\/\/xactskateshop.com\/wp-content\/uploads\/2020\/09\/ST_Vaypor_Leather_White_f8167a6e-bdf8-4293-aa58-c9544cb51ff7_1024x1024.jpg","type":"image\/jpeg"}],"twitter_card":"summary_large_image","twitter_misc":{"Dur\u00e9e de lecture estim\u00e9e":"2 minutes"},"schema":{"@context":"https:\/\/schema.org","@graph":[{"@type":"WebPage","@id":"https:\/\/xactskateshop.com\/fr\/produit\/bont-vaypor-blanche\/","url":"https:\/\/xactskateshop.com\/fr\/produit\/bont-vaypor-blanche\/","name":"BONT Vaypor blanche - Xact Skate Shop.","isPartOf":{"@id":"http:\/\/xactskateshop.com\/fr\/#website"},"primaryImageOfPage":{"@id":"https:\/\/xactskateshop.com\/fr\/produit\/bont-vaypor-blanche\/#primaryimage"},"image":{"@id":"https:\/\/xactskateshop.com\/fr\/produit\/bont-vaypor-blanche\/#primaryimage"},"thumbnailUrl":"https:\/\/xactskateshop.com\/wp-content\/uploads\/2020\/09\/ST_Vaypor_Leather_White_f8167a6e-bdf8-4293-aa58-c9544cb51ff7_1024x1024.jpg","datePublished":"2020-09-23T21:58:03+00:00","dateModified":"2025-10-03T17:54:32+00:00","description":"La BONT Vaypor blanche est notre botte Courte Piste haut de gamme. 10 couches de fibre de carbone autour des chevilles pour un soutien suppl\u00e9mentaire.","breadcrumb":{"@id":"https:\/\/xactskateshop.com\/fr\/produit\/bont-vaypor-blanche\/#breadcrumb"},"inLanguage":"fr-FR","potentialAction":[{"@type":"ReadAction","target":["https:\/\/xactskateshop.com\/fr\/produit\/bont-vaypor-blanche\/"]}]},{"@type":"ImageObject","inLanguage":"fr-FR","@id":"https:\/\/xactskateshop.com\/fr\/produit\/bont-vaypor-blanche\/#primaryimage","url":"https:\/\/xactskateshop.com\/wp-content\/uploads\/2020\/09\/ST_Vaypor_Leather_White_f8167a6e-bdf8-4293-aa58-c9544cb51ff7_1024x1024.jpg","contentUrl":"https:\/\/xactskateshop.com\/wp-content\/uploads\/2020\/09\/ST_Vaypor_Leather_White_f8167a6e-bdf8-4293-aa58-c9544cb51ff7_1024x1024.jpg","width":1000,"height":1000,"caption":"BONT Vaypor blanche"},{"@type":"BreadcrumbList","@id":"https:\/\/xactskateshop.com\/fr\/produit\/bont-vaypor-blanche\/#breadcrumb","itemListElement":[{"@type":"ListItem","position":1,"name":"Home","item":"https:\/\/xactskateshop.com\/fr\/accueil\/"},{"@type":"ListItem","position":2,"name":"Boutique","item":"https:\/\/xactskateshop.com\/shop\/"},{"@type":"ListItem","position":3,"name":"BONT Vaypor blanche"}]},{"@type":"WebSite","@id":"http:\/\/xactskateshop.com\/fr\/#website","url":"http:\/\/xactskateshop.com\/fr\/","name":"Xact Skate Shop","description":"Un site utilisant WordPress","publisher":{"@id":"http:\/\/xactskateshop.com\/fr\/#organization"},"potentialAction":[{"@type":"SearchAction","target":{"@type":"EntryPoint","urlTemplate":"http:\/\/xactskateshop.com\/fr\/?s={search_term_string}"},"query-input":{"@type":"PropertyValueSpecification","valueRequired":true,"valueName":"search_term_string"}}],"inLanguage":"fr-FR"},{"@type":"Organization","@id":"http:\/\/xactskateshop.com\/fr\/#organization","name":"XACT Skate Shop","url":"http:\/\/xactskateshop.com\/fr\/","logo":{"@type":"ImageObject","inLanguage":"fr-FR","@id":"http:\/\/xactskateshop.com\/fr\/#\/schema\/logo\/image\/","url":"http:\/\/xactskateshop.com\/wp-content\/uploads\/2024\/04\/xactskateshop-dot-com-avec-contour-noir-sans-fond-675x.jpg","contentUrl":"http:\/\/xactskateshop.com\/wp-content\/uploads\/2024\/04\/xactskateshop-dot-com-avec-contour-noir-sans-fond-675x.jpg","width":675,"height":247,"caption":"XACT Skate Shop"},"image":{"@id":"http:\/\/xactskateshop.com\/fr\/#\/schema\/logo\/image\/"},"sameAs":["https:\/\/www.facebook.com\/JeanLouiskateshop"]}]}},"_links":{"self":[{"href":"https:\/\/xactskateshop.com\/fr\/wp-json\/wp\/v2\/product\/65284","targetHints":{"allow":["GET"]}}],"collection":[{"href":"https:\/\/xactskateshop.com\/fr\/wp-json\/wp\/v2\/product"}],"about":[{"href":"https:\/\/xactskateshop.com\/fr\/wp-json\/wp\/v2\/types\/product"}],"replies":[{"embeddable":true,"href":"https:\/\/xactskateshop.com\/fr\/wp-json\/wp\/v2\/comments?post=65284"}],"wp:featuredmedia":[{"embeddable":true,"href":"https:\/\/xactskateshop.com\/fr\/wp-json\/wp\/v2\/media\/27694"}],"wp:attachment":[{"href":"https:\/\/xactskateshop.com\/fr\/wp-json\/wp\/v2\/media?parent=65284"}],"wp:term":[{"taxonomy":"product_brand","embeddable":true,"href":"https:\/\/xactskateshop.com\/fr\/wp-json\/wp\/v2\/product_brand?post=65284"},{"taxonomy":"product_cat","embeddable":true,"href":"https:\/\/xactskateshop.com\/fr\/wp-json\/wp\/v2\/product_cat?post=65284"},{"taxonomy":"product_tag","embeddable":true,"href":"https:\/\/xactskateshop.com\/fr\/wp-json\/wp\/v2\/product_tag?post=65284"}],"curies":[{"name":"wp","href":"https:\/\/api.w.org\/{rel}","templated":true}]}}