{"id":65275,"date":"2020-09-24T12:15:58","date_gmt":"2020-09-24T16:15:58","guid":{"rendered":"http:\/\/xactskateshop.com\/product\/lames-bont-gt3\/"},"modified":"2026-03-19T15:27:17","modified_gmt":"2026-03-19T19:27:17","slug":"lames-bont-gt3","status":"publish","type":"product","link":"https:\/\/xactskateshop.com\/fr\/produit\/lames-bont-gt3\/","title":{"rendered":"Lames BONT GT3"},"content":{"rendered":"<h2><strong>Lames GT3<\/strong><\/h2>\n<p>Le GT3 est fabriqu\u00e9 avec le meilleur acier \u00e0 couteau japonais. Elle b\u00e9n\u00e9ficie \u00e9galement de toute la technologie, de la recherche et du d\u00e9veloppement de la nouvelle lame Platinum. Cette lame est fabriqu\u00e9e avec les m\u00eames mat\u00e9riaux que la Platinum, \u00e0 l&#8217;exception de l&#8217;acier. L&#8217;acier de la GT3 est tremp\u00e9 gr\u00e2ce \u00e0 notre expertise de plus de 20 ans dans la fabrication de lames courtes.<\/p>\n<h3><strong>Sp\u00e9cifications des lames <\/strong><\/h3>\n<ul>\n<li><strong>Coupe : <\/strong>Aluminium 7075 T6<\/li>\n<li><strong>Rayon : <\/strong>8m<\/li>\n<li><strong>Longueur : <\/strong>14&#8243;, 14.5&#8243;, 15&#8243;, 15.5&#8243;, 16&#8243;, 16.5&#8243;, 17&#8243;, 17.5&#8243;<\/li>\n<li><strong>\u00c9paisseur de la lame : <\/strong>1,1 mm<\/li>\n<li><strong>Duret\u00e9 : <\/strong>62 Rockwell<\/li>\n<li><strong>Cintrage : <\/strong>Cintrage \u00e0 la machine<\/li>\n<li><strong>Niveau du patineur :<\/strong> Interm\u00e9diaire \u00e0 avanc\u00e9<\/li>\n<\/ul>\n<p class=\"txt\">Les tubes en aluminium n&#8217;aiment pas \u00eatre pli\u00e9s. Ils reviennent toujours en position droite. Pour r\u00e9soudre ce probl\u00e8me, nous avons deux solutions :<\/p>\n<ul class=\"ul_list\">\n<li>Nous fabriquons le tube en aluminium qui est plus susceptible de rester pli\u00e9 que les autres marques de lames.<\/li>\n<li>Nous avons d\u00e9coup\u00e9 la fente pour la lame d&#8217;acier dans le tube d&#8217;aluminium en le courbant l\u00e9g\u00e8rement. Le tube est droit mais la lame d&#8217;acier est d\u00e9j\u00e0 l\u00e9g\u00e8rement incurv\u00e9e. Cette courbe est l\u00e9g\u00e8re et vous devrez encore plier la lame pour obtenir la courbure optimale en fonction de votre rayon. Cependant, il vous suffit maintenant de plier le tube d&#8217;aluminium tr\u00e8s l\u00e9g\u00e8rement pour obtenir la courbure optimale. Cette faible flexion du tube n&#8217;est pas suffisante pour solliciter le tube et le r\u00e9sultat est une lame qui conserve sa courbure pendant une p\u00e9riode beaucoup plus longue. Certains patineurs n&#8217;auront jamais besoin de recourber leurs lames.<\/li>\n<\/ul>\n<h3>Technologie &#8211; Coh\u00e9rence<\/h3>\n<p>La constance a \u00e9t\u00e9 la priorit\u00e9 lors de la cr\u00e9ation de nos lames de patinage de vitesse sur glace. Le temps d&#8217;usinage est co\u00fbteux et les fabricants de lames aff\u00fbtent l&#8217;acier par lots \u00e0 des vitesses \u00e9lev\u00e9es pour r\u00e9duire les co\u00fbts. L&#8217;acier se d\u00e9forme alors en raison de la temp\u00e9rature \u00e9lev\u00e9e de la meule qui aff\u00fbte l&#8217;acier.<\/p>\n<p>Notre objectif pour le GT3 et le Platinum \u00e9tait de faire en sorte que chaque lame soit identique. Nous avons donc achet\u00e9 les meilleures pierres d&#8217;aff\u00fbtage d&#8217;Allemagne et nous aff\u00fbtons lentement un jeu de lames d&#8217;acier \u00e0 la fois. Il s&#8217;agit d&#8217;un processus extr\u00eamement lent qui entra\u00eene des co\u00fbts plus \u00e9lev\u00e9s, mais le r\u00e9sultat est un acier qui ne se d\u00e9forme pas.<\/p>\n<p>Tous les patineurs, et pas seulement les athl\u00e8tes olympiques, devraient b\u00e9n\u00e9ficier de lames parfaites. Cependant, nous ne nous sommes pas arr\u00eat\u00e9s \u00e0 l&#8217;aff\u00fbtage. Nous nous sommes pench\u00e9s sur d&#8217;autres aspects pour rendre la lame encore plus parfaite. Nous avons mis au point une nouvelle colle plus r\u00e9sistante qui nous a permis de r\u00e9duire la largeur de la fente du tube de 0,1 mm. La fente du tube a besoin d&#8217;un certain espace pour la colle de chaque c\u00f4t\u00e9 de la lame.<\/p>\n<p>Plus l&#8217;\u00e9cart est important, plus l&#8217;acier risque de se d\u00e9former pendant la prise de la colle. En r\u00e9duisant cet \u00e9cart, nous avons am\u00e9lior\u00e9 la r\u00e9gularit\u00e9 de la rectitude de la lame apr\u00e8s le collage. Enfin, nous avons beaucoup investi dans les gabarits. Chaque lame est serr\u00e9e en 9 endroits pendant qu&#8217;elle durcit et nous laissons les lames durcir pendant 14 heures, jusqu&#8217;\u00e0 ce que la colle soit compl\u00e8tement s\u00e8che. Cela signifie que nous ne pouvons fabriquer que quelques jeux de lames par jour, mais chaque jeu est parfait.<\/p>\n<h6 style=\"text-align: left;\"><span style=\"color: #ff0000;\">Pr\u00e9paration des lames : Nous faisons un rocker progressif ST-9 sur ces lames.<\/span> <span style=\"color: #0000ff;\"><a style=\"color: #0000ff;\" href=\"https:\/\/xactskateshop.com\/fr\/produit\/berceau-sur-lame-de-courte-piste\/\">(voir les num\u00e9ros ici)<\/a><\/span> <span style=\"color: #ff0000;\">ainsi que le bend correspondant<\/span><\/h6>\n<p><span style=\"font-size: 16px; font-style: normal; font-weight: 400;\">Vous pouvez \u00e9galement les obtenir <\/span><a style=\"font-size: 16px; font-style: normal; font-weight: 400; background-color: #ffffff; transition-property: all;\" href=\"https:\/\/canada.bont.com\/collections\/short-track-ice-skating-blades\/products\/short-track-gt3-ice-blade\">ici !<\/a><\/p>\n","protected":false},"excerpt":{"rendered":"<p>&nbsp;<\/p>\n<hr \/>\n<p style=\"text-align: center;\">Le GT3 est fabriqu\u00e9 avec le meilleur acier \u00e0 couteau japonais. Elle b\u00e9n\u00e9ficie \u00e9galement de toute la technologie, de la recherche et du d\u00e9veloppement de la nouvelle lame Platinum. Cette lame est fabriqu\u00e9e avec les m\u00eames mat\u00e9riaux que la Platinum, \u00e0 l&#8217;exception de l&#8217;acier. L&#8217;acier de la GT3 est tremp\u00e9 gr\u00e2ce \u00e0 notre expertise de plus de 20 ans dans la fabrication de lames courtes.<\/p>\n<hr \/>\n<p>&nbsp;<\/p>\n","protected":false},"featured_media":27729,"comment_status":"open","ping_status":"closed","template":"","meta":{"site-sidebar-layout":"default","site-content-layout":"default","ast-site-content-layout":"default","site-content-style":"default","site-sidebar-style":"default","ast-global-header-display":"","ast-banner-title-visibility":"","ast-main-header-display":"","ast-hfb-above-header-display":"","ast-hfb-below-header-display":"","ast-hfb-mobile-header-display":"","site-post-title":"","ast-breadcrumbs-content":"","ast-featured-img":"","footer-sml-layout":"","theme-transparent-header-meta":"default","adv-header-id-meta":"","stick-header-meta":"","header-above-stick-meta":"","header-main-stick-meta":"","header-below-stick-meta":"","astra-migrate-meta-layouts":"set","ast-page-background-enabled":"default","ast-page-background-meta":{"desktop":{"background-color":"","background-image":"","background-repeat":"repeat","background-position":"center center","background-size":"auto","background-attachment":"scroll","background-type":"","background-media":"","overlay-type":"","overlay-color":"","overlay-opacity":"","overlay-gradient":""},"tablet":{"background-color":"","background-image":"","background-repeat":"repeat","background-position":"center center","background-size":"auto","background-attachment":"scroll","background-type":"","background-media":"","overlay-type":"","overlay-color":"","overlay-opacity":"","overlay-gradient":""},"mobile":{"background-color":"","background-image":"","background-repeat":"repeat","background-position":"center center","background-size":"auto","background-attachment":"scroll","background-type":"","background-media":"","overlay-type":"","overlay-color":"","overlay-opacity":"","overlay-gradient":""}},"ast-content-background-meta":{"desktop":{"background-color":"var(--ast-global-color-5)","background-image":"","background-repeat":"repeat","background-position":"center center","background-size":"auto","background-attachment":"scroll","background-type":"","background-media":"","overlay-type":"","overlay-color":"","overlay-opacity":"","overlay-gradient":""},"tablet":{"background-color":"var(--ast-global-color-5)","background-image":"","background-repeat":"repeat","background-position":"center center","background-size":"auto","background-attachment":"scroll","background-type":"","background-media":"","overlay-type":"","overlay-color":"","overlay-opacity":"","overlay-gradient":""},"mobile":{"background-color":"var(--ast-global-color-5)","background-image":"","background-repeat":"repeat","background-position":"center center","background-size":"auto","background-attachment":"scroll","background-type":"","background-media":"","overlay-type":"","overlay-color":"","overlay-opacity":"","overlay-gradient":""}}},"product_brand":[],"product_cat":[1354,1457,1353],"product_tag":[1458,1356,1389,1397],"class_list":{"0":"post-65275","1":"product","2":"type-product","3":"status-publish","4":"has-post-thumbnail","6":"product_cat-courte-piste","7":"product_cat-lames-et-pieces-patinage-de-vitesse-courte-piste","8":"product_cat-patinage-de-vitesse","9":"product_tag-bont-gt3-fr","10":"product_tag-courte-piste-fr","11":"product_tag-lames-bont-fr","12":"product_tag-lames-de-st","13":"desktop-align-center","14":"tablet-align-center","15":"mobile-align-center","16":"ast-product-gallery-layout-horizontal","17":"ast-product-single-variable","18":"ast-product-tabs-layout-horizontal","19":"ast-qv-on-image","21":"first","22":"instock","23":"sale","24":"taxable","25":"shipping-taxable","26":"purchasable","27":"product-type-variable"},"bundled_by":[],"bundle_stock_status":"instock","bundle_stock_quantity":null,"bundle_virtual":false,"bundle_layout":"","bundle_add_to_cart_form_location":"","bundle_editable_in_cart":false,"bundle_sold_individually_context":"","bundle_item_grouping":"","bundle_min_size":"","bundle_max_size":"","bundle_price":[],"bundled_items":[],"bundle_sell_ids":[],"yoast_head":"<!-- This site is optimized with the Yoast SEO plugin v27.4 - https:\/\/yoast.com\/product\/yoast-seo-wordpress\/ -->\n<title>Lames BONT GT3 - Xact Skate Shop.<\/title>\n<meta name=\"description\" content=\"Lames BONT GT3. La GT3 est fabriqu\u00e9 avec le meilleur acier \u00e0 couteau japonais. Elle b\u00e9n\u00e9ficie \u00e9galement de recherche et d\u00e9veloppement de la lame Platinum.\" \/>\n<meta name=\"robots\" content=\"index, follow, max-snippet:-1, max-image-preview:large, max-video-preview:-1\" \/>\n<link rel=\"canonical\" href=\"https:\/\/xactskateshop.com\/fr\/produit\/lames-bont-gt3\/\" \/>\n<meta property=\"og:locale\" content=\"fr_FR\" \/>\n<meta property=\"og:type\" content=\"article\" \/>\n<meta property=\"og:title\" content=\"Lames BONT GT3 - Xact Skate Shop.\" \/>\n<meta property=\"og:description\" content=\"Lames BONT GT3. La GT3 est fabriqu\u00e9 avec le meilleur acier \u00e0 couteau japonais. Elle b\u00e9n\u00e9ficie \u00e9galement de recherche et d\u00e9veloppement de la lame Platinum.\" \/>\n<meta property=\"og:url\" content=\"https:\/\/xactskateshop.com\/fr\/produit\/lames-bont-gt3\/\" \/>\n<meta property=\"og:site_name\" content=\"Xact Skate Shop\" \/>\n<meta property=\"article:publisher\" content=\"https:\/\/www.facebook.com\/JeanLouiskateshop\" \/>\n<meta property=\"article:modified_time\" content=\"2026-03-19T19:27:17+00:00\" \/>\n<meta property=\"og:image\" content=\"https:\/\/xactskateshop.com\/wp-content\/uploads\/2020\/09\/ST-GT3-2.jpg\" \/>\n\t<meta property=\"og:image:width\" content=\"1000\" \/>\n\t<meta property=\"og:image:height\" content=\"1000\" \/>\n\t<meta property=\"og:image:type\" content=\"image\/jpeg\" \/>\n<meta name=\"twitter:card\" content=\"summary_large_image\" \/>\n<meta name=\"twitter:label1\" content=\"Dur\u00e9e de lecture estim\u00e9e\" \/>\n\t<meta name=\"twitter:data1\" content=\"3 minutes\" \/>\n<script type=\"application\/ld+json\" class=\"yoast-schema-graph\">{\"@context\":\"https:\\\/\\\/schema.org\",\"@graph\":[{\"@type\":\"WebPage\",\"@id\":\"https:\\\/\\\/xactskateshop.com\\\/fr\\\/produit\\\/lames-bont-gt3\\\/\",\"url\":\"https:\\\/\\\/xactskateshop.com\\\/fr\\\/produit\\\/lames-bont-gt3\\\/\",\"name\":\"Lames BONT GT3 - Xact Skate Shop.\",\"isPartOf\":{\"@id\":\"http:\\\/\\\/xactskateshop.com\\\/fr\\\/#website\"},\"primaryImageOfPage\":{\"@id\":\"https:\\\/\\\/xactskateshop.com\\\/fr\\\/produit\\\/lames-bont-gt3\\\/#primaryimage\"},\"image\":{\"@id\":\"https:\\\/\\\/xactskateshop.com\\\/fr\\\/produit\\\/lames-bont-gt3\\\/#primaryimage\"},\"thumbnailUrl\":\"https:\\\/\\\/xactskateshop.com\\\/wp-content\\\/uploads\\\/2020\\\/09\\\/ST-GT3-2.jpg\",\"datePublished\":\"2020-09-24T16:15:58+00:00\",\"dateModified\":\"2026-03-19T19:27:17+00:00\",\"description\":\"Lames BONT GT3. La GT3 est fabriqu\u00e9 avec le meilleur acier \u00e0 couteau japonais. Elle b\u00e9n\u00e9ficie \u00e9galement de recherche et d\u00e9veloppement de la lame Platinum.\",\"breadcrumb\":{\"@id\":\"https:\\\/\\\/xactskateshop.com\\\/fr\\\/produit\\\/lames-bont-gt3\\\/#breadcrumb\"},\"inLanguage\":\"fr-FR\",\"potentialAction\":[{\"@type\":\"ReadAction\",\"target\":[\"https:\\\/\\\/xactskateshop.com\\\/fr\\\/produit\\\/lames-bont-gt3\\\/\"]}]},{\"@type\":\"ImageObject\",\"inLanguage\":\"fr-FR\",\"@id\":\"https:\\\/\\\/xactskateshop.com\\\/fr\\\/produit\\\/lames-bont-gt3\\\/#primaryimage\",\"url\":\"https:\\\/\\\/xactskateshop.com\\\/wp-content\\\/uploads\\\/2020\\\/09\\\/ST-GT3-2.jpg\",\"contentUrl\":\"https:\\\/\\\/xactskateshop.com\\\/wp-content\\\/uploads\\\/2020\\\/09\\\/ST-GT3-2.jpg\",\"width\":1000,\"height\":1000,\"caption\":\"Lames BONT GT3\"},{\"@type\":\"BreadcrumbList\",\"@id\":\"https:\\\/\\\/xactskateshop.com\\\/fr\\\/produit\\\/lames-bont-gt3\\\/#breadcrumb\",\"itemListElement\":[{\"@type\":\"ListItem\",\"position\":1,\"name\":\"Home\",\"item\":\"https:\\\/\\\/xactskateshop.com\\\/fr\\\/accueil\\\/\"},{\"@type\":\"ListItem\",\"position\":2,\"name\":\"Boutique\",\"item\":\"https:\\\/\\\/xactskateshop.com\\\/shop\\\/\"},{\"@type\":\"ListItem\",\"position\":3,\"name\":\"Lames BONT GT3\"}]},{\"@type\":\"WebSite\",\"@id\":\"http:\\\/\\\/xactskateshop.com\\\/fr\\\/#website\",\"url\":\"http:\\\/\\\/xactskateshop.com\\\/fr\\\/\",\"name\":\"Xact Skate Shop\",\"description\":\"Un site utilisant WordPress\",\"publisher\":{\"@id\":\"http:\\\/\\\/xactskateshop.com\\\/fr\\\/#organization\"},\"potentialAction\":[{\"@type\":\"SearchAction\",\"target\":{\"@type\":\"EntryPoint\",\"urlTemplate\":\"http:\\\/\\\/xactskateshop.com\\\/fr\\\/?s={search_term_string}\"},\"query-input\":{\"@type\":\"PropertyValueSpecification\",\"valueRequired\":true,\"valueName\":\"search_term_string\"}}],\"inLanguage\":\"fr-FR\"},{\"@type\":\"Organization\",\"@id\":\"http:\\\/\\\/xactskateshop.com\\\/fr\\\/#organization\",\"name\":\"XACT Skate Shop\",\"url\":\"http:\\\/\\\/xactskateshop.com\\\/fr\\\/\",\"logo\":{\"@type\":\"ImageObject\",\"inLanguage\":\"fr-FR\",\"@id\":\"http:\\\/\\\/xactskateshop.com\\\/fr\\\/#\\\/schema\\\/logo\\\/image\\\/\",\"url\":\"http:\\\/\\\/xactskateshop.com\\\/wp-content\\\/uploads\\\/2024\\\/04\\\/xactskateshop-dot-com-avec-contour-noir-sans-fond-675x.jpg\",\"contentUrl\":\"http:\\\/\\\/xactskateshop.com\\\/wp-content\\\/uploads\\\/2024\\\/04\\\/xactskateshop-dot-com-avec-contour-noir-sans-fond-675x.jpg\",\"width\":675,\"height\":247,\"caption\":\"XACT Skate Shop\"},\"image\":{\"@id\":\"http:\\\/\\\/xactskateshop.com\\\/fr\\\/#\\\/schema\\\/logo\\\/image\\\/\"},\"sameAs\":[\"https:\\\/\\\/www.facebook.com\\\/JeanLouiskateshop\"]}]}<\/script>\n<!-- \/ Yoast SEO plugin. -->","yoast_head_json":{"title":"Lames BONT GT3 - Xact Skate Shop.","description":"Lames BONT GT3. La GT3 est fabriqu\u00e9 avec le meilleur acier \u00e0 couteau japonais. Elle b\u00e9n\u00e9ficie \u00e9galement de recherche et d\u00e9veloppement de la lame Platinum.","robots":{"index":"index","follow":"follow","max-snippet":"max-snippet:-1","max-image-preview":"max-image-preview:large","max-video-preview":"max-video-preview:-1"},"canonical":"https:\/\/xactskateshop.com\/fr\/produit\/lames-bont-gt3\/","og_locale":"fr_FR","og_type":"article","og_title":"Lames BONT GT3 - Xact Skate Shop.","og_description":"Lames BONT GT3. La GT3 est fabriqu\u00e9 avec le meilleur acier \u00e0 couteau japonais. Elle b\u00e9n\u00e9ficie \u00e9galement de recherche et d\u00e9veloppement de la lame Platinum.","og_url":"https:\/\/xactskateshop.com\/fr\/produit\/lames-bont-gt3\/","og_site_name":"Xact Skate Shop","article_publisher":"https:\/\/www.facebook.com\/JeanLouiskateshop","article_modified_time":"2026-03-19T19:27:17+00:00","og_image":[{"width":1000,"height":1000,"url":"https:\/\/xactskateshop.com\/wp-content\/uploads\/2020\/09\/ST-GT3-2.jpg","type":"image\/jpeg"}],"twitter_card":"summary_large_image","twitter_misc":{"Dur\u00e9e de lecture estim\u00e9e":"3 minutes"},"schema":{"@context":"https:\/\/schema.org","@graph":[{"@type":"WebPage","@id":"https:\/\/xactskateshop.com\/fr\/produit\/lames-bont-gt3\/","url":"https:\/\/xactskateshop.com\/fr\/produit\/lames-bont-gt3\/","name":"Lames BONT GT3 - Xact Skate Shop.","isPartOf":{"@id":"http:\/\/xactskateshop.com\/fr\/#website"},"primaryImageOfPage":{"@id":"https:\/\/xactskateshop.com\/fr\/produit\/lames-bont-gt3\/#primaryimage"},"image":{"@id":"https:\/\/xactskateshop.com\/fr\/produit\/lames-bont-gt3\/#primaryimage"},"thumbnailUrl":"https:\/\/xactskateshop.com\/wp-content\/uploads\/2020\/09\/ST-GT3-2.jpg","datePublished":"2020-09-24T16:15:58+00:00","dateModified":"2026-03-19T19:27:17+00:00","description":"Lames BONT GT3. La GT3 est fabriqu\u00e9 avec le meilleur acier \u00e0 couteau japonais. Elle b\u00e9n\u00e9ficie \u00e9galement de recherche et d\u00e9veloppement de la lame Platinum.","breadcrumb":{"@id":"https:\/\/xactskateshop.com\/fr\/produit\/lames-bont-gt3\/#breadcrumb"},"inLanguage":"fr-FR","potentialAction":[{"@type":"ReadAction","target":["https:\/\/xactskateshop.com\/fr\/produit\/lames-bont-gt3\/"]}]},{"@type":"ImageObject","inLanguage":"fr-FR","@id":"https:\/\/xactskateshop.com\/fr\/produit\/lames-bont-gt3\/#primaryimage","url":"https:\/\/xactskateshop.com\/wp-content\/uploads\/2020\/09\/ST-GT3-2.jpg","contentUrl":"https:\/\/xactskateshop.com\/wp-content\/uploads\/2020\/09\/ST-GT3-2.jpg","width":1000,"height":1000,"caption":"Lames BONT GT3"},{"@type":"BreadcrumbList","@id":"https:\/\/xactskateshop.com\/fr\/produit\/lames-bont-gt3\/#breadcrumb","itemListElement":[{"@type":"ListItem","position":1,"name":"Home","item":"https:\/\/xactskateshop.com\/fr\/accueil\/"},{"@type":"ListItem","position":2,"name":"Boutique","item":"https:\/\/xactskateshop.com\/shop\/"},{"@type":"ListItem","position":3,"name":"Lames BONT GT3"}]},{"@type":"WebSite","@id":"http:\/\/xactskateshop.com\/fr\/#website","url":"http:\/\/xactskateshop.com\/fr\/","name":"Xact Skate Shop","description":"Un site utilisant WordPress","publisher":{"@id":"http:\/\/xactskateshop.com\/fr\/#organization"},"potentialAction":[{"@type":"SearchAction","target":{"@type":"EntryPoint","urlTemplate":"http:\/\/xactskateshop.com\/fr\/?s={search_term_string}"},"query-input":{"@type":"PropertyValueSpecification","valueRequired":true,"valueName":"search_term_string"}}],"inLanguage":"fr-FR"},{"@type":"Organization","@id":"http:\/\/xactskateshop.com\/fr\/#organization","name":"XACT Skate Shop","url":"http:\/\/xactskateshop.com\/fr\/","logo":{"@type":"ImageObject","inLanguage":"fr-FR","@id":"http:\/\/xactskateshop.com\/fr\/#\/schema\/logo\/image\/","url":"http:\/\/xactskateshop.com\/wp-content\/uploads\/2024\/04\/xactskateshop-dot-com-avec-contour-noir-sans-fond-675x.jpg","contentUrl":"http:\/\/xactskateshop.com\/wp-content\/uploads\/2024\/04\/xactskateshop-dot-com-avec-contour-noir-sans-fond-675x.jpg","width":675,"height":247,"caption":"XACT Skate Shop"},"image":{"@id":"http:\/\/xactskateshop.com\/fr\/#\/schema\/logo\/image\/"},"sameAs":["https:\/\/www.facebook.com\/JeanLouiskateshop"]}]}},"_links":{"self":[{"href":"https:\/\/xactskateshop.com\/fr\/wp-json\/wp\/v2\/product\/65275","targetHints":{"allow":["GET"]}}],"collection":[{"href":"https:\/\/xactskateshop.com\/fr\/wp-json\/wp\/v2\/product"}],"about":[{"href":"https:\/\/xactskateshop.com\/fr\/wp-json\/wp\/v2\/types\/product"}],"replies":[{"embeddable":true,"href":"https:\/\/xactskateshop.com\/fr\/wp-json\/wp\/v2\/comments?post=65275"}],"wp:featuredmedia":[{"embeddable":true,"href":"https:\/\/xactskateshop.com\/fr\/wp-json\/wp\/v2\/media\/27729"}],"wp:attachment":[{"href":"https:\/\/xactskateshop.com\/fr\/wp-json\/wp\/v2\/media?parent=65275"}],"wp:term":[{"taxonomy":"product_brand","embeddable":true,"href":"https:\/\/xactskateshop.com\/fr\/wp-json\/wp\/v2\/product_brand?post=65275"},{"taxonomy":"product_cat","embeddable":true,"href":"https:\/\/xactskateshop.com\/fr\/wp-json\/wp\/v2\/product_cat?post=65275"},{"taxonomy":"product_tag","embeddable":true,"href":"https:\/\/xactskateshop.com\/fr\/wp-json\/wp\/v2\/product_tag?post=65275"}],"curies":[{"name":"wp","href":"https:\/\/api.w.org\/{rel}","templated":true}]}}