{"id":65125,"date":"2020-09-24T17:43:47","date_gmt":"2020-09-24T21:43:47","guid":{"rendered":"http:\/\/xactskateshop.com\/product\/bont-vaypor-x-lt\/"},"modified":"2020-09-24T17:43:47","modified_gmt":"2020-09-24T21:43:47","slug":"bont-vaypor-x-lt","status":"publish","type":"product","link":"https:\/\/xactskateshop.com\/fr\/produit\/bont-vaypor-x-lt\/","title":{"rendered":"BONT Vaypor X LT"},"content":{"rendered":"<h2>BONT Vaypor X LT<\/h2>\n<p>*** Pour les bottes qui ne sont pas en stock, le d\u00e9lai de livraison est de 4 \u00e0 6 semaines ***<\/p>\n<p>La BONT Vaypor X LT est fabriqu\u00e9e \u00e0 partir de 100% de fibre de carbone, y compris du carbone unidirectionnel, et poss\u00e8de une tige en durolite. Il est extr\u00eamement l\u00e9ger et confortable. Disponible dans de nombreuses options de couleurs, envoyez-nous un courriel pour obtenir une liste compl\u00e8te.<\/p>\n<p>Le Vaypor est fabriqu\u00e9 sur commande et n&#8217;est pas tenu en stock. Le d\u00e9lai de production habituel est de 3 \u00e0 6 semaines.<\/p>\n<p>*Notez que nous fabriquons cette botte avec une s\u00e9paration Euro. Cela signifie que la s\u00e9paration du montage de la lame d\u00e9pendra de la taille de la botte que vous commandez. <\/p>\n<h3><strong>Caract\u00e9ristiques du Vaypor X LT<\/strong><\/h3>\n<ul>\n<li><strong>Base :<\/strong> 100% carbone avec carbone uni directionnel et finition mate<\/li>\n<li><strong>Rev\u00eatement ext\u00e9rieur :<\/strong> Durolite<\/li>\n<li><strong>Doublure :<\/strong> Daim-L<\/li>\n<li><strong>Pas :<\/strong> 12mm<\/li>\n<li><strong>Semelle int\u00e9rieure :<\/strong> Cuir<\/li>\n<li><strong>Thermoformable :<\/strong> Base enti\u00e8rement thermoformable utilisant une r\u00e9sine \u00e9poxy thermodurcissable.<\/li>\n<li><strong>Rembourrage :<\/strong> Mousse \u00e0 m\u00e9moire de forme haute densit\u00e9<\/li>\n<li><strong>Options de fermeture<\/strong>: Lacets et fermeture \u00e0 glissi\u00e8re<\/li>\n<li><strong>Options d&#8217;ajustement :<\/strong> Standard, \u00e9troite et large<\/li>\n<li><strong>Nous pouvons fabriquer cette botte sur mesure moyennant un co\u00fbt suppl\u00e9mentaire.<\/strong><\/li>\n<li>*****EURO SEPARATION*****<\/li>\n<\/ul>\n<h3>Technologie &#8211; Fibre de carbone<\/h3>\n<p>Vous \u00eates-vous d\u00e9j\u00e0 demand\u00e9 ce qu&#8217;\u00e9tait la fibre de carbone ? Par exemple, s&#8217;agit-il de fibre de carbone ou de fibre de carbone ? Pour clarifier, Fibre et Fibre ont la m\u00eame signification. Fibre est l&#8217;orthographe anglaise britannique, tandis que Fiber est l&#8217;orthographe anglaise am\u00e9ricaine.<br \/>\nLa fibre de carbone est un mat\u00e9riau r\u00e9volutionnaire. Elle est aussi r\u00e9sistante que l&#8217;acier pour une fraction de son poids.<br \/>\nLa fibre de carbone est principalement constitu\u00e9e d&#8217;atomes de carbone li\u00e9s. Par exemple, l&#8217;axe long des fibres est constitu\u00e9 de particules qui ont \u00e9t\u00e9 coll\u00e9es ensemble et align\u00e9es. Ensuite, un fil est cr\u00e9\u00e9 en tordant plusieurs milliers de fils ensemble. Enfin, une pi\u00e8ce de tissu est tiss\u00e9e \u00e0 partir du fil.<br \/>\nChez Bont, nous produisons des bottes \u00e0 base de carbone depuis 1989. Avant tout, et surtout, nous nous approvisionnons en carbone exclusivement aupr\u00e8s du premier fabricant mondial de carbone, le Japonais Toray.        <\/p>\n<h3>Technologie &#8211; Durolite<\/h3>\n<p>Le Durolite est un mat\u00e9riau extr\u00eamement durable et l\u00e9ger qui peut r\u00e9sister \u00e0 des chocs mineurs sans se rayer. De plus, Durolite est disponible dans une grande vari\u00e9t\u00e9 de couleurs et trois types de finitions : mate, brillante et m\u00e9tallique. Enfin, Durolite est l&#8217;un des produits Bont Vegan.  <\/p>\n<p>&nbsp;<\/p>\n<p><span style=\"font-size: 16px; font-style: normal; font-weight: 400;\">Vous pouvez \u00e9galement les obtenir <\/span><a style=\"font-size: 16px; font-style: normal; font-weight: 400; background-color: #ffffff; transition-property: all;\" href=\"https:\/\/bont.ca\/products\/long-track-vaypor-x-boot?_pos=1&amp;_psq=vaypor-x&amp;_ss=e&amp;_v=1.0\">ici !<\/a><\/p>\n","protected":false},"excerpt":{"rendered":"<p>&nbsp;<\/p>\n<hr>\n<h5 style=\"text-align: center;\"><strong>*** Veuillez nous contacter \u00e0 l&#8217;adresse info@xactskateshop.com pour conna\u00eetre la disponibilit\u00e9 de la taille avant de passer commande***.<\/strong><\/h5>\n<hr>\n<p style=\"text-align: center;\">La Vaypor longue piste de Bont est fabriqu\u00e9e \u00e0 100 % en fibre de carbone, y compris du carbone unidirectionnel, et poss\u00e8de une tige en durolite. Il est extr\u00eamement l\u00e9ger et confortable. Disponible dans de nombreuses options de couleurs, envoyez-nous un courriel pour obtenir une liste compl\u00e8te.<\/p>\n<p style=\"text-align: center;\">Le Vaypor est fabriqu\u00e9 sur commande et n&#8217;est pas tenu en stock. Le d\u00e9lai de production habituel est de 3 \u00e0 6 semaines.<\/p>\n<p style=\"text-align: center;\">*Remarque : nous fabriquons cette botte avec une s\u00e9paration Euro. Cela signifie que la s\u00e9paration du montage de la lame d\u00e9pendra de la taille de la botte que vous commandez. <\/p>\n<hr>\n<h5 style=\"text-align: center;\"><span style=\"color: #ff0000;\"><strong>** Pour les bottes qui ne sont pas en stock, le d\u00e9lai de livraison est de 4 \u00e0 6 semaines.<\/strong><\/span><\/h5>\n<hr>\n<p style=\"text-align: center;\">\n","protected":false},"featured_media":27785,"comment_status":"open","ping_status":"closed","template":"","meta":{"site-sidebar-layout":"default","site-content-layout":"default","ast-site-content-layout":"default","site-content-style":"default","site-sidebar-style":"default","ast-global-header-display":"","ast-banner-title-visibility":"","ast-main-header-display":"","ast-hfb-above-header-display":"","ast-hfb-below-header-display":"","ast-hfb-mobile-header-display":"","site-post-title":"","ast-breadcrumbs-content":"","ast-featured-img":"","footer-sml-layout":"","theme-transparent-header-meta":"default","adv-header-id-meta":"","stick-header-meta":"","header-above-stick-meta":"","header-main-stick-meta":"","header-below-stick-meta":"","astra-migrate-meta-layouts":"default","ast-page-background-enabled":"default","ast-page-background-meta":{"desktop":{"background-color":"","background-image":"","background-repeat":"repeat","background-position":"center center","background-size":"auto","background-attachment":"scroll","background-type":"","background-media":"","overlay-type":"","overlay-color":"","overlay-opacity":"","overlay-gradient":""},"tablet":{"background-color":"","background-image":"","background-repeat":"repeat","background-position":"center center","background-size":"auto","background-attachment":"scroll","background-type":"","background-media":"","overlay-type":"","overlay-color":"","overlay-opacity":"","overlay-gradient":""},"mobile":{"background-color":"","background-image":"","background-repeat":"repeat","background-position":"center center","background-size":"auto","background-attachment":"scroll","background-type":"","background-media":"","overlay-type":"","overlay-color":"","overlay-opacity":"","overlay-gradient":""}},"ast-content-background-meta":{"desktop":{"background-color":"var(--ast-global-color-5)","background-image":"","background-repeat":"repeat","background-position":"center center","background-size":"auto","background-attachment":"scroll","background-type":"","background-media":"","overlay-type":"","overlay-color":"","overlay-opacity":"","overlay-gradient":""},"tablet":{"background-color":"var(--ast-global-color-5)","background-image":"","background-repeat":"repeat","background-position":"center center","background-size":"auto","background-attachment":"scroll","background-type":"","background-media":"","overlay-type":"","overlay-color":"","overlay-opacity":"","overlay-gradient":""},"mobile":{"background-color":"var(--ast-global-color-5)","background-image":"","background-repeat":"repeat","background-position":"center center","background-size":"auto","background-attachment":"scroll","background-type":"","background-media":"","overlay-type":"","overlay-color":"","overlay-opacity":"","overlay-gradient":""}}},"product_brand":[],"product_cat":[1462,1431,1353],"product_tag":[1464],"class_list":{"0":"post-65125","1":"product","2":"type-product","3":"status-publish","4":"has-post-thumbnail","6":"product_cat-bottines-longue-piste","7":"product_cat-longue-piste","8":"product_cat-patinage-de-vitesse","9":"product_tag-voie-longue","10":"desktop-align-center","11":"tablet-align-center","12":"mobile-align-center","13":"ast-product-gallery-layout-horizontal","14":"ast-product-single-variable","15":"ast-product-tabs-layout-horizontal","16":"ast-qv-on-image","18":"first","19":"onbackorder","20":"sale","21":"taxable","22":"shipping-taxable","23":"purchasable","24":"product-type-variable"},"bundled_by":[],"bundle_stock_status":"onbackorder","bundle_stock_quantity":null,"bundle_virtual":false,"bundle_layout":"","bundle_add_to_cart_form_location":"","bundle_editable_in_cart":false,"bundle_sold_individually_context":"","bundle_item_grouping":"","bundle_min_size":"","bundle_max_size":"","bundle_price":[],"bundled_items":[],"bundle_sell_ids":[],"yoast_head":"<!-- This site is optimized with the Yoast SEO plugin v27.4 - https:\/\/yoast.com\/product\/yoast-seo-wordpress\/ -->\n<title>BONT Vaypor X LT - %.<\/title>\n<meta name=\"description\" content=\"BONT Vaypor X LT. La chaussure de patinage de vitesse longue piste Vaypor X de Bont est fabriqu\u00e9e \u00e0 100 % en carbone unidirectionnel et poss\u00e8de une tige en durolite.\" \/>\n<meta name=\"robots\" content=\"index, follow, max-snippet:-1, max-image-preview:large, max-video-preview:-1\" \/>\n<link rel=\"canonical\" href=\"https:\/\/xactskateshop.com\/fr\/produit\/bont-vaypor-x-lt\/\" \/>\n<meta property=\"og:locale\" content=\"fr_FR\" \/>\n<meta property=\"og:type\" content=\"article\" \/>\n<meta property=\"og:title\" content=\"BONT Vaypor X LT - %.\" \/>\n<meta property=\"og:description\" content=\"BONT Vaypor X LT. La chaussure de patinage de vitesse longue piste Vaypor X de Bont est fabriqu\u00e9e \u00e0 100 % en carbone unidirectionnel et poss\u00e8de une tige en durolite.\" \/>\n<meta property=\"og:url\" content=\"https:\/\/xactskateshop.com\/fr\/produit\/bont-vaypor-x-lt\/\" \/>\n<meta property=\"og:site_name\" content=\"Xact Skate Shop\" \/>\n<meta property=\"article:publisher\" content=\"https:\/\/www.facebook.com\/JeanLouiskateshop\" \/>\n<meta property=\"og:image\" content=\"https:\/\/xactskateshop.com\/wp-content\/uploads\/2020\/09\/LT-Vaypor-X-White.jpg\" \/>\n\t<meta property=\"og:image:width\" content=\"1000\" \/>\n\t<meta property=\"og:image:height\" content=\"1000\" \/>\n\t<meta property=\"og:image:type\" content=\"image\/jpeg\" \/>\n<meta name=\"twitter:card\" content=\"summary_large_image\" \/>\n<meta name=\"twitter:label1\" content=\"Dur\u00e9e de lecture estim\u00e9e\" \/>\n\t<meta name=\"twitter:data1\" content=\"2 minutes\" \/>\n<script type=\"application\/ld+json\" class=\"yoast-schema-graph\">{\"@context\":\"https:\\\/\\\/schema.org\",\"@graph\":[{\"@type\":\"WebPage\",\"@id\":\"https:\\\/\\\/xactskateshop.com\\\/fr\\\/produit\\\/bont-vaypor-x-lt\\\/\",\"url\":\"https:\\\/\\\/xactskateshop.com\\\/fr\\\/produit\\\/bont-vaypor-x-lt\\\/\",\"name\":\"BONT Vaypor X LT - %.\",\"isPartOf\":{\"@id\":\"http:\\\/\\\/xactskateshop.com\\\/fr\\\/#website\"},\"primaryImageOfPage\":{\"@id\":\"https:\\\/\\\/xactskateshop.com\\\/fr\\\/produit\\\/bont-vaypor-x-lt\\\/#primaryimage\"},\"image\":{\"@id\":\"https:\\\/\\\/xactskateshop.com\\\/fr\\\/produit\\\/bont-vaypor-x-lt\\\/#primaryimage\"},\"thumbnailUrl\":\"https:\\\/\\\/xactskateshop.com\\\/wp-content\\\/uploads\\\/2020\\\/09\\\/LT-Vaypor-X-White.jpg\",\"datePublished\":\"2020-09-24T21:43:47+00:00\",\"description\":\"BONT Vaypor X LT. La chaussure de patinage de vitesse longue piste Vaypor X de Bont est fabriqu\u00e9e \u00e0 100 % en carbone unidirectionnel et poss\u00e8de une tige en durolite.\",\"breadcrumb\":{\"@id\":\"https:\\\/\\\/xactskateshop.com\\\/fr\\\/produit\\\/bont-vaypor-x-lt\\\/#breadcrumb\"},\"inLanguage\":\"fr-FR\",\"potentialAction\":[{\"@type\":\"ReadAction\",\"target\":[\"https:\\\/\\\/xactskateshop.com\\\/fr\\\/produit\\\/bont-vaypor-x-lt\\\/\"]}]},{\"@type\":\"ImageObject\",\"inLanguage\":\"fr-FR\",\"@id\":\"https:\\\/\\\/xactskateshop.com\\\/fr\\\/produit\\\/bont-vaypor-x-lt\\\/#primaryimage\",\"url\":\"https:\\\/\\\/xactskateshop.com\\\/wp-content\\\/uploads\\\/2020\\\/09\\\/LT-Vaypor-X-White.jpg\",\"contentUrl\":\"https:\\\/\\\/xactskateshop.com\\\/wp-content\\\/uploads\\\/2020\\\/09\\\/LT-Vaypor-X-White.jpg\",\"width\":1000,\"height\":1000},{\"@type\":\"BreadcrumbList\",\"@id\":\"https:\\\/\\\/xactskateshop.com\\\/fr\\\/produit\\\/bont-vaypor-x-lt\\\/#breadcrumb\",\"itemListElement\":[{\"@type\":\"ListItem\",\"position\":1,\"name\":\"Home\",\"item\":\"https:\\\/\\\/xactskateshop.com\\\/fr\\\/accueil\\\/\"},{\"@type\":\"ListItem\",\"position\":2,\"name\":\"Boutique\",\"item\":\"https:\\\/\\\/xactskateshop.com\\\/shop\\\/\"},{\"@type\":\"ListItem\",\"position\":3,\"name\":\"BONT Vaypor X LT\"}]},{\"@type\":\"WebSite\",\"@id\":\"http:\\\/\\\/xactskateshop.com\\\/fr\\\/#website\",\"url\":\"http:\\\/\\\/xactskateshop.com\\\/fr\\\/\",\"name\":\"Xact Skate Shop\",\"description\":\"Un site utilisant WordPress\",\"publisher\":{\"@id\":\"http:\\\/\\\/xactskateshop.com\\\/fr\\\/#organization\"},\"potentialAction\":[{\"@type\":\"SearchAction\",\"target\":{\"@type\":\"EntryPoint\",\"urlTemplate\":\"http:\\\/\\\/xactskateshop.com\\\/fr\\\/?s={search_term_string}\"},\"query-input\":{\"@type\":\"PropertyValueSpecification\",\"valueRequired\":true,\"valueName\":\"search_term_string\"}}],\"inLanguage\":\"fr-FR\"},{\"@type\":\"Organization\",\"@id\":\"http:\\\/\\\/xactskateshop.com\\\/fr\\\/#organization\",\"name\":\"XACT Skate Shop\",\"url\":\"http:\\\/\\\/xactskateshop.com\\\/fr\\\/\",\"logo\":{\"@type\":\"ImageObject\",\"inLanguage\":\"fr-FR\",\"@id\":\"http:\\\/\\\/xactskateshop.com\\\/fr\\\/#\\\/schema\\\/logo\\\/image\\\/\",\"url\":\"http:\\\/\\\/xactskateshop.com\\\/wp-content\\\/uploads\\\/2024\\\/04\\\/xactskateshop-dot-com-avec-contour-noir-sans-fond-675x.jpg\",\"contentUrl\":\"http:\\\/\\\/xactskateshop.com\\\/wp-content\\\/uploads\\\/2024\\\/04\\\/xactskateshop-dot-com-avec-contour-noir-sans-fond-675x.jpg\",\"width\":675,\"height\":247,\"caption\":\"XACT Skate Shop\"},\"image\":{\"@id\":\"http:\\\/\\\/xactskateshop.com\\\/fr\\\/#\\\/schema\\\/logo\\\/image\\\/\"},\"sameAs\":[\"https:\\\/\\\/www.facebook.com\\\/JeanLouiskateshop\"]}]}<\/script>\n<!-- \/ Yoast SEO plugin. -->","yoast_head_json":{"title":"BONT Vaypor X LT - %.","description":"BONT Vaypor X LT. La chaussure de patinage de vitesse longue piste Vaypor X de Bont est fabriqu\u00e9e \u00e0 100 % en carbone unidirectionnel et poss\u00e8de une tige en durolite.","robots":{"index":"index","follow":"follow","max-snippet":"max-snippet:-1","max-image-preview":"max-image-preview:large","max-video-preview":"max-video-preview:-1"},"canonical":"https:\/\/xactskateshop.com\/fr\/produit\/bont-vaypor-x-lt\/","og_locale":"fr_FR","og_type":"article","og_title":"BONT Vaypor X LT - %.","og_description":"BONT Vaypor X LT. La chaussure de patinage de vitesse longue piste Vaypor X de Bont est fabriqu\u00e9e \u00e0 100 % en carbone unidirectionnel et poss\u00e8de une tige en durolite.","og_url":"https:\/\/xactskateshop.com\/fr\/produit\/bont-vaypor-x-lt\/","og_site_name":"Xact Skate Shop","article_publisher":"https:\/\/www.facebook.com\/JeanLouiskateshop","og_image":[{"width":1000,"height":1000,"url":"https:\/\/xactskateshop.com\/wp-content\/uploads\/2020\/09\/LT-Vaypor-X-White.jpg","type":"image\/jpeg"}],"twitter_card":"summary_large_image","twitter_misc":{"Dur\u00e9e de lecture estim\u00e9e":"2 minutes"},"schema":{"@context":"https:\/\/schema.org","@graph":[{"@type":"WebPage","@id":"https:\/\/xactskateshop.com\/fr\/produit\/bont-vaypor-x-lt\/","url":"https:\/\/xactskateshop.com\/fr\/produit\/bont-vaypor-x-lt\/","name":"BONT Vaypor X LT - %.","isPartOf":{"@id":"http:\/\/xactskateshop.com\/fr\/#website"},"primaryImageOfPage":{"@id":"https:\/\/xactskateshop.com\/fr\/produit\/bont-vaypor-x-lt\/#primaryimage"},"image":{"@id":"https:\/\/xactskateshop.com\/fr\/produit\/bont-vaypor-x-lt\/#primaryimage"},"thumbnailUrl":"https:\/\/xactskateshop.com\/wp-content\/uploads\/2020\/09\/LT-Vaypor-X-White.jpg","datePublished":"2020-09-24T21:43:47+00:00","description":"BONT Vaypor X LT. La chaussure de patinage de vitesse longue piste Vaypor X de Bont est fabriqu\u00e9e \u00e0 100 % en carbone unidirectionnel et poss\u00e8de une tige en durolite.","breadcrumb":{"@id":"https:\/\/xactskateshop.com\/fr\/produit\/bont-vaypor-x-lt\/#breadcrumb"},"inLanguage":"fr-FR","potentialAction":[{"@type":"ReadAction","target":["https:\/\/xactskateshop.com\/fr\/produit\/bont-vaypor-x-lt\/"]}]},{"@type":"ImageObject","inLanguage":"fr-FR","@id":"https:\/\/xactskateshop.com\/fr\/produit\/bont-vaypor-x-lt\/#primaryimage","url":"https:\/\/xactskateshop.com\/wp-content\/uploads\/2020\/09\/LT-Vaypor-X-White.jpg","contentUrl":"https:\/\/xactskateshop.com\/wp-content\/uploads\/2020\/09\/LT-Vaypor-X-White.jpg","width":1000,"height":1000},{"@type":"BreadcrumbList","@id":"https:\/\/xactskateshop.com\/fr\/produit\/bont-vaypor-x-lt\/#breadcrumb","itemListElement":[{"@type":"ListItem","position":1,"name":"Home","item":"https:\/\/xactskateshop.com\/fr\/accueil\/"},{"@type":"ListItem","position":2,"name":"Boutique","item":"https:\/\/xactskateshop.com\/shop\/"},{"@type":"ListItem","position":3,"name":"BONT Vaypor X LT"}]},{"@type":"WebSite","@id":"http:\/\/xactskateshop.com\/fr\/#website","url":"http:\/\/xactskateshop.com\/fr\/","name":"Xact Skate Shop","description":"Un site utilisant WordPress","publisher":{"@id":"http:\/\/xactskateshop.com\/fr\/#organization"},"potentialAction":[{"@type":"SearchAction","target":{"@type":"EntryPoint","urlTemplate":"http:\/\/xactskateshop.com\/fr\/?s={search_term_string}"},"query-input":{"@type":"PropertyValueSpecification","valueRequired":true,"valueName":"search_term_string"}}],"inLanguage":"fr-FR"},{"@type":"Organization","@id":"http:\/\/xactskateshop.com\/fr\/#organization","name":"XACT Skate Shop","url":"http:\/\/xactskateshop.com\/fr\/","logo":{"@type":"ImageObject","inLanguage":"fr-FR","@id":"http:\/\/xactskateshop.com\/fr\/#\/schema\/logo\/image\/","url":"http:\/\/xactskateshop.com\/wp-content\/uploads\/2024\/04\/xactskateshop-dot-com-avec-contour-noir-sans-fond-675x.jpg","contentUrl":"http:\/\/xactskateshop.com\/wp-content\/uploads\/2024\/04\/xactskateshop-dot-com-avec-contour-noir-sans-fond-675x.jpg","width":675,"height":247,"caption":"XACT Skate Shop"},"image":{"@id":"http:\/\/xactskateshop.com\/fr\/#\/schema\/logo\/image\/"},"sameAs":["https:\/\/www.facebook.com\/JeanLouiskateshop"]}]}},"_links":{"self":[{"href":"https:\/\/xactskateshop.com\/fr\/wp-json\/wp\/v2\/product\/65125","targetHints":{"allow":["GET"]}}],"collection":[{"href":"https:\/\/xactskateshop.com\/fr\/wp-json\/wp\/v2\/product"}],"about":[{"href":"https:\/\/xactskateshop.com\/fr\/wp-json\/wp\/v2\/types\/product"}],"replies":[{"embeddable":true,"href":"https:\/\/xactskateshop.com\/fr\/wp-json\/wp\/v2\/comments?post=65125"}],"wp:featuredmedia":[{"embeddable":true,"href":"https:\/\/xactskateshop.com\/fr\/wp-json\/wp\/v2\/media\/27785"}],"wp:attachment":[{"href":"https:\/\/xactskateshop.com\/fr\/wp-json\/wp\/v2\/media?parent=65125"}],"wp:term":[{"taxonomy":"product_brand","embeddable":true,"href":"https:\/\/xactskateshop.com\/fr\/wp-json\/wp\/v2\/product_brand?post=65125"},{"taxonomy":"product_cat","embeddable":true,"href":"https:\/\/xactskateshop.com\/fr\/wp-json\/wp\/v2\/product_cat?post=65125"},{"taxonomy":"product_tag","embeddable":true,"href":"https:\/\/xactskateshop.com\/fr\/wp-json\/wp\/v2\/product_tag?post=65125"}],"curies":[{"name":"wp","href":"https:\/\/api.w.org\/{rel}","templated":true}]}}