{"id":65101,"date":"2020-09-26T15:17:28","date_gmt":"2020-09-26T19:17:28","guid":{"rendered":"http:\/\/xactskateshop.com\/product\/lames-bont-lt-red-clap\/"},"modified":"2020-09-26T15:17:28","modified_gmt":"2020-09-26T19:17:28","slug":"lames-bont-lt-red-clap","status":"publish","type":"product","link":"https:\/\/xactskateshop.com\/fr\/produit\/lames-bont-lt-red-clap\/","title":{"rendered":"Lames BONT LT Red Clap"},"content":{"rendered":"<h2>Lames BONT LT Red Clap<\/h2>\n<p>La lame BONT LT Red Clap est une lame d&#8217;entr\u00e9e de gamme pour les patineurs qui veulent essayer le patinage de vitesse sur longue piste et b\u00e9n\u00e9ficier du syst\u00e8me de clap. L&#8217;acier a \u00e9t\u00e9 tremp\u00e9 pour r\u00e9sister aux cassures dues aux chocs ou aux affrontements de lames. Parfait pour les nouveaux patineurs.<\/p>\n<h3><strong>Sp\u00e9cifications<\/strong><\/h3>\n<ul>\n<li><strong>Mat\u00e9riau du tube et de la coupelle :<\/strong> Aluminium 7005<\/li>\n<li><strong>Couleur :<\/strong> tube rouge \/ pont noir<\/li>\n<li><strong>Longueur :<\/strong> 14,5&#8243;, 15&#8243;, 15,5&#8243;, 16&#8243;, 16,5&#8243;, 17&#8243;, 17,5&#8243;.<\/li>\n<li><strong>Duret\u00e9 :<\/strong> 60~62<\/li>\n<\/ul>\n<h3>Technologie &#8211; Pr\u00e9-courb\u00e9<\/h3>\n<p class=\"txt\">Les tubes en aluminium n&#8217;aiment pas \u00eatre pli\u00e9s. Ils reviennent toujours en position droite. Pour r\u00e9soudre ce probl\u00e8me, nous avons deux solutions :<\/p>\n<ul class=\"ul_list\">\n<li>Nous fabriquons le tube en aluminium qui est plus susceptible de rester pli\u00e9 que les autres marques de lames.<\/li>\n<li>Nous avons d\u00e9coup\u00e9 la fente pour la lame d&#8217;acier dans le tube d&#8217;aluminium en le courbant l\u00e9g\u00e8rement. Le tube est droit mais la lame d&#8217;acier est d\u00e9j\u00e0 l\u00e9g\u00e8rement incurv\u00e9e. Cette courbe est l\u00e9g\u00e8re et vous devrez encore plier la lame pour obtenir la courbure optimale en fonction de votre rayon. Cependant, il vous suffit maintenant de plier le tube d&#8217;aluminium tr\u00e8s l\u00e9g\u00e8rement pour obtenir la courbure optimale. Cette faible flexion du tube n&#8217;est pas suffisante pour solliciter le tube et le r\u00e9sultat est une lame qui conserve sa courbure pendant une p\u00e9riode beaucoup plus longue. Certains patineurs n&#8217;auront jamais besoin de recourber leurs lames.<\/li>\n<\/ul>\n<h3 style=\"text-align: center;\">***N&#8217;OUBLIEZ PAS DE FAIRE FAIRE BERCEAU\/COURBURE*** :<\/h3>\n<h3 style=\"text-align: center;\"><span style=\"color: #ff0000;\"><a style=\"color: #ff0000;\" href=\"http:\/\/xactskateshop.com\/product\/short-track-blade-rockering\/\">BERCEAU<\/a> &#8211; <a style=\"color: #ff0000;\" href=\"http:\/\/xactskateshop.com\/product\/blade-bending\/\">COURBURE<\/a><\/span><\/h3>\n<p>&nbsp;<\/p>\n<p>Vous pouvez \u00e9galement l&#8217;acheter <a href=\"https:\/\/bont.com\/collections\/long-track-ice-speed-skates\/products\/long-track-clap-ice-blade\">ici<\/a><\/p>\n","protected":false},"excerpt":{"rendered":"<p>&nbsp;<\/p>\n<hr>\n<h4 style=\"text-align: center;\"><strong>**** Il s&#8217;agit d&#8217;un produit discontinu\u00e9****<\/strong><\/h4>\n<hr>\n<p style=\"text-align: center;\">La Bont LT clap est une lame clap d&#8217;entr\u00e9e de gamme pour les patineurs souhaitant s&#8217;essayer au patinage de vitesse sur longue piste et b\u00e9n\u00e9ficier du syst\u00e8me clap. L&#8217;acier a \u00e9t\u00e9 tremp\u00e9 pour r\u00e9sister aux cassures dues aux chocs ou aux affrontements de lames. Parfait pour les nouveaux patineurs.<\/p>\n<hr>\n<p>&nbsp;<\/p>\n","protected":false},"featured_media":27815,"comment_status":"open","ping_status":"closed","template":"","meta":{"site-sidebar-layout":"default","site-content-layout":"default","ast-site-content-layout":"default","site-content-style":"default","site-sidebar-style":"default","ast-global-header-display":"","ast-banner-title-visibility":"","ast-main-header-display":"","ast-hfb-above-header-display":"","ast-hfb-below-header-display":"","ast-hfb-mobile-header-display":"","site-post-title":"","ast-breadcrumbs-content":"","ast-featured-img":"","footer-sml-layout":"","theme-transparent-header-meta":"default","adv-header-id-meta":"","stick-header-meta":"","header-above-stick-meta":"","header-main-stick-meta":"","header-below-stick-meta":"","astra-migrate-meta-layouts":"default","ast-page-background-enabled":"default","ast-page-background-meta":{"desktop":{"background-color":"","background-image":"","background-repeat":"repeat","background-position":"center center","background-size":"auto","background-attachment":"scroll","background-type":"","background-media":"","overlay-type":"","overlay-color":"","overlay-opacity":"","overlay-gradient":""},"tablet":{"background-color":"","background-image":"","background-repeat":"repeat","background-position":"center center","background-size":"auto","background-attachment":"scroll","background-type":"","background-media":"","overlay-type":"","overlay-color":"","overlay-opacity":"","overlay-gradient":""},"mobile":{"background-color":"","background-image":"","background-repeat":"repeat","background-position":"center center","background-size":"auto","background-attachment":"scroll","background-type":"","background-media":"","overlay-type":"","overlay-color":"","overlay-opacity":"","overlay-gradient":""}},"ast-content-background-meta":{"desktop":{"background-color":"var(--ast-global-color-5)","background-image":"","background-repeat":"repeat","background-position":"center center","background-size":"auto","background-attachment":"scroll","background-type":"","background-media":"","overlay-type":"","overlay-color":"","overlay-opacity":"","overlay-gradient":""},"tablet":{"background-color":"var(--ast-global-color-5)","background-image":"","background-repeat":"repeat","background-position":"center center","background-size":"auto","background-attachment":"scroll","background-type":"","background-media":"","overlay-type":"","overlay-color":"","overlay-opacity":"","overlay-gradient":""},"mobile":{"background-color":"var(--ast-global-color-5)","background-image":"","background-repeat":"repeat","background-position":"center center","background-size":"auto","background-attachment":"scroll","background-type":"","background-media":"","overlay-type":"","overlay-color":"","overlay-opacity":"","overlay-gradient":""}}},"product_brand":[],"product_cat":[1626,1431,1353],"product_tag":[1356],"class_list":{"0":"post-65101","1":"product","2":"type-product","3":"status-publish","4":"has-post-thumbnail","6":"product_cat-lames-longue-piste","7":"product_cat-longue-piste","8":"product_cat-patinage-de-vitesse","9":"product_tag-courte-piste-fr","10":"desktop-align-center","11":"tablet-align-center","12":"mobile-align-center","13":"ast-product-gallery-layout-horizontal","14":"ast-product-gallery-with-no-image","15":"ast-product-single-variable","16":"ast-product-tabs-layout-horizontal","17":"ast-qv-on-image","19":"first","20":"instock","21":"taxable","22":"shipping-taxable","23":"purchasable","24":"product-type-variable"},"bundled_by":[],"bundle_stock_status":"instock","bundle_stock_quantity":null,"bundle_virtual":false,"bundle_layout":"","bundle_add_to_cart_form_location":"","bundle_editable_in_cart":false,"bundle_sold_individually_context":"","bundle_item_grouping":"","bundle_min_size":"","bundle_max_size":"","bundle_price":[],"bundled_items":[],"bundle_sell_ids":[],"yoast_head":"<!-- This site is optimized with the Yoast SEO plugin v27.4 - https:\/\/yoast.com\/product\/yoast-seo-wordpress\/ -->\n<title>BONT LT Red Clap Blades - Xact Skate Shop<\/title>\n<meta name=\"description\" content=\"Lames BONT LT Red Clap. La Bont LT clap est une lame clap d&#039;entr\u00e9e de gamme pour les patineurs souhaitant s&#039;essayer au patinage de vitesse sur longue piste et b\u00e9n\u00e9ficier du syst\u00e8me clap.\" \/>\n<meta name=\"robots\" content=\"index, follow, max-snippet:-1, max-image-preview:large, max-video-preview:-1\" \/>\n<link rel=\"canonical\" href=\"https:\/\/xactskateshop.com\/fr\/produit\/lames-bont-lt-red-clap\/\" \/>\n<meta property=\"og:locale\" content=\"fr_FR\" \/>\n<meta property=\"og:type\" content=\"article\" \/>\n<meta property=\"og:title\" content=\"BONT LT Red Clap Blades - Xact Skate Shop\" \/>\n<meta property=\"og:description\" content=\"Lames BONT LT Red Clap. La Bont LT clap est une lame clap d&#039;entr\u00e9e de gamme pour les patineurs souhaitant s&#039;essayer au patinage de vitesse sur longue piste et b\u00e9n\u00e9ficier du syst\u00e8me clap.\" \/>\n<meta property=\"og:url\" content=\"https:\/\/xactskateshop.com\/fr\/produit\/lames-bont-lt-red-clap\/\" \/>\n<meta property=\"og:site_name\" content=\"Xact Skate Shop\" \/>\n<meta property=\"article:publisher\" content=\"https:\/\/www.facebook.com\/JeanLouiskateshop\" \/>\n<meta property=\"og:image\" content=\"https:\/\/xactskateshop.com\/wp-content\/uploads\/2020\/09\/LT-Blade_Clap-Red.jpg\" \/>\n\t<meta property=\"og:image:width\" content=\"1000\" \/>\n\t<meta property=\"og:image:height\" content=\"1000\" \/>\n\t<meta property=\"og:image:type\" content=\"image\/jpeg\" \/>\n<meta name=\"twitter:card\" content=\"summary_large_image\" \/>\n<meta name=\"twitter:label1\" content=\"Dur\u00e9e de lecture estim\u00e9e\" \/>\n\t<meta name=\"twitter:data1\" content=\"1 minute\" \/>\n<script type=\"application\/ld+json\" class=\"yoast-schema-graph\">{\"@context\":\"https:\\\/\\\/schema.org\",\"@graph\":[{\"@type\":\"WebPage\",\"@id\":\"https:\\\/\\\/xactskateshop.com\\\/fr\\\/produit\\\/lames-bont-lt-red-clap\\\/\",\"url\":\"https:\\\/\\\/xactskateshop.com\\\/fr\\\/produit\\\/lames-bont-lt-red-clap\\\/\",\"name\":\"BONT LT Red Clap Blades - Xact Skate Shop\",\"isPartOf\":{\"@id\":\"http:\\\/\\\/xactskateshop.com\\\/fr\\\/#website\"},\"primaryImageOfPage\":{\"@id\":\"https:\\\/\\\/xactskateshop.com\\\/fr\\\/produit\\\/lames-bont-lt-red-clap\\\/#primaryimage\"},\"image\":{\"@id\":\"https:\\\/\\\/xactskateshop.com\\\/fr\\\/produit\\\/lames-bont-lt-red-clap\\\/#primaryimage\"},\"thumbnailUrl\":\"https:\\\/\\\/xactskateshop.com\\\/wp-content\\\/uploads\\\/2020\\\/09\\\/LT-Blade_Clap-Red.jpg\",\"datePublished\":\"2020-09-26T19:17:28+00:00\",\"description\":\"Lames BONT LT Red Clap. La Bont LT clap est une lame clap d'entr\u00e9e de gamme pour les patineurs souhaitant s'essayer au patinage de vitesse sur longue piste et b\u00e9n\u00e9ficier du syst\u00e8me clap.\",\"breadcrumb\":{\"@id\":\"https:\\\/\\\/xactskateshop.com\\\/fr\\\/produit\\\/lames-bont-lt-red-clap\\\/#breadcrumb\"},\"inLanguage\":\"fr-FR\",\"potentialAction\":[{\"@type\":\"ReadAction\",\"target\":[\"https:\\\/\\\/xactskateshop.com\\\/fr\\\/produit\\\/lames-bont-lt-red-clap\\\/\"]}]},{\"@type\":\"ImageObject\",\"inLanguage\":\"fr-FR\",\"@id\":\"https:\\\/\\\/xactskateshop.com\\\/fr\\\/produit\\\/lames-bont-lt-red-clap\\\/#primaryimage\",\"url\":\"https:\\\/\\\/xactskateshop.com\\\/wp-content\\\/uploads\\\/2020\\\/09\\\/LT-Blade_Clap-Red.jpg\",\"contentUrl\":\"https:\\\/\\\/xactskateshop.com\\\/wp-content\\\/uploads\\\/2020\\\/09\\\/LT-Blade_Clap-Red.jpg\",\"width\":1000,\"height\":1000,\"caption\":\"Bont clap blades red\"},{\"@type\":\"BreadcrumbList\",\"@id\":\"https:\\\/\\\/xactskateshop.com\\\/fr\\\/produit\\\/lames-bont-lt-red-clap\\\/#breadcrumb\",\"itemListElement\":[{\"@type\":\"ListItem\",\"position\":1,\"name\":\"Home\",\"item\":\"https:\\\/\\\/xactskateshop.com\\\/fr\\\/accueil\\\/\"},{\"@type\":\"ListItem\",\"position\":2,\"name\":\"Boutique\",\"item\":\"https:\\\/\\\/xactskateshop.com\\\/shop\\\/\"},{\"@type\":\"ListItem\",\"position\":3,\"name\":\"Lames BONT LT Red Clap\"}]},{\"@type\":\"WebSite\",\"@id\":\"http:\\\/\\\/xactskateshop.com\\\/fr\\\/#website\",\"url\":\"http:\\\/\\\/xactskateshop.com\\\/fr\\\/\",\"name\":\"Xact Skate Shop\",\"description\":\"Un site utilisant WordPress\",\"publisher\":{\"@id\":\"http:\\\/\\\/xactskateshop.com\\\/fr\\\/#organization\"},\"potentialAction\":[{\"@type\":\"SearchAction\",\"target\":{\"@type\":\"EntryPoint\",\"urlTemplate\":\"http:\\\/\\\/xactskateshop.com\\\/fr\\\/?s={search_term_string}\"},\"query-input\":{\"@type\":\"PropertyValueSpecification\",\"valueRequired\":true,\"valueName\":\"search_term_string\"}}],\"inLanguage\":\"fr-FR\"},{\"@type\":\"Organization\",\"@id\":\"http:\\\/\\\/xactskateshop.com\\\/fr\\\/#organization\",\"name\":\"XACT Skate Shop\",\"url\":\"http:\\\/\\\/xactskateshop.com\\\/fr\\\/\",\"logo\":{\"@type\":\"ImageObject\",\"inLanguage\":\"fr-FR\",\"@id\":\"http:\\\/\\\/xactskateshop.com\\\/fr\\\/#\\\/schema\\\/logo\\\/image\\\/\",\"url\":\"http:\\\/\\\/xactskateshop.com\\\/wp-content\\\/uploads\\\/2024\\\/04\\\/xactskateshop-dot-com-avec-contour-noir-sans-fond-675x.jpg\",\"contentUrl\":\"http:\\\/\\\/xactskateshop.com\\\/wp-content\\\/uploads\\\/2024\\\/04\\\/xactskateshop-dot-com-avec-contour-noir-sans-fond-675x.jpg\",\"width\":675,\"height\":247,\"caption\":\"XACT Skate Shop\"},\"image\":{\"@id\":\"http:\\\/\\\/xactskateshop.com\\\/fr\\\/#\\\/schema\\\/logo\\\/image\\\/\"},\"sameAs\":[\"https:\\\/\\\/www.facebook.com\\\/JeanLouiskateshop\"]}]}<\/script>\n<!-- \/ Yoast SEO plugin. -->","yoast_head_json":{"title":"BONT LT Red Clap Blades - Xact Skate Shop","description":"Lames BONT LT Red Clap. La Bont LT clap est une lame clap d'entr\u00e9e de gamme pour les patineurs souhaitant s'essayer au patinage de vitesse sur longue piste et b\u00e9n\u00e9ficier du syst\u00e8me clap.","robots":{"index":"index","follow":"follow","max-snippet":"max-snippet:-1","max-image-preview":"max-image-preview:large","max-video-preview":"max-video-preview:-1"},"canonical":"https:\/\/xactskateshop.com\/fr\/produit\/lames-bont-lt-red-clap\/","og_locale":"fr_FR","og_type":"article","og_title":"BONT LT Red Clap Blades - Xact Skate Shop","og_description":"Lames BONT LT Red Clap. La Bont LT clap est une lame clap d'entr\u00e9e de gamme pour les patineurs souhaitant s'essayer au patinage de vitesse sur longue piste et b\u00e9n\u00e9ficier du syst\u00e8me clap.","og_url":"https:\/\/xactskateshop.com\/fr\/produit\/lames-bont-lt-red-clap\/","og_site_name":"Xact Skate Shop","article_publisher":"https:\/\/www.facebook.com\/JeanLouiskateshop","og_image":[{"width":1000,"height":1000,"url":"https:\/\/xactskateshop.com\/wp-content\/uploads\/2020\/09\/LT-Blade_Clap-Red.jpg","type":"image\/jpeg"}],"twitter_card":"summary_large_image","twitter_misc":{"Dur\u00e9e de lecture estim\u00e9e":"1 minute"},"schema":{"@context":"https:\/\/schema.org","@graph":[{"@type":"WebPage","@id":"https:\/\/xactskateshop.com\/fr\/produit\/lames-bont-lt-red-clap\/","url":"https:\/\/xactskateshop.com\/fr\/produit\/lames-bont-lt-red-clap\/","name":"BONT LT Red Clap Blades - Xact Skate Shop","isPartOf":{"@id":"http:\/\/xactskateshop.com\/fr\/#website"},"primaryImageOfPage":{"@id":"https:\/\/xactskateshop.com\/fr\/produit\/lames-bont-lt-red-clap\/#primaryimage"},"image":{"@id":"https:\/\/xactskateshop.com\/fr\/produit\/lames-bont-lt-red-clap\/#primaryimage"},"thumbnailUrl":"https:\/\/xactskateshop.com\/wp-content\/uploads\/2020\/09\/LT-Blade_Clap-Red.jpg","datePublished":"2020-09-26T19:17:28+00:00","description":"Lames BONT LT Red Clap. La Bont LT clap est une lame clap d'entr\u00e9e de gamme pour les patineurs souhaitant s'essayer au patinage de vitesse sur longue piste et b\u00e9n\u00e9ficier du syst\u00e8me clap.","breadcrumb":{"@id":"https:\/\/xactskateshop.com\/fr\/produit\/lames-bont-lt-red-clap\/#breadcrumb"},"inLanguage":"fr-FR","potentialAction":[{"@type":"ReadAction","target":["https:\/\/xactskateshop.com\/fr\/produit\/lames-bont-lt-red-clap\/"]}]},{"@type":"ImageObject","inLanguage":"fr-FR","@id":"https:\/\/xactskateshop.com\/fr\/produit\/lames-bont-lt-red-clap\/#primaryimage","url":"https:\/\/xactskateshop.com\/wp-content\/uploads\/2020\/09\/LT-Blade_Clap-Red.jpg","contentUrl":"https:\/\/xactskateshop.com\/wp-content\/uploads\/2020\/09\/LT-Blade_Clap-Red.jpg","width":1000,"height":1000,"caption":"Bont clap blades red"},{"@type":"BreadcrumbList","@id":"https:\/\/xactskateshop.com\/fr\/produit\/lames-bont-lt-red-clap\/#breadcrumb","itemListElement":[{"@type":"ListItem","position":1,"name":"Home","item":"https:\/\/xactskateshop.com\/fr\/accueil\/"},{"@type":"ListItem","position":2,"name":"Boutique","item":"https:\/\/xactskateshop.com\/shop\/"},{"@type":"ListItem","position":3,"name":"Lames BONT LT Red Clap"}]},{"@type":"WebSite","@id":"http:\/\/xactskateshop.com\/fr\/#website","url":"http:\/\/xactskateshop.com\/fr\/","name":"Xact Skate Shop","description":"Un site utilisant WordPress","publisher":{"@id":"http:\/\/xactskateshop.com\/fr\/#organization"},"potentialAction":[{"@type":"SearchAction","target":{"@type":"EntryPoint","urlTemplate":"http:\/\/xactskateshop.com\/fr\/?s={search_term_string}"},"query-input":{"@type":"PropertyValueSpecification","valueRequired":true,"valueName":"search_term_string"}}],"inLanguage":"fr-FR"},{"@type":"Organization","@id":"http:\/\/xactskateshop.com\/fr\/#organization","name":"XACT Skate Shop","url":"http:\/\/xactskateshop.com\/fr\/","logo":{"@type":"ImageObject","inLanguage":"fr-FR","@id":"http:\/\/xactskateshop.com\/fr\/#\/schema\/logo\/image\/","url":"http:\/\/xactskateshop.com\/wp-content\/uploads\/2024\/04\/xactskateshop-dot-com-avec-contour-noir-sans-fond-675x.jpg","contentUrl":"http:\/\/xactskateshop.com\/wp-content\/uploads\/2024\/04\/xactskateshop-dot-com-avec-contour-noir-sans-fond-675x.jpg","width":675,"height":247,"caption":"XACT Skate Shop"},"image":{"@id":"http:\/\/xactskateshop.com\/fr\/#\/schema\/logo\/image\/"},"sameAs":["https:\/\/www.facebook.com\/JeanLouiskateshop"]}]}},"_links":{"self":[{"href":"https:\/\/xactskateshop.com\/fr\/wp-json\/wp\/v2\/product\/65101","targetHints":{"allow":["GET"]}}],"collection":[{"href":"https:\/\/xactskateshop.com\/fr\/wp-json\/wp\/v2\/product"}],"about":[{"href":"https:\/\/xactskateshop.com\/fr\/wp-json\/wp\/v2\/types\/product"}],"replies":[{"embeddable":true,"href":"https:\/\/xactskateshop.com\/fr\/wp-json\/wp\/v2\/comments?post=65101"}],"wp:featuredmedia":[{"embeddable":true,"href":"https:\/\/xactskateshop.com\/fr\/wp-json\/wp\/v2\/media\/27815"}],"wp:attachment":[{"href":"https:\/\/xactskateshop.com\/fr\/wp-json\/wp\/v2\/media?parent=65101"}],"wp:term":[{"taxonomy":"product_brand","embeddable":true,"href":"https:\/\/xactskateshop.com\/fr\/wp-json\/wp\/v2\/product_brand?post=65101"},{"taxonomy":"product_cat","embeddable":true,"href":"https:\/\/xactskateshop.com\/fr\/wp-json\/wp\/v2\/product_cat?post=65101"},{"taxonomy":"product_tag","embeddable":true,"href":"https:\/\/xactskateshop.com\/fr\/wp-json\/wp\/v2\/product_tag?post=65101"}],"curies":[{"name":"wp","href":"https:\/\/api.w.org\/{rel}","templated":true}]}}