{"id":65086,"date":"2020-09-29T12:44:03","date_gmt":"2020-09-29T16:44:03","guid":{"rendered":"http:\/\/xactskateshop.com\/product\/cadomotus-omega-lt-red-skating-helmet\/"},"modified":"2020-09-29T12:44:03","modified_gmt":"2020-09-29T16:44:03","slug":"cadomotus-omega-lt-red-skating-helmet","status":"publish","type":"product","link":"https:\/\/xactskateshop.com\/fr\/produit\/cadomotus-omega-lt-red-skating-helmet\/","title":{"rendered":"CADOMOTUS Omega LT Red Skating Helmet"},"content":{"rendered":"<div id=\"product-content\" class=\"product-content general-content content-col mobile-popup\" data-popup=\"product-content\">\n<div class=\"popup-inner\">\n<div id=\"product-content\" class=\"product-content general-content content-col mobile-popup\" data-popup=\"product-content\">\n<div class=\"popup-inner\">\n<div id=\"product-content\" class=\"product-content general-content content-col mobile-popup\" data-popup=\"product-content\">\n<div class=\"popup-inner\">\n<h2>CADOMOTUS Omega LT Red Skating Helmet<\/h2>\n<p style=\"text-align: left;\">Ce casque de patinage CADOMOTUS Omega LT Red est un casque de fabrication n\u00e9erlandaise qui r\u00e9pond \u00e0 toutes les normes ASTM, EN et CE pour le patinage de vitesse sur glace et le cyclisme sur route. Un v\u00e9ritable casque polyvalent qui vous aidera \u00e0 gagner de pr\u00e9cieuses secondes, quelle que soit la discipline qui vous passionne.<\/p>\n<p style=\"text-align: left;\">Le casque C\u00e1domotus Omega \u00e9tablit de nouvelles normes en mati\u00e8re d&#8217;a\u00e9rodynamisme, de ventilation et de protection contre les chocs dans les casques haute performance. Construit sur une base de s\u00e9curit\u00e9 stricte de respirabilit\u00e9 et de r\u00e9sistance sans compromis, l&#8217;Omega accepte le fardeau du contr\u00f4le climatique et de l&#8217;absorption des traumatismes. Il vous garde au frais et en s\u00e9curit\u00e9 lorsque les choses s&#8217;\u00e9chauffent ! <\/p>\n<p style=\"text-align: left;\">Notre processus de fabrication exclusif cr\u00e9e une monocoque. N\u00e9e d&#8217;un processus qui int\u00e8gre des structures en nid d&#8217;abeille dans un moule de production en mousse de polystyr\u00e8ne expans\u00e9 (EPS) pour forger une monocoque unique sur le march\u00e9.  Cet hybride moul\u00e9 exclusif d&#8217;un noyau structurel l\u00e9ger et d&#8217;EPS permet plus d&#8217;a\u00e9rations sans sacrifier les exigences de protection \u00e9lev\u00e9es d&#8217;un casque de patinage de vitesse. Cette technologie brevet\u00e9e fait l&#8217;objet d&#8217;une licence exclusive \u00e0 C\u00e1domotus.<\/p>\n<p style=\"text-align: left;\">Le design a\u00e9rodynamique de l&#8217;Omega optimise les avantages que vous obtenez dans un couloir. Il vous permet de l\u00e2cher la ligne avec le moins de r\u00e9sistance que vous ayez jamais ressentie.  D\u00e9jouez le vent avec facilit\u00e9, en restant au frais gr\u00e2ce \u00e0 un flux d&#8217;air constant au-dessus de votre t\u00eate.<\/p>\n<\/div>\n<\/div>\n<div class=\"content-col specs mobile-popup\" data-popup=\"product-specs\">\n<div class=\"popup-inner\">\n<h3><\/h3>\n<h3 class=\"title-small title-font\">Sp\u00e9cifications :<\/h3>\n<ul>\n<li><strong>Approuv\u00e9 pour la course : <\/strong>Triathlon ITU, cyclisme UCI, patinage de vitesse ISU, World Skate (FIRS)<\/li>\n<li><strong>Visi\u00e8re int\u00e9gr\u00e9e : <\/strong>Oui &#8211; Magnetic snap-on\/off<\/li>\n<li><strong>Option Aeroshield : <\/strong>Non<\/li>\n<li><strong>Ventilation : <\/strong>Canalisation interne, ventilation au-dessus des sourcils<\/li>\n<li><strong>Protection contre les insectes : <\/strong>Oui<\/li>\n<li><strong>Syst\u00e8me d&#8217;ajustement : <\/strong>Verrouillage \u00e0 cliquet \u00e0 cadran, r\u00e9glage vertical<\/li>\n<li><strong>Boucle : <\/strong>Clip \u00e0 boucle standard<\/li>\n<li><strong>Construction : <\/strong>Structure hybride en nid d&#8217;abeille, Inmold EPC\/PC<\/li>\n<li><strong>Doublure : <\/strong>Simple \u00e9paisseur | 5 pi\u00e8ces<\/li>\n<li><strong>Doublure lavable : <\/strong>Oui<\/li>\n<li><strong>Certification : <\/strong>CE, ASTM F-1849, EN1078<\/li>\n<li><strong>Test\u00e9 en soufflerie : <\/strong>Oui<\/li>\n<\/ul>\n<\/div>\n<\/div>\n<\/div>\n<\/div>\n<div class=\"content-col specs mobile-popup\" data-popup=\"product-specs\">\n<div class=\"popup-inner\"><\/div>\n<\/div>\n<\/div>\n<\/div>\n","protected":false},"excerpt":{"rendered":"<p>&nbsp;<\/p>\n<hr>\n<p style=\"text-align: center;\">Ce casque fabriqu\u00e9 aux Pays-Bas r\u00e9pond \u00e0 toutes les normes ASTM, EN et CE pour le patinage de vitesse sur glace et le cyclisme sur route. Un v\u00e9ritable casque polyvalent qui vous aidera \u00e0 gagner de pr\u00e9cieuses secondes, quelle que soit la discipline qui vous passionne.<\/p>\n<p style=\"text-align: center;\">Le casque C\u00e1domotus Omega \u00e9tablit de nouvelles normes en mati\u00e8re d&#8217;a\u00e9rodynamisme, de ventilation et de protection contre les chocs dans les casques haute performance. Construit sur une base de s\u00e9curit\u00e9 stricte de respirabilit\u00e9 et de r\u00e9sistance sans compromis, l&#8217;Omega accepte le fardeau du contr\u00f4le climatique et de l&#8217;absorption des traumatismes. Il vous garde au frais et en s\u00e9curit\u00e9 lorsque les choses s&#8217;\u00e9chauffent ! <\/p>\n<p style=\"text-align: center;\">Notre processus de fabrication exclusif cr\u00e9e une monocoque. N\u00e9e d&#8217;un processus qui int\u00e8gre des structures en nid d&#8217;abeille dans un moule de production en mousse de polystyr\u00e8ne expans\u00e9 (EPS) pour forger une monocoque unique sur le march\u00e9.  Cet hybride moul\u00e9 exclusif d&#8217;un noyau structurel l\u00e9ger et d&#8217;EPS permet plus d&#8217;a\u00e9rations sans sacrifier les exigences de protection \u00e9lev\u00e9es d&#8217;un casque de patinage de vitesse. Cette technologie brevet\u00e9e fait l&#8217;objet d&#8217;une licence exclusive \u00e0 C\u00e1domotus.<\/p>\n<p style=\"text-align: center;\">Le design a\u00e9rodynamique de l&#8217;Omega optimise les avantages que vous obtenez dans un couloir. Il vous permet de l\u00e2cher la ligne avec le moins de r\u00e9sistance que vous ayez jamais ressentie.  D\u00e9jouez le vent avec facilit\u00e9, en restant au frais gr\u00e2ce \u00e0 un flux d&#8217;air constant au-dessus de votre t\u00eate.<\/p>\n<hr>\n<p>&nbsp;<\/p>\n","protected":false},"featured_media":27909,"comment_status":"open","ping_status":"closed","template":"","meta":{"site-sidebar-layout":"default","site-content-layout":"default","ast-site-content-layout":"default","site-content-style":"default","site-sidebar-style":"default","ast-global-header-display":"","ast-banner-title-visibility":"","ast-main-header-display":"","ast-hfb-above-header-display":"","ast-hfb-below-header-display":"","ast-hfb-mobile-header-display":"","site-post-title":"","ast-breadcrumbs-content":"","ast-featured-img":"","footer-sml-layout":"","theme-transparent-header-meta":"default","adv-header-id-meta":"","stick-header-meta":"","header-above-stick-meta":"","header-main-stick-meta":"","header-below-stick-meta":"","astra-migrate-meta-layouts":"default","ast-page-background-enabled":"default","ast-page-background-meta":{"desktop":{"background-color":"","background-image":"","background-repeat":"repeat","background-position":"center center","background-size":"auto","background-attachment":"scroll","background-type":"","background-media":"","overlay-type":"","overlay-color":"","overlay-opacity":"","overlay-gradient":""},"tablet":{"background-color":"","background-image":"","background-repeat":"repeat","background-position":"center center","background-size":"auto","background-attachment":"scroll","background-type":"","background-media":"","overlay-type":"","overlay-color":"","overlay-opacity":"","overlay-gradient":""},"mobile":{"background-color":"","background-image":"","background-repeat":"repeat","background-position":"center center","background-size":"auto","background-attachment":"scroll","background-type":"","background-media":"","overlay-type":"","overlay-color":"","overlay-opacity":"","overlay-gradient":""}},"ast-content-background-meta":{"desktop":{"background-color":"var(--ast-global-color-5)","background-image":"","background-repeat":"repeat","background-position":"center center","background-size":"auto","background-attachment":"scroll","background-type":"","background-media":"","overlay-type":"","overlay-color":"","overlay-opacity":"","overlay-gradient":""},"tablet":{"background-color":"var(--ast-global-color-5)","background-image":"","background-repeat":"repeat","background-position":"center center","background-size":"auto","background-attachment":"scroll","background-type":"","background-media":"","overlay-type":"","overlay-color":"","overlay-opacity":"","overlay-gradient":""},"mobile":{"background-color":"var(--ast-global-color-5)","background-image":"","background-repeat":"repeat","background-position":"center center","background-size":"auto","background-attachment":"scroll","background-type":"","background-media":"","overlay-type":"","overlay-color":"","overlay-opacity":"","overlay-gradient":""}}},"product_brand":[],"product_cat":[1610,1431,1353],"product_tag":[1356],"class_list":{"0":"post-65086","1":"product","2":"type-product","3":"status-publish","4":"has-post-thumbnail","6":"product_cat-casques-accessoires-longue-piste","7":"product_cat-longue-piste","8":"product_cat-patinage-de-vitesse","9":"product_tag-courte-piste-fr","10":"desktop-align-center","11":"tablet-align-center","12":"mobile-align-center","13":"ast-product-gallery-layout-horizontal","14":"ast-product-single-variable","15":"ast-product-tabs-layout-horizontal","16":"ast-qv-on-image","18":"first","19":"outofstock","20":"taxable","21":"shipping-taxable","22":"purchasable","23":"product-type-variable"},"bundled_by":[],"bundle_stock_status":"outofstock","bundle_stock_quantity":null,"bundle_virtual":false,"bundle_layout":"","bundle_add_to_cart_form_location":"","bundle_editable_in_cart":false,"bundle_sold_individually_context":"","bundle_item_grouping":"","bundle_min_size":"","bundle_max_size":"","bundle_price":[],"bundled_items":[],"bundle_sell_ids":[],"yoast_head":"<!-- This site is optimized with the Yoast SEO plugin v27.3 - https:\/\/yoast.com\/product\/yoast-seo-wordpress\/ -->\n<title>CADOMOTUS Omega LT Red Skating Helmet - Xact Skate Shop%.<\/title>\n<meta name=\"description\" content=\"CADOMOTUS Omega LT Red Skating Helmet. Ce casque fabriqu\u00e9 aux Pays-Bas r\u00e9pond \u00e0 toutes les normes ASTM, EN et CE pour le patinage de vitesse sur glace et le cyclisme sur route.\" \/>\n<meta name=\"robots\" content=\"index, follow, max-snippet:-1, max-image-preview:large, max-video-preview:-1\" \/>\n<link rel=\"canonical\" href=\"https:\/\/xactskateshop.com\/fr\/produit\/cadomotus-omega-lt-red-skating-helmet\/\" \/>\n<meta property=\"og:locale\" content=\"fr_FR\" \/>\n<meta property=\"og:type\" content=\"article\" \/>\n<meta property=\"og:title\" content=\"CADOMOTUS Omega LT Red Skating Helmet - Xact Skate Shop%.\" \/>\n<meta property=\"og:description\" content=\"CADOMOTUS Omega LT Red Skating Helmet. Ce casque fabriqu\u00e9 aux Pays-Bas r\u00e9pond \u00e0 toutes les normes ASTM, EN et CE pour le patinage de vitesse sur glace et le cyclisme sur route.\" \/>\n<meta property=\"og:url\" content=\"https:\/\/xactskateshop.com\/fr\/produit\/cadomotus-omega-lt-red-skating-helmet\/\" \/>\n<meta property=\"og:site_name\" content=\"Xact Skate Shop\" \/>\n<meta property=\"article:publisher\" content=\"https:\/\/www.facebook.com\/JeanLouiskateshop\" \/>\n<meta property=\"og:image\" content=\"https:\/\/xactskateshop.com\/wp-content\/uploads\/2020\/09\/omega_red-3d-front.jpg\" \/>\n\t<meta property=\"og:image:width\" content=\"1920\" \/>\n\t<meta property=\"og:image:height\" content=\"1920\" \/>\n\t<meta property=\"og:image:type\" content=\"image\/jpeg\" \/>\n<meta name=\"twitter:card\" content=\"summary_large_image\" \/>\n<meta name=\"twitter:label1\" content=\"Dur\u00e9e de lecture estim\u00e9e\" \/>\n\t<meta name=\"twitter:data1\" content=\"2 minutes\" \/>\n<script type=\"application\/ld+json\" class=\"yoast-schema-graph\">{\"@context\":\"https:\\\/\\\/schema.org\",\"@graph\":[{\"@type\":\"WebPage\",\"@id\":\"https:\\\/\\\/xactskateshop.com\\\/fr\\\/produit\\\/cadomotus-omega-lt-red-skating-helmet\\\/\",\"url\":\"https:\\\/\\\/xactskateshop.com\\\/fr\\\/produit\\\/cadomotus-omega-lt-red-skating-helmet\\\/\",\"name\":\"CADOMOTUS Omega LT Red Skating Helmet - Xact Skate Shop%.\",\"isPartOf\":{\"@id\":\"http:\\\/\\\/xactskateshop.com\\\/fr\\\/#website\"},\"primaryImageOfPage\":{\"@id\":\"https:\\\/\\\/xactskateshop.com\\\/fr\\\/produit\\\/cadomotus-omega-lt-red-skating-helmet\\\/#primaryimage\"},\"image\":{\"@id\":\"https:\\\/\\\/xactskateshop.com\\\/fr\\\/produit\\\/cadomotus-omega-lt-red-skating-helmet\\\/#primaryimage\"},\"thumbnailUrl\":\"https:\\\/\\\/xactskateshop.com\\\/wp-content\\\/uploads\\\/2020\\\/09\\\/omega_red-3d-front.jpg\",\"datePublished\":\"2020-09-29T16:44:03+00:00\",\"description\":\"CADOMOTUS Omega LT Red Skating Helmet. Ce casque fabriqu\u00e9 aux Pays-Bas r\u00e9pond \u00e0 toutes les normes ASTM, EN et CE pour le patinage de vitesse sur glace et le cyclisme sur route.\",\"breadcrumb\":{\"@id\":\"https:\\\/\\\/xactskateshop.com\\\/fr\\\/produit\\\/cadomotus-omega-lt-red-skating-helmet\\\/#breadcrumb\"},\"inLanguage\":\"fr-FR\",\"potentialAction\":[{\"@type\":\"ReadAction\",\"target\":[\"https:\\\/\\\/xactskateshop.com\\\/fr\\\/produit\\\/cadomotus-omega-lt-red-skating-helmet\\\/\"]}]},{\"@type\":\"ImageObject\",\"inLanguage\":\"fr-FR\",\"@id\":\"https:\\\/\\\/xactskateshop.com\\\/fr\\\/produit\\\/cadomotus-omega-lt-red-skating-helmet\\\/#primaryimage\",\"url\":\"https:\\\/\\\/xactskateshop.com\\\/wp-content\\\/uploads\\\/2020\\\/09\\\/omega_red-3d-front.jpg\",\"contentUrl\":\"https:\\\/\\\/xactskateshop.com\\\/wp-content\\\/uploads\\\/2020\\\/09\\\/omega_red-3d-front.jpg\",\"width\":1920,\"height\":1920,\"caption\":\"CADOMOTUS Omega LT Red Skating Helmet\"},{\"@type\":\"BreadcrumbList\",\"@id\":\"https:\\\/\\\/xactskateshop.com\\\/fr\\\/produit\\\/cadomotus-omega-lt-red-skating-helmet\\\/#breadcrumb\",\"itemListElement\":[{\"@type\":\"ListItem\",\"position\":1,\"name\":\"Home\",\"item\":\"https:\\\/\\\/xactskateshop.com\\\/fr\\\/accueil\\\/\"},{\"@type\":\"ListItem\",\"position\":2,\"name\":\"Boutique\",\"item\":\"https:\\\/\\\/xactskateshop.com\\\/shop\\\/\"},{\"@type\":\"ListItem\",\"position\":3,\"name\":\"CADOMOTUS Omega LT Red Skating Helmet\"}]},{\"@type\":\"WebSite\",\"@id\":\"http:\\\/\\\/xactskateshop.com\\\/fr\\\/#website\",\"url\":\"http:\\\/\\\/xactskateshop.com\\\/fr\\\/\",\"name\":\"Xact Skate Shop\",\"description\":\"Un site utilisant WordPress\",\"publisher\":{\"@id\":\"http:\\\/\\\/xactskateshop.com\\\/fr\\\/#organization\"},\"potentialAction\":[{\"@type\":\"SearchAction\",\"target\":{\"@type\":\"EntryPoint\",\"urlTemplate\":\"http:\\\/\\\/xactskateshop.com\\\/fr\\\/?s={search_term_string}\"},\"query-input\":{\"@type\":\"PropertyValueSpecification\",\"valueRequired\":true,\"valueName\":\"search_term_string\"}}],\"inLanguage\":\"fr-FR\"},{\"@type\":\"Organization\",\"@id\":\"http:\\\/\\\/xactskateshop.com\\\/fr\\\/#organization\",\"name\":\"XACT Skate Shop\",\"url\":\"http:\\\/\\\/xactskateshop.com\\\/fr\\\/\",\"logo\":{\"@type\":\"ImageObject\",\"inLanguage\":\"fr-FR\",\"@id\":\"http:\\\/\\\/xactskateshop.com\\\/fr\\\/#\\\/schema\\\/logo\\\/image\\\/\",\"url\":\"http:\\\/\\\/xactskateshop.com\\\/wp-content\\\/uploads\\\/2024\\\/04\\\/xactskateshop-dot-com-avec-contour-noir-sans-fond-675x.jpg\",\"contentUrl\":\"http:\\\/\\\/xactskateshop.com\\\/wp-content\\\/uploads\\\/2024\\\/04\\\/xactskateshop-dot-com-avec-contour-noir-sans-fond-675x.jpg\",\"width\":675,\"height\":247,\"caption\":\"XACT Skate Shop\"},\"image\":{\"@id\":\"http:\\\/\\\/xactskateshop.com\\\/fr\\\/#\\\/schema\\\/logo\\\/image\\\/\"},\"sameAs\":[\"https:\\\/\\\/www.facebook.com\\\/JeanLouiskateshop\"]}]}<\/script>\n<!-- \/ Yoast SEO plugin. -->","yoast_head_json":{"title":"CADOMOTUS Omega LT Red Skating Helmet - Xact Skate Shop%.","description":"CADOMOTUS Omega LT Red Skating Helmet. Ce casque fabriqu\u00e9 aux Pays-Bas r\u00e9pond \u00e0 toutes les normes ASTM, EN et CE pour le patinage de vitesse sur glace et le cyclisme sur route.","robots":{"index":"index","follow":"follow","max-snippet":"max-snippet:-1","max-image-preview":"max-image-preview:large","max-video-preview":"max-video-preview:-1"},"canonical":"https:\/\/xactskateshop.com\/fr\/produit\/cadomotus-omega-lt-red-skating-helmet\/","og_locale":"fr_FR","og_type":"article","og_title":"CADOMOTUS Omega LT Red Skating Helmet - Xact Skate Shop%.","og_description":"CADOMOTUS Omega LT Red Skating Helmet. Ce casque fabriqu\u00e9 aux Pays-Bas r\u00e9pond \u00e0 toutes les normes ASTM, EN et CE pour le patinage de vitesse sur glace et le cyclisme sur route.","og_url":"https:\/\/xactskateshop.com\/fr\/produit\/cadomotus-omega-lt-red-skating-helmet\/","og_site_name":"Xact Skate Shop","article_publisher":"https:\/\/www.facebook.com\/JeanLouiskateshop","og_image":[{"width":1920,"height":1920,"url":"https:\/\/xactskateshop.com\/wp-content\/uploads\/2020\/09\/omega_red-3d-front.jpg","type":"image\/jpeg"}],"twitter_card":"summary_large_image","twitter_misc":{"Dur\u00e9e de lecture estim\u00e9e":"2 minutes"},"schema":{"@context":"https:\/\/schema.org","@graph":[{"@type":"WebPage","@id":"https:\/\/xactskateshop.com\/fr\/produit\/cadomotus-omega-lt-red-skating-helmet\/","url":"https:\/\/xactskateshop.com\/fr\/produit\/cadomotus-omega-lt-red-skating-helmet\/","name":"CADOMOTUS Omega LT Red Skating Helmet - Xact Skate Shop%.","isPartOf":{"@id":"http:\/\/xactskateshop.com\/fr\/#website"},"primaryImageOfPage":{"@id":"https:\/\/xactskateshop.com\/fr\/produit\/cadomotus-omega-lt-red-skating-helmet\/#primaryimage"},"image":{"@id":"https:\/\/xactskateshop.com\/fr\/produit\/cadomotus-omega-lt-red-skating-helmet\/#primaryimage"},"thumbnailUrl":"https:\/\/xactskateshop.com\/wp-content\/uploads\/2020\/09\/omega_red-3d-front.jpg","datePublished":"2020-09-29T16:44:03+00:00","description":"CADOMOTUS Omega LT Red Skating Helmet. Ce casque fabriqu\u00e9 aux Pays-Bas r\u00e9pond \u00e0 toutes les normes ASTM, EN et CE pour le patinage de vitesse sur glace et le cyclisme sur route.","breadcrumb":{"@id":"https:\/\/xactskateshop.com\/fr\/produit\/cadomotus-omega-lt-red-skating-helmet\/#breadcrumb"},"inLanguage":"fr-FR","potentialAction":[{"@type":"ReadAction","target":["https:\/\/xactskateshop.com\/fr\/produit\/cadomotus-omega-lt-red-skating-helmet\/"]}]},{"@type":"ImageObject","inLanguage":"fr-FR","@id":"https:\/\/xactskateshop.com\/fr\/produit\/cadomotus-omega-lt-red-skating-helmet\/#primaryimage","url":"https:\/\/xactskateshop.com\/wp-content\/uploads\/2020\/09\/omega_red-3d-front.jpg","contentUrl":"https:\/\/xactskateshop.com\/wp-content\/uploads\/2020\/09\/omega_red-3d-front.jpg","width":1920,"height":1920,"caption":"CADOMOTUS Omega LT Red Skating Helmet"},{"@type":"BreadcrumbList","@id":"https:\/\/xactskateshop.com\/fr\/produit\/cadomotus-omega-lt-red-skating-helmet\/#breadcrumb","itemListElement":[{"@type":"ListItem","position":1,"name":"Home","item":"https:\/\/xactskateshop.com\/fr\/accueil\/"},{"@type":"ListItem","position":2,"name":"Boutique","item":"https:\/\/xactskateshop.com\/shop\/"},{"@type":"ListItem","position":3,"name":"CADOMOTUS Omega LT Red Skating Helmet"}]},{"@type":"WebSite","@id":"http:\/\/xactskateshop.com\/fr\/#website","url":"http:\/\/xactskateshop.com\/fr\/","name":"Xact Skate Shop","description":"Un site utilisant WordPress","publisher":{"@id":"http:\/\/xactskateshop.com\/fr\/#organization"},"potentialAction":[{"@type":"SearchAction","target":{"@type":"EntryPoint","urlTemplate":"http:\/\/xactskateshop.com\/fr\/?s={search_term_string}"},"query-input":{"@type":"PropertyValueSpecification","valueRequired":true,"valueName":"search_term_string"}}],"inLanguage":"fr-FR"},{"@type":"Organization","@id":"http:\/\/xactskateshop.com\/fr\/#organization","name":"XACT Skate Shop","url":"http:\/\/xactskateshop.com\/fr\/","logo":{"@type":"ImageObject","inLanguage":"fr-FR","@id":"http:\/\/xactskateshop.com\/fr\/#\/schema\/logo\/image\/","url":"http:\/\/xactskateshop.com\/wp-content\/uploads\/2024\/04\/xactskateshop-dot-com-avec-contour-noir-sans-fond-675x.jpg","contentUrl":"http:\/\/xactskateshop.com\/wp-content\/uploads\/2024\/04\/xactskateshop-dot-com-avec-contour-noir-sans-fond-675x.jpg","width":675,"height":247,"caption":"XACT Skate Shop"},"image":{"@id":"http:\/\/xactskateshop.com\/fr\/#\/schema\/logo\/image\/"},"sameAs":["https:\/\/www.facebook.com\/JeanLouiskateshop"]}]}},"_links":{"self":[{"href":"https:\/\/xactskateshop.com\/fr\/wp-json\/wp\/v2\/product\/65086","targetHints":{"allow":["GET"]}}],"collection":[{"href":"https:\/\/xactskateshop.com\/fr\/wp-json\/wp\/v2\/product"}],"about":[{"href":"https:\/\/xactskateshop.com\/fr\/wp-json\/wp\/v2\/types\/product"}],"replies":[{"embeddable":true,"href":"https:\/\/xactskateshop.com\/fr\/wp-json\/wp\/v2\/comments?post=65086"}],"wp:featuredmedia":[{"embeddable":true,"href":"https:\/\/xactskateshop.com\/fr\/wp-json\/wp\/v2\/media\/27909"}],"wp:attachment":[{"href":"https:\/\/xactskateshop.com\/fr\/wp-json\/wp\/v2\/media?parent=65086"}],"wp:term":[{"taxonomy":"product_brand","embeddable":true,"href":"https:\/\/xactskateshop.com\/fr\/wp-json\/wp\/v2\/product_brand?post=65086"},{"taxonomy":"product_cat","embeddable":true,"href":"https:\/\/xactskateshop.com\/fr\/wp-json\/wp\/v2\/product_cat?post=65086"},{"taxonomy":"product_tag","embeddable":true,"href":"https:\/\/xactskateshop.com\/fr\/wp-json\/wp\/v2\/product_tag?post=65086"}],"curies":[{"name":"wp","href":"https:\/\/api.w.org\/{rel}","templated":true}]}}