{"id":65082,"date":"2020-09-29T10:32:45","date_gmt":"2020-09-29T14:32:45","guid":{"rendered":"http:\/\/xactskateshop.com\/product\/cadomotus-a2-visiere-encliquetable\/"},"modified":"2020-09-29T10:32:45","modified_gmt":"2020-09-29T14:32:45","slug":"cadomotus-a2-visiere-encliquetable","status":"publish","type":"product","link":"https:\/\/xactskateshop.com\/fr\/produit\/cadomotus-a2-visiere-encliquetable\/","title":{"rendered":"CADOMOTUS A2 Visi\u00e8re encliquetable"},"content":{"rendered":"<div id=\"product-content\" class=\"product-content general-content content-col mobile-popup\" data-popup=\"product-content\">\n<div class=\"popup-inner\">\n<div id=\"product-content\" class=\"product-content general-content content-col mobile-popup\" data-popup=\"product-content\">\n<div class=\"popup-inner\">\n<h2>CADOMOTUS A2 Visi\u00e8re encliquetable<\/h2>\n<h4>pour le casque de patinage de vitesse Alpha-2 (convient aussi \u00e0 Omega !)<\/h4>\n<p>&nbsp;<\/p>\n<p>Les lentilles de visi\u00e8re CADOMOTUS A2 Snap-on pour votre casque Alpha-2 ou Omega Aero sont tr\u00e8s abordables.<\/p>\n<p>La lentille C\u00e1domotus A2 suit les lignes a\u00e9rodynamiques de la posture et de la forme du patin. Les lentilles se fixent magn\u00e9tiquement au casque, autour de votre front. En plus d&#8217;une vue claire, il est facile de le changer ou de l&#8217;enlever compl\u00e8tement. Les lentilles sont test\u00e9es selon les normes EN 166 et EN 174.  <span style=\"font-size: 16px; font-style: normal; font-weight: 400;\">La r\u00e9sistance de l&#8217;air est l&#8217;une des plus grandes r\u00e9sistances dans le patinage en ligne et le patinage de vitesse sur glace, ainsi que dans le cyclisme. C&#8217;est pourquoi toutes sortes d&#8217;innovations ont lieu dans ce domaine. Pensez par exemple aux combinaisons de cyclisme contre la montre de l&#8217;\u00e9quipe Sky. Ou aux c\u00e9l\u00e8bres bandes dessin\u00e9es qui ont \u00e9t\u00e9 introduites sur les combinaisons de patinage lors des Jeux olympiques de Nagano.  Toutes ces innovations visent \u00e0 r\u00e9duire les turbulences et donc la r\u00e9sistance de l&#8217;air.<\/span><\/p>\n<\/div>\n<\/div>\n<div class=\"content-col specs mobile-popup\" data-popup=\"product-specs\">\n<div class=\"popup-inner\">\n<h3 class=\"title-small title-font\">Sp\u00e9cifications :<\/h3>\n<\/div>\n<\/div>\n<\/div>\n<\/div>\n<ul>\n<li><strong>Certification des lentilles :<\/strong> CE<\/li>\n<li><strong>Traitement des lentilles :<\/strong> R\u00e9fl\u00e9chissant<\/li>\n<li><strong>Polarisation :<\/strong> Non<\/li>\n<li><strong>Correction Prisma :<\/strong> Non<\/li>\n<\/ul>\n<h3>Totalement unique<\/h3>\n<p>Gr\u00e2ce \u00e0 la visi\u00e8re amovible, votre casque de patinage C\u00e1domotus est enti\u00e8rement personnalisable.  <strong>Quelle est la couleur qui s&#8217;harmonise le mieux avec votre tenue ?<\/strong><br \/>\nCes visi\u00e8res encliquetables peuvent \u00eatre facilement ajout\u00e9es ou retir\u00e9es gr\u00e2ce \u00e0 la fonction magn\u00e9tique. Vous avez ainsi la possibilit\u00e9 de les changer facilement et d&#8217;arborer les couleurs de votre choix. Par exemple, si vous patinez sur de la glace naturelle \u00e0 l&#8217;ext\u00e9rieur, vous voudrez peut-\u00eatre les fermer, mais si vous patinez \u00e0 l&#8217;int\u00e9rieur, vous pr\u00e9f\u00e9rerez peut-\u00eatre les enlever.   Quelles que soient les conditions, vous serez bien pr\u00e9par\u00e9 !<\/p>\n<div><\/div>\n<div>Vous voulez personnaliser encore plus votre casque Alpha ? Jetez un coup d&#8217;\u0153il \u00e0 la coque a\u00e9rodynamique CADOMOTUS Sonic <a href=\"http:\/\/xactskateshop.com\/product\/cadomotus-sonic-aero-shell\/\">ici<\/a>! <\/div>\n","protected":false},"excerpt":{"rendered":"<p>&nbsp;<\/p>\n<hr>\n<p style=\"text-align: center;\">CADOMOTUS A2 Visi\u00e8re encliquetable pour casque de patinage de vitesse Alpha-2 (convient \u00e9galement \u00e0 Omega). Des lentilles abordables pour votre casque Alpha-2 ou Omega Aero.<\/p>\n<hr>\n<p style=\"text-align: center;\">La lentille C\u00e1domotus A2 suit les lignes a\u00e9rodynamiques de la posture et de la forme du patin. Les lentilles se fixent magn\u00e9tiquement au casque, autour de votre front. En plus d&#8217;une vue claire, il est facile de le changer ou de l&#8217;enlever compl\u00e8tement. Les lentilles sont test\u00e9es selon les normes EN 166 et EN 174.<\/p>\n<hr>\n<p>&nbsp;<\/p>\n","protected":false},"featured_media":27895,"comment_status":"open","ping_status":"closed","template":"","meta":{"site-sidebar-layout":"default","site-content-layout":"default","ast-site-content-layout":"default","site-content-style":"default","site-sidebar-style":"default","ast-global-header-display":"","ast-banner-title-visibility":"","ast-main-header-display":"","ast-hfb-above-header-display":"","ast-hfb-below-header-display":"","ast-hfb-mobile-header-display":"","site-post-title":"","ast-breadcrumbs-content":"","ast-featured-img":"","footer-sml-layout":"","theme-transparent-header-meta":"default","adv-header-id-meta":"","stick-header-meta":"","header-above-stick-meta":"","header-main-stick-meta":"","header-below-stick-meta":"","astra-migrate-meta-layouts":"default","ast-page-background-enabled":"default","ast-page-background-meta":{"desktop":{"background-color":"","background-image":"","background-repeat":"repeat","background-position":"center center","background-size":"auto","background-attachment":"scroll","background-type":"","background-media":"","overlay-type":"","overlay-color":"","overlay-opacity":"","overlay-gradient":""},"tablet":{"background-color":"","background-image":"","background-repeat":"repeat","background-position":"center center","background-size":"auto","background-attachment":"scroll","background-type":"","background-media":"","overlay-type":"","overlay-color":"","overlay-opacity":"","overlay-gradient":""},"mobile":{"background-color":"","background-image":"","background-repeat":"repeat","background-position":"center center","background-size":"auto","background-attachment":"scroll","background-type":"","background-media":"","overlay-type":"","overlay-color":"","overlay-opacity":"","overlay-gradient":""}},"ast-content-background-meta":{"desktop":{"background-color":"var(--ast-global-color-5)","background-image":"","background-repeat":"repeat","background-position":"center center","background-size":"auto","background-attachment":"scroll","background-type":"","background-media":"","overlay-type":"","overlay-color":"","overlay-opacity":"","overlay-gradient":""},"tablet":{"background-color":"var(--ast-global-color-5)","background-image":"","background-repeat":"repeat","background-position":"center center","background-size":"auto","background-attachment":"scroll","background-type":"","background-media":"","overlay-type":"","overlay-color":"","overlay-opacity":"","overlay-gradient":""},"mobile":{"background-color":"var(--ast-global-color-5)","background-image":"","background-repeat":"repeat","background-position":"center center","background-size":"auto","background-attachment":"scroll","background-type":"","background-media":"","overlay-type":"","overlay-color":"","overlay-opacity":"","overlay-gradient":""}}},"product_brand":[],"product_cat":[1610,1519,1353],"product_tag":[1356],"class_list":{"0":"post-65082","1":"product","2":"type-product","3":"status-publish","4":"has-post-thumbnail","6":"product_cat-casques-accessoires-longue-piste","7":"product_cat-casques-patinage-de-vitesse-courte-piste","8":"product_cat-patinage-de-vitesse","9":"product_tag-courte-piste-fr","10":"desktop-align-center","11":"tablet-align-center","12":"mobile-align-center","13":"ast-product-gallery-layout-horizontal","14":"ast-product-single-variable","15":"ast-product-tabs-layout-horizontal","16":"ast-qv-on-image","18":"first","19":"instock","20":"taxable","21":"shipping-taxable","22":"purchasable","23":"product-type-variable"},"bundled_by":[],"bundle_stock_status":"instock","bundle_stock_quantity":null,"bundle_virtual":false,"bundle_layout":"","bundle_add_to_cart_form_location":"","bundle_editable_in_cart":false,"bundle_sold_individually_context":"","bundle_item_grouping":"","bundle_min_size":"","bundle_max_size":"","bundle_price":[],"bundled_items":[],"bundle_sell_ids":[],"yoast_head":"<!-- This site is optimized with the Yoast SEO plugin v27.4 - https:\/\/yoast.com\/product\/yoast-seo-wordpress\/ -->\n<title>CADOMOTUS A2 Visi\u00e8re encliquetable - Xact Skate Shop<\/title>\n<meta name=\"description\" content=\"CADOMOTUS A2 Visi\u00e8re \u00e0 clipser. Visi\u00e8re CADOMOTUS A2 Snap-on pour le casque de patinage de vitesse Alpha-2 (convient \u00e9galement \u00e0 l&#039;Omega). Des lentilles abordables pour votre casque de patinage.\" \/>\n<meta name=\"robots\" content=\"index, follow, max-snippet:-1, max-image-preview:large, max-video-preview:-1\" \/>\n<link rel=\"canonical\" href=\"https:\/\/xactskateshop.com\/fr\/produit\/cadomotus-a2-visiere-encliquetable\/\" \/>\n<meta property=\"og:locale\" content=\"fr_FR\" \/>\n<meta property=\"og:type\" content=\"article\" \/>\n<meta property=\"og:title\" content=\"CADOMOTUS A2 Visi\u00e8re encliquetable - Xact Skate Shop\" \/>\n<meta property=\"og:description\" content=\"CADOMOTUS A2 Visi\u00e8re \u00e0 clipser. Visi\u00e8re CADOMOTUS A2 Snap-on pour le casque de patinage de vitesse Alpha-2 (convient \u00e9galement \u00e0 l&#039;Omega). Des lentilles abordables pour votre casque de patinage.\" \/>\n<meta property=\"og:url\" content=\"https:\/\/xactskateshop.com\/fr\/produit\/cadomotus-a2-visiere-encliquetable\/\" \/>\n<meta property=\"og:site_name\" content=\"Xact Skate Shop\" \/>\n<meta property=\"article:publisher\" content=\"https:\/\/www.facebook.com\/JeanLouiskateshop\" \/>\n<meta property=\"og:image\" content=\"https:\/\/xactskateshop.com\/wp-content\/uploads\/2020\/09\/A2_LENSES.jpg\" \/>\n\t<meta property=\"og:image:width\" content=\"1200\" \/>\n\t<meta property=\"og:image:height\" content=\"1200\" \/>\n\t<meta property=\"og:image:type\" content=\"image\/jpeg\" \/>\n<meta name=\"twitter:card\" content=\"summary_large_image\" \/>\n<meta name=\"twitter:label1\" content=\"Dur\u00e9e de lecture estim\u00e9e\" \/>\n\t<meta name=\"twitter:data1\" content=\"2 minutes\" \/>\n<script type=\"application\/ld+json\" class=\"yoast-schema-graph\">{\"@context\":\"https:\\\/\\\/schema.org\",\"@graph\":[{\"@type\":\"WebPage\",\"@id\":\"https:\\\/\\\/xactskateshop.com\\\/fr\\\/produit\\\/cadomotus-a2-visiere-encliquetable\\\/\",\"url\":\"https:\\\/\\\/xactskateshop.com\\\/fr\\\/produit\\\/cadomotus-a2-visiere-encliquetable\\\/\",\"name\":\"CADOMOTUS A2 Visi\u00e8re encliquetable - Xact Skate Shop\",\"isPartOf\":{\"@id\":\"http:\\\/\\\/xactskateshop.com\\\/fr\\\/#website\"},\"primaryImageOfPage\":{\"@id\":\"https:\\\/\\\/xactskateshop.com\\\/fr\\\/produit\\\/cadomotus-a2-visiere-encliquetable\\\/#primaryimage\"},\"image\":{\"@id\":\"https:\\\/\\\/xactskateshop.com\\\/fr\\\/produit\\\/cadomotus-a2-visiere-encliquetable\\\/#primaryimage\"},\"thumbnailUrl\":\"https:\\\/\\\/xactskateshop.com\\\/wp-content\\\/uploads\\\/2020\\\/09\\\/A2_LENSES.jpg\",\"datePublished\":\"2020-09-29T14:32:45+00:00\",\"description\":\"CADOMOTUS A2 Visi\u00e8re \u00e0 clipser. Visi\u00e8re CADOMOTUS A2 Snap-on pour le casque de patinage de vitesse Alpha-2 (convient \u00e9galement \u00e0 l'Omega). Des lentilles abordables pour votre casque de patinage.\",\"breadcrumb\":{\"@id\":\"https:\\\/\\\/xactskateshop.com\\\/fr\\\/produit\\\/cadomotus-a2-visiere-encliquetable\\\/#breadcrumb\"},\"inLanguage\":\"fr-FR\",\"potentialAction\":[{\"@type\":\"ReadAction\",\"target\":[\"https:\\\/\\\/xactskateshop.com\\\/fr\\\/produit\\\/cadomotus-a2-visiere-encliquetable\\\/\"]}]},{\"@type\":\"ImageObject\",\"inLanguage\":\"fr-FR\",\"@id\":\"https:\\\/\\\/xactskateshop.com\\\/fr\\\/produit\\\/cadomotus-a2-visiere-encliquetable\\\/#primaryimage\",\"url\":\"https:\\\/\\\/xactskateshop.com\\\/wp-content\\\/uploads\\\/2020\\\/09\\\/A2_LENSES.jpg\",\"contentUrl\":\"https:\\\/\\\/xactskateshop.com\\\/wp-content\\\/uploads\\\/2020\\\/09\\\/A2_LENSES.jpg\",\"width\":1200,\"height\":1200,\"caption\":\"CADOMOTUS A2 Visi\u00e8re encliquetable\"},{\"@type\":\"BreadcrumbList\",\"@id\":\"https:\\\/\\\/xactskateshop.com\\\/fr\\\/produit\\\/cadomotus-a2-visiere-encliquetable\\\/#breadcrumb\",\"itemListElement\":[{\"@type\":\"ListItem\",\"position\":1,\"name\":\"Home\",\"item\":\"https:\\\/\\\/xactskateshop.com\\\/fr\\\/accueil\\\/\"},{\"@type\":\"ListItem\",\"position\":2,\"name\":\"Boutique\",\"item\":\"https:\\\/\\\/xactskateshop.com\\\/shop\\\/\"},{\"@type\":\"ListItem\",\"position\":3,\"name\":\"CADOMOTUS A2 Visi\u00e8re encliquetable\"}]},{\"@type\":\"WebSite\",\"@id\":\"http:\\\/\\\/xactskateshop.com\\\/fr\\\/#website\",\"url\":\"http:\\\/\\\/xactskateshop.com\\\/fr\\\/\",\"name\":\"Xact Skate Shop\",\"description\":\"Un site utilisant WordPress\",\"publisher\":{\"@id\":\"http:\\\/\\\/xactskateshop.com\\\/fr\\\/#organization\"},\"potentialAction\":[{\"@type\":\"SearchAction\",\"target\":{\"@type\":\"EntryPoint\",\"urlTemplate\":\"http:\\\/\\\/xactskateshop.com\\\/fr\\\/?s={search_term_string}\"},\"query-input\":{\"@type\":\"PropertyValueSpecification\",\"valueRequired\":true,\"valueName\":\"search_term_string\"}}],\"inLanguage\":\"fr-FR\"},{\"@type\":\"Organization\",\"@id\":\"http:\\\/\\\/xactskateshop.com\\\/fr\\\/#organization\",\"name\":\"XACT Skate Shop\",\"url\":\"http:\\\/\\\/xactskateshop.com\\\/fr\\\/\",\"logo\":{\"@type\":\"ImageObject\",\"inLanguage\":\"fr-FR\",\"@id\":\"http:\\\/\\\/xactskateshop.com\\\/fr\\\/#\\\/schema\\\/logo\\\/image\\\/\",\"url\":\"http:\\\/\\\/xactskateshop.com\\\/wp-content\\\/uploads\\\/2024\\\/04\\\/xactskateshop-dot-com-avec-contour-noir-sans-fond-675x.jpg\",\"contentUrl\":\"http:\\\/\\\/xactskateshop.com\\\/wp-content\\\/uploads\\\/2024\\\/04\\\/xactskateshop-dot-com-avec-contour-noir-sans-fond-675x.jpg\",\"width\":675,\"height\":247,\"caption\":\"XACT Skate Shop\"},\"image\":{\"@id\":\"http:\\\/\\\/xactskateshop.com\\\/fr\\\/#\\\/schema\\\/logo\\\/image\\\/\"},\"sameAs\":[\"https:\\\/\\\/www.facebook.com\\\/JeanLouiskateshop\"]}]}<\/script>\n<!-- \/ Yoast SEO plugin. -->","yoast_head_json":{"title":"CADOMOTUS A2 Visi\u00e8re encliquetable - Xact Skate Shop","description":"CADOMOTUS A2 Visi\u00e8re \u00e0 clipser. Visi\u00e8re CADOMOTUS A2 Snap-on pour le casque de patinage de vitesse Alpha-2 (convient \u00e9galement \u00e0 l'Omega). Des lentilles abordables pour votre casque de patinage.","robots":{"index":"index","follow":"follow","max-snippet":"max-snippet:-1","max-image-preview":"max-image-preview:large","max-video-preview":"max-video-preview:-1"},"canonical":"https:\/\/xactskateshop.com\/fr\/produit\/cadomotus-a2-visiere-encliquetable\/","og_locale":"fr_FR","og_type":"article","og_title":"CADOMOTUS A2 Visi\u00e8re encliquetable - Xact Skate Shop","og_description":"CADOMOTUS A2 Visi\u00e8re \u00e0 clipser. Visi\u00e8re CADOMOTUS A2 Snap-on pour le casque de patinage de vitesse Alpha-2 (convient \u00e9galement \u00e0 l'Omega). Des lentilles abordables pour votre casque de patinage.","og_url":"https:\/\/xactskateshop.com\/fr\/produit\/cadomotus-a2-visiere-encliquetable\/","og_site_name":"Xact Skate Shop","article_publisher":"https:\/\/www.facebook.com\/JeanLouiskateshop","og_image":[{"width":1200,"height":1200,"url":"https:\/\/xactskateshop.com\/wp-content\/uploads\/2020\/09\/A2_LENSES.jpg","type":"image\/jpeg"}],"twitter_card":"summary_large_image","twitter_misc":{"Dur\u00e9e de lecture estim\u00e9e":"2 minutes"},"schema":{"@context":"https:\/\/schema.org","@graph":[{"@type":"WebPage","@id":"https:\/\/xactskateshop.com\/fr\/produit\/cadomotus-a2-visiere-encliquetable\/","url":"https:\/\/xactskateshop.com\/fr\/produit\/cadomotus-a2-visiere-encliquetable\/","name":"CADOMOTUS A2 Visi\u00e8re encliquetable - Xact Skate Shop","isPartOf":{"@id":"http:\/\/xactskateshop.com\/fr\/#website"},"primaryImageOfPage":{"@id":"https:\/\/xactskateshop.com\/fr\/produit\/cadomotus-a2-visiere-encliquetable\/#primaryimage"},"image":{"@id":"https:\/\/xactskateshop.com\/fr\/produit\/cadomotus-a2-visiere-encliquetable\/#primaryimage"},"thumbnailUrl":"https:\/\/xactskateshop.com\/wp-content\/uploads\/2020\/09\/A2_LENSES.jpg","datePublished":"2020-09-29T14:32:45+00:00","description":"CADOMOTUS A2 Visi\u00e8re \u00e0 clipser. Visi\u00e8re CADOMOTUS A2 Snap-on pour le casque de patinage de vitesse Alpha-2 (convient \u00e9galement \u00e0 l'Omega). Des lentilles abordables pour votre casque de patinage.","breadcrumb":{"@id":"https:\/\/xactskateshop.com\/fr\/produit\/cadomotus-a2-visiere-encliquetable\/#breadcrumb"},"inLanguage":"fr-FR","potentialAction":[{"@type":"ReadAction","target":["https:\/\/xactskateshop.com\/fr\/produit\/cadomotus-a2-visiere-encliquetable\/"]}]},{"@type":"ImageObject","inLanguage":"fr-FR","@id":"https:\/\/xactskateshop.com\/fr\/produit\/cadomotus-a2-visiere-encliquetable\/#primaryimage","url":"https:\/\/xactskateshop.com\/wp-content\/uploads\/2020\/09\/A2_LENSES.jpg","contentUrl":"https:\/\/xactskateshop.com\/wp-content\/uploads\/2020\/09\/A2_LENSES.jpg","width":1200,"height":1200,"caption":"CADOMOTUS A2 Visi\u00e8re encliquetable"},{"@type":"BreadcrumbList","@id":"https:\/\/xactskateshop.com\/fr\/produit\/cadomotus-a2-visiere-encliquetable\/#breadcrumb","itemListElement":[{"@type":"ListItem","position":1,"name":"Home","item":"https:\/\/xactskateshop.com\/fr\/accueil\/"},{"@type":"ListItem","position":2,"name":"Boutique","item":"https:\/\/xactskateshop.com\/shop\/"},{"@type":"ListItem","position":3,"name":"CADOMOTUS A2 Visi\u00e8re encliquetable"}]},{"@type":"WebSite","@id":"http:\/\/xactskateshop.com\/fr\/#website","url":"http:\/\/xactskateshop.com\/fr\/","name":"Xact Skate Shop","description":"Un site utilisant WordPress","publisher":{"@id":"http:\/\/xactskateshop.com\/fr\/#organization"},"potentialAction":[{"@type":"SearchAction","target":{"@type":"EntryPoint","urlTemplate":"http:\/\/xactskateshop.com\/fr\/?s={search_term_string}"},"query-input":{"@type":"PropertyValueSpecification","valueRequired":true,"valueName":"search_term_string"}}],"inLanguage":"fr-FR"},{"@type":"Organization","@id":"http:\/\/xactskateshop.com\/fr\/#organization","name":"XACT Skate Shop","url":"http:\/\/xactskateshop.com\/fr\/","logo":{"@type":"ImageObject","inLanguage":"fr-FR","@id":"http:\/\/xactskateshop.com\/fr\/#\/schema\/logo\/image\/","url":"http:\/\/xactskateshop.com\/wp-content\/uploads\/2024\/04\/xactskateshop-dot-com-avec-contour-noir-sans-fond-675x.jpg","contentUrl":"http:\/\/xactskateshop.com\/wp-content\/uploads\/2024\/04\/xactskateshop-dot-com-avec-contour-noir-sans-fond-675x.jpg","width":675,"height":247,"caption":"XACT Skate Shop"},"image":{"@id":"http:\/\/xactskateshop.com\/fr\/#\/schema\/logo\/image\/"},"sameAs":["https:\/\/www.facebook.com\/JeanLouiskateshop"]}]}},"_links":{"self":[{"href":"https:\/\/xactskateshop.com\/fr\/wp-json\/wp\/v2\/product\/65082","targetHints":{"allow":["GET"]}}],"collection":[{"href":"https:\/\/xactskateshop.com\/fr\/wp-json\/wp\/v2\/product"}],"about":[{"href":"https:\/\/xactskateshop.com\/fr\/wp-json\/wp\/v2\/types\/product"}],"replies":[{"embeddable":true,"href":"https:\/\/xactskateshop.com\/fr\/wp-json\/wp\/v2\/comments?post=65082"}],"wp:featuredmedia":[{"embeddable":true,"href":"https:\/\/xactskateshop.com\/fr\/wp-json\/wp\/v2\/media\/27895"}],"wp:attachment":[{"href":"https:\/\/xactskateshop.com\/fr\/wp-json\/wp\/v2\/media?parent=65082"}],"wp:term":[{"taxonomy":"product_brand","embeddable":true,"href":"https:\/\/xactskateshop.com\/fr\/wp-json\/wp\/v2\/product_brand?post=65082"},{"taxonomy":"product_cat","embeddable":true,"href":"https:\/\/xactskateshop.com\/fr\/wp-json\/wp\/v2\/product_cat?post=65082"},{"taxonomy":"product_tag","embeddable":true,"href":"https:\/\/xactskateshop.com\/fr\/wp-json\/wp\/v2\/product_tag?post=65082"}],"curies":[{"name":"wp","href":"https:\/\/api.w.org\/{rel}","templated":true}]}}