{"id":65066,"date":"2020-09-29T14:43:55","date_gmt":"2020-09-29T18:43:55","guid":{"rendered":"http:\/\/xactskateshop.com\/product\/lunettes-de-protection-kids\/"},"modified":"2020-09-29T14:43:55","modified_gmt":"2020-09-29T18:43:55","slug":"lunettes-de-protection-kids","status":"publish","type":"product","link":"https:\/\/xactskateshop.com\/fr\/produit\/lunettes-de-protection-kids\/","title":{"rendered":"Lunettes de protection KIDS"},"content":{"rendered":"<div id=\"product-content\" class=\"product-content general-content content-col mobile-popup\" data-popup=\"product-content\">\n<div class=\"popup-inner\">\n<div id=\"product-content\" class=\"product-content general-content content-col mobile-popup\" data-popup=\"product-content\">\n<div class=\"popup-inner\">\n<div id=\"product-content\" class=\"product-content general-content content-col mobile-popup\" data-popup=\"product-content\">\n<div class=\"popup-inner\">\n<h2>Lunettes de protection KIDS<\/h2>\n<p><span style=\"font-size: 16px; font-style: normal; font-weight: 400;\">Lentilles en polycarbonate garanties incassables ! Convenant aux enfants de 6 \u00e0 12 ans, ces lunettes de protection offrent une protection contre les UV 400. Comprend une monture enveloppante en nylon noir et des plaquettes de nez confortables en TPR. Test\u00e9 et pass\u00e9 avec succ\u00e8s les sp\u00e9cifications de l&#8217;ASTM F803.<\/span><\/p>\n<h4><\/h4>\n<h4>R\u00e9pond aux normes de r\u00e9sistance aux chocs ASTM F803.<\/h4>\n<ul>\n<li>Lentille en polycarbonate \/ Anti-bu\u00e9e<\/li>\n<li>Protection UV 400<\/li>\n<li>Plaquettes nasales TRP<\/li>\n<li>Cadre en nylon noir<\/li>\n<li><strong>Sangle \u00e9lastique pour la t\u00eate non incluse<\/strong><\/li>\n<\/ul>\n<\/div>\n<\/div>\n<div class=\"content-col specs mobile-popup\" data-popup=\"product-specs\">\n<div class=\"popup-inner\">\n<h4><\/h4>\n<h4>Qu&#8217;est-ce que le polycarbonate ?<\/h4>\n<p>&nbsp;<\/p>\n<p><strong>Propri\u00e9t\u00e9s et traitement<\/strong><br \/>\nLe polycarbonate est un mat\u00e9riau durable. Bien qu&#8217;il soit tr\u00e8s r\u00e9sistant aux chocs, il est peu r\u00e9sistant aux rayures. C&#8217;est pourquoi un rev\u00eatement dur est appliqu\u00e9 aux verres de lunettes en polycarbonate et aux composants automobiles ext\u00e9rieurs en polycarbonate. Les caract\u00e9ristiques du polycarbonate sont comparables \u00e0 celles du polym\u00e9thacrylate de m\u00e9thyle (PMMA, acrylique), mais le polycarbonate est plus solide et r\u00e9siste plus longtemps aux temp\u00e9ratures extr\u00eames. Le mat\u00e9riau trait\u00e9 thermiquement est g\u00e9n\u00e9ralement totalement amorphe[7] et, par cons\u00e9quent, tr\u00e8s transparent \u00e0 la lumi\u00e8re visible, avec une meilleure transmission de la lumi\u00e8re que de nombreux types de verre.    <\/p>\n<p>Le polycarbonate a une temp\u00e9rature de transition vitreuse d&#8217;environ 147 \u00b0C (297 \u00b0F)[8], il se ramollit donc progressivement au-dessus de ce point et s&#8217;\u00e9coule au-del\u00e0 d&#8217;environ 155 \u00b0C (311 \u00b0F)[9]. Les outils doivent \u00eatre maintenus \u00e0 des temp\u00e9ratures \u00e9lev\u00e9es, g\u00e9n\u00e9ralement sup\u00e9rieures \u00e0 80 \u00b0C (176 \u00b0F) pour fabriquer des produits sans d\u00e9formation ni contrainte. Les qualit\u00e9s \u00e0 faible masse mol\u00e9culaire sont plus faciles \u00e0 mouler que les qualit\u00e9s sup\u00e9rieures, mais leur r\u00e9sistance est moindre. Les qualit\u00e9s les plus r\u00e9sistantes ont la masse mol\u00e9culaire la plus \u00e9lev\u00e9e, mais sont plus difficiles \u00e0 traiter.   <\/p>\n<p>Contrairement \u00e0 la plupart des thermoplastiques, le polycarbonate peut subir de grandes d\u00e9formations plastiques sans se fissurer ni se rompre. Il peut donc \u00eatre trait\u00e9 et form\u00e9 \u00e0 temp\u00e9rature ambiante \u00e0 l&#8217;aide de techniques de t\u00f4lerie, telles que le pliage sur un frein. M\u00eame pour les pliages \u00e0 angle vif et \u00e0 rayon serr\u00e9, il n&#8217;est pas toujours n\u00e9cessaire de chauffer. Il est donc tr\u00e8s utile dans les applications de prototypage o\u00f9 des pi\u00e8ces transparentes ou non conductrices d&#8217;\u00e9lectricit\u00e9 sont n\u00e9cessaires et ne peuvent pas \u00eatre fabriqu\u00e9es \u00e0 partir de t\u00f4les. Le PMMA\/Acrylique, dont l&#8217;aspect est similaire \u00e0 celui du polycarbonate, est fragile et ne peut \u00eatre pli\u00e9 \u00e0 temp\u00e9rature ambiante.    <\/p>\n<p>Voir la taille junior <a href=\"http:\/\/xactskateshop.com\/product\/kids-protective-glasses\/\">ici<\/a><\/p>\n<\/div>\n<\/div>\n<p><strong>Remarque : la sangle \u00e9lastique n&#8217;est pas incluse.<\/strong><\/p>\n<\/div>\n<\/div>\n<\/div>\n<\/div>\n","protected":false},"excerpt":{"rendered":"<p>&nbsp;<\/p>\n<hr>\n<p style=\"text-align: center;\">Lentilles en polycarbonate garanties incassables ! Convenant aux enfants de 6 \u00e0 12 ans, ces lunettes de protection offrent une protection contre les UV 400. Comprend une monture enveloppante en nylon noir et des plaquettes de nez confortables en TPR. Test\u00e9 et pass\u00e9 avec succ\u00e8s les sp\u00e9cifications de l&#8217;ASTM F803.<\/p>\n<p style=\"text-align: center;\"><strong>Remarque : la sangle \u00e9lastique n&#8217;est pas incluse.<\/strong><\/p>\n<hr>\n<p>&nbsp;<\/p>\n","protected":false},"featured_media":29642,"comment_status":"open","ping_status":"closed","template":"","meta":{"site-sidebar-layout":"default","site-content-layout":"default","ast-site-content-layout":"default","site-content-style":"default","site-sidebar-style":"default","ast-global-header-display":"","ast-banner-title-visibility":"","ast-main-header-display":"","ast-hfb-above-header-display":"","ast-hfb-below-header-display":"","ast-hfb-mobile-header-display":"","site-post-title":"","ast-breadcrumbs-content":"","ast-featured-img":"","footer-sml-layout":"","theme-transparent-header-meta":"default","adv-header-id-meta":"","stick-header-meta":"","header-above-stick-meta":"","header-main-stick-meta":"","header-below-stick-meta":"","astra-migrate-meta-layouts":"default","ast-page-background-enabled":"default","ast-page-background-meta":{"desktop":{"background-color":"","background-image":"","background-repeat":"repeat","background-position":"center center","background-size":"auto","background-attachment":"scroll","background-type":"","background-media":"","overlay-type":"","overlay-color":"","overlay-opacity":"","overlay-gradient":""},"tablet":{"background-color":"","background-image":"","background-repeat":"repeat","background-position":"center center","background-size":"auto","background-attachment":"scroll","background-type":"","background-media":"","overlay-type":"","overlay-color":"","overlay-opacity":"","overlay-gradient":""},"mobile":{"background-color":"","background-image":"","background-repeat":"repeat","background-position":"center center","background-size":"auto","background-attachment":"scroll","background-type":"","background-media":"","overlay-type":"","overlay-color":"","overlay-opacity":"","overlay-gradient":""}},"ast-content-background-meta":{"desktop":{"background-color":"var(--ast-global-color-5)","background-image":"","background-repeat":"repeat","background-position":"center center","background-size":"auto","background-attachment":"scroll","background-type":"","background-media":"","overlay-type":"","overlay-color":"","overlay-opacity":"","overlay-gradient":""},"tablet":{"background-color":"var(--ast-global-color-5)","background-image":"","background-repeat":"repeat","background-position":"center center","background-size":"auto","background-attachment":"scroll","background-type":"","background-media":"","overlay-type":"","overlay-color":"","overlay-opacity":"","overlay-gradient":""},"mobile":{"background-color":"var(--ast-global-color-5)","background-image":"","background-repeat":"repeat","background-position":"center center","background-size":"auto","background-attachment":"scroll","background-type":"","background-media":"","overlay-type":"","overlay-color":"","overlay-opacity":"","overlay-gradient":""}}},"product_brand":[],"product_cat":[1609,1353],"product_tag":[1356],"class_list":{"0":"post-65066","1":"product","2":"type-product","3":"status-publish","4":"has-post-thumbnail","6":"product_cat-lunettes-de-sport-fr","7":"product_cat-patinage-de-vitesse","8":"product_tag-courte-piste-fr","9":"desktop-align-center","10":"tablet-align-center","11":"mobile-align-center","12":"ast-product-gallery-layout-horizontal","13":"ast-product-gallery-with-no-image","14":"ast-product-tabs-layout-horizontal","15":"ast-qv-on-image","17":"first","18":"instock","19":"sale","20":"taxable","21":"shipping-taxable","22":"purchasable","23":"product-type-simple"},"bundled_by":[],"bundle_stock_status":"instock","bundle_stock_quantity":15,"bundle_virtual":false,"bundle_layout":"","bundle_add_to_cart_form_location":"","bundle_editable_in_cart":false,"bundle_sold_individually_context":"","bundle_item_grouping":"","bundle_min_size":"","bundle_max_size":"","bundle_price":[],"bundled_items":[],"bundle_sell_ids":[],"yoast_head":"<!-- This site is optimized with the Yoast SEO plugin v27.4 - https:\/\/yoast.com\/product\/yoast-seo-wordpress\/ -->\n<title>Lunettes de protection KIDS - Xact Skate Shop<\/title>\n<meta name=\"description\" content=\"Lunettes de protection KIDS. Lentilles en polycarbonate garanties incassables ! Convenant aux enfants de 6 \u00e0 12 ans, ces lunettes de protection offrent une protection contre les UV 400.\" \/>\n<meta name=\"robots\" content=\"index, follow, max-snippet:-1, max-image-preview:large, max-video-preview:-1\" \/>\n<link rel=\"canonical\" href=\"https:\/\/xactskateshop.com\/fr\/produit\/lunettes-de-protection-kids\/\" \/>\n<meta property=\"og:locale\" content=\"fr_FR\" \/>\n<meta property=\"og:type\" content=\"article\" \/>\n<meta property=\"og:title\" content=\"Lunettes de protection KIDS - Xact Skate Shop\" \/>\n<meta property=\"og:description\" content=\"Lunettes de protection KIDS. Lentilles en polycarbonate garanties incassables ! Convenant aux enfants de 6 \u00e0 12 ans, ces lunettes de protection offrent une protection contre les UV 400.\" \/>\n<meta property=\"og:url\" content=\"https:\/\/xactskateshop.com\/fr\/produit\/lunettes-de-protection-kids\/\" \/>\n<meta property=\"og:site_name\" content=\"Xact Skate Shop\" \/>\n<meta property=\"article:publisher\" content=\"https:\/\/www.facebook.com\/JeanLouiskateshop\" \/>\n<meta property=\"og:image\" content=\"https:\/\/xactskateshop.com\/wp-content\/uploads\/2020\/09\/LE79JR_-_Sport_Style_Eyeguards-Junior-1.jpg\" \/>\n\t<meta property=\"og:image:width\" content=\"450\" \/>\n\t<meta property=\"og:image:height\" content=\"450\" \/>\n\t<meta property=\"og:image:type\" content=\"image\/jpeg\" \/>\n<meta name=\"twitter:card\" content=\"summary_large_image\" \/>\n<meta name=\"twitter:label1\" content=\"Dur\u00e9e de lecture estim\u00e9e\" \/>\n\t<meta name=\"twitter:data1\" content=\"2 minutes\" \/>\n<script type=\"application\/ld+json\" class=\"yoast-schema-graph\">{\"@context\":\"https:\\\/\\\/schema.org\",\"@graph\":[{\"@type\":\"WebPage\",\"@id\":\"https:\\\/\\\/xactskateshop.com\\\/fr\\\/produit\\\/lunettes-de-protection-kids\\\/\",\"url\":\"https:\\\/\\\/xactskateshop.com\\\/fr\\\/produit\\\/lunettes-de-protection-kids\\\/\",\"name\":\"Lunettes de protection KIDS - Xact Skate Shop\",\"isPartOf\":{\"@id\":\"http:\\\/\\\/xactskateshop.com\\\/fr\\\/#website\"},\"primaryImageOfPage\":{\"@id\":\"https:\\\/\\\/xactskateshop.com\\\/fr\\\/produit\\\/lunettes-de-protection-kids\\\/#primaryimage\"},\"image\":{\"@id\":\"https:\\\/\\\/xactskateshop.com\\\/fr\\\/produit\\\/lunettes-de-protection-kids\\\/#primaryimage\"},\"thumbnailUrl\":\"https:\\\/\\\/xactskateshop.com\\\/wp-content\\\/uploads\\\/2020\\\/09\\\/LE79JR_-_Sport_Style_Eyeguards-Junior-1.jpg\",\"datePublished\":\"2020-09-29T18:43:55+00:00\",\"description\":\"Lunettes de protection KIDS. Lentilles en polycarbonate garanties incassables ! Convenant aux enfants de 6 \u00e0 12 ans, ces lunettes de protection offrent une protection contre les UV 400.\",\"breadcrumb\":{\"@id\":\"https:\\\/\\\/xactskateshop.com\\\/fr\\\/produit\\\/lunettes-de-protection-kids\\\/#breadcrumb\"},\"inLanguage\":\"fr-FR\",\"potentialAction\":[{\"@type\":\"ReadAction\",\"target\":[\"https:\\\/\\\/xactskateshop.com\\\/fr\\\/produit\\\/lunettes-de-protection-kids\\\/\"]}]},{\"@type\":\"ImageObject\",\"inLanguage\":\"fr-FR\",\"@id\":\"https:\\\/\\\/xactskateshop.com\\\/fr\\\/produit\\\/lunettes-de-protection-kids\\\/#primaryimage\",\"url\":\"https:\\\/\\\/xactskateshop.com\\\/wp-content\\\/uploads\\\/2020\\\/09\\\/LE79JR_-_Sport_Style_Eyeguards-Junior-1.jpg\",\"contentUrl\":\"https:\\\/\\\/xactskateshop.com\\\/wp-content\\\/uploads\\\/2020\\\/09\\\/LE79JR_-_Sport_Style_Eyeguards-Junior-1.jpg\",\"width\":450,\"height\":450,\"caption\":\"Lunettes de protection KIDS\"},{\"@type\":\"BreadcrumbList\",\"@id\":\"https:\\\/\\\/xactskateshop.com\\\/fr\\\/produit\\\/lunettes-de-protection-kids\\\/#breadcrumb\",\"itemListElement\":[{\"@type\":\"ListItem\",\"position\":1,\"name\":\"Home\",\"item\":\"https:\\\/\\\/xactskateshop.com\\\/fr\\\/accueil\\\/\"},{\"@type\":\"ListItem\",\"position\":2,\"name\":\"Boutique\",\"item\":\"https:\\\/\\\/xactskateshop.com\\\/shop\\\/\"},{\"@type\":\"ListItem\",\"position\":3,\"name\":\"Lunettes de protection KIDS\"}]},{\"@type\":\"WebSite\",\"@id\":\"http:\\\/\\\/xactskateshop.com\\\/fr\\\/#website\",\"url\":\"http:\\\/\\\/xactskateshop.com\\\/fr\\\/\",\"name\":\"Xact Skate Shop\",\"description\":\"Un site utilisant WordPress\",\"publisher\":{\"@id\":\"http:\\\/\\\/xactskateshop.com\\\/fr\\\/#organization\"},\"potentialAction\":[{\"@type\":\"SearchAction\",\"target\":{\"@type\":\"EntryPoint\",\"urlTemplate\":\"http:\\\/\\\/xactskateshop.com\\\/fr\\\/?s={search_term_string}\"},\"query-input\":{\"@type\":\"PropertyValueSpecification\",\"valueRequired\":true,\"valueName\":\"search_term_string\"}}],\"inLanguage\":\"fr-FR\"},{\"@type\":\"Organization\",\"@id\":\"http:\\\/\\\/xactskateshop.com\\\/fr\\\/#organization\",\"name\":\"XACT Skate Shop\",\"url\":\"http:\\\/\\\/xactskateshop.com\\\/fr\\\/\",\"logo\":{\"@type\":\"ImageObject\",\"inLanguage\":\"fr-FR\",\"@id\":\"http:\\\/\\\/xactskateshop.com\\\/fr\\\/#\\\/schema\\\/logo\\\/image\\\/\",\"url\":\"http:\\\/\\\/xactskateshop.com\\\/wp-content\\\/uploads\\\/2024\\\/04\\\/xactskateshop-dot-com-avec-contour-noir-sans-fond-675x.jpg\",\"contentUrl\":\"http:\\\/\\\/xactskateshop.com\\\/wp-content\\\/uploads\\\/2024\\\/04\\\/xactskateshop-dot-com-avec-contour-noir-sans-fond-675x.jpg\",\"width\":675,\"height\":247,\"caption\":\"XACT Skate Shop\"},\"image\":{\"@id\":\"http:\\\/\\\/xactskateshop.com\\\/fr\\\/#\\\/schema\\\/logo\\\/image\\\/\"},\"sameAs\":[\"https:\\\/\\\/www.facebook.com\\\/JeanLouiskateshop\"]}]}<\/script>\n<!-- \/ Yoast SEO plugin. -->","yoast_head_json":{"title":"Lunettes de protection KIDS - Xact Skate Shop","description":"Lunettes de protection KIDS. Lentilles en polycarbonate garanties incassables ! Convenant aux enfants de 6 \u00e0 12 ans, ces lunettes de protection offrent une protection contre les UV 400.","robots":{"index":"index","follow":"follow","max-snippet":"max-snippet:-1","max-image-preview":"max-image-preview:large","max-video-preview":"max-video-preview:-1"},"canonical":"https:\/\/xactskateshop.com\/fr\/produit\/lunettes-de-protection-kids\/","og_locale":"fr_FR","og_type":"article","og_title":"Lunettes de protection KIDS - Xact Skate Shop","og_description":"Lunettes de protection KIDS. Lentilles en polycarbonate garanties incassables ! Convenant aux enfants de 6 \u00e0 12 ans, ces lunettes de protection offrent une protection contre les UV 400.","og_url":"https:\/\/xactskateshop.com\/fr\/produit\/lunettes-de-protection-kids\/","og_site_name":"Xact Skate Shop","article_publisher":"https:\/\/www.facebook.com\/JeanLouiskateshop","og_image":[{"width":450,"height":450,"url":"https:\/\/xactskateshop.com\/wp-content\/uploads\/2020\/09\/LE79JR_-_Sport_Style_Eyeguards-Junior-1.jpg","type":"image\/jpeg"}],"twitter_card":"summary_large_image","twitter_misc":{"Dur\u00e9e de lecture estim\u00e9e":"2 minutes"},"schema":{"@context":"https:\/\/schema.org","@graph":[{"@type":"WebPage","@id":"https:\/\/xactskateshop.com\/fr\/produit\/lunettes-de-protection-kids\/","url":"https:\/\/xactskateshop.com\/fr\/produit\/lunettes-de-protection-kids\/","name":"Lunettes de protection KIDS - Xact Skate Shop","isPartOf":{"@id":"http:\/\/xactskateshop.com\/fr\/#website"},"primaryImageOfPage":{"@id":"https:\/\/xactskateshop.com\/fr\/produit\/lunettes-de-protection-kids\/#primaryimage"},"image":{"@id":"https:\/\/xactskateshop.com\/fr\/produit\/lunettes-de-protection-kids\/#primaryimage"},"thumbnailUrl":"https:\/\/xactskateshop.com\/wp-content\/uploads\/2020\/09\/LE79JR_-_Sport_Style_Eyeguards-Junior-1.jpg","datePublished":"2020-09-29T18:43:55+00:00","description":"Lunettes de protection KIDS. Lentilles en polycarbonate garanties incassables ! Convenant aux enfants de 6 \u00e0 12 ans, ces lunettes de protection offrent une protection contre les UV 400.","breadcrumb":{"@id":"https:\/\/xactskateshop.com\/fr\/produit\/lunettes-de-protection-kids\/#breadcrumb"},"inLanguage":"fr-FR","potentialAction":[{"@type":"ReadAction","target":["https:\/\/xactskateshop.com\/fr\/produit\/lunettes-de-protection-kids\/"]}]},{"@type":"ImageObject","inLanguage":"fr-FR","@id":"https:\/\/xactskateshop.com\/fr\/produit\/lunettes-de-protection-kids\/#primaryimage","url":"https:\/\/xactskateshop.com\/wp-content\/uploads\/2020\/09\/LE79JR_-_Sport_Style_Eyeguards-Junior-1.jpg","contentUrl":"https:\/\/xactskateshop.com\/wp-content\/uploads\/2020\/09\/LE79JR_-_Sport_Style_Eyeguards-Junior-1.jpg","width":450,"height":450,"caption":"Lunettes de protection KIDS"},{"@type":"BreadcrumbList","@id":"https:\/\/xactskateshop.com\/fr\/produit\/lunettes-de-protection-kids\/#breadcrumb","itemListElement":[{"@type":"ListItem","position":1,"name":"Home","item":"https:\/\/xactskateshop.com\/fr\/accueil\/"},{"@type":"ListItem","position":2,"name":"Boutique","item":"https:\/\/xactskateshop.com\/shop\/"},{"@type":"ListItem","position":3,"name":"Lunettes de protection KIDS"}]},{"@type":"WebSite","@id":"http:\/\/xactskateshop.com\/fr\/#website","url":"http:\/\/xactskateshop.com\/fr\/","name":"Xact Skate Shop","description":"Un site utilisant WordPress","publisher":{"@id":"http:\/\/xactskateshop.com\/fr\/#organization"},"potentialAction":[{"@type":"SearchAction","target":{"@type":"EntryPoint","urlTemplate":"http:\/\/xactskateshop.com\/fr\/?s={search_term_string}"},"query-input":{"@type":"PropertyValueSpecification","valueRequired":true,"valueName":"search_term_string"}}],"inLanguage":"fr-FR"},{"@type":"Organization","@id":"http:\/\/xactskateshop.com\/fr\/#organization","name":"XACT Skate Shop","url":"http:\/\/xactskateshop.com\/fr\/","logo":{"@type":"ImageObject","inLanguage":"fr-FR","@id":"http:\/\/xactskateshop.com\/fr\/#\/schema\/logo\/image\/","url":"http:\/\/xactskateshop.com\/wp-content\/uploads\/2024\/04\/xactskateshop-dot-com-avec-contour-noir-sans-fond-675x.jpg","contentUrl":"http:\/\/xactskateshop.com\/wp-content\/uploads\/2024\/04\/xactskateshop-dot-com-avec-contour-noir-sans-fond-675x.jpg","width":675,"height":247,"caption":"XACT Skate Shop"},"image":{"@id":"http:\/\/xactskateshop.com\/fr\/#\/schema\/logo\/image\/"},"sameAs":["https:\/\/www.facebook.com\/JeanLouiskateshop"]}]}},"_links":{"self":[{"href":"https:\/\/xactskateshop.com\/fr\/wp-json\/wp\/v2\/product\/65066","targetHints":{"allow":["GET"]}}],"collection":[{"href":"https:\/\/xactskateshop.com\/fr\/wp-json\/wp\/v2\/product"}],"about":[{"href":"https:\/\/xactskateshop.com\/fr\/wp-json\/wp\/v2\/types\/product"}],"replies":[{"embeddable":true,"href":"https:\/\/xactskateshop.com\/fr\/wp-json\/wp\/v2\/comments?post=65066"}],"wp:featuredmedia":[{"embeddable":true,"href":"https:\/\/xactskateshop.com\/fr\/wp-json\/wp\/v2\/media\/29642"}],"wp:attachment":[{"href":"https:\/\/xactskateshop.com\/fr\/wp-json\/wp\/v2\/media?parent=65066"}],"wp:term":[{"taxonomy":"product_brand","embeddable":true,"href":"https:\/\/xactskateshop.com\/fr\/wp-json\/wp\/v2\/product_brand?post=65066"},{"taxonomy":"product_cat","embeddable":true,"href":"https:\/\/xactskateshop.com\/fr\/wp-json\/wp\/v2\/product_cat?post=65066"},{"taxonomy":"product_tag","embeddable":true,"href":"https:\/\/xactskateshop.com\/fr\/wp-json\/wp\/v2\/product_tag?post=65066"}],"curies":[{"name":"wp","href":"https:\/\/api.w.org\/{rel}","templated":true}]}}