{"id":65058,"date":"2020-09-30T15:27:21","date_gmt":"2020-09-30T19:27:21","guid":{"rendered":"http:\/\/xactskateshop.com\/product\/gants-de-patinage-bont\/"},"modified":"2026-04-09T09:59:19","modified_gmt":"2026-04-09T13:59:19","slug":"gants-de-patinage-bont","status":"publish","type":"product","link":"https:\/\/xactskateshop.com\/fr\/produit\/gants-de-patinage-bont\/","title":{"rendered":"Gants de patinage BONT"},"content":{"rendered":"<div id=\"product-content\" class=\"product-content general-content content-col mobile-popup\" data-popup=\"product-content\">\n<div class=\"popup-inner\">\n<div id=\"product-content\" class=\"product-content general-content content-col mobile-popup\" data-popup=\"product-content\">\n<h2>Gants de patinage BONT<\/h2>\n<p>Gants de patinage Bont en<span style=\"font-size: 16px; font-style: normal; font-weight: 400;\">fibre<\/span> <span style=\"font-size: 16px; font-style: normal; font-weight: 400;\">Dyneema\u00ae<\/span>tech ! <\/p>\n<p>Les gants <span style=\"font-size: 16px; font-style: normal; font-weight: 400;\">Dyneema\u00ae<\/span> de Bont sont des gants r\u00e9sistants aux coupures et constituent un \u00e9quipement de protection essentiel lorsque vous \u00eates un patineur de vitesse sur piste courte, car ils aident \u00e0 r\u00e9duire le risque de blessures aux mains pendant les entra\u00eenements de patinage de vitesse et les courses sur piste courte. Les gants de patinage de vitesse Bont r\u00e9sistants aux coupures sont confortables et offrent une excellente protection. Ils ont une r\u00e9sistance aux coupures de niveau 4 et sont disponibles en 6 tailles. <\/p>\n<p>Ce produit peut \u00eatre utilis\u00e9 en conjonction avec les <a title=\"Pointes de doigts en carbone Bont pour le patinage de vitesse sur Courte Piste\" href=\"http:\/\/xactskateshop.com\/product\/bont-carbon-finger-tips\/\" target=\"_blank\" rel=\"noopener noreferrer\">bouts de doigts en carbone Bont<\/a> pour prot\u00e9ger les pointes de vos gants lors de la pratique du patinage de vitesse sur piste courte.<\/p>\n<p>Le patinage de vitesse peut \u00eatre dangereux car vous vous d\u00e9placez \u00e0 grande vitesse. Ces gants anti-coupures Bont prot\u00e8gent vos doigts des coupures en cas d&#8217;accident. Les gants anti-coupures pour le patinage de vitesse sur piste courte sont disponibles en 6 tailles, ce qui garantit qu&#8217;ils conviendront aux hommes, aux femmes, aux gar\u00e7ons, aux filles, aux enfants et aux jeunes.<\/p>\n<h3>Tailles<\/h3>\n<div class=\"gmail_default\">Les nombres en millim\u00e8tres indiqu\u00e9s correspondent \u00e0 la mesure du bout du doigt du majeur \u00e0 l&#8217;extr\u00e9mit\u00e9 du brassard.<\/div>\n<div>XS &#8211; 220mm \u00e0 229mm<\/div>\n<div class=\"gmail_default\">S &#8211; 230mm \u00e0 239mm<br \/>\nM &#8211; 240mm \u00e0 249mm<br \/>\nL &#8211; 250mm \u00e0 259mm<br \/>\nXL &#8211; 260mm \u00e0 269mm<br \/>\nXXL &#8211; 270mm \u00e0 279mm<\/div>\n<div class=\"container aem-GridColumn aem-GridColumn--default--12\">\n<div>\n<div class=\"content-wrapper\">\n<div class=\"content\">\n<div class=\"responsivegrid\">\n<div class=\"aem-Grid aem-Grid--12 aem-Grid--default--12 \">\n<div class=\"text color-white aem-GridColumn aem-GridColumn--default--12\">\n<div class=\"cmp-text\">\n<h2><\/h2>\n<h2>Le secret de Dyneema<\/h2>\n<p>La fibre de poly\u00e9thyl\u00e8ne \u00e0 tr\u00e8s haut poids mol\u00e9culaire (UHMwPE) d&#8217;Avient, connue sous le nom de Dyneema\u00ae, offre une r\u00e9sistance maximale pour un poids minimal. Le nombre d&#8217;applications possibles est donc pratiquement illimit\u00e9. La fibre Dyneema\u00ae est produite par un proc\u00e9d\u00e9 brevet\u00e9 de filage en gel dans lequel les fibres sont \u00e9tir\u00e9es, chauff\u00e9es, allong\u00e9es et refroidies. L&#8217;\u00e9tirement et le filage entra\u00eenent un alignement mol\u00e9culaire, une cristallisation \u00e9lev\u00e9e et une faible densit\u00e9. Le Dyneema\u00ae poss\u00e8de des cha\u00eenes mol\u00e9culaires extr\u00eamement longues qui transf\u00e8rent la charge plus efficacement \u00e0 l&#8217;\u00e9pine dorsale du polym\u00e8re. Il est donc plus r\u00e9sistant \u00e0 poids \u00e9gal ou plus l\u00e9ger \u00e0 r\u00e9sistance \u00e9gale que les autres mat\u00e9riaux.    La fibre Dyneema\u00ae est 15 fois plus r\u00e9sistante que l&#8217;acier \u00e0 poids \u00e9gal, avec une r\u00e9sistance \u00e0 la traction allant jusqu&#8217;\u00e0 43 cN\/dtex. Outre son extraordinaire solidit\u00e9, Dyneema\u00ae excelle dans la r\u00e9sistance \u00e0 la coupure et \u00e0 l&#8217;abrasion et pr\u00e9sente une r\u00e9sistance \u00e9lev\u00e9e aux produits chimiques et aux UV. La fibre Dyneema\u00ae est si l\u00e9g\u00e8re qu&#8217;elle flotte sur l&#8217;eau et poss\u00e8de en outre un module tr\u00e8s \u00e9lev\u00e9 (r\u00e9sistance \u00e0 la d\u00e9formation). Dyneema\u00ae est disponible dans une large gamme de titres (\u00e9paisseur de la fibre), allant de 50 \u00e0 6600 dtex, ce qui rend la fibre adapt\u00e9e \u00e0 de nombreuses applications.   <\/p>\n<p>&nbsp;<\/p>\n<h2 class=\"text-center\">3 raisons de choisir Dyneema<\/h2>\n<\/div>\n<\/div>\n<\/div>\n<\/div>\n<\/div>\n<\/div>\n<\/div>\n<\/div>\n<div class=\"container aem-GridColumn--default--none aem-GridColumn aem-GridColumn--offset--default--0 aem-GridColumn--default--4\">\n<div class=\"content-wrapper\">\n<div class=\"content\">\n<div class=\"responsivegrid\">\n<div class=\"aem-Grid aem-Grid--12 aem-Grid--default--12 \">\n<div class=\"text eq-height-box color-white aem-GridColumn aem-GridColumn--default--12\">\n<div class=\"cmp-text\">\n<h3 class=\"text-center\">Haute r\u00e9sistance<\/h3>\n<p>Jusqu&#8217;\u00e0 15 fois plus r\u00e9sistant que l&#8217;acier et jusqu&#8217;\u00e0 40 % plus r\u00e9sistant que les aramides (poids pour poids)<\/p>\n<\/div>\n<\/div>\n<\/div>\n<\/div>\n<\/div>\n<\/div>\n<\/div>\n<div class=\"container aem-GridColumn--default--none aem-GridColumn aem-GridColumn--offset--default--0 aem-GridColumn--default--4\">\n<div class=\"content-wrapper\">\n<div class=\"content\">\n<div class=\"responsivegrid\">\n<div class=\"aem-Grid aem-Grid--12 aem-Grid--default--12 \">\n<div class=\"text eq-height-box color-white aem-GridColumn aem-GridColumn--default--12\">\n<div class=\"cmp-text\">\n<h3 class=\"text-center\">L\u00e9ger<\/h3>\n<p>Si l\u00e9ger qu&#8217;il flotte sur l&#8217;eau !<\/p>\n<\/div>\n<\/div>\n<\/div>\n<\/div>\n<\/div>\n<\/div>\n<\/div>\n<div class=\"container aem-GridColumn--default--none aem-GridColumn aem-GridColumn--offset--default--0 aem-GridColumn--default--4\">\n<div class=\"content-wrapper\">\n<div class=\"content\">\n<div class=\"responsivegrid\">\n<div class=\"aem-Grid aem-Grid--12 aem-Grid--default--12 \">\n<div class=\"text eq-height-box color-white aem-GridColumn aem-GridColumn--default--12\">\n<div class=\"cmp-text\">\n<h3 class=\"text-center\">Plus durable<\/h3>\n<p>R\u00e9sistant \u00e0 l&#8217;humidit\u00e9, aux UV et aux produits chimiques<\/p>\n<\/div>\n<\/div>\n<\/div>\n<\/div>\n<\/div>\n<\/div>\n<\/div>\n<p>&nbsp;<\/p>\n<p><span style=\"color: #ff2a00;\"><strong>**** INSTRUCTIONS DE LAVAGE : Laver en machine \u00e0 l&#8217;eau froide avec du d\u00e9tergent, suspendre pour s\u00e9cher****<\/strong><\/span><\/p>\n<p>Vous pouvez \u00e9galement l&#8217;acheter <a href=\"https:\/\/bont.ca\/collections\/short-track-equipment\/products\/short-track-cut-proof-glove\">ici<\/a><\/p>\n<\/div>\n<\/div>\n<\/div>\n","protected":false},"excerpt":{"rendered":"<p>&nbsp;<\/p>\n<p>&nbsp;<\/p>\n<hr>\n<p style=\"text-align: center;\">Les gants r\u00e9sistants aux coupures sont des \u00e9quipements de protection essentiels pour les patineurs de vitesse sur piste courte, car ils contribuent \u00e0 r\u00e9duire le risque de blessures aux mains pendant les entra\u00eenements de patinage de vitesse et les courses sur piste courte. Les gants de patinage de vitesse Bont r\u00e9sistants aux coupures sont confortables et offrent une excellente protection. Ils ont une r\u00e9sistance aux coupures de niveau 4 et sont disponibles en 6 tailles.<\/p>\n<hr>\n<p>&nbsp;<\/p>\n","protected":false},"featured_media":27932,"comment_status":"open","ping_status":"closed","template":"","meta":{"site-sidebar-layout":"default","site-content-layout":"default","ast-site-content-layout":"default","site-content-style":"default","site-sidebar-style":"default","ast-global-header-display":"","ast-banner-title-visibility":"","ast-main-header-display":"","ast-hfb-above-header-display":"","ast-hfb-below-header-display":"","ast-hfb-mobile-header-display":"","site-post-title":"","ast-breadcrumbs-content":"","ast-featured-img":"","footer-sml-layout":"","ast-disable-related-posts":"","theme-transparent-header-meta":"default","adv-header-id-meta":"","stick-header-meta":"","header-above-stick-meta":"","header-main-stick-meta":"","header-below-stick-meta":"","astra-migrate-meta-layouts":"default","ast-page-background-enabled":"default","ast-page-background-meta":{"desktop":{"background-color":"","background-image":"","background-repeat":"repeat","background-position":"center center","background-size":"auto","background-attachment":"scroll","background-type":"","background-media":"","overlay-type":"","overlay-color":"","overlay-opacity":"","overlay-gradient":""},"tablet":{"background-color":"","background-image":"","background-repeat":"repeat","background-position":"center center","background-size":"auto","background-attachment":"scroll","background-type":"","background-media":"","overlay-type":"","overlay-color":"","overlay-opacity":"","overlay-gradient":""},"mobile":{"background-color":"","background-image":"","background-repeat":"repeat","background-position":"center center","background-size":"auto","background-attachment":"scroll","background-type":"","background-media":"","overlay-type":"","overlay-color":"","overlay-opacity":"","overlay-gradient":""}},"ast-content-background-meta":{"desktop":{"background-color":"var(--ast-global-color-5)","background-image":"","background-repeat":"repeat","background-position":"center center","background-size":"auto","background-attachment":"scroll","background-type":"","background-media":"","overlay-type":"","overlay-color":"","overlay-opacity":"","overlay-gradient":""},"tablet":{"background-color":"var(--ast-global-color-5)","background-image":"","background-repeat":"repeat","background-position":"center center","background-size":"auto","background-attachment":"scroll","background-type":"","background-media":"","overlay-type":"","overlay-color":"","overlay-opacity":"","overlay-gradient":""},"mobile":{"background-color":"var(--ast-global-color-5)","background-image":"","background-repeat":"repeat","background-position":"center center","background-size":"auto","background-attachment":"scroll","background-type":"","background-media":"","overlay-type":"","overlay-color":"","overlay-opacity":"","overlay-gradient":""}}},"product_brand":[],"product_cat":[1612,1613,1353],"product_tag":[1356],"class_list":{"0":"post-65058","1":"product","2":"type-product","3":"status-publish","4":"has-post-thumbnail","6":"product_cat-equipement-de-protection-patinage-de-vitesse-courte-piste","7":"product_cat-gants-et-tips","8":"product_cat-patinage-de-vitesse","9":"product_tag-courte-piste-fr","10":"desktop-align-center","11":"tablet-align-center","12":"mobile-align-center","13":"ast-product-gallery-layout-horizontal","14":"ast-product-single-variable","15":"ast-product-tabs-layout-horizontal","16":"ast-qv-on-image","18":"first","19":"instock","20":"taxable","21":"shipping-taxable","22":"purchasable","23":"product-type-variable"},"bundled_by":[],"bundle_stock_status":"instock","bundle_stock_quantity":null,"bundle_virtual":false,"bundle_layout":"","bundle_add_to_cart_form_location":"","bundle_editable_in_cart":false,"bundle_sold_individually_context":"","bundle_item_grouping":"","bundle_min_size":"","bundle_max_size":"","bundle_price":[],"bundled_items":[],"bundle_sell_ids":[],"yoast_head":"<!-- This site is optimized with the Yoast SEO plugin v27.5 - https:\/\/yoast.com\/product\/yoast-seo-wordpress\/ -->\n<title>Gants de patinage BONT - Xact Skate Shop<\/title>\n<meta name=\"description\" content=\"Les gants en dyneema de Bont sont r\u00e9sistants aux coupures, confortables et offrent une grande protection avec une r\u00e9sistance aux coupures de niveau 4 et sont disponibles en 6 tailles.\" \/>\n<meta name=\"robots\" content=\"index, follow, max-snippet:-1, max-image-preview:large, max-video-preview:-1\" \/>\n<link rel=\"canonical\" href=\"https:\/\/xactskateshop.com\/fr\/produit\/gants-de-patinage-bont\/\" \/>\n<meta property=\"og:locale\" content=\"fr_FR\" \/>\n<meta property=\"og:type\" content=\"article\" \/>\n<meta property=\"og:title\" content=\"Gants de patinage BONT - Xact Skate Shop\" \/>\n<meta property=\"og:description\" content=\"Les gants en dyneema de Bont sont r\u00e9sistants aux coupures, confortables et offrent une grande protection avec une r\u00e9sistance aux coupures de niveau 4 et sont disponibles en 6 tailles.\" \/>\n<meta property=\"og:url\" content=\"https:\/\/xactskateshop.com\/fr\/produit\/gants-de-patinage-bont\/\" \/>\n<meta property=\"og:site_name\" content=\"Xact Skate Shop\" \/>\n<meta property=\"article:publisher\" content=\"https:\/\/www.facebook.com\/JeanLouiskateshop\" \/>\n<meta property=\"article:modified_time\" content=\"2026-04-09T13:59:19+00:00\" \/>\n<meta property=\"og:image\" content=\"https:\/\/xactskateshop.com\/wp-content\/uploads\/2020\/09\/ST-Cut-Proof-Glove.jpg\" \/>\n\t<meta property=\"og:image:width\" content=\"1000\" \/>\n\t<meta property=\"og:image:height\" content=\"1000\" \/>\n\t<meta property=\"og:image:type\" content=\"image\/jpeg\" \/>\n<meta name=\"twitter:card\" content=\"summary_large_image\" \/>\n<meta name=\"twitter:label1\" content=\"Dur\u00e9e de lecture estim\u00e9e\" \/>\n\t<meta name=\"twitter:data1\" content=\"3 minutes\" \/>\n<script type=\"application\/ld+json\" class=\"yoast-schema-graph\">{\"@context\":\"https:\\\/\\\/schema.org\",\"@graph\":[{\"@type\":\"WebPage\",\"@id\":\"https:\\\/\\\/xactskateshop.com\\\/fr\\\/produit\\\/gants-de-patinage-bont\\\/\",\"url\":\"https:\\\/\\\/xactskateshop.com\\\/fr\\\/produit\\\/gants-de-patinage-bont\\\/\",\"name\":\"Gants de patinage BONT - Xact Skate Shop\",\"isPartOf\":{\"@id\":\"http:\\\/\\\/xactskateshop.com\\\/fr\\\/#website\"},\"primaryImageOfPage\":{\"@id\":\"https:\\\/\\\/xactskateshop.com\\\/fr\\\/produit\\\/gants-de-patinage-bont\\\/#primaryimage\"},\"image\":{\"@id\":\"https:\\\/\\\/xactskateshop.com\\\/fr\\\/produit\\\/gants-de-patinage-bont\\\/#primaryimage\"},\"thumbnailUrl\":\"https:\\\/\\\/xactskateshop.com\\\/wp-content\\\/uploads\\\/2020\\\/09\\\/ST-Cut-Proof-Glove.jpg\",\"datePublished\":\"2020-09-30T19:27:21+00:00\",\"dateModified\":\"2026-04-09T13:59:19+00:00\",\"description\":\"Les gants en dyneema de Bont sont r\u00e9sistants aux coupures, confortables et offrent une grande protection avec une r\u00e9sistance aux coupures de niveau 4 et sont disponibles en 6 tailles.\",\"breadcrumb\":{\"@id\":\"https:\\\/\\\/xactskateshop.com\\\/fr\\\/produit\\\/gants-de-patinage-bont\\\/#breadcrumb\"},\"inLanguage\":\"fr-FR\",\"potentialAction\":[{\"@type\":\"ReadAction\",\"target\":[\"https:\\\/\\\/xactskateshop.com\\\/fr\\\/produit\\\/gants-de-patinage-bont\\\/\"]}]},{\"@type\":\"ImageObject\",\"inLanguage\":\"fr-FR\",\"@id\":\"https:\\\/\\\/xactskateshop.com\\\/fr\\\/produit\\\/gants-de-patinage-bont\\\/#primaryimage\",\"url\":\"https:\\\/\\\/xactskateshop.com\\\/wp-content\\\/uploads\\\/2020\\\/09\\\/ST-Cut-Proof-Glove.jpg\",\"contentUrl\":\"https:\\\/\\\/xactskateshop.com\\\/wp-content\\\/uploads\\\/2020\\\/09\\\/ST-Cut-Proof-Glove.jpg\",\"width\":1000,\"height\":1000,\"caption\":\"gants bont dyneema\"},{\"@type\":\"BreadcrumbList\",\"@id\":\"https:\\\/\\\/xactskateshop.com\\\/fr\\\/produit\\\/gants-de-patinage-bont\\\/#breadcrumb\",\"itemListElement\":[{\"@type\":\"ListItem\",\"position\":1,\"name\":\"Home\",\"item\":\"https:\\\/\\\/xactskateshop.com\\\/fr\\\/accueil\\\/\"},{\"@type\":\"ListItem\",\"position\":2,\"name\":\"Boutique\",\"item\":\"https:\\\/\\\/xactskateshop.com\\\/shop\\\/\"},{\"@type\":\"ListItem\",\"position\":3,\"name\":\"Gants de patinage BONT\"}]},{\"@type\":\"WebSite\",\"@id\":\"http:\\\/\\\/xactskateshop.com\\\/fr\\\/#website\",\"url\":\"http:\\\/\\\/xactskateshop.com\\\/fr\\\/\",\"name\":\"Xact Skate Shop\",\"description\":\"Un site utilisant WordPress\",\"publisher\":{\"@id\":\"http:\\\/\\\/xactskateshop.com\\\/fr\\\/#organization\"},\"potentialAction\":[{\"@type\":\"SearchAction\",\"target\":{\"@type\":\"EntryPoint\",\"urlTemplate\":\"http:\\\/\\\/xactskateshop.com\\\/fr\\\/?s={search_term_string}\"},\"query-input\":{\"@type\":\"PropertyValueSpecification\",\"valueRequired\":true,\"valueName\":\"search_term_string\"}}],\"inLanguage\":\"fr-FR\"},{\"@type\":\"Organization\",\"@id\":\"http:\\\/\\\/xactskateshop.com\\\/fr\\\/#organization\",\"name\":\"XACT Skate Shop\",\"url\":\"http:\\\/\\\/xactskateshop.com\\\/fr\\\/\",\"logo\":{\"@type\":\"ImageObject\",\"inLanguage\":\"fr-FR\",\"@id\":\"http:\\\/\\\/xactskateshop.com\\\/fr\\\/#\\\/schema\\\/logo\\\/image\\\/\",\"url\":\"http:\\\/\\\/xactskateshop.com\\\/wp-content\\\/uploads\\\/2024\\\/04\\\/xactskateshop-dot-com-avec-contour-noir-sans-fond-675x.jpg\",\"contentUrl\":\"http:\\\/\\\/xactskateshop.com\\\/wp-content\\\/uploads\\\/2024\\\/04\\\/xactskateshop-dot-com-avec-contour-noir-sans-fond-675x.jpg\",\"width\":675,\"height\":247,\"caption\":\"XACT Skate Shop\"},\"image\":{\"@id\":\"http:\\\/\\\/xactskateshop.com\\\/fr\\\/#\\\/schema\\\/logo\\\/image\\\/\"},\"sameAs\":[\"https:\\\/\\\/www.facebook.com\\\/JeanLouiskateshop\"]}]}<\/script>\n<!-- \/ Yoast SEO plugin. -->","yoast_head_json":{"title":"Gants de patinage BONT - Xact Skate Shop","description":"Les gants en dyneema de Bont sont r\u00e9sistants aux coupures, confortables et offrent une grande protection avec une r\u00e9sistance aux coupures de niveau 4 et sont disponibles en 6 tailles.","robots":{"index":"index","follow":"follow","max-snippet":"max-snippet:-1","max-image-preview":"max-image-preview:large","max-video-preview":"max-video-preview:-1"},"canonical":"https:\/\/xactskateshop.com\/fr\/produit\/gants-de-patinage-bont\/","og_locale":"fr_FR","og_type":"article","og_title":"Gants de patinage BONT - Xact Skate Shop","og_description":"Les gants en dyneema de Bont sont r\u00e9sistants aux coupures, confortables et offrent une grande protection avec une r\u00e9sistance aux coupures de niveau 4 et sont disponibles en 6 tailles.","og_url":"https:\/\/xactskateshop.com\/fr\/produit\/gants-de-patinage-bont\/","og_site_name":"Xact Skate Shop","article_publisher":"https:\/\/www.facebook.com\/JeanLouiskateshop","article_modified_time":"2026-04-09T13:59:19+00:00","og_image":[{"width":1000,"height":1000,"url":"https:\/\/xactskateshop.com\/wp-content\/uploads\/2020\/09\/ST-Cut-Proof-Glove.jpg","type":"image\/jpeg"}],"twitter_card":"summary_large_image","twitter_misc":{"Dur\u00e9e de lecture estim\u00e9e":"3 minutes"},"schema":{"@context":"https:\/\/schema.org","@graph":[{"@type":"WebPage","@id":"https:\/\/xactskateshop.com\/fr\/produit\/gants-de-patinage-bont\/","url":"https:\/\/xactskateshop.com\/fr\/produit\/gants-de-patinage-bont\/","name":"Gants de patinage BONT - Xact Skate Shop","isPartOf":{"@id":"http:\/\/xactskateshop.com\/fr\/#website"},"primaryImageOfPage":{"@id":"https:\/\/xactskateshop.com\/fr\/produit\/gants-de-patinage-bont\/#primaryimage"},"image":{"@id":"https:\/\/xactskateshop.com\/fr\/produit\/gants-de-patinage-bont\/#primaryimage"},"thumbnailUrl":"https:\/\/xactskateshop.com\/wp-content\/uploads\/2020\/09\/ST-Cut-Proof-Glove.jpg","datePublished":"2020-09-30T19:27:21+00:00","dateModified":"2026-04-09T13:59:19+00:00","description":"Les gants en dyneema de Bont sont r\u00e9sistants aux coupures, confortables et offrent une grande protection avec une r\u00e9sistance aux coupures de niveau 4 et sont disponibles en 6 tailles.","breadcrumb":{"@id":"https:\/\/xactskateshop.com\/fr\/produit\/gants-de-patinage-bont\/#breadcrumb"},"inLanguage":"fr-FR","potentialAction":[{"@type":"ReadAction","target":["https:\/\/xactskateshop.com\/fr\/produit\/gants-de-patinage-bont\/"]}]},{"@type":"ImageObject","inLanguage":"fr-FR","@id":"https:\/\/xactskateshop.com\/fr\/produit\/gants-de-patinage-bont\/#primaryimage","url":"https:\/\/xactskateshop.com\/wp-content\/uploads\/2020\/09\/ST-Cut-Proof-Glove.jpg","contentUrl":"https:\/\/xactskateshop.com\/wp-content\/uploads\/2020\/09\/ST-Cut-Proof-Glove.jpg","width":1000,"height":1000,"caption":"gants bont dyneema"},{"@type":"BreadcrumbList","@id":"https:\/\/xactskateshop.com\/fr\/produit\/gants-de-patinage-bont\/#breadcrumb","itemListElement":[{"@type":"ListItem","position":1,"name":"Home","item":"https:\/\/xactskateshop.com\/fr\/accueil\/"},{"@type":"ListItem","position":2,"name":"Boutique","item":"https:\/\/xactskateshop.com\/shop\/"},{"@type":"ListItem","position":3,"name":"Gants de patinage BONT"}]},{"@type":"WebSite","@id":"http:\/\/xactskateshop.com\/fr\/#website","url":"http:\/\/xactskateshop.com\/fr\/","name":"Xact Skate Shop","description":"Un site utilisant WordPress","publisher":{"@id":"http:\/\/xactskateshop.com\/fr\/#organization"},"potentialAction":[{"@type":"SearchAction","target":{"@type":"EntryPoint","urlTemplate":"http:\/\/xactskateshop.com\/fr\/?s={search_term_string}"},"query-input":{"@type":"PropertyValueSpecification","valueRequired":true,"valueName":"search_term_string"}}],"inLanguage":"fr-FR"},{"@type":"Organization","@id":"http:\/\/xactskateshop.com\/fr\/#organization","name":"XACT Skate Shop","url":"http:\/\/xactskateshop.com\/fr\/","logo":{"@type":"ImageObject","inLanguage":"fr-FR","@id":"http:\/\/xactskateshop.com\/fr\/#\/schema\/logo\/image\/","url":"http:\/\/xactskateshop.com\/wp-content\/uploads\/2024\/04\/xactskateshop-dot-com-avec-contour-noir-sans-fond-675x.jpg","contentUrl":"http:\/\/xactskateshop.com\/wp-content\/uploads\/2024\/04\/xactskateshop-dot-com-avec-contour-noir-sans-fond-675x.jpg","width":675,"height":247,"caption":"XACT Skate Shop"},"image":{"@id":"http:\/\/xactskateshop.com\/fr\/#\/schema\/logo\/image\/"},"sameAs":["https:\/\/www.facebook.com\/JeanLouiskateshop"]}]}},"_links":{"self":[{"href":"https:\/\/xactskateshop.com\/fr\/wp-json\/wp\/v2\/product\/65058","targetHints":{"allow":["GET"]}}],"collection":[{"href":"https:\/\/xactskateshop.com\/fr\/wp-json\/wp\/v2\/product"}],"about":[{"href":"https:\/\/xactskateshop.com\/fr\/wp-json\/wp\/v2\/types\/product"}],"replies":[{"embeddable":true,"href":"https:\/\/xactskateshop.com\/fr\/wp-json\/wp\/v2\/comments?post=65058"}],"wp:featuredmedia":[{"embeddable":true,"href":"https:\/\/xactskateshop.com\/fr\/wp-json\/wp\/v2\/media\/27932"}],"wp:attachment":[{"href":"https:\/\/xactskateshop.com\/fr\/wp-json\/wp\/v2\/media?parent=65058"}],"wp:term":[{"taxonomy":"product_brand","embeddable":true,"href":"https:\/\/xactskateshop.com\/fr\/wp-json\/wp\/v2\/product_brand?post=65058"},{"taxonomy":"product_cat","embeddable":true,"href":"https:\/\/xactskateshop.com\/fr\/wp-json\/wp\/v2\/product_cat?post=65058"},{"taxonomy":"product_tag","embeddable":true,"href":"https:\/\/xactskateshop.com\/fr\/wp-json\/wp\/v2\/product_tag?post=65058"}],"curies":[{"name":"wp","href":"https:\/\/api.w.org\/{rel}","templated":true}]}}