{"id":65050,"date":"2020-10-03T11:54:48","date_gmt":"2020-10-03T15:54:48","guid":{"rendered":"http:\/\/xactskateshop.com\/product\/manchettes-de-cheville-resistantes-aux-coupures-xact-x-series-double-couche\/"},"modified":"2026-03-17T08:03:03","modified_gmt":"2026-03-17T12:03:03","slug":"manchettes-de-cheville-resistantes-aux-coupures-xact-x-series-double-couche","status":"publish","type":"product","link":"https:\/\/xactskateshop.com\/fr\/produit\/manchettes-de-cheville-resistantes-aux-coupures-xact-x-series-double-couche\/","title":{"rendered":"Manchettes de cheville Anti-Lac\u00e9rations X-Series &#8211; Double couche"},"content":{"rendered":"<div id=\"product-content\" class=\"product-content general-content content-col mobile-popup\" data-popup=\"product-content\">\n<div class=\"popup-inner\">\n<div id=\"product-content\" class=\"product-content general-content content-col mobile-popup\" data-popup=\"product-content\">\n<h2>Manchettes de cheville Anti-Lac\u00e9rations X-Series &#8211; Double couche<\/h2>\n<p>Manchettes de cheville \u00e0 taille unique, anti-lac\u00e9rations, niveau de r\u00e9sistance 2 EN388 ! Combinaison de super fibres avec du polyester et de l&#8217;\u00e9lastane qui offre des <span style=\"font-size: 16px; font-style: normal; font-weight: 400;\">propri\u00e9t\u00e9s \u00e9lastiques avanc\u00e9es. Technologie &#8220;Hollow Fiber&#8221;, antiallergique.<\/span> <\/p>\n<h3>Offrez \u00e0 votre cheville la meilleure protection !<\/h3>\n<ul>\n<li>Nos manchettes de cheville r\u00e9sistantes aux coupures sont de taille unique.<\/li>\n<li>R\u00e9sistance : Niveau 2 EN388<\/li>\n<li>Super fibre combin\u00e9e avec du polyester et de l&#8217;\u00e9lastane<\/li>\n<li>Propri\u00e9t\u00e9s \u00e9lastiques avanc\u00e9es Technologie &#8220;Hollow Fiber&#8221;, Anti-allergique<\/li>\n<li>Conformit\u00e9 au r\u00e8glement 1265 de l&#8217;ISU<\/li>\n<li>Plus \u00e9lastique, plus confortable, tr\u00e8s bien ajust\u00e9 !<\/li>\n<\/ul>\n<p><strong>***Double couche, obtenez les couches simples <a href=\"http:\/\/xactskateshop.com\/product\/cut-resistant-ankle-cuff-xact-x-series-cut-resistant-ankle-cuffs-single-layer\/\">ici!***<\/a><\/strong><\/p>\n<h2><\/h2>\n<h2 class=\"pt0\">Poly\u00e9thyl\u00e8ne \u00e0 poids mol\u00e9culaire ultra \u00e9lev\u00e9<\/h2>\n<p class=\"mb0\">Nos manchettes de cheville r\u00e9sistantes aux coupures sont fabriqu\u00e9es \u00e0 partir de fibres de poly\u00e9thyl\u00e8ne \u00e0 tr\u00e8s haut poids mol\u00e9culaire, abr\u00e9g\u00e9 en UHMWPE. Cette fibre poss\u00e8de d&#8217;excellentes propri\u00e9t\u00e9s telles qu&#8217;une grande solidit\u00e9, une r\u00e9sistance aux chocs, une r\u00e9sistance \u00e0 l&#8217;abrasion, une autolubrification, une r\u00e9sistance \u00e0 la corrosion chimique, une r\u00e9sistance aux basses temp\u00e9ratures, etc. C&#8217;est un mat\u00e9riau id\u00e9al pour les proth\u00e8ses articulaires artificielles. Il est \u00e9galement largement utilis\u00e9 dans l&#8217;aviation, la transplantation m\u00e9dicale, l&#8217;industrie textile, la papeterie et bien d&#8217;autres domaines. Dans l&#8217;ensemble, il existe deux processus de production : le processus de filage \u00e0 sec avec de la d\u00e9caline comme solvant, mis au point par la soci\u00e9t\u00e9 DSM des Pays-Bas, et le processus de filage humide avec de l&#8217;eau. L&#8217;autre est le proc\u00e9d\u00e9 de filature humide avec de l&#8217;huile blanche comme solvant, mis au point par la soci\u00e9t\u00e9 Honeywell des \u00c9tats-Unis.     <\/p>\n<p class=\"mb0\">La fibre pr\u00e9par\u00e9e par filage \u00e0 sec pr\u00e9sente les caract\u00e9ristiques suivantes : denier fin et r\u00e9sistance \u00e9lev\u00e9e, sensation de douceur, bonne filabilit\u00e9 et absence de r\u00e9sidus de solvants, etc. Dans le m\u00eame temps, la fibre est transform\u00e9e en gants r\u00e9sistants aux coupures. Ces gants ont une poign\u00e9e plus douce, une meilleure absorption de l&#8217;humidit\u00e9 et un effet de transpiration, et sont confortables \u00e0 porter<a href=\"https:\/\/www.frontiersin.org\/articles\/10.3389\/fchem.2021.745467\/full#B47\">(Wang et Zhang, 2020<\/a>). Le poids mol\u00e9culaire de l&#8217;UHMWPE est sup\u00e9rieur \u00e0 1 million. Il s&#8217;agit d&#8217;une sorte de poudre blanche laiteuse, lin\u00e9aire et de haute densit\u00e9. Sa structure est r\u00e9guli\u00e8re et facile \u00e0 cristalliser, la cha\u00eene mol\u00e9culaire dans le r\u00e9seau cristallin a une forme plane en zigzag. Il n&#8217;y a pas de groupes polaires dans la cha\u00eene mol\u00e9culaire, et son activit\u00e9 de r\u00e9action est inf\u00e9rieure \u00e0 celle du PPTA.      C&#8217;est pourquoi des travaux de recherche ont \u00e9t\u00e9 men\u00e9s sur le traitement de surface des fibres, comme l&#8217;oxydation \u00e0 la flamme, la corrosion chimique, le traitement au plasma \u00e0 basse temp\u00e9rature et ainsi de suite, afin de rem\u00e9dier \u00e0 ce d\u00e9faut des fibres UHMWPE.<\/p>\n<h3><\/h3>\n<h3>Test EN-388<\/h3>\n<p>Enfin, nos manchettes de cheville r\u00e9sistantes aux coupures sont conformes \u00e0 la norme europ\u00e9enne EN 388:2016+A1:2018 &#8211; &#8220;Gants de protection contre les risques m\u00e9caniques&#8221; a \u00e9t\u00e9 publi\u00e9e pour remplacer la norme EN 388:2003. Les gants de protection \u00e0 usage g\u00e9n\u00e9ral repr\u00e9sentent la plus grande part de march\u00e9 de tous les \u00e9quipements de protection individuelle (EPI) vendus et prot\u00e8gent les porteurs contre un large \u00e9ventail de dangers.<\/p>\n<p>Pour aider les utilisateurs \u00e0 choisir des gants appropri\u00e9s, plusieurs normes de s\u00e9curit\u00e9 europ\u00e9ennes &#8211; dont EN 388:2016+A1:2018 &#8211; ont \u00e9t\u00e9 \u00e9labor\u00e9es, permettant de d\u00e9finir des niveaux de protection contre diff\u00e9rents risques. Ces niveaux de protection d\u00e9finis permettent de choisir des gants appropri\u00e9s, en fonction des dangers et des risques identifi\u00e9s pour une activit\u00e9 professionnelle sp\u00e9cifique.<\/p>\n<p>Pour en savoir plus sur le test En-388 <a href=\"https:\/\/www.satra.com\/spotlight\/article.php?id=488\">, cliquez ici !<\/a><\/p>\n<\/div>\n<\/div>\n<\/div>\n","protected":false},"excerpt":{"rendered":"<p>&nbsp;<\/p>\n<p>&nbsp;<\/p>\n<hr>\n<p style=\"text-align: center;\">Manchettes de cheville \u00e0 taille unique, anti-lac\u00e9rations, niveau de r\u00e9sistance 2 EN388 ! Combinaison de super fibres avec du polyester et de l&#8217;\u00e9lastane qui offre des<span style=\"font-size: 16px; font-style: normal; font-weight: 400;\">propri\u00e9t\u00e9s \u00e9lastiques avanc\u00e9es. Technologie &#8220;Hollow Fiber&#8221;, antiallergique.<\/span> <\/p>\n<hr>\n<p>&nbsp;<\/p>\n","protected":false},"featured_media":29660,"comment_status":"open","ping_status":"closed","template":"","meta":{"site-sidebar-layout":"default","site-content-layout":"default","ast-site-content-layout":"default","site-content-style":"default","site-sidebar-style":"default","ast-global-header-display":"","ast-banner-title-visibility":"","ast-main-header-display":"","ast-hfb-above-header-display":"","ast-hfb-below-header-display":"","ast-hfb-mobile-header-display":"","site-post-title":"","ast-breadcrumbs-content":"","ast-featured-img":"","footer-sml-layout":"","theme-transparent-header-meta":"default","adv-header-id-meta":"","stick-header-meta":"","header-above-stick-meta":"","header-main-stick-meta":"","header-below-stick-meta":"","astra-migrate-meta-layouts":"set","ast-page-background-enabled":"default","ast-page-background-meta":{"desktop":{"background-color":"","background-image":"","background-repeat":"repeat","background-position":"center center","background-size":"auto","background-attachment":"scroll","background-type":"","background-media":"","overlay-type":"","overlay-color":"","overlay-opacity":"","overlay-gradient":""},"tablet":{"background-color":"","background-image":"","background-repeat":"repeat","background-position":"center center","background-size":"auto","background-attachment":"scroll","background-type":"","background-media":"","overlay-type":"","overlay-color":"","overlay-opacity":"","overlay-gradient":""},"mobile":{"background-color":"","background-image":"","background-repeat":"repeat","background-position":"center center","background-size":"auto","background-attachment":"scroll","background-type":"","background-media":"","overlay-type":"","overlay-color":"","overlay-opacity":"","overlay-gradient":""}},"ast-content-background-meta":{"desktop":{"background-color":"var(--ast-global-color-5)","background-image":"","background-repeat":"repeat","background-position":"center center","background-size":"auto","background-attachment":"scroll","background-type":"","background-media":"","overlay-type":"","overlay-color":"","overlay-opacity":"","overlay-gradient":""},"tablet":{"background-color":"var(--ast-global-color-5)","background-image":"","background-repeat":"repeat","background-position":"center center","background-size":"auto","background-attachment":"scroll","background-type":"","background-media":"","overlay-type":"","overlay-color":"","overlay-opacity":"","overlay-gradient":""},"mobile":{"background-color":"var(--ast-global-color-5)","background-image":"","background-repeat":"repeat","background-position":"center center","background-size":"auto","background-attachment":"scroll","background-type":"","background-media":"","overlay-type":"","overlay-color":"","overlay-opacity":"","overlay-gradient":""}}},"product_brand":[],"product_cat":[1612,1353,1526],"product_tag":[1356,1631,1634,1403,1628,1635],"class_list":{"0":"post-65050","1":"product","2":"type-product","3":"status-publish","4":"has-post-thumbnail","6":"product_cat-equipement-de-protection-patinage-de-vitesse-courte-piste","7":"product_cat-patinage-de-vitesse","8":"product_cat-protege-chevilles-et-chaussettes","9":"product_tag-courte-piste-fr","10":"product_tag-manchettes-de-cheville-resistantes-aux-coupures","11":"product_tag-materiau-resistant-aux-coupures","12":"product_tag-patinage-de-vitesse","13":"product_tag-poignets-de-cheville","14":"product_tag-xact-skate-shop-fr","15":"desktop-align-center","16":"tablet-align-center","17":"mobile-align-center","18":"ast-product-gallery-layout-horizontal","19":"ast-product-gallery-with-no-image","20":"ast-product-tabs-layout-horizontal","21":"ast-qv-on-image","23":"first","24":"instock","25":"taxable","26":"shipping-taxable","27":"purchasable","28":"product-type-simple"},"bundled_by":[],"bundle_stock_status":"instock","bundle_stock_quantity":58,"bundle_virtual":false,"bundle_layout":"","bundle_add_to_cart_form_location":"","bundle_editable_in_cart":false,"bundle_sold_individually_context":"","bundle_item_grouping":"","bundle_min_size":"","bundle_max_size":"","bundle_price":[],"bundled_items":[],"bundle_sell_ids":[],"yoast_head":"<!-- This site is optimized with the Yoast SEO plugin v27.3 - https:\/\/yoast.com\/product\/yoast-seo-wordpress\/ -->\n<title>Manchettes de cheville anti-lac\u00e9rations - Xact Skate Shop.<\/title>\n<meta name=\"description\" content=\"Manchettes de cheville anti-lac\u00e9rations. R\u00e9sistance \u00e0 la coupure niveau 2 EN388 Conforme au r\u00e8glement ISU 1265 Plus \u00e9lastique, plus confortable, tr\u00e8s confortable !\" \/>\n<meta name=\"robots\" content=\"index, follow, max-snippet:-1, max-image-preview:large, max-video-preview:-1\" \/>\n<link rel=\"canonical\" href=\"https:\/\/xactskateshop.com\/fr\/produit\/manchettes-de-cheville-resistantes-aux-coupures-xact-x-series-double-couche\/\" \/>\n<meta property=\"og:locale\" content=\"fr_FR\" \/>\n<meta property=\"og:type\" content=\"article\" \/>\n<meta property=\"og:title\" content=\"Manchettes de cheville anti-lac\u00e9rations - Xact Skate Shop.\" \/>\n<meta property=\"og:description\" content=\"Manchettes de cheville anti-lac\u00e9rations. R\u00e9sistance \u00e0 la coupure niveau 2 EN388 Conforme au r\u00e8glement ISU 1265 Plus \u00e9lastique, plus confortable, tr\u00e8s confortable !\" \/>\n<meta property=\"og:url\" content=\"https:\/\/xactskateshop.com\/fr\/produit\/manchettes-de-cheville-resistantes-aux-coupures-xact-x-series-double-couche\/\" \/>\n<meta property=\"og:site_name\" content=\"Xact Skate Shop\" \/>\n<meta property=\"article:publisher\" content=\"https:\/\/www.facebook.com\/JeanLouiskateshop\" \/>\n<meta property=\"article:modified_time\" content=\"2026-03-17T12:03:03+00:00\" \/>\n<meta property=\"og:image\" content=\"https:\/\/xactskateshop.com\/wp-content\/uploads\/2020\/10\/ankle-cuff-web-1.jpg\" \/>\n\t<meta property=\"og:image:width\" content=\"1000\" \/>\n\t<meta property=\"og:image:height\" content=\"1000\" \/>\n\t<meta property=\"og:image:type\" content=\"image\/jpeg\" \/>\n<meta name=\"twitter:card\" content=\"summary_large_image\" \/>\n<meta name=\"twitter:label1\" content=\"Dur\u00e9e de lecture estim\u00e9e\" \/>\n\t<meta name=\"twitter:data1\" content=\"3 minutes\" \/>\n<script type=\"application\/ld+json\" class=\"yoast-schema-graph\">{\"@context\":\"https:\\\/\\\/schema.org\",\"@graph\":[{\"@type\":\"WebPage\",\"@id\":\"https:\\\/\\\/xactskateshop.com\\\/fr\\\/produit\\\/manchettes-de-cheville-resistantes-aux-coupures-xact-x-series-double-couche\\\/\",\"url\":\"https:\\\/\\\/xactskateshop.com\\\/fr\\\/produit\\\/manchettes-de-cheville-resistantes-aux-coupures-xact-x-series-double-couche\\\/\",\"name\":\"Manchettes de cheville anti-lac\u00e9rations - Xact Skate Shop.\",\"isPartOf\":{\"@id\":\"http:\\\/\\\/xactskateshop.com\\\/fr\\\/#website\"},\"primaryImageOfPage\":{\"@id\":\"https:\\\/\\\/xactskateshop.com\\\/fr\\\/produit\\\/manchettes-de-cheville-resistantes-aux-coupures-xact-x-series-double-couche\\\/#primaryimage\"},\"image\":{\"@id\":\"https:\\\/\\\/xactskateshop.com\\\/fr\\\/produit\\\/manchettes-de-cheville-resistantes-aux-coupures-xact-x-series-double-couche\\\/#primaryimage\"},\"thumbnailUrl\":\"https:\\\/\\\/xactskateshop.com\\\/wp-content\\\/uploads\\\/2020\\\/10\\\/ankle-cuff-web-1.jpg\",\"datePublished\":\"2020-10-03T15:54:48+00:00\",\"dateModified\":\"2026-03-17T12:03:03+00:00\",\"description\":\"Manchettes de cheville anti-lac\u00e9rations. R\u00e9sistance \u00e0 la coupure niveau 2 EN388 Conforme au r\u00e8glement ISU 1265 Plus \u00e9lastique, plus confortable, tr\u00e8s confortable !\",\"breadcrumb\":{\"@id\":\"https:\\\/\\\/xactskateshop.com\\\/fr\\\/produit\\\/manchettes-de-cheville-resistantes-aux-coupures-xact-x-series-double-couche\\\/#breadcrumb\"},\"inLanguage\":\"fr-FR\",\"potentialAction\":[{\"@type\":\"ReadAction\",\"target\":[\"https:\\\/\\\/xactskateshop.com\\\/fr\\\/produit\\\/manchettes-de-cheville-resistantes-aux-coupures-xact-x-series-double-couche\\\/\"]}]},{\"@type\":\"ImageObject\",\"inLanguage\":\"fr-FR\",\"@id\":\"https:\\\/\\\/xactskateshop.com\\\/fr\\\/produit\\\/manchettes-de-cheville-resistantes-aux-coupures-xact-x-series-double-couche\\\/#primaryimage\",\"url\":\"https:\\\/\\\/xactskateshop.com\\\/wp-content\\\/uploads\\\/2020\\\/10\\\/ankle-cuff-web-1.jpg\",\"contentUrl\":\"https:\\\/\\\/xactskateshop.com\\\/wp-content\\\/uploads\\\/2020\\\/10\\\/ankle-cuff-web-1.jpg\",\"width\":1000,\"height\":1000,\"caption\":\"Manchettes de cheville r\u00e9sistantes aux coupures\"},{\"@type\":\"BreadcrumbList\",\"@id\":\"https:\\\/\\\/xactskateshop.com\\\/fr\\\/produit\\\/manchettes-de-cheville-resistantes-aux-coupures-xact-x-series-double-couche\\\/#breadcrumb\",\"itemListElement\":[{\"@type\":\"ListItem\",\"position\":1,\"name\":\"Home\",\"item\":\"https:\\\/\\\/xactskateshop.com\\\/fr\\\/accueil\\\/\"},{\"@type\":\"ListItem\",\"position\":2,\"name\":\"Boutique\",\"item\":\"https:\\\/\\\/xactskateshop.com\\\/shop\\\/\"},{\"@type\":\"ListItem\",\"position\":3,\"name\":\"Manchettes de cheville Anti-Lac\u00e9rations X-Series &#8211; Double couche\"}]},{\"@type\":\"WebSite\",\"@id\":\"http:\\\/\\\/xactskateshop.com\\\/fr\\\/#website\",\"url\":\"http:\\\/\\\/xactskateshop.com\\\/fr\\\/\",\"name\":\"Xact Skate Shop\",\"description\":\"Un site utilisant WordPress\",\"publisher\":{\"@id\":\"http:\\\/\\\/xactskateshop.com\\\/fr\\\/#organization\"},\"potentialAction\":[{\"@type\":\"SearchAction\",\"target\":{\"@type\":\"EntryPoint\",\"urlTemplate\":\"http:\\\/\\\/xactskateshop.com\\\/fr\\\/?s={search_term_string}\"},\"query-input\":{\"@type\":\"PropertyValueSpecification\",\"valueRequired\":true,\"valueName\":\"search_term_string\"}}],\"inLanguage\":\"fr-FR\"},{\"@type\":\"Organization\",\"@id\":\"http:\\\/\\\/xactskateshop.com\\\/fr\\\/#organization\",\"name\":\"XACT Skate Shop\",\"url\":\"http:\\\/\\\/xactskateshop.com\\\/fr\\\/\",\"logo\":{\"@type\":\"ImageObject\",\"inLanguage\":\"fr-FR\",\"@id\":\"http:\\\/\\\/xactskateshop.com\\\/fr\\\/#\\\/schema\\\/logo\\\/image\\\/\",\"url\":\"http:\\\/\\\/xactskateshop.com\\\/wp-content\\\/uploads\\\/2024\\\/04\\\/xactskateshop-dot-com-avec-contour-noir-sans-fond-675x.jpg\",\"contentUrl\":\"http:\\\/\\\/xactskateshop.com\\\/wp-content\\\/uploads\\\/2024\\\/04\\\/xactskateshop-dot-com-avec-contour-noir-sans-fond-675x.jpg\",\"width\":675,\"height\":247,\"caption\":\"XACT Skate Shop\"},\"image\":{\"@id\":\"http:\\\/\\\/xactskateshop.com\\\/fr\\\/#\\\/schema\\\/logo\\\/image\\\/\"},\"sameAs\":[\"https:\\\/\\\/www.facebook.com\\\/JeanLouiskateshop\"]}]}<\/script>\n<!-- \/ Yoast SEO plugin. -->","yoast_head_json":{"title":"Manchettes de cheville anti-lac\u00e9rations - Xact Skate Shop.","description":"Manchettes de cheville anti-lac\u00e9rations. R\u00e9sistance \u00e0 la coupure niveau 2 EN388 Conforme au r\u00e8glement ISU 1265 Plus \u00e9lastique, plus confortable, tr\u00e8s confortable !","robots":{"index":"index","follow":"follow","max-snippet":"max-snippet:-1","max-image-preview":"max-image-preview:large","max-video-preview":"max-video-preview:-1"},"canonical":"https:\/\/xactskateshop.com\/fr\/produit\/manchettes-de-cheville-resistantes-aux-coupures-xact-x-series-double-couche\/","og_locale":"fr_FR","og_type":"article","og_title":"Manchettes de cheville anti-lac\u00e9rations - Xact Skate Shop.","og_description":"Manchettes de cheville anti-lac\u00e9rations. R\u00e9sistance \u00e0 la coupure niveau 2 EN388 Conforme au r\u00e8glement ISU 1265 Plus \u00e9lastique, plus confortable, tr\u00e8s confortable !","og_url":"https:\/\/xactskateshop.com\/fr\/produit\/manchettes-de-cheville-resistantes-aux-coupures-xact-x-series-double-couche\/","og_site_name":"Xact Skate Shop","article_publisher":"https:\/\/www.facebook.com\/JeanLouiskateshop","article_modified_time":"2026-03-17T12:03:03+00:00","og_image":[{"width":1000,"height":1000,"url":"https:\/\/xactskateshop.com\/wp-content\/uploads\/2020\/10\/ankle-cuff-web-1.jpg","type":"image\/jpeg"}],"twitter_card":"summary_large_image","twitter_misc":{"Dur\u00e9e de lecture estim\u00e9e":"3 minutes"},"schema":{"@context":"https:\/\/schema.org","@graph":[{"@type":"WebPage","@id":"https:\/\/xactskateshop.com\/fr\/produit\/manchettes-de-cheville-resistantes-aux-coupures-xact-x-series-double-couche\/","url":"https:\/\/xactskateshop.com\/fr\/produit\/manchettes-de-cheville-resistantes-aux-coupures-xact-x-series-double-couche\/","name":"Manchettes de cheville anti-lac\u00e9rations - Xact Skate Shop.","isPartOf":{"@id":"http:\/\/xactskateshop.com\/fr\/#website"},"primaryImageOfPage":{"@id":"https:\/\/xactskateshop.com\/fr\/produit\/manchettes-de-cheville-resistantes-aux-coupures-xact-x-series-double-couche\/#primaryimage"},"image":{"@id":"https:\/\/xactskateshop.com\/fr\/produit\/manchettes-de-cheville-resistantes-aux-coupures-xact-x-series-double-couche\/#primaryimage"},"thumbnailUrl":"https:\/\/xactskateshop.com\/wp-content\/uploads\/2020\/10\/ankle-cuff-web-1.jpg","datePublished":"2020-10-03T15:54:48+00:00","dateModified":"2026-03-17T12:03:03+00:00","description":"Manchettes de cheville anti-lac\u00e9rations. R\u00e9sistance \u00e0 la coupure niveau 2 EN388 Conforme au r\u00e8glement ISU 1265 Plus \u00e9lastique, plus confortable, tr\u00e8s confortable !","breadcrumb":{"@id":"https:\/\/xactskateshop.com\/fr\/produit\/manchettes-de-cheville-resistantes-aux-coupures-xact-x-series-double-couche\/#breadcrumb"},"inLanguage":"fr-FR","potentialAction":[{"@type":"ReadAction","target":["https:\/\/xactskateshop.com\/fr\/produit\/manchettes-de-cheville-resistantes-aux-coupures-xact-x-series-double-couche\/"]}]},{"@type":"ImageObject","inLanguage":"fr-FR","@id":"https:\/\/xactskateshop.com\/fr\/produit\/manchettes-de-cheville-resistantes-aux-coupures-xact-x-series-double-couche\/#primaryimage","url":"https:\/\/xactskateshop.com\/wp-content\/uploads\/2020\/10\/ankle-cuff-web-1.jpg","contentUrl":"https:\/\/xactskateshop.com\/wp-content\/uploads\/2020\/10\/ankle-cuff-web-1.jpg","width":1000,"height":1000,"caption":"Manchettes de cheville r\u00e9sistantes aux coupures"},{"@type":"BreadcrumbList","@id":"https:\/\/xactskateshop.com\/fr\/produit\/manchettes-de-cheville-resistantes-aux-coupures-xact-x-series-double-couche\/#breadcrumb","itemListElement":[{"@type":"ListItem","position":1,"name":"Home","item":"https:\/\/xactskateshop.com\/fr\/accueil\/"},{"@type":"ListItem","position":2,"name":"Boutique","item":"https:\/\/xactskateshop.com\/shop\/"},{"@type":"ListItem","position":3,"name":"Manchettes de cheville Anti-Lac\u00e9rations X-Series &#8211; Double couche"}]},{"@type":"WebSite","@id":"http:\/\/xactskateshop.com\/fr\/#website","url":"http:\/\/xactskateshop.com\/fr\/","name":"Xact Skate Shop","description":"Un site utilisant WordPress","publisher":{"@id":"http:\/\/xactskateshop.com\/fr\/#organization"},"potentialAction":[{"@type":"SearchAction","target":{"@type":"EntryPoint","urlTemplate":"http:\/\/xactskateshop.com\/fr\/?s={search_term_string}"},"query-input":{"@type":"PropertyValueSpecification","valueRequired":true,"valueName":"search_term_string"}}],"inLanguage":"fr-FR"},{"@type":"Organization","@id":"http:\/\/xactskateshop.com\/fr\/#organization","name":"XACT Skate Shop","url":"http:\/\/xactskateshop.com\/fr\/","logo":{"@type":"ImageObject","inLanguage":"fr-FR","@id":"http:\/\/xactskateshop.com\/fr\/#\/schema\/logo\/image\/","url":"http:\/\/xactskateshop.com\/wp-content\/uploads\/2024\/04\/xactskateshop-dot-com-avec-contour-noir-sans-fond-675x.jpg","contentUrl":"http:\/\/xactskateshop.com\/wp-content\/uploads\/2024\/04\/xactskateshop-dot-com-avec-contour-noir-sans-fond-675x.jpg","width":675,"height":247,"caption":"XACT Skate Shop"},"image":{"@id":"http:\/\/xactskateshop.com\/fr\/#\/schema\/logo\/image\/"},"sameAs":["https:\/\/www.facebook.com\/JeanLouiskateshop"]}]}},"_links":{"self":[{"href":"https:\/\/xactskateshop.com\/fr\/wp-json\/wp\/v2\/product\/65050","targetHints":{"allow":["GET"]}}],"collection":[{"href":"https:\/\/xactskateshop.com\/fr\/wp-json\/wp\/v2\/product"}],"about":[{"href":"https:\/\/xactskateshop.com\/fr\/wp-json\/wp\/v2\/types\/product"}],"replies":[{"embeddable":true,"href":"https:\/\/xactskateshop.com\/fr\/wp-json\/wp\/v2\/comments?post=65050"}],"wp:featuredmedia":[{"embeddable":true,"href":"https:\/\/xactskateshop.com\/fr\/wp-json\/wp\/v2\/media\/29660"}],"wp:attachment":[{"href":"https:\/\/xactskateshop.com\/fr\/wp-json\/wp\/v2\/media?parent=65050"}],"wp:term":[{"taxonomy":"product_brand","embeddable":true,"href":"https:\/\/xactskateshop.com\/fr\/wp-json\/wp\/v2\/product_brand?post=65050"},{"taxonomy":"product_cat","embeddable":true,"href":"https:\/\/xactskateshop.com\/fr\/wp-json\/wp\/v2\/product_cat?post=65050"},{"taxonomy":"product_tag","embeddable":true,"href":"https:\/\/xactskateshop.com\/fr\/wp-json\/wp\/v2\/product_tag?post=65050"}],"curies":[{"name":"wp","href":"https:\/\/api.w.org\/{rel}","templated":true}]}}