{"id":65037,"date":"2020-10-03T12:07:48","date_gmt":"2020-10-03T16:07:48","guid":{"rendered":"http:\/\/xactskateshop.com\/product\/chaussettes-pro-shield-cut-resistant\/"},"modified":"2025-10-22T16:30:41","modified_gmt":"2025-10-22T20:30:41","slug":"chaussettes-pro-shield-cut-resistant","status":"publish","type":"product","link":"https:\/\/xactskateshop.com\/fr\/produit\/chaussettes-pro-shield-cut-resistant\/","title":{"rendered":"Chaussettes PRO Shield anti-lac\u00e9rations"},"content":{"rendered":"<div id=\"product-content\" class=\"product-content general-content content-col mobile-popup\" data-popup=\"product-content\">\n<div class=\"popup-inner\">\n<div id=\"product-content\" class=\"product-content general-content content-col mobile-popup\" data-popup=\"product-content\">\n<h2>Chaussettes PRO Shield anti-lac\u00e9rations<\/h2>\n<p>Ing\u00e9nierie avanc\u00e9e pour le confort de vos pieds<\/p>\n<ul>\n<li>&#8211; Protection assur\u00e9e contre les coupures dans une chaussette l\u00e9g\u00e8re et confortable<\/li>\n<li>&#8211; Fabriqu\u00e9 avec un mat\u00e9riau extensible dans les 4 sens comprenant 3 zones de compression favorisant une meilleure circulation sanguine<\/li>\n<li>&#8211; Protection contre les coupures \u00e0 360 degr\u00e9s, de la cheville au mollet<\/li>\n<li>&#8211; Les fibres froides dissipent la chaleur et permettent la circulation de l&#8217;air.<\/li>\n<li>&#8211; 50% Mati\u00e8re r\u00e9sistante aux coupures, 35% Nylon, 5% Spandex, 10% Polyester<\/li>\n<li>EN-388 Cut Level 2 r\u00e9pond \u00e0 la norme ISU :<\/li>\n<\/ul>\n<\/div>\n<\/div>\n<\/div>\n<div id=\"product-content\" class=\"product-content general-content content-col mobile-popup\" data-popup=\"product-content\">\n<div class=\"popup-inner\">\n<div id=\"product-content\" class=\"product-content general-content content-col mobile-popup\" data-popup=\"product-content\">\n<h3>V\u00eatements anti-lac\u00e9rations<\/h3>\n<p>Aucune limitation ne sera impos\u00e9e \u00e0 la fabrication des v\u00eatements\/uniformes de protection pour la comp\u00e9tition, si ce n&#8217;est qu&#8217;au minimum, le mat\u00e9riau doit \u00eatre conforme \u00e0 la norme EN388. Une \u00e9tude approfondie du processus de mise en \u0153uvre, la disponibilit\u00e9 \u00e0 l&#8217;\u00e9chelle mondiale de v\u00eatements\/uniformes r\u00e9sistants \u00e0 la coupure et les exp\u00e9riences pratiques ont conduit \u00e0 un r\u00e9examen des exigences. Le mat\u00e9riau r\u00e9sistant \u00e0 la coupure utilis\u00e9 dans les v\u00eatements de protection conform\u00e9ment \u00e0 cette communication de l&#8217;ISU doit satisfaire au minimum \u00e0 la norme de niveau 2 de la norme EN388 lors d&#8217;un essai de r\u00e9sistance \u00e0 la coupure (r\u00e9sistance \u00e0 la coupure par des objets tranchants). La protection contre les coupures peut \u00eatre soit int\u00e9gr\u00e9e dans les uniformes de comp\u00e9tition proprement dits, soit port\u00e9e sous forme de sous-v\u00eatements sp\u00e9ciaux.<\/p>\n<p>Pour en savoir plus sur les r\u00e8gles de l&#8217;ISU, <a href=\"https:\/\/www.isu.org\/inside-isu\/isu-communications\/communications-archives\/1286-communication-1265\/file\">cliquez ici !<\/a><\/p>\n<p>&nbsp;<\/p>\n<h3>Poly\u00e9thyl\u00e8ne \u00e0 poids mol\u00e9culaire ultra \u00e9lev\u00e9<\/h3>\n<p>Nos chaussettes anti-lac\u00e9rations sont fabriqu\u00e9es \u00e0 partir de fibres de poly\u00e9thyl\u00e8ne \u00e0 tr\u00e8s haut poids mol\u00e9culaire, abr\u00e9g\u00e9es en UHMWPE, qui poss\u00e8dent d&#8217;excellentes propri\u00e9t\u00e9s telles qu&#8217;une grande solidit\u00e9, une r\u00e9sistance aux chocs, une r\u00e9sistance \u00e0 l&#8217;abrasion, une autolubrification, une r\u00e9sistance \u00e0 la corrosion chimique, une r\u00e9sistance aux basses temp\u00e9ratures, etc. Il s&#8217;agit d&#8217;un mat\u00e9riau id\u00e9al pour les proth\u00e8ses articulaires artificielles. Il est \u00e9galement largement utilis\u00e9 dans l&#8217;aviation, les transplantations m\u00e9dicales, l&#8217;industrie textile, la papeterie et bien d&#8217;autres domaines. Il existe deux proc\u00e9d\u00e9s de production : l&#8217;un est le proc\u00e9d\u00e9 de filature \u00e0 sec avec la d\u00e9caline comme solvant par la soci\u00e9t\u00e9 DSM des Pays-Bas, et l&#8217;autre est le proc\u00e9d\u00e9 de filature humide avec l&#8217;huile blanche comme solvant par la soci\u00e9t\u00e9 Honeywell des \u00c9tats-Unis.<\/p>\n<p>Par cons\u00e9quent, la fibre pr\u00e9par\u00e9e par filage \u00e0 sec pr\u00e9sente les caract\u00e9ristiques suivantes : denier fin et r\u00e9sistance \u00e9lev\u00e9e, sensation de douceur, bonne filabilit\u00e9 et absence de r\u00e9sidus de solvants, etc. La fibre est transform\u00e9e en gants r\u00e9sistants aux coupures qui ont une poign\u00e9e plus douce, une meilleure absorption de l&#8217;humidit\u00e9 et un effet de transpiration, et qui sont confortables \u00e0 porter<a href=\"https:\/\/www.frontiersin.org\/articles\/10.3389\/fchem.2021.745467\/full#B47\">(Wang et Zhang, 2020<\/a>). Le poids mol\u00e9culaire de l&#8217;UHMWPE est sup\u00e9rieur \u00e0 1 million. Il s&#8217;agit d&#8217;une sorte de poudre blanche laiteuse, lin\u00e9aire et de haute densit\u00e9, dont la structure est r\u00e9guli\u00e8re et facile \u00e0 cristalliser ; la cha\u00eene mol\u00e9culaire dans le r\u00e9seau cristallin est en forme de zigzag plan, et il n&#8217;y a pas de groupes polaires dans la cha\u00eene mol\u00e9culaire, tandis que son activit\u00e9 de r\u00e9action est inf\u00e9rieure \u00e0 celle du PPTA. C&#8217;est pourquoi des travaux de recherche ont \u00e9t\u00e9 men\u00e9s sur le traitement de surface des fibres, comme l&#8217;oxydation \u00e0 la flamme, la corrosion chimique, le traitement au plasma \u00e0 basse temp\u00e9rature et ainsi de suite, afin de rem\u00e9dier \u00e0 ce d\u00e9faut des fibres UHMWPE.<\/p>\n<p>&nbsp;<\/p>\n<table style=\"height: 265px;\" width=\"977\">\n<tbody>\n<tr>\n<td width=\"60\"><strong>TAILLE<\/strong><\/td>\n<td width=\"60\"><strong>M<\/strong><\/td>\n<td width=\"60\"><strong>W<\/strong><\/td>\n<td width=\"60\"><strong>EURO<\/strong><\/td>\n<\/tr>\n<tr>\n<td width=\"60\"><strong>PETIT<\/strong><\/td>\n<td width=\"60\">2-4<\/td>\n<td width=\"60\">3.4<\/td>\n<td width=\"60\">33-35<\/td>\n<\/tr>\n<tr>\n<td width=\"60\"><strong>MOYEN<\/strong><\/td>\n<td width=\"60\">5-7<\/td>\n<td width=\"60\">6-8<\/td>\n<td width=\"60\">37-40<\/td>\n<\/tr>\n<tr>\n<td width=\"60\"><strong>GRAND<\/strong><\/td>\n<td width=\"60\">8-10<\/td>\n<td width=\"60\">9-11<\/td>\n<td width=\"60\">41-44<\/td>\n<\/tr>\n<tr>\n<td width=\"60\"><strong>XLARGE<\/strong><\/td>\n<td width=\"60\">11-13<\/td>\n<td width=\"60\">12-+<\/td>\n<td width=\"60\">44-48<\/td>\n<\/tr>\n<\/tbody>\n<\/table>\n<\/div>\n<p>&nbsp;<\/p>\n<div id=\"product-content\" class=\"product-content general-content content-col mobile-popup\" data-popup=\"product-content\">\n<p>Voir les chaussettes en kevlar<a style=\"font-size: 16px; font-style: normal; font-weight: 400; background-color: #ffffff; transition-property: all;\" href=\"http:\/\/xactskateshop.com\/product\/pro-shield-cut-resistant-socks-kevlar\/\"> ici !<\/a><\/p>\n<\/div>\n<\/div>\n<\/div>\n","protected":false},"excerpt":{"rendered":"<p>&nbsp;<\/p>\n<p>&nbsp;<\/p>\n<hr \/>\n<p style=\"text-align: center;\">Ing\u00e9nierie avanc\u00e9e pour le confort de vos pieds. Protection assur\u00e9e contre les coupures dans une chaussette l\u00e9g\u00e8re et confortable. Fabriqu\u00e9e dans un mat\u00e9riau extensible dans les 4 sens et comprenant 3 zones de compression favorisant une meilleure circulation sanguine.<\/p>\n<hr \/>\n<p>&nbsp;<\/p>\n","protected":false},"featured_media":29042,"comment_status":"open","ping_status":"closed","template":"","meta":{"site-sidebar-layout":"default","site-content-layout":"default","ast-site-content-layout":"default","site-content-style":"default","site-sidebar-style":"default","ast-global-header-display":"","ast-banner-title-visibility":"","ast-main-header-display":"","ast-hfb-above-header-display":"","ast-hfb-below-header-display":"","ast-hfb-mobile-header-display":"","site-post-title":"","ast-breadcrumbs-content":"","ast-featured-img":"","footer-sml-layout":"","theme-transparent-header-meta":"default","adv-header-id-meta":"","stick-header-meta":"","header-above-stick-meta":"","header-main-stick-meta":"","header-below-stick-meta":"","astra-migrate-meta-layouts":"set","ast-page-background-enabled":"default","ast-page-background-meta":{"desktop":{"background-color":"","background-image":"","background-repeat":"repeat","background-position":"center center","background-size":"auto","background-attachment":"scroll","background-type":"","background-media":"","overlay-type":"","overlay-color":"","overlay-opacity":"","overlay-gradient":""},"tablet":{"background-color":"","background-image":"","background-repeat":"repeat","background-position":"center center","background-size":"auto","background-attachment":"scroll","background-type":"","background-media":"","overlay-type":"","overlay-color":"","overlay-opacity":"","overlay-gradient":""},"mobile":{"background-color":"","background-image":"","background-repeat":"repeat","background-position":"center center","background-size":"auto","background-attachment":"scroll","background-type":"","background-media":"","overlay-type":"","overlay-color":"","overlay-opacity":"","overlay-gradient":""}},"ast-content-background-meta":{"desktop":{"background-color":"var(--ast-global-color-5)","background-image":"","background-repeat":"repeat","background-position":"center center","background-size":"auto","background-attachment":"scroll","background-type":"","background-media":"","overlay-type":"","overlay-color":"","overlay-opacity":"","overlay-gradient":""},"tablet":{"background-color":"var(--ast-global-color-5)","background-image":"","background-repeat":"repeat","background-position":"center center","background-size":"auto","background-attachment":"scroll","background-type":"","background-media":"","overlay-type":"","overlay-color":"","overlay-opacity":"","overlay-gradient":""},"mobile":{"background-color":"var(--ast-global-color-5)","background-image":"","background-repeat":"repeat","background-position":"center center","background-size":"auto","background-attachment":"scroll","background-type":"","background-media":"","overlay-type":"","overlay-color":"","overlay-opacity":"","overlay-gradient":""}}},"product_brand":[],"product_cat":[1612,1353,1526],"product_tag":[1356],"class_list":{"0":"post-65037","1":"product","2":"type-product","3":"status-publish","4":"has-post-thumbnail","6":"product_cat-equipement-de-protection-patinage-de-vitesse-courte-piste","7":"product_cat-patinage-de-vitesse","8":"product_cat-protege-chevilles-et-chaussettes","9":"product_tag-courte-piste-fr","10":"desktop-align-center","11":"tablet-align-center","12":"mobile-align-center","13":"ast-product-gallery-layout-horizontal","14":"ast-product-gallery-with-no-image","15":"ast-product-single-variable","16":"ast-product-tabs-layout-horizontal","17":"ast-qv-on-image","19":"first","20":"instock","21":"sale","22":"taxable","23":"shipping-taxable","24":"purchasable","25":"product-type-variable"},"bundled_by":[],"bundle_stock_status":"instock","bundle_stock_quantity":null,"bundle_virtual":false,"bundle_layout":"","bundle_add_to_cart_form_location":"","bundle_editable_in_cart":false,"bundle_sold_individually_context":"","bundle_item_grouping":"","bundle_min_size":"","bundle_max_size":"","bundle_price":[],"bundled_items":[],"bundle_sell_ids":[],"yoast_head":"<!-- This site is optimized with the Yoast SEO plugin v27.4 - https:\/\/yoast.com\/product\/yoast-seo-wordpress\/ -->\n<title>Chaussettes PRO Shield anti-lac\u00e9rations - Xact Skate Shop<\/title>\n<meta name=\"description\" content=\"PRO-SHIELD Chaussettes anti-lac\u00e9rations Ing\u00e9nierie avanc\u00e9e pour le confort de vos pieds. Protection au-dessus du mollet. Obtenez le v\u00f4tre ici !\" \/>\n<meta name=\"robots\" content=\"index, follow, max-snippet:-1, max-image-preview:large, max-video-preview:-1\" \/>\n<link rel=\"canonical\" href=\"https:\/\/xactskateshop.com\/fr\/produit\/chaussettes-pro-shield-cut-resistant\/\" \/>\n<meta property=\"og:locale\" content=\"fr_FR\" \/>\n<meta property=\"og:type\" content=\"article\" \/>\n<meta property=\"og:title\" content=\"Chaussettes PRO Shield anti-lac\u00e9rations - Xact Skate Shop\" \/>\n<meta property=\"og:description\" content=\"PRO-SHIELD Chaussettes anti-lac\u00e9rations Ing\u00e9nierie avanc\u00e9e pour le confort de vos pieds. Protection au-dessus du mollet. Obtenez le v\u00f4tre ici !\" \/>\n<meta property=\"og:url\" content=\"https:\/\/xactskateshop.com\/fr\/produit\/chaussettes-pro-shield-cut-resistant\/\" \/>\n<meta property=\"og:site_name\" content=\"Xact Skate Shop\" \/>\n<meta property=\"article:publisher\" content=\"https:\/\/www.facebook.com\/JeanLouiskateshop\" \/>\n<meta property=\"article:modified_time\" content=\"2025-10-22T20:30:41+00:00\" \/>\n<meta property=\"og:image\" content=\"https:\/\/xactskateshop.com\/wp-content\/uploads\/2020\/10\/dyneema-socks-web.jpg\" \/>\n\t<meta property=\"og:image:width\" content=\"1000\" \/>\n\t<meta property=\"og:image:height\" content=\"1000\" \/>\n\t<meta property=\"og:image:type\" content=\"image\/jpeg\" \/>\n<meta name=\"twitter:card\" content=\"summary_large_image\" \/>\n<meta name=\"twitter:label1\" content=\"Dur\u00e9e de lecture estim\u00e9e\" \/>\n\t<meta name=\"twitter:data1\" content=\"3 minutes\" \/>\n<script type=\"application\/ld+json\" class=\"yoast-schema-graph\">{\"@context\":\"https:\\\/\\\/schema.org\",\"@graph\":[{\"@type\":\"WebPage\",\"@id\":\"https:\\\/\\\/xactskateshop.com\\\/fr\\\/produit\\\/chaussettes-pro-shield-cut-resistant\\\/\",\"url\":\"https:\\\/\\\/xactskateshop.com\\\/fr\\\/produit\\\/chaussettes-pro-shield-cut-resistant\\\/\",\"name\":\"Chaussettes PRO Shield anti-lac\u00e9rations - Xact Skate Shop\",\"isPartOf\":{\"@id\":\"http:\\\/\\\/xactskateshop.com\\\/fr\\\/#website\"},\"primaryImageOfPage\":{\"@id\":\"https:\\\/\\\/xactskateshop.com\\\/fr\\\/produit\\\/chaussettes-pro-shield-cut-resistant\\\/#primaryimage\"},\"image\":{\"@id\":\"https:\\\/\\\/xactskateshop.com\\\/fr\\\/produit\\\/chaussettes-pro-shield-cut-resistant\\\/#primaryimage\"},\"thumbnailUrl\":\"https:\\\/\\\/xactskateshop.com\\\/wp-content\\\/uploads\\\/2020\\\/10\\\/dyneema-socks-web.jpg\",\"datePublished\":\"2020-10-03T16:07:48+00:00\",\"dateModified\":\"2025-10-22T20:30:41+00:00\",\"description\":\"PRO-SHIELD Chaussettes anti-lac\u00e9rations Ing\u00e9nierie avanc\u00e9e pour le confort de vos pieds. Protection au-dessus du mollet. Obtenez le v\u00f4tre ici !\",\"breadcrumb\":{\"@id\":\"https:\\\/\\\/xactskateshop.com\\\/fr\\\/produit\\\/chaussettes-pro-shield-cut-resistant\\\/#breadcrumb\"},\"inLanguage\":\"fr-FR\",\"potentialAction\":[{\"@type\":\"ReadAction\",\"target\":[\"https:\\\/\\\/xactskateshop.com\\\/fr\\\/produit\\\/chaussettes-pro-shield-cut-resistant\\\/\"]}]},{\"@type\":\"ImageObject\",\"inLanguage\":\"fr-FR\",\"@id\":\"https:\\\/\\\/xactskateshop.com\\\/fr\\\/produit\\\/chaussettes-pro-shield-cut-resistant\\\/#primaryimage\",\"url\":\"https:\\\/\\\/xactskateshop.com\\\/wp-content\\\/uploads\\\/2020\\\/10\\\/dyneema-socks-web.jpg\",\"contentUrl\":\"https:\\\/\\\/xactskateshop.com\\\/wp-content\\\/uploads\\\/2020\\\/10\\\/dyneema-socks-web.jpg\",\"width\":1000,\"height\":1000,\"caption\":\"chaussettes anti-lac\u00e9rations\"},{\"@type\":\"BreadcrumbList\",\"@id\":\"https:\\\/\\\/xactskateshop.com\\\/fr\\\/produit\\\/chaussettes-pro-shield-cut-resistant\\\/#breadcrumb\",\"itemListElement\":[{\"@type\":\"ListItem\",\"position\":1,\"name\":\"Home\",\"item\":\"https:\\\/\\\/xactskateshop.com\\\/fr\\\/accueil\\\/\"},{\"@type\":\"ListItem\",\"position\":2,\"name\":\"Boutique\",\"item\":\"https:\\\/\\\/xactskateshop.com\\\/shop\\\/\"},{\"@type\":\"ListItem\",\"position\":3,\"name\":\"Chaussettes PRO Shield anti-lac\u00e9rations\"}]},{\"@type\":\"WebSite\",\"@id\":\"http:\\\/\\\/xactskateshop.com\\\/fr\\\/#website\",\"url\":\"http:\\\/\\\/xactskateshop.com\\\/fr\\\/\",\"name\":\"Xact Skate Shop\",\"description\":\"Un site utilisant WordPress\",\"publisher\":{\"@id\":\"http:\\\/\\\/xactskateshop.com\\\/fr\\\/#organization\"},\"potentialAction\":[{\"@type\":\"SearchAction\",\"target\":{\"@type\":\"EntryPoint\",\"urlTemplate\":\"http:\\\/\\\/xactskateshop.com\\\/fr\\\/?s={search_term_string}\"},\"query-input\":{\"@type\":\"PropertyValueSpecification\",\"valueRequired\":true,\"valueName\":\"search_term_string\"}}],\"inLanguage\":\"fr-FR\"},{\"@type\":\"Organization\",\"@id\":\"http:\\\/\\\/xactskateshop.com\\\/fr\\\/#organization\",\"name\":\"XACT Skate Shop\",\"url\":\"http:\\\/\\\/xactskateshop.com\\\/fr\\\/\",\"logo\":{\"@type\":\"ImageObject\",\"inLanguage\":\"fr-FR\",\"@id\":\"http:\\\/\\\/xactskateshop.com\\\/fr\\\/#\\\/schema\\\/logo\\\/image\\\/\",\"url\":\"http:\\\/\\\/xactskateshop.com\\\/wp-content\\\/uploads\\\/2024\\\/04\\\/xactskateshop-dot-com-avec-contour-noir-sans-fond-675x.jpg\",\"contentUrl\":\"http:\\\/\\\/xactskateshop.com\\\/wp-content\\\/uploads\\\/2024\\\/04\\\/xactskateshop-dot-com-avec-contour-noir-sans-fond-675x.jpg\",\"width\":675,\"height\":247,\"caption\":\"XACT Skate Shop\"},\"image\":{\"@id\":\"http:\\\/\\\/xactskateshop.com\\\/fr\\\/#\\\/schema\\\/logo\\\/image\\\/\"},\"sameAs\":[\"https:\\\/\\\/www.facebook.com\\\/JeanLouiskateshop\"]}]}<\/script>\n<!-- \/ Yoast SEO plugin. -->","yoast_head_json":{"title":"Chaussettes PRO Shield anti-lac\u00e9rations - Xact Skate Shop","description":"PRO-SHIELD Chaussettes anti-lac\u00e9rations Ing\u00e9nierie avanc\u00e9e pour le confort de vos pieds. Protection au-dessus du mollet. Obtenez le v\u00f4tre ici !","robots":{"index":"index","follow":"follow","max-snippet":"max-snippet:-1","max-image-preview":"max-image-preview:large","max-video-preview":"max-video-preview:-1"},"canonical":"https:\/\/xactskateshop.com\/fr\/produit\/chaussettes-pro-shield-cut-resistant\/","og_locale":"fr_FR","og_type":"article","og_title":"Chaussettes PRO Shield anti-lac\u00e9rations - Xact Skate Shop","og_description":"PRO-SHIELD Chaussettes anti-lac\u00e9rations Ing\u00e9nierie avanc\u00e9e pour le confort de vos pieds. Protection au-dessus du mollet. Obtenez le v\u00f4tre ici !","og_url":"https:\/\/xactskateshop.com\/fr\/produit\/chaussettes-pro-shield-cut-resistant\/","og_site_name":"Xact Skate Shop","article_publisher":"https:\/\/www.facebook.com\/JeanLouiskateshop","article_modified_time":"2025-10-22T20:30:41+00:00","og_image":[{"width":1000,"height":1000,"url":"https:\/\/xactskateshop.com\/wp-content\/uploads\/2020\/10\/dyneema-socks-web.jpg","type":"image\/jpeg"}],"twitter_card":"summary_large_image","twitter_misc":{"Dur\u00e9e de lecture estim\u00e9e":"3 minutes"},"schema":{"@context":"https:\/\/schema.org","@graph":[{"@type":"WebPage","@id":"https:\/\/xactskateshop.com\/fr\/produit\/chaussettes-pro-shield-cut-resistant\/","url":"https:\/\/xactskateshop.com\/fr\/produit\/chaussettes-pro-shield-cut-resistant\/","name":"Chaussettes PRO Shield anti-lac\u00e9rations - Xact Skate Shop","isPartOf":{"@id":"http:\/\/xactskateshop.com\/fr\/#website"},"primaryImageOfPage":{"@id":"https:\/\/xactskateshop.com\/fr\/produit\/chaussettes-pro-shield-cut-resistant\/#primaryimage"},"image":{"@id":"https:\/\/xactskateshop.com\/fr\/produit\/chaussettes-pro-shield-cut-resistant\/#primaryimage"},"thumbnailUrl":"https:\/\/xactskateshop.com\/wp-content\/uploads\/2020\/10\/dyneema-socks-web.jpg","datePublished":"2020-10-03T16:07:48+00:00","dateModified":"2025-10-22T20:30:41+00:00","description":"PRO-SHIELD Chaussettes anti-lac\u00e9rations Ing\u00e9nierie avanc\u00e9e pour le confort de vos pieds. Protection au-dessus du mollet. Obtenez le v\u00f4tre ici !","breadcrumb":{"@id":"https:\/\/xactskateshop.com\/fr\/produit\/chaussettes-pro-shield-cut-resistant\/#breadcrumb"},"inLanguage":"fr-FR","potentialAction":[{"@type":"ReadAction","target":["https:\/\/xactskateshop.com\/fr\/produit\/chaussettes-pro-shield-cut-resistant\/"]}]},{"@type":"ImageObject","inLanguage":"fr-FR","@id":"https:\/\/xactskateshop.com\/fr\/produit\/chaussettes-pro-shield-cut-resistant\/#primaryimage","url":"https:\/\/xactskateshop.com\/wp-content\/uploads\/2020\/10\/dyneema-socks-web.jpg","contentUrl":"https:\/\/xactskateshop.com\/wp-content\/uploads\/2020\/10\/dyneema-socks-web.jpg","width":1000,"height":1000,"caption":"chaussettes anti-lac\u00e9rations"},{"@type":"BreadcrumbList","@id":"https:\/\/xactskateshop.com\/fr\/produit\/chaussettes-pro-shield-cut-resistant\/#breadcrumb","itemListElement":[{"@type":"ListItem","position":1,"name":"Home","item":"https:\/\/xactskateshop.com\/fr\/accueil\/"},{"@type":"ListItem","position":2,"name":"Boutique","item":"https:\/\/xactskateshop.com\/shop\/"},{"@type":"ListItem","position":3,"name":"Chaussettes PRO Shield anti-lac\u00e9rations"}]},{"@type":"WebSite","@id":"http:\/\/xactskateshop.com\/fr\/#website","url":"http:\/\/xactskateshop.com\/fr\/","name":"Xact Skate Shop","description":"Un site utilisant WordPress","publisher":{"@id":"http:\/\/xactskateshop.com\/fr\/#organization"},"potentialAction":[{"@type":"SearchAction","target":{"@type":"EntryPoint","urlTemplate":"http:\/\/xactskateshop.com\/fr\/?s={search_term_string}"},"query-input":{"@type":"PropertyValueSpecification","valueRequired":true,"valueName":"search_term_string"}}],"inLanguage":"fr-FR"},{"@type":"Organization","@id":"http:\/\/xactskateshop.com\/fr\/#organization","name":"XACT Skate Shop","url":"http:\/\/xactskateshop.com\/fr\/","logo":{"@type":"ImageObject","inLanguage":"fr-FR","@id":"http:\/\/xactskateshop.com\/fr\/#\/schema\/logo\/image\/","url":"http:\/\/xactskateshop.com\/wp-content\/uploads\/2024\/04\/xactskateshop-dot-com-avec-contour-noir-sans-fond-675x.jpg","contentUrl":"http:\/\/xactskateshop.com\/wp-content\/uploads\/2024\/04\/xactskateshop-dot-com-avec-contour-noir-sans-fond-675x.jpg","width":675,"height":247,"caption":"XACT Skate Shop"},"image":{"@id":"http:\/\/xactskateshop.com\/fr\/#\/schema\/logo\/image\/"},"sameAs":["https:\/\/www.facebook.com\/JeanLouiskateshop"]}]}},"_links":{"self":[{"href":"https:\/\/xactskateshop.com\/fr\/wp-json\/wp\/v2\/product\/65037","targetHints":{"allow":["GET"]}}],"collection":[{"href":"https:\/\/xactskateshop.com\/fr\/wp-json\/wp\/v2\/product"}],"about":[{"href":"https:\/\/xactskateshop.com\/fr\/wp-json\/wp\/v2\/types\/product"}],"replies":[{"embeddable":true,"href":"https:\/\/xactskateshop.com\/fr\/wp-json\/wp\/v2\/comments?post=65037"}],"wp:featuredmedia":[{"embeddable":true,"href":"https:\/\/xactskateshop.com\/fr\/wp-json\/wp\/v2\/media\/29042"}],"wp:attachment":[{"href":"https:\/\/xactskateshop.com\/fr\/wp-json\/wp\/v2\/media?parent=65037"}],"wp:term":[{"taxonomy":"product_brand","embeddable":true,"href":"https:\/\/xactskateshop.com\/fr\/wp-json\/wp\/v2\/product_brand?post=65037"},{"taxonomy":"product_cat","embeddable":true,"href":"https:\/\/xactskateshop.com\/fr\/wp-json\/wp\/v2\/product_cat?post=65037"},{"taxonomy":"product_tag","embeddable":true,"href":"https:\/\/xactskateshop.com\/fr\/wp-json\/wp\/v2\/product_tag?post=65037"}],"curies":[{"name":"wp","href":"https:\/\/api.w.org\/{rel}","templated":true}]}}