{"id":65030,"date":"2020-10-03T12:25:47","date_gmt":"2020-10-03T16:25:47","guid":{"rendered":"http:\/\/xactskateshop.com\/product\/chaussettes-pro-shield-kevlar-resistantes-aux-coupures\/"},"modified":"2025-10-22T16:25:10","modified_gmt":"2025-10-22T20:25:10","slug":"chaussettes-pro-shield-kevlar-resistantes-aux-coupures","status":"publish","type":"product","link":"https:\/\/xactskateshop.com\/fr\/produit\/chaussettes-pro-shield-kevlar-resistantes-aux-coupures\/","title":{"rendered":"Chaussettes PRO Shield Kevlar anti-lac\u00e9rations"},"content":{"rendered":"<div id=\"product-content\" class=\"product-content general-content content-col mobile-popup\" data-popup=\"product-content\">\n<div class=\"popup-inner\">\n<div id=\"product-content\" class=\"product-content general-content content-col mobile-popup\" data-popup=\"product-content\">\n<h2>Chaussettes PRO Shield Kevlar anti-lac\u00e9rations<\/h2>\n<p><span style=\"font-size: 16px; font-style: normal; font-weight: 400;\">Les chaussettes PRO Shield Kevlar Cut Resistant sont d&#8217;une conception avanc\u00e9e <\/span>pour un confort prolong\u00e9 de vos pieds.<\/p>\n<ul>\n<li>Protection au-dessus du mollet,<\/li>\n<li>Protection contre les entorses aux ligaments,<\/li>\n<li>Technologie sans ampoules,<\/li>\n<li>Haut degr\u00e9 de r\u00e9sistance \u00e0 la coupure,<\/li>\n<li>ASTM niveau 3 \/ EN 388,<\/li>\n<li>60% Kevlar &#8211; 30% Nylon &#8211; 5% Elastique &#8211; 5% Lycra.<\/li>\n<\/ul>\n<p>Voir d&#8217;autres chaussettes r\u00e9sistantes aux coupures <a href=\"https:\/\/xactskateshop.com\/product\/blue-sports-cut-resistant-socks\/\">ici !<\/a><\/p>\n<p>&nbsp;<\/p>\n<h3><span class=\"body2\">Un poids l\u00e9ger, des performances \u00e9lev\u00e9es &#8211; Fibre <sup>Kevlar<\/sup> <\/span><\/h3>\n<p><span class=\"body2\">Polyvalente et solide, la fibre <sup>Kevlar\u00ae<\/sup> est plus qu&#8217;une simple s\u00e9rie de fils. C&#8217;est pourquoi les fibres <sup>DuPont\u2122<\/sup> <sup>Kevlar\u00ae<\/sup> sont utilis\u00e9es dans une grande vari\u00e9t\u00e9 de v\u00eatements, d&#8217;accessoires et d&#8217;\u00e9quipements pour les rendre plus s\u00fbrs et plus durables. Ainsi, avec une r\u00e9sistance cinq fois sup\u00e9rieure \u00e0 celle de l&#8217;acier, \u00e0 poids \u00e9gal, c&#8217;est la fibre de pr\u00e9dilection pour les v\u00eatements et accessoires de protection. La fibre et le filament <sup>Kevlar\u00ae<\/sup> se pr\u00e9sentent sous diff\u00e9rentes formes, chacune ayant ses propres propri\u00e9t\u00e9s et caract\u00e9ristiques de performance pour r\u00e9pondre aux diff\u00e9rents besoins de protection. <\/span><\/p>\n<p>&nbsp;<\/p>\n<h3><span class=\"body2\"><sup>Kevlar\u00ae<\/sup> 100<b><br \/>\n<\/b><\/span><\/h3>\n<p><span class=\"body2\">Producteur de fils de <sup>Kevlar\u00ae<\/sup> color\u00e9s, utilis\u00e9s dans les cordes et les c\u00e2bles, les rubans et les sangles, les gants et autres v\u00eatements de protection, les articles de sport et nos chaussettes anti-coupures en Kevlar : <\/span>Pour en savoir plus sur le Kevlar <a href=\"https:\/\/www.dupont.com\/products\/dupont-kevlar-fiber.html\">, cliquez ici !<\/a><\/p>\n<h4><\/h4>\n<h3>Test EN-388<\/h3>\n<p>En d&#8217;autres termes, la norme europ\u00e9enne EN 388:2016+A1:2018 &#8211; &#8220;Gants de protection contre les risques m\u00e9caniques&#8221; a \u00e9t\u00e9 publi\u00e9e pour remplacer la norme EN 388:2003. Par cons\u00e9quent, les gants de protection \u00e0 usage g\u00e9n\u00e9ral repr\u00e9sentent la plus grande part de march\u00e9 de tous les \u00e9quipements de protection individuelle (EPI) vendus et prot\u00e8gent les porteurs contre un large \u00e9ventail de risques. Pour aider les utilisateurs \u00e0 choisir des gants appropri\u00e9s, plusieurs normes de s\u00e9curit\u00e9 europ\u00e9ennes &#8211; dont EN 388:2016+A1:2018 &#8211; ont \u00e9t\u00e9 \u00e9labor\u00e9es, permettant de d\u00e9finir des niveaux de protection contre diff\u00e9rents risques. Dans ce cas, ces niveaux de protection d\u00e9finis permettent de s\u00e9lectionner des gants appropri\u00e9s, en fonction des dangers et des risques identifi\u00e9s pour une activit\u00e9 professionnelle sp\u00e9cifique.<\/p>\n<p>Pour en savoir plus sur le test EN 388<a href=\"https:\/\/www.satra.com\/spotlight\/article.php?id=488\">, cliquez ici<\/a>!<\/p>\n<table style=\"height: 265px;\" width=\"977\">\n<tbody>\n<tr>\n<td width=\"60\"><strong>TAILLE<\/strong><\/td>\n<td width=\"60\"><strong>M<\/strong><\/td>\n<td width=\"60\"><strong>W<\/strong><\/td>\n<td width=\"60\"><strong>EURO<\/strong><\/td>\n<\/tr>\n<tr>\n<td width=\"60\"><strong>PETIT<\/strong><\/td>\n<td width=\"60\">2-4<\/td>\n<td width=\"60\">3.4<\/td>\n<td width=\"60\">33-35<\/td>\n<\/tr>\n<tr>\n<td width=\"60\"><strong>MOYEN<\/strong><\/td>\n<td width=\"60\">5-7<\/td>\n<td width=\"60\">6-8<\/td>\n<td width=\"60\">37-40<\/td>\n<\/tr>\n<tr>\n<td width=\"60\"><strong>GRAND<\/strong><\/td>\n<td width=\"60\">8-10<\/td>\n<td width=\"60\">9-11<\/td>\n<td width=\"60\">41-44<\/td>\n<\/tr>\n<tr>\n<td width=\"60\"><strong>XLARGE<\/strong><\/td>\n<td width=\"60\">11-13<\/td>\n<td width=\"60\">12-+<\/td>\n<td width=\"60\">44-48<\/td>\n<\/tr>\n<\/tbody>\n<\/table>\n<\/div>\n<\/div>\n<\/div>\n","protected":false},"excerpt":{"rendered":"<p>&nbsp;<\/p>\n<p>&nbsp;<\/p>\n<hr \/>\n<p style=\"text-align: center;\"><span style=\"font-size: 16px; font-style: normal; font-weight: 400;\">Les chaussettes PRO Shield Kevlar anti-lac\u00e9rations sont d&#8217;une conception avanc\u00e9e <\/span>pour un confort prolong\u00e9 de vos pieds.<\/p>\n<hr \/>\n<p>&nbsp;<\/p>\n","protected":false},"featured_media":29040,"comment_status":"open","ping_status":"closed","template":"","meta":{"site-sidebar-layout":"default","site-content-layout":"default","ast-site-content-layout":"default","site-content-style":"default","site-sidebar-style":"default","ast-global-header-display":"","ast-banner-title-visibility":"","ast-main-header-display":"","ast-hfb-above-header-display":"","ast-hfb-below-header-display":"","ast-hfb-mobile-header-display":"","site-post-title":"","ast-breadcrumbs-content":"","ast-featured-img":"","footer-sml-layout":"","theme-transparent-header-meta":"default","adv-header-id-meta":"","stick-header-meta":"","header-above-stick-meta":"","header-main-stick-meta":"","header-below-stick-meta":"","astra-migrate-meta-layouts":"set","ast-page-background-enabled":"default","ast-page-background-meta":{"desktop":{"background-color":"","background-image":"","background-repeat":"repeat","background-position":"center center","background-size":"auto","background-attachment":"scroll","background-type":"","background-media":"","overlay-type":"","overlay-color":"","overlay-opacity":"","overlay-gradient":""},"tablet":{"background-color":"","background-image":"","background-repeat":"repeat","background-position":"center center","background-size":"auto","background-attachment":"scroll","background-type":"","background-media":"","overlay-type":"","overlay-color":"","overlay-opacity":"","overlay-gradient":""},"mobile":{"background-color":"","background-image":"","background-repeat":"repeat","background-position":"center center","background-size":"auto","background-attachment":"scroll","background-type":"","background-media":"","overlay-type":"","overlay-color":"","overlay-opacity":"","overlay-gradient":""}},"ast-content-background-meta":{"desktop":{"background-color":"var(--ast-global-color-5)","background-image":"","background-repeat":"repeat","background-position":"center center","background-size":"auto","background-attachment":"scroll","background-type":"","background-media":"","overlay-type":"","overlay-color":"","overlay-opacity":"","overlay-gradient":""},"tablet":{"background-color":"var(--ast-global-color-5)","background-image":"","background-repeat":"repeat","background-position":"center center","background-size":"auto","background-attachment":"scroll","background-type":"","background-media":"","overlay-type":"","overlay-color":"","overlay-opacity":"","overlay-gradient":""},"mobile":{"background-color":"var(--ast-global-color-5)","background-image":"","background-repeat":"repeat","background-position":"center center","background-size":"auto","background-attachment":"scroll","background-type":"","background-media":"","overlay-type":"","overlay-color":"","overlay-opacity":"","overlay-gradient":""}}},"product_brand":[],"product_cat":[1612,1353,1526],"product_tag":[1356],"class_list":{"0":"post-65030","1":"product","2":"type-product","3":"status-publish","4":"has-post-thumbnail","6":"product_cat-equipement-de-protection-patinage-de-vitesse-courte-piste","7":"product_cat-patinage-de-vitesse","8":"product_cat-protege-chevilles-et-chaussettes","9":"product_tag-courte-piste-fr","10":"desktop-align-center","11":"tablet-align-center","12":"mobile-align-center","13":"ast-product-gallery-layout-horizontal","14":"ast-product-gallery-with-no-image","15":"ast-product-single-variable","16":"ast-product-tabs-layout-horizontal","17":"ast-qv-on-image","19":"first","20":"instock","21":"sale","22":"taxable","23":"shipping-taxable","24":"purchasable","25":"product-type-variable"},"bundled_by":[],"bundle_stock_status":"instock","bundle_stock_quantity":null,"bundle_virtual":false,"bundle_layout":"","bundle_add_to_cart_form_location":"","bundle_editable_in_cart":false,"bundle_sold_individually_context":"","bundle_item_grouping":"","bundle_min_size":"","bundle_max_size":"","bundle_price":[],"bundled_items":[],"bundle_sell_ids":[],"yoast_head":"<!-- This site is optimized with the Yoast SEO plugin v27.4 - https:\/\/yoast.com\/product\/yoast-seo-wordpress\/ -->\n<title>Chaussettes PRO Shield Kevlar anti-lac\u00e9rations - Xact Skate Shop<\/title>\n<meta name=\"description\" content=\"Chaussettes PRO Shield Kevlar anti-lac\u00e9rations. Ing\u00e9nierie avanc\u00e9e pour un confort prolong\u00e9 de vos pieds. Au-dessus de la protection des mollets !\" \/>\n<meta name=\"robots\" content=\"index, follow, max-snippet:-1, max-image-preview:large, max-video-preview:-1\" \/>\n<link rel=\"canonical\" href=\"https:\/\/xactskateshop.com\/fr\/produit\/chaussettes-pro-shield-kevlar-resistantes-aux-coupures\/\" \/>\n<meta property=\"og:locale\" content=\"fr_FR\" \/>\n<meta property=\"og:type\" content=\"article\" \/>\n<meta property=\"og:title\" content=\"Chaussettes PRO Shield Kevlar anti-lac\u00e9rations - Xact Skate Shop\" \/>\n<meta property=\"og:description\" content=\"Chaussettes PRO Shield Kevlar anti-lac\u00e9rations. Ing\u00e9nierie avanc\u00e9e pour un confort prolong\u00e9 de vos pieds. Au-dessus de la protection des mollets !\" \/>\n<meta property=\"og:url\" content=\"https:\/\/xactskateshop.com\/fr\/produit\/chaussettes-pro-shield-kevlar-resistantes-aux-coupures\/\" \/>\n<meta property=\"og:site_name\" content=\"Xact Skate Shop\" \/>\n<meta property=\"article:publisher\" content=\"https:\/\/www.facebook.com\/JeanLouiskateshop\" \/>\n<meta property=\"article:modified_time\" content=\"2025-10-22T20:25:10+00:00\" \/>\n<meta property=\"og:image\" content=\"https:\/\/xactskateshop.com\/wp-content\/uploads\/2020\/10\/kevkar-socks-web.jpg\" \/>\n\t<meta property=\"og:image:width\" content=\"1000\" \/>\n\t<meta property=\"og:image:height\" content=\"1000\" \/>\n\t<meta property=\"og:image:type\" content=\"image\/jpeg\" \/>\n<meta name=\"twitter:card\" content=\"summary_large_image\" \/>\n<meta name=\"twitter:label1\" content=\"Dur\u00e9e de lecture estim\u00e9e\" \/>\n\t<meta name=\"twitter:data1\" content=\"2 minutes\" \/>\n<script type=\"application\/ld+json\" class=\"yoast-schema-graph\">{\"@context\":\"https:\\\/\\\/schema.org\",\"@graph\":[{\"@type\":\"WebPage\",\"@id\":\"https:\\\/\\\/xactskateshop.com\\\/fr\\\/produit\\\/chaussettes-pro-shield-kevlar-resistantes-aux-coupures\\\/\",\"url\":\"https:\\\/\\\/xactskateshop.com\\\/fr\\\/produit\\\/chaussettes-pro-shield-kevlar-resistantes-aux-coupures\\\/\",\"name\":\"Chaussettes PRO Shield Kevlar anti-lac\u00e9rations - Xact Skate Shop\",\"isPartOf\":{\"@id\":\"http:\\\/\\\/xactskateshop.com\\\/fr\\\/#website\"},\"primaryImageOfPage\":{\"@id\":\"https:\\\/\\\/xactskateshop.com\\\/fr\\\/produit\\\/chaussettes-pro-shield-kevlar-resistantes-aux-coupures\\\/#primaryimage\"},\"image\":{\"@id\":\"https:\\\/\\\/xactskateshop.com\\\/fr\\\/produit\\\/chaussettes-pro-shield-kevlar-resistantes-aux-coupures\\\/#primaryimage\"},\"thumbnailUrl\":\"https:\\\/\\\/xactskateshop.com\\\/wp-content\\\/uploads\\\/2020\\\/10\\\/kevkar-socks-web.jpg\",\"datePublished\":\"2020-10-03T16:25:47+00:00\",\"dateModified\":\"2025-10-22T20:25:10+00:00\",\"description\":\"Chaussettes PRO Shield Kevlar anti-lac\u00e9rations. Ing\u00e9nierie avanc\u00e9e pour un confort prolong\u00e9 de vos pieds. Au-dessus de la protection des mollets !\",\"breadcrumb\":{\"@id\":\"https:\\\/\\\/xactskateshop.com\\\/fr\\\/produit\\\/chaussettes-pro-shield-kevlar-resistantes-aux-coupures\\\/#breadcrumb\"},\"inLanguage\":\"fr-FR\",\"potentialAction\":[{\"@type\":\"ReadAction\",\"target\":[\"https:\\\/\\\/xactskateshop.com\\\/fr\\\/produit\\\/chaussettes-pro-shield-kevlar-resistantes-aux-coupures\\\/\"]}]},{\"@type\":\"ImageObject\",\"inLanguage\":\"fr-FR\",\"@id\":\"https:\\\/\\\/xactskateshop.com\\\/fr\\\/produit\\\/chaussettes-pro-shield-kevlar-resistantes-aux-coupures\\\/#primaryimage\",\"url\":\"https:\\\/\\\/xactskateshop.com\\\/wp-content\\\/uploads\\\/2020\\\/10\\\/kevkar-socks-web.jpg\",\"contentUrl\":\"https:\\\/\\\/xactskateshop.com\\\/wp-content\\\/uploads\\\/2020\\\/10\\\/kevkar-socks-web.jpg\",\"width\":1000,\"height\":1000,\"caption\":\"chaussettes kevlar r\u00e9sistantes aux coupures\"},{\"@type\":\"BreadcrumbList\",\"@id\":\"https:\\\/\\\/xactskateshop.com\\\/fr\\\/produit\\\/chaussettes-pro-shield-kevlar-resistantes-aux-coupures\\\/#breadcrumb\",\"itemListElement\":[{\"@type\":\"ListItem\",\"position\":1,\"name\":\"Home\",\"item\":\"https:\\\/\\\/xactskateshop.com\\\/fr\\\/accueil\\\/\"},{\"@type\":\"ListItem\",\"position\":2,\"name\":\"Boutique\",\"item\":\"https:\\\/\\\/xactskateshop.com\\\/shop\\\/\"},{\"@type\":\"ListItem\",\"position\":3,\"name\":\"Chaussettes PRO Shield Kevlar anti-lac\u00e9rations\"}]},{\"@type\":\"WebSite\",\"@id\":\"http:\\\/\\\/xactskateshop.com\\\/fr\\\/#website\",\"url\":\"http:\\\/\\\/xactskateshop.com\\\/fr\\\/\",\"name\":\"Xact Skate Shop\",\"description\":\"Un site utilisant WordPress\",\"publisher\":{\"@id\":\"http:\\\/\\\/xactskateshop.com\\\/fr\\\/#organization\"},\"potentialAction\":[{\"@type\":\"SearchAction\",\"target\":{\"@type\":\"EntryPoint\",\"urlTemplate\":\"http:\\\/\\\/xactskateshop.com\\\/fr\\\/?s={search_term_string}\"},\"query-input\":{\"@type\":\"PropertyValueSpecification\",\"valueRequired\":true,\"valueName\":\"search_term_string\"}}],\"inLanguage\":\"fr-FR\"},{\"@type\":\"Organization\",\"@id\":\"http:\\\/\\\/xactskateshop.com\\\/fr\\\/#organization\",\"name\":\"XACT Skate Shop\",\"url\":\"http:\\\/\\\/xactskateshop.com\\\/fr\\\/\",\"logo\":{\"@type\":\"ImageObject\",\"inLanguage\":\"fr-FR\",\"@id\":\"http:\\\/\\\/xactskateshop.com\\\/fr\\\/#\\\/schema\\\/logo\\\/image\\\/\",\"url\":\"http:\\\/\\\/xactskateshop.com\\\/wp-content\\\/uploads\\\/2024\\\/04\\\/xactskateshop-dot-com-avec-contour-noir-sans-fond-675x.jpg\",\"contentUrl\":\"http:\\\/\\\/xactskateshop.com\\\/wp-content\\\/uploads\\\/2024\\\/04\\\/xactskateshop-dot-com-avec-contour-noir-sans-fond-675x.jpg\",\"width\":675,\"height\":247,\"caption\":\"XACT Skate Shop\"},\"image\":{\"@id\":\"http:\\\/\\\/xactskateshop.com\\\/fr\\\/#\\\/schema\\\/logo\\\/image\\\/\"},\"sameAs\":[\"https:\\\/\\\/www.facebook.com\\\/JeanLouiskateshop\"]}]}<\/script>\n<!-- \/ Yoast SEO plugin. -->","yoast_head_json":{"title":"Chaussettes PRO Shield Kevlar anti-lac\u00e9rations - Xact Skate Shop","description":"Chaussettes PRO Shield Kevlar anti-lac\u00e9rations. Ing\u00e9nierie avanc\u00e9e pour un confort prolong\u00e9 de vos pieds. Au-dessus de la protection des mollets !","robots":{"index":"index","follow":"follow","max-snippet":"max-snippet:-1","max-image-preview":"max-image-preview:large","max-video-preview":"max-video-preview:-1"},"canonical":"https:\/\/xactskateshop.com\/fr\/produit\/chaussettes-pro-shield-kevlar-resistantes-aux-coupures\/","og_locale":"fr_FR","og_type":"article","og_title":"Chaussettes PRO Shield Kevlar anti-lac\u00e9rations - Xact Skate Shop","og_description":"Chaussettes PRO Shield Kevlar anti-lac\u00e9rations. Ing\u00e9nierie avanc\u00e9e pour un confort prolong\u00e9 de vos pieds. Au-dessus de la protection des mollets !","og_url":"https:\/\/xactskateshop.com\/fr\/produit\/chaussettes-pro-shield-kevlar-resistantes-aux-coupures\/","og_site_name":"Xact Skate Shop","article_publisher":"https:\/\/www.facebook.com\/JeanLouiskateshop","article_modified_time":"2025-10-22T20:25:10+00:00","og_image":[{"width":1000,"height":1000,"url":"https:\/\/xactskateshop.com\/wp-content\/uploads\/2020\/10\/kevkar-socks-web.jpg","type":"image\/jpeg"}],"twitter_card":"summary_large_image","twitter_misc":{"Dur\u00e9e de lecture estim\u00e9e":"2 minutes"},"schema":{"@context":"https:\/\/schema.org","@graph":[{"@type":"WebPage","@id":"https:\/\/xactskateshop.com\/fr\/produit\/chaussettes-pro-shield-kevlar-resistantes-aux-coupures\/","url":"https:\/\/xactskateshop.com\/fr\/produit\/chaussettes-pro-shield-kevlar-resistantes-aux-coupures\/","name":"Chaussettes PRO Shield Kevlar anti-lac\u00e9rations - Xact Skate Shop","isPartOf":{"@id":"http:\/\/xactskateshop.com\/fr\/#website"},"primaryImageOfPage":{"@id":"https:\/\/xactskateshop.com\/fr\/produit\/chaussettes-pro-shield-kevlar-resistantes-aux-coupures\/#primaryimage"},"image":{"@id":"https:\/\/xactskateshop.com\/fr\/produit\/chaussettes-pro-shield-kevlar-resistantes-aux-coupures\/#primaryimage"},"thumbnailUrl":"https:\/\/xactskateshop.com\/wp-content\/uploads\/2020\/10\/kevkar-socks-web.jpg","datePublished":"2020-10-03T16:25:47+00:00","dateModified":"2025-10-22T20:25:10+00:00","description":"Chaussettes PRO Shield Kevlar anti-lac\u00e9rations. Ing\u00e9nierie avanc\u00e9e pour un confort prolong\u00e9 de vos pieds. Au-dessus de la protection des mollets !","breadcrumb":{"@id":"https:\/\/xactskateshop.com\/fr\/produit\/chaussettes-pro-shield-kevlar-resistantes-aux-coupures\/#breadcrumb"},"inLanguage":"fr-FR","potentialAction":[{"@type":"ReadAction","target":["https:\/\/xactskateshop.com\/fr\/produit\/chaussettes-pro-shield-kevlar-resistantes-aux-coupures\/"]}]},{"@type":"ImageObject","inLanguage":"fr-FR","@id":"https:\/\/xactskateshop.com\/fr\/produit\/chaussettes-pro-shield-kevlar-resistantes-aux-coupures\/#primaryimage","url":"https:\/\/xactskateshop.com\/wp-content\/uploads\/2020\/10\/kevkar-socks-web.jpg","contentUrl":"https:\/\/xactskateshop.com\/wp-content\/uploads\/2020\/10\/kevkar-socks-web.jpg","width":1000,"height":1000,"caption":"chaussettes kevlar r\u00e9sistantes aux coupures"},{"@type":"BreadcrumbList","@id":"https:\/\/xactskateshop.com\/fr\/produit\/chaussettes-pro-shield-kevlar-resistantes-aux-coupures\/#breadcrumb","itemListElement":[{"@type":"ListItem","position":1,"name":"Home","item":"https:\/\/xactskateshop.com\/fr\/accueil\/"},{"@type":"ListItem","position":2,"name":"Boutique","item":"https:\/\/xactskateshop.com\/shop\/"},{"@type":"ListItem","position":3,"name":"Chaussettes PRO Shield Kevlar anti-lac\u00e9rations"}]},{"@type":"WebSite","@id":"http:\/\/xactskateshop.com\/fr\/#website","url":"http:\/\/xactskateshop.com\/fr\/","name":"Xact Skate Shop","description":"Un site utilisant WordPress","publisher":{"@id":"http:\/\/xactskateshop.com\/fr\/#organization"},"potentialAction":[{"@type":"SearchAction","target":{"@type":"EntryPoint","urlTemplate":"http:\/\/xactskateshop.com\/fr\/?s={search_term_string}"},"query-input":{"@type":"PropertyValueSpecification","valueRequired":true,"valueName":"search_term_string"}}],"inLanguage":"fr-FR"},{"@type":"Organization","@id":"http:\/\/xactskateshop.com\/fr\/#organization","name":"XACT Skate Shop","url":"http:\/\/xactskateshop.com\/fr\/","logo":{"@type":"ImageObject","inLanguage":"fr-FR","@id":"http:\/\/xactskateshop.com\/fr\/#\/schema\/logo\/image\/","url":"http:\/\/xactskateshop.com\/wp-content\/uploads\/2024\/04\/xactskateshop-dot-com-avec-contour-noir-sans-fond-675x.jpg","contentUrl":"http:\/\/xactskateshop.com\/wp-content\/uploads\/2024\/04\/xactskateshop-dot-com-avec-contour-noir-sans-fond-675x.jpg","width":675,"height":247,"caption":"XACT Skate Shop"},"image":{"@id":"http:\/\/xactskateshop.com\/fr\/#\/schema\/logo\/image\/"},"sameAs":["https:\/\/www.facebook.com\/JeanLouiskateshop"]}]}},"_links":{"self":[{"href":"https:\/\/xactskateshop.com\/fr\/wp-json\/wp\/v2\/product\/65030","targetHints":{"allow":["GET"]}}],"collection":[{"href":"https:\/\/xactskateshop.com\/fr\/wp-json\/wp\/v2\/product"}],"about":[{"href":"https:\/\/xactskateshop.com\/fr\/wp-json\/wp\/v2\/types\/product"}],"replies":[{"embeddable":true,"href":"https:\/\/xactskateshop.com\/fr\/wp-json\/wp\/v2\/comments?post=65030"}],"wp:featuredmedia":[{"embeddable":true,"href":"https:\/\/xactskateshop.com\/fr\/wp-json\/wp\/v2\/media\/29040"}],"wp:attachment":[{"href":"https:\/\/xactskateshop.com\/fr\/wp-json\/wp\/v2\/media?parent=65030"}],"wp:term":[{"taxonomy":"product_brand","embeddable":true,"href":"https:\/\/xactskateshop.com\/fr\/wp-json\/wp\/v2\/product_brand?post=65030"},{"taxonomy":"product_cat","embeddable":true,"href":"https:\/\/xactskateshop.com\/fr\/wp-json\/wp\/v2\/product_cat?post=65030"},{"taxonomy":"product_tag","embeddable":true,"href":"https:\/\/xactskateshop.com\/fr\/wp-json\/wp\/v2\/product_tag?post=65030"}],"curies":[{"name":"wp","href":"https:\/\/api.w.org\/{rel}","templated":true}]}}