{"id":65004,"date":"2020-10-07T16:46:43","date_gmt":"2020-10-07T20:46:43","guid":{"rendered":"http:\/\/xactskateshop.com\/product\/semelles-superfeet-carbon\/"},"modified":"2020-10-07T16:46:43","modified_gmt":"2020-10-07T20:46:43","slug":"semelles-superfeet-carbon","status":"publish","type":"product","link":"https:\/\/xactskateshop.com\/fr\/produit\/semelles-superfeet-carbon\/","title":{"rendered":"Semelles SUPERFEET Carbon"},"content":{"rendered":"<h2>Semelles SUPERFEET Carbon<\/h2>\n<p>La conception r\u00e9volutionnaire associe la r\u00e9sistance de la fibre de carbone \u00e0 une mousse ultral\u00e9g\u00e8re pour cr\u00e9er l&#8217;une de nos semelles Superfeet les plus innovantes et les plus performantes \u00e0 ce jour.<\/p>\n<h3><\/h3>\n<h3><strong>CARACT\u00c9RISTIQUES DU PRODUIT<\/strong><\/h3>\n<div data-feature-key=\"deep-narrow-heel-cup\"><\/div>\n<ul>\n<li class=\"product-feature\" data-feature-key=\"deep-narrow-heel-cup\"><strong>MOUSSE L\u00c9G\u00c8RE DE HAUTE DENSIT\u00c9 : <\/strong>La mousse durable \u00e0 cellules ferm\u00e9es offre un confort durable pour les chaussures de sport \u00e9troites.<\/li>\n<li class=\"product-feature\" data-feature-key=\"durable-construction\"><strong>CONSTRUCTION DURABLE : Les <\/strong>semelles Superfeet gardent leur forme, offrant un soutien et un confort fiables jusqu&#8217;\u00e0 12 mois ou 805 km, selon la premi\u00e8re \u00e9ventualit\u00e9.<\/li>\n<li class=\"product-feature\" data-feature-key=\"durable-construction\"><strong>STABILISATEUR EN FIBRE DE CARBONE : <\/strong>La base de la semelle soutient l&#8217;arri\u00e8re-pied et fournit une structure et une stabilit\u00e9 \u00e0 la couche de mousse, renforc\u00e9e par l&#8217;Evolyte\u00ae, un m\u00e9lange exclusif de fibres de carbone et de polym\u00e8res.<\/li>\n<li class=\"product-feature\" data-feature-key=\"durable-construction\"><strong>PROFIL BAS : <\/strong>La semelle Superfeet la plus fine.<\/li>\n<li class=\"product-feature\" data-feature-key=\"durable-construction\"><strong>PERFORATIONS EN MOUSSE : <\/strong>Les perforations au milieu et \u00e0 l&#8217;avant du pied r\u00e9duisent le poids et am\u00e9liorent la respirabilit\u00e9.<\/li>\n<li class=\"product-feature\" data-feature-key=\"hi-impact-forefoot\"><strong>AVANT-PIED PLUS LARGE : <\/strong>S&#8217;adapte \u00e0 une large gamme de chaussures.<\/li>\n<li class=\"product-feature\" data-feature-key=\"responsive-foam\"><strong>BORD <\/strong>BISELE <strong>: <\/strong>Le bord biseaut\u00e9 de la mousse am\u00e9liore l&#8217;ajustement dans les chaussures plus \u00e9troites<strong>. <\/strong><\/li>\n<li class=\"product-feature\" data-feature-key=\"responsive-foam\"><strong>FORME SUPERFEET\u00ae : <\/strong>La forme \u00e0 profil bas aide \u00e0 stabiliser et \u00e0 soutenir le pied, ce qui peut aider \u00e0 r\u00e9duire le stress sur les pieds, les chevilles et les genoux.<\/li>\n<li class=\"product-feature\" data-feature-key=\"organic-odor-control\"><strong>ENDUIT DE CONTR\u00d4LE DES ODEURS : <\/strong>Enduit enti\u00e8rement naturel qui \u00e9limine les bact\u00e9ries responsables des mauvaises odeurs.<\/li>\n<li class=\"product-feature\" data-feature-key=\"superfeetr-shape\"><strong>COUPE DU TALON : <\/strong>La coupe du talon structur\u00e9e aide \u00e0 stabiliser et \u00e0 soutenir le pied et positionne le talon de mani\u00e8re \u00e0 absorber naturellement les chocs.<\/li>\n<\/ul>\n<div data-feature-key=\"superfeetr-shape\"><\/div>\n<div data-feature-key=\"superfeetr-shape\">Voir notre mod\u00e8le noir <a href=\"http:\/\/xactskateshop.com\/product\/superfeet-black-insoles\/\">ici<\/a><\/div>\n<div data-feature-key=\"superfeetr-shape\">Pour en savoir plus sur Superfeet <a href=\"https:\/\/www.superfeet.com\/en-eu\/about-superfeet\">, cliquez ici<\/a><\/div>\n","protected":false},"excerpt":{"rendered":"<p>&nbsp;<\/p>\n<hr>\n<p style=\"text-align: center;\">La conception r\u00e9volutionnaire associe la r\u00e9sistance de la fibre de carbone \u00e0 une mousse ultral\u00e9g\u00e8re pour cr\u00e9er l&#8217;une de nos semelles Superfeet les plus innovantes et les plus performantes jamais con\u00e7ues.<\/p>\n<hr>\n<p>&nbsp;<\/p>\n","protected":false},"featured_media":28980,"comment_status":"open","ping_status":"closed","template":"","meta":{"site-sidebar-layout":"default","site-content-layout":"default","ast-site-content-layout":"default","site-content-style":"default","site-sidebar-style":"default","ast-global-header-display":"","ast-banner-title-visibility":"","ast-main-header-display":"","ast-hfb-above-header-display":"","ast-hfb-below-header-display":"","ast-hfb-mobile-header-display":"","site-post-title":"","ast-breadcrumbs-content":"","ast-featured-img":"","footer-sml-layout":"","theme-transparent-header-meta":"default","adv-header-id-meta":"","stick-header-meta":"","header-above-stick-meta":"","header-main-stick-meta":"","header-below-stick-meta":"","astra-migrate-meta-layouts":"default","ast-page-background-enabled":"default","ast-page-background-meta":{"desktop":{"background-color":"","background-image":"","background-repeat":"repeat","background-position":"center center","background-size":"auto","background-attachment":"scroll","background-type":"","background-media":"","overlay-type":"","overlay-color":"","overlay-opacity":"","overlay-gradient":""},"tablet":{"background-color":"","background-image":"","background-repeat":"repeat","background-position":"center center","background-size":"auto","background-attachment":"scroll","background-type":"","background-media":"","overlay-type":"","overlay-color":"","overlay-opacity":"","overlay-gradient":""},"mobile":{"background-color":"","background-image":"","background-repeat":"repeat","background-position":"center center","background-size":"auto","background-attachment":"scroll","background-type":"","background-media":"","overlay-type":"","overlay-color":"","overlay-opacity":"","overlay-gradient":""}},"ast-content-background-meta":{"desktop":{"background-color":"var(--ast-global-color-5)","background-image":"","background-repeat":"repeat","background-position":"center center","background-size":"auto","background-attachment":"scroll","background-type":"","background-media":"","overlay-type":"","overlay-color":"","overlay-opacity":"","overlay-gradient":""},"tablet":{"background-color":"var(--ast-global-color-5)","background-image":"","background-repeat":"repeat","background-position":"center center","background-size":"auto","background-attachment":"scroll","background-type":"","background-media":"","overlay-type":"","overlay-color":"","overlay-opacity":"","overlay-gradient":""},"mobile":{"background-color":"var(--ast-global-color-5)","background-image":"","background-repeat":"repeat","background-position":"center center","background-size":"auto","background-attachment":"scroll","background-type":"","background-media":"","overlay-type":"","overlay-color":"","overlay-opacity":"","overlay-gradient":""}}},"product_brand":[],"product_cat":[1527,1529,1530,1354,1431,1353,1589,1652,1513],"product_tag":[1655,1653,1658,1656,1657,1659,1654],"class_list":{"0":"post-65004","1":"product","2":"type-product","3":"status-publish","4":"has-post-thumbnail","6":"product_cat-accessoires-courte-piste","7":"product_cat-accessoires-de-patinage-a-roues-alignees","8":"product_cat-accessoires-pour-patins-a-roulettes","9":"product_cat-courte-piste","10":"product_cat-longue-piste","11":"product_cat-patinage-de-vitesse","12":"product_cat-patinage-de-vitesse-a-roues-alignees","13":"product_cat-patins-a-roulettes","14":"product_cat-sacs-et-accessoires","15":"product_tag-meilleures-semelles","16":"product_tag-semelles","17":"product_tag-semelles-en-carbone","18":"product_tag-semelles-pour-patins","19":"product_tag-semelles-pour-patins-de-hockey","20":"product_tag-semelles-superfeet-fr","21":"product_tag-superfeet-fr","22":"desktop-align-center","23":"tablet-align-center","24":"mobile-align-center","25":"ast-product-gallery-layout-horizontal","26":"ast-product-single-variable","27":"ast-product-tabs-layout-horizontal","28":"ast-qv-on-image","30":"first","31":"instock","32":"taxable","33":"shipping-taxable","34":"purchasable","35":"product-type-variable"},"bundled_by":[],"bundle_stock_status":"instock","bundle_stock_quantity":null,"bundle_virtual":false,"bundle_layout":"","bundle_add_to_cart_form_location":"","bundle_editable_in_cart":false,"bundle_sold_individually_context":"","bundle_item_grouping":"","bundle_min_size":"","bundle_max_size":"","bundle_price":[],"bundled_items":[],"bundle_sell_ids":[],"yoast_head":"<!-- This site is optimized with the Yoast SEO plugin v27.4 - https:\/\/yoast.com\/product\/yoast-seo-wordpress\/ -->\n<title>Semelles SUPERFEET Carbon - Xact Skate Shop<\/title>\n<meta name=\"description\" content=\"Semelles SUPERFEET Carbon. La conception r\u00e9volutionnaire associe la r\u00e9sistance du carbone \u00e0 une mousse ultral\u00e9g\u00e8re pour cr\u00e9er l&#039;une des semelles les plus innovantes et les plus performantes jamais con\u00e7ues.\" \/>\n<meta name=\"robots\" content=\"index, follow, max-snippet:-1, max-image-preview:large, max-video-preview:-1\" \/>\n<link rel=\"canonical\" href=\"https:\/\/xactskateshop.com\/fr\/produit\/semelles-superfeet-carbon\/\" \/>\n<meta property=\"og:locale\" content=\"fr_FR\" \/>\n<meta property=\"og:type\" content=\"article\" \/>\n<meta property=\"og:title\" content=\"Semelles SUPERFEET Carbon - Xact Skate Shop\" \/>\n<meta property=\"og:description\" content=\"Semelles SUPERFEET Carbon. La conception r\u00e9volutionnaire associe la r\u00e9sistance du carbone \u00e0 une mousse ultral\u00e9g\u00e8re pour cr\u00e9er l&#039;une des semelles les plus innovantes et les plus performantes jamais con\u00e7ues.\" \/>\n<meta property=\"og:url\" content=\"https:\/\/xactskateshop.com\/fr\/produit\/semelles-superfeet-carbon\/\" \/>\n<meta property=\"og:site_name\" content=\"Xact Skate Shop\" \/>\n<meta property=\"article:publisher\" content=\"https:\/\/www.facebook.com\/JeanLouiskateshop\" \/>\n<meta property=\"og:image\" content=\"https:\/\/xactskateshop.com\/wp-content\/uploads\/2020\/10\/carbon-web-1.jpg\" \/>\n\t<meta property=\"og:image:width\" content=\"1000\" \/>\n\t<meta property=\"og:image:height\" content=\"1000\" \/>\n\t<meta property=\"og:image:type\" content=\"image\/jpeg\" \/>\n<meta name=\"twitter:card\" content=\"summary_large_image\" \/>\n<meta name=\"twitter:label1\" content=\"Dur\u00e9e de lecture estim\u00e9e\" \/>\n\t<meta name=\"twitter:data1\" content=\"1 minute\" \/>\n<script type=\"application\/ld+json\" class=\"yoast-schema-graph\">{\"@context\":\"https:\\\/\\\/schema.org\",\"@graph\":[{\"@type\":\"WebPage\",\"@id\":\"https:\\\/\\\/xactskateshop.com\\\/fr\\\/produit\\\/semelles-superfeet-carbon\\\/\",\"url\":\"https:\\\/\\\/xactskateshop.com\\\/fr\\\/produit\\\/semelles-superfeet-carbon\\\/\",\"name\":\"Semelles SUPERFEET Carbon - Xact Skate Shop\",\"isPartOf\":{\"@id\":\"http:\\\/\\\/xactskateshop.com\\\/fr\\\/#website\"},\"primaryImageOfPage\":{\"@id\":\"https:\\\/\\\/xactskateshop.com\\\/fr\\\/produit\\\/semelles-superfeet-carbon\\\/#primaryimage\"},\"image\":{\"@id\":\"https:\\\/\\\/xactskateshop.com\\\/fr\\\/produit\\\/semelles-superfeet-carbon\\\/#primaryimage\"},\"thumbnailUrl\":\"https:\\\/\\\/xactskateshop.com\\\/wp-content\\\/uploads\\\/2020\\\/10\\\/carbon-web-1.jpg\",\"datePublished\":\"2020-10-07T20:46:43+00:00\",\"description\":\"Semelles SUPERFEET Carbon. La conception r\u00e9volutionnaire associe la r\u00e9sistance du carbone \u00e0 une mousse ultral\u00e9g\u00e8re pour cr\u00e9er l'une des semelles les plus innovantes et les plus performantes jamais con\u00e7ues.\",\"breadcrumb\":{\"@id\":\"https:\\\/\\\/xactskateshop.com\\\/fr\\\/produit\\\/semelles-superfeet-carbon\\\/#breadcrumb\"},\"inLanguage\":\"fr-FR\",\"potentialAction\":[{\"@type\":\"ReadAction\",\"target\":[\"https:\\\/\\\/xactskateshop.com\\\/fr\\\/produit\\\/semelles-superfeet-carbon\\\/\"]}]},{\"@type\":\"ImageObject\",\"inLanguage\":\"fr-FR\",\"@id\":\"https:\\\/\\\/xactskateshop.com\\\/fr\\\/produit\\\/semelles-superfeet-carbon\\\/#primaryimage\",\"url\":\"https:\\\/\\\/xactskateshop.com\\\/wp-content\\\/uploads\\\/2020\\\/10\\\/carbon-web-1.jpg\",\"contentUrl\":\"https:\\\/\\\/xactskateshop.com\\\/wp-content\\\/uploads\\\/2020\\\/10\\\/carbon-web-1.jpg\",\"width\":1000,\"height\":1000,\"caption\":\"semelle int\u00e9rieure en carbone superfeet\"},{\"@type\":\"BreadcrumbList\",\"@id\":\"https:\\\/\\\/xactskateshop.com\\\/fr\\\/produit\\\/semelles-superfeet-carbon\\\/#breadcrumb\",\"itemListElement\":[{\"@type\":\"ListItem\",\"position\":1,\"name\":\"Home\",\"item\":\"https:\\\/\\\/xactskateshop.com\\\/fr\\\/accueil\\\/\"},{\"@type\":\"ListItem\",\"position\":2,\"name\":\"Boutique\",\"item\":\"https:\\\/\\\/xactskateshop.com\\\/shop\\\/\"},{\"@type\":\"ListItem\",\"position\":3,\"name\":\"Semelles SUPERFEET Carbon\"}]},{\"@type\":\"WebSite\",\"@id\":\"http:\\\/\\\/xactskateshop.com\\\/fr\\\/#website\",\"url\":\"http:\\\/\\\/xactskateshop.com\\\/fr\\\/\",\"name\":\"Xact Skate Shop\",\"description\":\"Un site utilisant WordPress\",\"publisher\":{\"@id\":\"http:\\\/\\\/xactskateshop.com\\\/fr\\\/#organization\"},\"potentialAction\":[{\"@type\":\"SearchAction\",\"target\":{\"@type\":\"EntryPoint\",\"urlTemplate\":\"http:\\\/\\\/xactskateshop.com\\\/fr\\\/?s={search_term_string}\"},\"query-input\":{\"@type\":\"PropertyValueSpecification\",\"valueRequired\":true,\"valueName\":\"search_term_string\"}}],\"inLanguage\":\"fr-FR\"},{\"@type\":\"Organization\",\"@id\":\"http:\\\/\\\/xactskateshop.com\\\/fr\\\/#organization\",\"name\":\"XACT Skate Shop\",\"url\":\"http:\\\/\\\/xactskateshop.com\\\/fr\\\/\",\"logo\":{\"@type\":\"ImageObject\",\"inLanguage\":\"fr-FR\",\"@id\":\"http:\\\/\\\/xactskateshop.com\\\/fr\\\/#\\\/schema\\\/logo\\\/image\\\/\",\"url\":\"http:\\\/\\\/xactskateshop.com\\\/wp-content\\\/uploads\\\/2024\\\/04\\\/xactskateshop-dot-com-avec-contour-noir-sans-fond-675x.jpg\",\"contentUrl\":\"http:\\\/\\\/xactskateshop.com\\\/wp-content\\\/uploads\\\/2024\\\/04\\\/xactskateshop-dot-com-avec-contour-noir-sans-fond-675x.jpg\",\"width\":675,\"height\":247,\"caption\":\"XACT Skate Shop\"},\"image\":{\"@id\":\"http:\\\/\\\/xactskateshop.com\\\/fr\\\/#\\\/schema\\\/logo\\\/image\\\/\"},\"sameAs\":[\"https:\\\/\\\/www.facebook.com\\\/JeanLouiskateshop\"]}]}<\/script>\n<!-- \/ Yoast SEO plugin. -->","yoast_head_json":{"title":"Semelles SUPERFEET Carbon - Xact Skate Shop","description":"Semelles SUPERFEET Carbon. La conception r\u00e9volutionnaire associe la r\u00e9sistance du carbone \u00e0 une mousse ultral\u00e9g\u00e8re pour cr\u00e9er l'une des semelles les plus innovantes et les plus performantes jamais con\u00e7ues.","robots":{"index":"index","follow":"follow","max-snippet":"max-snippet:-1","max-image-preview":"max-image-preview:large","max-video-preview":"max-video-preview:-1"},"canonical":"https:\/\/xactskateshop.com\/fr\/produit\/semelles-superfeet-carbon\/","og_locale":"fr_FR","og_type":"article","og_title":"Semelles SUPERFEET Carbon - Xact Skate Shop","og_description":"Semelles SUPERFEET Carbon. La conception r\u00e9volutionnaire associe la r\u00e9sistance du carbone \u00e0 une mousse ultral\u00e9g\u00e8re pour cr\u00e9er l'une des semelles les plus innovantes et les plus performantes jamais con\u00e7ues.","og_url":"https:\/\/xactskateshop.com\/fr\/produit\/semelles-superfeet-carbon\/","og_site_name":"Xact Skate Shop","article_publisher":"https:\/\/www.facebook.com\/JeanLouiskateshop","og_image":[{"width":1000,"height":1000,"url":"https:\/\/xactskateshop.com\/wp-content\/uploads\/2020\/10\/carbon-web-1.jpg","type":"image\/jpeg"}],"twitter_card":"summary_large_image","twitter_misc":{"Dur\u00e9e de lecture estim\u00e9e":"1 minute"},"schema":{"@context":"https:\/\/schema.org","@graph":[{"@type":"WebPage","@id":"https:\/\/xactskateshop.com\/fr\/produit\/semelles-superfeet-carbon\/","url":"https:\/\/xactskateshop.com\/fr\/produit\/semelles-superfeet-carbon\/","name":"Semelles SUPERFEET Carbon - Xact Skate Shop","isPartOf":{"@id":"http:\/\/xactskateshop.com\/fr\/#website"},"primaryImageOfPage":{"@id":"https:\/\/xactskateshop.com\/fr\/produit\/semelles-superfeet-carbon\/#primaryimage"},"image":{"@id":"https:\/\/xactskateshop.com\/fr\/produit\/semelles-superfeet-carbon\/#primaryimage"},"thumbnailUrl":"https:\/\/xactskateshop.com\/wp-content\/uploads\/2020\/10\/carbon-web-1.jpg","datePublished":"2020-10-07T20:46:43+00:00","description":"Semelles SUPERFEET Carbon. La conception r\u00e9volutionnaire associe la r\u00e9sistance du carbone \u00e0 une mousse ultral\u00e9g\u00e8re pour cr\u00e9er l'une des semelles les plus innovantes et les plus performantes jamais con\u00e7ues.","breadcrumb":{"@id":"https:\/\/xactskateshop.com\/fr\/produit\/semelles-superfeet-carbon\/#breadcrumb"},"inLanguage":"fr-FR","potentialAction":[{"@type":"ReadAction","target":["https:\/\/xactskateshop.com\/fr\/produit\/semelles-superfeet-carbon\/"]}]},{"@type":"ImageObject","inLanguage":"fr-FR","@id":"https:\/\/xactskateshop.com\/fr\/produit\/semelles-superfeet-carbon\/#primaryimage","url":"https:\/\/xactskateshop.com\/wp-content\/uploads\/2020\/10\/carbon-web-1.jpg","contentUrl":"https:\/\/xactskateshop.com\/wp-content\/uploads\/2020\/10\/carbon-web-1.jpg","width":1000,"height":1000,"caption":"semelle int\u00e9rieure en carbone superfeet"},{"@type":"BreadcrumbList","@id":"https:\/\/xactskateshop.com\/fr\/produit\/semelles-superfeet-carbon\/#breadcrumb","itemListElement":[{"@type":"ListItem","position":1,"name":"Home","item":"https:\/\/xactskateshop.com\/fr\/accueil\/"},{"@type":"ListItem","position":2,"name":"Boutique","item":"https:\/\/xactskateshop.com\/shop\/"},{"@type":"ListItem","position":3,"name":"Semelles SUPERFEET Carbon"}]},{"@type":"WebSite","@id":"http:\/\/xactskateshop.com\/fr\/#website","url":"http:\/\/xactskateshop.com\/fr\/","name":"Xact Skate Shop","description":"Un site utilisant WordPress","publisher":{"@id":"http:\/\/xactskateshop.com\/fr\/#organization"},"potentialAction":[{"@type":"SearchAction","target":{"@type":"EntryPoint","urlTemplate":"http:\/\/xactskateshop.com\/fr\/?s={search_term_string}"},"query-input":{"@type":"PropertyValueSpecification","valueRequired":true,"valueName":"search_term_string"}}],"inLanguage":"fr-FR"},{"@type":"Organization","@id":"http:\/\/xactskateshop.com\/fr\/#organization","name":"XACT Skate Shop","url":"http:\/\/xactskateshop.com\/fr\/","logo":{"@type":"ImageObject","inLanguage":"fr-FR","@id":"http:\/\/xactskateshop.com\/fr\/#\/schema\/logo\/image\/","url":"http:\/\/xactskateshop.com\/wp-content\/uploads\/2024\/04\/xactskateshop-dot-com-avec-contour-noir-sans-fond-675x.jpg","contentUrl":"http:\/\/xactskateshop.com\/wp-content\/uploads\/2024\/04\/xactskateshop-dot-com-avec-contour-noir-sans-fond-675x.jpg","width":675,"height":247,"caption":"XACT Skate Shop"},"image":{"@id":"http:\/\/xactskateshop.com\/fr\/#\/schema\/logo\/image\/"},"sameAs":["https:\/\/www.facebook.com\/JeanLouiskateshop"]}]}},"_links":{"self":[{"href":"https:\/\/xactskateshop.com\/fr\/wp-json\/wp\/v2\/product\/65004","targetHints":{"allow":["GET"]}}],"collection":[{"href":"https:\/\/xactskateshop.com\/fr\/wp-json\/wp\/v2\/product"}],"about":[{"href":"https:\/\/xactskateshop.com\/fr\/wp-json\/wp\/v2\/types\/product"}],"replies":[{"embeddable":true,"href":"https:\/\/xactskateshop.com\/fr\/wp-json\/wp\/v2\/comments?post=65004"}],"wp:featuredmedia":[{"embeddable":true,"href":"https:\/\/xactskateshop.com\/fr\/wp-json\/wp\/v2\/media\/28980"}],"wp:attachment":[{"href":"https:\/\/xactskateshop.com\/fr\/wp-json\/wp\/v2\/media?parent=65004"}],"wp:term":[{"taxonomy":"product_brand","embeddable":true,"href":"https:\/\/xactskateshop.com\/fr\/wp-json\/wp\/v2\/product_brand?post=65004"},{"taxonomy":"product_cat","embeddable":true,"href":"https:\/\/xactskateshop.com\/fr\/wp-json\/wp\/v2\/product_cat?post=65004"},{"taxonomy":"product_tag","embeddable":true,"href":"https:\/\/xactskateshop.com\/fr\/wp-json\/wp\/v2\/product_tag?post=65004"}],"curies":[{"name":"wp","href":"https:\/\/api.w.org\/{rel}","templated":true}]}}