{"id":64523,"date":"2020-09-22T16:43:52","date_gmt":"2020-09-22T20:43:52","guid":{"rendered":"http:\/\/xactskateshop.com\/product\/bont-patriot-carbon-blue-and-white-ultrasprint-package\/"},"modified":"2026-03-19T13:36:10","modified_gmt":"2026-03-19T17:36:10","slug":"ensemble-bont-patriot-carbon-bleu-et-blanc-ultrasprint","status":"publish","type":"product","link":"https:\/\/xactskateshop.com\/fr\/produit\/ensemble-bont-patriot-carbon-bleu-et-blanc-ultrasprint\/","title":{"rendered":"Ensemble BONT Patriot Carbon Bleu et Blanc\/Ultrasprint"},"content":{"rendered":"<h2>Patriot Carbon Bleu et blanc\/Ultrasprint<\/h2>\n<p>Les patineurs de Courte Piste se sentent indestructibles. C&#8217;est une attitude qui leur permet de repousser toutes les limites. Voici la botte en carbone Courte Piste Patriot. Regardez de pr\u00e8s. \u00c9coutez. Il n&#8217;est pas difficile de retrouver notre riche tradition de lignes \u00e9pur\u00e9es et d&#8217;attitude franche dans notre dernier mod\u00e8le short track. Nous sommes une marque qui continue \u00e0 refuser la pens\u00e9e conventionnelle tout en poussant nos propres designs classiques au moins un peu plus loin \u00e0 chaque fois. La Patriot est une botte qui devrait co\u00fbter plus de 1000$ avec de la fibre de carbone pos\u00e9e \u00e0 la main et le syst\u00e8me unique d&#8217;enveloppement par pression de Bonts qui enl\u00e8ve plus d&#8217;exc\u00e8s de r\u00e9sine que n&#8217;importe quelle autre technique de pose de carbone.<\/p>\n<div>\n<h3><b>Caract\u00e9ristiques des bottines<\/b><\/h3>\n<div>\n<ul>\n<li><strong>Base :<\/strong> Base en composite de carbone pos\u00e9e \u00e0 la main<\/li>\n<li><strong>Rev\u00eatement ext\u00e9rieur :<\/strong> Microfibre \/ microfibre mate<\/li>\n<li><strong>Doublure :<\/strong> Microfibre<\/li>\n<li><strong>Semelle int\u00e9rieure :<\/strong> Cuir<\/li>\n<li><strong>Thermoformable :<\/strong> Base enti\u00e8rement thermoformable utilisant une r\u00e9sine \u00e9poxy thermodurcissable.<\/li>\n<li><strong>Rembourrage :<\/strong> Mousse \u00e0 m\u00e9moire de forme haute densit\u00e9<\/li>\n<li><strong>Options de fermeture<\/strong>: Lacets cir\u00e9s, cache-lacets et deux bandes velcro<\/li>\n<li><strong>Options d\u2019ajustement :<\/strong>\u00a0Standard, \u00c9troit (+80$), Large (+80$)<strong>\u00a0(Les options \u00c9troit ou Large peuvent prendre jusqu\u2019\u00e0 4-6 semaines pour \u00eatre livr\u00e9es). Factur\u00e9 s\u00e9par\u00e9ment<\/strong><\/li>\n<\/ul>\n<h3>Sp\u00e9cifications de l&#8217;Ultrasprint<\/h3>\n<ul>\n<li><strong style=\"font-size: 16px;\">Monture : <\/strong><span style=\"font-size: 16px;\">165mm<\/span><\/li>\n<li><strong>Mat\u00e9riau du tube :<\/strong> Aluminium 6061 T6<\/li>\n<li><strong>Mat\u00e9riau de la coupelle :<\/strong> Aluminium 7075 T6<\/li>\n<li><strong>Rayon :<\/strong> 8m<\/li>\n<li><strong>Longueur :<\/strong> 12&#8243;, 13&#8243;, 14&#8243;, 14.5&#8243;, 15&#8243;, 15.5&#8243;, 16&#8243;, 16.5&#8243;, 17&#8243;.<\/li>\n<li><strong>\u00c9paisseur de la lame :<\/strong> 1,1 mm<\/li>\n<li><strong>Duret\u00e9 :<\/strong> 58 Rockwell<\/li>\n<li><strong>Cintrage :<\/strong> Cintrage \u00e0 la machine<\/li>\n<\/ul>\n<p>La lame Ultrasprint a pour but d&#8217;affronter la concurrence et de la surpasser dans tous les domaines. Cela inclut l&#8217;utilisation d&#8217;un meilleur acier, un polissage brillant, une courbure parfaite, une meilleure r\u00e9tention de la courbure et des graphismes impressionnants pour compl\u00e9ter le look. Le tout \u00e0 un prix incroyable.<\/p>\n<p><strong><em>LA LONGUEUR DE LA LAME PEUT \u00caTRE MODIFI\u00c9E, VEUILLEZ SP\u00c9CIFIER LA MODIFICATION DANS LA CASE COMMENTAIRE LORS DE VOTRE COMMANDE.<\/em><\/strong><\/p>\n<p><strong>Pr\u00e9paration des lames : Nous r\u00e9alisons un berceau progressif ST-3 sur ces lames. <a href=\"https:\/\/xactskateshop.com\/fr\/produit\/berceau-sur-lame-de-courte-piste\/\">(voir les num\u00e9ros ici)<\/a> ainsi que la courbure correspondante<\/strong><\/p>\n<\/div>\n<\/div>\n<div class=\"woocommerce-tabs wc-tabs-wrapper\">\n<div id=\"tab-description\" class=\"woocommerce-Tabs-panel woocommerce-Tabs-panel--description panel entry-content wc-tab\" role=\"tabpanel\" aria-labelledby=\"tab-title-description\">\n<h3><strong style=\"font-size: 16px; font-style: normal;\">TROUVEZ VOTRE TAILLE<\/strong> <a style=\"font-size: 16px; font-style: normal; font-weight: 400; background-color: #ffffff;\" href=\"https:\/\/xactskateshop.com\/fr\/tableau-des-tailles\/\">ici<\/a><\/h3>\n<p>Ils peuvent \u00e9galement \u00eatre achet\u00e9s <a href=\"https:\/\/bont.ca\/collections\/short-track-skates\/products\/short-track-patriot-c-ice-skate\">ici<\/a><\/p>\n<\/div>\n<\/div>\n","protected":false},"excerpt":{"rendered":"<h3><\/h3>\n<p>&nbsp;<\/p>\n<hr \/>\n<p style=\"text-align: center;\"><span style=\"color: #ff0000;\"><strong>****** Veuillez nous contacter \u00e0 l&#8217;adresse info@xactskateshop.com pour conna\u00eetre la disponibilit\u00e9 des tailles\/couleurs avant de passer commande******<\/strong><\/span><\/p>\n<hr \/>\n<p>&nbsp;<\/p>\n","protected":false},"featured_media":27651,"comment_status":"open","ping_status":"closed","template":"","meta":{"site-sidebar-layout":"default","site-content-layout":"default","ast-site-content-layout":"default","site-content-style":"default","site-sidebar-style":"default","ast-global-header-display":"","ast-banner-title-visibility":"","ast-main-header-display":"","ast-hfb-above-header-display":"","ast-hfb-below-header-display":"","ast-hfb-mobile-header-display":"","site-post-title":"","ast-breadcrumbs-content":"","ast-featured-img":"","footer-sml-layout":"","theme-transparent-header-meta":"default","adv-header-id-meta":"","stick-header-meta":"","header-above-stick-meta":"","header-main-stick-meta":"","header-below-stick-meta":"","astra-migrate-meta-layouts":"set","ast-page-background-enabled":"default","ast-page-background-meta":{"desktop":{"background-color":"","background-image":"","background-repeat":"repeat","background-position":"center center","background-size":"auto","background-attachment":"scroll","background-type":"","background-media":"","overlay-type":"","overlay-color":"","overlay-opacity":"","overlay-gradient":""},"tablet":{"background-color":"","background-image":"","background-repeat":"repeat","background-position":"center center","background-size":"auto","background-attachment":"scroll","background-type":"","background-media":"","overlay-type":"","overlay-color":"","overlay-opacity":"","overlay-gradient":""},"mobile":{"background-color":"","background-image":"","background-repeat":"repeat","background-position":"center center","background-size":"auto","background-attachment":"scroll","background-type":"","background-media":"","overlay-type":"","overlay-color":"","overlay-opacity":"","overlay-gradient":""}},"ast-content-background-meta":{"desktop":{"background-color":"var(--ast-global-color-5)","background-image":"","background-repeat":"repeat","background-position":"center center","background-size":"auto","background-attachment":"scroll","background-type":"","background-media":"","overlay-type":"","overlay-color":"","overlay-opacity":"","overlay-gradient":""},"tablet":{"background-color":"var(--ast-global-color-5)","background-image":"","background-repeat":"repeat","background-position":"center center","background-size":"auto","background-attachment":"scroll","background-type":"","background-media":"","overlay-type":"","overlay-color":"","overlay-opacity":"","overlay-gradient":""},"mobile":{"background-color":"var(--ast-global-color-5)","background-image":"","background-repeat":"repeat","background-position":"center center","background-size":"auto","background-attachment":"scroll","background-type":"","background-media":"","overlay-type":"","overlay-color":"","overlay-opacity":"","overlay-gradient":""}}},"product_brand":[],"product_cat":[1354,1355,1353],"product_tag":[1384,1391,1390,1383,1385,1394,1356,1389,1397,1388,1403,1392],"class_list":{"0":"post-64523","1":"product","2":"type-product","3":"status-publish","4":"has-post-thumbnail","6":"product_cat-courte-piste","7":"product_cat-ensembles-bottines-et-lames-courte-piste","8":"product_cat-patinage-de-vitesse","9":"product_tag-bont-fr","10":"product_tag-botte-en-carbone","11":"product_tag-bottes-bont","12":"product_tag-bottes-courtes","13":"product_tag-boutique-xactskate","14":"product_tag-courte-piste-fr-2","15":"product_tag-courte-piste-fr","16":"product_tag-lames-bont-fr","17":"product_tag-lames-de-st","18":"product_tag-paquet-court-circuit","19":"product_tag-patinage-de-vitesse","20":"product_tag-thermo-moulable","21":"desktop-align-center","22":"tablet-align-center","23":"mobile-align-center","24":"ast-product-gallery-layout-horizontal","25":"ast-product-single-variable","26":"ast-product-tabs-layout-horizontal","27":"ast-qv-on-image","29":"first","30":"instock","31":"sale","32":"taxable","33":"shipping-taxable","34":"purchasable","35":"product-type-variable"},"bundled_by":[],"bundle_stock_status":"instock","bundle_stock_quantity":null,"bundle_virtual":false,"bundle_layout":"","bundle_add_to_cart_form_location":"","bundle_editable_in_cart":false,"bundle_sold_individually_context":"","bundle_item_grouping":"","bundle_min_size":"","bundle_max_size":"","bundle_price":[],"bundled_items":[],"bundle_sell_ids":[],"yoast_head":"<!-- This site is optimized with the Yoast SEO plugin v27.4 - https:\/\/yoast.com\/product\/yoast-seo-wordpress\/ -->\n<title>Ensemble BONT Patriot Carbon Bleu et Blanc\/Ultrasprint - Xact Skate Shop<\/title>\n<meta name=\"description\" content=\"Patriot Carbon Blue et White\/Ultrasprint Package. Les patineurs de Courte Piste se sentent indestructibles. C&#039;est ce qui permet de repousser les limites.\" \/>\n<meta name=\"robots\" content=\"index, follow, max-snippet:-1, max-image-preview:large, max-video-preview:-1\" \/>\n<link rel=\"canonical\" href=\"https:\/\/xactskateshop.com\/fr\/produit\/ensemble-bont-patriot-carbon-bleu-et-blanc-ultrasprint\/\" \/>\n<meta property=\"og:locale\" content=\"fr_FR\" \/>\n<meta property=\"og:type\" content=\"article\" \/>\n<meta property=\"og:title\" content=\"Ensemble BONT Patriot Carbon Bleu et Blanc\/Ultrasprint - Xact Skate Shop\" \/>\n<meta property=\"og:description\" content=\"Patriot Carbon Blue et White\/Ultrasprint Package. Les patineurs de Courte Piste se sentent indestructibles. C&#039;est ce qui permet de repousser les limites.\" \/>\n<meta property=\"og:url\" content=\"https:\/\/xactskateshop.com\/fr\/produit\/ensemble-bont-patriot-carbon-bleu-et-blanc-ultrasprint\/\" \/>\n<meta property=\"og:site_name\" content=\"Xact Skate Shop\" \/>\n<meta property=\"article:publisher\" content=\"https:\/\/www.facebook.com\/JeanLouiskateshop\" \/>\n<meta property=\"article:modified_time\" content=\"2026-03-19T17:36:10+00:00\" \/>\n<meta property=\"og:image\" content=\"https:\/\/xactskateshop.com\/wp-content\/uploads\/2020\/08\/ST-Patriot-C-blue-ultrasprint.jpg\" \/>\n\t<meta property=\"og:image:width\" content=\"1000\" \/>\n\t<meta property=\"og:image:height\" content=\"1000\" \/>\n\t<meta property=\"og:image:type\" content=\"image\/jpeg\" \/>\n<meta name=\"twitter:card\" content=\"summary_large_image\" \/>\n<meta name=\"twitter:label1\" content=\"Dur\u00e9e de lecture estim\u00e9e\" \/>\n\t<meta name=\"twitter:data1\" content=\"2 minutes\" \/>\n<script type=\"application\/ld+json\" class=\"yoast-schema-graph\">{\"@context\":\"https:\\\/\\\/schema.org\",\"@graph\":[{\"@type\":\"WebPage\",\"@id\":\"https:\\\/\\\/xactskateshop.com\\\/fr\\\/produit\\\/ensemble-bont-patriot-carbon-bleu-et-blanc-ultrasprint\\\/\",\"url\":\"https:\\\/\\\/xactskateshop.com\\\/fr\\\/produit\\\/ensemble-bont-patriot-carbon-bleu-et-blanc-ultrasprint\\\/\",\"name\":\"Ensemble BONT Patriot Carbon Bleu et Blanc\\\/Ultrasprint - Xact Skate Shop\",\"isPartOf\":{\"@id\":\"http:\\\/\\\/xactskateshop.com\\\/fr\\\/#website\"},\"primaryImageOfPage\":{\"@id\":\"https:\\\/\\\/xactskateshop.com\\\/fr\\\/produit\\\/ensemble-bont-patriot-carbon-bleu-et-blanc-ultrasprint\\\/#primaryimage\"},\"image\":{\"@id\":\"https:\\\/\\\/xactskateshop.com\\\/fr\\\/produit\\\/ensemble-bont-patriot-carbon-bleu-et-blanc-ultrasprint\\\/#primaryimage\"},\"thumbnailUrl\":\"https:\\\/\\\/xactskateshop.com\\\/wp-content\\\/uploads\\\/2020\\\/08\\\/ST-Patriot-C-blue-ultrasprint.jpg\",\"datePublished\":\"2020-09-22T20:43:52+00:00\",\"dateModified\":\"2026-03-19T17:36:10+00:00\",\"description\":\"Patriot Carbon Blue et White\\\/Ultrasprint Package. Les patineurs de Courte Piste se sentent indestructibles. C'est ce qui permet de repousser les limites.\",\"breadcrumb\":{\"@id\":\"https:\\\/\\\/xactskateshop.com\\\/fr\\\/produit\\\/ensemble-bont-patriot-carbon-bleu-et-blanc-ultrasprint\\\/#breadcrumb\"},\"inLanguage\":\"fr-FR\",\"potentialAction\":[{\"@type\":\"ReadAction\",\"target\":[\"https:\\\/\\\/xactskateshop.com\\\/fr\\\/produit\\\/ensemble-bont-patriot-carbon-bleu-et-blanc-ultrasprint\\\/\"]}]},{\"@type\":\"ImageObject\",\"inLanguage\":\"fr-FR\",\"@id\":\"https:\\\/\\\/xactskateshop.com\\\/fr\\\/produit\\\/ensemble-bont-patriot-carbon-bleu-et-blanc-ultrasprint\\\/#primaryimage\",\"url\":\"https:\\\/\\\/xactskateshop.com\\\/wp-content\\\/uploads\\\/2020\\\/08\\\/ST-Patriot-C-blue-ultrasprint.jpg\",\"contentUrl\":\"https:\\\/\\\/xactskateshop.com\\\/wp-content\\\/uploads\\\/2020\\\/08\\\/ST-Patriot-C-blue-ultrasprint.jpg\",\"width\":1000,\"height\":1000,\"caption\":\"Patriot carbon white ultraprint\"},{\"@type\":\"BreadcrumbList\",\"@id\":\"https:\\\/\\\/xactskateshop.com\\\/fr\\\/produit\\\/ensemble-bont-patriot-carbon-bleu-et-blanc-ultrasprint\\\/#breadcrumb\",\"itemListElement\":[{\"@type\":\"ListItem\",\"position\":1,\"name\":\"Home\",\"item\":\"https:\\\/\\\/xactskateshop.com\\\/fr\\\/accueil\\\/\"},{\"@type\":\"ListItem\",\"position\":2,\"name\":\"Boutique\",\"item\":\"https:\\\/\\\/xactskateshop.com\\\/shop\\\/\"},{\"@type\":\"ListItem\",\"position\":3,\"name\":\"Ensemble BONT Patriot Carbon Bleu et Blanc\\\/Ultrasprint\"}]},{\"@type\":\"WebSite\",\"@id\":\"http:\\\/\\\/xactskateshop.com\\\/fr\\\/#website\",\"url\":\"http:\\\/\\\/xactskateshop.com\\\/fr\\\/\",\"name\":\"Xact Skate Shop\",\"description\":\"Un site utilisant WordPress\",\"publisher\":{\"@id\":\"http:\\\/\\\/xactskateshop.com\\\/fr\\\/#organization\"},\"potentialAction\":[{\"@type\":\"SearchAction\",\"target\":{\"@type\":\"EntryPoint\",\"urlTemplate\":\"http:\\\/\\\/xactskateshop.com\\\/fr\\\/?s={search_term_string}\"},\"query-input\":{\"@type\":\"PropertyValueSpecification\",\"valueRequired\":true,\"valueName\":\"search_term_string\"}}],\"inLanguage\":\"fr-FR\"},{\"@type\":\"Organization\",\"@id\":\"http:\\\/\\\/xactskateshop.com\\\/fr\\\/#organization\",\"name\":\"XACT Skate Shop\",\"url\":\"http:\\\/\\\/xactskateshop.com\\\/fr\\\/\",\"logo\":{\"@type\":\"ImageObject\",\"inLanguage\":\"fr-FR\",\"@id\":\"http:\\\/\\\/xactskateshop.com\\\/fr\\\/#\\\/schema\\\/logo\\\/image\\\/\",\"url\":\"http:\\\/\\\/xactskateshop.com\\\/wp-content\\\/uploads\\\/2024\\\/04\\\/xactskateshop-dot-com-avec-contour-noir-sans-fond-675x.jpg\",\"contentUrl\":\"http:\\\/\\\/xactskateshop.com\\\/wp-content\\\/uploads\\\/2024\\\/04\\\/xactskateshop-dot-com-avec-contour-noir-sans-fond-675x.jpg\",\"width\":675,\"height\":247,\"caption\":\"XACT Skate Shop\"},\"image\":{\"@id\":\"http:\\\/\\\/xactskateshop.com\\\/fr\\\/#\\\/schema\\\/logo\\\/image\\\/\"},\"sameAs\":[\"https:\\\/\\\/www.facebook.com\\\/JeanLouiskateshop\"]}]}<\/script>\n<!-- \/ Yoast SEO plugin. -->","yoast_head_json":{"title":"Ensemble BONT Patriot Carbon Bleu et Blanc\/Ultrasprint - Xact Skate Shop","description":"Patriot Carbon Blue et White\/Ultrasprint Package. Les patineurs de Courte Piste se sentent indestructibles. C'est ce qui permet de repousser les limites.","robots":{"index":"index","follow":"follow","max-snippet":"max-snippet:-1","max-image-preview":"max-image-preview:large","max-video-preview":"max-video-preview:-1"},"canonical":"https:\/\/xactskateshop.com\/fr\/produit\/ensemble-bont-patriot-carbon-bleu-et-blanc-ultrasprint\/","og_locale":"fr_FR","og_type":"article","og_title":"Ensemble BONT Patriot Carbon Bleu et Blanc\/Ultrasprint - Xact Skate Shop","og_description":"Patriot Carbon Blue et White\/Ultrasprint Package. Les patineurs de Courte Piste se sentent indestructibles. C'est ce qui permet de repousser les limites.","og_url":"https:\/\/xactskateshop.com\/fr\/produit\/ensemble-bont-patriot-carbon-bleu-et-blanc-ultrasprint\/","og_site_name":"Xact Skate Shop","article_publisher":"https:\/\/www.facebook.com\/JeanLouiskateshop","article_modified_time":"2026-03-19T17:36:10+00:00","og_image":[{"width":1000,"height":1000,"url":"https:\/\/xactskateshop.com\/wp-content\/uploads\/2020\/08\/ST-Patriot-C-blue-ultrasprint.jpg","type":"image\/jpeg"}],"twitter_card":"summary_large_image","twitter_misc":{"Dur\u00e9e de lecture estim\u00e9e":"2 minutes"},"schema":{"@context":"https:\/\/schema.org","@graph":[{"@type":"WebPage","@id":"https:\/\/xactskateshop.com\/fr\/produit\/ensemble-bont-patriot-carbon-bleu-et-blanc-ultrasprint\/","url":"https:\/\/xactskateshop.com\/fr\/produit\/ensemble-bont-patriot-carbon-bleu-et-blanc-ultrasprint\/","name":"Ensemble BONT Patriot Carbon Bleu et Blanc\/Ultrasprint - Xact Skate Shop","isPartOf":{"@id":"http:\/\/xactskateshop.com\/fr\/#website"},"primaryImageOfPage":{"@id":"https:\/\/xactskateshop.com\/fr\/produit\/ensemble-bont-patriot-carbon-bleu-et-blanc-ultrasprint\/#primaryimage"},"image":{"@id":"https:\/\/xactskateshop.com\/fr\/produit\/ensemble-bont-patriot-carbon-bleu-et-blanc-ultrasprint\/#primaryimage"},"thumbnailUrl":"https:\/\/xactskateshop.com\/wp-content\/uploads\/2020\/08\/ST-Patriot-C-blue-ultrasprint.jpg","datePublished":"2020-09-22T20:43:52+00:00","dateModified":"2026-03-19T17:36:10+00:00","description":"Patriot Carbon Blue et White\/Ultrasprint Package. Les patineurs de Courte Piste se sentent indestructibles. C'est ce qui permet de repousser les limites.","breadcrumb":{"@id":"https:\/\/xactskateshop.com\/fr\/produit\/ensemble-bont-patriot-carbon-bleu-et-blanc-ultrasprint\/#breadcrumb"},"inLanguage":"fr-FR","potentialAction":[{"@type":"ReadAction","target":["https:\/\/xactskateshop.com\/fr\/produit\/ensemble-bont-patriot-carbon-bleu-et-blanc-ultrasprint\/"]}]},{"@type":"ImageObject","inLanguage":"fr-FR","@id":"https:\/\/xactskateshop.com\/fr\/produit\/ensemble-bont-patriot-carbon-bleu-et-blanc-ultrasprint\/#primaryimage","url":"https:\/\/xactskateshop.com\/wp-content\/uploads\/2020\/08\/ST-Patriot-C-blue-ultrasprint.jpg","contentUrl":"https:\/\/xactskateshop.com\/wp-content\/uploads\/2020\/08\/ST-Patriot-C-blue-ultrasprint.jpg","width":1000,"height":1000,"caption":"Patriot carbon white ultraprint"},{"@type":"BreadcrumbList","@id":"https:\/\/xactskateshop.com\/fr\/produit\/ensemble-bont-patriot-carbon-bleu-et-blanc-ultrasprint\/#breadcrumb","itemListElement":[{"@type":"ListItem","position":1,"name":"Home","item":"https:\/\/xactskateshop.com\/fr\/accueil\/"},{"@type":"ListItem","position":2,"name":"Boutique","item":"https:\/\/xactskateshop.com\/shop\/"},{"@type":"ListItem","position":3,"name":"Ensemble BONT Patriot Carbon Bleu et Blanc\/Ultrasprint"}]},{"@type":"WebSite","@id":"http:\/\/xactskateshop.com\/fr\/#website","url":"http:\/\/xactskateshop.com\/fr\/","name":"Xact Skate Shop","description":"Un site utilisant WordPress","publisher":{"@id":"http:\/\/xactskateshop.com\/fr\/#organization"},"potentialAction":[{"@type":"SearchAction","target":{"@type":"EntryPoint","urlTemplate":"http:\/\/xactskateshop.com\/fr\/?s={search_term_string}"},"query-input":{"@type":"PropertyValueSpecification","valueRequired":true,"valueName":"search_term_string"}}],"inLanguage":"fr-FR"},{"@type":"Organization","@id":"http:\/\/xactskateshop.com\/fr\/#organization","name":"XACT Skate Shop","url":"http:\/\/xactskateshop.com\/fr\/","logo":{"@type":"ImageObject","inLanguage":"fr-FR","@id":"http:\/\/xactskateshop.com\/fr\/#\/schema\/logo\/image\/","url":"http:\/\/xactskateshop.com\/wp-content\/uploads\/2024\/04\/xactskateshop-dot-com-avec-contour-noir-sans-fond-675x.jpg","contentUrl":"http:\/\/xactskateshop.com\/wp-content\/uploads\/2024\/04\/xactskateshop-dot-com-avec-contour-noir-sans-fond-675x.jpg","width":675,"height":247,"caption":"XACT Skate Shop"},"image":{"@id":"http:\/\/xactskateshop.com\/fr\/#\/schema\/logo\/image\/"},"sameAs":["https:\/\/www.facebook.com\/JeanLouiskateshop"]}]}},"_links":{"self":[{"href":"https:\/\/xactskateshop.com\/fr\/wp-json\/wp\/v2\/product\/64523","targetHints":{"allow":["GET"]}}],"collection":[{"href":"https:\/\/xactskateshop.com\/fr\/wp-json\/wp\/v2\/product"}],"about":[{"href":"https:\/\/xactskateshop.com\/fr\/wp-json\/wp\/v2\/types\/product"}],"replies":[{"embeddable":true,"href":"https:\/\/xactskateshop.com\/fr\/wp-json\/wp\/v2\/comments?post=64523"}],"wp:featuredmedia":[{"embeddable":true,"href":"https:\/\/xactskateshop.com\/fr\/wp-json\/wp\/v2\/media\/27651"}],"wp:attachment":[{"href":"https:\/\/xactskateshop.com\/fr\/wp-json\/wp\/v2\/media?parent=64523"}],"wp:term":[{"taxonomy":"product_brand","embeddable":true,"href":"https:\/\/xactskateshop.com\/fr\/wp-json\/wp\/v2\/product_brand?post=64523"},{"taxonomy":"product_cat","embeddable":true,"href":"https:\/\/xactskateshop.com\/fr\/wp-json\/wp\/v2\/product_cat?post=64523"},{"taxonomy":"product_tag","embeddable":true,"href":"https:\/\/xactskateshop.com\/fr\/wp-json\/wp\/v2\/product_tag?post=64523"}],"curies":[{"name":"wp","href":"https:\/\/api.w.org\/{rel}","templated":true}]}}