{"id":64116,"date":"2020-09-28T15:09:42","date_gmt":"2020-09-28T19:09:42","guid":{"rendered":"http:\/\/xactskateshop.com\/product\/casque-bont-junior-st\/"},"modified":"2020-09-28T15:09:42","modified_gmt":"2020-09-28T19:09:42","slug":"casque-bont-junior-st","status":"publish","type":"product","link":"https:\/\/xactskateshop.com\/fr\/produit\/casque-bont-junior-st\/","title":{"rendered":"Casque BONT JUNIOR ST"},"content":{"rendered":"<h2>Casque BONT JUNIOR ST<\/h2>\n<p><span style=\"font-size: 16px; font-style: normal; font-weight: 400;\">Le casque de patinage de vitesse sur piste courte de Bont r\u00e9pond \u00e0 toutes les normes de s\u00e9curit\u00e9 du patinage de vitesse sur piste courte. Le casque BONT JUNIOR ST est \u00e9galement adapt\u00e9 au patinage de vitesse sur glace longue piste. Le casque de patinage de vitesse sur glace courte piste est disponible en noir mat avec un logo argent\u00e9.  Le casque Bont junior short track est disponible en XS. Ce casque convient \u00e0 tous les niveaux de patinage de vitesse sur courte et longue piste, du niveau d\u00e9butant au niveau avanc\u00e9. L&#8217;arri\u00e8re du casque est \u00e9quip\u00e9 d&#8217;un bouton de r\u00e9glage permettant de serrer le casque sur la t\u00eate.<\/span><\/p>\n<h3>Sp\u00e9cifications :<\/h3>\n<ul>\n<li style=\"font-size: 16px; font-style: normal; font-weight: 400;\">Enti\u00e8rement r\u00e9glable<\/li>\n<li style=\"font-size: 16px; font-style: normal; font-weight: 400;\">1 taille : XS (48-54cm)<\/li>\n<li style=\"font-size: 16px; font-style: normal; font-weight: 400;\">Couleur :Noir<\/li>\n<\/ul>\n<h3>Entretien et utilisation<\/h3>\n<p>Votre casque Courte Piste peut souvent \u00eatre mouill\u00e9 apr\u00e8s un entra\u00eenement ou une course, veillez donc \u00e0 le s\u00e9cher apr\u00e8s utilisation. Ne laissez pas votre casque courte piste dans votre sac apr\u00e8s l&#8217;entra\u00eenement, car il pourrait moisir. Veillez \u00e0 l&#8217;a\u00e9rer \u00e0 l&#8217;ombre. Ne laissez pas votre casque short track en plein soleil.   <\/p>\n<p>Achetez ce casque si vous cherchez \u00e0 garder votre t\u00eate en s\u00e9curit\u00e9 pendant le patinage de vitesse sur piste courte. Ce casque est parfait pour les hommes et les femmes, les gar\u00e7ons, les filles et les jeunes. <\/p>\n<p>&nbsp;<\/p>\n<p>Besoin d&#8217;une autre taille ? Trouvez-le <a href=\"http:\/\/xactskateshop.com\/product\/bont-adult-st-helmet-black-matte\/\">ici <\/a>en noir et <a href=\"http:\/\/xactskateshop.com\/product\/bont-adult-inmold-st-helmet-white\/\">ici<\/a> en blanc <\/p>\n<p>Vous pouvez \u00e9galement l&#8217;acheter <a href=\"https:\/\/bont.ca\/products\/short-track-speed-skating-helmet-ice?variant=40992927187123\">ici<\/a><\/p>\n","protected":false},"excerpt":{"rendered":"<p>&nbsp;<\/p>\n<hr>\n<p style=\"text-align: center;\"><span style=\"font-size: 16px; font-style: normal; font-weight: 400;\">Le casque de patinage de vitesse sur piste courte de Bont r\u00e9pond \u00e0 toutes les normes de s\u00e9curit\u00e9 du patinage de vitesse sur piste courte. Le casque convient \u00e9galement au patinage de vitesse sur glace longue piste.  Le casque de patinage de vitesse sur glace courte piste est disponible en noir mat avec un logo argent\u00e9. Le casque Bont junior short track est disponible en XS. Ce casque convient \u00e0 tous les niveaux de patinage de vitesse sur courte et longue piste, du niveau d\u00e9butant au niveau avanc\u00e9. L&#8217;arri\u00e8re du casque est \u00e9quip\u00e9 d&#8217;un bouton de r\u00e9glage permettant de serrer le casque sur la t\u00eate.<\/span><\/p>\n<hr>\n<p>&nbsp;<\/p>\n","protected":false},"featured_media":29505,"comment_status":"open","ping_status":"closed","template":"","meta":{"site-sidebar-layout":"default","site-content-layout":"default","ast-site-content-layout":"default","site-content-style":"default","site-sidebar-style":"default","ast-global-header-display":"","ast-banner-title-visibility":"","ast-main-header-display":"","ast-hfb-above-header-display":"","ast-hfb-below-header-display":"","ast-hfb-mobile-header-display":"","site-post-title":"","ast-breadcrumbs-content":"","ast-featured-img":"","footer-sml-layout":"","theme-transparent-header-meta":"default","adv-header-id-meta":"","stick-header-meta":"","header-above-stick-meta":"","header-main-stick-meta":"","header-below-stick-meta":"","astra-migrate-meta-layouts":"default","ast-page-background-enabled":"default","ast-page-background-meta":{"desktop":{"background-color":"","background-image":"","background-repeat":"repeat","background-position":"center center","background-size":"auto","background-attachment":"scroll","background-type":"","background-media":"","overlay-type":"","overlay-color":"","overlay-opacity":"","overlay-gradient":""},"tablet":{"background-color":"","background-image":"","background-repeat":"repeat","background-position":"center center","background-size":"auto","background-attachment":"scroll","background-type":"","background-media":"","overlay-type":"","overlay-color":"","overlay-opacity":"","overlay-gradient":""},"mobile":{"background-color":"","background-image":"","background-repeat":"repeat","background-position":"center center","background-size":"auto","background-attachment":"scroll","background-type":"","background-media":"","overlay-type":"","overlay-color":"","overlay-opacity":"","overlay-gradient":""}},"ast-content-background-meta":{"desktop":{"background-color":"var(--ast-global-color-5)","background-image":"","background-repeat":"repeat","background-position":"center center","background-size":"auto","background-attachment":"scroll","background-type":"","background-media":"","overlay-type":"","overlay-color":"","overlay-opacity":"","overlay-gradient":""},"tablet":{"background-color":"var(--ast-global-color-5)","background-image":"","background-repeat":"repeat","background-position":"center center","background-size":"auto","background-attachment":"scroll","background-type":"","background-media":"","overlay-type":"","overlay-color":"","overlay-opacity":"","overlay-gradient":""},"mobile":{"background-color":"var(--ast-global-color-5)","background-image":"","background-repeat":"repeat","background-position":"center center","background-size":"auto","background-attachment":"scroll","background-type":"","background-media":"","overlay-type":"","overlay-color":"","overlay-opacity":"","overlay-gradient":""}}},"product_brand":[],"product_cat":[1519,1353],"product_tag":[1356],"class_list":{"0":"post-64116","1":"product","2":"type-product","3":"status-publish","4":"has-post-thumbnail","6":"product_cat-casques-patinage-de-vitesse-courte-piste","7":"product_cat-patinage-de-vitesse","8":"product_tag-courte-piste-fr","9":"desktop-align-center","10":"tablet-align-center","11":"mobile-align-center","12":"ast-product-gallery-layout-horizontal","13":"ast-product-single-variable","14":"ast-product-tabs-layout-horizontal","15":"ast-qv-on-image","17":"first","18":"outofstock","19":"sale","20":"taxable","21":"shipping-taxable","22":"purchasable","23":"product-type-variable"},"bundled_by":[],"bundle_stock_status":"outofstock","bundle_stock_quantity":null,"bundle_virtual":false,"bundle_layout":"","bundle_add_to_cart_form_location":"","bundle_editable_in_cart":false,"bundle_sold_individually_context":"","bundle_item_grouping":"","bundle_min_size":"","bundle_max_size":"","bundle_price":[],"bundled_items":[],"bundle_sell_ids":[],"yoast_head":"<!-- This site is optimized with the Yoast SEO plugin v27.4 - https:\/\/yoast.com\/product\/yoast-seo-wordpress\/ -->\n<title>Casque BONT JUNIOR ST -Xact Skate Shop%.<\/title>\n<meta name=\"description\" content=\"Casque BONT JUNIOR ST. Le casque de patinage de vitesse sur piste courte de Bont r\u00e9pond \u00e0 toutes les normes de s\u00e9curit\u00e9 du patinage de vitesse sur piste courte. Convient au patinage de vitesse ST et LT.\" \/>\n<meta name=\"robots\" content=\"index, follow, max-snippet:-1, max-image-preview:large, max-video-preview:-1\" \/>\n<link rel=\"canonical\" href=\"https:\/\/xactskateshop.com\/fr\/produit\/casque-bont-junior-st\/\" \/>\n<meta property=\"og:locale\" content=\"fr_FR\" \/>\n<meta property=\"og:type\" content=\"article\" \/>\n<meta property=\"og:title\" content=\"Casque BONT JUNIOR ST -Xact Skate Shop%.\" \/>\n<meta property=\"og:description\" content=\"Casque BONT JUNIOR ST. Le casque de patinage de vitesse sur piste courte de Bont r\u00e9pond \u00e0 toutes les normes de s\u00e9curit\u00e9 du patinage de vitesse sur piste courte. Convient au patinage de vitesse ST et LT.\" \/>\n<meta property=\"og:url\" content=\"https:\/\/xactskateshop.com\/fr\/produit\/casque-bont-junior-st\/\" \/>\n<meta property=\"og:site_name\" content=\"Xact Skate Shop\" \/>\n<meta property=\"article:publisher\" content=\"https:\/\/www.facebook.com\/JeanLouiskateshop\" \/>\n<meta property=\"og:image\" content=\"https:\/\/xactskateshop.com\/wp-content\/uploads\/2021\/11\/Black-Silver-1.jpg\" \/>\n\t<meta property=\"og:image:width\" content=\"1000\" \/>\n\t<meta property=\"og:image:height\" content=\"1000\" \/>\n\t<meta property=\"og:image:type\" content=\"image\/jpeg\" \/>\n<meta name=\"twitter:card\" content=\"summary_large_image\" \/>\n<meta name=\"twitter:label1\" content=\"Dur\u00e9e de lecture estim\u00e9e\" \/>\n\t<meta name=\"twitter:data1\" content=\"1 minute\" \/>\n<script type=\"application\/ld+json\" class=\"yoast-schema-graph\">{\"@context\":\"https:\\\/\\\/schema.org\",\"@graph\":[{\"@type\":\"WebPage\",\"@id\":\"https:\\\/\\\/xactskateshop.com\\\/fr\\\/produit\\\/casque-bont-junior-st\\\/\",\"url\":\"https:\\\/\\\/xactskateshop.com\\\/fr\\\/produit\\\/casque-bont-junior-st\\\/\",\"name\":\"Casque BONT JUNIOR ST -Xact Skate Shop%.\",\"isPartOf\":{\"@id\":\"http:\\\/\\\/xactskateshop.com\\\/fr\\\/#website\"},\"primaryImageOfPage\":{\"@id\":\"https:\\\/\\\/xactskateshop.com\\\/fr\\\/produit\\\/casque-bont-junior-st\\\/#primaryimage\"},\"image\":{\"@id\":\"https:\\\/\\\/xactskateshop.com\\\/fr\\\/produit\\\/casque-bont-junior-st\\\/#primaryimage\"},\"thumbnailUrl\":\"https:\\\/\\\/xactskateshop.com\\\/wp-content\\\/uploads\\\/2021\\\/11\\\/Black-Silver-1.jpg\",\"datePublished\":\"2020-09-28T19:09:42+00:00\",\"description\":\"Casque BONT JUNIOR ST. Le casque de patinage de vitesse sur piste courte de Bont r\u00e9pond \u00e0 toutes les normes de s\u00e9curit\u00e9 du patinage de vitesse sur piste courte. Convient au patinage de vitesse ST et LT.\",\"breadcrumb\":{\"@id\":\"https:\\\/\\\/xactskateshop.com\\\/fr\\\/produit\\\/casque-bont-junior-st\\\/#breadcrumb\"},\"inLanguage\":\"fr-FR\",\"potentialAction\":[{\"@type\":\"ReadAction\",\"target\":[\"https:\\\/\\\/xactskateshop.com\\\/fr\\\/produit\\\/casque-bont-junior-st\\\/\"]}]},{\"@type\":\"ImageObject\",\"inLanguage\":\"fr-FR\",\"@id\":\"https:\\\/\\\/xactskateshop.com\\\/fr\\\/produit\\\/casque-bont-junior-st\\\/#primaryimage\",\"url\":\"https:\\\/\\\/xactskateshop.com\\\/wp-content\\\/uploads\\\/2021\\\/11\\\/Black-Silver-1.jpg\",\"contentUrl\":\"https:\\\/\\\/xactskateshop.com\\\/wp-content\\\/uploads\\\/2021\\\/11\\\/Black-Silver-1.jpg\",\"width\":1000,\"height\":1000,\"caption\":\"BONT ADULT ST Casque noir\"},{\"@type\":\"BreadcrumbList\",\"@id\":\"https:\\\/\\\/xactskateshop.com\\\/fr\\\/produit\\\/casque-bont-junior-st\\\/#breadcrumb\",\"itemListElement\":[{\"@type\":\"ListItem\",\"position\":1,\"name\":\"Home\",\"item\":\"https:\\\/\\\/xactskateshop.com\\\/fr\\\/accueil\\\/\"},{\"@type\":\"ListItem\",\"position\":2,\"name\":\"Boutique\",\"item\":\"https:\\\/\\\/xactskateshop.com\\\/shop\\\/\"},{\"@type\":\"ListItem\",\"position\":3,\"name\":\"Casque BONT JUNIOR ST\"}]},{\"@type\":\"WebSite\",\"@id\":\"http:\\\/\\\/xactskateshop.com\\\/fr\\\/#website\",\"url\":\"http:\\\/\\\/xactskateshop.com\\\/fr\\\/\",\"name\":\"Xact Skate Shop\",\"description\":\"Un site utilisant WordPress\",\"publisher\":{\"@id\":\"http:\\\/\\\/xactskateshop.com\\\/fr\\\/#organization\"},\"potentialAction\":[{\"@type\":\"SearchAction\",\"target\":{\"@type\":\"EntryPoint\",\"urlTemplate\":\"http:\\\/\\\/xactskateshop.com\\\/fr\\\/?s={search_term_string}\"},\"query-input\":{\"@type\":\"PropertyValueSpecification\",\"valueRequired\":true,\"valueName\":\"search_term_string\"}}],\"inLanguage\":\"fr-FR\"},{\"@type\":\"Organization\",\"@id\":\"http:\\\/\\\/xactskateshop.com\\\/fr\\\/#organization\",\"name\":\"XACT Skate Shop\",\"url\":\"http:\\\/\\\/xactskateshop.com\\\/fr\\\/\",\"logo\":{\"@type\":\"ImageObject\",\"inLanguage\":\"fr-FR\",\"@id\":\"http:\\\/\\\/xactskateshop.com\\\/fr\\\/#\\\/schema\\\/logo\\\/image\\\/\",\"url\":\"http:\\\/\\\/xactskateshop.com\\\/wp-content\\\/uploads\\\/2024\\\/04\\\/xactskateshop-dot-com-avec-contour-noir-sans-fond-675x.jpg\",\"contentUrl\":\"http:\\\/\\\/xactskateshop.com\\\/wp-content\\\/uploads\\\/2024\\\/04\\\/xactskateshop-dot-com-avec-contour-noir-sans-fond-675x.jpg\",\"width\":675,\"height\":247,\"caption\":\"XACT Skate Shop\"},\"image\":{\"@id\":\"http:\\\/\\\/xactskateshop.com\\\/fr\\\/#\\\/schema\\\/logo\\\/image\\\/\"},\"sameAs\":[\"https:\\\/\\\/www.facebook.com\\\/JeanLouiskateshop\"]}]}<\/script>\n<!-- \/ Yoast SEO plugin. -->","yoast_head_json":{"title":"Casque BONT JUNIOR ST -Xact Skate Shop%.","description":"Casque BONT JUNIOR ST. Le casque de patinage de vitesse sur piste courte de Bont r\u00e9pond \u00e0 toutes les normes de s\u00e9curit\u00e9 du patinage de vitesse sur piste courte. Convient au patinage de vitesse ST et LT.","robots":{"index":"index","follow":"follow","max-snippet":"max-snippet:-1","max-image-preview":"max-image-preview:large","max-video-preview":"max-video-preview:-1"},"canonical":"https:\/\/xactskateshop.com\/fr\/produit\/casque-bont-junior-st\/","og_locale":"fr_FR","og_type":"article","og_title":"Casque BONT JUNIOR ST -Xact Skate Shop%.","og_description":"Casque BONT JUNIOR ST. Le casque de patinage de vitesse sur piste courte de Bont r\u00e9pond \u00e0 toutes les normes de s\u00e9curit\u00e9 du patinage de vitesse sur piste courte. Convient au patinage de vitesse ST et LT.","og_url":"https:\/\/xactskateshop.com\/fr\/produit\/casque-bont-junior-st\/","og_site_name":"Xact Skate Shop","article_publisher":"https:\/\/www.facebook.com\/JeanLouiskateshop","og_image":[{"width":1000,"height":1000,"url":"https:\/\/xactskateshop.com\/wp-content\/uploads\/2021\/11\/Black-Silver-1.jpg","type":"image\/jpeg"}],"twitter_card":"summary_large_image","twitter_misc":{"Dur\u00e9e de lecture estim\u00e9e":"1 minute"},"schema":{"@context":"https:\/\/schema.org","@graph":[{"@type":"WebPage","@id":"https:\/\/xactskateshop.com\/fr\/produit\/casque-bont-junior-st\/","url":"https:\/\/xactskateshop.com\/fr\/produit\/casque-bont-junior-st\/","name":"Casque BONT JUNIOR ST -Xact Skate Shop%.","isPartOf":{"@id":"http:\/\/xactskateshop.com\/fr\/#website"},"primaryImageOfPage":{"@id":"https:\/\/xactskateshop.com\/fr\/produit\/casque-bont-junior-st\/#primaryimage"},"image":{"@id":"https:\/\/xactskateshop.com\/fr\/produit\/casque-bont-junior-st\/#primaryimage"},"thumbnailUrl":"https:\/\/xactskateshop.com\/wp-content\/uploads\/2021\/11\/Black-Silver-1.jpg","datePublished":"2020-09-28T19:09:42+00:00","description":"Casque BONT JUNIOR ST. Le casque de patinage de vitesse sur piste courte de Bont r\u00e9pond \u00e0 toutes les normes de s\u00e9curit\u00e9 du patinage de vitesse sur piste courte. Convient au patinage de vitesse ST et LT.","breadcrumb":{"@id":"https:\/\/xactskateshop.com\/fr\/produit\/casque-bont-junior-st\/#breadcrumb"},"inLanguage":"fr-FR","potentialAction":[{"@type":"ReadAction","target":["https:\/\/xactskateshop.com\/fr\/produit\/casque-bont-junior-st\/"]}]},{"@type":"ImageObject","inLanguage":"fr-FR","@id":"https:\/\/xactskateshop.com\/fr\/produit\/casque-bont-junior-st\/#primaryimage","url":"https:\/\/xactskateshop.com\/wp-content\/uploads\/2021\/11\/Black-Silver-1.jpg","contentUrl":"https:\/\/xactskateshop.com\/wp-content\/uploads\/2021\/11\/Black-Silver-1.jpg","width":1000,"height":1000,"caption":"BONT ADULT ST Casque noir"},{"@type":"BreadcrumbList","@id":"https:\/\/xactskateshop.com\/fr\/produit\/casque-bont-junior-st\/#breadcrumb","itemListElement":[{"@type":"ListItem","position":1,"name":"Home","item":"https:\/\/xactskateshop.com\/fr\/accueil\/"},{"@type":"ListItem","position":2,"name":"Boutique","item":"https:\/\/xactskateshop.com\/shop\/"},{"@type":"ListItem","position":3,"name":"Casque BONT JUNIOR ST"}]},{"@type":"WebSite","@id":"http:\/\/xactskateshop.com\/fr\/#website","url":"http:\/\/xactskateshop.com\/fr\/","name":"Xact Skate Shop","description":"Un site utilisant WordPress","publisher":{"@id":"http:\/\/xactskateshop.com\/fr\/#organization"},"potentialAction":[{"@type":"SearchAction","target":{"@type":"EntryPoint","urlTemplate":"http:\/\/xactskateshop.com\/fr\/?s={search_term_string}"},"query-input":{"@type":"PropertyValueSpecification","valueRequired":true,"valueName":"search_term_string"}}],"inLanguage":"fr-FR"},{"@type":"Organization","@id":"http:\/\/xactskateshop.com\/fr\/#organization","name":"XACT Skate Shop","url":"http:\/\/xactskateshop.com\/fr\/","logo":{"@type":"ImageObject","inLanguage":"fr-FR","@id":"http:\/\/xactskateshop.com\/fr\/#\/schema\/logo\/image\/","url":"http:\/\/xactskateshop.com\/wp-content\/uploads\/2024\/04\/xactskateshop-dot-com-avec-contour-noir-sans-fond-675x.jpg","contentUrl":"http:\/\/xactskateshop.com\/wp-content\/uploads\/2024\/04\/xactskateshop-dot-com-avec-contour-noir-sans-fond-675x.jpg","width":675,"height":247,"caption":"XACT Skate Shop"},"image":{"@id":"http:\/\/xactskateshop.com\/fr\/#\/schema\/logo\/image\/"},"sameAs":["https:\/\/www.facebook.com\/JeanLouiskateshop"]}]}},"_links":{"self":[{"href":"https:\/\/xactskateshop.com\/fr\/wp-json\/wp\/v2\/product\/64116","targetHints":{"allow":["GET"]}}],"collection":[{"href":"https:\/\/xactskateshop.com\/fr\/wp-json\/wp\/v2\/product"}],"about":[{"href":"https:\/\/xactskateshop.com\/fr\/wp-json\/wp\/v2\/types\/product"}],"replies":[{"embeddable":true,"href":"https:\/\/xactskateshop.com\/fr\/wp-json\/wp\/v2\/comments?post=64116"}],"wp:featuredmedia":[{"embeddable":true,"href":"https:\/\/xactskateshop.com\/fr\/wp-json\/wp\/v2\/media\/29505"}],"wp:attachment":[{"href":"https:\/\/xactskateshop.com\/fr\/wp-json\/wp\/v2\/media?parent=64116"}],"wp:term":[{"taxonomy":"product_brand","embeddable":true,"href":"https:\/\/xactskateshop.com\/fr\/wp-json\/wp\/v2\/product_brand?post=64116"},{"taxonomy":"product_cat","embeddable":true,"href":"https:\/\/xactskateshop.com\/fr\/wp-json\/wp\/v2\/product_cat?post=64116"},{"taxonomy":"product_tag","embeddable":true,"href":"https:\/\/xactskateshop.com\/fr\/wp-json\/wp\/v2\/product_tag?post=64116"}],"curies":[{"name":"wp","href":"https:\/\/api.w.org\/{rel}","templated":true}]}}