{"id":64109,"date":"2020-09-28T17:48:22","date_gmt":"2020-09-28T21:48:22","guid":{"rendered":"http:\/\/xactskateshop.com\/product\/cadomotus-sonic-aero-shell\/"},"modified":"2020-09-28T17:48:22","modified_gmt":"2020-09-28T21:48:22","slug":"cadomotus-sonic-aero-shell","status":"publish","type":"product","link":"https:\/\/xactskateshop.com\/fr\/produit\/cadomotus-sonic-aero-shell\/","title":{"rendered":"CADOMOTUS Sonic Aero Shell"},"content":{"rendered":"<div id=\"product-content\" class=\"product-content general-content content-col mobile-popup\" data-popup=\"product-content\">\n<div class=\"popup-inner\">\n<h2>CADOMOTUS Sonic Aero Shell<\/h2>\n<p>Avec ces coques \u00e9l\u00e9gantes CADOMOTUS Sonic Aero Shell, vous pouvez rendre votre casque de skate C\u00e1domotus compl\u00e8tement unique et personnalisable, ainsi que plus a\u00e9rodynamique gr\u00e2ce au motif en forme de balle de golf.<\/p>\n<h3><\/h3>\n<h3>Au sommet de votre sport, tout est question de gains marginaux.<\/h3>\n<p>Le Sonic Aeroshield est l&#8217;un de ces petits d\u00e9tails qui font d&#8217;\u00e9normes diff\u00e9rences. Cet \u00e9cran est mont\u00e9 sur le dessus d&#8217;un casque Alpha-2 ou Alpha pour diminuer la force de tra\u00een\u00e9e en r\u00e9duisant la r\u00e9sistance \u00e0 l&#8217;air \u00e0 l&#8217;aide du motif \u00e0 alv\u00e9oles \u00e9galement connu sous le nom d&#8217;effet balle de golf.<\/p>\n<p>La r\u00e9sistance de l&#8217;air est l&#8217;une des plus grandes r\u00e9sistances dans le patinage en ligne et le patinage de vitesse sur glace, ainsi que dans le cyclisme. C&#8217;est pourquoi toutes sortes d&#8217;innovations ont lieu dans ce domaine. Pensez par exemple aux combinaisons de cyclisme contre la montre de l&#8217;\u00e9quipe Sky. Ou aux c\u00e9l\u00e8bres bandes dessin\u00e9es qui ont \u00e9t\u00e9 introduites sur les combinaisons de patinage lors des Jeux olympiques de Nagano.  Toutes ces innovations visent \u00e0 r\u00e9duire les turbulences et donc la r\u00e9sistance de l&#8217;air.<\/p>\n<p>Le motif de la balle de golf a \u00e9t\u00e9 appliqu\u00e9 aux boucliers pour modifier le caract\u00e8re &#8211; de laminaire \u00e0 turbulent &#8211; de la couche limite du flux d&#8217;air. Ainsi, le sillage se r\u00e9duit, ce qui nous permet de r\u00e9aliser d&#8217;importants gains marginaux.<\/p>\n<h3><\/h3>\n<h3>Totalement unique<\/h3>\n<p>Gr\u00e2ce aux boucliers, votre casque de patinage C\u00e1domotus est enti\u00e8rement personnalisable.  <strong>Quelle est la couleur qui s&#8217;harmonise le mieux avec votre tenue ?<\/strong><br \/>\nCes boucliers peuvent facilement \u00eatre mont\u00e9s \u00e0 l&#8217;aide de petites vis hexagonales. Vous avez ainsi la possibilit\u00e9 de les changer facilement et d&#8217;arborer les couleurs de votre choix.  Vous pouvez \u00e9galement sceller les trous d&#8217;a\u00e9ration, ce qui vous permet de vous adapter rapidement aux diff\u00e9rentes conditions m\u00e9t\u00e9orologiques. Par exemple, si vous patinez sur de la glace naturelle \u00e0 l&#8217;ext\u00e9rieur, vous voudrez peut-\u00eatre les fermer, mais si vous patinez \u00e0 l&#8217;int\u00e9rieur, vous pr\u00e9f\u00e9rerez peut-\u00eatre un peu plus d&#8217;a\u00e9ration. Quelles que soient les conditions, vous serez bien pr\u00e9par\u00e9 !<\/p>\n<\/div>\n<\/div>\n","protected":false},"excerpt":{"rendered":"<p>&nbsp;<\/p>\n<hr>\n<h4 style=\"text-align: center;\">PRODUIT DISCONTINU\u00c9 &#8211; QUANTIT\u00c9 LIMIT\u00c9E<\/h4>\n<hr>\n<p style=\"text-align: center;\">Avec ces boucliers a\u00e9rodynamiques \u00e9l\u00e9gants, vous pouvez rendre votre casque de skate C\u00e1domotus compl\u00e8tement unique et personnalisable, ainsi que plus a\u00e9rodynamique gr\u00e2ce \u00e0 la forme de la balle de golf.<\/p>\n<hr>\n<p>&nbsp;<\/p>\n","protected":false},"featured_media":27884,"comment_status":"open","ping_status":"closed","template":"","meta":{"site-sidebar-layout":"default","site-content-layout":"default","ast-site-content-layout":"default","site-content-style":"default","site-sidebar-style":"default","ast-global-header-display":"","ast-banner-title-visibility":"","ast-main-header-display":"","ast-hfb-above-header-display":"","ast-hfb-below-header-display":"","ast-hfb-mobile-header-display":"","site-post-title":"","ast-breadcrumbs-content":"","ast-featured-img":"","footer-sml-layout":"","theme-transparent-header-meta":"default","adv-header-id-meta":"","stick-header-meta":"","header-above-stick-meta":"","header-main-stick-meta":"","header-below-stick-meta":"","astra-migrate-meta-layouts":"default","ast-page-background-enabled":"default","ast-page-background-meta":{"desktop":{"background-color":"","background-image":"","background-repeat":"repeat","background-position":"center center","background-size":"auto","background-attachment":"scroll","background-type":"","background-media":"","overlay-type":"","overlay-color":"","overlay-opacity":"","overlay-gradient":""},"tablet":{"background-color":"","background-image":"","background-repeat":"repeat","background-position":"center center","background-size":"auto","background-attachment":"scroll","background-type":"","background-media":"","overlay-type":"","overlay-color":"","overlay-opacity":"","overlay-gradient":""},"mobile":{"background-color":"","background-image":"","background-repeat":"repeat","background-position":"center center","background-size":"auto","background-attachment":"scroll","background-type":"","background-media":"","overlay-type":"","overlay-color":"","overlay-opacity":"","overlay-gradient":""}},"ast-content-background-meta":{"desktop":{"background-color":"var(--ast-global-color-5)","background-image":"","background-repeat":"repeat","background-position":"center center","background-size":"auto","background-attachment":"scroll","background-type":"","background-media":"","overlay-type":"","overlay-color":"","overlay-opacity":"","overlay-gradient":""},"tablet":{"background-color":"var(--ast-global-color-5)","background-image":"","background-repeat":"repeat","background-position":"center center","background-size":"auto","background-attachment":"scroll","background-type":"","background-media":"","overlay-type":"","overlay-color":"","overlay-opacity":"","overlay-gradient":""},"mobile":{"background-color":"var(--ast-global-color-5)","background-image":"","background-repeat":"repeat","background-position":"center center","background-size":"auto","background-attachment":"scroll","background-type":"","background-media":"","overlay-type":"","overlay-color":"","overlay-opacity":"","overlay-gradient":""}}},"product_brand":[],"product_cat":[1519,1353],"product_tag":[1356],"class_list":{"0":"post-64109","1":"product","2":"type-product","3":"status-publish","4":"has-post-thumbnail","6":"product_cat-casques-patinage-de-vitesse-courte-piste","7":"product_cat-patinage-de-vitesse","8":"product_tag-courte-piste-fr","9":"desktop-align-center","10":"tablet-align-center","11":"mobile-align-center","12":"ast-product-gallery-layout-horizontal","13":"ast-product-single-variable","14":"ast-product-tabs-layout-horizontal","15":"ast-qv-on-image","17":"first","18":"instock","19":"sale","20":"taxable","21":"shipping-taxable","22":"purchasable","23":"product-type-variable"},"bundled_by":[],"bundle_stock_status":"instock","bundle_stock_quantity":null,"bundle_virtual":false,"bundle_layout":"","bundle_add_to_cart_form_location":"","bundle_editable_in_cart":false,"bundle_sold_individually_context":"","bundle_item_grouping":"","bundle_min_size":"","bundle_max_size":"","bundle_price":[],"bundled_items":[],"bundle_sell_ids":[],"yoast_head":"<!-- This site is optimized with the Yoast SEO plugin v27.4 - https:\/\/yoast.com\/product\/yoast-seo-wordpress\/ -->\n<title>CADOMOTUS Sonic Aero Shell - Xact Skate Shop.<\/title>\n<meta name=\"description\" content=\"CADOMOTUS Sonic Aero Shell. Gr\u00e2ce \u00e0 ces coques a\u00e9rodynamiques \u00e9l\u00e9gantes, vous pouvez rendre votre casque de skate C\u00e1domotus compl\u00e8tement unique et personnalisable.\" \/>\n<meta name=\"robots\" content=\"index, follow, max-snippet:-1, max-image-preview:large, max-video-preview:-1\" \/>\n<link rel=\"canonical\" href=\"https:\/\/xactskateshop.com\/fr\/produit\/cadomotus-sonic-aero-shell\/\" \/>\n<meta property=\"og:locale\" content=\"fr_FR\" \/>\n<meta property=\"og:type\" content=\"article\" \/>\n<meta property=\"og:title\" content=\"CADOMOTUS Sonic Aero Shell - Xact Skate Shop.\" \/>\n<meta property=\"og:description\" content=\"CADOMOTUS Sonic Aero Shell. Gr\u00e2ce \u00e0 ces coques a\u00e9rodynamiques \u00e9l\u00e9gantes, vous pouvez rendre votre casque de skate C\u00e1domotus compl\u00e8tement unique et personnalisable.\" \/>\n<meta property=\"og:url\" content=\"https:\/\/xactskateshop.com\/fr\/produit\/cadomotus-sonic-aero-shell\/\" \/>\n<meta property=\"og:site_name\" content=\"Xact Skate Shop\" \/>\n<meta property=\"article:publisher\" content=\"https:\/\/www.facebook.com\/JeanLouiskateshop\" \/>\n<meta property=\"og:image\" content=\"https:\/\/xactskateshop.com\/wp-content\/uploads\/2020\/09\/Red-ish_Aeroshields.jpg\" \/>\n\t<meta property=\"og:image:width\" content=\"1200\" \/>\n\t<meta property=\"og:image:height\" content=\"1200\" \/>\n\t<meta property=\"og:image:type\" content=\"image\/jpeg\" \/>\n<meta name=\"twitter:card\" content=\"summary_large_image\" \/>\n<meta name=\"twitter:label1\" content=\"Dur\u00e9e de lecture estim\u00e9e\" \/>\n\t<meta name=\"twitter:data1\" content=\"2 minutes\" \/>\n<script type=\"application\/ld+json\" class=\"yoast-schema-graph\">{\"@context\":\"https:\\\/\\\/schema.org\",\"@graph\":[{\"@type\":\"WebPage\",\"@id\":\"https:\\\/\\\/xactskateshop.com\\\/fr\\\/produit\\\/cadomotus-sonic-aero-shell\\\/\",\"url\":\"https:\\\/\\\/xactskateshop.com\\\/fr\\\/produit\\\/cadomotus-sonic-aero-shell\\\/\",\"name\":\"CADOMOTUS Sonic Aero Shell - Xact Skate Shop.\",\"isPartOf\":{\"@id\":\"http:\\\/\\\/xactskateshop.com\\\/fr\\\/#website\"},\"primaryImageOfPage\":{\"@id\":\"https:\\\/\\\/xactskateshop.com\\\/fr\\\/produit\\\/cadomotus-sonic-aero-shell\\\/#primaryimage\"},\"image\":{\"@id\":\"https:\\\/\\\/xactskateshop.com\\\/fr\\\/produit\\\/cadomotus-sonic-aero-shell\\\/#primaryimage\"},\"thumbnailUrl\":\"https:\\\/\\\/xactskateshop.com\\\/wp-content\\\/uploads\\\/2020\\\/09\\\/Red-ish_Aeroshields.jpg\",\"datePublished\":\"2020-09-28T21:48:22+00:00\",\"description\":\"CADOMOTUS Sonic Aero Shell. Gr\u00e2ce \u00e0 ces coques a\u00e9rodynamiques \u00e9l\u00e9gantes, vous pouvez rendre votre casque de skate C\u00e1domotus compl\u00e8tement unique et personnalisable.\",\"breadcrumb\":{\"@id\":\"https:\\\/\\\/xactskateshop.com\\\/fr\\\/produit\\\/cadomotus-sonic-aero-shell\\\/#breadcrumb\"},\"inLanguage\":\"fr-FR\",\"potentialAction\":[{\"@type\":\"ReadAction\",\"target\":[\"https:\\\/\\\/xactskateshop.com\\\/fr\\\/produit\\\/cadomotus-sonic-aero-shell\\\/\"]}]},{\"@type\":\"ImageObject\",\"inLanguage\":\"fr-FR\",\"@id\":\"https:\\\/\\\/xactskateshop.com\\\/fr\\\/produit\\\/cadomotus-sonic-aero-shell\\\/#primaryimage\",\"url\":\"https:\\\/\\\/xactskateshop.com\\\/wp-content\\\/uploads\\\/2020\\\/09\\\/Red-ish_Aeroshields.jpg\",\"contentUrl\":\"https:\\\/\\\/xactskateshop.com\\\/wp-content\\\/uploads\\\/2020\\\/09\\\/Red-ish_Aeroshields.jpg\",\"width\":1200,\"height\":1200,\"caption\":\"CADOMOTUS Sonic Aero Shell\"},{\"@type\":\"BreadcrumbList\",\"@id\":\"https:\\\/\\\/xactskateshop.com\\\/fr\\\/produit\\\/cadomotus-sonic-aero-shell\\\/#breadcrumb\",\"itemListElement\":[{\"@type\":\"ListItem\",\"position\":1,\"name\":\"Home\",\"item\":\"https:\\\/\\\/xactskateshop.com\\\/fr\\\/accueil\\\/\"},{\"@type\":\"ListItem\",\"position\":2,\"name\":\"Boutique\",\"item\":\"https:\\\/\\\/xactskateshop.com\\\/shop\\\/\"},{\"@type\":\"ListItem\",\"position\":3,\"name\":\"CADOMOTUS Sonic Aero Shell\"}]},{\"@type\":\"WebSite\",\"@id\":\"http:\\\/\\\/xactskateshop.com\\\/fr\\\/#website\",\"url\":\"http:\\\/\\\/xactskateshop.com\\\/fr\\\/\",\"name\":\"Xact Skate Shop\",\"description\":\"Un site utilisant WordPress\",\"publisher\":{\"@id\":\"http:\\\/\\\/xactskateshop.com\\\/fr\\\/#organization\"},\"potentialAction\":[{\"@type\":\"SearchAction\",\"target\":{\"@type\":\"EntryPoint\",\"urlTemplate\":\"http:\\\/\\\/xactskateshop.com\\\/fr\\\/?s={search_term_string}\"},\"query-input\":{\"@type\":\"PropertyValueSpecification\",\"valueRequired\":true,\"valueName\":\"search_term_string\"}}],\"inLanguage\":\"fr-FR\"},{\"@type\":\"Organization\",\"@id\":\"http:\\\/\\\/xactskateshop.com\\\/fr\\\/#organization\",\"name\":\"XACT Skate Shop\",\"url\":\"http:\\\/\\\/xactskateshop.com\\\/fr\\\/\",\"logo\":{\"@type\":\"ImageObject\",\"inLanguage\":\"fr-FR\",\"@id\":\"http:\\\/\\\/xactskateshop.com\\\/fr\\\/#\\\/schema\\\/logo\\\/image\\\/\",\"url\":\"http:\\\/\\\/xactskateshop.com\\\/wp-content\\\/uploads\\\/2024\\\/04\\\/xactskateshop-dot-com-avec-contour-noir-sans-fond-675x.jpg\",\"contentUrl\":\"http:\\\/\\\/xactskateshop.com\\\/wp-content\\\/uploads\\\/2024\\\/04\\\/xactskateshop-dot-com-avec-contour-noir-sans-fond-675x.jpg\",\"width\":675,\"height\":247,\"caption\":\"XACT Skate Shop\"},\"image\":{\"@id\":\"http:\\\/\\\/xactskateshop.com\\\/fr\\\/#\\\/schema\\\/logo\\\/image\\\/\"},\"sameAs\":[\"https:\\\/\\\/www.facebook.com\\\/JeanLouiskateshop\"]}]}<\/script>\n<!-- \/ Yoast SEO plugin. -->","yoast_head_json":{"title":"CADOMOTUS Sonic Aero Shell - Xact Skate Shop.","description":"CADOMOTUS Sonic Aero Shell. Gr\u00e2ce \u00e0 ces coques a\u00e9rodynamiques \u00e9l\u00e9gantes, vous pouvez rendre votre casque de skate C\u00e1domotus compl\u00e8tement unique et personnalisable.","robots":{"index":"index","follow":"follow","max-snippet":"max-snippet:-1","max-image-preview":"max-image-preview:large","max-video-preview":"max-video-preview:-1"},"canonical":"https:\/\/xactskateshop.com\/fr\/produit\/cadomotus-sonic-aero-shell\/","og_locale":"fr_FR","og_type":"article","og_title":"CADOMOTUS Sonic Aero Shell - Xact Skate Shop.","og_description":"CADOMOTUS Sonic Aero Shell. Gr\u00e2ce \u00e0 ces coques a\u00e9rodynamiques \u00e9l\u00e9gantes, vous pouvez rendre votre casque de skate C\u00e1domotus compl\u00e8tement unique et personnalisable.","og_url":"https:\/\/xactskateshop.com\/fr\/produit\/cadomotus-sonic-aero-shell\/","og_site_name":"Xact Skate Shop","article_publisher":"https:\/\/www.facebook.com\/JeanLouiskateshop","og_image":[{"width":1200,"height":1200,"url":"https:\/\/xactskateshop.com\/wp-content\/uploads\/2020\/09\/Red-ish_Aeroshields.jpg","type":"image\/jpeg"}],"twitter_card":"summary_large_image","twitter_misc":{"Dur\u00e9e de lecture estim\u00e9e":"2 minutes"},"schema":{"@context":"https:\/\/schema.org","@graph":[{"@type":"WebPage","@id":"https:\/\/xactskateshop.com\/fr\/produit\/cadomotus-sonic-aero-shell\/","url":"https:\/\/xactskateshop.com\/fr\/produit\/cadomotus-sonic-aero-shell\/","name":"CADOMOTUS Sonic Aero Shell - Xact Skate Shop.","isPartOf":{"@id":"http:\/\/xactskateshop.com\/fr\/#website"},"primaryImageOfPage":{"@id":"https:\/\/xactskateshop.com\/fr\/produit\/cadomotus-sonic-aero-shell\/#primaryimage"},"image":{"@id":"https:\/\/xactskateshop.com\/fr\/produit\/cadomotus-sonic-aero-shell\/#primaryimage"},"thumbnailUrl":"https:\/\/xactskateshop.com\/wp-content\/uploads\/2020\/09\/Red-ish_Aeroshields.jpg","datePublished":"2020-09-28T21:48:22+00:00","description":"CADOMOTUS Sonic Aero Shell. Gr\u00e2ce \u00e0 ces coques a\u00e9rodynamiques \u00e9l\u00e9gantes, vous pouvez rendre votre casque de skate C\u00e1domotus compl\u00e8tement unique et personnalisable.","breadcrumb":{"@id":"https:\/\/xactskateshop.com\/fr\/produit\/cadomotus-sonic-aero-shell\/#breadcrumb"},"inLanguage":"fr-FR","potentialAction":[{"@type":"ReadAction","target":["https:\/\/xactskateshop.com\/fr\/produit\/cadomotus-sonic-aero-shell\/"]}]},{"@type":"ImageObject","inLanguage":"fr-FR","@id":"https:\/\/xactskateshop.com\/fr\/produit\/cadomotus-sonic-aero-shell\/#primaryimage","url":"https:\/\/xactskateshop.com\/wp-content\/uploads\/2020\/09\/Red-ish_Aeroshields.jpg","contentUrl":"https:\/\/xactskateshop.com\/wp-content\/uploads\/2020\/09\/Red-ish_Aeroshields.jpg","width":1200,"height":1200,"caption":"CADOMOTUS Sonic Aero Shell"},{"@type":"BreadcrumbList","@id":"https:\/\/xactskateshop.com\/fr\/produit\/cadomotus-sonic-aero-shell\/#breadcrumb","itemListElement":[{"@type":"ListItem","position":1,"name":"Home","item":"https:\/\/xactskateshop.com\/fr\/accueil\/"},{"@type":"ListItem","position":2,"name":"Boutique","item":"https:\/\/xactskateshop.com\/shop\/"},{"@type":"ListItem","position":3,"name":"CADOMOTUS Sonic Aero Shell"}]},{"@type":"WebSite","@id":"http:\/\/xactskateshop.com\/fr\/#website","url":"http:\/\/xactskateshop.com\/fr\/","name":"Xact Skate Shop","description":"Un site utilisant WordPress","publisher":{"@id":"http:\/\/xactskateshop.com\/fr\/#organization"},"potentialAction":[{"@type":"SearchAction","target":{"@type":"EntryPoint","urlTemplate":"http:\/\/xactskateshop.com\/fr\/?s={search_term_string}"},"query-input":{"@type":"PropertyValueSpecification","valueRequired":true,"valueName":"search_term_string"}}],"inLanguage":"fr-FR"},{"@type":"Organization","@id":"http:\/\/xactskateshop.com\/fr\/#organization","name":"XACT Skate Shop","url":"http:\/\/xactskateshop.com\/fr\/","logo":{"@type":"ImageObject","inLanguage":"fr-FR","@id":"http:\/\/xactskateshop.com\/fr\/#\/schema\/logo\/image\/","url":"http:\/\/xactskateshop.com\/wp-content\/uploads\/2024\/04\/xactskateshop-dot-com-avec-contour-noir-sans-fond-675x.jpg","contentUrl":"http:\/\/xactskateshop.com\/wp-content\/uploads\/2024\/04\/xactskateshop-dot-com-avec-contour-noir-sans-fond-675x.jpg","width":675,"height":247,"caption":"XACT Skate Shop"},"image":{"@id":"http:\/\/xactskateshop.com\/fr\/#\/schema\/logo\/image\/"},"sameAs":["https:\/\/www.facebook.com\/JeanLouiskateshop"]}]}},"_links":{"self":[{"href":"https:\/\/xactskateshop.com\/fr\/wp-json\/wp\/v2\/product\/64109","targetHints":{"allow":["GET"]}}],"collection":[{"href":"https:\/\/xactskateshop.com\/fr\/wp-json\/wp\/v2\/product"}],"about":[{"href":"https:\/\/xactskateshop.com\/fr\/wp-json\/wp\/v2\/types\/product"}],"replies":[{"embeddable":true,"href":"https:\/\/xactskateshop.com\/fr\/wp-json\/wp\/v2\/comments?post=64109"}],"wp:featuredmedia":[{"embeddable":true,"href":"https:\/\/xactskateshop.com\/fr\/wp-json\/wp\/v2\/media\/27884"}],"wp:attachment":[{"href":"https:\/\/xactskateshop.com\/fr\/wp-json\/wp\/v2\/media?parent=64109"}],"wp:term":[{"taxonomy":"product_brand","embeddable":true,"href":"https:\/\/xactskateshop.com\/fr\/wp-json\/wp\/v2\/product_brand?post=64109"},{"taxonomy":"product_cat","embeddable":true,"href":"https:\/\/xactskateshop.com\/fr\/wp-json\/wp\/v2\/product_cat?post=64109"},{"taxonomy":"product_tag","embeddable":true,"href":"https:\/\/xactskateshop.com\/fr\/wp-json\/wp\/v2\/product_tag?post=64109"}],"curies":[{"name":"wp","href":"https:\/\/api.w.org\/{rel}","templated":true}]}}