{"id":64072,"date":"2020-10-13T17:27:39","date_gmt":"2020-10-13T21:27:39","guid":{"rendered":"http:\/\/xactskateshop.com\/product\/bottes-cbc-genesis-st\/"},"modified":"2025-10-03T13:25:00","modified_gmt":"2025-10-03T17:25:00","slug":"cbc-genesis-st","status":"publish","type":"product","link":"https:\/\/xactskateshop.com\/fr\/produit\/cbc-genesis-st\/","title":{"rendered":"CBC Genesis ST"},"content":{"rendered":"<h2>Bottines CBC Genesis ST<\/h2>\n<p class=\"font_8\"><span class=\"color_15\">Les bottines CBC Genesis ST sont un outil de haute performance qui change la donne et qui est con\u00e7u pour combler le foss\u00e9 entre les chaussures standard et les chaussures sur mesure. Les mat\u00e9riaux utilis\u00e9s pour construire ce produit sont les m\u00eames que ceux de nos bottes sur mesure, que nous avons s\u00e9lectionn\u00e9s dans le monde entier. Chaque point de cette botte a \u00e9t\u00e9 ex\u00e9cut\u00e9 avec soin et son aspect est donc loin d&#8217;\u00eatre un produit de production. Le GENESIS \u00e9tant 100 % thermoformable, les utilisateurs b\u00e9n\u00e9ficieront d&#8217;un ajustement presque personnalis\u00e9 gr\u00e2ce \u00e0 des techniques de thermoformage appropri\u00e9es. Nous consid\u00e9rons que ce produit innovant est tout simplement la meilleure chaussure de base pour le patinage de vitesse sur piste courte aujourd&#8217;hui. <\/span><\/p>\n<p class=\"font_8\">Les clients ne seront pas d\u00e9\u00e7us lorsqu&#8217;ils essaieront les bottes CBC GENESIS ST pour la premi\u00e8re fois. Cette botte est con\u00e7ue pour s&#8217;adapter \u00e0 diff\u00e9rentes largeurs de pied. La botte maintient donc le pied dans un cuir de veau v\u00e9ritable, le talon \u00e9tant doucement soutenu par notre contrefort en mousse \u00e0 m\u00e9moire de forme. La l\u00e8vre de carbone m\u00e9tatarsienne stratifie une seule couche de Thermo-CSC qui s&#8217;assouplit lors de la personnalisation du moulage. L&#8217;utilisation de Thermal-CSC ne garantit pas seulement que l&#8217;utilisateur obtiendra un meilleur ajustement d\u00e8s la sortie de la bo\u00eete &#8211; elle produit \u00e9galement une exp\u00e9rience personnalis\u00e9e \u00e0 un prix de stock.<\/p>\n<p>Nous consid\u00e9rons que la GENESIS est tout simplement la meilleure chaussure de patinage de vitesse sur piste courte sur le march\u00e9 aujourd&#8217;hui. Chaque aspect de cette botte a \u00e9t\u00e9 \u00e9tudi\u00e9, peaufin\u00e9, test\u00e9 et retest\u00e9. Cet outil de patinage r\u00e9volutionnaire a des ann\u00e9es d&#8217;avance sur ses concurrents. Si vous \u00eates soucieux de vos performances, mais que vous n&#8217;\u00eates pas encore pr\u00eat \u00e0 passer \u00e0 une chaussure personnalis\u00e9e, la GENESIS est la chaussure qu&#8217;il vous faut.<\/p>\n<p>&nbsp;<\/p>\n<p>Trouvez votre taille <a href=\"https:\/\/www.carpenterbootcompany.com\/pages\/fit\">ici<\/a><\/p>\n<p>Trouver la botte Element <a href=\"http:\/\/xactskateshop.com\/product\/cbc-element-st-boots\/\">ici<\/a><\/p>\n","protected":false},"excerpt":{"rendered":"<hr \/>\n<p style=\"text-align: center;\"><strong>****** veuillez nous contacter \u00e0 info@xactskateshop.com pour conna\u00eetre la disponibilit\u00e9 de la taille avant de passer commande******<\/strong><\/p>\n<p class=\"font_8\" style=\"text-align: center;\"><span class=\"color_15\">La botte Courte Piste de GENESIS est un outil de haute performance qui change la donne et qui est con\u00e7u pour combler le foss\u00e9 entre la chaussure standard et la chaussure sur mesure. Ce produit est construit avec les m\u00eames mat\u00e9riaux que notre botte personnalis\u00e9e, que nous avons s\u00e9lectionn\u00e9s dans le monde entier. Chaque point de cette botte a \u00e9t\u00e9 ex\u00e9cut\u00e9 avec soin et son aspect est donc loin d&#8217;\u00eatre un produit de production. <\/span><\/p>\n","protected":false},"featured_media":29685,"comment_status":"open","ping_status":"closed","template":"","meta":{"site-sidebar-layout":"default","site-content-layout":"default","ast-site-content-layout":"default","site-content-style":"default","site-sidebar-style":"default","ast-global-header-display":"","ast-banner-title-visibility":"","ast-main-header-display":"","ast-hfb-above-header-display":"","ast-hfb-below-header-display":"","ast-hfb-mobile-header-display":"","site-post-title":"","ast-breadcrumbs-content":"","ast-featured-img":"","footer-sml-layout":"","theme-transparent-header-meta":"default","adv-header-id-meta":"","stick-header-meta":"","header-above-stick-meta":"","header-main-stick-meta":"","header-below-stick-meta":"","astra-migrate-meta-layouts":"set","ast-page-background-enabled":"default","ast-page-background-meta":{"desktop":{"background-color":"","background-image":"","background-repeat":"repeat","background-position":"center center","background-size":"auto","background-attachment":"scroll","background-type":"","background-media":"","overlay-type":"","overlay-color":"","overlay-opacity":"","overlay-gradient":""},"tablet":{"background-color":"","background-image":"","background-repeat":"repeat","background-position":"center center","background-size":"auto","background-attachment":"scroll","background-type":"","background-media":"","overlay-type":"","overlay-color":"","overlay-opacity":"","overlay-gradient":""},"mobile":{"background-color":"","background-image":"","background-repeat":"repeat","background-position":"center center","background-size":"auto","background-attachment":"scroll","background-type":"","background-media":"","overlay-type":"","overlay-color":"","overlay-opacity":"","overlay-gradient":""}},"ast-content-background-meta":{"desktop":{"background-color":"var(--ast-global-color-5)","background-image":"","background-repeat":"repeat","background-position":"center center","background-size":"auto","background-attachment":"scroll","background-type":"","background-media":"","overlay-type":"","overlay-color":"","overlay-opacity":"","overlay-gradient":""},"tablet":{"background-color":"var(--ast-global-color-5)","background-image":"","background-repeat":"repeat","background-position":"center center","background-size":"auto","background-attachment":"scroll","background-type":"","background-media":"","overlay-type":"","overlay-color":"","overlay-opacity":"","overlay-gradient":""},"mobile":{"background-color":"var(--ast-global-color-5)","background-image":"","background-repeat":"repeat","background-position":"center center","background-size":"auto","background-attachment":"scroll","background-type":"","background-media":"","overlay-type":"","overlay-color":"","overlay-opacity":"","overlay-gradient":""}}},"product_brand":[],"product_cat":[1430,1354,1353],"product_tag":[1690,1468,1356,1709],"class_list":{"0":"post-64072","1":"product","2":"type-product","3":"status-publish","4":"has-post-thumbnail","6":"product_cat-bottines-de-patinage-de-vitesse-courte-piste","7":"product_cat-courte-piste","8":"product_cat-patinage-de-vitesse","9":"product_tag-bottes-cbc","10":"product_tag-bottes-st","11":"product_tag-courte-piste-fr","12":"product_tag-entreprise-de-bottes-de-charpentier","13":"desktop-align-center","14":"tablet-align-center","15":"mobile-align-center","16":"ast-product-gallery-layout-horizontal","17":"ast-product-single-variable","18":"ast-product-tabs-layout-horizontal","19":"ast-qv-on-image","21":"first","22":"instock","23":"taxable","24":"shipping-taxable","25":"purchasable","26":"product-type-variable"},"bundled_by":[],"bundle_stock_status":"instock","bundle_stock_quantity":null,"bundle_virtual":false,"bundle_layout":"","bundle_add_to_cart_form_location":"","bundle_editable_in_cart":false,"bundle_sold_individually_context":"","bundle_item_grouping":"","bundle_min_size":"","bundle_max_size":"","bundle_price":[],"bundled_items":[],"bundle_sell_ids":[],"yoast_head":"<!-- This site is optimized with the Yoast SEO plugin v27.4 - https:\/\/yoast.com\/product\/yoast-seo-wordpress\/ -->\n<title>Bottes CBC Genesis ST - %.<\/title>\n<meta name=\"description\" content=\"Les bottines CBC GENESIS ST sont un outil de haute performance qui est con\u00e7u pour combler le foss\u00e9 entre les bottines standard et les bottines sur mesure.\" \/>\n<meta name=\"robots\" content=\"index, follow, max-snippet:-1, max-image-preview:large, max-video-preview:-1\" \/>\n<link rel=\"canonical\" href=\"https:\/\/xactskateshop.com\/fr\/produit\/cbc-genesis-st\/\" \/>\n<meta property=\"og:locale\" content=\"fr_FR\" \/>\n<meta property=\"og:type\" content=\"article\" \/>\n<meta property=\"og:title\" content=\"Bottes CBC Genesis ST - %.\" \/>\n<meta property=\"og:description\" content=\"Les bottines CBC GENESIS ST sont un outil de haute performance qui est con\u00e7u pour combler le foss\u00e9 entre les bottines standard et les bottines sur mesure.\" \/>\n<meta property=\"og:url\" content=\"https:\/\/xactskateshop.com\/fr\/produit\/cbc-genesis-st\/\" \/>\n<meta property=\"og:site_name\" content=\"Xact Skate Shop\" \/>\n<meta property=\"article:publisher\" content=\"https:\/\/www.facebook.com\/JeanLouiskateshop\" \/>\n<meta property=\"article:modified_time\" content=\"2025-10-03T17:25:00+00:00\" \/>\n<meta property=\"og:image\" content=\"https:\/\/xactskateshop.com\/wp-content\/uploads\/2020\/10\/Genesis_1024x1024.jpg\" \/>\n\t<meta property=\"og:image:width\" content=\"1000\" \/>\n\t<meta property=\"og:image:height\" content=\"1000\" \/>\n\t<meta property=\"og:image:type\" content=\"image\/jpeg\" \/>\n<meta name=\"twitter:card\" content=\"summary_large_image\" \/>\n<meta name=\"twitter:label1\" content=\"Dur\u00e9e de lecture estim\u00e9e\" \/>\n\t<meta name=\"twitter:data1\" content=\"2 minutes\" \/>\n<script type=\"application\/ld+json\" class=\"yoast-schema-graph\">{\"@context\":\"https:\\\/\\\/schema.org\",\"@graph\":[{\"@type\":\"WebPage\",\"@id\":\"https:\\\/\\\/xactskateshop.com\\\/fr\\\/produit\\\/cbc-genesis-st\\\/\",\"url\":\"https:\\\/\\\/xactskateshop.com\\\/fr\\\/produit\\\/cbc-genesis-st\\\/\",\"name\":\"Bottes CBC Genesis ST - %.\",\"isPartOf\":{\"@id\":\"http:\\\/\\\/xactskateshop.com\\\/fr\\\/#website\"},\"primaryImageOfPage\":{\"@id\":\"https:\\\/\\\/xactskateshop.com\\\/fr\\\/produit\\\/cbc-genesis-st\\\/#primaryimage\"},\"image\":{\"@id\":\"https:\\\/\\\/xactskateshop.com\\\/fr\\\/produit\\\/cbc-genesis-st\\\/#primaryimage\"},\"thumbnailUrl\":\"https:\\\/\\\/xactskateshop.com\\\/wp-content\\\/uploads\\\/2020\\\/10\\\/Genesis_1024x1024.jpg\",\"datePublished\":\"2020-10-13T21:27:39+00:00\",\"dateModified\":\"2025-10-03T17:25:00+00:00\",\"description\":\"Les bottines CBC GENESIS ST sont un outil de haute performance qui est con\u00e7u pour combler le foss\u00e9 entre les bottines standard et les bottines sur mesure.\",\"breadcrumb\":{\"@id\":\"https:\\\/\\\/xactskateshop.com\\\/fr\\\/produit\\\/cbc-genesis-st\\\/#breadcrumb\"},\"inLanguage\":\"fr-FR\",\"potentialAction\":[{\"@type\":\"ReadAction\",\"target\":[\"https:\\\/\\\/xactskateshop.com\\\/fr\\\/produit\\\/cbc-genesis-st\\\/\"]}]},{\"@type\":\"ImageObject\",\"inLanguage\":\"fr-FR\",\"@id\":\"https:\\\/\\\/xactskateshop.com\\\/fr\\\/produit\\\/cbc-genesis-st\\\/#primaryimage\",\"url\":\"https:\\\/\\\/xactskateshop.com\\\/wp-content\\\/uploads\\\/2020\\\/10\\\/Genesis_1024x1024.jpg\",\"contentUrl\":\"https:\\\/\\\/xactskateshop.com\\\/wp-content\\\/uploads\\\/2020\\\/10\\\/Genesis_1024x1024.jpg\",\"width\":1000,\"height\":1000,\"caption\":\"CBC Genesis ST\"},{\"@type\":\"BreadcrumbList\",\"@id\":\"https:\\\/\\\/xactskateshop.com\\\/fr\\\/produit\\\/cbc-genesis-st\\\/#breadcrumb\",\"itemListElement\":[{\"@type\":\"ListItem\",\"position\":1,\"name\":\"Home\",\"item\":\"https:\\\/\\\/xactskateshop.com\\\/fr\\\/accueil\\\/\"},{\"@type\":\"ListItem\",\"position\":2,\"name\":\"Boutique\",\"item\":\"https:\\\/\\\/xactskateshop.com\\\/shop\\\/\"},{\"@type\":\"ListItem\",\"position\":3,\"name\":\"CBC Genesis ST\"}]},{\"@type\":\"WebSite\",\"@id\":\"http:\\\/\\\/xactskateshop.com\\\/fr\\\/#website\",\"url\":\"http:\\\/\\\/xactskateshop.com\\\/fr\\\/\",\"name\":\"Xact Skate Shop\",\"description\":\"Un site utilisant WordPress\",\"publisher\":{\"@id\":\"http:\\\/\\\/xactskateshop.com\\\/fr\\\/#organization\"},\"potentialAction\":[{\"@type\":\"SearchAction\",\"target\":{\"@type\":\"EntryPoint\",\"urlTemplate\":\"http:\\\/\\\/xactskateshop.com\\\/fr\\\/?s={search_term_string}\"},\"query-input\":{\"@type\":\"PropertyValueSpecification\",\"valueRequired\":true,\"valueName\":\"search_term_string\"}}],\"inLanguage\":\"fr-FR\"},{\"@type\":\"Organization\",\"@id\":\"http:\\\/\\\/xactskateshop.com\\\/fr\\\/#organization\",\"name\":\"XACT Skate Shop\",\"url\":\"http:\\\/\\\/xactskateshop.com\\\/fr\\\/\",\"logo\":{\"@type\":\"ImageObject\",\"inLanguage\":\"fr-FR\",\"@id\":\"http:\\\/\\\/xactskateshop.com\\\/fr\\\/#\\\/schema\\\/logo\\\/image\\\/\",\"url\":\"http:\\\/\\\/xactskateshop.com\\\/wp-content\\\/uploads\\\/2024\\\/04\\\/xactskateshop-dot-com-avec-contour-noir-sans-fond-675x.jpg\",\"contentUrl\":\"http:\\\/\\\/xactskateshop.com\\\/wp-content\\\/uploads\\\/2024\\\/04\\\/xactskateshop-dot-com-avec-contour-noir-sans-fond-675x.jpg\",\"width\":675,\"height\":247,\"caption\":\"XACT Skate Shop\"},\"image\":{\"@id\":\"http:\\\/\\\/xactskateshop.com\\\/fr\\\/#\\\/schema\\\/logo\\\/image\\\/\"},\"sameAs\":[\"https:\\\/\\\/www.facebook.com\\\/JeanLouiskateshop\"]}]}<\/script>\n<!-- \/ Yoast SEO plugin. -->","yoast_head_json":{"title":"Bottes CBC Genesis ST - %.","description":"Les bottines CBC GENESIS ST sont un outil de haute performance qui est con\u00e7u pour combler le foss\u00e9 entre les bottines standard et les bottines sur mesure.","robots":{"index":"index","follow":"follow","max-snippet":"max-snippet:-1","max-image-preview":"max-image-preview:large","max-video-preview":"max-video-preview:-1"},"canonical":"https:\/\/xactskateshop.com\/fr\/produit\/cbc-genesis-st\/","og_locale":"fr_FR","og_type":"article","og_title":"Bottes CBC Genesis ST - %.","og_description":"Les bottines CBC GENESIS ST sont un outil de haute performance qui est con\u00e7u pour combler le foss\u00e9 entre les bottines standard et les bottines sur mesure.","og_url":"https:\/\/xactskateshop.com\/fr\/produit\/cbc-genesis-st\/","og_site_name":"Xact Skate Shop","article_publisher":"https:\/\/www.facebook.com\/JeanLouiskateshop","article_modified_time":"2025-10-03T17:25:00+00:00","og_image":[{"width":1000,"height":1000,"url":"https:\/\/xactskateshop.com\/wp-content\/uploads\/2020\/10\/Genesis_1024x1024.jpg","type":"image\/jpeg"}],"twitter_card":"summary_large_image","twitter_misc":{"Dur\u00e9e de lecture estim\u00e9e":"2 minutes"},"schema":{"@context":"https:\/\/schema.org","@graph":[{"@type":"WebPage","@id":"https:\/\/xactskateshop.com\/fr\/produit\/cbc-genesis-st\/","url":"https:\/\/xactskateshop.com\/fr\/produit\/cbc-genesis-st\/","name":"Bottes CBC Genesis ST - %.","isPartOf":{"@id":"http:\/\/xactskateshop.com\/fr\/#website"},"primaryImageOfPage":{"@id":"https:\/\/xactskateshop.com\/fr\/produit\/cbc-genesis-st\/#primaryimage"},"image":{"@id":"https:\/\/xactskateshop.com\/fr\/produit\/cbc-genesis-st\/#primaryimage"},"thumbnailUrl":"https:\/\/xactskateshop.com\/wp-content\/uploads\/2020\/10\/Genesis_1024x1024.jpg","datePublished":"2020-10-13T21:27:39+00:00","dateModified":"2025-10-03T17:25:00+00:00","description":"Les bottines CBC GENESIS ST sont un outil de haute performance qui est con\u00e7u pour combler le foss\u00e9 entre les bottines standard et les bottines sur mesure.","breadcrumb":{"@id":"https:\/\/xactskateshop.com\/fr\/produit\/cbc-genesis-st\/#breadcrumb"},"inLanguage":"fr-FR","potentialAction":[{"@type":"ReadAction","target":["https:\/\/xactskateshop.com\/fr\/produit\/cbc-genesis-st\/"]}]},{"@type":"ImageObject","inLanguage":"fr-FR","@id":"https:\/\/xactskateshop.com\/fr\/produit\/cbc-genesis-st\/#primaryimage","url":"https:\/\/xactskateshop.com\/wp-content\/uploads\/2020\/10\/Genesis_1024x1024.jpg","contentUrl":"https:\/\/xactskateshop.com\/wp-content\/uploads\/2020\/10\/Genesis_1024x1024.jpg","width":1000,"height":1000,"caption":"CBC Genesis ST"},{"@type":"BreadcrumbList","@id":"https:\/\/xactskateshop.com\/fr\/produit\/cbc-genesis-st\/#breadcrumb","itemListElement":[{"@type":"ListItem","position":1,"name":"Home","item":"https:\/\/xactskateshop.com\/fr\/accueil\/"},{"@type":"ListItem","position":2,"name":"Boutique","item":"https:\/\/xactskateshop.com\/shop\/"},{"@type":"ListItem","position":3,"name":"CBC Genesis ST"}]},{"@type":"WebSite","@id":"http:\/\/xactskateshop.com\/fr\/#website","url":"http:\/\/xactskateshop.com\/fr\/","name":"Xact Skate Shop","description":"Un site utilisant WordPress","publisher":{"@id":"http:\/\/xactskateshop.com\/fr\/#organization"},"potentialAction":[{"@type":"SearchAction","target":{"@type":"EntryPoint","urlTemplate":"http:\/\/xactskateshop.com\/fr\/?s={search_term_string}"},"query-input":{"@type":"PropertyValueSpecification","valueRequired":true,"valueName":"search_term_string"}}],"inLanguage":"fr-FR"},{"@type":"Organization","@id":"http:\/\/xactskateshop.com\/fr\/#organization","name":"XACT Skate Shop","url":"http:\/\/xactskateshop.com\/fr\/","logo":{"@type":"ImageObject","inLanguage":"fr-FR","@id":"http:\/\/xactskateshop.com\/fr\/#\/schema\/logo\/image\/","url":"http:\/\/xactskateshop.com\/wp-content\/uploads\/2024\/04\/xactskateshop-dot-com-avec-contour-noir-sans-fond-675x.jpg","contentUrl":"http:\/\/xactskateshop.com\/wp-content\/uploads\/2024\/04\/xactskateshop-dot-com-avec-contour-noir-sans-fond-675x.jpg","width":675,"height":247,"caption":"XACT Skate Shop"},"image":{"@id":"http:\/\/xactskateshop.com\/fr\/#\/schema\/logo\/image\/"},"sameAs":["https:\/\/www.facebook.com\/JeanLouiskateshop"]}]}},"_links":{"self":[{"href":"https:\/\/xactskateshop.com\/fr\/wp-json\/wp\/v2\/product\/64072","targetHints":{"allow":["GET"]}}],"collection":[{"href":"https:\/\/xactskateshop.com\/fr\/wp-json\/wp\/v2\/product"}],"about":[{"href":"https:\/\/xactskateshop.com\/fr\/wp-json\/wp\/v2\/types\/product"}],"replies":[{"embeddable":true,"href":"https:\/\/xactskateshop.com\/fr\/wp-json\/wp\/v2\/comments?post=64072"}],"wp:featuredmedia":[{"embeddable":true,"href":"https:\/\/xactskateshop.com\/fr\/wp-json\/wp\/v2\/media\/29685"}],"wp:attachment":[{"href":"https:\/\/xactskateshop.com\/fr\/wp-json\/wp\/v2\/media?parent=64072"}],"wp:term":[{"taxonomy":"product_brand","embeddable":true,"href":"https:\/\/xactskateshop.com\/fr\/wp-json\/wp\/v2\/product_brand?post=64072"},{"taxonomy":"product_cat","embeddable":true,"href":"https:\/\/xactskateshop.com\/fr\/wp-json\/wp\/v2\/product_cat?post=64072"},{"taxonomy":"product_tag","embeddable":true,"href":"https:\/\/xactskateshop.com\/fr\/wp-json\/wp\/v2\/product_tag?post=64072"}],"curies":[{"name":"wp","href":"https:\/\/api.w.org\/{rel}","templated":true}]}}