{"id":64022,"date":"2021-02-25T16:08:55","date_gmt":"2021-02-25T21:08:55","guid":{"rendered":"http:\/\/xactskateshop.com\/product\/bont-ballistic-roues-de-derby-8\/"},"modified":"2021-02-25T16:08:55","modified_gmt":"2021-02-25T21:08:55","slug":"bont-ballistic-roues-de-derby-8","status":"publish","type":"product","link":"https:\/\/xactskateshop.com\/fr\/produit\/bont-ballistic-roues-de-derby-8\/","title":{"rendered":"BONT BALLISTIC Roues de Derby (8)"},"content":{"rendered":"<p>Roues de roller derby balistiques<\/p>\n<p>La roue Ballistic de Bont pour le roller derby est une roue de milieu de gamme qui poss\u00e8de d&#8217;excellentes propri\u00e9t\u00e9s d&#8217;adh\u00e9rence, de roulement et d&#8217;usure. Ultra-l\u00e9g\u00e8re et ultra-performante, pour ce prix, vous ne pouvez pas demander une meilleure roue. <\/p>\n<ul>\n<li><strong>Application : <\/strong>Int\u00e9rieur<\/li>\n<li><strong>Taille : <\/strong>60 mm<\/li>\n<li><strong>Largeur : <\/strong>40 mm<\/li>\n<li><strong>Duret\u00e9 : <\/strong>92A<\/li>\n<\/ul>\n<p>La roue Ballistic est con\u00e7ue pour \u00eatre utilis\u00e9e dans une patinoire pour le patinage en int\u00e9rieur, mais elle peut \u00e9galement \u00eatre utilis\u00e9e pour le patinage en ext\u00e9rieur. Cette roue ferait une roue parfaite pour le roller derby. Elle utilise un moyeu classique de style r\u00e9tro qui s&#8217;adapte aux roulements 608 et convient parfaitement aux roulements de patins \u00e0 roulettes ABEC 5 ou ABEC 7 de Bont. Le graphisme est \u00e9galement de style r\u00e9tro et similaire \u00e0 ce que vous pourriez voir dans les ann\u00e9es 1970.   <\/p>\n<p>La roue de patin \u00e0 roulettes Bont Ballistic a un diam\u00e8tre de 60 mm, ce qui correspond \u00e0 la taille standard d&#8217;une roue de patin \u00e0 roulettes. Les patineurs affirment que cette roue de patin \u00e0 roulettes est bien au-dessus de son poids et qu&#8217;elle pourrait facilement \u00eatre utilis\u00e9e par l&#8217;\u00e9lite des patineurs de roller derby. <\/p>\n<p>Cette roue de roller a \u00e9t\u00e9 test\u00e9e par les patineurs de l&#8217;\u00e9quipe d&#8217;\u00e9lite de roller derby de Bont et est tr\u00e8s appr\u00e9ci\u00e9e dans la communaut\u00e9 du roller derby. Il s&#8217;agit d&#8217;une roue de milieu de gamme abordable qui fonctionne bien et pr\u00e9sente un bon \u00e9quilibre entre le roulis et l&#8217;adh\u00e9rence. <\/p>\n<p>Bont a une longue histoire de production des meilleures roues de patins \u00e0 roulettes pour les patineurs du monde entier.<\/p>\n<p>Trouvez d&#8217;autres mod\u00e8les <a href=\"http:\/\/xactskateshop.com\/product-category\/roller-skates\/roller-skates-wheels\/\">ici<\/a><\/p>\n<p>Vous pouvez \u00e9galement les acheter <a href=\"https:\/\/bont.ca\/collections\/roller-skate-wheels\/products\/ballistic-roller-skate-wheel\">ici<\/a><\/p>\n","protected":false},"excerpt":{"rendered":"<p>Roues de roller derby Ballistic. La roue de roller derby Ballistic de Bont est une roue de milieu de gamme qui poss\u00e8de d&#8217;excellentes propri\u00e9t\u00e9s d&#8217;adh\u00e9rence, de roulement et d&#8217;usure. Ultra-l\u00e9g\u00e8re et ultra-performante, pour ce prix, vous ne pouvez pas demander une meilleure roue.  <\/p>\n","protected":false},"featured_media":28562,"comment_status":"closed","ping_status":"closed","template":"","meta":{"site-sidebar-layout":"default","site-content-layout":"default","ast-site-content-layout":"default","site-content-style":"default","site-sidebar-style":"default","ast-global-header-display":"","ast-banner-title-visibility":"","ast-main-header-display":"","ast-hfb-above-header-display":"","ast-hfb-below-header-display":"","ast-hfb-mobile-header-display":"","site-post-title":"","ast-breadcrumbs-content":"","ast-featured-img":"","footer-sml-layout":"","theme-transparent-header-meta":"default","adv-header-id-meta":"","stick-header-meta":"","header-above-stick-meta":"","header-main-stick-meta":"","header-below-stick-meta":"","astra-migrate-meta-layouts":"default","ast-page-background-enabled":"default","ast-page-background-meta":{"desktop":{"background-color":"","background-image":"","background-repeat":"repeat","background-position":"center center","background-size":"auto","background-attachment":"scroll","background-type":"","background-media":"","overlay-type":"","overlay-color":"","overlay-opacity":"","overlay-gradient":""},"tablet":{"background-color":"","background-image":"","background-repeat":"repeat","background-position":"center center","background-size":"auto","background-attachment":"scroll","background-type":"","background-media":"","overlay-type":"","overlay-color":"","overlay-opacity":"","overlay-gradient":""},"mobile":{"background-color":"","background-image":"","background-repeat":"repeat","background-position":"center center","background-size":"auto","background-attachment":"scroll","background-type":"","background-media":"","overlay-type":"","overlay-color":"","overlay-opacity":"","overlay-gradient":""}},"ast-content-background-meta":{"desktop":{"background-color":"var(--ast-global-color-5)","background-image":"","background-repeat":"repeat","background-position":"center center","background-size":"auto","background-attachment":"scroll","background-type":"","background-media":"","overlay-type":"","overlay-color":"","overlay-opacity":"","overlay-gradient":""},"tablet":{"background-color":"var(--ast-global-color-5)","background-image":"","background-repeat":"repeat","background-position":"center center","background-size":"auto","background-attachment":"scroll","background-type":"","background-media":"","overlay-type":"","overlay-color":"","overlay-opacity":"","overlay-gradient":""},"mobile":{"background-color":"var(--ast-global-color-5)","background-image":"","background-repeat":"repeat","background-position":"center center","background-size":"auto","background-attachment":"scroll","background-type":"","background-media":"","overlay-type":"","overlay-color":"","overlay-opacity":"","overlay-gradient":""}}},"product_brand":[],"product_cat":[1652,1907],"product_tag":[],"class_list":{"0":"post-64022","1":"product","2":"type-product","3":"status-publish","4":"has-post-thumbnail","6":"product_cat-patins-a-roulettes","7":"product_cat-roues","8":"desktop-align-center","9":"tablet-align-center","10":"mobile-align-center","11":"ast-product-gallery-layout-horizontal","12":"ast-product-tabs-layout-horizontal","13":"ast-qv-on-image","15":"first","16":"instock","17":"sale","18":"taxable","19":"shipping-taxable","20":"purchasable","21":"product-type-simple"},"bundled_by":[],"bundle_stock_status":"instock","bundle_stock_quantity":74,"bundle_virtual":false,"bundle_layout":"","bundle_add_to_cart_form_location":"","bundle_editable_in_cart":false,"bundle_sold_individually_context":"","bundle_item_grouping":"","bundle_min_size":"","bundle_max_size":"","bundle_price":[],"bundled_items":[],"bundle_sell_ids":[],"yoast_head":"<!-- This site is optimized with the Yoast SEO plugin v27.4 - https:\/\/yoast.com\/product\/yoast-seo-wordpress\/ -->\n<title>ballistic roller derby wheels %sep%%Xact Skate Shop%%%site<\/title>\n<meta name=\"description\" content=\"Roues de roller derby Ballistic. La roue de roller derby Ballistic de Bont est une roue de milieu de gamme qui a de bonnes propri\u00e9t\u00e9s d&#039;adh\u00e9rence, de roulement et d&#039;usure.\" \/>\n<meta name=\"robots\" content=\"index, follow, max-snippet:-1, max-image-preview:large, max-video-preview:-1\" \/>\n<link rel=\"canonical\" href=\"https:\/\/xactskateshop.com\/fr\/produit\/bont-ballistic-roues-de-derby-8\/\" \/>\n<meta property=\"og:locale\" content=\"fr_FR\" \/>\n<meta property=\"og:type\" content=\"article\" \/>\n<meta property=\"og:title\" content=\"ballistic roller derby wheels %sep%%Xact Skate Shop%%%site\" \/>\n<meta property=\"og:description\" content=\"Roues de roller derby Ballistic. La roue de roller derby Ballistic de Bont est une roue de milieu de gamme qui a de bonnes propri\u00e9t\u00e9s d&#039;adh\u00e9rence, de roulement et d&#039;usure.\" \/>\n<meta property=\"og:url\" content=\"https:\/\/xactskateshop.com\/fr\/produit\/bont-ballistic-roues-de-derby-8\/\" \/>\n<meta property=\"og:site_name\" content=\"Xact Skate Shop\" \/>\n<meta property=\"article:publisher\" content=\"https:\/\/www.facebook.com\/JeanLouiskateshop\" \/>\n<meta property=\"og:image\" content=\"https:\/\/xactskateshop.com\/wp-content\/uploads\/2021\/02\/Ballistic.jpg\" \/>\n\t<meta property=\"og:image:width\" content=\"1000\" \/>\n\t<meta property=\"og:image:height\" content=\"1000\" \/>\n\t<meta property=\"og:image:type\" content=\"image\/jpeg\" \/>\n<meta name=\"twitter:card\" content=\"summary_large_image\" \/>\n<meta name=\"twitter:label1\" content=\"Dur\u00e9e de lecture estim\u00e9e\" \/>\n\t<meta name=\"twitter:data1\" content=\"1 minute\" \/>\n<script type=\"application\/ld+json\" class=\"yoast-schema-graph\">{\"@context\":\"https:\\\/\\\/schema.org\",\"@graph\":[{\"@type\":\"WebPage\",\"@id\":\"https:\\\/\\\/xactskateshop.com\\\/fr\\\/produit\\\/bont-ballistic-roues-de-derby-8\\\/\",\"url\":\"https:\\\/\\\/xactskateshop.com\\\/fr\\\/produit\\\/bont-ballistic-roues-de-derby-8\\\/\",\"name\":\"ballistic roller derby wheels %sep%%Xact Skate Shop%%%site\",\"isPartOf\":{\"@id\":\"http:\\\/\\\/xactskateshop.com\\\/fr\\\/#website\"},\"primaryImageOfPage\":{\"@id\":\"https:\\\/\\\/xactskateshop.com\\\/fr\\\/produit\\\/bont-ballistic-roues-de-derby-8\\\/#primaryimage\"},\"image\":{\"@id\":\"https:\\\/\\\/xactskateshop.com\\\/fr\\\/produit\\\/bont-ballistic-roues-de-derby-8\\\/#primaryimage\"},\"thumbnailUrl\":\"https:\\\/\\\/xactskateshop.com\\\/wp-content\\\/uploads\\\/2021\\\/02\\\/Ballistic.jpg\",\"datePublished\":\"2021-02-25T21:08:55+00:00\",\"description\":\"Roues de roller derby Ballistic. La roue de roller derby Ballistic de Bont est une roue de milieu de gamme qui a de bonnes propri\u00e9t\u00e9s d'adh\u00e9rence, de roulement et d'usure.\",\"breadcrumb\":{\"@id\":\"https:\\\/\\\/xactskateshop.com\\\/fr\\\/produit\\\/bont-ballistic-roues-de-derby-8\\\/#breadcrumb\"},\"inLanguage\":\"fr-FR\",\"potentialAction\":[{\"@type\":\"ReadAction\",\"target\":[\"https:\\\/\\\/xactskateshop.com\\\/fr\\\/produit\\\/bont-ballistic-roues-de-derby-8\\\/\"]}]},{\"@type\":\"ImageObject\",\"inLanguage\":\"fr-FR\",\"@id\":\"https:\\\/\\\/xactskateshop.com\\\/fr\\\/produit\\\/bont-ballistic-roues-de-derby-8\\\/#primaryimage\",\"url\":\"https:\\\/\\\/xactskateshop.com\\\/wp-content\\\/uploads\\\/2021\\\/02\\\/Ballistic.jpg\",\"contentUrl\":\"https:\\\/\\\/xactskateshop.com\\\/wp-content\\\/uploads\\\/2021\\\/02\\\/Ballistic.jpg\",\"width\":1000,\"height\":1000,\"caption\":\"roues de roller derby balistiques\"},{\"@type\":\"BreadcrumbList\",\"@id\":\"https:\\\/\\\/xactskateshop.com\\\/fr\\\/produit\\\/bont-ballistic-roues-de-derby-8\\\/#breadcrumb\",\"itemListElement\":[{\"@type\":\"ListItem\",\"position\":1,\"name\":\"Home\",\"item\":\"https:\\\/\\\/xactskateshop.com\\\/fr\\\/accueil\\\/\"},{\"@type\":\"ListItem\",\"position\":2,\"name\":\"Boutique\",\"item\":\"https:\\\/\\\/xactskateshop.com\\\/shop\\\/\"},{\"@type\":\"ListItem\",\"position\":3,\"name\":\"BONT BALLISTIC Roues de Derby (8)\"}]},{\"@type\":\"WebSite\",\"@id\":\"http:\\\/\\\/xactskateshop.com\\\/fr\\\/#website\",\"url\":\"http:\\\/\\\/xactskateshop.com\\\/fr\\\/\",\"name\":\"Xact Skate Shop\",\"description\":\"Un site utilisant WordPress\",\"publisher\":{\"@id\":\"http:\\\/\\\/xactskateshop.com\\\/fr\\\/#organization\"},\"potentialAction\":[{\"@type\":\"SearchAction\",\"target\":{\"@type\":\"EntryPoint\",\"urlTemplate\":\"http:\\\/\\\/xactskateshop.com\\\/fr\\\/?s={search_term_string}\"},\"query-input\":{\"@type\":\"PropertyValueSpecification\",\"valueRequired\":true,\"valueName\":\"search_term_string\"}}],\"inLanguage\":\"fr-FR\"},{\"@type\":\"Organization\",\"@id\":\"http:\\\/\\\/xactskateshop.com\\\/fr\\\/#organization\",\"name\":\"XACT Skate Shop\",\"url\":\"http:\\\/\\\/xactskateshop.com\\\/fr\\\/\",\"logo\":{\"@type\":\"ImageObject\",\"inLanguage\":\"fr-FR\",\"@id\":\"http:\\\/\\\/xactskateshop.com\\\/fr\\\/#\\\/schema\\\/logo\\\/image\\\/\",\"url\":\"http:\\\/\\\/xactskateshop.com\\\/wp-content\\\/uploads\\\/2024\\\/04\\\/xactskateshop-dot-com-avec-contour-noir-sans-fond-675x.jpg\",\"contentUrl\":\"http:\\\/\\\/xactskateshop.com\\\/wp-content\\\/uploads\\\/2024\\\/04\\\/xactskateshop-dot-com-avec-contour-noir-sans-fond-675x.jpg\",\"width\":675,\"height\":247,\"caption\":\"XACT Skate Shop\"},\"image\":{\"@id\":\"http:\\\/\\\/xactskateshop.com\\\/fr\\\/#\\\/schema\\\/logo\\\/image\\\/\"},\"sameAs\":[\"https:\\\/\\\/www.facebook.com\\\/JeanLouiskateshop\"]}]}<\/script>\n<!-- \/ Yoast SEO plugin. -->","yoast_head_json":{"title":"ballistic roller derby wheels %sep%%Xact Skate Shop%%%site","description":"Roues de roller derby Ballistic. La roue de roller derby Ballistic de Bont est une roue de milieu de gamme qui a de bonnes propri\u00e9t\u00e9s d'adh\u00e9rence, de roulement et d'usure.","robots":{"index":"index","follow":"follow","max-snippet":"max-snippet:-1","max-image-preview":"max-image-preview:large","max-video-preview":"max-video-preview:-1"},"canonical":"https:\/\/xactskateshop.com\/fr\/produit\/bont-ballistic-roues-de-derby-8\/","og_locale":"fr_FR","og_type":"article","og_title":"ballistic roller derby wheels %sep%%Xact Skate Shop%%%site","og_description":"Roues de roller derby Ballistic. La roue de roller derby Ballistic de Bont est une roue de milieu de gamme qui a de bonnes propri\u00e9t\u00e9s d'adh\u00e9rence, de roulement et d'usure.","og_url":"https:\/\/xactskateshop.com\/fr\/produit\/bont-ballistic-roues-de-derby-8\/","og_site_name":"Xact Skate Shop","article_publisher":"https:\/\/www.facebook.com\/JeanLouiskateshop","og_image":[{"width":1000,"height":1000,"url":"https:\/\/xactskateshop.com\/wp-content\/uploads\/2021\/02\/Ballistic.jpg","type":"image\/jpeg"}],"twitter_card":"summary_large_image","twitter_misc":{"Dur\u00e9e de lecture estim\u00e9e":"1 minute"},"schema":{"@context":"https:\/\/schema.org","@graph":[{"@type":"WebPage","@id":"https:\/\/xactskateshop.com\/fr\/produit\/bont-ballistic-roues-de-derby-8\/","url":"https:\/\/xactskateshop.com\/fr\/produit\/bont-ballistic-roues-de-derby-8\/","name":"ballistic roller derby wheels %sep%%Xact Skate Shop%%%site","isPartOf":{"@id":"http:\/\/xactskateshop.com\/fr\/#website"},"primaryImageOfPage":{"@id":"https:\/\/xactskateshop.com\/fr\/produit\/bont-ballistic-roues-de-derby-8\/#primaryimage"},"image":{"@id":"https:\/\/xactskateshop.com\/fr\/produit\/bont-ballistic-roues-de-derby-8\/#primaryimage"},"thumbnailUrl":"https:\/\/xactskateshop.com\/wp-content\/uploads\/2021\/02\/Ballistic.jpg","datePublished":"2021-02-25T21:08:55+00:00","description":"Roues de roller derby Ballistic. La roue de roller derby Ballistic de Bont est une roue de milieu de gamme qui a de bonnes propri\u00e9t\u00e9s d'adh\u00e9rence, de roulement et d'usure.","breadcrumb":{"@id":"https:\/\/xactskateshop.com\/fr\/produit\/bont-ballistic-roues-de-derby-8\/#breadcrumb"},"inLanguage":"fr-FR","potentialAction":[{"@type":"ReadAction","target":["https:\/\/xactskateshop.com\/fr\/produit\/bont-ballistic-roues-de-derby-8\/"]}]},{"@type":"ImageObject","inLanguage":"fr-FR","@id":"https:\/\/xactskateshop.com\/fr\/produit\/bont-ballistic-roues-de-derby-8\/#primaryimage","url":"https:\/\/xactskateshop.com\/wp-content\/uploads\/2021\/02\/Ballistic.jpg","contentUrl":"https:\/\/xactskateshop.com\/wp-content\/uploads\/2021\/02\/Ballistic.jpg","width":1000,"height":1000,"caption":"roues de roller derby balistiques"},{"@type":"BreadcrumbList","@id":"https:\/\/xactskateshop.com\/fr\/produit\/bont-ballistic-roues-de-derby-8\/#breadcrumb","itemListElement":[{"@type":"ListItem","position":1,"name":"Home","item":"https:\/\/xactskateshop.com\/fr\/accueil\/"},{"@type":"ListItem","position":2,"name":"Boutique","item":"https:\/\/xactskateshop.com\/shop\/"},{"@type":"ListItem","position":3,"name":"BONT BALLISTIC Roues de Derby (8)"}]},{"@type":"WebSite","@id":"http:\/\/xactskateshop.com\/fr\/#website","url":"http:\/\/xactskateshop.com\/fr\/","name":"Xact Skate Shop","description":"Un site utilisant WordPress","publisher":{"@id":"http:\/\/xactskateshop.com\/fr\/#organization"},"potentialAction":[{"@type":"SearchAction","target":{"@type":"EntryPoint","urlTemplate":"http:\/\/xactskateshop.com\/fr\/?s={search_term_string}"},"query-input":{"@type":"PropertyValueSpecification","valueRequired":true,"valueName":"search_term_string"}}],"inLanguage":"fr-FR"},{"@type":"Organization","@id":"http:\/\/xactskateshop.com\/fr\/#organization","name":"XACT Skate Shop","url":"http:\/\/xactskateshop.com\/fr\/","logo":{"@type":"ImageObject","inLanguage":"fr-FR","@id":"http:\/\/xactskateshop.com\/fr\/#\/schema\/logo\/image\/","url":"http:\/\/xactskateshop.com\/wp-content\/uploads\/2024\/04\/xactskateshop-dot-com-avec-contour-noir-sans-fond-675x.jpg","contentUrl":"http:\/\/xactskateshop.com\/wp-content\/uploads\/2024\/04\/xactskateshop-dot-com-avec-contour-noir-sans-fond-675x.jpg","width":675,"height":247,"caption":"XACT Skate Shop"},"image":{"@id":"http:\/\/xactskateshop.com\/fr\/#\/schema\/logo\/image\/"},"sameAs":["https:\/\/www.facebook.com\/JeanLouiskateshop"]}]}},"_links":{"self":[{"href":"https:\/\/xactskateshop.com\/fr\/wp-json\/wp\/v2\/product\/64022","targetHints":{"allow":["GET"]}}],"collection":[{"href":"https:\/\/xactskateshop.com\/fr\/wp-json\/wp\/v2\/product"}],"about":[{"href":"https:\/\/xactskateshop.com\/fr\/wp-json\/wp\/v2\/types\/product"}],"replies":[{"embeddable":true,"href":"https:\/\/xactskateshop.com\/fr\/wp-json\/wp\/v2\/comments?post=64022"}],"wp:featuredmedia":[{"embeddable":true,"href":"https:\/\/xactskateshop.com\/fr\/wp-json\/wp\/v2\/media\/28562"}],"wp:attachment":[{"href":"https:\/\/xactskateshop.com\/fr\/wp-json\/wp\/v2\/media?parent=64022"}],"wp:term":[{"taxonomy":"product_brand","embeddable":true,"href":"https:\/\/xactskateshop.com\/fr\/wp-json\/wp\/v2\/product_brand?post=64022"},{"taxonomy":"product_cat","embeddable":true,"href":"https:\/\/xactskateshop.com\/fr\/wp-json\/wp\/v2\/product_cat?post=64022"},{"taxonomy":"product_tag","embeddable":true,"href":"https:\/\/xactskateshop.com\/fr\/wp-json\/wp\/v2\/product_tag?post=64022"}],"curies":[{"name":"wp","href":"https:\/\/api.w.org\/{rel}","templated":true}]}}