{"id":64016,"date":"2021-02-25T16:03:48","date_gmt":"2021-02-25T21:03:48","guid":{"rendered":"http:\/\/xactskateshop.com\/product\/bont-bpm-roues-dexterieur-4\/"},"modified":"2021-02-25T16:03:48","modified_gmt":"2021-02-25T21:03:48","slug":"bont-bpm-roues-dexterieur-4","status":"publish","type":"product","link":"https:\/\/xactskateshop.com\/fr\/produit\/bont-bpm-roues-dexterieur-4\/","title":{"rendered":"BONT BPM Roues d&#8217;ext\u00e9rieur (4)"},"content":{"rendered":"<p>Roues BPM pour l&#8217;ext\u00e9rieur<\/p>\n<p>Vous cherchez \u00e0 acheter la meilleure roue de patin \u00e0 roulettes d&#8217;ext\u00e9rieur sur le march\u00e9, alors le Bont BPM (Beats per Minute) est votre nouveau meilleur ami ! C&#8217;est la roue parfaite pour ceux qui cherchent \u00e0 patiner en ext\u00e9rieur ou sur des surfaces glissantes. <\/p>\n<p>La roue offre une flexibilit\u00e9 \u00e9tonnante pour une conduite plus douce ainsi qu&#8217;une tr\u00e8s grande r\u00e9sistance \u00e0 l&#8217;usure. L&#8217;ur\u00e9thane a un durom\u00e8tre de 78a qui r\u00e9duit les vibrations sur les surfaces rugueuses telles que l&#8217;asphalte, les trottoirs et les promenades. <\/p>\n<p>Le diam\u00e8tre de 62 mm permet de rouler plus vite avec plus d&#8217;efficacit\u00e9 et de conserver une vitesse constante, en particulier sur les surfaces rugueuses. La largeur de 35 mm vous permet de conserver votre maniabilit\u00e9 lorsque vous patinez avec cette taille de roue de patin \u00e0 roulettes plus souple et plus grande. Le produit est fabriqu\u00e9 aux Etats-Unis et vendu par paquet de 4.  <\/p>\n<p>Le Bont BPM est la roue de patin \u00e0 roulettes d&#8217;ext\u00e9rieur id\u00e9ale pour tout le monde, que vous soyez un patineur de roller derby cherchant \u00e0 s&#8217;entra\u00eener sur route ou un patineur occasionnel cherchant \u00e0 faire de l&#8217;exercice r\u00e9cr\u00e9atif en plein air pour faire monter votre rythme cardiaque ! Investissez dans un jeu de roues de patins \u00e0 roulettes d&#8217;ext\u00e9rieur Bont BPM et vivez une nouvelle aventure sur patins d\u00e8s aujourd&#8217;hui. <\/p>\n<p>Les caract\u00e9ristiques comprennent<\/p>\n<ul>\n<li>Couleur : bleu gamma<\/li>\n<li>Taille : 62 mm x 35 mm<\/li>\n<li>Duret\u00e9 : 78a<\/li>\n<li>Surfaces : Asphalte, trottoir, trottoir de bois<\/li>\n<li>Fabriqu\u00e9 en : USA<\/li>\n<\/ul>\n<p>Vendu en 4 paquets<\/p>\n","protected":false},"excerpt":{"rendered":"<p>Roues BPM pour l&#8217;ext\u00e9rieur<\/p>\n<p>Vous cherchez \u00e0 acheter la meilleure roue de patin \u00e0 roulettes d&#8217;ext\u00e9rieur sur le march\u00e9, alors le Bont BPM (Beats per Minute) est votre nouveau meilleur ami ! C&#8217;est la roue parfaite pour ceux qui cherchent \u00e0 patiner en ext\u00e9rieur ou sur des surfaces glissantes. <\/p>\n<p>La roue offre une flexibilit\u00e9 \u00e9tonnante pour une conduite plus douce ainsi qu&#8217;une tr\u00e8s grande r\u00e9sistance \u00e0 l&#8217;usure. L&#8217;ur\u00e9thane a un durom\u00e8tre de 78a qui r\u00e9duit les vibrations sur les surfaces rugueuses telles que l&#8217;asphalte, les trottoirs et les promenades. <\/p>\n","protected":false},"featured_media":28565,"comment_status":"closed","ping_status":"closed","template":"","meta":{"site-sidebar-layout":"default","site-content-layout":"default","ast-site-content-layout":"default","site-content-style":"default","site-sidebar-style":"default","ast-global-header-display":"","ast-banner-title-visibility":"","ast-main-header-display":"","ast-hfb-above-header-display":"","ast-hfb-below-header-display":"","ast-hfb-mobile-header-display":"","site-post-title":"","ast-breadcrumbs-content":"","ast-featured-img":"","footer-sml-layout":"","theme-transparent-header-meta":"default","adv-header-id-meta":"","stick-header-meta":"","header-above-stick-meta":"","header-main-stick-meta":"","header-below-stick-meta":"","astra-migrate-meta-layouts":"default","ast-page-background-enabled":"default","ast-page-background-meta":{"desktop":{"background-color":"","background-image":"","background-repeat":"repeat","background-position":"center center","background-size":"auto","background-attachment":"scroll","background-type":"","background-media":"","overlay-type":"","overlay-color":"","overlay-opacity":"","overlay-gradient":""},"tablet":{"background-color":"","background-image":"","background-repeat":"repeat","background-position":"center center","background-size":"auto","background-attachment":"scroll","background-type":"","background-media":"","overlay-type":"","overlay-color":"","overlay-opacity":"","overlay-gradient":""},"mobile":{"background-color":"","background-image":"","background-repeat":"repeat","background-position":"center center","background-size":"auto","background-attachment":"scroll","background-type":"","background-media":"","overlay-type":"","overlay-color":"","overlay-opacity":"","overlay-gradient":""}},"ast-content-background-meta":{"desktop":{"background-color":"var(--ast-global-color-5)","background-image":"","background-repeat":"repeat","background-position":"center center","background-size":"auto","background-attachment":"scroll","background-type":"","background-media":"","overlay-type":"","overlay-color":"","overlay-opacity":"","overlay-gradient":""},"tablet":{"background-color":"var(--ast-global-color-5)","background-image":"","background-repeat":"repeat","background-position":"center center","background-size":"auto","background-attachment":"scroll","background-type":"","background-media":"","overlay-type":"","overlay-color":"","overlay-opacity":"","overlay-gradient":""},"mobile":{"background-color":"var(--ast-global-color-5)","background-image":"","background-repeat":"repeat","background-position":"center center","background-size":"auto","background-attachment":"scroll","background-type":"","background-media":"","overlay-type":"","overlay-color":"","overlay-opacity":"","overlay-gradient":""}}},"product_brand":[],"product_cat":[1652,1907],"product_tag":[],"class_list":{"0":"post-64016","1":"product","2":"type-product","3":"status-publish","4":"has-post-thumbnail","6":"product_cat-patins-a-roulettes","7":"product_cat-roues","8":"desktop-align-center","9":"tablet-align-center","10":"mobile-align-center","11":"ast-product-gallery-layout-horizontal","12":"ast-product-single-variable","13":"ast-product-tabs-layout-horizontal","14":"ast-qv-on-image","16":"first","17":"instock","18":"sale","19":"taxable","20":"shipping-taxable","21":"purchasable","22":"product-type-variable"},"bundled_by":[],"bundle_stock_status":"instock","bundle_stock_quantity":null,"bundle_virtual":false,"bundle_layout":"","bundle_add_to_cart_form_location":"","bundle_editable_in_cart":false,"bundle_sold_individually_context":"","bundle_item_grouping":"","bundle_min_size":"","bundle_max_size":"","bundle_price":[],"bundled_items":[],"bundle_sell_ids":[],"yoast_head":"<!-- This site is optimized with the Yoast SEO plugin v27.3 - https:\/\/yoast.com\/product\/yoast-seo-wordpress\/ -->\n<title>Roues d&#039;ext\u00e9rieur BPM - Xact Skate Shop.<\/title>\n<meta name=\"description\" content=\"Roues BPM pour l&#039;ext\u00e9rieur. C&#039;est la roue parfaite pour ceux qui cherchent \u00e0 patiner en ext\u00e9rieur ou sur des surfaces glissantes. Achetez la v\u00f4tre ici !\" \/>\n<meta name=\"robots\" content=\"index, follow, max-snippet:-1, max-image-preview:large, max-video-preview:-1\" \/>\n<link rel=\"canonical\" href=\"https:\/\/xactskateshop.com\/fr\/produit\/bont-bpm-roues-dexterieur-4\/\" \/>\n<meta property=\"og:locale\" content=\"fr_FR\" \/>\n<meta property=\"og:type\" content=\"article\" \/>\n<meta property=\"og:title\" content=\"Roues d&#039;ext\u00e9rieur BPM - Xact Skate Shop.\" \/>\n<meta property=\"og:description\" content=\"Roues BPM pour l&#039;ext\u00e9rieur. C&#039;est la roue parfaite pour ceux qui cherchent \u00e0 patiner en ext\u00e9rieur ou sur des surfaces glissantes. Achetez la v\u00f4tre ici !\" \/>\n<meta property=\"og:url\" content=\"https:\/\/xactskateshop.com\/fr\/produit\/bont-bpm-roues-dexterieur-4\/\" \/>\n<meta property=\"og:site_name\" content=\"Xact Skate Shop\" \/>\n<meta property=\"article:publisher\" content=\"https:\/\/www.facebook.com\/JeanLouiskateshop\" \/>\n<meta property=\"og:image\" content=\"https:\/\/xactskateshop.com\/wp-content\/uploads\/2021\/02\/BPM2.jpg\" \/>\n\t<meta property=\"og:image:width\" content=\"1000\" \/>\n\t<meta property=\"og:image:height\" content=\"1000\" \/>\n\t<meta property=\"og:image:type\" content=\"image\/jpeg\" \/>\n<meta name=\"twitter:card\" content=\"summary_large_image\" \/>\n<meta name=\"twitter:label1\" content=\"Dur\u00e9e de lecture estim\u00e9e\" \/>\n\t<meta name=\"twitter:data1\" content=\"1 minute\" \/>\n<script type=\"application\/ld+json\" class=\"yoast-schema-graph\">{\"@context\":\"https:\\\/\\\/schema.org\",\"@graph\":[{\"@type\":\"WebPage\",\"@id\":\"https:\\\/\\\/xactskateshop.com\\\/fr\\\/produit\\\/bont-bpm-roues-dexterieur-4\\\/\",\"url\":\"https:\\\/\\\/xactskateshop.com\\\/fr\\\/produit\\\/bont-bpm-roues-dexterieur-4\\\/\",\"name\":\"Roues d'ext\u00e9rieur BPM - Xact Skate Shop.\",\"isPartOf\":{\"@id\":\"http:\\\/\\\/xactskateshop.com\\\/fr\\\/#website\"},\"primaryImageOfPage\":{\"@id\":\"https:\\\/\\\/xactskateshop.com\\\/fr\\\/produit\\\/bont-bpm-roues-dexterieur-4\\\/#primaryimage\"},\"image\":{\"@id\":\"https:\\\/\\\/xactskateshop.com\\\/fr\\\/produit\\\/bont-bpm-roues-dexterieur-4\\\/#primaryimage\"},\"thumbnailUrl\":\"https:\\\/\\\/xactskateshop.com\\\/wp-content\\\/uploads\\\/2021\\\/02\\\/BPM2.jpg\",\"datePublished\":\"2021-02-25T21:03:48+00:00\",\"description\":\"Roues BPM pour l'ext\u00e9rieur. C'est la roue parfaite pour ceux qui cherchent \u00e0 patiner en ext\u00e9rieur ou sur des surfaces glissantes. Achetez la v\u00f4tre ici !\",\"breadcrumb\":{\"@id\":\"https:\\\/\\\/xactskateshop.com\\\/fr\\\/produit\\\/bont-bpm-roues-dexterieur-4\\\/#breadcrumb\"},\"inLanguage\":\"fr-FR\",\"potentialAction\":[{\"@type\":\"ReadAction\",\"target\":[\"https:\\\/\\\/xactskateshop.com\\\/fr\\\/produit\\\/bont-bpm-roues-dexterieur-4\\\/\"]}]},{\"@type\":\"ImageObject\",\"inLanguage\":\"fr-FR\",\"@id\":\"https:\\\/\\\/xactskateshop.com\\\/fr\\\/produit\\\/bont-bpm-roues-dexterieur-4\\\/#primaryimage\",\"url\":\"https:\\\/\\\/xactskateshop.com\\\/wp-content\\\/uploads\\\/2021\\\/02\\\/BPM2.jpg\",\"contentUrl\":\"https:\\\/\\\/xactskateshop.com\\\/wp-content\\\/uploads\\\/2021\\\/02\\\/BPM2.jpg\",\"width\":1000,\"height\":1000,\"caption\":\"Roues BPM pour l'ext\u00e9rieur\"},{\"@type\":\"BreadcrumbList\",\"@id\":\"https:\\\/\\\/xactskateshop.com\\\/fr\\\/produit\\\/bont-bpm-roues-dexterieur-4\\\/#breadcrumb\",\"itemListElement\":[{\"@type\":\"ListItem\",\"position\":1,\"name\":\"Home\",\"item\":\"https:\\\/\\\/xactskateshop.com\\\/fr\\\/accueil\\\/\"},{\"@type\":\"ListItem\",\"position\":2,\"name\":\"Boutique\",\"item\":\"https:\\\/\\\/xactskateshop.com\\\/shop\\\/\"},{\"@type\":\"ListItem\",\"position\":3,\"name\":\"BONT BPM Roues d&#8217;ext\u00e9rieur (4)\"}]},{\"@type\":\"WebSite\",\"@id\":\"http:\\\/\\\/xactskateshop.com\\\/fr\\\/#website\",\"url\":\"http:\\\/\\\/xactskateshop.com\\\/fr\\\/\",\"name\":\"Xact Skate Shop\",\"description\":\"Un site utilisant WordPress\",\"publisher\":{\"@id\":\"http:\\\/\\\/xactskateshop.com\\\/fr\\\/#organization\"},\"potentialAction\":[{\"@type\":\"SearchAction\",\"target\":{\"@type\":\"EntryPoint\",\"urlTemplate\":\"http:\\\/\\\/xactskateshop.com\\\/fr\\\/?s={search_term_string}\"},\"query-input\":{\"@type\":\"PropertyValueSpecification\",\"valueRequired\":true,\"valueName\":\"search_term_string\"}}],\"inLanguage\":\"fr-FR\"},{\"@type\":\"Organization\",\"@id\":\"http:\\\/\\\/xactskateshop.com\\\/fr\\\/#organization\",\"name\":\"XACT Skate Shop\",\"url\":\"http:\\\/\\\/xactskateshop.com\\\/fr\\\/\",\"logo\":{\"@type\":\"ImageObject\",\"inLanguage\":\"fr-FR\",\"@id\":\"http:\\\/\\\/xactskateshop.com\\\/fr\\\/#\\\/schema\\\/logo\\\/image\\\/\",\"url\":\"http:\\\/\\\/xactskateshop.com\\\/wp-content\\\/uploads\\\/2024\\\/04\\\/xactskateshop-dot-com-avec-contour-noir-sans-fond-675x.jpg\",\"contentUrl\":\"http:\\\/\\\/xactskateshop.com\\\/wp-content\\\/uploads\\\/2024\\\/04\\\/xactskateshop-dot-com-avec-contour-noir-sans-fond-675x.jpg\",\"width\":675,\"height\":247,\"caption\":\"XACT Skate Shop\"},\"image\":{\"@id\":\"http:\\\/\\\/xactskateshop.com\\\/fr\\\/#\\\/schema\\\/logo\\\/image\\\/\"},\"sameAs\":[\"https:\\\/\\\/www.facebook.com\\\/JeanLouiskateshop\"]}]}<\/script>\n<!-- \/ Yoast SEO plugin. -->","yoast_head_json":{"title":"Roues d'ext\u00e9rieur BPM - Xact Skate Shop.","description":"Roues BPM pour l'ext\u00e9rieur. C'est la roue parfaite pour ceux qui cherchent \u00e0 patiner en ext\u00e9rieur ou sur des surfaces glissantes. Achetez la v\u00f4tre ici !","robots":{"index":"index","follow":"follow","max-snippet":"max-snippet:-1","max-image-preview":"max-image-preview:large","max-video-preview":"max-video-preview:-1"},"canonical":"https:\/\/xactskateshop.com\/fr\/produit\/bont-bpm-roues-dexterieur-4\/","og_locale":"fr_FR","og_type":"article","og_title":"Roues d'ext\u00e9rieur BPM - Xact Skate Shop.","og_description":"Roues BPM pour l'ext\u00e9rieur. C'est la roue parfaite pour ceux qui cherchent \u00e0 patiner en ext\u00e9rieur ou sur des surfaces glissantes. Achetez la v\u00f4tre ici !","og_url":"https:\/\/xactskateshop.com\/fr\/produit\/bont-bpm-roues-dexterieur-4\/","og_site_name":"Xact Skate Shop","article_publisher":"https:\/\/www.facebook.com\/JeanLouiskateshop","og_image":[{"width":1000,"height":1000,"url":"https:\/\/xactskateshop.com\/wp-content\/uploads\/2021\/02\/BPM2.jpg","type":"image\/jpeg"}],"twitter_card":"summary_large_image","twitter_misc":{"Dur\u00e9e de lecture estim\u00e9e":"1 minute"},"schema":{"@context":"https:\/\/schema.org","@graph":[{"@type":"WebPage","@id":"https:\/\/xactskateshop.com\/fr\/produit\/bont-bpm-roues-dexterieur-4\/","url":"https:\/\/xactskateshop.com\/fr\/produit\/bont-bpm-roues-dexterieur-4\/","name":"Roues d'ext\u00e9rieur BPM - Xact Skate Shop.","isPartOf":{"@id":"http:\/\/xactskateshop.com\/fr\/#website"},"primaryImageOfPage":{"@id":"https:\/\/xactskateshop.com\/fr\/produit\/bont-bpm-roues-dexterieur-4\/#primaryimage"},"image":{"@id":"https:\/\/xactskateshop.com\/fr\/produit\/bont-bpm-roues-dexterieur-4\/#primaryimage"},"thumbnailUrl":"https:\/\/xactskateshop.com\/wp-content\/uploads\/2021\/02\/BPM2.jpg","datePublished":"2021-02-25T21:03:48+00:00","description":"Roues BPM pour l'ext\u00e9rieur. C'est la roue parfaite pour ceux qui cherchent \u00e0 patiner en ext\u00e9rieur ou sur des surfaces glissantes. Achetez la v\u00f4tre ici !","breadcrumb":{"@id":"https:\/\/xactskateshop.com\/fr\/produit\/bont-bpm-roues-dexterieur-4\/#breadcrumb"},"inLanguage":"fr-FR","potentialAction":[{"@type":"ReadAction","target":["https:\/\/xactskateshop.com\/fr\/produit\/bont-bpm-roues-dexterieur-4\/"]}]},{"@type":"ImageObject","inLanguage":"fr-FR","@id":"https:\/\/xactskateshop.com\/fr\/produit\/bont-bpm-roues-dexterieur-4\/#primaryimage","url":"https:\/\/xactskateshop.com\/wp-content\/uploads\/2021\/02\/BPM2.jpg","contentUrl":"https:\/\/xactskateshop.com\/wp-content\/uploads\/2021\/02\/BPM2.jpg","width":1000,"height":1000,"caption":"Roues BPM pour l'ext\u00e9rieur"},{"@type":"BreadcrumbList","@id":"https:\/\/xactskateshop.com\/fr\/produit\/bont-bpm-roues-dexterieur-4\/#breadcrumb","itemListElement":[{"@type":"ListItem","position":1,"name":"Home","item":"https:\/\/xactskateshop.com\/fr\/accueil\/"},{"@type":"ListItem","position":2,"name":"Boutique","item":"https:\/\/xactskateshop.com\/shop\/"},{"@type":"ListItem","position":3,"name":"BONT BPM Roues d&#8217;ext\u00e9rieur (4)"}]},{"@type":"WebSite","@id":"http:\/\/xactskateshop.com\/fr\/#website","url":"http:\/\/xactskateshop.com\/fr\/","name":"Xact Skate Shop","description":"Un site utilisant WordPress","publisher":{"@id":"http:\/\/xactskateshop.com\/fr\/#organization"},"potentialAction":[{"@type":"SearchAction","target":{"@type":"EntryPoint","urlTemplate":"http:\/\/xactskateshop.com\/fr\/?s={search_term_string}"},"query-input":{"@type":"PropertyValueSpecification","valueRequired":true,"valueName":"search_term_string"}}],"inLanguage":"fr-FR"},{"@type":"Organization","@id":"http:\/\/xactskateshop.com\/fr\/#organization","name":"XACT Skate Shop","url":"http:\/\/xactskateshop.com\/fr\/","logo":{"@type":"ImageObject","inLanguage":"fr-FR","@id":"http:\/\/xactskateshop.com\/fr\/#\/schema\/logo\/image\/","url":"http:\/\/xactskateshop.com\/wp-content\/uploads\/2024\/04\/xactskateshop-dot-com-avec-contour-noir-sans-fond-675x.jpg","contentUrl":"http:\/\/xactskateshop.com\/wp-content\/uploads\/2024\/04\/xactskateshop-dot-com-avec-contour-noir-sans-fond-675x.jpg","width":675,"height":247,"caption":"XACT Skate Shop"},"image":{"@id":"http:\/\/xactskateshop.com\/fr\/#\/schema\/logo\/image\/"},"sameAs":["https:\/\/www.facebook.com\/JeanLouiskateshop"]}]}},"_links":{"self":[{"href":"https:\/\/xactskateshop.com\/fr\/wp-json\/wp\/v2\/product\/64016","targetHints":{"allow":["GET"]}}],"collection":[{"href":"https:\/\/xactskateshop.com\/fr\/wp-json\/wp\/v2\/product"}],"about":[{"href":"https:\/\/xactskateshop.com\/fr\/wp-json\/wp\/v2\/types\/product"}],"replies":[{"embeddable":true,"href":"https:\/\/xactskateshop.com\/fr\/wp-json\/wp\/v2\/comments?post=64016"}],"wp:featuredmedia":[{"embeddable":true,"href":"https:\/\/xactskateshop.com\/fr\/wp-json\/wp\/v2\/media\/28565"}],"wp:attachment":[{"href":"https:\/\/xactskateshop.com\/fr\/wp-json\/wp\/v2\/media?parent=64016"}],"wp:term":[{"taxonomy":"product_brand","embeddable":true,"href":"https:\/\/xactskateshop.com\/fr\/wp-json\/wp\/v2\/product_brand?post=64016"},{"taxonomy":"product_cat","embeddable":true,"href":"https:\/\/xactskateshop.com\/fr\/wp-json\/wp\/v2\/product_cat?post=64016"},{"taxonomy":"product_tag","embeddable":true,"href":"https:\/\/xactskateshop.com\/fr\/wp-json\/wp\/v2\/product_tag?post=64016"}],"curies":[{"name":"wp","href":"https:\/\/api.w.org\/{rel}","templated":true}]}}